{"id":7771,"date":"2018-08-24T01:24:09","date_gmt":"2018-08-24T01:24:09","guid":{"rendered":"http:\/\/192.168.1.209\/greenfarm\/?page_id=13"},"modified":"2023-08-28T08:01:44","modified_gmt":"2023-08-28T08:01:44","slug":"over-ons","status":"publish","type":"page","link":"https:\/\/rckopen.com\/cs\/o-nas\/","title":{"rendered":"O n\u00e1s"},"content":{"rendered":"<section class=\"wpb-content-wrapper\"><div class=\"vc_row wpb_row vc_row-fluid about-introduce\"><div class=\"wpb_column vc_column_container vc_col-sm-12\"><div class=\"vc_column-inner\"><div class=\"wpb_wrapper\">\n\t<div  class=\"wpb_single_image wpb_content_element vc_align_center\">\n\t\t\n\t\t<figure class=\"wpb_wrapper vc_figure\">\n\t\t\t<div class=\"vc_single_image-wrapper   vc_box_border_grey\"><\/div>\n\t\t<\/figure>\n\t<\/div>\n\n\t<div class=\"wpb_text_column wpb_content_element\" >\n\t\t<div class=\"wpb_wrapper\">\n\t\t\t<h3 style=\"text-align: justify;\">RC Kopen je spole\u010dnost registrovan\u00e1 v Evrop\u011b od roku 2020.<\/h3>\n<p style=\"text-align: justify;\">RCKopen je jednou z m\u00e1la online spole\u010dnost\u00ed dod\u00e1vaj\u00edc\u00edch vysoce \u010dist\u00e9 v\u00fdzkumn\u00e9 chemik\u00e1lie pro individu\u00e1ln\u00ed a\/nebo firemn\u00ed laboratorn\u00ed v\u00fdzkum a anal\u00fdzy. Na\u0161im z\u00e1kazn\u00edk\u016fm nab\u00edz\u00edme nej\u017e\u00e1dan\u011bj\u0161\u00ed i nejvz\u00e1cn\u011bj\u0161\u00ed v\u00fdzkumn\u00e9 chemik\u00e1lie s \u010distotou nejm\u00e9n\u011b 98%. Ka\u017ed\u00e1 nov\u00e1 \u0161ar\u017ee produkt\u016f proch\u00e1z\u00ed laboratorn\u00edmi testy a p\u0159ich\u00e1z\u00ed k n\u00e1m dopln\u011bn\u00e1 o osv\u011bd\u010den\u00ed o anal\u00fdze. T\u00edmto zp\u016fsobem m\u00e1me v\u017edy jistotu, \u017ee na\u0161im z\u00e1kazn\u00edk\u016fm poskytujeme v\u00fdjime\u010dn\u011b \u010dist\u00e9 chemik\u00e1lie.<\/p>\n<p style=\"text-align: justify;\">D\u00edky na\u0161emu \u00fasil\u00ed dod\u00e1v\u00e1me chemik\u00e1lie nejvy\u0161\u0161\u00ed kvality a \u010distoty za nejkonkurenceschopn\u011bj\u0161\u00ed cenu. St\u00e1l\u00e1 kvalita, bohat\u00e9 zku\u0161enosti s v\u00fdvozem, n\u00edzk\u00e9 riziko, rychl\u00fd servis a kr\u00e1tk\u00e1 dodac\u00ed lh\u016fta - v\u0161echny tyto v\u00fdhody n\u00e1m z\u00edsk\u00e1vaj\u00ed st\u00e1le v\u00edce z\u00e1kazn\u00edk\u016f a vysok\u00fd pod\u00edl na trhu.<\/p>\n<p style=\"text-align: justify;\">Nejsme typick\u00e1 spole\u010dnost zab\u00fdvaj\u00edc\u00ed se n\u00e1kupem a prodejem. Na\u0161e ceny jsou p\u0159ijateln\u00e9 a odpov\u00eddaj\u00ed pr\u016fm\u011brn\u00fdm cen\u00e1m na trhu s v\u00fdzkumn\u00fdmi chemik\u00e1liemi. Proto\u017ee n\u00e1m z\u00e1le\u017e\u00ed na pohodl\u00ed a spokojenosti z\u00e1kazn\u00edk\u016f, sna\u017e\u00edme se v\u017edy splnit a p\u0159ekonat jejich o\u010dek\u00e1v\u00e1n\u00ed a nab\u00edz\u00edme \u0161irokou \u0161k\u00e1lu platebn\u00edch a p\u0159epravn\u00edch mo\u017enost\u00ed. Jsme t\u00e9m\u011b\u0159, ne-li jedin\u00fdm dodavatelem, kter\u00fd zaji\u0161\u0165uje zas\u00edl\u00e1n\u00ed bal\u00ed\u010dk\u016f po cel\u00e9m sv\u011bt\u011b.<\/p>\n<p style=\"text-align: justify;\">Pokud nastanou neo\u010dek\u00e1van\u00e9 okolnosti, n\u00e1\u0161 t\u00fdm z\u00e1kaznick\u00e9ho servisu v\u00e1m v\u017edy poskytne podporu a najde nejvhodn\u011bj\u0161\u00ed \u0159e\u0161en\u00ed pro ka\u017edou situaci. Naslouch\u00e1me na\u0161im z\u00e1kazn\u00edk\u016fm a bereme v \u00favahu ka\u017edou zp\u011btnou vazbu a recenzi. I to n\u00e1m pom\u00e1h\u00e1 rozv\u00edjet trh, p\u0159in\u00e1\u0161et nov\u00e9 produkty a nab\u00edzet na\u0161im z\u00e1kazn\u00edk\u016fm st\u00e1le v\u00edce novinek.<\/p>\n<p style=\"text-align: justify;\">Poda\u0159ilo se n\u00e1m vybudovat dlouhodob\u00e9 vztahy s mnoha maloobchodn\u00edmi i velkoobchodn\u00edmi z\u00e1kazn\u00edky, jejich\u017e po\u010det neust\u00e1le roste. V\u011bt\u0161ina lid\u00ed se na na\u0161e webov\u00e9 str\u00e1nky pravideln\u011b vrac\u00ed, proto\u017ee v\u011bd\u00ed, \u017ee zde maj\u00ed k dispozici \u0161irok\u00fd sortiment kvalitn\u00edch v\u00fdrobk\u016f, flexibiln\u00ed mo\u017enosti platby, rychl\u00e9 a poji\u0161t\u011bn\u00e9 dod\u00e1n\u00ed, bezpe\u010dn\u00fd a pohodln\u00fd proces objedn\u00e1v\u00e1n\u00ed, rychl\u00fd a efektivn\u00ed z\u00e1kaznick\u00fd servis. V\u00edme v\u0161ak, \u017ee v\u017edy je co zdokonalovat!<\/p>\n\n\t\t<\/div>\n\t<\/div>\n<div class=\"vc_empty_space\"   style=\"height: 32px\"><span class=\"vc_empty_space_inner\"><\/span><\/div><\/div><\/div><\/div><\/div><div class=\"vc_row wpb_row vc_row-fluid about-what-we-do\"><div class=\"wpb_column vc_column_container vc_col-sm-4\"><div class=\"vc_column-inner\"><div class=\"wpb_wrapper\">\n\t<div  class=\"wpb_single_image wpb_content_element vc_align_center\">\n\t\t\n\t\t<figure class=\"wpb_wrapper vc_figure\">\n\t\t\t<div class=\"vc_single_image-wrapper   vc_box_border_grey\"><\/div>\n\t\t<\/figure>\n\t<\/div>\n\n\t<div class=\"wpb_text_column wpb_content_element\" >\n\t\t<div class=\"wpb_wrapper\">\n\t\t\t<h4>Co m\u00e1me d\u011blat?<\/h4>\n<p>Jako d\u016fv\u011bryhodn\u00fd dodavatel v\u00fdzkumn\u00fdch chemik\u00e1li\u00ed nab\u00edz\u00edme rozs\u00e1hl\u00fd sortiment vysoce kvalitn\u00edch slou\u010denin pro v\u011bdeck\u00fd v\u00fdzkum. Na\u0161e v\u00fdrobky proch\u00e1zej\u00ed p\u0159\u00edsn\u00fdm testov\u00e1n\u00edm, kter\u00e9 zaji\u0161\u0165uje jejich \u010distotu a pravost, a podporuj\u00ed \u0161pi\u010dkov\u00fd v\u00fdzkum v r\u016fzn\u00fdch oblastech. Se z\u00e1vazkem k integrit\u011b a inovac\u00edm slou\u017e\u00edme jako d\u016fv\u011bryhodn\u00fd partner p\u0159i rozvoji v\u011bdeck\u00fdch objev\u016f.<\/p>\n\n\t\t<\/div>\n\t<\/div>\n<\/div><\/div><\/div><div class=\"wpb_column vc_column_container vc_col-sm-4\"><div class=\"vc_column-inner\"><div class=\"wpb_wrapper\">\n\t<div  class=\"wpb_single_image wpb_content_element vc_align_center\">\n\t\t\n\t\t<figure class=\"wpb_wrapper vc_figure\">\n\t\t\t<div class=\"vc_single_image-wrapper   vc_box_border_grey\"><\/div>\n\t\t<\/figure>\n\t<\/div>\n\n\t<div class=\"wpb_text_column wpb_content_element\" >\n\t\t<div class=\"wpb_wrapper\">\n\t\t\t<h4>Na\u0161e posl\u00e1n\u00ed<\/h4>\n<p>Na\u0161\u00edm posl\u00e1n\u00edm jako dodavatele chemik\u00e1li\u00ed pro v\u00fdzkum je usnad\u0148ovat v\u011bdeck\u00fd pokrok poskytov\u00e1n\u00edm vysoce kvalitn\u00edch slou\u010denin v\u00fdzkumn\u00fdm pracovn\u00edk\u016fm na cel\u00e9m sv\u011bt\u011b. Sna\u017e\u00edme se umo\u017enit inovace t\u00edm, \u017ee zaji\u0161\u0165ujeme pravost, \u010distotu a spolehlivost na\u0161ich v\u00fdrobk\u016f, a umo\u017e\u0148ujeme tak v\u011bdc\u016fm dos\u00e1hnout pr\u016flomov\u00fdch objev\u016f v r\u016fzn\u00fdch oblastech. Zav\u00e1z\u00e1ni k etick\u00fdm postup\u016fm a dokonalosti se sna\u017e\u00edme b\u00fdt katalyz\u00e1torem transforma\u010dn\u00edch objev\u016f.<\/p>\n\n\t\t<\/div>\n\t<\/div>\n<\/div><\/div><\/div><div class=\"wpb_column vc_column_container vc_col-sm-4\"><div class=\"vc_column-inner\"><div class=\"wpb_wrapper\">\n\t<div  class=\"wpb_single_image wpb_content_element vc_align_center\">\n\t\t\n\t\t<figure class=\"wpb_wrapper vc_figure\">\n\t\t\t<div class=\"vc_single_image-wrapper   vc_box_border_grey\"><\/div>\n\t\t<\/figure>\n\t<\/div>\n\n\t<div class=\"wpb_text_column wpb_content_element\" >\n\t\t<div class=\"wpb_wrapper\">\n\t\t\t<h4>Historie n\u00e1s<\/h4>\n<p>Za v\u00edce ne\u017e desetilet\u00e9 p\u016fsoben\u00ed jsme se stali p\u0159edn\u00edm dodavatelem v\u00fdzkumn\u00fdch chemik\u00e1li\u00ed a trvale poskytujeme nejmodern\u011bj\u0161\u00ed slou\u010deniny pro v\u011bdeck\u00fd v\u00fdzkum. Na\u0161e cesta se vyzna\u010duje neochv\u011bjn\u00fdm z\u00e1vazkem ke kvalit\u011b, dodr\u017eov\u00e1n\u00ed p\u0159edpis\u016f a inovac\u00edm, co\u017e vede k trval\u00e9mu partnerstv\u00ed s v\u00fdzkumn\u00fdmi pracovn\u00edky po cel\u00e9m sv\u011bt\u011b. Na\u0161e historie, od skromn\u00fdch za\u010d\u00e1tk\u016f a\u017e po z\u00edsk\u00e1n\u00ed d\u016fv\u011bryhodn\u00e9ho jm\u00e9na v oboru, sv\u011bd\u010d\u00ed o na\u0161em odhodl\u00e1n\u00ed rozv\u00edjet v\u00fdzkum a znalosti.<\/p>\n\n\t\t<\/div>\n\t<\/div>\n<\/div><\/div><\/div><\/div>\n<\/section>","protected":false},"excerpt":{"rendered":"RC Kopen is een bedrijf geregistreerd in Europa sinds 2020. RCKopen is een van de weinige online bedrijven die zeer zuivere onderzoekschemicali\u00ebn leveren voor individueel en\/of bedrijfslaboratoriumonderzoek en -analyse. Wij bieden onze klanten zowel de meest gevraagde als zeldzame onderzoekschemicali\u00ebn met een zuiverheid van minstens 98%. Elke nieuwe batch producten","protected":false},"author":1,"featured_media":0,"parent":0,"menu_order":0,"comment_status":"closed","ping_status":"closed","template":"page-templates\/about-page.php","meta":{"_joinchat":[],"footnotes":""},"class_list":["post-7771","page","type-page","status-publish","hentry"],"yoast_head":"<!-- This site is optimized with the Yoast SEO plugin v26.3 - https:\/\/yoast.com\/wordpress\/plugins\/seo\/ -->\n<title>Over ons - RC Kopen<\/title>\n<meta name=\"robots\" content=\"index, follow, max-snippet:-1, max-image-preview:large, max-video-preview:-1\" \/>\n<link rel=\"canonical\" href=\"https:\/\/rckopen.com\/cs\/o-nas\/\" \/>\n<meta property=\"og:locale\" content=\"cs_CZ\" \/>\n<meta property=\"og:type\" content=\"article\" \/>\n<meta property=\"og:title\" content=\"Over ons - RC Kopen\" \/>\n<meta property=\"og:url\" content=\"https:\/\/rckopen.com\/cs\/o-nas\/\" \/>\n<meta property=\"og:site_name\" content=\"RC Kopen\" \/>\n<meta property=\"article:modified_time\" content=\"2023-08-28T08:01:44+00:00\" \/>\n<meta name=\"twitter:card\" content=\"summary_large_image\" \/>\n<meta name=\"twitter:label1\" content=\"Odhadovan\u00e1 doba \u010dten\u00ed\" \/>\n\t<meta name=\"twitter:data1\" content=\"3 minuty\" \/>\n<script type=\"application\/ld+json\" class=\"yoast-schema-graph\">{\"@context\":\"https:\/\/schema.org\",\"@graph\":[{\"@type\":\"WebPage\",\"@id\":\"https:\/\/rckopen.com\/over-ons\/\",\"url\":\"https:\/\/rckopen.com\/over-ons\/\",\"name\":\"Over ons - RC Kopen\",\"isPartOf\":{\"@id\":\"https:\/\/rckopen.com\/#website\"},\"datePublished\":\"2018-08-24T01:24:09+00:00\",\"dateModified\":\"2023-08-28T08:01:44+00:00\",\"breadcrumb\":{\"@id\":\"https:\/\/rckopen.com\/over-ons\/#breadcrumb\"},\"inLanguage\":\"cs\",\"potentialAction\":[{\"@type\":\"ReadAction\",\"target\":[\"https:\/\/rckopen.com\/over-ons\/\"]}]},{\"@type\":\"BreadcrumbList\",\"@id\":\"https:\/\/rckopen.com\/over-ons\/#breadcrumb\",\"itemListElement\":[{\"@type\":\"ListItem\",\"position\":1,\"name\":\"Home\",\"item\":\"https:\/\/rckopen.com\/\"},{\"@type\":\"ListItem\",\"position\":2,\"name\":\"Over ons\"}]},{\"@type\":\"WebSite\",\"@id\":\"https:\/\/rckopen.com\/#website\",\"url\":\"https:\/\/rckopen.com\/\",\"name\":\"RC Kopen\",\"description\":\"Research Chemicals\",\"potentialAction\":[{\"@type\":\"SearchAction\",\"target\":{\"@type\":\"EntryPoint\",\"urlTemplate\":\"https:\/\/rckopen.com\/?s={search_term_string}\"},\"query-input\":{\"@type\":\"PropertyValueSpecification\",\"valueRequired\":true,\"valueName\":\"search_term_string\"}}],\"inLanguage\":\"cs\"}]}<\/script>\n<!-- \/ Yoast SEO plugin. -->","yoast_head_json":{"title":"Over ons - RC Kopen","robots":{"index":"index","follow":"follow","max-snippet":"max-snippet:-1","max-image-preview":"max-image-preview:large","max-video-preview":"max-video-preview:-1"},"canonical":"https:\/\/rckopen.com\/cs\/o-nas\/","og_locale":"cs_CZ","og_type":"article","og_title":"Over ons - RC Kopen","og_url":"https:\/\/rckopen.com\/cs\/o-nas\/","og_site_name":"RC Kopen","article_modified_time":"2023-08-28T08:01:44+00:00","twitter_card":"summary_large_image","twitter_misc":{"Odhadovan\u00e1 doba \u010dten\u00ed":"3 minuty"},"schema":{"@context":"https:\/\/schema.org","@graph":[{"@type":"WebPage","@id":"https:\/\/rckopen.com\/over-ons\/","url":"https:\/\/rckopen.com\/over-ons\/","name":"Over ons - RC Kopen","isPartOf":{"@id":"https:\/\/rckopen.com\/#website"},"datePublished":"2018-08-24T01:24:09+00:00","dateModified":"2023-08-28T08:01:44+00:00","breadcrumb":{"@id":"https:\/\/rckopen.com\/over-ons\/#breadcrumb"},"inLanguage":"cs","potentialAction":[{"@type":"ReadAction","target":["https:\/\/rckopen.com\/over-ons\/"]}]},{"@type":"BreadcrumbList","@id":"https:\/\/rckopen.com\/over-ons\/#breadcrumb","itemListElement":[{"@type":"ListItem","position":1,"name":"Home","item":"https:\/\/rckopen.com\/"},{"@type":"ListItem","position":2,"name":"Over ons"}]},{"@type":"WebSite","@id":"https:\/\/rckopen.com\/#website","url":"https:\/\/rckopen.com\/","name":"RC Kopen","description":"Research Chemicals","potentialAction":[{"@type":"SearchAction","target":{"@type":"EntryPoint","urlTemplate":"https:\/\/rckopen.com\/?s={search_term_string}"},"query-input":{"@type":"PropertyValueSpecification","valueRequired":true,"valueName":"search_term_string"}}],"inLanguage":"cs"}]}},"_links":{"self":[{"href":"https:\/\/rckopen.com\/cs\/wp-json\/wp\/v2\/pages\/7771","targetHints":{"allow":["GET"]}}],"collection":[{"href":"https:\/\/rckopen.com\/cs\/wp-json\/wp\/v2\/pages"}],"about":[{"href":"https:\/\/rckopen.com\/cs\/wp-json\/wp\/v2\/types\/page"}],"author":[{"embeddable":true,"href":"https:\/\/rckopen.com\/cs\/wp-json\/wp\/v2\/users\/1"}],"replies":[{"embeddable":true,"href":"https:\/\/rckopen.com\/cs\/wp-json\/wp\/v2\/comments?post=7771"}],"version-history":[{"count":5,"href":"https:\/\/rckopen.com\/cs\/wp-json\/wp\/v2\/pages\/7771\/revisions"}],"predecessor-version":[{"id":7947,"href":"https:\/\/rckopen.com\/cs\/wp-json\/wp\/v2\/pages\/7771\/revisions\/7947"}],"wp:attachment":[{"href":"https:\/\/rckopen.com\/cs\/wp-json\/wp\/v2\/media?parent=7771"}],"curies":[{"name":"wp","href":"https:\/\/api.w.org\/{rel}","templated":true}]}}