{"id":6228,"date":"2023-08-14T06:52:51","date_gmt":"2023-08-14T06:52:51","guid":{"rendered":"https:\/\/diligentplug.com\/chems\/?post_type=product&#038;p=6228"},"modified":"2025-01-31T08:50:37","modified_gmt":"2025-01-31T08:50:37","slug":"4f-mar","status":"publish","type":"product","link":"https:\/\/rckopen.com\/cs\/produkt\/4f-mar\/","title":{"rendered":"4F-MAR Koupit online"},"content":{"rendered":"<h2>4F-MAR POEDER INFORMATIE Online Kopen<\/h2>\n<p><a href=\"https:\/\/rckopen.com\/cs\/produkt\/4f-mar\/\">Prod\u00e1m 4F-MAR<\/a>, 4F-MAR pr\u00e1\u0161ek, <em>4F<\/em>-Methylfenid\u00e1t. je k dispozici pouze pro v\u00fdzkumn\u00e9 \u00fa\u010dely. Krom\u011b RC Kopen si m\u016f\u017eete objednat p\u0159\u00edslu\u0161enstv\u00ed pro sv\u016fj v\u00fdzkum, jako jsou: pr\u00e1zdn\u00e9 kapsle v r\u016fzn\u00fdch velikostech, m\u011b\u0159\u00edtko a uz\u00e1v\u011bry s\u00e1\u010dk\u016f <a href=\"https:\/\/rckopen.com\/cs\/\">RCKOpen.com<\/a><\/p>\n<h3>STANDARDN\u00cd V\u011aTY O NEBEZPE\u010cNOSTI 4F-MAR PR\u00c1\u0160EK<a href=\"https:\/\/rckopen.com\/cs\/produkt\/4-fma\/\">:<\/a><\/h3>\n<ul>\n<li>M\u016f\u017ee zp\u016fsobit podr\u00e1\u017ed\u011bn\u00ed d\u00fdchac\u00edch cest a o\u010d\u00ed. Nikdy nevypou\u0161t\u011bjte v\u00fdzkumn\u00e9 chemik\u00e1lie do \u017eivotn\u00edho prost\u0159ed\u00ed.<\/li>\n<\/ul>\n<h3>BEZPE\u010cNOSTN\u00cd DOPORU\u010cEN\u00cd 4F-MAR PR\u00c1\u0160EK:<\/h3>\n<p>P\u0158I ZASA\u017dEN\u00cd O\u010c\u00cd: V p\u0159\u00edpad\u011b pot\u0159eby vyjm\u011bte kontaktn\u00ed \u010do\u010dky. P\u0159i styku s k\u016f\u017e\u00ed: Opl\u00e1chn\u011bte vodou, pokud mo\u017eno tak\u00e9 m\u00fddlem. P\u0159i vdechnut\u00ed: P\u0159i vdechnut\u00ed: Vyjd\u011bte na \u010derstv\u00fd vzduch a zaujm\u011bte polohu, kter\u00e1 podporuje d\u00fdch\u00e1n\u00ed.<\/p>\n<ul>\n<li>Z <a href=\"https:\/\/en.wikipedia.org\/wiki\/4%27-Fluoro-4-methylaminorex\">4F-MAR<\/a> Nevystavujte pr\u00e1\u0161ek zdroj\u016fm tepla. Skladujte jej v such\u00e9m prost\u0159ed\u00ed p\u0159i pokojov\u00e9 teplot\u011b a skladujte v dobr\u00e9 n\u00e1dob\u011b a uchov\u00e1vejte mimo dosah d\u011bt\u00ed. Dobr\u00e1 stabilita pr\u00e1\u0161ku 4F-MAR za v\u00fd\u0161e uveden\u00fdch podm\u00ednek m\u016f\u017ee trvat a\u017e 2 roky<a href=\"https:\/\/en.wikipedia.org\/w\/index.php?search=4F-MAR+&amp;title=Special%3ASearch&amp;ns0=1\">.<\/a><\/li>\n<\/ul>\n<h4>Kde lze koupit 4F-MAR freebase?<\/h4>\n<p>V\u00fdzkumn\u00e9 chemik\u00e1lie, v\u010detn\u011b bezplatn\u00e9 b\u00e1ze 4F-MAR, si m\u016f\u017eete zakoupit na na\u0161em webu RareChems. V\u0161echny na\u0161e v\u00fdzkumn\u00e9 chemik\u00e1lie jsou p\u0159ed nab\u00edzen\u00edm k prodeji testov\u00e1ny a analyzov\u00e1ny. Je to jedin\u00fd zp\u016fsob, jak p\u0159ipojit na\u0161i bezplatnou z\u00e1kladnu 4F-MAR nejvy\u0161\u0161\u00ed kvality. Pokud pot\u0159ebujete v\u00fdsledky nebo dal\u0161\u00ed pomoc, nev\u00e1hejte n\u00e1s kontaktovat. 4F-MAR freebase je k dispozici pouze v pr\u00e1\u0161kov\u00e9 form\u011b, ale m\u00e1me na prodej n\u011bkter\u00e9 dal\u0161\u00ed v\u00fdzkumn\u00e9 chemik\u00e1lie ve form\u011b saje a pelet 4F-MAR.<\/p>","protected":false},"excerpt":{"rendered":"<p>N\u00e1zev podle IUPAC: 5-(4-fluorofenyl)-4-methyl-4,5-dihydrooxazol-2-amin<\/p>\n<p>Dal\u0161\u00ed n\u00e1zev: 4-fluoro-4-methylaminorex<\/p>","protected":false},"featured_media":6247,"comment_status":"open","ping_status":"closed","template":"","meta":{"_joinchat":[]},"product_brand":[],"product_cat":[127],"product_tag":[],"class_list":{"0":"post-6228","1":"product","2":"type-product","3":"status-publish","4":"has-post-thumbnail","6":"product_cat-amfetamine","8":"first","9":"instock","10":"shipping-taxable","11":"purchasable","12":"product-type-variable"},"yoast_head":"<!-- This site is optimized with the Yoast SEO plugin v26.3 - https:\/\/yoast.com\/wordpress\/plugins\/seo\/ -->\n<title>4F-MAR Online Kopen - 4F-MAR te koop - 4F-MAR kopen<\/title>\n<meta name=\"description\" content=\",Als u 4F-MAR online wilt kopen, kan onze online rc kopen-winkel u helpen. We hebben hier 4F-MAR te koop tegen de beste tarieven.\" \/>\n<meta name=\"robots\" content=\"index, follow, max-snippet:-1, max-image-preview:large, max-video-preview:-1\" \/>\n<link rel=\"canonical\" href=\"https:\/\/rckopen.com\/cs\/produkt\/4f-mar\/\" \/>\n<meta property=\"og:locale\" content=\"cs_CZ\" \/>\n<meta property=\"og:type\" content=\"article\" \/>\n<meta property=\"og:title\" content=\"4F-MAR Online Kopen - 4F-MAR te koop - 4F-MAR kopen\" \/>\n<meta property=\"og:description\" content=\",Als u 4F-MAR online wilt kopen, kan onze online rc kopen-winkel u helpen. We hebben hier 4F-MAR te koop tegen de beste tarieven.\" \/>\n<meta property=\"og:url\" content=\"https:\/\/rckopen.com\/cs\/produkt\/4f-mar\/\" \/>\n<meta property=\"og:site_name\" content=\"RC Kopen\" \/>\n<meta property=\"article:modified_time\" content=\"2025-01-31T08:50:37+00:00\" \/>\n<meta property=\"og:image\" content=\"https:\/\/rckopen.com\/wp-content\/uploads\/2023\/08\/4f-mar.jpg\" \/>\n\t<meta property=\"og:image:width\" content=\"600\" \/>\n\t<meta property=\"og:image:height\" content=\"600\" \/>\n\t<meta property=\"og:image:type\" content=\"image\/jpeg\" \/>\n<meta name=\"twitter:card\" content=\"summary_large_image\" \/>\n<meta name=\"twitter:label1\" content=\"Odhadovan\u00e1 doba \u010dten\u00ed\" \/>\n\t<meta name=\"twitter:data1\" content=\"2 minuty\" \/>\n<script type=\"application\/ld+json\" class=\"yoast-schema-graph\">{\"@context\":\"https:\/\/schema.org\",\"@graph\":[{\"@type\":\"WebPage\",\"@id\":\"https:\/\/rckopen.com\/product\/4f-mar\/\",\"url\":\"https:\/\/rckopen.com\/product\/4f-mar\/\",\"name\":\"4F-MAR Online Kopen - 4F-MAR te koop - 4F-MAR kopen\",\"isPartOf\":{\"@id\":\"https:\/\/rckopen.com\/#website\"},\"primaryImageOfPage\":{\"@id\":\"https:\/\/rckopen.com\/product\/4f-mar\/#primaryimage\"},\"image\":{\"@id\":\"https:\/\/rckopen.com\/product\/4f-mar\/#primaryimage\"},\"thumbnailUrl\":\"https:\/\/rckopen.com\/wp-content\/uploads\/2023\/08\/4f-mar.jpg\",\"datePublished\":\"2023-08-14T06:52:51+00:00\",\"dateModified\":\"2025-01-31T08:50:37+00:00\",\"description\":\",Als u 4F-MAR online wilt kopen, kan onze online rc kopen-winkel u helpen. We hebben hier 4F-MAR te koop tegen de beste tarieven.\",\"breadcrumb\":{\"@id\":\"https:\/\/rckopen.com\/product\/4f-mar\/#breadcrumb\"},\"inLanguage\":\"cs\",\"potentialAction\":[{\"@type\":\"ReadAction\",\"target\":[\"https:\/\/rckopen.com\/product\/4f-mar\/\"]}]},{\"@type\":\"ImageObject\",\"inLanguage\":\"cs\",\"@id\":\"https:\/\/rckopen.com\/product\/4f-mar\/#primaryimage\",\"url\":\"https:\/\/rckopen.com\/wp-content\/uploads\/2023\/08\/4f-mar.jpg\",\"contentUrl\":\"https:\/\/rckopen.com\/wp-content\/uploads\/2023\/08\/4f-mar.jpg\",\"width\":600,\"height\":600,\"caption\":\"4F-MAR Online Kopen\"},{\"@type\":\"BreadcrumbList\",\"@id\":\"https:\/\/rckopen.com\/product\/4f-mar\/#breadcrumb\",\"itemListElement\":[{\"@type\":\"ListItem\",\"position\":1,\"name\":\"Home\",\"item\":\"https:\/\/rckopen.com\/\"},{\"@type\":\"ListItem\",\"position\":2,\"name\":\"Shop\",\"item\":\"https:\/\/rckopen.com\/shop\/\"},{\"@type\":\"ListItem\",\"position\":3,\"name\":\"4F-MAR Online Kopen\"}]},{\"@type\":\"WebSite\",\"@id\":\"https:\/\/rckopen.com\/#website\",\"url\":\"https:\/\/rckopen.com\/\",\"name\":\"RC Kopen\",\"description\":\"Research Chemicals\",\"potentialAction\":[{\"@type\":\"SearchAction\",\"target\":{\"@type\":\"EntryPoint\",\"urlTemplate\":\"https:\/\/rckopen.com\/?s={search_term_string}\"},\"query-input\":{\"@type\":\"PropertyValueSpecification\",\"valueRequired\":true,\"valueName\":\"search_term_string\"}}],\"inLanguage\":\"cs\"}]}<\/script>\n<!-- \/ Yoast SEO plugin. -->","yoast_head_json":{"title":"4F-MAR Online Kopen - 4F-MAR te koop - 4F-MAR kopen","description":",Als u 4F-MAR online wilt kopen, kan onze online rc kopen-winkel u helpen. We hebben hier 4F-MAR te koop tegen de beste tarieven.","robots":{"index":"index","follow":"follow","max-snippet":"max-snippet:-1","max-image-preview":"max-image-preview:large","max-video-preview":"max-video-preview:-1"},"canonical":"https:\/\/rckopen.com\/cs\/produkt\/4f-mar\/","og_locale":"cs_CZ","og_type":"article","og_title":"4F-MAR Online Kopen - 4F-MAR te koop - 4F-MAR kopen","og_description":",Als u 4F-MAR online wilt kopen, kan onze online rc kopen-winkel u helpen. We hebben hier 4F-MAR te koop tegen de beste tarieven.","og_url":"https:\/\/rckopen.com\/cs\/produkt\/4f-mar\/","og_site_name":"RC Kopen","article_modified_time":"2025-01-31T08:50:37+00:00","og_image":[{"width":600,"height":600,"url":"https:\/\/rckopen.com\/wp-content\/uploads\/2023\/08\/4f-mar.jpg","type":"image\/jpeg"}],"twitter_card":"summary_large_image","twitter_misc":{"Odhadovan\u00e1 doba \u010dten\u00ed":"2 minuty"},"schema":{"@context":"https:\/\/schema.org","@graph":[{"@type":"WebPage","@id":"https:\/\/rckopen.com\/product\/4f-mar\/","url":"https:\/\/rckopen.com\/product\/4f-mar\/","name":"4F-MAR Online Kopen - 4F-MAR te koop - 4F-MAR kopen","isPartOf":{"@id":"https:\/\/rckopen.com\/#website"},"primaryImageOfPage":{"@id":"https:\/\/rckopen.com\/product\/4f-mar\/#primaryimage"},"image":{"@id":"https:\/\/rckopen.com\/product\/4f-mar\/#primaryimage"},"thumbnailUrl":"https:\/\/rckopen.com\/wp-content\/uploads\/2023\/08\/4f-mar.jpg","datePublished":"2023-08-14T06:52:51+00:00","dateModified":"2025-01-31T08:50:37+00:00","description":",Als u 4F-MAR online wilt kopen, kan onze online rc kopen-winkel u helpen. We hebben hier 4F-MAR te koop tegen de beste tarieven.","breadcrumb":{"@id":"https:\/\/rckopen.com\/product\/4f-mar\/#breadcrumb"},"inLanguage":"cs","potentialAction":[{"@type":"ReadAction","target":["https:\/\/rckopen.com\/product\/4f-mar\/"]}]},{"@type":"ImageObject","inLanguage":"cs","@id":"https:\/\/rckopen.com\/product\/4f-mar\/#primaryimage","url":"https:\/\/rckopen.com\/wp-content\/uploads\/2023\/08\/4f-mar.jpg","contentUrl":"https:\/\/rckopen.com\/wp-content\/uploads\/2023\/08\/4f-mar.jpg","width":600,"height":600,"caption":"4F-MAR Online Kopen"},{"@type":"BreadcrumbList","@id":"https:\/\/rckopen.com\/product\/4f-mar\/#breadcrumb","itemListElement":[{"@type":"ListItem","position":1,"name":"Home","item":"https:\/\/rckopen.com\/"},{"@type":"ListItem","position":2,"name":"Shop","item":"https:\/\/rckopen.com\/shop\/"},{"@type":"ListItem","position":3,"name":"4F-MAR Online Kopen"}]},{"@type":"WebSite","@id":"https:\/\/rckopen.com\/#website","url":"https:\/\/rckopen.com\/","name":"RC Kopen","description":"Research Chemicals","potentialAction":[{"@type":"SearchAction","target":{"@type":"EntryPoint","urlTemplate":"https:\/\/rckopen.com\/?s={search_term_string}"},"query-input":{"@type":"PropertyValueSpecification","valueRequired":true,"valueName":"search_term_string"}}],"inLanguage":"cs"}]}},"_links":{"self":[{"href":"https:\/\/rckopen.com\/cs\/wp-json\/wp\/v2\/product\/6228","targetHints":{"allow":["GET"]}}],"collection":[{"href":"https:\/\/rckopen.com\/cs\/wp-json\/wp\/v2\/product"}],"about":[{"href":"https:\/\/rckopen.com\/cs\/wp-json\/wp\/v2\/types\/product"}],"replies":[{"embeddable":true,"href":"https:\/\/rckopen.com\/cs\/wp-json\/wp\/v2\/comments?post=6228"}],"wp:featuredmedia":[{"embeddable":true,"href":"https:\/\/rckopen.com\/cs\/wp-json\/wp\/v2\/media\/6247"}],"wp:attachment":[{"href":"https:\/\/rckopen.com\/cs\/wp-json\/wp\/v2\/media?parent=6228"}],"wp:term":[{"taxonomy":"product_brand","embeddable":true,"href":"https:\/\/rckopen.com\/cs\/wp-json\/wp\/v2\/product_brand?post=6228"},{"taxonomy":"product_cat","embeddable":true,"href":"https:\/\/rckopen.com\/cs\/wp-json\/wp\/v2\/product_cat?post=6228"},{"taxonomy":"product_tag","embeddable":true,"href":"https:\/\/rckopen.com\/cs\/wp-json\/wp\/v2\/product_tag?post=6228"}],"curies":[{"name":"wp","href":"https:\/\/api.w.org\/{rel}","templated":true}]}}