{"id":6230,"date":"2023-08-14T07:12:58","date_gmt":"2023-08-14T07:12:58","guid":{"rendered":"https:\/\/diligentplug.com\/chems\/?post_type=product&#038;p=6230"},"modified":"2025-01-30T05:40:36","modified_gmt":"2025-01-30T05:40:36","slug":"3-mma-powder","status":"publish","type":"product","link":"https:\/\/rckopen.com\/cs\/produkt\/3-mma-prasek\/","title":{"rendered":"Koupit pr\u00e1\u0161ek 3-MMA online"},"content":{"rendered":"<h2>Algemene informatie over 3-MMA-poeder online kopen<\/h2>\n<p><a href=\"https:\/\/rckopen.com\/cs\/produkt\/3-mma-prasek\/\">Koupit pr\u00e1\u0161ek 3-MMA online<\/a>3-Methoxy-4-methylamfetamin \u2013 zn\u00e1m\u00fd jako 3-MMA \u2013 je z\u00e1kladn\u00ed chemickou l\u00e1tkou t\u0159\u00eddy kathinon\u016f. 3MMA \u2013 tak\u00e9 naz\u00fdvan\u00fd \u201emethyl meskalin\u201c \u2013 je psychedelick\u00e1 chemik\u00e1lie, kter\u00e1 je klasifikov\u00e1na jako amfetamin. Chemick\u00e1 struktura p\u0159ipom\u00edn\u00e1 meskalin, co\u017e je pozoruhodn\u00e1, b\u011b\u017en\u00e1 a velmi vyhled\u00e1van\u00e1 slou\u010denina, kter\u00e1 se nach\u00e1z\u00ed ve specifick\u00fdch ostnat\u00fdch rostlin\u00e1ch. P\u0159edpokl\u00e1d\u00e1 se, \u017ee 3MMA preferuje podtyp receptoru 5-HT2A Koupit 3MMC nebo objednat 3MMC? To ji\u017e nen\u00ed mo\u017en\u00e9, proto\u017ee n\u00e1kup 3-MMC je zak\u00e1z\u00e1n. Vym\u011bnit 3-MMC? <a href=\"https:\/\/rckopen.com\/cs\/produkt\/2-fma\/\">Pak klikn\u011bte zde!<\/a><\/p>\n<p>V ka\u017ed\u00e9m p\u0159\u00edpad\u011b je specifick\u00fd syst\u00e9m \u010dinnosti sledov\u00e1n pouze \u010d\u00e1ste\u010dn\u011b. \u00da\u010dinky 3MMA mohou b\u00fdt v\u00fdjime\u010dn\u00e9 a z\u00e1vis\u00ed na n\u011bkolika prom\u011bnn\u00fdch, v\u010detn\u011b m\u011b\u0159en\u00ed, individu\u00e1ln\u00ed odolnosti a p\u0159\u00edrodn\u00edch prvk\u016f.<\/p>\n<h3>Chemick\u00e9 slo\u017een\u00ed pr\u00e1\u0161ku 3-MMA.<\/h3>\n<p>Chemick\u00e9 slo\u017een\u00ed <a href=\"https:\/\/en.wikipedia.org\/wiki\/3-Methoxymethamphetamine\">3-MMA (3-methylmetamfetamin) pr\u00e1\u0161ek<\/a> m\u016f\u017ee b\u00fdt reprezentov\u00e1n molekulov\u00fdm vzorcem C11H17N.<\/p>\n<p>\u010c\u00edsla za ka\u017ed\u00fdm symbolem prvku ud\u00e1vaj\u00ed po\u010det atom\u016f dan\u00e9ho prvku v jedn\u00e9 molekule 3-MMA.<\/p>\n<p>Tato chemick\u00e1 struktura ukazuje, \u017ee 3-MMA se skl\u00e1d\u00e1 z 11 atom\u016f uhl\u00edku (C11), 17 atom\u016f vod\u00edku (H17) a jednoho atomu dus\u00edku (N).<\/p>\n<p>Chemie pr\u00e1\u0161ku 3-MMA (3-methylmetamfetamin) zahrnuje jeho molekul\u00e1rn\u00ed strukturu a vlastnosti. Vzhledem k omezen\u00e9mu mno\u017estv\u00ed informac\u00ed o 3-MMA, v\u010detn\u011b jeho chemick\u00fdch vlastnost\u00ed a metod synt\u00e9zy, je v\u0161ak n\u00e1ro\u010dn\u00e9 pln\u011b porozum\u011bt chemii.<a href=\"https:\/\/en.wikipedia.org\/w\/index.php?search=3-MMA&amp;title=Special%3ASearch&amp;ns0=1\">.<\/a><\/p>\n<p>Podle n\u00e1zvu je 3-MMA pravd\u011bpodobn\u011b deriv\u00e1tem metamfetaminu, kter\u00fd pat\u0159\u00ed do skupiny amfetaminov\u00fdch slou\u010denin. Metamfetamin je charakterizov\u00e1n fenylov\u00fdm kruhem p\u0159ipojen\u00fdm k aminoskupin\u011b (NH2) s methylovou skupinou (CH3) v poloze 3 fenylov\u00e9ho kruhu.<\/p>\n<h3>Kupte si vysoce kvalitn\u00ed pr\u00e1\u0161ek 3-MMA online.<\/h3>\n<p><a href=\"https:\/\/rckopen.com\/cs\/\">RC KOPEN<\/a> Spole\u010dnost RC SHOP m\u00e1 dlouholet\u00e9 zku\u0161enosti s navrhov\u00e1n\u00edm v\u00fdzkumn\u00fdch chemik\u00e1li\u00ed, co\u017e n\u00e1m umo\u017e\u0148uje zajistit nejvy\u0161\u0161\u00ed kvalitu t\u011bchto v\u00fdzkumn\u00fdch chemik\u00e1li\u00ed. N\u00e1kup pr\u00e1\u0161kov\u00fdch chemik\u00e1li\u00ed 3-MMA je snadn\u00fd a m\u00e1 \u0161pi\u010dkovou kvalitu. Cena pr\u00e1\u0161ku 3-MMA je ve srovn\u00e1n\u00ed s jin\u00fdmi spole\u010dnostmi pom\u011brn\u011b n\u00edzk\u00e1.<\/p>\n<p>V\u00fdzkumn\u00e9 chemik\u00e1lie, v\u010detn\u011b pr\u00e1\u0161ku 3-MMA, spl\u0148uj\u00ed v\u0161echny bezpe\u010dnostn\u00ed po\u017eadavky. V\u00fdzkumn\u00e9 chemik\u00e1lie jsou pe\u010dliv\u011b distribuov\u00e1ny a skladov\u00e1ny na chladn\u00e9m a such\u00e9m m\u00edst\u011b.<\/p>\n<p>V\u0161echny v\u00fdrobky jsou pravideln\u011b kontrolov\u00e1ny z hlediska kvality, \u010distoty a bezpe\u010dnosti. N\u00e1\u0161 pr\u00e1\u0161ek 3-MMA je ur\u010den pouze pro v\u00fdzkumn\u00e9 \u00fa\u010dely.<\/p>\n<p>Na\u0161e v\u00fdrobky maj\u00ed spravedlivou cenu a m\u016f\u017eete si koupit pr\u00e1\u0161ek 3-MMA online za velmi n\u00edzk\u00e9 ceny.<\/p>\n<h3>Laboratorn\u011b testovan\u00fd pr\u00e1\u0161ek 3-MMA s v\u00fdsledky.<\/h3>\n<p>dosahuje obnoven\u00e9ho pokroku sm\u011brem k celkov\u00e9mu uspokojen\u00ed sv\u00fdch z\u00e1kazn\u00edk\u016f. N\u011bkolik pr\u016fzkum\u016f uk\u00e1zalo, \u017ee z\u00e1kazn\u00edci p\u0159ed n\u00e1kupem syntetick\u00fdch v\u00fdzkumn\u00fdch chemik\u00e1li\u00ed po\u017eaduj\u00ed tolik \u00fadaj\u016f, kolik se o\u010dek\u00e1v\u00e1. Nav\u00edc zve\u0159ej\u0148ujeme v\u0161echny laboratorn\u00ed d\u016fsledky ka\u017ed\u00e9 v\u00fdzkumn\u00e9 chemick\u00e9 l\u00e1tky v z\u00e1znamu ve form\u00e1tu PDF.<\/p>\n<p>N\u00e1\u0161 pr\u00e1\u0161ek 3-MMA konzistentn\u011b spl\u0148uje aktivn\u00ed slo\u017eky a m\u016f\u017ee jej vid\u011bt kdokoli pr\u00e1\u0161ek 3-MMA na prodej.<\/p>\n<p>V\u0161echny laboratorn\u00ed d\u016fsledky ka\u017ed\u00e9 v\u00fdzkumn\u00e9 chemick\u00e9 l\u00e1tky distribuujeme v dokumentu PDF.<\/p>\n<h3>Bezpe\u010dn\u00e9 objedn\u00e1n\u00ed u pr\u00e1\u0161ku 3-MMA.<\/h3>\n<p>Chemik\u00e1lie pro v\u00fdzkum RC BUY jsou vynikaj\u00edc\u00ed kvality a maj\u00ed f\u00e9rovou cenu. Proto garantujeme, \u017ee kdy\u017e si vy\u017e\u00e1d\u00e1te sv\u00e9 v\u00fdzkumn\u00e9 chemik\u00e1lie od RC SHOP, doru\u010d\u00edme v\u00e1\u0161 po\u017eadavek a\u017e k v\u00e1m dom\u016f rychle a bezpe\u010dn\u011b, proto\u017ee prodej v\u00fdzkumn\u00fdch chemik\u00e1li\u00ed je v\u017edy dostupn\u00fd od RCKOPEN.<\/p>\n<p>Objedn\u00e1n\u00ed syntetick\u00fdch v\u00fdzkumn\u00fdch slou\u010denin s bitcoiny nebo bankovn\u00edm p\u0159evodem je snadn\u00e9 na RC BUY.<\/p>\n<p>V\u00fdzkumn\u00e9 chemik\u00e1lie odes\u00edl\u00e1me je\u0161t\u011b t\u00fd\u017e pracovn\u00ed den, pokud platbu obdr\u017e\u00edte do 15:00 SEL\u010c.Osob\u00e1m mlad\u0161\u00edm 18 let zbo\u017e\u00ed nedod\u00e1v\u00e1me!<\/p>\n<p>Pr\u00e1\u0161ek 3-MMA na prodej je ur\u010den pouze pro v\u00fdzkumn\u00e9 \u00fa\u010dely.<\/p>\n<h3>Diskr\u00e9tn\u00ed p\u0159eprava v\u00fdzkumn\u00fdch chemik\u00e1li\u00ed.<\/h3>\n<p>RC KOPEN va\u0161i objedn\u00e1vku bezpe\u010dn\u011b a bezpe\u010dn\u011b zabal\u00ed, aby byla zaji\u0161t\u011bna spr\u00e1vn\u00e1 p\u0159eprava. Nav\u00edc bal\u00edme perfektn\u011b nen\u00e1padn\u011b a navenek nen\u00ed vid\u011bt nic z toho, co by mohlo b\u00fdt uvnit\u0159.<\/p>\n<p>Pozn\u00e1mka: rckopen.com nab\u00edz\u00ed produkty, kter\u00e9 nejsou ur\u010deny k lidsk\u00e9 spot\u0159eb\u011b. Konzumace tohoto v\u00fdrobku (ne\u00famysln\u00e1) by mohla m\u00edt v\u00e1\u017en\u00e9 zdravotn\u00ed n\u00e1sledky.<\/p>","protected":false},"excerpt":{"rendered":"<p>N\u00e1zev podle IUPAC:N-methyl-1-(3-methylfenyl)propan-2-amin<\/p>\n<p>CAS # 1419922-19-2<\/p>\n<p>Dal\u0161\u00ed n\u00e1zev:3-methyl-metamfetamin (3-Me-MA)<\/p>\n<p>Forma: Pr\u00e1\u0161ek<\/p>\n<p>NMR anal\u00fdza: N\/A<\/p>","protected":false},"featured_media":6252,"comment_status":"open","ping_status":"closed","template":"","meta":{"_joinchat":[]},"product_brand":[],"product_cat":[127],"product_tag":[],"class_list":{"0":"post-6230","1":"product","2":"type-product","3":"status-publish","4":"has-post-thumbnail","6":"product_cat-amfetamine","8":"first","9":"instock","10":"shipping-taxable","11":"purchasable","12":"product-type-variable"},"yoast_head":"<!-- This site is optimized with the Yoast SEO plugin v26.3 - https:\/\/yoast.com\/wordpress\/plugins\/seo\/ -->\n<title>3-MMA-poeder online kopen- 3-MMA-poeder online te koop<\/title>\n<meta name=\"description\" content=\"Als u 3-MMA-poeder online wilt kopen, heeft RCKopen een hoogwaardig 3-MMA-poeder te koop. Wij helpen u 3-MMA-poeder online te kopen tegen goedkope tarieven.\" \/>\n<meta name=\"robots\" content=\"index, follow, max-snippet:-1, max-image-preview:large, max-video-preview:-1\" \/>\n<link rel=\"canonical\" href=\"https:\/\/rckopen.com\/cs\/produkt\/3-mma-prasek\/\" \/>\n<meta property=\"og:locale\" content=\"cs_CZ\" \/>\n<meta property=\"og:type\" content=\"article\" \/>\n<meta property=\"og:title\" content=\"3-MMA-poeder online kopen- 3-MMA-poeder online te koop\" \/>\n<meta property=\"og:description\" content=\"Als u 3-MMA-poeder online wilt kopen, heeft RCKopen een hoogwaardig 3-MMA-poeder te koop. Wij helpen u 3-MMA-poeder online te kopen tegen goedkope tarieven.\" \/>\n<meta property=\"og:url\" content=\"https:\/\/rckopen.com\/cs\/produkt\/3-mma-prasek\/\" \/>\n<meta property=\"og:site_name\" content=\"RC Kopen\" \/>\n<meta property=\"article:modified_time\" content=\"2025-01-30T05:40:36+00:00\" \/>\n<meta property=\"og:image\" content=\"https:\/\/rckopen.com\/wp-content\/uploads\/2023\/08\/dmc-Dimethocaine-freebase.jpg\" \/>\n\t<meta property=\"og:image:width\" content=\"600\" \/>\n\t<meta property=\"og:image:height\" content=\"600\" \/>\n\t<meta property=\"og:image:type\" content=\"image\/jpeg\" \/>\n<meta name=\"twitter:card\" content=\"summary_large_image\" \/>\n<meta name=\"twitter:label1\" content=\"Odhadovan\u00e1 doba \u010dten\u00ed\" \/>\n\t<meta name=\"twitter:data1\" content=\"3 minuty\" \/>\n<script type=\"application\/ld+json\" class=\"yoast-schema-graph\">{\"@context\":\"https:\/\/schema.org\",\"@graph\":[{\"@type\":\"WebPage\",\"@id\":\"https:\/\/rckopen.com\/product\/3-mma-powder\/\",\"url\":\"https:\/\/rckopen.com\/product\/3-mma-powder\/\",\"name\":\"3-MMA-poeder online kopen- 3-MMA-poeder online te koop\",\"isPartOf\":{\"@id\":\"https:\/\/rckopen.com\/#website\"},\"primaryImageOfPage\":{\"@id\":\"https:\/\/rckopen.com\/product\/3-mma-powder\/#primaryimage\"},\"image\":{\"@id\":\"https:\/\/rckopen.com\/product\/3-mma-powder\/#primaryimage\"},\"thumbnailUrl\":\"https:\/\/rckopen.com\/wp-content\/uploads\/2023\/08\/dmc-Dimethocaine-freebase.jpg\",\"datePublished\":\"2023-08-14T07:12:58+00:00\",\"dateModified\":\"2025-01-30T05:40:36+00:00\",\"description\":\"Als u 3-MMA-poeder online wilt kopen, heeft RCKopen een hoogwaardig 3-MMA-poeder te koop. Wij helpen u 3-MMA-poeder online te kopen tegen goedkope tarieven.\",\"breadcrumb\":{\"@id\":\"https:\/\/rckopen.com\/product\/3-mma-powder\/#breadcrumb\"},\"inLanguage\":\"cs\",\"potentialAction\":[{\"@type\":\"ReadAction\",\"target\":[\"https:\/\/rckopen.com\/product\/3-mma-powder\/\"]}]},{\"@type\":\"ImageObject\",\"inLanguage\":\"cs\",\"@id\":\"https:\/\/rckopen.com\/product\/3-mma-powder\/#primaryimage\",\"url\":\"https:\/\/rckopen.com\/wp-content\/uploads\/2023\/08\/dmc-Dimethocaine-freebase.jpg\",\"contentUrl\":\"https:\/\/rckopen.com\/wp-content\/uploads\/2023\/08\/dmc-Dimethocaine-freebase.jpg\",\"width\":600,\"height\":600,\"caption\":\"dmc-(Dimethocaine)-freebase online kopen\"},{\"@type\":\"BreadcrumbList\",\"@id\":\"https:\/\/rckopen.com\/product\/3-mma-powder\/#breadcrumb\",\"itemListElement\":[{\"@type\":\"ListItem\",\"position\":1,\"name\":\"Home\",\"item\":\"https:\/\/rckopen.com\/\"},{\"@type\":\"ListItem\",\"position\":2,\"name\":\"Shop\",\"item\":\"https:\/\/rckopen.com\/shop\/\"},{\"@type\":\"ListItem\",\"position\":3,\"name\":\"3-MMA powder online kopen\"}]},{\"@type\":\"WebSite\",\"@id\":\"https:\/\/rckopen.com\/#website\",\"url\":\"https:\/\/rckopen.com\/\",\"name\":\"RC Kopen\",\"description\":\"Research Chemicals\",\"potentialAction\":[{\"@type\":\"SearchAction\",\"target\":{\"@type\":\"EntryPoint\",\"urlTemplate\":\"https:\/\/rckopen.com\/?s={search_term_string}\"},\"query-input\":{\"@type\":\"PropertyValueSpecification\",\"valueRequired\":true,\"valueName\":\"search_term_string\"}}],\"inLanguage\":\"cs\"}]}<\/script>\n<!-- \/ Yoast SEO plugin. -->","yoast_head_json":{"title":"3-MMA-poeder online kopen- 3-MMA-poeder online te koop","description":"Als u 3-MMA-poeder online wilt kopen, heeft RCKopen een hoogwaardig 3-MMA-poeder te koop. Wij helpen u 3-MMA-poeder online te kopen tegen goedkope tarieven.","robots":{"index":"index","follow":"follow","max-snippet":"max-snippet:-1","max-image-preview":"max-image-preview:large","max-video-preview":"max-video-preview:-1"},"canonical":"https:\/\/rckopen.com\/cs\/produkt\/3-mma-prasek\/","og_locale":"cs_CZ","og_type":"article","og_title":"3-MMA-poeder online kopen- 3-MMA-poeder online te koop","og_description":"Als u 3-MMA-poeder online wilt kopen, heeft RCKopen een hoogwaardig 3-MMA-poeder te koop. Wij helpen u 3-MMA-poeder online te kopen tegen goedkope tarieven.","og_url":"https:\/\/rckopen.com\/cs\/produkt\/3-mma-prasek\/","og_site_name":"RC Kopen","article_modified_time":"2025-01-30T05:40:36+00:00","og_image":[{"width":600,"height":600,"url":"https:\/\/rckopen.com\/wp-content\/uploads\/2023\/08\/dmc-Dimethocaine-freebase.jpg","type":"image\/jpeg"}],"twitter_card":"summary_large_image","twitter_misc":{"Odhadovan\u00e1 doba \u010dten\u00ed":"3 minuty"},"schema":{"@context":"https:\/\/schema.org","@graph":[{"@type":"WebPage","@id":"https:\/\/rckopen.com\/product\/3-mma-powder\/","url":"https:\/\/rckopen.com\/product\/3-mma-powder\/","name":"3-MMA-poeder online kopen- 3-MMA-poeder online te koop","isPartOf":{"@id":"https:\/\/rckopen.com\/#website"},"primaryImageOfPage":{"@id":"https:\/\/rckopen.com\/product\/3-mma-powder\/#primaryimage"},"image":{"@id":"https:\/\/rckopen.com\/product\/3-mma-powder\/#primaryimage"},"thumbnailUrl":"https:\/\/rckopen.com\/wp-content\/uploads\/2023\/08\/dmc-Dimethocaine-freebase.jpg","datePublished":"2023-08-14T07:12:58+00:00","dateModified":"2025-01-30T05:40:36+00:00","description":"Als u 3-MMA-poeder online wilt kopen, heeft RCKopen een hoogwaardig 3-MMA-poeder te koop. Wij helpen u 3-MMA-poeder online te kopen tegen goedkope tarieven.","breadcrumb":{"@id":"https:\/\/rckopen.com\/product\/3-mma-powder\/#breadcrumb"},"inLanguage":"cs","potentialAction":[{"@type":"ReadAction","target":["https:\/\/rckopen.com\/product\/3-mma-powder\/"]}]},{"@type":"ImageObject","inLanguage":"cs","@id":"https:\/\/rckopen.com\/product\/3-mma-powder\/#primaryimage","url":"https:\/\/rckopen.com\/wp-content\/uploads\/2023\/08\/dmc-Dimethocaine-freebase.jpg","contentUrl":"https:\/\/rckopen.com\/wp-content\/uploads\/2023\/08\/dmc-Dimethocaine-freebase.jpg","width":600,"height":600,"caption":"dmc-(Dimethocaine)-freebase online kopen"},{"@type":"BreadcrumbList","@id":"https:\/\/rckopen.com\/product\/3-mma-powder\/#breadcrumb","itemListElement":[{"@type":"ListItem","position":1,"name":"Home","item":"https:\/\/rckopen.com\/"},{"@type":"ListItem","position":2,"name":"Shop","item":"https:\/\/rckopen.com\/shop\/"},{"@type":"ListItem","position":3,"name":"3-MMA powder online kopen"}]},{"@type":"WebSite","@id":"https:\/\/rckopen.com\/#website","url":"https:\/\/rckopen.com\/","name":"RC Kopen","description":"Research Chemicals","potentialAction":[{"@type":"SearchAction","target":{"@type":"EntryPoint","urlTemplate":"https:\/\/rckopen.com\/?s={search_term_string}"},"query-input":{"@type":"PropertyValueSpecification","valueRequired":true,"valueName":"search_term_string"}}],"inLanguage":"cs"}]}},"_links":{"self":[{"href":"https:\/\/rckopen.com\/cs\/wp-json\/wp\/v2\/product\/6230","targetHints":{"allow":["GET"]}}],"collection":[{"href":"https:\/\/rckopen.com\/cs\/wp-json\/wp\/v2\/product"}],"about":[{"href":"https:\/\/rckopen.com\/cs\/wp-json\/wp\/v2\/types\/product"}],"replies":[{"embeddable":true,"href":"https:\/\/rckopen.com\/cs\/wp-json\/wp\/v2\/comments?post=6230"}],"wp:featuredmedia":[{"embeddable":true,"href":"https:\/\/rckopen.com\/cs\/wp-json\/wp\/v2\/media\/6252"}],"wp:attachment":[{"href":"https:\/\/rckopen.com\/cs\/wp-json\/wp\/v2\/media?parent=6230"}],"wp:term":[{"taxonomy":"product_brand","embeddable":true,"href":"https:\/\/rckopen.com\/cs\/wp-json\/wp\/v2\/product_brand?post=6230"},{"taxonomy":"product_cat","embeddable":true,"href":"https:\/\/rckopen.com\/cs\/wp-json\/wp\/v2\/product_cat?post=6230"},{"taxonomy":"product_tag","embeddable":true,"href":"https:\/\/rckopen.com\/cs\/wp-json\/wp\/v2\/product_tag?post=6230"}],"curies":[{"name":"wp","href":"https:\/\/api.w.org\/{rel}","templated":true}]}}