{"id":6266,"date":"2023-08-14T07:39:22","date_gmt":"2023-08-14T07:39:22","guid":{"rendered":"https:\/\/diligentplug.com\/chems\/?post_type=product&#038;p=6266"},"modified":"2025-02-04T05:10:22","modified_gmt":"2025-02-04T05:10:22","slug":"meai","status":"publish","type":"product","link":"https:\/\/rckopen.com\/cs\/produkt\/meai\/","title":{"rendered":"Koupit MEAI online"},"content":{"rendered":"<h2>Algemene informatie over MEAI Crystal Online kopen<\/h2>\n<p>Buy MEAI Online, MEAI (5-methoxy-2-aminoindan) byl poprv\u00e9 syntetizov\u00e1n a objeven v 90. letech 20. stolet\u00ed.<\/p>\n<p>MEAI Crystal, zn\u00e1m\u00fd tak\u00e9 jako 5-methoxy-2-aminoindan, je chemick\u00e1 slou\u010denina pat\u0159\u00edc\u00ed do t\u0159\u00eddy aminoindan\u016f. Jako v\u00fdzkumn\u00e1 chemick\u00e1 l\u00e1tka byla studov\u00e1na pro sv\u00e9 potenci\u00e1ln\u00ed psychoaktivn\u00ed \u00fa\u010dinky.<a href=\"https:\/\/rckopen.com\/cs\/produkt\/nm-2ai\/\">.<\/a><\/p>\n<p>MEAI Crystal se obvykle vyskytuje v krystalick\u00e9 form\u011b a obvykle se prod\u00e1v\u00e1 jako v\u00fdzkumn\u00e1 chemik\u00e1lie. Je d\u016fle\u017eit\u00e9 poznamenat, \u017ee MEAI Crystal a dal\u0161\u00ed podobn\u00e9 slou\u010deniny mohou m\u00edt psychoaktivn\u00ed \u00fa\u010dinky, ale jejich specifick\u00e9 mechanismy \u00fa\u010dinku a farmakologick\u00e9 vlastnosti nejsou pln\u011b zn\u00e1my ani dob\u0159e zdokumentov\u00e1ny.<\/p>\n<h3>Chemick\u00e9 slo\u017een\u00ed krystalu MEAI<\/h3>\n<p>Chemick\u00e9 slo\u017een\u00ed krystalu MEAI (5-methoxy-2-aminoindanu) lze popsat takto: Chemick\u00fd vzorec: C11H15NOMolekulov\u00e1 hmotnost: 177,24 g\/mol<\/p>\n<p>MEAI Crystal je slou\u010denina slo\u017een\u00e1 z 11 atom\u016f uhl\u00edku (C11), 15 atom\u016f vod\u00edku (H15), jednoho atomu dus\u00edku (N) a jednoho atomu kysl\u00edku (O). Skl\u00e1d\u00e1 se z j\u00e1dra struktury 2 aminoindanu s methoxy skupinou (CH3O) p\u0159ipojenou v poloze 5 indanov\u00e9ho kruhu. Aminoskupina (NH2) se nach\u00e1z\u00ed v poloze 2 indanov\u00e9ho kruhu.<a href=\"https:\/\/en.wikipedia.org\/wiki\/MEAI\">.<\/a><\/p>\n<p>Obecn\u011b lze chemick\u00e9 slo\u017een\u00ed krystalu MEAI zn\u00e1zornit chemick\u00fdm vzorcem C11H15NO, kter\u00fd ud\u00e1v\u00e1 konkr\u00e9tn\u00ed uspo\u0159\u00e1d\u00e1n\u00ed a po\u010det atom\u016f ve slou\u010denin\u011b.<\/p>\n<h3>Kupte si vysoce kvalitn\u00ed krystal MEAI online.<\/h3>\n<p>Buy Rc m\u00e1 mnoho dlouhodob\u00fdch aktivit ve v\u00fdzkumn\u00e9m chemick\u00e9m pr\u016fmyslu, co\u017e n\u00e1m umo\u017e\u0148uje garantovat to nejlep\u0161\u00ed z t\u011bchto v\u00fdzkumn\u00fdch chemik\u00e1li\u00ed. N\u00e1kup MEAI Crystal je snadn\u00fd a m\u00e1 \u0161pi\u010dkovou kvalitu. N\u00e1kupy MEAI Crystal jsou ni\u017e\u0161\u00ed ne\u017e n\u00e1kupy jin\u00fdch organizac\u00ed.<\/p>\n<p>V\u00fdzkumn\u00e9 chemik\u00e1lie, v\u010detn\u011b MEAI Crystal, spl\u0148uj\u00ed v\u0161echny bezpe\u010dnostn\u00ed po\u017eadavky. V\u00fdzkumn\u00e9 chemik\u00e1lie jsou pe\u010dliv\u011b distribuov\u00e1ny a skladov\u00e1ny na v\u00fdborn\u00e9m, such\u00e9m m\u00edst\u011b.<\/p>\n<p>V\u0161echny polo\u017eky jsou d\u016fsledn\u011b kontrolov\u00e1ny z hlediska kvality, bezpe\u010dnosti a \u010distoty.<\/p>\n<p>N\u00e1\u0161 MEAI Crystal slou\u017e\u00ed pouze pro v\u00fdzkumn\u00e9 \u00fa\u010dely. Na\u0161e polo\u017eky maj\u00ed spravedlivou cenu a m\u016f\u017eete si koupit MEAI Crystal v\u00fdzkumn\u00e9 slou\u010deniny online za mimo\u0159\u00e1dn\u011b skromn\u00e9 ceny.<\/p>\n<h3>Laboratorn\u011b testovan\u00fd MEAI Crystal s v\u00fdsledky.<\/h3>\n<p>dosahuje obnoven\u00e9ho pokroku sm\u011brem k celkov\u00e9mu uspokojen\u00ed sv\u00fdch z\u00e1kazn\u00edk\u016f. N\u011bkolik pr\u016fzkum\u016f uk\u00e1zalo, \u017ee z\u00e1kazn\u00edci p\u0159ed n\u00e1kupem syntetick\u00fdch v\u00fdzkumn\u00fdch chemik\u00e1li\u00ed po\u017eaduj\u00ed tolik \u00fadaj\u016f, kolik se o\u010dek\u00e1v\u00e1. Nav\u00edc zve\u0159ej\u0148ujeme v\u0161echny laboratorn\u00ed d\u016fsledky ka\u017ed\u00e9 v\u00fdzkumn\u00e9 chemick\u00e9 l\u00e1tky v z\u00e1znamu ve form\u00e1tu PDF.<\/p>\n<p>N\u00e1\u0161 MEAI Crystal online d\u016fsledn\u011b spl\u0148uje \u00fa\u010dinn\u00e9 l\u00e1tky a m\u016f\u017ee b\u00fdt vid\u011bn v\u0161emi.<\/p>\n<p>V\u0161echny laboratorn\u00ed d\u016fsledky ka\u017ed\u00e9 v\u00fdzkumn\u00e9 chemick\u00e9 l\u00e1tky distribuujeme v dokumentu PDF.<\/p>\n<h3>Objednejte si MEAI Crystal bezpe\u010dn\u011b online.<\/h3>\n<p>Designov\u00e9 v\u00fdzkumn\u00e9 chemik\u00e1lie RC SHOP maj\u00ed vynikaj\u00edc\u00ed kvalitu a p\u0159\u00edznivou cenu. Proto kdy\u017e si u RC SHOPu vy\u017e\u00e1d\u00e1te v\u00fdzkumn\u00e9 chemik\u00e1lie, zaru\u010dujeme v\u00e1m, \u017ee v\u00e1m je rychle a bezpe\u010dn\u011b doru\u010d\u00edme dom\u016f, proto\u017ee prodej v\u00fdzkumn\u00fdch chemik\u00e1li\u00ed je u RC SHOPu v\u017edy k dispozici.<\/p>\n<p>Po\u017e\u00e1dat o syntetick\u00e9 v\u00fdzkumn\u00e9 p\u0159ipojen\u00ed pomoc\u00ed bitcoinu nebo bankovn\u00edm p\u0159evodem je u RC SHOPu snadn\u00e9.<\/p>\n<p>V\u00fdzkumn\u00e9 chemik\u00e1lie odes\u00edl\u00e1me je\u0161t\u011b t\u00fd\u017e pracovn\u00ed den, pokud platbu obdr\u017e\u00edte do 15:00 SEL\u010c.Osob\u00e1m mlad\u0161\u00edm 18 let zbo\u017e\u00ed nedod\u00e1v\u00e1me!<\/p>\n<h3>Prodej krystalu MEAI je ur\u010den pouze pro v\u00fdzkumn\u00e9 \u00fa\u010dely.<\/h3>\n<p>Diskr\u00e9tn\u00ed p\u0159eprava v\u00fdzkumn\u00fdch chemik\u00e1li\u00ed.<\/p>\n<p>Spole\u010dnost RC SHOP zabal\u00ed va\u0161i objedn\u00e1vku bezpe\u010dn\u011b a spolehliv\u011b, aby zajistila spr\u00e1vnou p\u0159epravu. Nav\u00edc bal\u00edme dokonale nen\u00e1padn\u011b a na vn\u011bj\u0161\u00ed stran\u011b nen\u00ed nic vid\u011bt, co by mohlo b\u00fdt uvnit\u0159.<\/p>\n<p>Pozn\u00e1mka: rckopen.com nab\u00edz\u00ed produkty, kter\u00e9 nejsou ur\u010deny pro lidskou spot\u0159ebu. Pokud tento produkt konzumujete (ne\u00famysln\u011b), m\u016f\u017ee to m\u00edt v\u00e1\u017en\u00e9 zdravotn\u00ed n\u00e1sledky.<\/p>","protected":false},"excerpt":{"rendered":"<p>N\u00e1zev podle IUPAC: 5-methoxy-2-indanamin<\/p>\n<p>CAS # 73305-09-6<\/p>\n<p>Vzhled: krystaly<\/p>\n<p>NMR anal\u00fdza: C10H13NO<\/p>","protected":false},"featured_media":6280,"comment_status":"open","ping_status":"closed","template":"","meta":{"_joinchat":[]},"product_brand":[],"product_cat":[127],"product_tag":[],"class_list":{"0":"post-6266","1":"product","2":"type-product","3":"status-publish","4":"has-post-thumbnail","6":"product_cat-amfetamine","8":"first","9":"instock","10":"shipping-taxable","11":"purchasable","12":"product-type-variable"},"yoast_head":"<!-- This site is optimized with the Yoast SEO plugin v26.3 - https:\/\/yoast.com\/wordpress\/plugins\/seo\/ -->\n<title>MEAI Online kopen - MEAI online te kopen | RC Kopen<\/title>\n<meta name=\"description\" content=\"Op zoek naar Koop MEAI van hoge kwaliteit die online te koop is, is RC kopen een toonaangevende winkel waar u MEAI online kopen tegen de beste prijs.\" \/>\n<meta name=\"robots\" content=\"index, follow, max-snippet:-1, max-image-preview:large, max-video-preview:-1\" \/>\n<link rel=\"canonical\" href=\"https:\/\/rckopen.com\/cs\/produkt\/meai\/\" \/>\n<meta property=\"og:locale\" content=\"cs_CZ\" \/>\n<meta property=\"og:type\" content=\"article\" \/>\n<meta property=\"og:title\" content=\"MEAI Online kopen - MEAI online te kopen | RC Kopen\" \/>\n<meta property=\"og:description\" content=\"Op zoek naar Koop MEAI van hoge kwaliteit die online te koop is, is RC kopen een toonaangevende winkel waar u MEAI online kopen tegen de beste prijs.\" \/>\n<meta property=\"og:url\" content=\"https:\/\/rckopen.com\/cs\/produkt\/meai\/\" \/>\n<meta property=\"og:site_name\" content=\"RC Kopen\" \/>\n<meta property=\"article:modified_time\" content=\"2025-02-04T05:10:22+00:00\" \/>\n<meta property=\"og:image\" content=\"https:\/\/rckopen.com\/wp-content\/uploads\/2023\/08\/MEAI.jpg\" \/>\n\t<meta property=\"og:image:width\" content=\"600\" \/>\n\t<meta property=\"og:image:height\" content=\"600\" \/>\n\t<meta property=\"og:image:type\" content=\"image\/jpeg\" \/>\n<meta name=\"twitter:card\" content=\"summary_large_image\" \/>\n<meta name=\"twitter:label1\" content=\"Odhadovan\u00e1 doba \u010dten\u00ed\" \/>\n\t<meta name=\"twitter:data1\" content=\"3 minuty\" \/>\n<script type=\"application\/ld+json\" class=\"yoast-schema-graph\">{\"@context\":\"https:\/\/schema.org\",\"@graph\":[{\"@type\":\"WebPage\",\"@id\":\"https:\/\/rckopen.com\/product\/meai\/\",\"url\":\"https:\/\/rckopen.com\/product\/meai\/\",\"name\":\"MEAI Online kopen - MEAI online te kopen | RC Kopen\",\"isPartOf\":{\"@id\":\"https:\/\/rckopen.com\/#website\"},\"primaryImageOfPage\":{\"@id\":\"https:\/\/rckopen.com\/product\/meai\/#primaryimage\"},\"image\":{\"@id\":\"https:\/\/rckopen.com\/product\/meai\/#primaryimage\"},\"thumbnailUrl\":\"https:\/\/rckopen.com\/wp-content\/uploads\/2023\/08\/MEAI.jpg\",\"datePublished\":\"2023-08-14T07:39:22+00:00\",\"dateModified\":\"2025-02-04T05:10:22+00:00\",\"description\":\"Op zoek naar Koop MEAI van hoge kwaliteit die online te koop is, is RC kopen een toonaangevende winkel waar u MEAI online kopen tegen de beste prijs.\",\"breadcrumb\":{\"@id\":\"https:\/\/rckopen.com\/product\/meai\/#breadcrumb\"},\"inLanguage\":\"cs\",\"potentialAction\":[{\"@type\":\"ReadAction\",\"target\":[\"https:\/\/rckopen.com\/product\/meai\/\"]}]},{\"@type\":\"ImageObject\",\"inLanguage\":\"cs\",\"@id\":\"https:\/\/rckopen.com\/product\/meai\/#primaryimage\",\"url\":\"https:\/\/rckopen.com\/wp-content\/uploads\/2023\/08\/MEAI.jpg\",\"contentUrl\":\"https:\/\/rckopen.com\/wp-content\/uploads\/2023\/08\/MEAI.jpg\",\"width\":600,\"height\":600,\"caption\":\"MEAI online kopen\"},{\"@type\":\"BreadcrumbList\",\"@id\":\"https:\/\/rckopen.com\/product\/meai\/#breadcrumb\",\"itemListElement\":[{\"@type\":\"ListItem\",\"position\":1,\"name\":\"Home\",\"item\":\"https:\/\/rckopen.com\/\"},{\"@type\":\"ListItem\",\"position\":2,\"name\":\"Shop\",\"item\":\"https:\/\/rckopen.com\/shop\/\"},{\"@type\":\"ListItem\",\"position\":3,\"name\":\"MEAI Online kopen\"}]},{\"@type\":\"WebSite\",\"@id\":\"https:\/\/rckopen.com\/#website\",\"url\":\"https:\/\/rckopen.com\/\",\"name\":\"RC Kopen\",\"description\":\"Research Chemicals\",\"potentialAction\":[{\"@type\":\"SearchAction\",\"target\":{\"@type\":\"EntryPoint\",\"urlTemplate\":\"https:\/\/rckopen.com\/?s={search_term_string}\"},\"query-input\":{\"@type\":\"PropertyValueSpecification\",\"valueRequired\":true,\"valueName\":\"search_term_string\"}}],\"inLanguage\":\"cs\"}]}<\/script>\n<!-- \/ Yoast SEO plugin. -->","yoast_head_json":{"title":"MEAI Online kopen - MEAI online te kopen | RC Kopen","description":"Op zoek naar Koop MEAI van hoge kwaliteit die online te koop is, is RC kopen een toonaangevende winkel waar u MEAI online kopen tegen de beste prijs.","robots":{"index":"index","follow":"follow","max-snippet":"max-snippet:-1","max-image-preview":"max-image-preview:large","max-video-preview":"max-video-preview:-1"},"canonical":"https:\/\/rckopen.com\/cs\/produkt\/meai\/","og_locale":"cs_CZ","og_type":"article","og_title":"MEAI Online kopen - MEAI online te kopen | RC Kopen","og_description":"Op zoek naar Koop MEAI van hoge kwaliteit die online te koop is, is RC kopen een toonaangevende winkel waar u MEAI online kopen tegen de beste prijs.","og_url":"https:\/\/rckopen.com\/cs\/produkt\/meai\/","og_site_name":"RC Kopen","article_modified_time":"2025-02-04T05:10:22+00:00","og_image":[{"width":600,"height":600,"url":"https:\/\/rckopen.com\/wp-content\/uploads\/2023\/08\/MEAI.jpg","type":"image\/jpeg"}],"twitter_card":"summary_large_image","twitter_misc":{"Odhadovan\u00e1 doba \u010dten\u00ed":"3 minuty"},"schema":{"@context":"https:\/\/schema.org","@graph":[{"@type":"WebPage","@id":"https:\/\/rckopen.com\/product\/meai\/","url":"https:\/\/rckopen.com\/product\/meai\/","name":"MEAI Online kopen - MEAI online te kopen | RC Kopen","isPartOf":{"@id":"https:\/\/rckopen.com\/#website"},"primaryImageOfPage":{"@id":"https:\/\/rckopen.com\/product\/meai\/#primaryimage"},"image":{"@id":"https:\/\/rckopen.com\/product\/meai\/#primaryimage"},"thumbnailUrl":"https:\/\/rckopen.com\/wp-content\/uploads\/2023\/08\/MEAI.jpg","datePublished":"2023-08-14T07:39:22+00:00","dateModified":"2025-02-04T05:10:22+00:00","description":"Op zoek naar Koop MEAI van hoge kwaliteit die online te koop is, is RC kopen een toonaangevende winkel waar u MEAI online kopen tegen de beste prijs.","breadcrumb":{"@id":"https:\/\/rckopen.com\/product\/meai\/#breadcrumb"},"inLanguage":"cs","potentialAction":[{"@type":"ReadAction","target":["https:\/\/rckopen.com\/product\/meai\/"]}]},{"@type":"ImageObject","inLanguage":"cs","@id":"https:\/\/rckopen.com\/product\/meai\/#primaryimage","url":"https:\/\/rckopen.com\/wp-content\/uploads\/2023\/08\/MEAI.jpg","contentUrl":"https:\/\/rckopen.com\/wp-content\/uploads\/2023\/08\/MEAI.jpg","width":600,"height":600,"caption":"MEAI online kopen"},{"@type":"BreadcrumbList","@id":"https:\/\/rckopen.com\/product\/meai\/#breadcrumb","itemListElement":[{"@type":"ListItem","position":1,"name":"Home","item":"https:\/\/rckopen.com\/"},{"@type":"ListItem","position":2,"name":"Shop","item":"https:\/\/rckopen.com\/shop\/"},{"@type":"ListItem","position":3,"name":"MEAI Online kopen"}]},{"@type":"WebSite","@id":"https:\/\/rckopen.com\/#website","url":"https:\/\/rckopen.com\/","name":"RC Kopen","description":"Research Chemicals","potentialAction":[{"@type":"SearchAction","target":{"@type":"EntryPoint","urlTemplate":"https:\/\/rckopen.com\/?s={search_term_string}"},"query-input":{"@type":"PropertyValueSpecification","valueRequired":true,"valueName":"search_term_string"}}],"inLanguage":"cs"}]}},"_links":{"self":[{"href":"https:\/\/rckopen.com\/cs\/wp-json\/wp\/v2\/product\/6266","targetHints":{"allow":["GET"]}}],"collection":[{"href":"https:\/\/rckopen.com\/cs\/wp-json\/wp\/v2\/product"}],"about":[{"href":"https:\/\/rckopen.com\/cs\/wp-json\/wp\/v2\/types\/product"}],"replies":[{"embeddable":true,"href":"https:\/\/rckopen.com\/cs\/wp-json\/wp\/v2\/comments?post=6266"}],"wp:featuredmedia":[{"embeddable":true,"href":"https:\/\/rckopen.com\/cs\/wp-json\/wp\/v2\/media\/6280"}],"wp:attachment":[{"href":"https:\/\/rckopen.com\/cs\/wp-json\/wp\/v2\/media?parent=6266"}],"wp:term":[{"taxonomy":"product_brand","embeddable":true,"href":"https:\/\/rckopen.com\/cs\/wp-json\/wp\/v2\/product_brand?post=6266"},{"taxonomy":"product_cat","embeddable":true,"href":"https:\/\/rckopen.com\/cs\/wp-json\/wp\/v2\/product_cat?post=6266"},{"taxonomy":"product_tag","embeddable":true,"href":"https:\/\/rckopen.com\/cs\/wp-json\/wp\/v2\/product_tag?post=6266"}],"curies":[{"name":"wp","href":"https:\/\/api.w.org\/{rel}","templated":true}]}}