{"id":6267,"date":"2023-08-14T08:42:00","date_gmt":"2023-08-14T08:42:00","guid":{"rendered":"https:\/\/diligentplug.com\/chems\/?post_type=product&#038;p=6267"},"modified":"2026-03-03T07:00:40","modified_gmt":"2026-03-03T07:00:40","slug":"2-fma","status":"publish","type":"product","link":"https:\/\/rckopen.com\/cs\/produkt\/2-fma\/","title":{"rendered":"2-FMA Koupit online"},"content":{"rendered":"<h2 data-start=\"63\" data-end=\"131\"><strong data-start=\"63\" data-end=\"131\">2-FMA Online Kopen \u2013 Premium 2-Fluormethamfetamine voor Onderzoek<\/strong><\/h2>\n<h3 data-start=\"133\" data-end=\"617\"><strong data-start=\"133\" data-end=\"174\">Co je 2-FMA (2-fluoromethamfetamin)?<\/strong><\/h3>\n<p data-start=\"133\" data-end=\"617\"><a href=\"https:\/\/rckopen.com\/cs\/\">2-FMA,<\/a> 2-Fluormethamphetamine, neboli 2-Fluormethamphetamine, je siln\u00e1 v\u00fdzkumn\u00e1 chemik\u00e1lie pat\u0159\u00edc\u00ed do rodiny substituovan\u00e9ho metamfetaminu. 2-FMA, zn\u00e1m\u00fd pro sv\u00e9 stimula\u010dn\u00ed vlastnosti, se \u0161iroce pou\u017e\u00edv\u00e1 ve v\u011bdeck\u00fdch studi\u00edch d\u00edky sv\u00e9mu jedine\u010dn\u00e9mu profilu, kter\u00fd kombinuje kognitivn\u00ed zlep\u0161en\u00ed se soust\u0159ed\u011bnou energi\u00ed. Je obl\u00edbenou volbou mezi v\u00fdzkumn\u00edky a nad\u0161enci chemie, kte\u0159\u00ed hledaj\u00ed spolehliv\u00e9 a konzistentn\u00ed slou\u010deniny.<\/p>\n<h3 data-start=\"619\" data-end=\"1025\"><strong data-start=\"619\" data-end=\"651\">Obecn\u00e9 pou\u017eit\u00ed a \u00fa\u010dinky<\/strong><\/h3>\n<p data-start=\"619\" data-end=\"1025\"><br data-start=\"651\" data-end=\"654\" \/>2-FMA se \u010dasto pou\u017e\u00edv\u00e1 v kontrolovan\u00fdch laboratorn\u00edch podm\u00ednk\u00e1ch ke studiu jeho \u00fa\u010dink\u016f na neurochemii a kognitivn\u00ed funkce. U\u017eivatel\u00e9 uv\u00e1d\u011bj\u00ed zv\u00fd\u0161enou bd\u011blost, du\u0161evn\u00ed jasnost a motivaci, co\u017e ho \u010din\u00ed cenn\u00fdm pro v\u00fdzkum stimula\u010dn\u00ed farmakologie. Jeho vyv\u00e1\u017een\u00e9 stimula\u010dn\u00ed \u00fa\u010dinky \u010din\u00ed z 2-FMA obl\u00edbenou l\u00e1tku pro experiment\u00e1ln\u00ed v\u00fdzkum.<\/p>\n<h3 data-start=\"1027\" data-end=\"1555\"><strong data-start=\"1027\" data-end=\"1057\">Pro\u010d nakupovat 2-FMA online?<\/strong><\/h3>\n<p data-start=\"1027\" data-end=\"1555\"><br data-start=\"1057\" data-end=\"1060\" \/>Het <a href=\"https:\/\/en.wikipedia.org\/wiki\/2-Fluoromethamphetamine\"><strong>koupit 2-FMA online<\/strong><\/a> nab\u00edz\u00ed bezkonkuren\u010dn\u00ed pohodl\u00ed a dostupnost. Mnoho online prodejc\u016f nab\u00edz\u00ed r\u016fzn\u00e9 mo\u017enosti d\u00e1vkov\u00e1n\u00ed, v\u010detn\u011b \u010dist\u00e9ho pr\u00e1\u0161ku a tablet. Online nakupov\u00e1n\u00ed \u010dasto znamen\u00e1 konkurenceschopn\u00e9 ceny se slevami za hromadn\u00fd n\u00e1kup pro seri\u00f3zn\u00ed v\u00fdzkumn\u00edky. A\u0165 u\u017e pot\u0159ebujete mal\u00e9 mno\u017estv\u00ed pro testov\u00e1n\u00ed nebo v\u011bt\u0161\u00ed mno\u017estv\u00ed pro rozs\u00e1hl\u00fd v\u00fdzkum, n\u00e1kup 2-FMA online v\u00e1m zaru\u010d\u00ed, \u017ee z\u00edsk\u00e1te p\u0159esn\u011b to, co pot\u0159ebujete.<\/p>\n<h3 data-start=\"1557\" data-end=\"2056\"><strong data-start=\"1557\" data-end=\"1588\">Pr\u00e1vn\u00ed status 2-FMA<\/strong><\/h3>\n<p data-start=\"1557\" data-end=\"2056\"><br data-start=\"1588\" data-end=\"1591\" \/>Pr\u00e1vn\u00ed status l\u00e1tky 2-FMA se li\u0161\u00ed v jednotliv\u00fdch zem\u00edch a m\u016f\u017ee b\u00fdt slo\u017eit\u00fd. P\u0159ed n\u00e1kupem je nezbytn\u00e9 ov\u011b\u0159it si m\u00edstn\u00ed p\u0159edpisy, abyste se vyhnuli pr\u00e1vn\u00edm komplikac\u00edm. N\u011bkter\u00e9 zem\u011b klasifikuj\u00ed 2-FMA jako kontrolovanou l\u00e1tku, zat\u00edmco jin\u00e9 povoluj\u00ed jej\u00ed dr\u017een\u00ed pro v\u00fdzkumn\u00e9 \u00fa\u010dely. Pochopen\u00ed specifick\u00fdch z\u00e1kon\u016f va\u0161\u00ed zem\u011b t\u00fdkaj\u00edc\u00edch se v\u00fdzkumn\u00fdch chemik\u00e1li\u00ed je nezbytn\u00e9 pro bezpe\u010dn\u00fd a leg\u00e1ln\u00ed n\u00e1kup.<\/p>\n<h3 data-start=\"2058\" data-end=\"2552\"><strong data-start=\"2058\" data-end=\"2111\">Jak identifikovat d\u016fv\u011bryhodn\u00e9 online prodejce<\/strong><\/h3>\n<p data-start=\"2058\" data-end=\"2552\"><br data-start=\"2111\" data-end=\"2114\" \/>Wanneer je 2-FMA online koopt, kies dan altijd voor vertrouwde marktplaatsen en directe leveranciers met bewezen geloofwaardigheid. Zoek naar verkopers die certificaten van analyse (COA) of laboratoriumrapporten verstrekken ter bevestiging van de zuiverheid van het product. Klantbeoordelingen en feedback uit de community zijn waardevolle bronnen om gerenommeerde verkopers te identificeren en oplichters of namaakproducten te vermijden.<\/p>\n<h3 data-start=\"2554\" data-end=\"2931\"><strong data-start=\"2554\" data-end=\"2605\">Bezpe\u010dnostn\u00ed tipy pro n\u00e1kup 2-FMA online<\/strong><\/h3>\n<p data-start=\"2554\" data-end=\"2931\"><br data-start=\"2605\" data-end=\"2608\" \/>Pro ochranu va\u0161ich finan\u010dn\u00edch \u00fadaj\u016f doporu\u010dujeme bezpe\u010dn\u00e9 platebn\u00ed metody, jako jsou kryptom\u011bny a kreditn\u00ed karty. Vyb\u00edrejte si prodejce, kte\u0159\u00ed nab\u00edzej\u00ed diskr\u00e9tn\u00ed balen\u00ed a nen\u00e1padn\u00e9 doru\u010den\u00ed, abyste zachovali sv\u00e9 soukrom\u00ed. V\u017edy chra\u0148te sv\u00e9 osobn\u00ed \u00fadaje a bu\u010fte opatrn\u00ed p\u0159i sd\u00edlen\u00ed dat online.<\/p>\n<h3 data-start=\"2933\" data-end=\"3309\"><strong data-start=\"2933\" data-end=\"2969\">D\u00e1vkov\u00e1n\u00ed a u\u017e\u00edv\u00e1n\u00ed<\/strong><\/h3>\n<p data-start=\"2933\" data-end=\"3309\"><br data-start=\"2969\" data-end=\"2972\" \/>Pou\u017e\u00edvejte 2-FMA pouze pro v\u00fdzkumn\u00e9 \u00fa\u010dely a striktn\u011b dodr\u017eujte doporu\u010den\u00e9 d\u00e1vkov\u00e1n\u00ed, abyste zajistili bezpe\u010dnost a \u00fa\u010dinnost. Za\u010dn\u011bte s minim\u00e1ln\u00edm mno\u017estv\u00edm a vyhn\u011bte se p\u0159ed\u00e1vkov\u00e1n\u00ed pe\u010dliv\u00fdm dodr\u017eov\u00e1n\u00edm pokyn\u016f. Skladujte 2-FMA na chladn\u00e9m, such\u00e9m a tmav\u00e9m m\u00edst\u011b, aby se zachovala jeho \u00fa\u010dinnost a trvanlivost.<\/p>\n<h3 data-start=\"3311\" data-end=\"3683\"><strong data-start=\"3311\" data-end=\"3367\">Veelvoorkomende Bijwerkingen en Voorzorgsmaatregelen<\/strong><\/h3>\n<p data-start=\"3311\" data-end=\"3683\"><br data-start=\"3367\" data-end=\"3370\" \/>P\u0159esto\u017ee je 2-FMA prim\u00e1rn\u011b ur\u010den pro v\u00fdzkum, m\u011bli byste si b\u00fdt v\u011bdomi potenci\u00e1ln\u00edch rizik, jako je zv\u00fd\u0161en\u00e1 srde\u010dn\u00ed frekvence, \u00fazkost nebo nervozita, kter\u00e9 byly hl\u00e1\u0161eny neofici\u00e1ln\u011b. Pokud se u v\u00e1s vyskytnou jak\u00e9koli ne\u017e\u00e1douc\u00ed \u00fa\u010dinky, p\u0159eru\u0161te u\u017e\u00edv\u00e1n\u00ed a v p\u0159\u00edpad\u011b pot\u0159eby se pora\u010fte s kvalifikovan\u00fdm zdravotnick\u00fdm pracovn\u00edkem. Up\u0159ednost\u0148ujte bezpe\u010dnost a s l\u00e1tkou zach\u00e1zejte zodpov\u011bdn\u011b.<\/p>\n<h3 data-start=\"3685\" data-end=\"4132\"><strong data-start=\"3685\" data-end=\"3698\">Z\u00e1v\u011br<\/strong><\/h3>\n<p data-start=\"3685\" data-end=\"4132\"><br data-start=\"3698\" data-end=\"3701\" \/>Hled\u00e1te 2-FMA online? Na\u0161e platforma nab\u00edz\u00ed vysoce kvalitn\u00ed, laboratorn\u011b testovan\u00e9 <strong>2-FMA na prodej<\/strong> za skv\u011blou cenu, co\u017e z n\u011bj d\u011bl\u00e1 nejlep\u0161\u00ed m\u00edsto k <a href=\"https:\/\/rckopen.com\/cs\/produkt\/2-fma\/\"><strong>2-FMA te kopen<\/strong><\/a> Pro va\u0161e v\u00fdzkumn\u00e9 pot\u0159eby. S ov\u011b\u0159en\u00fdmi prodejci, bezpe\u010dn\u00fdmi mo\u017enostmi platby a diskr\u00e9tn\u00edm doru\u010den\u00edm si m\u016f\u017eete objedn\u00e1vat s jistotou a snadno. Objevte pln\u00fd potenci\u00e1l 2-fluorometamfetaminu \u2013 objednejte si sv\u016fj 2-FMA online je\u0161t\u011b dnes!<\/p>","protected":false},"excerpt":{"rendered":"<p><strong>N\u00e1zev IUPAC: <\/strong>2-fluoro-N-(x-dimethyl-benzenethenamin)<\/p>\n<p><strong>CAS # <\/strong>1780004-19-4<\/p>\n<p><strong>Vzhled: <\/strong>pr\u00e1\u0161ek<\/p>\n<p><strong>NMR anal\u00fdza: <\/strong>NEUPLAT\u0147UJE SE<\/p>","protected":false},"featured_media":6321,"comment_status":"open","ping_status":"closed","template":"","meta":{"_joinchat":[]},"product_brand":[],"product_cat":[127],"product_tag":[],"class_list":{"0":"post-6267","1":"product","2":"type-product","3":"status-publish","4":"has-post-thumbnail","6":"product_cat-amfetamine","8":"first","9":"instock","10":"shipping-taxable","11":"purchasable","12":"product-type-variable"},"yoast_head":"<!-- This site is optimized with the Yoast SEO plugin v26.3 - https:\/\/yoast.com\/wordpress\/plugins\/seo\/ -->\n<title>2-FMA online Kopen - 2-FMA online te koop<\/title>\n<meta name=\"description\" content=\"In onze RCKopen-winkel kunt u 2-fma tegen lage tarieven te koop krijgen. Wij werken alleen met A-kwaliteit producten. 2-fma nu online kopen in onze winkel.\" \/>\n<meta name=\"robots\" content=\"index, follow, max-snippet:-1, max-image-preview:large, max-video-preview:-1\" \/>\n<link rel=\"canonical\" href=\"https:\/\/rckopen.com\/cs\/produkt\/2-fma\/\" \/>\n<meta property=\"og:locale\" content=\"cs_CZ\" \/>\n<meta property=\"og:type\" content=\"article\" \/>\n<meta property=\"og:title\" content=\"2-FMA online Kopen - 2-FMA online te koop\" \/>\n<meta property=\"og:description\" content=\"In onze RCKopen-winkel kunt u 2-fma tegen lage tarieven te koop krijgen. Wij werken alleen met A-kwaliteit producten. 2-fma nu online kopen in onze winkel.\" \/>\n<meta property=\"og:url\" content=\"https:\/\/rckopen.com\/cs\/produkt\/2-fma\/\" \/>\n<meta property=\"og:site_name\" content=\"RC Kopen\" \/>\n<meta property=\"article:modified_time\" content=\"2026-03-03T07:00:40+00:00\" \/>\n<meta property=\"og:image\" content=\"https:\/\/rckopen.com\/wp-content\/uploads\/2023\/08\/2-FMA.jpg\" \/>\n\t<meta property=\"og:image:width\" content=\"600\" \/>\n\t<meta property=\"og:image:height\" content=\"600\" \/>\n\t<meta property=\"og:image:type\" content=\"image\/jpeg\" \/>\n<meta name=\"twitter:card\" content=\"summary_large_image\" \/>\n<meta name=\"twitter:label1\" content=\"Odhadovan\u00e1 doba \u010dten\u00ed\" \/>\n\t<meta name=\"twitter:data1\" content=\"3 minuty\" \/>\n<script type=\"application\/ld+json\" class=\"yoast-schema-graph\">{\"@context\":\"https:\/\/schema.org\",\"@graph\":[{\"@type\":\"WebPage\",\"@id\":\"https:\/\/rckopen.com\/product\/2-fma\/\",\"url\":\"https:\/\/rckopen.com\/product\/2-fma\/\",\"name\":\"2-FMA online Kopen - 2-FMA online te koop\",\"isPartOf\":{\"@id\":\"https:\/\/rckopen.com\/#website\"},\"primaryImageOfPage\":{\"@id\":\"https:\/\/rckopen.com\/product\/2-fma\/#primaryimage\"},\"image\":{\"@id\":\"https:\/\/rckopen.com\/product\/2-fma\/#primaryimage\"},\"thumbnailUrl\":\"https:\/\/rckopen.com\/wp-content\/uploads\/2023\/08\/2-FMA.jpg\",\"datePublished\":\"2023-08-14T08:42:00+00:00\",\"dateModified\":\"2026-03-03T07:00:40+00:00\",\"description\":\"In onze RCKopen-winkel kunt u 2-fma tegen lage tarieven te koop krijgen. Wij werken alleen met A-kwaliteit producten. 2-fma nu online kopen in onze winkel.\",\"breadcrumb\":{\"@id\":\"https:\/\/rckopen.com\/product\/2-fma\/#breadcrumb\"},\"inLanguage\":\"cs\",\"potentialAction\":[{\"@type\":\"ReadAction\",\"target\":[\"https:\/\/rckopen.com\/product\/2-fma\/\"]}]},{\"@type\":\"ImageObject\",\"inLanguage\":\"cs\",\"@id\":\"https:\/\/rckopen.com\/product\/2-fma\/#primaryimage\",\"url\":\"https:\/\/rckopen.com\/wp-content\/uploads\/2023\/08\/2-FMA.jpg\",\"contentUrl\":\"https:\/\/rckopen.com\/wp-content\/uploads\/2023\/08\/2-FMA.jpg\",\"width\":600,\"height\":600,\"caption\":\"2-FMA online kopen\"},{\"@type\":\"BreadcrumbList\",\"@id\":\"https:\/\/rckopen.com\/product\/2-fma\/#breadcrumb\",\"itemListElement\":[{\"@type\":\"ListItem\",\"position\":1,\"name\":\"Home\",\"item\":\"https:\/\/rckopen.com\/\"},{\"@type\":\"ListItem\",\"position\":2,\"name\":\"Shop\",\"item\":\"https:\/\/rckopen.com\/shop\/\"},{\"@type\":\"ListItem\",\"position\":3,\"name\":\"2-FMA Online Kopen\"}]},{\"@type\":\"WebSite\",\"@id\":\"https:\/\/rckopen.com\/#website\",\"url\":\"https:\/\/rckopen.com\/\",\"name\":\"RC Kopen\",\"description\":\"Research Chemicals\",\"potentialAction\":[{\"@type\":\"SearchAction\",\"target\":{\"@type\":\"EntryPoint\",\"urlTemplate\":\"https:\/\/rckopen.com\/?s={search_term_string}\"},\"query-input\":{\"@type\":\"PropertyValueSpecification\",\"valueRequired\":true,\"valueName\":\"search_term_string\"}}],\"inLanguage\":\"cs\"}]}<\/script>\n<!-- \/ Yoast SEO plugin. -->","yoast_head_json":{"title":"2-FMA online Kopen - 2-FMA online te koop","description":"In onze RCKopen-winkel kunt u 2-fma tegen lage tarieven te koop krijgen. Wij werken alleen met A-kwaliteit producten. 2-fma nu online kopen in onze winkel.","robots":{"index":"index","follow":"follow","max-snippet":"max-snippet:-1","max-image-preview":"max-image-preview:large","max-video-preview":"max-video-preview:-1"},"canonical":"https:\/\/rckopen.com\/cs\/produkt\/2-fma\/","og_locale":"cs_CZ","og_type":"article","og_title":"2-FMA online Kopen - 2-FMA online te koop","og_description":"In onze RCKopen-winkel kunt u 2-fma tegen lage tarieven te koop krijgen. Wij werken alleen met A-kwaliteit producten. 2-fma nu online kopen in onze winkel.","og_url":"https:\/\/rckopen.com\/cs\/produkt\/2-fma\/","og_site_name":"RC Kopen","article_modified_time":"2026-03-03T07:00:40+00:00","og_image":[{"width":600,"height":600,"url":"https:\/\/rckopen.com\/wp-content\/uploads\/2023\/08\/2-FMA.jpg","type":"image\/jpeg"}],"twitter_card":"summary_large_image","twitter_misc":{"Odhadovan\u00e1 doba \u010dten\u00ed":"3 minuty"},"schema":{"@context":"https:\/\/schema.org","@graph":[{"@type":"WebPage","@id":"https:\/\/rckopen.com\/product\/2-fma\/","url":"https:\/\/rckopen.com\/product\/2-fma\/","name":"2-FMA online Kopen - 2-FMA online te koop","isPartOf":{"@id":"https:\/\/rckopen.com\/#website"},"primaryImageOfPage":{"@id":"https:\/\/rckopen.com\/product\/2-fma\/#primaryimage"},"image":{"@id":"https:\/\/rckopen.com\/product\/2-fma\/#primaryimage"},"thumbnailUrl":"https:\/\/rckopen.com\/wp-content\/uploads\/2023\/08\/2-FMA.jpg","datePublished":"2023-08-14T08:42:00+00:00","dateModified":"2026-03-03T07:00:40+00:00","description":"In onze RCKopen-winkel kunt u 2-fma tegen lage tarieven te koop krijgen. Wij werken alleen met A-kwaliteit producten. 2-fma nu online kopen in onze winkel.","breadcrumb":{"@id":"https:\/\/rckopen.com\/product\/2-fma\/#breadcrumb"},"inLanguage":"cs","potentialAction":[{"@type":"ReadAction","target":["https:\/\/rckopen.com\/product\/2-fma\/"]}]},{"@type":"ImageObject","inLanguage":"cs","@id":"https:\/\/rckopen.com\/product\/2-fma\/#primaryimage","url":"https:\/\/rckopen.com\/wp-content\/uploads\/2023\/08\/2-FMA.jpg","contentUrl":"https:\/\/rckopen.com\/wp-content\/uploads\/2023\/08\/2-FMA.jpg","width":600,"height":600,"caption":"2-FMA online kopen"},{"@type":"BreadcrumbList","@id":"https:\/\/rckopen.com\/product\/2-fma\/#breadcrumb","itemListElement":[{"@type":"ListItem","position":1,"name":"Home","item":"https:\/\/rckopen.com\/"},{"@type":"ListItem","position":2,"name":"Shop","item":"https:\/\/rckopen.com\/shop\/"},{"@type":"ListItem","position":3,"name":"2-FMA Online Kopen"}]},{"@type":"WebSite","@id":"https:\/\/rckopen.com\/#website","url":"https:\/\/rckopen.com\/","name":"RC Kopen","description":"Research Chemicals","potentialAction":[{"@type":"SearchAction","target":{"@type":"EntryPoint","urlTemplate":"https:\/\/rckopen.com\/?s={search_term_string}"},"query-input":{"@type":"PropertyValueSpecification","valueRequired":true,"valueName":"search_term_string"}}],"inLanguage":"cs"}]}},"_links":{"self":[{"href":"https:\/\/rckopen.com\/cs\/wp-json\/wp\/v2\/product\/6267","targetHints":{"allow":["GET"]}}],"collection":[{"href":"https:\/\/rckopen.com\/cs\/wp-json\/wp\/v2\/product"}],"about":[{"href":"https:\/\/rckopen.com\/cs\/wp-json\/wp\/v2\/types\/product"}],"replies":[{"embeddable":true,"href":"https:\/\/rckopen.com\/cs\/wp-json\/wp\/v2\/comments?post=6267"}],"wp:featuredmedia":[{"embeddable":true,"href":"https:\/\/rckopen.com\/cs\/wp-json\/wp\/v2\/media\/6321"}],"wp:attachment":[{"href":"https:\/\/rckopen.com\/cs\/wp-json\/wp\/v2\/media?parent=6267"}],"wp:term":[{"taxonomy":"product_brand","embeddable":true,"href":"https:\/\/rckopen.com\/cs\/wp-json\/wp\/v2\/product_brand?post=6267"},{"taxonomy":"product_cat","embeddable":true,"href":"https:\/\/rckopen.com\/cs\/wp-json\/wp\/v2\/product_cat?post=6267"},{"taxonomy":"product_tag","embeddable":true,"href":"https:\/\/rckopen.com\/cs\/wp-json\/wp\/v2\/product_tag?post=6267"}],"curies":[{"name":"wp","href":"https:\/\/api.w.org\/{rel}","templated":true}]}}