{"id":6268,"date":"2023-08-14T08:42:07","date_gmt":"2023-08-14T08:42:07","guid":{"rendered":"https:\/\/diligentplug.com\/chems\/?post_type=product&#038;p=6268"},"modified":"2025-01-11T08:44:02","modified_gmt":"2025-01-11T08:44:02","slug":"4-fma","status":"publish","type":"product","link":"https:\/\/rckopen.com\/cs\/produkt\/4-fma\/","title":{"rendered":"4-FMA"},"content":{"rendered":"<h2>Obecn\u00e9 informace 4-FMA<\/h2>\n<p><a href=\"https:\/\/rckopen.com\/cs\/produkt\/4-fma\/\">Koupit 4-FMA online<\/a>Koupit 4-FMA online, 4-fluorometamfetamin (4-FMA) je m\u00e9n\u011b popul\u00e1rn\u00ed nov\u00fd stimula\u010dn\u00ed entaktogen ze t\u0159\u00eddy amfetamin\u016f. 4-FMA je um\u011ble spojov\u00e1n s 4-FA a metamfetaminem. O jeho farmakologii je zn\u00e1mo jen m\u00e1lo. Pravd\u011bpodobn\u011b v\u0161ak p\u0159in\u00e1\u0161\u00ed sv\u00e9 v\u00fdsledky zv\u00fd\u0161en\u00edm hladiny dopaminu, noradrenalinu a serotoninu v mysli.<\/p>\n<h3>Chemick\u00e9 slo\u017een\u00ed 4-FMA<\/h3>\n<p>V\u00fdzkumn\u00e1 chemick\u00e1 l\u00e1tka 4-FMA, 4-fluorometamfetamin, je nov\u00fd entaktogenn\u00ed stimulant a slou\u010denina. Tyto molekuly obsahuj\u00ed fenetylaminov\u00e9 j\u00e1dro spojen\u00e9 s fenylov\u00fdm kruhem na amino (NH-2) spojen\u00e9 s R prost\u0159ednictv\u00edm \u0159et\u011bzce obsahuj\u00edc\u00edho ethyl-extra-methylovou substituci.<\/p>\n<p>Tato forma obsahuje atom fluoru v R-4 fenylov\u00e9ho kruhu alfa-methylfenetylaminu. 4-fluorometamfetamin, tak\u017ee se jedn\u00e1 o fluorovan\u00fd analog metamfetaminu.<\/p>\n<h3>Farmakologie 4-FMA<\/h3>\n<p><a href=\"https:\/\/en.wikipedia.org\/wiki\/4-Fluoromethamphetamine\">4-FMA<\/a> 4-FMA je p\u0159\u00edbuzn\u00fd 4-FA a metamfetaminu. 4-FMA uvol\u0148uje l\u00e1tku podobnou dopaminu. Zvy\u0161uje funkci mozku na vy\u0161\u0161\u00ed \u00farove\u0148, co\u017e vede k osv\u011b\u017euj\u00edc\u00edm a vzru\u0161uj\u00edc\u00edm v\u00fdsledk\u016fm. Mezi zn\u00e1m\u00e9 \u00fa\u010dinky pat\u0159\u00ed vysok\u00e1 produktivita a soust\u0159ed\u011bn\u00ed, kter\u00e9 zlep\u0161uj\u00ed koncentraci stejn\u011b jako u 4-FA.<\/p>\n<p>Vliv t\u011bchto v\u00fdzkumn\u00fdch chemick\u00fdch l\u00e1tek m\u016f\u017ee v\u00e9st k vy\u0161\u0161\u00edmu hudebn\u00edmu ocen\u011bn\u00ed a poskytnout pocit propojen\u00ed. Sv\u00e9 \u00fa\u010dinky zp\u016fsobuje zv\u00fd\u0161en\u00edm hladiny dopaminu, noradrenalinu a serotoninu v mozku, ale z farmakologie je o nich zn\u00e1mo jen m\u00e1lo.<\/p>\n<p>Koupit 4-FMA online byl poprv\u00e9 objeven v Japonsku v roce 2006 ke studiu 2-fluoroamfetaminu (2-FA), 3-fluoroamfetaminu (3-FA) a 4-fluoroamfetaminu 4-FA.<\/p>\n<p>V\u00fdsledky 4-FMA jsou pops\u00e1ny jako subjektivn\u011b zji\u0161t\u011bn\u00e9 mezi 4-FA a 4-FMP a jsou podobn\u00e9 v\u00fdsledk\u016fm jin\u00fdch amfetamin\u016f obsahuj\u00edc\u00edch amfetamin, jako je XTC.<\/p>\n<h3>Koupit vysoce kvalitn\u00ed 4-FMA<\/h3>\n<p><a href=\"https:\/\/rckopen.com\/cs\/\">Rckopen.com<\/a> Spole\u010dnost RC Kopen m\u00e1 dlouholet\u00e9 zku\u0161enosti s v\u00fdzkumem v oblasti chemick\u00e9ho designu, co\u017e n\u00e1m umo\u017e\u0148uje zaru\u010dit \u010distotu na\u0161ich v\u00fdrobk\u016f. Na t\u011bchto webov\u00fdch str\u00e1nk\u00e1ch nyn\u00ed najdete v na\u0161em sortimentu pr\u00e1\u0161ek 4-FMA. V\u00fdzkumn\u00e9 chemik\u00e1lie, v\u010detn\u011b v\u00fdzkumn\u00fdch chemik\u00e1li\u00ed 4-FMA, jsou pe\u010dliv\u011b p\u0159epravov\u00e1ny, skladov\u00e1ny a uchov\u00e1v\u00e1ny ve vynikaj\u00edc\u00edch, such\u00fdch podm\u00ednk\u00e1ch.<\/p>\n<p>Tento v\u00fdrobek skladujte v dobr\u00fdch skladovac\u00edch podm\u00ednk\u00e1ch, aby si zachoval st\u00e1lou kvalitu. Udr\u017een\u00ed st\u00e1l\u00e9 kvality je pro kvalitu va\u0161eho v\u00fdrobku z\u00e1sadn\u00ed. M\u016f\u017ee zp\u016fsobit podr\u00e1\u017ed\u011bn\u00ed d\u00fdchac\u00edch cest.<\/p>\n<p>V\u0161echny v\u00fdzkumn\u00e9 chemik\u00e1lie jsou pravideln\u011b testov\u00e1ny na kvalitu, \u010distotu a bezpe\u010dnost. Kupte si je nyn\u00ed za rozumnou cenu.<\/p>\n<p>Pokud milujete pudr a chcete ohromuj\u00edc\u00ed v\u011bci? Pokud m\u00e1te r\u00e1di ohromuj\u00edc\u00ed v\u011bci, m\u016f\u017eete si na na\u0161ich webov\u00fdch str\u00e1nk\u00e1ch koupit v\u00fdzkumn\u00e9 chemik\u00e1lie za rozumn\u00e9 ceny. Na na\u0161ich webov\u00fdch str\u00e1nk\u00e1ch si m\u016f\u017eete koupit v\u00fdzkumn\u00e9 chemik\u00e1lie za p\u0159ijateln\u00e9 ceny. V\u00fdzkumn\u00e9 chemik\u00e1lie si m\u016f\u017eete snadno koupit na internetu za rozumn\u00e9 ceny.<\/p>\n<p>V\u00e1\u0161 produkt bude chyt\u0159e zabalen a odesl\u00e1n zdarma. Zakupte si produkt pouze pro v\u00fdzkumn\u00e9 \u00fa\u010dely. P\u0159i objedn\u00e1vce u n\u00e1s m\u00e1te zaru\u010den kvalitn\u00ed servis. Zaru\u010dujeme v\u00e1m dobr\u00fd servis.<\/p>\n<p>V\u0161echny produkty, v\u010detn\u011b v\u00fdzkumn\u00fdch chemick\u00fdch l\u00e1tek 4-FAM nebo 4-FA, maj\u00ed spravedlivou cenu.<\/p>\n<h3>Laboratorn\u011b testovan\u00e1 4-FMA s v\u00fdsledky.<\/h3>\n<p>Spole\u010dnost RC Kopen d\u011bl\u00e1 pokroky sm\u011brem k celkov\u00e9 spokojenosti sv\u00fdch z\u00e1kazn\u00edk\u016f. N\u011bkolik pr\u016fzkum\u016f uk\u00e1zalo, \u017ee z\u00e1kazn\u00edci p\u0159ed n\u00e1kupem syntetick\u00fdch v\u00fdzkumn\u00fdch chemik\u00e1li\u00ed po\u017eaduj\u00ed tolik \u00fadaj\u016f, kolik se o\u010dek\u00e1v\u00e1. Krom\u011b toho zve\u0159ej\u0148ujeme v\u0161echny laboratorn\u00ed d\u016fsledky ka\u017ed\u00e9 v\u00fdzkumn\u00e9 chemick\u00e9 l\u00e1tky v z\u00e1znamu ve form\u00e1tu PDF.<\/p>\n<p>Na\u0161e 4-FMA d\u016fsledn\u011b spl\u0148uje \u00fa\u010dinn\u00e9 l\u00e1tky a je pro v\u0161echny jasn\u011b viditeln\u00e1.<\/p>\n<p>V\u0161echny laboratorn\u00ed d\u016fsledky ka\u017ed\u00e9 v\u00fdzkumn\u00e9 chemick\u00e9 l\u00e1tky distribuujeme v dokumentu PDF.<\/p>\n<h3>Bezpe\u010dn\u00e9 objedn\u00e1n\u00ed u 4-FMA.<\/h3>\n<p>Designov\u00e9 v\u00fdzkumn\u00e9 chemik\u00e1lie RC Kopen maj\u00ed vynikaj\u00edc\u00ed kvalitu a p\u0159\u00edznivou cenu. Proto v\u00e1m zaru\u010dujeme, \u017ee kdy\u017e si u RC Kopen vy\u017e\u00e1d\u00e1te v\u00fdzkumn\u00e9 chemik\u00e1lie, doru\u010d\u00edme v\u00e1m v\u00e1\u0161 po\u017eadavek rychle a bezpe\u010dn\u011b dom\u016f, proto\u017ee prodej v\u00fdzkumn\u00fdch chemik\u00e1li\u00ed je na RC Kopen v\u017edy k dispozici.<\/p>\n<p>Vy\u017e\u00e1dat si syntetick\u00e9 v\u00fdzkumn\u00e9 slou\u010deniny pomoc\u00ed Bitcoinu nebo bankovn\u00edm p\u0159evodem je u RC Kopen snadn\u00e9.<\/p>\n<p>Pr\u00e1\u0161ek pro v\u00fdzkumn\u00e9 chemik\u00e1lie odes\u00edl\u00e1me tent\u00fd\u017e pracovn\u00ed den, pokud platbu obdr\u017e\u00edte do 15:00 SEL\u010c.<\/p>\n<p>Nedoru\u010dujeme zbo\u017e\u00ed osob\u00e1m mlad\u0161\u00edm 18 let.<a href=\"https:\/\/rckopen.com\/cs\/produkt\/2-fma\/\">!<\/a><\/p>\n<p>Prodej v\u00fdzkumn\u00fdch chemick\u00fdch l\u00e1tek je ur\u010den pouze pro v\u00fdzkumn\u00e9 \u00fa\u010dely.<\/p>\n<h3>Diskr\u00e9tn\u00ed p\u0159eprava v\u00fdzkumn\u00fdch chemick\u00fdch l\u00e1tek<a href=\"https:\/\/en.wikipedia.org\/wiki\/4-Fluoromethamphetamine\">.<\/a><\/h3>\n<p>Spole\u010dnost RC Buy zabal\u00ed va\u0161i objedn\u00e1vku bezpe\u010dn\u011b a spolehliv\u011b, aby zajistila spr\u00e1vnou p\u0159epravu. Nav\u00edc bal\u00edme dokonale nen\u00e1padn\u011b a na vn\u011bj\u0161\u00ed stran\u011b nen\u00ed vid\u011bt nic z toho, co by mohlo b\u00fdt uvnit\u0159vBuy 4-FMA online.<\/p>","protected":false},"excerpt":{"rendered":"<p><strong>N\u00e1zev IUPAC: <\/strong>n\u00e1zev 1-(4-fluorofenyl)-N-methylpropan-2-amin<\/p>\n<p><strong>CAS # <\/strong>52063-62-4<\/p>\n<p><strong>Dal\u0161\u00ed n\u00e1zev: <\/strong>4-fluorometamfetamin<\/p>\n<p><strong>Vzhled: <\/strong>pr\u00e1\u0161ek<\/p>\n<p><strong>Forma: <\/strong>HCL<\/p>\n<p><strong>NMR anal\u00fdza: <\/strong>C10H14FN - HCl<\/p>","protected":false},"featured_media":6322,"comment_status":"open","ping_status":"closed","template":"","meta":{"_joinchat":[]},"product_brand":[],"product_cat":[127],"product_tag":[],"class_list":{"0":"post-6268","1":"product","2":"type-product","3":"status-publish","4":"has-post-thumbnail","6":"product_cat-amfetamine","8":"first","9":"instock","10":"shipping-taxable","11":"purchasable","12":"product-type-variable"},"yoast_head":"<!-- This site is optimized with the Yoast SEO plugin v26.3 - https:\/\/yoast.com\/wordpress\/plugins\/seo\/ -->\n<title>Koop 4-FMA online - 4-FMA te kopen - Bestel 4-FMA<\/title>\n<meta name=\"description\" content=\"Koop 4-FMA online, dan zijn wij de juiste keuze voor jou. Onze medewerkers zullen je helpen 4-FMA online te kopen tegen goedkope tarieven.\" \/>\n<meta name=\"robots\" content=\"index, follow, max-snippet:-1, max-image-preview:large, max-video-preview:-1\" \/>\n<link rel=\"canonical\" href=\"https:\/\/rckopen.com\/cs\/produkt\/4-fma\/\" \/>\n<meta property=\"og:locale\" content=\"cs_CZ\" \/>\n<meta property=\"og:type\" content=\"article\" \/>\n<meta property=\"og:title\" content=\"Koop 4-FMA online - 4-FMA te kopen - Bestel 4-FMA\" \/>\n<meta property=\"og:description\" content=\"Koop 4-FMA online, dan zijn wij de juiste keuze voor jou. Onze medewerkers zullen je helpen 4-FMA online te kopen tegen goedkope tarieven.\" \/>\n<meta property=\"og:url\" content=\"https:\/\/rckopen.com\/cs\/produkt\/4-fma\/\" \/>\n<meta property=\"og:site_name\" content=\"RC Kopen\" \/>\n<meta property=\"article:modified_time\" content=\"2025-01-11T08:44:02+00:00\" \/>\n<meta property=\"og:image\" content=\"https:\/\/rckopen.com\/wp-content\/uploads\/2023\/08\/4-FMA.jpg\" \/>\n\t<meta property=\"og:image:width\" content=\"600\" \/>\n\t<meta property=\"og:image:height\" content=\"600\" \/>\n\t<meta property=\"og:image:type\" content=\"image\/jpeg\" \/>\n<meta name=\"twitter:card\" content=\"summary_large_image\" \/>\n<meta name=\"twitter:label1\" content=\"Odhadovan\u00e1 doba \u010dten\u00ed\" \/>\n\t<meta name=\"twitter:data1\" content=\"4 minuty\" \/>\n<script type=\"application\/ld+json\" class=\"yoast-schema-graph\">{\"@context\":\"https:\/\/schema.org\",\"@graph\":[{\"@type\":\"WebPage\",\"@id\":\"https:\/\/rckopen.com\/product\/4-fma\/\",\"url\":\"https:\/\/rckopen.com\/product\/4-fma\/\",\"name\":\"Koop 4-FMA online - 4-FMA te kopen - Bestel 4-FMA\",\"isPartOf\":{\"@id\":\"https:\/\/rckopen.com\/#website\"},\"primaryImageOfPage\":{\"@id\":\"https:\/\/rckopen.com\/product\/4-fma\/#primaryimage\"},\"image\":{\"@id\":\"https:\/\/rckopen.com\/product\/4-fma\/#primaryimage\"},\"thumbnailUrl\":\"https:\/\/rckopen.com\/wp-content\/uploads\/2023\/08\/4-FMA.jpg\",\"datePublished\":\"2023-08-14T08:42:07+00:00\",\"dateModified\":\"2025-01-11T08:44:02+00:00\",\"description\":\"Koop 4-FMA online, dan zijn wij de juiste keuze voor jou. Onze medewerkers zullen je helpen 4-FMA online te kopen tegen goedkope tarieven.\",\"breadcrumb\":{\"@id\":\"https:\/\/rckopen.com\/product\/4-fma\/#breadcrumb\"},\"inLanguage\":\"cs\",\"potentialAction\":[{\"@type\":\"ReadAction\",\"target\":[\"https:\/\/rckopen.com\/product\/4-fma\/\"]}]},{\"@type\":\"ImageObject\",\"inLanguage\":\"cs\",\"@id\":\"https:\/\/rckopen.com\/product\/4-fma\/#primaryimage\",\"url\":\"https:\/\/rckopen.com\/wp-content\/uploads\/2023\/08\/4-FMA.jpg\",\"contentUrl\":\"https:\/\/rckopen.com\/wp-content\/uploads\/2023\/08\/4-FMA.jpg\",\"width\":600,\"height\":600,\"caption\":\"Koop 4-FMA online\"},{\"@type\":\"BreadcrumbList\",\"@id\":\"https:\/\/rckopen.com\/product\/4-fma\/#breadcrumb\",\"itemListElement\":[{\"@type\":\"ListItem\",\"position\":1,\"name\":\"Home\",\"item\":\"https:\/\/rckopen.com\/\"},{\"@type\":\"ListItem\",\"position\":2,\"name\":\"Shop\",\"item\":\"https:\/\/rckopen.com\/shop\/\"},{\"@type\":\"ListItem\",\"position\":3,\"name\":\"4-FMA\"}]},{\"@type\":\"WebSite\",\"@id\":\"https:\/\/rckopen.com\/#website\",\"url\":\"https:\/\/rckopen.com\/\",\"name\":\"RC Kopen\",\"description\":\"Research Chemicals\",\"potentialAction\":[{\"@type\":\"SearchAction\",\"target\":{\"@type\":\"EntryPoint\",\"urlTemplate\":\"https:\/\/rckopen.com\/?s={search_term_string}\"},\"query-input\":{\"@type\":\"PropertyValueSpecification\",\"valueRequired\":true,\"valueName\":\"search_term_string\"}}],\"inLanguage\":\"cs\"}]}<\/script>\n<!-- \/ Yoast SEO plugin. -->","yoast_head_json":{"title":"Koop 4-FMA online - 4-FMA te kopen - Bestel 4-FMA","description":"Koop 4-FMA online, dan zijn wij de juiste keuze voor jou. Onze medewerkers zullen je helpen 4-FMA online te kopen tegen goedkope tarieven.","robots":{"index":"index","follow":"follow","max-snippet":"max-snippet:-1","max-image-preview":"max-image-preview:large","max-video-preview":"max-video-preview:-1"},"canonical":"https:\/\/rckopen.com\/cs\/produkt\/4-fma\/","og_locale":"cs_CZ","og_type":"article","og_title":"Koop 4-FMA online - 4-FMA te kopen - Bestel 4-FMA","og_description":"Koop 4-FMA online, dan zijn wij de juiste keuze voor jou. Onze medewerkers zullen je helpen 4-FMA online te kopen tegen goedkope tarieven.","og_url":"https:\/\/rckopen.com\/cs\/produkt\/4-fma\/","og_site_name":"RC Kopen","article_modified_time":"2025-01-11T08:44:02+00:00","og_image":[{"width":600,"height":600,"url":"https:\/\/rckopen.com\/wp-content\/uploads\/2023\/08\/4-FMA.jpg","type":"image\/jpeg"}],"twitter_card":"summary_large_image","twitter_misc":{"Odhadovan\u00e1 doba \u010dten\u00ed":"4 minuty"},"schema":{"@context":"https:\/\/schema.org","@graph":[{"@type":"WebPage","@id":"https:\/\/rckopen.com\/product\/4-fma\/","url":"https:\/\/rckopen.com\/product\/4-fma\/","name":"Koop 4-FMA online - 4-FMA te kopen - Bestel 4-FMA","isPartOf":{"@id":"https:\/\/rckopen.com\/#website"},"primaryImageOfPage":{"@id":"https:\/\/rckopen.com\/product\/4-fma\/#primaryimage"},"image":{"@id":"https:\/\/rckopen.com\/product\/4-fma\/#primaryimage"},"thumbnailUrl":"https:\/\/rckopen.com\/wp-content\/uploads\/2023\/08\/4-FMA.jpg","datePublished":"2023-08-14T08:42:07+00:00","dateModified":"2025-01-11T08:44:02+00:00","description":"Koop 4-FMA online, dan zijn wij de juiste keuze voor jou. Onze medewerkers zullen je helpen 4-FMA online te kopen tegen goedkope tarieven.","breadcrumb":{"@id":"https:\/\/rckopen.com\/product\/4-fma\/#breadcrumb"},"inLanguage":"cs","potentialAction":[{"@type":"ReadAction","target":["https:\/\/rckopen.com\/product\/4-fma\/"]}]},{"@type":"ImageObject","inLanguage":"cs","@id":"https:\/\/rckopen.com\/product\/4-fma\/#primaryimage","url":"https:\/\/rckopen.com\/wp-content\/uploads\/2023\/08\/4-FMA.jpg","contentUrl":"https:\/\/rckopen.com\/wp-content\/uploads\/2023\/08\/4-FMA.jpg","width":600,"height":600,"caption":"Koop 4-FMA online"},{"@type":"BreadcrumbList","@id":"https:\/\/rckopen.com\/product\/4-fma\/#breadcrumb","itemListElement":[{"@type":"ListItem","position":1,"name":"Home","item":"https:\/\/rckopen.com\/"},{"@type":"ListItem","position":2,"name":"Shop","item":"https:\/\/rckopen.com\/shop\/"},{"@type":"ListItem","position":3,"name":"4-FMA"}]},{"@type":"WebSite","@id":"https:\/\/rckopen.com\/#website","url":"https:\/\/rckopen.com\/","name":"RC Kopen","description":"Research Chemicals","potentialAction":[{"@type":"SearchAction","target":{"@type":"EntryPoint","urlTemplate":"https:\/\/rckopen.com\/?s={search_term_string}"},"query-input":{"@type":"PropertyValueSpecification","valueRequired":true,"valueName":"search_term_string"}}],"inLanguage":"cs"}]}},"_links":{"self":[{"href":"https:\/\/rckopen.com\/cs\/wp-json\/wp\/v2\/product\/6268","targetHints":{"allow":["GET"]}}],"collection":[{"href":"https:\/\/rckopen.com\/cs\/wp-json\/wp\/v2\/product"}],"about":[{"href":"https:\/\/rckopen.com\/cs\/wp-json\/wp\/v2\/types\/product"}],"replies":[{"embeddable":true,"href":"https:\/\/rckopen.com\/cs\/wp-json\/wp\/v2\/comments?post=6268"}],"wp:featuredmedia":[{"embeddable":true,"href":"https:\/\/rckopen.com\/cs\/wp-json\/wp\/v2\/media\/6322"}],"wp:attachment":[{"href":"https:\/\/rckopen.com\/cs\/wp-json\/wp\/v2\/media?parent=6268"}],"wp:term":[{"taxonomy":"product_brand","embeddable":true,"href":"https:\/\/rckopen.com\/cs\/wp-json\/wp\/v2\/product_brand?post=6268"},{"taxonomy":"product_cat","embeddable":true,"href":"https:\/\/rckopen.com\/cs\/wp-json\/wp\/v2\/product_cat?post=6268"},{"taxonomy":"product_tag","embeddable":true,"href":"https:\/\/rckopen.com\/cs\/wp-json\/wp\/v2\/product_tag?post=6268"}],"curies":[{"name":"wp","href":"https:\/\/api.w.org\/{rel}","templated":true}]}}