{"id":6269,"date":"2023-08-14T08:42:16","date_gmt":"2023-08-14T08:42:16","guid":{"rendered":"https:\/\/diligentplug.com\/chems\/?post_type=product&#038;p=6269"},"modified":"2025-01-31T05:15:11","modified_gmt":"2025-01-31T05:15:11","slug":"4-fea","status":"publish","type":"product","link":"https:\/\/rckopen.com\/cs\/produkt\/4-funkce\/","title":{"rendered":"Koupit 4-FEA online"},"content":{"rendered":"<h2>Koupit 4-FEA online<\/h2>\n<p><a href=\"https:\/\/rckopen.com\/cs\/produkt\/4-funkce\/\">Koupit 4-FEA<\/a>, Bij <a href=\"https:\/\/rckopen.com\/cs\/\">Rckopen.com<\/a> m\u016f\u017eete si koupit spolehliv\u00fd 4-FMA pro v\u00fdzkumn\u00e9 \u00fa\u010dely. 4-FMA pat\u0159\u00ed do amfetaminov\u00e9 podskupiny a m\u00e1 podobn\u00e9 \u00fa\u010dinky jako MDMA, v\u010detn\u011b euforie, energie a zv\u00fd\u0161en\u00e9 empatie. D\u00e1vkov\u00e1n\u00ed 4-FMA ovliv\u0148uje intenzitu studia a pro zaji\u0161t\u011bn\u00ed kvality a p\u016fvodu je vhodn\u00e9 jej zakoupit u renomovan\u00e9ho prodejce jako je Funcaps. Vezm\u011bte pros\u00edm na v\u011bdom\u00ed, \u017ee 4-FMA nen\u00ed ur\u010den k lidsk\u00e9 spot\u0159eb\u011b a mus\u00ed se s n\u00edm manipulovat a skladovat jej bezpe\u010dn\u011b.<\/p>\n<h1><strong>4 FMA<\/strong><\/h1>\n<p><a href=\"https:\/\/en.wikipedia.org\/wiki\/4-Fluoromethamphetamine\">4-FMA<\/a>, jeho\u017e v\u011bdeck\u00fd n\u00e1zev je 4-fluormetamfetamin, je podtypem amfetaminu. Prvn\u00ed ofici\u00e1ln\u00ed prodej 4 FMA byl v roce 2006 v Japonsku. Tato v\u00fdzkumn\u00e1 chemik\u00e1lie, stejn\u011b jako super popul\u00e1rn\u00ed v\u00fdzkumn\u00e9 chemik\u00e1lie 2-FA a 3-FA, se v pr\u016fb\u011bhu let v Nizozemsku stala st\u00e1le popul\u00e1rn\u011bj\u0161\u00ed. Tato popularita, kter\u00e1 se v Nizozemsku od roku 2007 zvy\u0161uje, je tak\u00e9 zp\u016fsobena studovan\u00fdmi \u00fa\u010dinky. Pokud si chcete koupit 4 FMA pro v\u00fdzkumn\u00e9 \u00fa\u010dely, doporu\u010dujeme, abyste tak u\u010dinili od spolehliv\u00e9 strany, jako je Funcaps. D\u016fvodem je, \u017ee ru\u010d\u00edme za kvalitu a p\u016fvod zakoupen\u00e9ho v\u00fdzkumn\u00e9ho materi\u00e1lu. Nav\u00edc efekt order4 FMA m\u016f\u017ee m\u00edt r\u016fzn\u00e9 v\u00fdsledky ve va\u0161em v\u00fdzkumu, kdy\u017e si jej koup\u00edte od nespolehliv\u00e9ho prodejce, pak nen\u00ed jist\u00e9, co v n\u011bm je.<\/p>\n<div data-content-type=\"row\" data-appearance=\"contained\" data-element=\"main\">\n<div data-enable-parallax=\"0\" data-parallax-speed=\"0.5\" data-background-images=\"{}\" data-background-type=\"image\" data-video-loop=\"true\" data-video-play-only-visible=\"true\" data-video-lazy-load=\"true\" data-video-fallback-src=\"\" data-element=\"inner\" data-pb-style=\"SM2UFQT\">\n<div data-content-type=\"text\" data-appearance=\"default\" data-element=\"main\">\n<h2>PROVOZ 4-FMA<\/h2>\n<p>Byl proveden v\u00fdzkum \u00fa\u010dink\u016f 4-fluorometamfetaminu. \u00da\u010dinky 4 FMA se v jednotliv\u00fdch studi\u00edch li\u0161ily, \u017e\u00e1dn\u00e9 dv\u011b studie samoz\u0159ejm\u011b nejsou stejn\u00e9. Nam\u011b\u0159en\u00e9 zku\u0161enosti s 4 FMA se tedy mohou li\u0161it studii od studie, ale spole\u010dn\u00e9 je n\u00e1sleduj\u00edc\u00ed: uv\u00e1d\u00ed se, \u017ee m\u00e1 podobn\u00fd \u00fa\u010dinek jako MDMA t\u00edm, \u017ee zvy\u0161uje euforick\u00e9 z\u00e1\u017eitky. Uv\u00e1d\u00ed se tak\u00e9, \u017ee dod\u00e1v\u00e1 v\u00edce energie. Zv\u00fd\u0161en\u00ed \u0161\u0165astn\u00fdch a h\u0159ejiv\u00fdch pocit\u016f, naz\u00fdvan\u00e9 tak\u00e9 \"pocit mazlen\u00ed\", je v souladu se zv\u00fd\u0161enou pro\u017e\u00edvanou empati\u00ed. Zvy\u0161uje tak\u00e9 pocity soun\u00e1le\u017eitosti a pot\u0159ebu otev\u0159\u00edt se druh\u00fdm verb\u00e1ln\u00edm zp\u016fsobem. To stoj\u00ed v souladu s dal\u0161\u00edmi v\u00fdzkumn\u00fdmi chemick\u00fdmi l\u00e1tkami testovan\u00fdmi v kontrolovan\u00e9m prost\u0159ed\u00ed. Nen\u00ed to v\u00fdzkum, kter\u00fd hled\u00e1te? Pak se pod\u00edvejte na na\u0161e dal\u0161\u00ed obl\u00edben\u00e9 v\u00fdzkumn\u00e9 chemick\u00e9 l\u00e1tky, nap\u0159\u00edklad katinony!<\/p>\n<p>Upozor\u0148ujeme, \u017ee ve\u0161ker\u00e9 informace o t\u011bchto v\u00fdzkumn\u00fdch chemick\u00fdch l\u00e1tk\u00e1ch a samotn\u00e9 v\u00fdzkumn\u00e9 chemick\u00e9 l\u00e1tky slou\u017e\u00ed pouze pro vzd\u011bl\u00e1vac\u00ed a v\u00fdzkumn\u00e9 \u00fa\u010dely. Tyto produkty nejsou dopl\u0148ky stravy a nejsou vhodn\u00e9 pro lidskou spot\u0159ebu.<\/p>\n<p>Proto\u017ee se jedn\u00e1 o amfetamin, m\u016f\u017ee 4-FMA zp\u016fsobit sk\u0159\u00edp\u00e1n\u00ed zub\u016f a zbavit v\u00e1s chuti k j\u00eddlu. V\u00fdzkum tak\u00e9 ukazuje, \u017ee efekt p\u0159eh\u0159\u00e1t\u00ed je men\u0161\u00ed probl\u00e9m ne\u017e u jin\u00fdch zn\u00e1m\u00fdch amfetamin\u016f. Co se shoduje, je to, \u017ee stejn\u011b jako nap\u0159\u00edklad u XTC hraje d\u00e1vka 4 FMA p\u0159\u00edmo roli v intenzit\u011b \"vst\u0159eb\u00e1v\u00e1n\u00ed\" hudby do t\u011bla, nap\u0159\u00edklad. V neposledn\u00ed \u0159ad\u011b studie uv\u00e1d\u00ed, \u017ee empatick\u00fd \u00fa\u010dinek je nejv\u00edce patrn\u00fd v prvn\u00edch t\u0159ech hodin\u00e1ch, pot\u00e9 v n\u00e1sleduj\u00edc\u00ed hodin\u011b 4 FMA p\u016fsob\u00ed energeticky. Ne\u017e se to v\u0161e projev\u00ed, m\u016f\u017ee to trvat a\u017e hodinu.<\/p>\n<p>Krom\u011b toho je podle v\u00fdzkumu a u\u017eivatel\u016f, kte\u0159\u00ed se pod\u011blili o sv\u00e9 n\u00e1zory online, o\u010dek\u00e1van\u00fdm vedlej\u0161\u00edm \u00fa\u010dinkem n\u00e1sleduj\u00edc\u00ed: 4-FMA m\u016f\u017ee pracovat kdekoli mezi \u010dty\u0159mi a \u0161esti hodinami. Sc\u00e9n\u00e1\u0159e, kdy bylo po po\u010d\u00e1te\u010dn\u00ed d\u00e1vce u\u017eito v\u00edce, vedly k znateln\u00e9mu \u00fa\u010dinku 24 hodin. Rovn\u011b\u017e se uv\u00e1d\u00ed, \u017ee znateln\u00e9 \u00fa\u010dinky n\u00e1kupu 4-FEA jsou mnohem srovnateln\u011bj\u0161\u00ed se zak\u00e1zan\u00fdmi drogami, jako je MDMA. Je t\u0159eba poznamenat, \u017ee znateln\u00e9 \u00fa\u010dinky se mohou a budou li\u0161it v z\u00e1vislosti na jednotliv\u00fdch v\u00fdzkumn\u00fdch situac\u00edch. Stejn\u011b jako lid\u00e9, ani dv\u011b studie nejsou nikdy stejn\u00e9.<\/p>\n<\/div>\n<\/div>\n<\/div>\n<div data-content-type=\"row\" data-appearance=\"contained\" data-element=\"main\">\n<div data-enable-parallax=\"0\" data-parallax-speed=\"0.5\" data-background-images=\"{}\" data-background-type=\"image\" data-video-loop=\"true\" data-video-play-only-visible=\"true\" data-video-lazy-load=\"true\" data-video-fallback-src=\"\" data-element=\"inner\" data-pb-style=\"PDUI88Q\">\n<div data-content-type=\"text\" data-appearance=\"default\" data-element=\"main\">\n<h2>D\u00c1VKOV\u00c1N\u00cd 4-FMA<\/h2>\n<p>Do jak\u00e9 m\u00edry jsou \u00fa\u010dinky 4 FMA patrn\u00e9, p\u0159\u00edmo souvis\u00ed se studovanou d\u00e1vkou. Obvykle se pro v\u00fdzkum pou\u017e\u00edvaj\u00ed b\u011b\u017en\u00e9 d\u00e1vky mezi 70 a 140 mg. Obvykle se 4 FMA vyskytuje jako b\u00edle vypadaj\u00edc\u00ed pr\u00e1\u0161ek. Tento pr\u00e1\u0161ek se m\u016f\u017ee vyskytovat tak\u00e9 ve form\u011b tobolek nebo pelet. Vy\u0161\u0161\u00ed d\u00e1vka m\u016f\u017ee zp\u016fsobit, \u017ee v\u00fdsledky v\u00fdzkumu budou patrn\u00e9 ve vy\u0161\u0161\u00edch nadmo\u0159sk\u00fdch v\u00fd\u0161k\u00e1ch. P\u0159i vysok\u00fdch d\u00e1vk\u00e1ch je \u00fadajn\u011b jedn\u00edm z nejv\u011bt\u0161\u00edch n\u00e1sledn\u00fdch \u00fa\u010dink\u016f nespavost.<\/p>\n<\/div>\n<\/div>\n<\/div>\n<div data-content-type=\"row\" data-appearance=\"contained\" data-element=\"main\">\n<div data-enable-parallax=\"0\" data-parallax-speed=\"0.5\" data-background-images=\"{}\" data-background-type=\"image\" data-video-loop=\"true\" data-video-play-only-visible=\"true\" data-video-lazy-load=\"true\" data-video-fallback-src=\"\" data-element=\"inner\" data-pb-style=\"D1DX3KR\">\n<div data-content-type=\"text\" data-appearance=\"default\" data-element=\"main\">\n<h2>JAK DORU\u010cUJEME<\/h2>\n<p>V\u0161echny na\u0161e z\u00e1silky jsou doru\u010dov\u00e1ny prost\u0159ednictv\u00edm spole\u010dnosti DHL nebo PostNL. DHL pro zahrani\u010dn\u00ed z\u00e1silky a PostNL pro vnitrost\u00e1tn\u00ed z\u00e1silky. P\u0159i objedn\u00e1n\u00ed do 16:30 v pracovn\u00ed den je z\u00e1silka odesl\u00e1na je\u0161t\u011b t\u00fd\u017e den. Balen\u00ed je nav\u00edc dod\u00e1v\u00e1no s naprostou diskr\u00e9tnost\u00ed. V r\u00e1mci Nizozemska tak m\u00e1me \u010dty\u0159i mo\u017enosti doru\u010den\u00ed. Jmenovit\u011b:<\/p>\n<ul>\n<li>Oby\u010dejn\u00e1 z\u00e1silka, to je objedn\u00e1vka v pr\u00e1zdn\u00e9 ob\u00e1lce bez odes\u00edlatele. Doba doru\u010den\u00ed je p\u0159ibli\u017en\u011b jeden a\u017e dva dny.<\/li>\n<li>Sledov\u00e1n\u00ed z\u00e1silky, tot\u00e9\u017e jako v\u00fd\u0161e, pouze se sledov\u00e1n\u00edm a trasov\u00e1n\u00edm<\/li>\n<li>P\u0159eprava ve \"zvl\u00e1\u0161tn\u00edch \u010dasech\", tato objedn\u00e1vka s mo\u017enost\u00ed sledov\u00e1n\u00ed a sledov\u00e1n\u00ed bude doru\u010dena v ur\u010dit\u00fd \u010das.<\/li>\n<li>sb\u011brn\u00e9 m\u00edsto PostNL, zde si m\u016f\u017eete vybrat, zda si chcete z\u00e1silku vyzvednout na sb\u011brn\u00e9m m\u00edst\u011b PostNL ve va\u0161em okol\u00ed.<\/li>\n<\/ul>\n<\/div>\n<\/div>\n<\/div>\n<div data-content-type=\"row\" data-appearance=\"contained\" data-element=\"main\">\n<div data-enable-parallax=\"0\" data-parallax-speed=\"0.5\" data-background-images=\"{}\" data-background-type=\"image\" data-video-loop=\"true\" data-video-play-only-visible=\"true\" data-video-lazy-load=\"true\" data-video-fallback-src=\"\" data-element=\"inner\" data-pb-style=\"P3WNWOB\">\n<div data-content-type=\"text\" data-appearance=\"default\" data-element=\"main\">\n<h2>BEZPE\u010cNOSTN\u00cd DOPORU\u010cEN\u00cd T\u00ddKAJ\u00cdC\u00cd SE VY\u0160ET\u0158OV\u00c1N\u00cd 4 FMA<\/h2>\n<p>V p\u0159\u00edpad\u011b kontaktu 4 FMA s o\u010dima: V p\u0159\u00edpad\u011b pot\u0159eby vyjm\u011bte kontaktn\u00ed \u010do\u010dky. P\u0159i styku s k\u016f\u017e\u00ed: Opl\u00e1chn\u011bte vodou, pokud mo\u017eno tak\u00e9 m\u00fddlem. P\u0159i vdechnut\u00ed: Vdechn\u011bte \u010derstv\u00fd vzduch a zaujm\u011bte polohu podporuj\u00edc\u00ed d\u00fdch\u00e1n\u00ed.<a href=\"https:\/\/en.wikipedia.org\/w\/index.php?search=4-FEA&amp;title=Special%3ASearch&amp;ns0=1\">.<\/a><\/p>\n<p>Nevystavujte 4-FMA zdroj\u016fm tepla. Skladujte jej v such\u00e9m prost\u0159ed\u00ed p\u0159i pokojov\u00e9 teplot\u011b a uchov\u00e1vejte jej ve vhodn\u00e9m obalu. Uchov\u00e1vejte jej mimo dosah d\u011bt\u00ed. Dobr\u00e1 stabilita kupovan\u00e9ho 4-FEA p\u0159i v\u00fd\u0161e uveden\u00fdch podm\u00ednk\u00e1ch m\u016f\u017ee trvat a\u017e dva roky<a href=\"https:\/\/rckopen.com\/cs\/produkt\/dmc-dimethocaine-freebase\/\">.<\/a><\/p>\n<\/div>\n<\/div>\n<\/div>","protected":false},"excerpt":{"rendered":"<p>N\u00e1zev IUPAC: N-ethyl-4-fluoro-\u03b1-methyl-benzenethanamin, monohydrochlorid<\/p>\n<p><strong>CAS # <\/strong>3823-31-2<\/p>\n<p><strong>Dal\u0161\u00ed n\u00e1zev: <\/strong>4-fluoroetamfetamin (hydrochlorid)<\/p>\n<p><strong>Vzhled: <\/strong>pr\u00e1\u0161ek<\/p>\n<p><strong>Forma: <\/strong>null<\/p>\n<p><strong>NMR anal\u00fdza: <\/strong>C11H16FN - HCl<\/p>","protected":false},"featured_media":6323,"comment_status":"open","ping_status":"closed","template":"","meta":{"_joinchat":[]},"product_brand":[],"product_cat":[127],"product_tag":[],"class_list":{"0":"post-6269","1":"product","2":"type-product","3":"status-publish","4":"has-post-thumbnail","6":"product_cat-amfetamine","8":"first","9":"instock","10":"shipping-taxable","11":"purchasable","12":"product-type-variable"},"yoast_head":"<!-- This site is optimized with the Yoast SEO plugin v26.3 - https:\/\/yoast.com\/wordpress\/plugins\/seo\/ -->\n<title>4-FEA online kopen - 4-FMA te koop<\/title>\n<meta name=\"description\" content=\"4-FEA online kopen, Als je 4-FEA uit onze RC kopen-winkel nog niet hebt geprobeerd, dan mis je veel. Wij helpen u 4-FEA te koop tegen goedkope tarieven te kopen.\" \/>\n<meta name=\"robots\" content=\"index, follow, max-snippet:-1, max-image-preview:large, max-video-preview:-1\" \/>\n<link rel=\"canonical\" href=\"https:\/\/rckopen.com\/cs\/produkt\/4-funkce\/\" \/>\n<meta property=\"og:locale\" content=\"cs_CZ\" \/>\n<meta property=\"og:type\" content=\"article\" \/>\n<meta property=\"og:title\" content=\"4-FEA online kopen - 4-FMA te koop\" \/>\n<meta property=\"og:description\" content=\"4-FEA online kopen, Als je 4-FEA uit onze RC kopen-winkel nog niet hebt geprobeerd, dan mis je veel. Wij helpen u 4-FEA te koop tegen goedkope tarieven te kopen.\" \/>\n<meta property=\"og:url\" content=\"https:\/\/rckopen.com\/cs\/produkt\/4-funkce\/\" \/>\n<meta property=\"og:site_name\" content=\"RC Kopen\" \/>\n<meta property=\"article:modified_time\" content=\"2025-01-31T05:15:11+00:00\" \/>\n<meta property=\"og:image\" content=\"https:\/\/rckopen.com\/wp-content\/uploads\/2023\/08\/4-FEA.jpg\" \/>\n\t<meta property=\"og:image:width\" content=\"600\" \/>\n\t<meta property=\"og:image:height\" content=\"600\" \/>\n\t<meta property=\"og:image:type\" content=\"image\/jpeg\" \/>\n<meta name=\"twitter:card\" content=\"summary_large_image\" \/>\n<meta name=\"twitter:label1\" content=\"Odhadovan\u00e1 doba \u010dten\u00ed\" \/>\n\t<meta name=\"twitter:data1\" content=\"5 minut\" \/>\n<script type=\"application\/ld+json\" class=\"yoast-schema-graph\">{\"@context\":\"https:\/\/schema.org\",\"@graph\":[{\"@type\":\"WebPage\",\"@id\":\"https:\/\/rckopen.com\/product\/4-fea\/\",\"url\":\"https:\/\/rckopen.com\/product\/4-fea\/\",\"name\":\"4-FEA online kopen - 4-FMA te koop\",\"isPartOf\":{\"@id\":\"https:\/\/rckopen.com\/#website\"},\"primaryImageOfPage\":{\"@id\":\"https:\/\/rckopen.com\/product\/4-fea\/#primaryimage\"},\"image\":{\"@id\":\"https:\/\/rckopen.com\/product\/4-fea\/#primaryimage\"},\"thumbnailUrl\":\"https:\/\/rckopen.com\/wp-content\/uploads\/2023\/08\/4-FEA.jpg\",\"datePublished\":\"2023-08-14T08:42:16+00:00\",\"dateModified\":\"2025-01-31T05:15:11+00:00\",\"description\":\"4-FEA online kopen, Als je 4-FEA uit onze RC kopen-winkel nog niet hebt geprobeerd, dan mis je veel. Wij helpen u 4-FEA te koop tegen goedkope tarieven te kopen.\",\"breadcrumb\":{\"@id\":\"https:\/\/rckopen.com\/product\/4-fea\/#breadcrumb\"},\"inLanguage\":\"cs\",\"potentialAction\":[{\"@type\":\"ReadAction\",\"target\":[\"https:\/\/rckopen.com\/product\/4-fea\/\"]}]},{\"@type\":\"ImageObject\",\"inLanguage\":\"cs\",\"@id\":\"https:\/\/rckopen.com\/product\/4-fea\/#primaryimage\",\"url\":\"https:\/\/rckopen.com\/wp-content\/uploads\/2023\/08\/4-FEA.jpg\",\"contentUrl\":\"https:\/\/rckopen.com\/wp-content\/uploads\/2023\/08\/4-FEA.jpg\",\"width\":600,\"height\":600,\"caption\":\"4-FEA online kopen\"},{\"@type\":\"BreadcrumbList\",\"@id\":\"https:\/\/rckopen.com\/product\/4-fea\/#breadcrumb\",\"itemListElement\":[{\"@type\":\"ListItem\",\"position\":1,\"name\":\"Home\",\"item\":\"https:\/\/rckopen.com\/\"},{\"@type\":\"ListItem\",\"position\":2,\"name\":\"Shop\",\"item\":\"https:\/\/rckopen.com\/shop\/\"},{\"@type\":\"ListItem\",\"position\":3,\"name\":\"4-FEA online kopen\"}]},{\"@type\":\"WebSite\",\"@id\":\"https:\/\/rckopen.com\/#website\",\"url\":\"https:\/\/rckopen.com\/\",\"name\":\"RC Kopen\",\"description\":\"Research Chemicals\",\"potentialAction\":[{\"@type\":\"SearchAction\",\"target\":{\"@type\":\"EntryPoint\",\"urlTemplate\":\"https:\/\/rckopen.com\/?s={search_term_string}\"},\"query-input\":{\"@type\":\"PropertyValueSpecification\",\"valueRequired\":true,\"valueName\":\"search_term_string\"}}],\"inLanguage\":\"cs\"}]}<\/script>\n<!-- \/ Yoast SEO plugin. -->","yoast_head_json":{"title":"4-FEA online kopen - 4-FMA te koop","description":"4-FEA online kopen, Als je 4-FEA uit onze RC kopen-winkel nog niet hebt geprobeerd, dan mis je veel. Wij helpen u 4-FEA te koop tegen goedkope tarieven te kopen.","robots":{"index":"index","follow":"follow","max-snippet":"max-snippet:-1","max-image-preview":"max-image-preview:large","max-video-preview":"max-video-preview:-1"},"canonical":"https:\/\/rckopen.com\/cs\/produkt\/4-funkce\/","og_locale":"cs_CZ","og_type":"article","og_title":"4-FEA online kopen - 4-FMA te koop","og_description":"4-FEA online kopen, Als je 4-FEA uit onze RC kopen-winkel nog niet hebt geprobeerd, dan mis je veel. Wij helpen u 4-FEA te koop tegen goedkope tarieven te kopen.","og_url":"https:\/\/rckopen.com\/cs\/produkt\/4-funkce\/","og_site_name":"RC Kopen","article_modified_time":"2025-01-31T05:15:11+00:00","og_image":[{"width":600,"height":600,"url":"https:\/\/rckopen.com\/wp-content\/uploads\/2023\/08\/4-FEA.jpg","type":"image\/jpeg"}],"twitter_card":"summary_large_image","twitter_misc":{"Odhadovan\u00e1 doba \u010dten\u00ed":"5 minut"},"schema":{"@context":"https:\/\/schema.org","@graph":[{"@type":"WebPage","@id":"https:\/\/rckopen.com\/product\/4-fea\/","url":"https:\/\/rckopen.com\/product\/4-fea\/","name":"4-FEA online kopen - 4-FMA te koop","isPartOf":{"@id":"https:\/\/rckopen.com\/#website"},"primaryImageOfPage":{"@id":"https:\/\/rckopen.com\/product\/4-fea\/#primaryimage"},"image":{"@id":"https:\/\/rckopen.com\/product\/4-fea\/#primaryimage"},"thumbnailUrl":"https:\/\/rckopen.com\/wp-content\/uploads\/2023\/08\/4-FEA.jpg","datePublished":"2023-08-14T08:42:16+00:00","dateModified":"2025-01-31T05:15:11+00:00","description":"4-FEA online kopen, Als je 4-FEA uit onze RC kopen-winkel nog niet hebt geprobeerd, dan mis je veel. Wij helpen u 4-FEA te koop tegen goedkope tarieven te kopen.","breadcrumb":{"@id":"https:\/\/rckopen.com\/product\/4-fea\/#breadcrumb"},"inLanguage":"cs","potentialAction":[{"@type":"ReadAction","target":["https:\/\/rckopen.com\/product\/4-fea\/"]}]},{"@type":"ImageObject","inLanguage":"cs","@id":"https:\/\/rckopen.com\/product\/4-fea\/#primaryimage","url":"https:\/\/rckopen.com\/wp-content\/uploads\/2023\/08\/4-FEA.jpg","contentUrl":"https:\/\/rckopen.com\/wp-content\/uploads\/2023\/08\/4-FEA.jpg","width":600,"height":600,"caption":"4-FEA online kopen"},{"@type":"BreadcrumbList","@id":"https:\/\/rckopen.com\/product\/4-fea\/#breadcrumb","itemListElement":[{"@type":"ListItem","position":1,"name":"Home","item":"https:\/\/rckopen.com\/"},{"@type":"ListItem","position":2,"name":"Shop","item":"https:\/\/rckopen.com\/shop\/"},{"@type":"ListItem","position":3,"name":"4-FEA online kopen"}]},{"@type":"WebSite","@id":"https:\/\/rckopen.com\/#website","url":"https:\/\/rckopen.com\/","name":"RC Kopen","description":"Research Chemicals","potentialAction":[{"@type":"SearchAction","target":{"@type":"EntryPoint","urlTemplate":"https:\/\/rckopen.com\/?s={search_term_string}"},"query-input":{"@type":"PropertyValueSpecification","valueRequired":true,"valueName":"search_term_string"}}],"inLanguage":"cs"}]}},"_links":{"self":[{"href":"https:\/\/rckopen.com\/cs\/wp-json\/wp\/v2\/product\/6269","targetHints":{"allow":["GET"]}}],"collection":[{"href":"https:\/\/rckopen.com\/cs\/wp-json\/wp\/v2\/product"}],"about":[{"href":"https:\/\/rckopen.com\/cs\/wp-json\/wp\/v2\/types\/product"}],"replies":[{"embeddable":true,"href":"https:\/\/rckopen.com\/cs\/wp-json\/wp\/v2\/comments?post=6269"}],"wp:featuredmedia":[{"embeddable":true,"href":"https:\/\/rckopen.com\/cs\/wp-json\/wp\/v2\/media\/6323"}],"wp:attachment":[{"href":"https:\/\/rckopen.com\/cs\/wp-json\/wp\/v2\/media?parent=6269"}],"wp:term":[{"taxonomy":"product_brand","embeddable":true,"href":"https:\/\/rckopen.com\/cs\/wp-json\/wp\/v2\/product_brand?post=6269"},{"taxonomy":"product_cat","embeddable":true,"href":"https:\/\/rckopen.com\/cs\/wp-json\/wp\/v2\/product_cat?post=6269"},{"taxonomy":"product_tag","embeddable":true,"href":"https:\/\/rckopen.com\/cs\/wp-json\/wp\/v2\/product_tag?post=6269"}],"curies":[{"name":"wp","href":"https:\/\/api.w.org\/{rel}","templated":true}]}}