{"id":6271,"date":"2023-08-14T08:42:46","date_gmt":"2023-08-14T08:42:46","guid":{"rendered":"https:\/\/diligentplug.com\/chems\/?post_type=product&#038;p=6271"},"modified":"2026-03-03T05:55:29","modified_gmt":"2026-03-03T05:55:29","slug":"2-fea","status":"publish","type":"product","link":"https:\/\/rckopen.com\/cs\/produkt\/2-fea\/","title":{"rendered":"Koupit 2-FEA online"},"content":{"rendered":"<h2><b>2-FEA Online Kopen \u2013 Premium 2-Fluoroethylamphetamine Te Koop<\/b><\/h2>\n<p><span style=\"font-weight: 400;\">Hled\u00e1\u0161 <\/span><a href=\"https:\/\/en.wikipedia.org\/wiki\/2-Furylethylamine\"><b>Kupte si 2-FEA online<\/b><\/a><span style=\"font-weight: 400;\"> Bezpe\u010dn\u011b a spolehliv\u011b? N\u00e1\u0161 vysoce kvalitn\u00ed 2-fluorethylamfetamin (2-FEA) nab\u00edz\u00ed jedine\u010dnou sm\u011bs stimula\u010dn\u00edch \u00fa\u010dink\u016f s charakteristick\u00fdm chemick\u00fdm profilem. A\u0165 u\u017e jste zku\u0161en\u00fd u\u017eivatel nebo zkoum\u00e1te nov\u00e9 l\u00e1tky, 2-FEA si z\u00edsk\u00e1v\u00e1 popularitu po cel\u00e9m sv\u011bt\u011b.<\/span><\/p>\n<h3><b>Co je 2-FEA?<\/b><\/h3>\n<p><span style=\"font-weight: 400;\">2-FEA neboli 2-fluorethylamfetamin je syntetick\u00fd stimulant chemicky p\u0159\u00edbuzn\u00fd amfetaminu. Pat\u0159\u00ed do rodiny substituovan\u00fdch fenethylamin\u016f, zn\u00e1m\u00fdch pro sv\u00e9 povzbuzuj\u00edc\u00ed, n\u00e1ladu zlep\u0161uj\u00edc\u00ed a empatogenn\u00ed \u00fa\u010dinky. Ve srovn\u00e1n\u00ed s podobn\u00fdmi l\u00e1tkami, jako je 2-FA a klasick\u00fd amfetamin, nab\u00edz\u00ed 2-FEA vyv\u00e1\u017een\u00fd z\u00e1\u017eitek s jemn\u00fdmi rozd\u00edly v \u00fa\u010dinku a trv\u00e1n\u00ed.<\/span><\/p>\n<h3><b>Pro\u010d se 2-FEA st\u00e1v\u00e1 st\u00e1le popul\u00e1rn\u011bj\u0161\u00ed?<\/b><\/h3>\n<p><span style=\"font-weight: 400;\">2-FEA je zn\u00e1m\u00fd pro svou \u010distou stimulaci a zvl\u00e1dnuteln\u00e9 vedlej\u0161\u00ed \u00fa\u010dinky, co\u017e ho \u010din\u00ed obl\u00edben\u00fdm u u\u017eivatel\u016f, kte\u0159\u00ed cht\u011bj\u00ed spolehlivou energii bez nadm\u011brn\u00e9ho vzru\u0161en\u00ed. Jeho jedine\u010dn\u00e1 chemick\u00e1 struktura z n\u011bj \u010din\u00ed tak\u00e9 zdroj z\u00e1jmu pro v\u00fdzkum a osobn\u00ed zkoum\u00e1n\u00ed. <strong><a href=\"https:\/\/rckopen.com\/cs\/\">RcKopen<\/a><\/strong><\/span><\/p>\n<h3><b>Pr\u00e1vn\u00ed status a p\u0159edpisy<\/b><\/h3>\n<p><span style=\"font-weight: 400;\">P\u0159ed tebou <\/span><b>2-FEA objednan\u00e9 online<\/b><span style=\"font-weight: 400;\">Je d\u016fle\u017eit\u00e9 ov\u011b\u0159it si pr\u00e1vn\u00ed status ve va\u0161\u00ed zemi. P\u0159edpisy se v jednotliv\u00fdch regionech zna\u010dn\u011b li\u0161\u00ed, proto se ujist\u011bte, \u017ee zn\u00e1te m\u00edstn\u00ed z\u00e1kony t\u00fdkaj\u00edc\u00ed se v\u00fdzkumn\u00fdch chemik\u00e1li\u00ed, abyste se vyhnuli probl\u00e9m\u016fm.<\/span><\/p>\n<h3><b>Kde si m\u016f\u017eete koupit 2-FEA online?<\/b><\/h3>\n<p><span style=\"font-weight: 400;\">Nalezen\u00ed spolehliv\u00e9ho prodejce je kl\u00ed\u010dov\u00e9. Nakupujte 2-FEA pouze na renomovan\u00fdch platform\u00e1ch, kter\u00e9 nab\u00edzej\u00ed transparentn\u00ed informace o produktech, nez\u00e1visl\u00e9 laboratorn\u00ed testy a pozitivn\u00ed recenze z\u00e1kazn\u00edk\u016f. Spolehliv\u00ed prodejci zaru\u010duj\u00ed kvalitu, soukrom\u00ed a bezpe\u010dn\u00e9 doru\u010den\u00ed.<\/span><\/p>\n<h3><b>Jak bezpe\u010dn\u011b objednat 2-FEA online?<\/b><\/h3>\n<p><span style=\"font-weight: 400;\">Vyb\u00edrejte prodejce, kte\u0159\u00ed nab\u00edzej\u00ed diskr\u00e9tn\u00ed balen\u00ed a bezpe\u010dn\u00e9 platebn\u00ed metody, jako je kryptom\u011bna nebo kreditn\u00ed karta. Hledejte mo\u017enosti dopravy se sledov\u00e1n\u00edm, abyste mohli sledovat svou objedn\u00e1vku a zajistit si soukrom\u00ed.<\/span><\/p>\n<h3><b>Kvalita a testov\u00e1n\u00ed produkt\u016f<\/b><\/h3>\n<p><span style=\"font-weight: 400;\">V\u017edy vyb\u00edrejte 2-FEA s certifik\u00e1tem anal\u00fdzy (COA) od nez\u00e1visl\u00e9 laborato\u0159e, kter\u00fd potvrzuje \u010distotu a absenci kontaminant\u016f. Vyhn\u011bte se produkt\u016fm bez jasn\u00e9ho popisu nebo laboratorn\u00edch zpr\u00e1v, proto\u017ee to m\u016f\u017ee nazna\u010dovat nekvalitn\u00ed nebo nebezpe\u010dn\u00e9 l\u00e1tky.<\/span><\/p>\n<h3><b>Tipy a bezpe\u010dnostn\u00ed opat\u0159en\u00ed k pou\u017eit\u00ed<\/b><\/h3>\n<p><span style=\"font-weight: 400;\">Pro zachov\u00e1n\u00ed \u00fa\u010dinnosti skladujte 2-FEA na chladn\u00e9m a such\u00e9m m\u00edst\u011b mimo dosah p\u0159\u00edm\u00e9ho slune\u010dn\u00edho z\u00e1\u0159en\u00ed. Pou\u017e\u00edvejte zodpov\u011bdn\u011b, za\u010dn\u011bte s n\u00edzk\u00fdmi d\u00e1vkami, abyste si otestovali svou toleranci, a vyhn\u011bte se kombinaci s jin\u00fdmi l\u00e1tkami. Bu\u010fte si v\u011bdomi mo\u017en\u00fdch vedlej\u0161\u00edch \u00fa\u010dink\u016f, jako je zv\u00fd\u0161en\u00e1 srde\u010dn\u00ed frekvence, \u00fazkost nebo nespavost, a pokud se u v\u00e1s objev\u00ed jak\u00e9koli ne\u017e\u00e1douc\u00ed \u00fa\u010dinky, p\u0159esta\u0148te p\u0159\u00edpravek u\u017e\u00edvat.<\/span><\/p>\n<h3><b>Z\u00e1v\u011br<\/b><\/h3>\n<p><span style=\"font-weight: 400;\">Chcete <\/span><a href=\"https:\/\/rckopen.com\/cs\/produkt\/2-fea\/\"><b>Koupit 2-FEA online<\/b><\/a><span style=\"font-weight: 400;\"> tegen een <\/span><b>levn\u00e1 cena 2-FEA<\/b><span style=\"font-weight: 400;\"> Bez kompromis\u016f v kvalit\u011b? Pak si vyberte prodejce s prov\u011b\u0159enou pov\u011bst\u00ed a ov\u011b\u0159en\u00fdmi laboratorn\u00edmi testy. Nab\u00edz\u00edme <b>nejlep\u0161\u00ed m\u00edsto pro n\u00e1kup 2-FEA<\/b><\/span><span style=\"font-weight: 400;\">, s bezpe\u010dn\u00fdm doru\u010den\u00edm, vynikaj\u00edc\u00edm z\u00e1kaznick\u00fdm servisem a vysoce kvalitn\u00edmi produkty.<\/span><\/p>","protected":false},"excerpt":{"rendered":"<p><strong>N\u00e1zev IUPAC: <\/strong>N-ethyl-2-fluoro-\u03b1-methyl-benzenethanamin, monohydrochlorid<\/p>\n<p><strong>CAS # <\/strong>3871-89-4<\/p>\n<p><strong>Dal\u0161\u00ed n\u00e1zev: <\/strong>2-fluoroethyl amfetamin<\/p>\n<p><strong>Forma: <\/strong>pr\u00e1\u0161ek<\/p>","protected":false},"featured_media":6325,"comment_status":"open","ping_status":"closed","template":"","meta":{"_joinchat":[]},"product_brand":[],"product_cat":[127],"product_tag":[],"class_list":{"0":"post-6271","1":"product","2":"type-product","3":"status-publish","4":"has-post-thumbnail","6":"product_cat-amfetamine","8":"first","9":"instock","10":"shipping-taxable","11":"purchasable","12":"product-type-variable"},"yoast_head":"<!-- This site is optimized with the Yoast SEO plugin v26.3 - https:\/\/yoast.com\/wordpress\/plugins\/seo\/ -->\n<title>2-FEA online kopen - 2-FEA online te kopen<\/title>\n<meta name=\"description\" content=\"In onze Rc kopen winkel kun je 2-fea goedkoop bestellen. Wij werken alleen met A-kwaliteit producten. nu 2-fea online kopen , 2-FEA kopen\" \/>\n<meta name=\"robots\" content=\"index, follow, max-snippet:-1, max-image-preview:large, max-video-preview:-1\" \/>\n<link rel=\"canonical\" href=\"https:\/\/rckopen.com\/cs\/produkt\/2-fea\/\" \/>\n<meta property=\"og:locale\" content=\"cs_CZ\" \/>\n<meta property=\"og:type\" content=\"article\" \/>\n<meta property=\"og:title\" content=\"2-FEA online kopen - 2-FEA online te kopen\" \/>\n<meta property=\"og:description\" content=\"In onze Rc kopen winkel kun je 2-fea goedkoop bestellen. Wij werken alleen met A-kwaliteit producten. nu 2-fea online kopen , 2-FEA kopen\" \/>\n<meta property=\"og:url\" content=\"https:\/\/rckopen.com\/cs\/produkt\/2-fea\/\" \/>\n<meta property=\"og:site_name\" content=\"RC Kopen\" \/>\n<meta property=\"article:modified_time\" content=\"2026-03-03T05:55:29+00:00\" \/>\n<meta property=\"og:image\" content=\"https:\/\/rckopen.com\/wp-content\/uploads\/2023\/08\/2-FEA.jpg\" \/>\n\t<meta property=\"og:image:width\" content=\"600\" \/>\n\t<meta property=\"og:image:height\" content=\"600\" \/>\n\t<meta property=\"og:image:type\" content=\"image\/jpeg\" \/>\n<meta name=\"twitter:card\" content=\"summary_large_image\" \/>\n<meta name=\"twitter:label1\" content=\"Odhadovan\u00e1 doba \u010dten\u00ed\" \/>\n\t<meta name=\"twitter:data1\" content=\"2 minuty\" \/>\n<script type=\"application\/ld+json\" class=\"yoast-schema-graph\">{\"@context\":\"https:\/\/schema.org\",\"@graph\":[{\"@type\":\"WebPage\",\"@id\":\"https:\/\/rckopen.com\/product\/2-fea\/\",\"url\":\"https:\/\/rckopen.com\/product\/2-fea\/\",\"name\":\"2-FEA online kopen - 2-FEA online te kopen\",\"isPartOf\":{\"@id\":\"https:\/\/rckopen.com\/#website\"},\"primaryImageOfPage\":{\"@id\":\"https:\/\/rckopen.com\/product\/2-fea\/#primaryimage\"},\"image\":{\"@id\":\"https:\/\/rckopen.com\/product\/2-fea\/#primaryimage\"},\"thumbnailUrl\":\"https:\/\/rckopen.com\/wp-content\/uploads\/2023\/08\/2-FEA.jpg\",\"datePublished\":\"2023-08-14T08:42:46+00:00\",\"dateModified\":\"2026-03-03T05:55:29+00:00\",\"description\":\"In onze Rc kopen winkel kun je 2-fea goedkoop bestellen. Wij werken alleen met A-kwaliteit producten. nu 2-fea online kopen , 2-FEA kopen\",\"breadcrumb\":{\"@id\":\"https:\/\/rckopen.com\/product\/2-fea\/#breadcrumb\"},\"inLanguage\":\"cs\",\"potentialAction\":[{\"@type\":\"ReadAction\",\"target\":[\"https:\/\/rckopen.com\/product\/2-fea\/\"]}]},{\"@type\":\"ImageObject\",\"inLanguage\":\"cs\",\"@id\":\"https:\/\/rckopen.com\/product\/2-fea\/#primaryimage\",\"url\":\"https:\/\/rckopen.com\/wp-content\/uploads\/2023\/08\/2-FEA.jpg\",\"contentUrl\":\"https:\/\/rckopen.com\/wp-content\/uploads\/2023\/08\/2-FEA.jpg\",\"width\":600,\"height\":600,\"caption\":\"2-FEA Online Kopen\"},{\"@type\":\"BreadcrumbList\",\"@id\":\"https:\/\/rckopen.com\/product\/2-fea\/#breadcrumb\",\"itemListElement\":[{\"@type\":\"ListItem\",\"position\":1,\"name\":\"Home\",\"item\":\"https:\/\/rckopen.com\/\"},{\"@type\":\"ListItem\",\"position\":2,\"name\":\"Shop\",\"item\":\"https:\/\/rckopen.com\/shop\/\"},{\"@type\":\"ListItem\",\"position\":3,\"name\":\"2-FEA Online Kopen\"}]},{\"@type\":\"WebSite\",\"@id\":\"https:\/\/rckopen.com\/#website\",\"url\":\"https:\/\/rckopen.com\/\",\"name\":\"RC Kopen\",\"description\":\"Research Chemicals\",\"potentialAction\":[{\"@type\":\"SearchAction\",\"target\":{\"@type\":\"EntryPoint\",\"urlTemplate\":\"https:\/\/rckopen.com\/?s={search_term_string}\"},\"query-input\":{\"@type\":\"PropertyValueSpecification\",\"valueRequired\":true,\"valueName\":\"search_term_string\"}}],\"inLanguage\":\"cs\"}]}<\/script>\n<!-- \/ Yoast SEO plugin. -->","yoast_head_json":{"title":"2-FEA online kopen - 2-FEA online te kopen","description":"In onze Rc kopen winkel kun je 2-fea goedkoop bestellen. Wij werken alleen met A-kwaliteit producten. nu 2-fea online kopen , 2-FEA kopen","robots":{"index":"index","follow":"follow","max-snippet":"max-snippet:-1","max-image-preview":"max-image-preview:large","max-video-preview":"max-video-preview:-1"},"canonical":"https:\/\/rckopen.com\/cs\/produkt\/2-fea\/","og_locale":"cs_CZ","og_type":"article","og_title":"2-FEA online kopen - 2-FEA online te kopen","og_description":"In onze Rc kopen winkel kun je 2-fea goedkoop bestellen. Wij werken alleen met A-kwaliteit producten. nu 2-fea online kopen , 2-FEA kopen","og_url":"https:\/\/rckopen.com\/cs\/produkt\/2-fea\/","og_site_name":"RC Kopen","article_modified_time":"2026-03-03T05:55:29+00:00","og_image":[{"width":600,"height":600,"url":"https:\/\/rckopen.com\/wp-content\/uploads\/2023\/08\/2-FEA.jpg","type":"image\/jpeg"}],"twitter_card":"summary_large_image","twitter_misc":{"Odhadovan\u00e1 doba \u010dten\u00ed":"2 minuty"},"schema":{"@context":"https:\/\/schema.org","@graph":[{"@type":"WebPage","@id":"https:\/\/rckopen.com\/product\/2-fea\/","url":"https:\/\/rckopen.com\/product\/2-fea\/","name":"2-FEA online kopen - 2-FEA online te kopen","isPartOf":{"@id":"https:\/\/rckopen.com\/#website"},"primaryImageOfPage":{"@id":"https:\/\/rckopen.com\/product\/2-fea\/#primaryimage"},"image":{"@id":"https:\/\/rckopen.com\/product\/2-fea\/#primaryimage"},"thumbnailUrl":"https:\/\/rckopen.com\/wp-content\/uploads\/2023\/08\/2-FEA.jpg","datePublished":"2023-08-14T08:42:46+00:00","dateModified":"2026-03-03T05:55:29+00:00","description":"In onze Rc kopen winkel kun je 2-fea goedkoop bestellen. Wij werken alleen met A-kwaliteit producten. nu 2-fea online kopen , 2-FEA kopen","breadcrumb":{"@id":"https:\/\/rckopen.com\/product\/2-fea\/#breadcrumb"},"inLanguage":"cs","potentialAction":[{"@type":"ReadAction","target":["https:\/\/rckopen.com\/product\/2-fea\/"]}]},{"@type":"ImageObject","inLanguage":"cs","@id":"https:\/\/rckopen.com\/product\/2-fea\/#primaryimage","url":"https:\/\/rckopen.com\/wp-content\/uploads\/2023\/08\/2-FEA.jpg","contentUrl":"https:\/\/rckopen.com\/wp-content\/uploads\/2023\/08\/2-FEA.jpg","width":600,"height":600,"caption":"2-FEA Online Kopen"},{"@type":"BreadcrumbList","@id":"https:\/\/rckopen.com\/product\/2-fea\/#breadcrumb","itemListElement":[{"@type":"ListItem","position":1,"name":"Home","item":"https:\/\/rckopen.com\/"},{"@type":"ListItem","position":2,"name":"Shop","item":"https:\/\/rckopen.com\/shop\/"},{"@type":"ListItem","position":3,"name":"2-FEA Online Kopen"}]},{"@type":"WebSite","@id":"https:\/\/rckopen.com\/#website","url":"https:\/\/rckopen.com\/","name":"RC Kopen","description":"Research Chemicals","potentialAction":[{"@type":"SearchAction","target":{"@type":"EntryPoint","urlTemplate":"https:\/\/rckopen.com\/?s={search_term_string}"},"query-input":{"@type":"PropertyValueSpecification","valueRequired":true,"valueName":"search_term_string"}}],"inLanguage":"cs"}]}},"_links":{"self":[{"href":"https:\/\/rckopen.com\/cs\/wp-json\/wp\/v2\/product\/6271","targetHints":{"allow":["GET"]}}],"collection":[{"href":"https:\/\/rckopen.com\/cs\/wp-json\/wp\/v2\/product"}],"about":[{"href":"https:\/\/rckopen.com\/cs\/wp-json\/wp\/v2\/types\/product"}],"replies":[{"embeddable":true,"href":"https:\/\/rckopen.com\/cs\/wp-json\/wp\/v2\/comments?post=6271"}],"wp:featuredmedia":[{"embeddable":true,"href":"https:\/\/rckopen.com\/cs\/wp-json\/wp\/v2\/media\/6325"}],"wp:attachment":[{"href":"https:\/\/rckopen.com\/cs\/wp-json\/wp\/v2\/media?parent=6271"}],"wp:term":[{"taxonomy":"product_brand","embeddable":true,"href":"https:\/\/rckopen.com\/cs\/wp-json\/wp\/v2\/product_brand?post=6271"},{"taxonomy":"product_cat","embeddable":true,"href":"https:\/\/rckopen.com\/cs\/wp-json\/wp\/v2\/product_cat?post=6271"},{"taxonomy":"product_tag","embeddable":true,"href":"https:\/\/rckopen.com\/cs\/wp-json\/wp\/v2\/product_tag?post=6271"}],"curies":[{"name":"wp","href":"https:\/\/api.w.org\/{rel}","templated":true}]}}