{"id":6272,"date":"2023-08-14T08:45:05","date_gmt":"2023-08-14T08:45:05","guid":{"rendered":"https:\/\/diligentplug.com\/chems\/?post_type=product&#038;p=6272"},"modified":"2025-02-06T06:34:26","modified_gmt":"2025-02-06T06:34:26","slug":"pyrazolam","status":"publish","type":"product","link":"https:\/\/rckopen.com\/cs\/produkt\/pyrazolam\/","title":{"rendered":"Koupit Pyrazolam online"},"content":{"rendered":"<h2>Koupit Pyrazolam online<\/h2>\n<p>V\u00fdjime\u010dn\u011b diskr\u00e9tn\u00ed doru\u010den\u00ed toho nejlep\u0161\u00edho <a href=\"https:\/\/rckopen.com\/cs\/produkt\/pyrazolam\/\">Pyrazolamov\u00e9 pelety<\/a> (25x3mg).<\/p>\n<p>Pracovn\u00ed den v 19:30 besteld je prost\u011b fantastick\u00fd!<\/p>\n<p>Waarschuwing: Nenakupujeme od nikoho mlad\u0161\u00edho 21 let.<\/p>\n<p>Tento produkt, Pyrazolam Pellets (25x3mg), m\u016f\u017ee b\u00fdt zdrav\u00ed \u0161kodliv\u00fd a nen\u00ed vhodn\u00fd ke konzumaci. Uv\u011bdomujete si, \u017ee nedodr\u017een\u00ed na\u0161ich bezpe\u010dnostn\u00edch pokyn\u016f m\u016f\u017ee v\u00e9st k v\u00e1\u017en\u00fdm zdravotn\u00edm rizik\u016fm? Zaj\u00edmaly by v\u00e1s na\u0161e bezpe\u010dnostn\u00ed p\u0159edpisy?<\/p>\n<h3>Koupit Pyrazolam online<\/h3>\n<p>Pyrazolam byl poprv\u00e9 p\u0159edstaven v roce 1976 a za\u010dal se prod\u00e1vat v roce 2016. Stejn\u011b jako bromazolam, norflurazepam a deschloroetizolam je pyrazolam chemicky podobn\u00fd benzodiazepin\u016fm. Pyrazolamov\u00e9 pelety prod\u00e1v\u00e1me po 25x 3mg kusech. Takov\u00fd produkt je ide\u00e1ln\u00ed pro onderzoeksdoeleinden a rozhodn\u011b nen\u00ed vhodn\u00fd ke konzumaci. Ne\u017e ji postavil, byl d\u00edt\u011btem a \u017eenou v dom\u00e1cnosti. D\u011bkujeme, \u017ee pou\u017e\u00edv\u00e1te n\u00e1\u0161 webov\u00fd veiligheidsvoorschriften. V\u0161echny na\u0161e produkty zas\u00edl\u00e1me po cel\u00e9m Nizozemsku. <a href=\"https:\/\/rckopen.com\/cs\/\">RC Kopen<\/a><\/p>\n<h3>Likvidace pyrazolamu<\/h3>\n<p>Pyrazolamov\u00e9 pelety jsou baleny v zakjes s r\u016fzn\u00fdmi barvami a tlou\u0161\u0165kami:<br \/>\nZlat\u00e1 = dv\u011b, fialov\u00e1 = p\u011bt, modr\u00e1 = deset, \u010dern\u00e1 = dvacet p\u011bt, st\u0159\u00edbrn\u00e1 = jedna.<\/p>\n<p>Pod\u00edvejte se na p\u0159\u00edbalov\u00fd let\u00e1k zde.<br \/>\nPod\u00edvejte se na p\u0159\u00edbalov\u00fd let\u00e1k zde.<\/p>","protected":false},"excerpt":{"rendered":"<p><strong>N\u00e1zev IUPAC: <\/strong>8-Bromo-1-methyl-6-(pyridin-2-yl)-4H-[1,2,4]triazolo[4,3-a][1,4]benzodiazepine<\/p>\n<p><strong>CAS # <\/strong>39243-02-2<\/p>\n<p><strong>Vzhled: <\/strong>pr\u00e1\u0161ek<\/p>\n<p><strong>Forma: <\/strong>pr\u00e1\u0161ek<\/p>\n<p><strong>NMR anal\u00fdza: <\/strong>C16H12BrN5<\/p>","protected":false},"featured_media":6326,"comment_status":"open","ping_status":"closed","template":"","meta":{"_joinchat":[]},"product_brand":[],"product_cat":[128],"product_tag":[],"class_list":{"0":"post-6272","1":"product","2":"type-product","3":"status-publish","4":"has-post-thumbnail","6":"product_cat-benzodiazepinen","8":"first","9":"instock","10":"shipping-taxable","11":"purchasable","12":"product-type-variable"},"yoast_head":"<!-- This site is optimized with the Yoast SEO plugin v26.3 - https:\/\/yoast.com\/wordpress\/plugins\/seo\/ -->\n<title>Pyrazolam online kopen - Pyrazolam te koop | RC Kopen<\/title>\n<meta name=\"description\" content=\"Pyrazolam online kopen in onze vertrouwde RC Kopen-winkel. Hier is de kans om Pyrazolam te koop te kopen tegen goedkope prijzen. Plaats uw bestelling en ontvang uw product op tijd.\" \/>\n<meta name=\"robots\" content=\"index, follow, max-snippet:-1, max-image-preview:large, max-video-preview:-1\" \/>\n<link rel=\"canonical\" href=\"https:\/\/rckopen.com\/cs\/produkt\/pyrazolam\/\" \/>\n<meta property=\"og:locale\" content=\"cs_CZ\" \/>\n<meta property=\"og:type\" content=\"article\" \/>\n<meta property=\"og:title\" content=\"Pyrazolam online kopen - Pyrazolam te koop | RC Kopen\" \/>\n<meta property=\"og:description\" content=\"Pyrazolam online kopen in onze vertrouwde RC Kopen-winkel. Hier is de kans om Pyrazolam te koop te kopen tegen goedkope prijzen. Plaats uw bestelling en ontvang uw product op tijd.\" \/>\n<meta property=\"og:url\" content=\"https:\/\/rckopen.com\/cs\/produkt\/pyrazolam\/\" \/>\n<meta property=\"og:site_name\" content=\"RC Kopen\" \/>\n<meta property=\"article:modified_time\" content=\"2025-02-06T06:34:26+00:00\" \/>\n<meta property=\"og:image\" content=\"https:\/\/rckopen.com\/wp-content\/uploads\/2023\/08\/Pyrazolam.jpg\" \/>\n\t<meta property=\"og:image:width\" content=\"600\" \/>\n\t<meta property=\"og:image:height\" content=\"600\" \/>\n\t<meta property=\"og:image:type\" content=\"image\/jpeg\" \/>\n<meta name=\"twitter:card\" content=\"summary_large_image\" \/>\n<meta name=\"twitter:label1\" content=\"Odhadovan\u00e1 doba \u010dten\u00ed\" \/>\n\t<meta name=\"twitter:data1\" content=\"1 minuta\" \/>\n<script type=\"application\/ld+json\" class=\"yoast-schema-graph\">{\"@context\":\"https:\/\/schema.org\",\"@graph\":[{\"@type\":\"WebPage\",\"@id\":\"https:\/\/rckopen.com\/product\/pyrazolam\/\",\"url\":\"https:\/\/rckopen.com\/product\/pyrazolam\/\",\"name\":\"Pyrazolam online kopen - Pyrazolam te koop | RC Kopen\",\"isPartOf\":{\"@id\":\"https:\/\/rckopen.com\/#website\"},\"primaryImageOfPage\":{\"@id\":\"https:\/\/rckopen.com\/product\/pyrazolam\/#primaryimage\"},\"image\":{\"@id\":\"https:\/\/rckopen.com\/product\/pyrazolam\/#primaryimage\"},\"thumbnailUrl\":\"https:\/\/rckopen.com\/wp-content\/uploads\/2023\/08\/Pyrazolam.jpg\",\"datePublished\":\"2023-08-14T08:45:05+00:00\",\"dateModified\":\"2025-02-06T06:34:26+00:00\",\"description\":\"Pyrazolam online kopen in onze vertrouwde RC Kopen-winkel. Hier is de kans om Pyrazolam te koop te kopen tegen goedkope prijzen. Plaats uw bestelling en ontvang uw product op tijd.\",\"breadcrumb\":{\"@id\":\"https:\/\/rckopen.com\/product\/pyrazolam\/#breadcrumb\"},\"inLanguage\":\"cs\",\"potentialAction\":[{\"@type\":\"ReadAction\",\"target\":[\"https:\/\/rckopen.com\/product\/pyrazolam\/\"]}]},{\"@type\":\"ImageObject\",\"inLanguage\":\"cs\",\"@id\":\"https:\/\/rckopen.com\/product\/pyrazolam\/#primaryimage\",\"url\":\"https:\/\/rckopen.com\/wp-content\/uploads\/2023\/08\/Pyrazolam.jpg\",\"contentUrl\":\"https:\/\/rckopen.com\/wp-content\/uploads\/2023\/08\/Pyrazolam.jpg\",\"width\":600,\"height\":600,\"caption\":\"Pyrazolam online kopen\"},{\"@type\":\"BreadcrumbList\",\"@id\":\"https:\/\/rckopen.com\/product\/pyrazolam\/#breadcrumb\",\"itemListElement\":[{\"@type\":\"ListItem\",\"position\":1,\"name\":\"Home\",\"item\":\"https:\/\/rckopen.com\/\"},{\"@type\":\"ListItem\",\"position\":2,\"name\":\"Shop\",\"item\":\"https:\/\/rckopen.com\/shop\/\"},{\"@type\":\"ListItem\",\"position\":3,\"name\":\"Pyrazolam online kopen\"}]},{\"@type\":\"WebSite\",\"@id\":\"https:\/\/rckopen.com\/#website\",\"url\":\"https:\/\/rckopen.com\/\",\"name\":\"RC Kopen\",\"description\":\"Research Chemicals\",\"potentialAction\":[{\"@type\":\"SearchAction\",\"target\":{\"@type\":\"EntryPoint\",\"urlTemplate\":\"https:\/\/rckopen.com\/?s={search_term_string}\"},\"query-input\":{\"@type\":\"PropertyValueSpecification\",\"valueRequired\":true,\"valueName\":\"search_term_string\"}}],\"inLanguage\":\"cs\"}]}<\/script>\n<!-- \/ Yoast SEO plugin. -->","yoast_head_json":{"title":"Pyrazolam online kopen - Pyrazolam te koop | RC Kopen","description":"Pyrazolam online kopen in onze vertrouwde RC Kopen-winkel. Hier is de kans om Pyrazolam te koop te kopen tegen goedkope prijzen. Plaats uw bestelling en ontvang uw product op tijd.","robots":{"index":"index","follow":"follow","max-snippet":"max-snippet:-1","max-image-preview":"max-image-preview:large","max-video-preview":"max-video-preview:-1"},"canonical":"https:\/\/rckopen.com\/cs\/produkt\/pyrazolam\/","og_locale":"cs_CZ","og_type":"article","og_title":"Pyrazolam online kopen - Pyrazolam te koop | RC Kopen","og_description":"Pyrazolam online kopen in onze vertrouwde RC Kopen-winkel. Hier is de kans om Pyrazolam te koop te kopen tegen goedkope prijzen. Plaats uw bestelling en ontvang uw product op tijd.","og_url":"https:\/\/rckopen.com\/cs\/produkt\/pyrazolam\/","og_site_name":"RC Kopen","article_modified_time":"2025-02-06T06:34:26+00:00","og_image":[{"width":600,"height":600,"url":"https:\/\/rckopen.com\/wp-content\/uploads\/2023\/08\/Pyrazolam.jpg","type":"image\/jpeg"}],"twitter_card":"summary_large_image","twitter_misc":{"Odhadovan\u00e1 doba \u010dten\u00ed":"1 minuta"},"schema":{"@context":"https:\/\/schema.org","@graph":[{"@type":"WebPage","@id":"https:\/\/rckopen.com\/product\/pyrazolam\/","url":"https:\/\/rckopen.com\/product\/pyrazolam\/","name":"Pyrazolam online kopen - Pyrazolam te koop | RC Kopen","isPartOf":{"@id":"https:\/\/rckopen.com\/#website"},"primaryImageOfPage":{"@id":"https:\/\/rckopen.com\/product\/pyrazolam\/#primaryimage"},"image":{"@id":"https:\/\/rckopen.com\/product\/pyrazolam\/#primaryimage"},"thumbnailUrl":"https:\/\/rckopen.com\/wp-content\/uploads\/2023\/08\/Pyrazolam.jpg","datePublished":"2023-08-14T08:45:05+00:00","dateModified":"2025-02-06T06:34:26+00:00","description":"Pyrazolam online kopen in onze vertrouwde RC Kopen-winkel. Hier is de kans om Pyrazolam te koop te kopen tegen goedkope prijzen. Plaats uw bestelling en ontvang uw product op tijd.","breadcrumb":{"@id":"https:\/\/rckopen.com\/product\/pyrazolam\/#breadcrumb"},"inLanguage":"cs","potentialAction":[{"@type":"ReadAction","target":["https:\/\/rckopen.com\/product\/pyrazolam\/"]}]},{"@type":"ImageObject","inLanguage":"cs","@id":"https:\/\/rckopen.com\/product\/pyrazolam\/#primaryimage","url":"https:\/\/rckopen.com\/wp-content\/uploads\/2023\/08\/Pyrazolam.jpg","contentUrl":"https:\/\/rckopen.com\/wp-content\/uploads\/2023\/08\/Pyrazolam.jpg","width":600,"height":600,"caption":"Pyrazolam online kopen"},{"@type":"BreadcrumbList","@id":"https:\/\/rckopen.com\/product\/pyrazolam\/#breadcrumb","itemListElement":[{"@type":"ListItem","position":1,"name":"Home","item":"https:\/\/rckopen.com\/"},{"@type":"ListItem","position":2,"name":"Shop","item":"https:\/\/rckopen.com\/shop\/"},{"@type":"ListItem","position":3,"name":"Pyrazolam online kopen"}]},{"@type":"WebSite","@id":"https:\/\/rckopen.com\/#website","url":"https:\/\/rckopen.com\/","name":"RC Kopen","description":"Research Chemicals","potentialAction":[{"@type":"SearchAction","target":{"@type":"EntryPoint","urlTemplate":"https:\/\/rckopen.com\/?s={search_term_string}"},"query-input":{"@type":"PropertyValueSpecification","valueRequired":true,"valueName":"search_term_string"}}],"inLanguage":"cs"}]}},"_links":{"self":[{"href":"https:\/\/rckopen.com\/cs\/wp-json\/wp\/v2\/product\/6272","targetHints":{"allow":["GET"]}}],"collection":[{"href":"https:\/\/rckopen.com\/cs\/wp-json\/wp\/v2\/product"}],"about":[{"href":"https:\/\/rckopen.com\/cs\/wp-json\/wp\/v2\/types\/product"}],"replies":[{"embeddable":true,"href":"https:\/\/rckopen.com\/cs\/wp-json\/wp\/v2\/comments?post=6272"}],"wp:featuredmedia":[{"embeddable":true,"href":"https:\/\/rckopen.com\/cs\/wp-json\/wp\/v2\/media\/6326"}],"wp:attachment":[{"href":"https:\/\/rckopen.com\/cs\/wp-json\/wp\/v2\/media?parent=6272"}],"wp:term":[{"taxonomy":"product_brand","embeddable":true,"href":"https:\/\/rckopen.com\/cs\/wp-json\/wp\/v2\/product_brand?post=6272"},{"taxonomy":"product_cat","embeddable":true,"href":"https:\/\/rckopen.com\/cs\/wp-json\/wp\/v2\/product_cat?post=6272"},{"taxonomy":"product_tag","embeddable":true,"href":"https:\/\/rckopen.com\/cs\/wp-json\/wp\/v2\/product_tag?post=6272"}],"curies":[{"name":"wp","href":"https:\/\/api.w.org\/{rel}","templated":true}]}}