{"id":6335,"date":"2023-08-14T10:37:18","date_gmt":"2023-08-14T10:37:18","guid":{"rendered":"https:\/\/diligentplug.com\/chems\/?post_type=product&#038;p=6335"},"modified":"2025-02-03T05:49:16","modified_gmt":"2025-02-03T05:49:16","slug":"bromonordiazepam","status":"publish","type":"product","link":"https:\/\/rckopen.com\/cs\/produkt\/bromonordiazepam\/","title":{"rendered":"koupit bromonordiazepam online"},"content":{"rendered":"<h2>Algemene informatie Bromonordiazepam online kopen<\/h2>\n<p>Bromazepam je benzodiazepin. Je to p\u0159edev\u0161\u00edm l\u00e9k proti \u00fazkosti s podobn\u00fdmi n\u00e1sledn\u00fdmi \u00fa\u010dinky jako diazepam (valium). Bromazepam se pou\u017e\u00edv\u00e1 nejen k l\u00e9\u010db\u011b nap\u011bt\u00ed nebo vzteku, ale lze jej pou\u017e\u00edt i jako premedikaci p\u0159ed men\u0161\u00edm l\u00e9ka\u0159sk\u00fdm z\u00e1krokem. Bromazepam se pravideln\u011b dod\u00e1v\u00e1 v d\u00e1vk\u00e1ch 3 mg a 6 mg tablet.<\/p>\n<p>Spole\u010dnost Roche mu ud\u011blila licenci v roce 1961 a v roce 1974 byl schv\u00e1len pro klinick\u00e9 pou\u017eit\u00ed.<\/p>\n<p>Po no\u010dn\u00edm pod\u00e1n\u00ed bromazepamu doch\u00e1z\u00ed b\u011bhem odpo\u010dinku k velmi prudk\u00e9mu sn\u00ed\u017een\u00ed sekrece \u017ealude\u010dn\u00ed kyseliny, po kter\u00e9m n\u00e1sleduje n\u00e1sleduj\u00edc\u00ed den mimo\u0159\u00e1dn\u011b kritick\u00fd n\u00e1r\u016fst testovan\u00e9 l\u00e1tky \u017ealude\u010dn\u00ed kyseliny.<\/p>\n<h3>Chemick\u00e9 slo\u017een\u00ed bromonordiazepamu<\/h3>\n<p>Jeho konven\u010dn\u00ed n\u00e1zev je 7-bromo-1,3-dihydro-5-fenyl-2H-1,4-benzodiazepin-2-on. Molekulov\u00e1 rovnice bromazepamu je C15H11BrN2O. Bromazepam je v\u011bdeck\u00fd referen\u010dn\u00ed standard \u0159azen\u00fd jako metabolit benzodiazepinu.1 Desalkylgidazepam je metabolit gidazepamu. Tato zkouman\u00e1 slou\u010denina je pl\u00e1nov\u00e1na pro forenzn\u00ed a v\u00fdzkumn\u00e9 aplikace.<\/p>\n<h3>Farmakologie bromonordiazepamu<\/h3>\n<p>Bromazepam je \"klasick\u00fd\" benzodiazepin; mezi dal\u0161\u00ed star\u00e9 benzodiazepiny pat\u0159\u00ed: diazepam, klonazepam, oxazepam, lorazepam, nitrazepam, flurazepam a klorazep\u00e1t. Molekul\u00e1rn\u00ed struktura je tvo\u0159ena diazepinem spojen\u00fdm s benzenov\u00fdm kruhem a pyridinov\u00fdm kruhem, p\u0159i\u010dem\u017e benzenov\u00fd kruh m\u00e1 osam\u011blou \u010d\u00e1stici dus\u00edku, kter\u00e1 nahrazuje jednu z molekul uhl\u00edku v kruhov\u00e9 struktu\u0159e. Jedn\u00e1 se o 1,4-benzodiazepin, co\u017e znamen\u00e1, \u017ee atomy dus\u00edku na sedmistrann\u00e9m diazepinov\u00e9m kruhu jsou v poloh\u00e1ch 1 a 4.<\/p>\n<p>Bromazepam se v\u00e1\u017ee na GABA receptor GABAA, zp\u016fsobuje konforma\u010dn\u00ed zm\u011bnu a prodlu\u017euje inhibi\u010dn\u00ed \u00fa\u010dinky GABA. P\u016fsob\u00ed jako pozitivn\u00ed modul\u00e1tor a rozv\u00edj\u00ed odpov\u011b\u010f receptoru, pokud je iniciov\u00e1na samotnou GABA nebo agonistou (nap\u0159. alkoholem). Na rozd\u00edl od barbitalu nejsou BZD aktiv\u00e1tory GABA receptor\u016f a spo\u010d\u00edvaj\u00ed v prodlou\u017een\u00ed biologick\u00e9 aktivity synapse. Bromazepam je semiaktivn\u00ed benzodiazepin, na rozd\u00edl od ostatn\u00edch l\u00e1tek sv\u00e9 skupiny je m\u00edrn\u011b lipofiln\u00ed a je vyu\u017e\u00edv\u00e1n oxida\u010dn\u00edmi cestami v j\u00e1trech. Nem\u00e1 stimula\u010dn\u00ed ani antipsychotick\u00e9 vlastnosti.<\/p>\n<h3>Koupit vysoce kvalitn\u00ed bromonordiazepamov\u00fd pr\u00e1\u0161ek online<\/h3>\n<p>Spole\u010dnost RC Buy m\u00e1 dlouholet\u00e9 zku\u0161enosti v oboru n\u00e1vrh\u00e1\u0159\u016f v\u00fdzkumn\u00fdch chemik\u00e1li\u00ed, co\u017e n\u00e1m umo\u017e\u0148uje zajistit nejvy\u0161\u0161\u00ed kvalitu t\u011bchto v\u00fdzkumn\u00fdch chemik\u00e1li\u00ed. T\u00fdm v\u00fdzkumn\u00fdch chemik\u00e1li\u00ed prod\u00e1v\u00e1 bromonordiazepam a 2,5 mg pelety. V\u00fdzkumn\u00e9 chemik\u00e1lie, v\u010detn\u011b bromonordiazepamu, spl\u0148uj\u00ed v\u0161echny bezpe\u010dnostn\u00ed po\u017eadavky. V\u00fdzkumn\u00e9 chemik\u00e1lie jsou pe\u010dliv\u011b distribuov\u00e1ny a skladov\u00e1ny na chladn\u00e9m a such\u00e9m m\u00edst\u011b.<\/p>\n<p>V\u0161echny v\u00fdrobky jsou pravideln\u011b kontrolov\u00e1ny z hlediska kvality, \u010distoty a bezpe\u010dnosti. Bromonordiazepam v\u017edy skladujte p\u0159i pokojov\u00e9 teplot\u011b a mimo dosah d\u011bt\u00ed a dom\u00e1c\u00edch zv\u00ed\u0159at. N\u00e1\u0161 bromonordiazepam nen\u00ed ur\u010den pro osobn\u00ed pou\u017eit\u00ed. Je ur\u010den pouze pro v\u00fdzkumn\u00e9 \u00fa\u010dely.<\/p>\n<p>P\u0159i zkoum\u00e1n\u00ed t\u00e9to v\u00fdzkumn\u00e9 chemik\u00e1lie by se nem\u011bla m\u00edchat s alkoholem nebo v\u00fdzkumn\u00fdmi chemik\u00e1liemi!Koupit bromonordizepamov\u00fd pr\u00e1\u0161ek online RC Buy. V\u0161echny na\u0161e produkty maj\u00ed f\u00e9rovou cenu!<\/p>\n<h3>Laboratorn\u011b testovan\u00fd bromonordiazepam s v\u00fdsledky.<\/h3>\n<p>dosahuje obnoven\u00e9ho pokroku sm\u011brem k celkov\u00e9mu uspokojen\u00ed sv\u00fdch z\u00e1kazn\u00edk\u016f. N\u011bkolik pr\u016fzkum\u016f uk\u00e1zalo, \u017ee z\u00e1kazn\u00edci p\u0159ed n\u00e1kupem syntetick\u00fdch v\u00fdzkumn\u00fdch chemik\u00e1li\u00ed po\u017eaduj\u00ed tolik \u00fadaj\u016f, kolik se o\u010dek\u00e1v\u00e1. Nav\u00edc zve\u0159ej\u0148ujeme v\u0161echny laboratorn\u00ed d\u016fsledky ka\u017ed\u00e9 v\u00fdzkumn\u00e9 chemick\u00e9 l\u00e1tky v z\u00e1znamu ve form\u00e1tu PDF.<\/p>\n<p>N\u00e1\u0161 bromonordiazepam d\u016fsledn\u011b spl\u0148uje \u00fa\u010dinn\u00e9 l\u00e1tky a je pro v\u0161echny z\u0159eteln\u00fd.<\/p>\n<p>V\u0161echny laboratorn\u00ed d\u016fsledky ka\u017ed\u00e9 v\u00fdzkumn\u00e9 chemick\u00e9 l\u00e1tky distribuujeme v dokumentu PDF.<\/p>\n<h3>Bezpe\u010dn\u00e9 objedn\u00e1n\u00ed na bromonordiazepam.<\/h3>\n<p>Designov\u00e9 v\u00fdzkumn\u00e9 chemik\u00e1lie RCKOPEN jsou vynikaj\u00edc\u00ed kvality a maj\u00ed f\u00e9rovou cenu. Proto, kdy\u017e si vy\u017e\u00e1d\u00e1te sv\u00e9 v\u00fdzkumn\u00e9 chemik\u00e1lie od TRRC SHOP, garantujeme, \u017ee v\u00e1\u0161 po\u017eadavek ode\u0161leme do va\u0161\u00ed v\u00fdzkumn\u00e9 laborato\u0159e rychle a bezpe\u010dn\u011b, proto\u017ee prodej v\u00fdzkumn\u00fdch chemik\u00e1li\u00ed je v\u017edy dostupn\u00fd na RCKOPEN.<\/p>\n<p>\u017d\u00e1dost o syntetick\u00e9 v\u00fdzkumn\u00e9 slou\u010deniny s bitcoiny nebo bankovn\u00edm p\u0159evodem je na RCKOPEN snadn\u00e9.<\/p>\n<p>V\u00fdzkumn\u00e9 chemik\u00e1lie odes\u00edl\u00e1me je\u0161t\u011b t\u00fd\u017e pracovn\u00ed den, pokud platbu obdr\u017e\u00edte do 15:00 SEL\u010c.<\/p>\n<p>Osob\u00e1m mlad\u0161\u00edm 18 let zbo\u017e\u00ed nedoru\u010dujeme!<\/p>\n<p>bromonordiazepam na prodej je ur\u010den pouze pro v\u00fdzkumn\u00e9 \u00fa\u010dely.<\/p>\n<h3>Diskr\u00e9tn\u00ed p\u0159eprava v\u00fdzkumn\u00fdch chemik\u00e1li\u00ed.<\/h3>\n<p>RCKOPEN ode\u0161le va\u0161i objedn\u00e1vkuKoupit Bromonor Diazepam online \u2013 Bromonor Diazepam na prodej | RC Nakupujte bezpe\u010dn\u011b a bezpe\u010dn\u011b zabalte, abyste zajistili dobrou p\u0159epravu. Nav\u00edc bal\u00edme perfektn\u011b nen\u00e1padn\u011b a navenek nen\u00ed vid\u011bt nic z toho, co by mohlo b\u00fdt uvnit\u0159.<\/p>","protected":false},"excerpt":{"rendered":"<p><strong>N\u00e1zev IUPAC: <\/strong>7-bromo-5-phenyl-1,3-dihydro-1,4-benzodiazepin-2-one<\/p>\n<p><strong>CAS # <\/strong>2894-61-3<\/p>\n<p><strong>Dal\u0161\u00ed n\u00e1zev: <\/strong>desalkylgidazepam<\/p>\n<p><strong>Forma: <\/strong>pr\u00e1\u0161ek<\/p>\n<p><strong>NMR anal\u00fdza: <\/strong>C15H11BrN2O<\/p>","protected":false},"featured_media":6351,"comment_status":"open","ping_status":"closed","template":"","meta":{"_joinchat":[]},"product_brand":[],"product_cat":[128],"product_tag":[],"class_list":{"0":"post-6335","1":"product","2":"type-product","3":"status-publish","4":"has-post-thumbnail","6":"product_cat-benzodiazepinen","8":"first","9":"instock","10":"shipping-taxable","11":"purchasable","12":"product-type-variable"},"yoast_head":"<!-- This site is optimized with the Yoast SEO plugin v26.3 - https:\/\/yoast.com\/wordpress\/plugins\/seo\/ -->\n<title>Koop Bromonor Diazepam online - Bromonor Diazepam te koop | RC Kopen<\/title>\n<meta name=\"description\" content=\"U kunt Bromonordiazepam te koop krijgen in onze winkel en het zonder problemen bij u thuis krijgen. Wij helpen u broomordiazepam online te kopen. Bestel nu!\" \/>\n<meta name=\"robots\" content=\"index, follow, max-snippet:-1, max-image-preview:large, max-video-preview:-1\" \/>\n<link rel=\"canonical\" href=\"https:\/\/rckopen.com\/cs\/produkt\/bromonordiazepam\/\" \/>\n<meta property=\"og:locale\" content=\"cs_CZ\" \/>\n<meta property=\"og:type\" content=\"article\" \/>\n<meta property=\"og:title\" content=\"Koop Bromonor Diazepam online - Bromonor Diazepam te koop | RC Kopen\" \/>\n<meta property=\"og:description\" content=\"U kunt Bromonordiazepam te koop krijgen in onze winkel en het zonder problemen bij u thuis krijgen. Wij helpen u broomordiazepam online te kopen. Bestel nu!\" \/>\n<meta property=\"og:url\" content=\"https:\/\/rckopen.com\/cs\/produkt\/bromonordiazepam\/\" \/>\n<meta property=\"og:site_name\" content=\"RC Kopen\" \/>\n<meta property=\"article:modified_time\" content=\"2025-02-03T05:49:16+00:00\" \/>\n<meta property=\"og:image\" content=\"https:\/\/rckopen.com\/wp-content\/uploads\/2023\/08\/Bromazolam.jpg\" \/>\n\t<meta property=\"og:image:width\" content=\"600\" \/>\n\t<meta property=\"og:image:height\" content=\"600\" \/>\n\t<meta property=\"og:image:type\" content=\"image\/jpeg\" \/>\n<meta name=\"twitter:card\" content=\"summary_large_image\" \/>\n<meta name=\"twitter:label1\" content=\"Odhadovan\u00e1 doba \u010dten\u00ed\" \/>\n\t<meta name=\"twitter:data1\" content=\"4 minuty\" \/>\n<script type=\"application\/ld+json\" class=\"yoast-schema-graph\">{\"@context\":\"https:\/\/schema.org\",\"@graph\":[{\"@type\":\"WebPage\",\"@id\":\"https:\/\/rckopen.com\/product\/bromonordiazepam\/\",\"url\":\"https:\/\/rckopen.com\/product\/bromonordiazepam\/\",\"name\":\"Koop Bromonor Diazepam online - Bromonor Diazepam te koop | RC Kopen\",\"isPartOf\":{\"@id\":\"https:\/\/rckopen.com\/#website\"},\"primaryImageOfPage\":{\"@id\":\"https:\/\/rckopen.com\/product\/bromonordiazepam\/#primaryimage\"},\"image\":{\"@id\":\"https:\/\/rckopen.com\/product\/bromonordiazepam\/#primaryimage\"},\"thumbnailUrl\":\"https:\/\/rckopen.com\/wp-content\/uploads\/2023\/08\/Bromazolam.jpg\",\"datePublished\":\"2023-08-14T10:37:18+00:00\",\"dateModified\":\"2025-02-03T05:49:16+00:00\",\"description\":\"U kunt Bromonordiazepam te koop krijgen in onze winkel en het zonder problemen bij u thuis krijgen. Wij helpen u broomordiazepam online te kopen. Bestel nu!\",\"breadcrumb\":{\"@id\":\"https:\/\/rckopen.com\/product\/bromonordiazepam\/#breadcrumb\"},\"inLanguage\":\"cs\",\"potentialAction\":[{\"@type\":\"ReadAction\",\"target\":[\"https:\/\/rckopen.com\/product\/bromonordiazepam\/\"]}]},{\"@type\":\"ImageObject\",\"inLanguage\":\"cs\",\"@id\":\"https:\/\/rckopen.com\/product\/bromonordiazepam\/#primaryimage\",\"url\":\"https:\/\/rckopen.com\/wp-content\/uploads\/2023\/08\/Bromazolam.jpg\",\"contentUrl\":\"https:\/\/rckopen.com\/wp-content\/uploads\/2023\/08\/Bromazolam.jpg\",\"width\":600,\"height\":600,\"caption\":\"Bromazolam online kopen\"},{\"@type\":\"BreadcrumbList\",\"@id\":\"https:\/\/rckopen.com\/product\/bromonordiazepam\/#breadcrumb\",\"itemListElement\":[{\"@type\":\"ListItem\",\"position\":1,\"name\":\"Home\",\"item\":\"https:\/\/rckopen.com\/\"},{\"@type\":\"ListItem\",\"position\":2,\"name\":\"Shop\",\"item\":\"https:\/\/rckopen.com\/shop\/\"},{\"@type\":\"ListItem\",\"position\":3,\"name\":\"bromonordiazepam online kopen\"}]},{\"@type\":\"WebSite\",\"@id\":\"https:\/\/rckopen.com\/#website\",\"url\":\"https:\/\/rckopen.com\/\",\"name\":\"RC Kopen\",\"description\":\"Research Chemicals\",\"potentialAction\":[{\"@type\":\"SearchAction\",\"target\":{\"@type\":\"EntryPoint\",\"urlTemplate\":\"https:\/\/rckopen.com\/?s={search_term_string}\"},\"query-input\":{\"@type\":\"PropertyValueSpecification\",\"valueRequired\":true,\"valueName\":\"search_term_string\"}}],\"inLanguage\":\"cs\"}]}<\/script>\n<!-- \/ Yoast SEO plugin. -->","yoast_head_json":{"title":"Koop Bromonor Diazepam online - Bromonor Diazepam te koop | RC Kopen","description":"U kunt Bromonordiazepam te koop krijgen in onze winkel en het zonder problemen bij u thuis krijgen. Wij helpen u broomordiazepam online te kopen. Bestel nu!","robots":{"index":"index","follow":"follow","max-snippet":"max-snippet:-1","max-image-preview":"max-image-preview:large","max-video-preview":"max-video-preview:-1"},"canonical":"https:\/\/rckopen.com\/cs\/produkt\/bromonordiazepam\/","og_locale":"cs_CZ","og_type":"article","og_title":"Koop Bromonor Diazepam online - Bromonor Diazepam te koop | RC Kopen","og_description":"U kunt Bromonordiazepam te koop krijgen in onze winkel en het zonder problemen bij u thuis krijgen. Wij helpen u broomordiazepam online te kopen. Bestel nu!","og_url":"https:\/\/rckopen.com\/cs\/produkt\/bromonordiazepam\/","og_site_name":"RC Kopen","article_modified_time":"2025-02-03T05:49:16+00:00","og_image":[{"width":600,"height":600,"url":"https:\/\/rckopen.com\/wp-content\/uploads\/2023\/08\/Bromazolam.jpg","type":"image\/jpeg"}],"twitter_card":"summary_large_image","twitter_misc":{"Odhadovan\u00e1 doba \u010dten\u00ed":"4 minuty"},"schema":{"@context":"https:\/\/schema.org","@graph":[{"@type":"WebPage","@id":"https:\/\/rckopen.com\/product\/bromonordiazepam\/","url":"https:\/\/rckopen.com\/product\/bromonordiazepam\/","name":"Koop Bromonor Diazepam online - Bromonor Diazepam te koop | RC Kopen","isPartOf":{"@id":"https:\/\/rckopen.com\/#website"},"primaryImageOfPage":{"@id":"https:\/\/rckopen.com\/product\/bromonordiazepam\/#primaryimage"},"image":{"@id":"https:\/\/rckopen.com\/product\/bromonordiazepam\/#primaryimage"},"thumbnailUrl":"https:\/\/rckopen.com\/wp-content\/uploads\/2023\/08\/Bromazolam.jpg","datePublished":"2023-08-14T10:37:18+00:00","dateModified":"2025-02-03T05:49:16+00:00","description":"U kunt Bromonordiazepam te koop krijgen in onze winkel en het zonder problemen bij u thuis krijgen. Wij helpen u broomordiazepam online te kopen. Bestel nu!","breadcrumb":{"@id":"https:\/\/rckopen.com\/product\/bromonordiazepam\/#breadcrumb"},"inLanguage":"cs","potentialAction":[{"@type":"ReadAction","target":["https:\/\/rckopen.com\/product\/bromonordiazepam\/"]}]},{"@type":"ImageObject","inLanguage":"cs","@id":"https:\/\/rckopen.com\/product\/bromonordiazepam\/#primaryimage","url":"https:\/\/rckopen.com\/wp-content\/uploads\/2023\/08\/Bromazolam.jpg","contentUrl":"https:\/\/rckopen.com\/wp-content\/uploads\/2023\/08\/Bromazolam.jpg","width":600,"height":600,"caption":"Bromazolam online kopen"},{"@type":"BreadcrumbList","@id":"https:\/\/rckopen.com\/product\/bromonordiazepam\/#breadcrumb","itemListElement":[{"@type":"ListItem","position":1,"name":"Home","item":"https:\/\/rckopen.com\/"},{"@type":"ListItem","position":2,"name":"Shop","item":"https:\/\/rckopen.com\/shop\/"},{"@type":"ListItem","position":3,"name":"bromonordiazepam online kopen"}]},{"@type":"WebSite","@id":"https:\/\/rckopen.com\/#website","url":"https:\/\/rckopen.com\/","name":"RC Kopen","description":"Research Chemicals","potentialAction":[{"@type":"SearchAction","target":{"@type":"EntryPoint","urlTemplate":"https:\/\/rckopen.com\/?s={search_term_string}"},"query-input":{"@type":"PropertyValueSpecification","valueRequired":true,"valueName":"search_term_string"}}],"inLanguage":"cs"}]}},"_links":{"self":[{"href":"https:\/\/rckopen.com\/cs\/wp-json\/wp\/v2\/product\/6335","targetHints":{"allow":["GET"]}}],"collection":[{"href":"https:\/\/rckopen.com\/cs\/wp-json\/wp\/v2\/product"}],"about":[{"href":"https:\/\/rckopen.com\/cs\/wp-json\/wp\/v2\/types\/product"}],"replies":[{"embeddable":true,"href":"https:\/\/rckopen.com\/cs\/wp-json\/wp\/v2\/comments?post=6335"}],"wp:featuredmedia":[{"embeddable":true,"href":"https:\/\/rckopen.com\/cs\/wp-json\/wp\/v2\/media\/6351"}],"wp:attachment":[{"href":"https:\/\/rckopen.com\/cs\/wp-json\/wp\/v2\/media?parent=6335"}],"wp:term":[{"taxonomy":"product_brand","embeddable":true,"href":"https:\/\/rckopen.com\/cs\/wp-json\/wp\/v2\/product_brand?post=6335"},{"taxonomy":"product_cat","embeddable":true,"href":"https:\/\/rckopen.com\/cs\/wp-json\/wp\/v2\/product_cat?post=6335"},{"taxonomy":"product_tag","embeddable":true,"href":"https:\/\/rckopen.com\/cs\/wp-json\/wp\/v2\/product_tag?post=6335"}],"curies":[{"name":"wp","href":"https:\/\/api.w.org\/{rel}","templated":true}]}}