{"id":6336,"date":"2023-08-14T10:47:10","date_gmt":"2023-08-14T10:47:10","guid":{"rendered":"https:\/\/diligentplug.com\/chems\/?post_type=product&#038;p=6336"},"modified":"2025-02-03T07:19:30","modified_gmt":"2025-02-03T07:19:30","slug":"flubromazepam-hcl","status":"publish","type":"product","link":"https:\/\/rckopen.com\/cs\/produkt\/flubromazepam-hcl\/","title":{"rendered":"KOUPIT FLUBROMAZEPAM HCL ONLINE"},"content":{"rendered":"<h2>Algemene informatie over flubromazepam FLUBROMAZEPAM HCL ONLINE KOPEN<\/h2>\n<p><a href=\"https:\/\/rckopen.com\/cs\/produkt\/flubromazepam-hcl\/\">Koupit Flubromazepam Hcl online<\/a> je benzodiazepinov\u00fd deriv\u00e1t, kter\u00fd si z\u00edskal pozornost jako v\u00fdzkumn\u00e1 chemick\u00e1 l\u00e1tka. Poprv\u00e9 byl p\u0159edstaven v 60. letech minul\u00e9ho stolet\u00ed a jeho farmakologick\u00e9 vlastnosti byly do ur\u010dit\u00e9 m\u00edry studov\u00e1ny.<\/p>\n<p>Flubromazepam se skl\u00e1d\u00e1 z atom\u016f uhl\u00edku (C), vod\u00edku (H), bromu (Br), fluoru (F), dus\u00edku (N) a kysl\u00edku (O) uspo\u0159\u00e1dan\u00fdch do specifick\u00e9 struktury.<\/p>\n<p><a href=\"https:\/\/en.wikipedia.org\/wiki\/Flubromazepam\">Flubromazepam<\/a> m\u00e1 chemickou strukturu podobnou jako u jin\u00fdch benzodiazepin\u016f. Chemick\u00fd n\u00e1zev je 7-brom-5-(2-fluorfenyl)-1,3-dihydro-1,4-benzodiazepin-2-on. P\u016fsob\u00ed p\u0159edev\u0161\u00edm jako pozitivn\u00ed alosterick\u00fd modul\u00e1tor receptoru GABA-A, zesiluj\u00edc\u00ed inhibi\u010dn\u00ed \u00fa\u010dinky GABA.<\/p>\n<p>Flubromazepam m\u00e1 podobn\u00e9 \u00fa\u010dinky jako jin\u00e9 benzodiazepiny. Flubromazepam je velmi siln\u00e1 slou\u010denina a typick\u00fd rozsah pou\u017eit\u00ed je chud\u00fd, obvykle se m\u011b\u0159\u00ed v mikrogramech.<\/p>\n<p>Je d\u016fle\u017eit\u00e9 si uv\u011bdomit, \u017ee pou\u017eit\u00ed flubromazepamu nebo jak\u00e9koli neregulovan\u00e9 chemick\u00e9 l\u00e1tky pro v\u00fdzkum s sebou nese zna\u010dn\u00e1 rizika.<\/p>\n<h3>Chemick\u00e9 slo\u017een\u00ed flubromazepamu<\/h3>\n<p>Chemick\u00e9 slo\u017een\u00ed flubromazepamu, zn\u00e1m\u00e9ho tak\u00e9 pod n\u00e1zvem IUPAC 7-bromo-5-(2-fluorofenyl)-1,3-dihydro-1,4-benzodiazepin-2-on, lze rozd\u011blit takto:<\/p>\n<p>- Molekul\u00e1rn\u00ed vzorec: C15H10BrFN2O<\/p>\n<p>- Molekulov\u00e1 hmotnost: 333,16 g\/mol<\/p>\n<p>Molekulov\u00fd vzorec C15H10BrFN2O p\u0159edstavuje chemickou slou\u010deninu slo\u017eenou z patn\u00e1cti atom\u016f uhl\u00edku (C15), deseti atom\u016f vod\u00edku (H10), jednoho atomu bromu (Br), jednoho atomu fluoru (F), dvou atom\u016f dus\u00edku (N2) a jednoho atomu kysl\u00edku ( O), koupit Flubromazepam Hcl.<\/p>\n<h3>Zde je p\u0159ehled chemick\u00fdch slo\u017eek a jejich rol\u00ed:<\/h3>\n<p>Benzodiazepin-2-on: toto je z\u00e1kladn\u00ed struktura flubromazepamu. Jedn\u00e1 se o bicyklick\u00fd kruhov\u00fd syst\u00e9m slo\u017een\u00fd ze \u010dty\u0159 atom\u016f uhl\u00edku, jednoho atomu kysl\u00edku a jednoho atomu dus\u00edku.<br \/>\n7-Bromo: Na sedm\u00fd atom uhl\u00edku benzodiazepin-2-on struktury je p\u0159ipojen atom bromu. Brom je halogenov\u00fd prvek.<br \/>\n5-(2-fluorofenyl): To ozna\u010duje fenylov\u00fd kruh s p\u0159ipojen\u00fdm atomem fluoru ve 2. poloze (ortho-pozice). Fenylov\u00e1 skupina se skl\u00e1d\u00e1 ze \u0161estivrstv\u00e9ho uhl\u00edkov\u00e9ho kruhu se st\u0159\u00eddav\u00fdmi jednoduch\u00fdmi a dvojn\u00fdmi vazbami.<a href=\"https:\/\/safemedistore.com\/\">.<\/a><\/p>\n<p>Chemick\u00e9 slo\u017een\u00ed flubromazepamu odr\u00e1\u017e\u00ed specifick\u00e9 uspo\u0159\u00e1d\u00e1n\u00ed atom\u016f a funk\u010dn\u00edch skupin, kter\u00e9 p\u0159isp\u00edvaj\u00ed k jeho farmakologick\u00fdm \u00fa\u010dink\u016fm jako deriv\u00e1tu benzodiazepinu.<\/p>\n<h3>Koupit Flubromazepam online ve vysok\u00e9 kvalit\u011b.<\/h3>\n<p>RCKOPEN m\u00e1 dlouholet\u00e9 zku\u0161enosti v oblasti v\u00fdzkumn\u00e9ho chemick\u00e9ho designu, co\u017e n\u00e1m umo\u017e\u0148uje garantovat nejvy\u0161\u0161\u00ed kvalitu t\u011bchto v\u00fdzkumn\u00fdch chemik\u00e1li\u00ed. N\u00e1kup flubromazepamu je snadn\u00fd a m\u00e1 \u0161pi\u010dkovou kvalitu. n\u00e1klady na flubromazepam jsou relativn\u011b n\u00edzk\u00e9 ne\u017e u jin\u00fdch spole\u010dnost\u00ed. V\u00fdzkumn\u00e9 chemik\u00e1lie, v\u010detn\u011b flubromazepamu, spl\u0148uj\u00ed v\u0161echny bezpe\u010dnostn\u00ed po\u017eadavky. V\u00fdzkumn\u00e9 chemik\u00e1lie jsou pe\u010dliv\u011b distribuov\u00e1ny a skladov\u00e1ny na chladn\u00e9m a such\u00e9m m\u00edst\u011b.<\/p>\n<p>V\u0161echny v\u00fdrobky jsou pravideln\u011b kontrolov\u00e1ny z hlediska kvality, \u010distoty a bezpe\u010dnosti. Slou\u017e\u00ed pouze pro v\u00fdzkumn\u00e9 \u00fa\u010dely.<\/p>\n<p>Na\u0161e produkty maj\u00ed spravedlivou cenu a m\u016f\u017eete si koupit chemick\u00fd flubromazepam online za velmi n\u00edzk\u00e9 ceny.<\/p>\n<h3>Laboratorn\u011b testovan\u00fd flubromazepam s v\u00fdsledky.<\/h3>\n<p>dosahuje obnoven\u00e9ho pokroku sm\u011brem k celkov\u00e9mu uspokojen\u00ed sv\u00fdch z\u00e1kazn\u00edk\u016f. N\u011bkolik pr\u016fzkum\u016f uk\u00e1zalo, \u017ee z\u00e1kazn\u00edci p\u0159ed n\u00e1kupem syntetick\u00fdch v\u00fdzkumn\u00fdch chemik\u00e1li\u00ed po\u017eaduj\u00ed tolik \u00fadaj\u016f, kolik se o\u010dek\u00e1v\u00e1. Nav\u00edc zve\u0159ej\u0148ujeme v\u0161echny laboratorn\u00ed d\u016fsledky ka\u017ed\u00e9 v\u00fdzkumn\u00e9 chemick\u00e9 l\u00e1tky v z\u00e1znamu ve form\u00e1tu PDF.<\/p>\n<p>N\u00e1\u0161 flubromazepam koupil online d\u016fsledn\u011b spl\u0148uje \u00fa\u010dinn\u00e9 l\u00e1tky a m\u016f\u017ee b\u00fdt vid\u011bn k\u00fdmkoli.<\/p>\n<h3>V\u0161echny laboratorn\u00ed d\u016fsledky ka\u017ed\u00e9 v\u00fdzkumn\u00e9 chemik\u00e1lie distribuujeme na PDF dokumentu.Bezpe\u010dn\u00e9 objedn\u00e1n\u00ed na flubromazepam.<\/h3>\n<p><a href=\"https:\/\/rckopen.com\/cs\/\">rckopen.com<\/a> design\u00e9rsk\u00e9 v\u00fdzkumn\u00e9 chemik\u00e1lie jsou vynikaj\u00edc\u00ed kvality a maj\u00ed spravedlivou cenu. Proto garantujeme, \u017ee kdy\u017e si vy\u017e\u00e1d\u00e1te sv\u00e9 v\u00fdzkumn\u00e9 chemik\u00e1lie od RC Kopen, p\u0159ed\u00e1me v\u00e1\u0161 po\u017eadavek do va\u0161\u00ed v\u00fdzkumn\u00e9 laborato\u0159e rychle a bezpe\u010dn\u011b, proto\u017ee prodej v\u00fdzkumn\u00fdch chemik\u00e1li\u00ed je v\u017edy dostupn\u00fd od RC Kopen.<\/p>\n<p>Vy\u017e\u00e1dat si syntetick\u00e9 v\u00fdzkumn\u00e9 slou\u010deniny pomoc\u00ed Bitcoinu nebo bankovn\u00edm p\u0159evodem je u RC Kopen snadn\u00e9.<\/p>\n<p>V\u00fdzkumn\u00e9 chemik\u00e1lie odes\u00edl\u00e1me je\u0161t\u011b t\u00fd\u017e pracovn\u00ed den, pokud platbu obdr\u017e\u00edte do 15:00 SEL\u010c.<\/p>\n<p>Osob\u00e1m mlad\u0161\u00edm 18 let zbo\u017e\u00ed nedoru\u010dujeme!<\/p>\n<p>Prodej flubromazepamu je ur\u010den pouze pro v\u00fdzkumn\u00e9 \u00fa\u010dely.<\/p>\n<h3>Diskr\u00e9tn\u00ed p\u0159eprava v\u00fdzkumn\u00fdch chemik\u00e1li\u00ed.<\/h3>\n<p>Spole\u010dnost RCKOPEN va\u0161i objedn\u00e1vku bezpe\u010dn\u011b zabal\u00ed a zajist\u00ed jej\u00ed \u0159\u00e1dnou p\u0159epravu. Nav\u00edc bal\u00edme dokonale nen\u00e1padn\u011b a na vn\u011bj\u0161\u00ed stran\u011b nen\u00ed nic vid\u011bt, co by mohlo b\u00fdt uvnit\u0159.<a href=\"https:\/\/rckopen.com\/cs\/\">.<\/a><\/p>","protected":false},"excerpt":{"rendered":"<p><strong>N\u00e1zev IUPAC:<\/strong><\/p>\n<p>7-Brom-5-(2-fluorphenyl)-1,3-dihydro-2H-1,4-benzodiazepin-2-one<\/p>\n<p><strong>CAS # <\/strong>2647-50-9<\/p>\n<p><strong>Forma: <\/strong>pr\u00e1\u0161ek<\/p>\n<p><strong>NMR anal\u00fdza: <\/strong>C15H10BrFN2O<\/p>","protected":false},"featured_media":6358,"comment_status":"open","ping_status":"closed","template":"","meta":{"_joinchat":[]},"product_brand":[],"product_cat":[128],"product_tag":[],"class_list":{"0":"post-6336","1":"product","2":"type-product","3":"status-publish","4":"has-post-thumbnail","6":"product_cat-benzodiazepinen","8":"first","9":"instock","10":"shipping-taxable","11":"purchasable","12":"product-type-variable"},"yoast_head":"<!-- This site is optimized with the Yoast SEO plugin v26.3 - https:\/\/yoast.com\/wordpress\/plugins\/seo\/ -->\n<title>Flubromazepam Hcl online kopen- Flubromazepam Hcl te koop<\/title>\n<meta name=\"description\" content=\"Flubromazepam Hcl online kopen in onze vertrouwde online winkel voor producten van topkwaliteit. Koop Flubromazepam Hcl eenvoudig en veilig te koop op ons platform voor ultieme klanttevredenheid. Bestel nu!\" \/>\n<meta name=\"robots\" content=\"index, follow, max-snippet:-1, max-image-preview:large, max-video-preview:-1\" \/>\n<link rel=\"canonical\" href=\"https:\/\/rckopen.com\/cs\/produkt\/flubromazepam-hcl\/\" \/>\n<meta property=\"og:locale\" content=\"cs_CZ\" \/>\n<meta property=\"og:type\" content=\"article\" \/>\n<meta property=\"og:title\" content=\"Flubromazepam Hcl online kopen- Flubromazepam Hcl te koop\" \/>\n<meta property=\"og:description\" content=\"Flubromazepam Hcl online kopen in onze vertrouwde online winkel voor producten van topkwaliteit. Koop Flubromazepam Hcl eenvoudig en veilig te koop op ons platform voor ultieme klanttevredenheid. Bestel nu!\" \/>\n<meta property=\"og:url\" content=\"https:\/\/rckopen.com\/cs\/produkt\/flubromazepam-hcl\/\" \/>\n<meta property=\"og:site_name\" content=\"RC Kopen\" \/>\n<meta property=\"article:modified_time\" content=\"2025-02-03T07:19:30+00:00\" \/>\n<meta property=\"og:image\" content=\"https:\/\/rckopen.com\/wp-content\/uploads\/2023\/08\/FLUBROMAZEPAM-HCL.jpg\" \/>\n\t<meta property=\"og:image:width\" content=\"600\" \/>\n\t<meta property=\"og:image:height\" content=\"600\" \/>\n\t<meta property=\"og:image:type\" content=\"image\/jpeg\" \/>\n<meta name=\"twitter:card\" content=\"summary_large_image\" \/>\n<meta name=\"twitter:label1\" content=\"Odhadovan\u00e1 doba \u010dten\u00ed\" \/>\n\t<meta name=\"twitter:data1\" content=\"3 minuty\" \/>\n<script type=\"application\/ld+json\" class=\"yoast-schema-graph\">{\"@context\":\"https:\/\/schema.org\",\"@graph\":[{\"@type\":\"WebPage\",\"@id\":\"https:\/\/rckopen.com\/product\/flubromazepam-hcl\/\",\"url\":\"https:\/\/rckopen.com\/product\/flubromazepam-hcl\/\",\"name\":\"Flubromazepam Hcl online kopen- Flubromazepam Hcl te koop\",\"isPartOf\":{\"@id\":\"https:\/\/rckopen.com\/#website\"},\"primaryImageOfPage\":{\"@id\":\"https:\/\/rckopen.com\/product\/flubromazepam-hcl\/#primaryimage\"},\"image\":{\"@id\":\"https:\/\/rckopen.com\/product\/flubromazepam-hcl\/#primaryimage\"},\"thumbnailUrl\":\"https:\/\/rckopen.com\/wp-content\/uploads\/2023\/08\/FLUBROMAZEPAM-HCL.jpg\",\"datePublished\":\"2023-08-14T10:47:10+00:00\",\"dateModified\":\"2025-02-03T07:19:30+00:00\",\"description\":\"Flubromazepam Hcl online kopen in onze vertrouwde online winkel voor producten van topkwaliteit. Koop Flubromazepam Hcl eenvoudig en veilig te koop op ons platform voor ultieme klanttevredenheid. Bestel nu!\",\"breadcrumb\":{\"@id\":\"https:\/\/rckopen.com\/product\/flubromazepam-hcl\/#breadcrumb\"},\"inLanguage\":\"cs\",\"potentialAction\":[{\"@type\":\"ReadAction\",\"target\":[\"https:\/\/rckopen.com\/product\/flubromazepam-hcl\/\"]}]},{\"@type\":\"ImageObject\",\"inLanguage\":\"cs\",\"@id\":\"https:\/\/rckopen.com\/product\/flubromazepam-hcl\/#primaryimage\",\"url\":\"https:\/\/rckopen.com\/wp-content\/uploads\/2023\/08\/FLUBROMAZEPAM-HCL.jpg\",\"contentUrl\":\"https:\/\/rckopen.com\/wp-content\/uploads\/2023\/08\/FLUBROMAZEPAM-HCL.jpg\",\"width\":600,\"height\":600,\"caption\":\"FLUBROMAZEPAM-HCL ONLINE KOPEN\"},{\"@type\":\"BreadcrumbList\",\"@id\":\"https:\/\/rckopen.com\/product\/flubromazepam-hcl\/#breadcrumb\",\"itemListElement\":[{\"@type\":\"ListItem\",\"position\":1,\"name\":\"Home\",\"item\":\"https:\/\/rckopen.com\/\"},{\"@type\":\"ListItem\",\"position\":2,\"name\":\"Shop\",\"item\":\"https:\/\/rckopen.com\/shop\/\"},{\"@type\":\"ListItem\",\"position\":3,\"name\":\"FLUBROMAZEPAM HCL ONLINE KOPEN\"}]},{\"@type\":\"WebSite\",\"@id\":\"https:\/\/rckopen.com\/#website\",\"url\":\"https:\/\/rckopen.com\/\",\"name\":\"RC Kopen\",\"description\":\"Research Chemicals\",\"potentialAction\":[{\"@type\":\"SearchAction\",\"target\":{\"@type\":\"EntryPoint\",\"urlTemplate\":\"https:\/\/rckopen.com\/?s={search_term_string}\"},\"query-input\":{\"@type\":\"PropertyValueSpecification\",\"valueRequired\":true,\"valueName\":\"search_term_string\"}}],\"inLanguage\":\"cs\"}]}<\/script>\n<!-- \/ Yoast SEO plugin. -->","yoast_head_json":{"title":"Flubromazepam Hcl online kopen- Flubromazepam Hcl te koop","description":"Flubromazepam Hcl online kopen in onze vertrouwde online winkel voor producten van topkwaliteit. Koop Flubromazepam Hcl eenvoudig en veilig te koop op ons platform voor ultieme klanttevredenheid. Bestel nu!","robots":{"index":"index","follow":"follow","max-snippet":"max-snippet:-1","max-image-preview":"max-image-preview:large","max-video-preview":"max-video-preview:-1"},"canonical":"https:\/\/rckopen.com\/cs\/produkt\/flubromazepam-hcl\/","og_locale":"cs_CZ","og_type":"article","og_title":"Flubromazepam Hcl online kopen- Flubromazepam Hcl te koop","og_description":"Flubromazepam Hcl online kopen in onze vertrouwde online winkel voor producten van topkwaliteit. Koop Flubromazepam Hcl eenvoudig en veilig te koop op ons platform voor ultieme klanttevredenheid. Bestel nu!","og_url":"https:\/\/rckopen.com\/cs\/produkt\/flubromazepam-hcl\/","og_site_name":"RC Kopen","article_modified_time":"2025-02-03T07:19:30+00:00","og_image":[{"width":600,"height":600,"url":"https:\/\/rckopen.com\/wp-content\/uploads\/2023\/08\/FLUBROMAZEPAM-HCL.jpg","type":"image\/jpeg"}],"twitter_card":"summary_large_image","twitter_misc":{"Odhadovan\u00e1 doba \u010dten\u00ed":"3 minuty"},"schema":{"@context":"https:\/\/schema.org","@graph":[{"@type":"WebPage","@id":"https:\/\/rckopen.com\/product\/flubromazepam-hcl\/","url":"https:\/\/rckopen.com\/product\/flubromazepam-hcl\/","name":"Flubromazepam Hcl online kopen- Flubromazepam Hcl te koop","isPartOf":{"@id":"https:\/\/rckopen.com\/#website"},"primaryImageOfPage":{"@id":"https:\/\/rckopen.com\/product\/flubromazepam-hcl\/#primaryimage"},"image":{"@id":"https:\/\/rckopen.com\/product\/flubromazepam-hcl\/#primaryimage"},"thumbnailUrl":"https:\/\/rckopen.com\/wp-content\/uploads\/2023\/08\/FLUBROMAZEPAM-HCL.jpg","datePublished":"2023-08-14T10:47:10+00:00","dateModified":"2025-02-03T07:19:30+00:00","description":"Flubromazepam Hcl online kopen in onze vertrouwde online winkel voor producten van topkwaliteit. Koop Flubromazepam Hcl eenvoudig en veilig te koop op ons platform voor ultieme klanttevredenheid. Bestel nu!","breadcrumb":{"@id":"https:\/\/rckopen.com\/product\/flubromazepam-hcl\/#breadcrumb"},"inLanguage":"cs","potentialAction":[{"@type":"ReadAction","target":["https:\/\/rckopen.com\/product\/flubromazepam-hcl\/"]}]},{"@type":"ImageObject","inLanguage":"cs","@id":"https:\/\/rckopen.com\/product\/flubromazepam-hcl\/#primaryimage","url":"https:\/\/rckopen.com\/wp-content\/uploads\/2023\/08\/FLUBROMAZEPAM-HCL.jpg","contentUrl":"https:\/\/rckopen.com\/wp-content\/uploads\/2023\/08\/FLUBROMAZEPAM-HCL.jpg","width":600,"height":600,"caption":"FLUBROMAZEPAM-HCL ONLINE KOPEN"},{"@type":"BreadcrumbList","@id":"https:\/\/rckopen.com\/product\/flubromazepam-hcl\/#breadcrumb","itemListElement":[{"@type":"ListItem","position":1,"name":"Home","item":"https:\/\/rckopen.com\/"},{"@type":"ListItem","position":2,"name":"Shop","item":"https:\/\/rckopen.com\/shop\/"},{"@type":"ListItem","position":3,"name":"FLUBROMAZEPAM HCL ONLINE KOPEN"}]},{"@type":"WebSite","@id":"https:\/\/rckopen.com\/#website","url":"https:\/\/rckopen.com\/","name":"RC Kopen","description":"Research Chemicals","potentialAction":[{"@type":"SearchAction","target":{"@type":"EntryPoint","urlTemplate":"https:\/\/rckopen.com\/?s={search_term_string}"},"query-input":{"@type":"PropertyValueSpecification","valueRequired":true,"valueName":"search_term_string"}}],"inLanguage":"cs"}]}},"_links":{"self":[{"href":"https:\/\/rckopen.com\/cs\/wp-json\/wp\/v2\/product\/6336","targetHints":{"allow":["GET"]}}],"collection":[{"href":"https:\/\/rckopen.com\/cs\/wp-json\/wp\/v2\/product"}],"about":[{"href":"https:\/\/rckopen.com\/cs\/wp-json\/wp\/v2\/types\/product"}],"replies":[{"embeddable":true,"href":"https:\/\/rckopen.com\/cs\/wp-json\/wp\/v2\/comments?post=6336"}],"wp:featuredmedia":[{"embeddable":true,"href":"https:\/\/rckopen.com\/cs\/wp-json\/wp\/v2\/media\/6358"}],"wp:attachment":[{"href":"https:\/\/rckopen.com\/cs\/wp-json\/wp\/v2\/media?parent=6336"}],"wp:term":[{"taxonomy":"product_brand","embeddable":true,"href":"https:\/\/rckopen.com\/cs\/wp-json\/wp\/v2\/product_brand?post=6336"},{"taxonomy":"product_cat","embeddable":true,"href":"https:\/\/rckopen.com\/cs\/wp-json\/wp\/v2\/product_cat?post=6336"},{"taxonomy":"product_tag","embeddable":true,"href":"https:\/\/rckopen.com\/cs\/wp-json\/wp\/v2\/product_tag?post=6336"}],"curies":[{"name":"wp","href":"https:\/\/api.w.org\/{rel}","templated":true}]}}