{"id":6341,"date":"2023-08-14T12:59:45","date_gmt":"2023-08-14T12:59:45","guid":{"rendered":"https:\/\/diligentplug.com\/chems\/?post_type=product&#038;p=6341"},"modified":"2025-02-03T05:45:25","modified_gmt":"2025-02-03T05:45:25","slug":"bromazolam","status":"publish","type":"product","link":"https:\/\/rckopen.com\/cs\/produkt\/bromazolam\/","title":{"rendered":"Koupit bromazolam online"},"content":{"rendered":"<h2>Obecn\u00e9 informace o bromazolamu<\/h2>\n<p><a href=\"https:\/\/rckopen.com\/cs\/produkt\/bromazolam\/\">Bromazolam<\/a> je benzodiazepinov\u00fd deriv\u00e1t, kter\u00fd je strukturn\u011b podobn\u00fd jin\u00fdm benzodiazepin\u016fm, jako je Adinazolam, Clonazolam, Deschloroetizolam a Diclazepam.<\/p>\n<p><a href=\"https:\/\/en.wikipedia.org\/wiki\/Bromazolam\">Bromazolam<\/a> nen\u00ed schv\u00e1len pro l\u00e9ka\u0159sk\u00e9 pou\u017eit\u00ed a je pova\u017eov\u00e1n za zkou\u0161enou chemickou l\u00e1tku. Prod\u00e1v\u00e1 se hlavn\u011b online jako v\u00fdzkumn\u00e1 chemik\u00e1lie.<\/p>\n<p>Chemick\u00e1 l\u00e1tka se obvykle nach\u00e1z\u00ed v tablet\u00e1ch nebo pr\u00e1\u0161c\u00edch bromazolam a jej\u00ed pou\u017eit\u00ed se li\u0161\u00ed v z\u00e1vislosti na jej\u00ed form\u011b a \u010distot\u011b.<\/p>\n<h3>Chemick\u00e9 slo\u017een\u00ed bromazolamu<\/h3>\n<p>Chemick\u00fd n\u00e1zev bromazolamu je 8-bromo-6-(2-fluorofenyl)-1-methyl-4H-[1,2,4]triazolo[4,3-a][1,4]benzodiazepin. Molekulov\u00fd vzorec je (C17H13BrN4) a molekulov\u00e1 hmotnost je 370,2 g\/mol.<\/p>\n<p>Bromazolam je triazolobenzodiazepin, co\u017e znamen\u00e1, \u017ee m\u00e1 benzenov\u00fd kruh slou\u010den\u00fd s triazolov\u00fdm kruhem a diazepinov\u00fdm kruhem. Obsahuje tak\u00e9 atom bromu v poloze 8, methylovou skupinu v poloze 1 a atom fluoru v poloh\u00e1ch 2 fenylov\u00e9ho kruhu.<\/p>\n<p>Chemick\u00e1 struktura bromazolamu je podobn\u00e1 struktu\u0159e jin\u00fdch benzodiazepin\u016f, jako jsou adinazolam, klonazolam, deschloroetizolam a diklazepam, ale triazolov\u00fd kruh mu d\u00e1v\u00e1 jedine\u010dn\u00e9 farmakologick\u00e9 vlastnosti. Tyto vlastnosti p\u0159isp\u00edvaj\u00ed k jeho vysok\u00e9 \u00fa\u010dinnosti a rychl\u00e9mu \u00fa\u010dinku ve srovn\u00e1n\u00ed s jin\u00fdmi benzodiazepiny.<\/p>\n<h3>Kupte si bromazolam online ve vysok\u00e9 kvalit\u011b<\/h3>\n<p><a href=\"https:\/\/rckopen.com\/cs\/\">rckopen.com<\/a> m\u00e1 dlouholet\u00e9 zku\u0161enosti v oblasti v\u00fdzkumn\u00e9ho chemick\u00e9ho designu, co\u017e n\u00e1m umo\u017e\u0148uje garantovat nejvy\u0161\u0161\u00ed kvalitu t\u011bchto v\u00fdzkumn\u00fdch chemik\u00e1li\u00ed. N\u00e1kup bromazolamu je snadn\u00fd a vysoce kvalitn\u00ed. N\u00e1klady na bromazolam jsou relativn\u011b n\u00edzk\u00e9 ne\u017e u jin\u00fdch spole\u010dnost\u00ed. V\u00fdzkumn\u00e9 chemik\u00e1lie, v\u010detn\u011b bromazolamu, spl\u0148uj\u00ed v\u0161echny bezpe\u010dnostn\u00ed po\u017eadavky. V\u00fdzkumn\u00e9 chemik\u00e1lie jsou pe\u010dliv\u011b distribuov\u00e1ny a skladov\u00e1ny na chladn\u00e9m a such\u00e9m m\u00edst\u011b.<\/p>\n<p>V\u0161echny v\u00fdrobky jsou pravideln\u011b kontrolov\u00e1ny z hlediska kvality, \u010distoty a bezpe\u010dnosti. Bromazolam v\u017edy uchov\u00e1vejte p\u0159i pokojov\u00e9 teplot\u011b a mimo dosah d\u011bt\u00ed a dom\u00e1c\u00edch zv\u00ed\u0159at. N\u00e1\u0161 Bromazolam nen\u00ed ur\u010den pro osobn\u00ed pou\u017eit\u00ed. Je ur\u010den pouze pro v\u00fdzkumn\u00e9 \u00fa\u010dely. na\u0161e produkty maj\u00ed spravedlivou cenu a m\u016f\u017eete si koupit Bromazolam online za velmi n\u00edzk\u00e9 ceny.<\/p>\n<h3>Laboratorn\u011b testovan\u00fd bromazolam s v\u00fdsledky.<\/h3>\n<p>dosahuje obnoven\u00e9ho pokroku sm\u011brem k celkov\u00e9mu uspokojen\u00ed sv\u00fdch z\u00e1kazn\u00edk\u016f. N\u011bkolik pr\u016fzkum\u016f uk\u00e1zalo, \u017ee z\u00e1kazn\u00edci p\u0159ed n\u00e1kupem syntetick\u00fdch v\u00fdzkumn\u00fdch chemik\u00e1li\u00ed po\u017eaduj\u00ed tolik \u00fadaj\u016f, kolik se o\u010dek\u00e1v\u00e1. Nav\u00edc zve\u0159ej\u0148ujeme v\u0161echny laboratorn\u00ed d\u016fsledky ka\u017ed\u00e9 v\u00fdzkumn\u00e9 chemick\u00e9 l\u00e1tky v z\u00e1znamu ve form\u00e1tu PDF.<\/p>\n<p>N\u00e1\u0161 pr\u00e1\u0161ek bromazolam d\u016fsledn\u011b spl\u0148uje \u00fa\u010dinn\u00e9 l\u00e1tky a je viditeln\u00fd pro v\u0161echny.V\u0161echny laboratorn\u00ed sekvence ka\u017ed\u00e9 v\u00fdzkumn\u00e9 chemik\u00e1lie distribuujeme v dokumentu PDF.<\/p>\n<h3>Bezpe\u010dn\u00e9 objedn\u00e1v\u00e1n\u00ed na adrese Bromazolam.<\/h3>\n<p>Designov\u00e9 v\u00fdzkumn\u00e9 chemik\u00e1lie RC Kopen maj\u00ed vynikaj\u00edc\u00ed kvalitu a p\u0159\u00edznivou cenu. Proto v\u00e1m zaru\u010dujeme, \u017ee kdy\u017e si u RC Kopen vy\u017e\u00e1d\u00e1te v\u00fdzkumn\u00e9 chemik\u00e1lie, doru\u010d\u00edme v\u00e1m v\u00e1\u0161 po\u017eadavek rychle a bezpe\u010dn\u011b dom\u016f, proto\u017ee prodej v\u00fdzkumn\u00fdch chemik\u00e1li\u00ed je na RC Kopen v\u017edy k dispozici.<\/p>\n<p>Vy\u017e\u00e1dat si syntetick\u00e9 v\u00fdzkumn\u00e9 slou\u010deniny pomoc\u00ed Bitcoinu nebo bankovn\u00edm p\u0159evodem je u RC Kopen snadn\u00e9.<\/p>\n<p>Pr\u00e1\u0161ek pro v\u00fdzkumn\u00e9 chemik\u00e1lie odes\u00edl\u00e1me tent\u00fd\u017e pracovn\u00ed den, pokud platbu obdr\u017e\u00edte do 15:00 SEL\u010c.Osob\u00e1m mlad\u0161\u00edm 18 let zbo\u017e\u00ed nedod\u00e1v\u00e1me!Prodej v\u00fdzkumn\u00fdch chemik\u00e1li\u00ed je ur\u010den pouze pro v\u00fdzkumn\u00e9 \u00fa\u010dely.<\/p>\n<h3>Diskr\u00e9tn\u00ed p\u0159eprava v\u00fdzkumn\u00fdch chemik\u00e1li\u00ed.<\/h3>\n<p>Spole\u010dnost RC Kopen zabal\u00ed va\u0161i objedn\u00e1vku bezpe\u010dn\u011b a spolehliv\u011b, aby zajistila spr\u00e1vnou p\u0159epravu. Nav\u00edc bal\u00edme dokonale nen\u00e1padn\u011b a na vn\u011bj\u0161\u00ed stran\u011b nen\u00ed nic vid\u011bt, co by mohlo b\u00fdt uvnit\u0159.<\/p>","protected":false},"excerpt":{"rendered":"<p><strong>N\u00e1zev IUPAC: <\/strong>8-bromo-1-methyl-6-phenyl-4H-benzo[f][1,2,4]triazolo[4,3-a][1,4]diazepine<\/p>\n<p><strong>CAS # <\/strong>71368-80-4<\/p>\n<p><strong>Vzhled: <\/strong>pr\u00e1\u0161ek<\/p>\n<p><strong>NMR anal\u00fdza: <\/strong>C17H13BrN4<\/p>","protected":false},"featured_media":6351,"comment_status":"open","ping_status":"closed","template":"","meta":{"_joinchat":[]},"product_brand":[],"product_cat":[128],"product_tag":[],"class_list":{"0":"post-6341","1":"product","2":"type-product","3":"status-publish","4":"has-post-thumbnail","6":"product_cat-benzodiazepinen","8":"first","9":"instock","10":"shipping-taxable","11":"purchasable","12":"product-type-variable"},"yoast_head":"<!-- This site is optimized with the Yoast SEO plugin v26.3 - https:\/\/yoast.com\/wordpress\/plugins\/seo\/ -->\n<title>Koop Bromazolam online - Bromazolam te koop | RC Kopen<\/title>\n<meta name=\"description\" content=\"U kunt contact opnemen met onze online winkel en Bromazolam online kopen. We hebben Bromazolam te koop tegen goedkope prijzen. Haal de jouwe meteen bij jou thuis!\" \/>\n<meta name=\"robots\" content=\"index, follow, max-snippet:-1, max-image-preview:large, max-video-preview:-1\" \/>\n<link rel=\"canonical\" href=\"https:\/\/rckopen.com\/cs\/produkt\/bromazolam\/\" \/>\n<meta property=\"og:locale\" content=\"cs_CZ\" \/>\n<meta property=\"og:type\" content=\"article\" \/>\n<meta property=\"og:title\" content=\"Koop Bromazolam online - Bromazolam te koop | RC Kopen\" \/>\n<meta property=\"og:description\" content=\"U kunt contact opnemen met onze online winkel en Bromazolam online kopen. We hebben Bromazolam te koop tegen goedkope prijzen. Haal de jouwe meteen bij jou thuis!\" \/>\n<meta property=\"og:url\" content=\"https:\/\/rckopen.com\/cs\/produkt\/bromazolam\/\" \/>\n<meta property=\"og:site_name\" content=\"RC Kopen\" \/>\n<meta property=\"article:modified_time\" content=\"2025-02-03T05:45:25+00:00\" \/>\n<meta property=\"og:image\" content=\"https:\/\/rckopen.com\/wp-content\/uploads\/2023\/08\/Bromazolam.jpg\" \/>\n\t<meta property=\"og:image:width\" content=\"600\" \/>\n\t<meta property=\"og:image:height\" content=\"600\" \/>\n\t<meta property=\"og:image:type\" content=\"image\/jpeg\" \/>\n<meta name=\"twitter:card\" content=\"summary_large_image\" \/>\n<meta name=\"twitter:label1\" content=\"Odhadovan\u00e1 doba \u010dten\u00ed\" \/>\n\t<meta name=\"twitter:data1\" content=\"3 minuty\" \/>\n<script type=\"application\/ld+json\" class=\"yoast-schema-graph\">{\"@context\":\"https:\/\/schema.org\",\"@graph\":[{\"@type\":\"WebPage\",\"@id\":\"https:\/\/rckopen.com\/product\/bromazolam\/\",\"url\":\"https:\/\/rckopen.com\/product\/bromazolam\/\",\"name\":\"Koop Bromazolam online - Bromazolam te koop | RC Kopen\",\"isPartOf\":{\"@id\":\"https:\/\/rckopen.com\/#website\"},\"primaryImageOfPage\":{\"@id\":\"https:\/\/rckopen.com\/product\/bromazolam\/#primaryimage\"},\"image\":{\"@id\":\"https:\/\/rckopen.com\/product\/bromazolam\/#primaryimage\"},\"thumbnailUrl\":\"https:\/\/rckopen.com\/wp-content\/uploads\/2023\/08\/Bromazolam.jpg\",\"datePublished\":\"2023-08-14T12:59:45+00:00\",\"dateModified\":\"2025-02-03T05:45:25+00:00\",\"description\":\"U kunt contact opnemen met onze online winkel en Bromazolam online kopen. We hebben Bromazolam te koop tegen goedkope prijzen. Haal de jouwe meteen bij jou thuis!\",\"breadcrumb\":{\"@id\":\"https:\/\/rckopen.com\/product\/bromazolam\/#breadcrumb\"},\"inLanguage\":\"cs\",\"potentialAction\":[{\"@type\":\"ReadAction\",\"target\":[\"https:\/\/rckopen.com\/product\/bromazolam\/\"]}]},{\"@type\":\"ImageObject\",\"inLanguage\":\"cs\",\"@id\":\"https:\/\/rckopen.com\/product\/bromazolam\/#primaryimage\",\"url\":\"https:\/\/rckopen.com\/wp-content\/uploads\/2023\/08\/Bromazolam.jpg\",\"contentUrl\":\"https:\/\/rckopen.com\/wp-content\/uploads\/2023\/08\/Bromazolam.jpg\",\"width\":600,\"height\":600,\"caption\":\"Bromazolam online kopen\"},{\"@type\":\"BreadcrumbList\",\"@id\":\"https:\/\/rckopen.com\/product\/bromazolam\/#breadcrumb\",\"itemListElement\":[{\"@type\":\"ListItem\",\"position\":1,\"name\":\"Home\",\"item\":\"https:\/\/rckopen.com\/\"},{\"@type\":\"ListItem\",\"position\":2,\"name\":\"Shop\",\"item\":\"https:\/\/rckopen.com\/shop\/\"},{\"@type\":\"ListItem\",\"position\":3,\"name\":\"Bromazolam online kopen\"}]},{\"@type\":\"WebSite\",\"@id\":\"https:\/\/rckopen.com\/#website\",\"url\":\"https:\/\/rckopen.com\/\",\"name\":\"RC Kopen\",\"description\":\"Research Chemicals\",\"potentialAction\":[{\"@type\":\"SearchAction\",\"target\":{\"@type\":\"EntryPoint\",\"urlTemplate\":\"https:\/\/rckopen.com\/?s={search_term_string}\"},\"query-input\":{\"@type\":\"PropertyValueSpecification\",\"valueRequired\":true,\"valueName\":\"search_term_string\"}}],\"inLanguage\":\"cs\"}]}<\/script>\n<!-- \/ Yoast SEO plugin. -->","yoast_head_json":{"title":"Koop Bromazolam online - Bromazolam te koop | RC Kopen","description":"U kunt contact opnemen met onze online winkel en Bromazolam online kopen. We hebben Bromazolam te koop tegen goedkope prijzen. Haal de jouwe meteen bij jou thuis!","robots":{"index":"index","follow":"follow","max-snippet":"max-snippet:-1","max-image-preview":"max-image-preview:large","max-video-preview":"max-video-preview:-1"},"canonical":"https:\/\/rckopen.com\/cs\/produkt\/bromazolam\/","og_locale":"cs_CZ","og_type":"article","og_title":"Koop Bromazolam online - Bromazolam te koop | RC Kopen","og_description":"U kunt contact opnemen met onze online winkel en Bromazolam online kopen. We hebben Bromazolam te koop tegen goedkope prijzen. Haal de jouwe meteen bij jou thuis!","og_url":"https:\/\/rckopen.com\/cs\/produkt\/bromazolam\/","og_site_name":"RC Kopen","article_modified_time":"2025-02-03T05:45:25+00:00","og_image":[{"width":600,"height":600,"url":"https:\/\/rckopen.com\/wp-content\/uploads\/2023\/08\/Bromazolam.jpg","type":"image\/jpeg"}],"twitter_card":"summary_large_image","twitter_misc":{"Odhadovan\u00e1 doba \u010dten\u00ed":"3 minuty"},"schema":{"@context":"https:\/\/schema.org","@graph":[{"@type":"WebPage","@id":"https:\/\/rckopen.com\/product\/bromazolam\/","url":"https:\/\/rckopen.com\/product\/bromazolam\/","name":"Koop Bromazolam online - Bromazolam te koop | RC Kopen","isPartOf":{"@id":"https:\/\/rckopen.com\/#website"},"primaryImageOfPage":{"@id":"https:\/\/rckopen.com\/product\/bromazolam\/#primaryimage"},"image":{"@id":"https:\/\/rckopen.com\/product\/bromazolam\/#primaryimage"},"thumbnailUrl":"https:\/\/rckopen.com\/wp-content\/uploads\/2023\/08\/Bromazolam.jpg","datePublished":"2023-08-14T12:59:45+00:00","dateModified":"2025-02-03T05:45:25+00:00","description":"U kunt contact opnemen met onze online winkel en Bromazolam online kopen. We hebben Bromazolam te koop tegen goedkope prijzen. Haal de jouwe meteen bij jou thuis!","breadcrumb":{"@id":"https:\/\/rckopen.com\/product\/bromazolam\/#breadcrumb"},"inLanguage":"cs","potentialAction":[{"@type":"ReadAction","target":["https:\/\/rckopen.com\/product\/bromazolam\/"]}]},{"@type":"ImageObject","inLanguage":"cs","@id":"https:\/\/rckopen.com\/product\/bromazolam\/#primaryimage","url":"https:\/\/rckopen.com\/wp-content\/uploads\/2023\/08\/Bromazolam.jpg","contentUrl":"https:\/\/rckopen.com\/wp-content\/uploads\/2023\/08\/Bromazolam.jpg","width":600,"height":600,"caption":"Bromazolam online kopen"},{"@type":"BreadcrumbList","@id":"https:\/\/rckopen.com\/product\/bromazolam\/#breadcrumb","itemListElement":[{"@type":"ListItem","position":1,"name":"Home","item":"https:\/\/rckopen.com\/"},{"@type":"ListItem","position":2,"name":"Shop","item":"https:\/\/rckopen.com\/shop\/"},{"@type":"ListItem","position":3,"name":"Bromazolam online kopen"}]},{"@type":"WebSite","@id":"https:\/\/rckopen.com\/#website","url":"https:\/\/rckopen.com\/","name":"RC Kopen","description":"Research Chemicals","potentialAction":[{"@type":"SearchAction","target":{"@type":"EntryPoint","urlTemplate":"https:\/\/rckopen.com\/?s={search_term_string}"},"query-input":{"@type":"PropertyValueSpecification","valueRequired":true,"valueName":"search_term_string"}}],"inLanguage":"cs"}]}},"_links":{"self":[{"href":"https:\/\/rckopen.com\/cs\/wp-json\/wp\/v2\/product\/6341","targetHints":{"allow":["GET"]}}],"collection":[{"href":"https:\/\/rckopen.com\/cs\/wp-json\/wp\/v2\/product"}],"about":[{"href":"https:\/\/rckopen.com\/cs\/wp-json\/wp\/v2\/types\/product"}],"replies":[{"embeddable":true,"href":"https:\/\/rckopen.com\/cs\/wp-json\/wp\/v2\/comments?post=6341"}],"wp:featuredmedia":[{"embeddable":true,"href":"https:\/\/rckopen.com\/cs\/wp-json\/wp\/v2\/media\/6351"}],"wp:attachment":[{"href":"https:\/\/rckopen.com\/cs\/wp-json\/wp\/v2\/media?parent=6341"}],"wp:term":[{"taxonomy":"product_brand","embeddable":true,"href":"https:\/\/rckopen.com\/cs\/wp-json\/wp\/v2\/product_brand?post=6341"},{"taxonomy":"product_cat","embeddable":true,"href":"https:\/\/rckopen.com\/cs\/wp-json\/wp\/v2\/product_cat?post=6341"},{"taxonomy":"product_tag","embeddable":true,"href":"https:\/\/rckopen.com\/cs\/wp-json\/wp\/v2\/product_tag?post=6341"}],"curies":[{"name":"wp","href":"https:\/\/api.w.org\/{rel}","templated":true}]}}