{"id":6342,"date":"2023-08-14T13:03:15","date_gmt":"2023-08-14T13:03:15","guid":{"rendered":"https:\/\/diligentplug.com\/chems\/?post_type=product&#038;p=6342"},"modified":"2025-02-05T10:18:44","modified_gmt":"2025-02-05T10:18:44","slug":"5-mapb-white","status":"publish","type":"product","link":"https:\/\/rckopen.com\/cs\/produkt\/5-mapb-bila\/","title":{"rendered":"Koupit 5-MAPB b\u00edl\u00e1 online"},"content":{"rendered":"<h2>Koupit 5-MAPB b\u00edl\u00e1 online<\/h2>\n<p>Syntetick\u00e1 slou\u010denina <a href=\"https:\/\/rckopen.com\/cs\/produkt\/5-mapb-bila\/\">5-MAPB b\u00edl\u00e1<\/a><span style=\"font-size: 1rem;\">, tak\u00e9 zn\u00e1m\u00fd jako 5-MAPB, je \u010dlenem t\u0159\u00eddy substituovan\u00fdch benzofuran\u016f. Zde se tak\u00e9 hraj\u00ed zn\u00e1m\u00e9 b\u00edl\u00e9 p\u00edsn\u011b 6-APB, 5-APB a 5-MAPB. Prod\u00e1v\u00e1me zbo\u017e\u00ed o hmotnosti 0,5 gramu a 5-MAPB. Tento produkt je skute\u010dn\u011b prosp\u011b\u0161n\u00fd pro znev\u00fdhodn\u011bn\u00e9 lidi, ale nen\u00ed p\u0159\u00edli\u0161 prosp\u011b\u0161n\u00fd pro spot\u0159ebitele. Uchov\u00e1vejte jej proto mimo dosah d\u011bt\u00ed a dom\u00e1c\u00edch zv\u00ed\u0159at a p\u0159ed pou\u017eit\u00edm si p\u0159e\u010dt\u011bte bezpe\u010dnostn\u00ed pokyny na na\u0161ich webov\u00fdch str\u00e1nk\u00e1ch. <a href=\"https:\/\/rckopen.com\/cs\/\">Rc kopen<\/a><\/span><\/p>\n<p>Balen\u00ed 5-MAPB b\u00edl\u00e1 je balena v s\u00e1\u010dc\u00edch s r\u016fzn\u00fdmi barvami a texturami:<br \/>\nExistuje jedna st\u0159\u00edbrn\u00e1, dv\u011b zlat\u00e9, p\u011bt fialov\u00fdch, deset modr\u00fdch a dvacet p\u011bt \u010dern\u00fdch.<\/p>\n<h3>Na\u0161e produkty dod\u00e1v\u00e1me po cel\u00e9m Nizozemsku.<\/h3>\n<p>Viz p\u0159\u00edbalov\u00fd let\u00e1k zde.<br \/>\nPod\u00edvejte se na p\u0159\u00edbalov\u00fd let\u00e1k zde.<\/p>\n<p>1-(1-benzofuran-5-yl), 5-(2-methylaminopropyl)benzofuran a 5-mapb (CAS 1823925-53-6) hydrochlorid N-methylpropan-2-aminu, 1-(benzofuran-5-yl)-N-methylpropan-2-amin hydroxid<\/p>\n<p>&nbsp;<\/p>","protected":false},"excerpt":{"rendered":"<p><strong>N\u00e1zev IUPAC: <\/strong>1-(benzofuran-5-yl)-N-methylpropan-2-amin<\/p>\n<p><strong>CAS # <\/strong>1823925-53-6<\/p>\n<p><strong>Vzhled: <\/strong>smetanov\u011b b\u00edl\u00fd pr\u00e1\u0161ek<\/p>\n<p><strong>Forma: <\/strong>HCl<\/p>\n<p><strong>NMR anal\u00fdza: <\/strong>C12H15NO.HCL<\/p>","protected":false},"featured_media":6370,"comment_status":"open","ping_status":"closed","template":"","meta":{"_joinchat":[]},"product_brand":[],"product_cat":[128],"product_tag":[],"class_list":{"0":"post-6342","1":"product","2":"type-product","3":"status-publish","4":"has-post-thumbnail","6":"product_cat-benzodiazepinen","8":"first","9":"instock","10":"shipping-taxable","11":"purchasable","12":"product-type-variable"},"yoast_head":"<!-- This site is optimized with the Yoast SEO plugin v26.3 - https:\/\/yoast.com\/wordpress\/plugins\/seo\/ -->\n<title>Koop 5Mapb Wit online - 5Mapb Wit te koop<\/title>\n<meta name=\"description\" content=\"Koop 5Mapb White online in onze winkel tegen betaalbare prijzen. Ons team helpt u bij het online kopen van 5Mapb White. Plaats nu uw bestelling!\" \/>\n<meta name=\"robots\" content=\"index, follow, max-snippet:-1, max-image-preview:large, max-video-preview:-1\" \/>\n<link rel=\"canonical\" href=\"https:\/\/rckopen.com\/cs\/produkt\/5-mapb-bila\/\" \/>\n<meta property=\"og:locale\" content=\"cs_CZ\" \/>\n<meta property=\"og:type\" content=\"article\" \/>\n<meta property=\"og:title\" content=\"Koop 5Mapb Wit online - 5Mapb Wit te koop\" \/>\n<meta property=\"og:description\" content=\"Koop 5Mapb White online in onze winkel tegen betaalbare prijzen. Ons team helpt u bij het online kopen van 5Mapb White. Plaats nu uw bestelling!\" \/>\n<meta property=\"og:url\" content=\"https:\/\/rckopen.com\/cs\/produkt\/5-mapb-bila\/\" \/>\n<meta property=\"og:site_name\" content=\"RC Kopen\" \/>\n<meta property=\"article:modified_time\" content=\"2025-02-05T10:18:44+00:00\" \/>\n<meta property=\"og:image\" content=\"https:\/\/rckopen.com\/wp-content\/uploads\/2023\/08\/5-MAPB-white.jpg\" \/>\n\t<meta property=\"og:image:width\" content=\"600\" \/>\n\t<meta property=\"og:image:height\" content=\"600\" \/>\n\t<meta property=\"og:image:type\" content=\"image\/jpeg\" \/>\n<meta name=\"twitter:card\" content=\"summary_large_image\" \/>\n<meta name=\"twitter:label1\" content=\"Odhadovan\u00e1 doba \u010dten\u00ed\" \/>\n\t<meta name=\"twitter:data1\" content=\"1 minuta\" \/>\n<script type=\"application\/ld+json\" class=\"yoast-schema-graph\">{\"@context\":\"https:\/\/schema.org\",\"@graph\":[{\"@type\":\"WebPage\",\"@id\":\"https:\/\/rckopen.com\/product\/5-mapb-white\/\",\"url\":\"https:\/\/rckopen.com\/product\/5-mapb-white\/\",\"name\":\"Koop 5Mapb Wit online - 5Mapb Wit te koop\",\"isPartOf\":{\"@id\":\"https:\/\/rckopen.com\/#website\"},\"primaryImageOfPage\":{\"@id\":\"https:\/\/rckopen.com\/product\/5-mapb-white\/#primaryimage\"},\"image\":{\"@id\":\"https:\/\/rckopen.com\/product\/5-mapb-white\/#primaryimage\"},\"thumbnailUrl\":\"https:\/\/rckopen.com\/wp-content\/uploads\/2023\/08\/5-MAPB-white.jpg\",\"datePublished\":\"2023-08-14T13:03:15+00:00\",\"dateModified\":\"2025-02-05T10:18:44+00:00\",\"description\":\"Koop 5Mapb White online in onze winkel tegen betaalbare prijzen. Ons team helpt u bij het online kopen van 5Mapb White. Plaats nu uw bestelling!\",\"breadcrumb\":{\"@id\":\"https:\/\/rckopen.com\/product\/5-mapb-white\/#breadcrumb\"},\"inLanguage\":\"cs\",\"potentialAction\":[{\"@type\":\"ReadAction\",\"target\":[\"https:\/\/rckopen.com\/product\/5-mapb-white\/\"]}]},{\"@type\":\"ImageObject\",\"inLanguage\":\"cs\",\"@id\":\"https:\/\/rckopen.com\/product\/5-mapb-white\/#primaryimage\",\"url\":\"https:\/\/rckopen.com\/wp-content\/uploads\/2023\/08\/5-MAPB-white.jpg\",\"contentUrl\":\"https:\/\/rckopen.com\/wp-content\/uploads\/2023\/08\/5-MAPB-white.jpg\",\"width\":600,\"height\":600,\"caption\":\"5-MAPB-white online kopen\"},{\"@type\":\"BreadcrumbList\",\"@id\":\"https:\/\/rckopen.com\/product\/5-mapb-white\/#breadcrumb\",\"itemListElement\":[{\"@type\":\"ListItem\",\"position\":1,\"name\":\"Home\",\"item\":\"https:\/\/rckopen.com\/\"},{\"@type\":\"ListItem\",\"position\":2,\"name\":\"Shop\",\"item\":\"https:\/\/rckopen.com\/shop\/\"},{\"@type\":\"ListItem\",\"position\":3,\"name\":\"5-MAPB white online kopen\"}]},{\"@type\":\"WebSite\",\"@id\":\"https:\/\/rckopen.com\/#website\",\"url\":\"https:\/\/rckopen.com\/\",\"name\":\"RC Kopen\",\"description\":\"Research Chemicals\",\"potentialAction\":[{\"@type\":\"SearchAction\",\"target\":{\"@type\":\"EntryPoint\",\"urlTemplate\":\"https:\/\/rckopen.com\/?s={search_term_string}\"},\"query-input\":{\"@type\":\"PropertyValueSpecification\",\"valueRequired\":true,\"valueName\":\"search_term_string\"}}],\"inLanguage\":\"cs\"}]}<\/script>\n<!-- \/ Yoast SEO plugin. -->","yoast_head_json":{"title":"Koop 5Mapb Wit online - 5Mapb Wit te koop","description":"Koop 5Mapb White online in onze winkel tegen betaalbare prijzen. Ons team helpt u bij het online kopen van 5Mapb White. Plaats nu uw bestelling!","robots":{"index":"index","follow":"follow","max-snippet":"max-snippet:-1","max-image-preview":"max-image-preview:large","max-video-preview":"max-video-preview:-1"},"canonical":"https:\/\/rckopen.com\/cs\/produkt\/5-mapb-bila\/","og_locale":"cs_CZ","og_type":"article","og_title":"Koop 5Mapb Wit online - 5Mapb Wit te koop","og_description":"Koop 5Mapb White online in onze winkel tegen betaalbare prijzen. Ons team helpt u bij het online kopen van 5Mapb White. Plaats nu uw bestelling!","og_url":"https:\/\/rckopen.com\/cs\/produkt\/5-mapb-bila\/","og_site_name":"RC Kopen","article_modified_time":"2025-02-05T10:18:44+00:00","og_image":[{"width":600,"height":600,"url":"https:\/\/rckopen.com\/wp-content\/uploads\/2023\/08\/5-MAPB-white.jpg","type":"image\/jpeg"}],"twitter_card":"summary_large_image","twitter_misc":{"Odhadovan\u00e1 doba \u010dten\u00ed":"1 minuta"},"schema":{"@context":"https:\/\/schema.org","@graph":[{"@type":"WebPage","@id":"https:\/\/rckopen.com\/product\/5-mapb-white\/","url":"https:\/\/rckopen.com\/product\/5-mapb-white\/","name":"Koop 5Mapb Wit online - 5Mapb Wit te koop","isPartOf":{"@id":"https:\/\/rckopen.com\/#website"},"primaryImageOfPage":{"@id":"https:\/\/rckopen.com\/product\/5-mapb-white\/#primaryimage"},"image":{"@id":"https:\/\/rckopen.com\/product\/5-mapb-white\/#primaryimage"},"thumbnailUrl":"https:\/\/rckopen.com\/wp-content\/uploads\/2023\/08\/5-MAPB-white.jpg","datePublished":"2023-08-14T13:03:15+00:00","dateModified":"2025-02-05T10:18:44+00:00","description":"Koop 5Mapb White online in onze winkel tegen betaalbare prijzen. Ons team helpt u bij het online kopen van 5Mapb White. Plaats nu uw bestelling!","breadcrumb":{"@id":"https:\/\/rckopen.com\/product\/5-mapb-white\/#breadcrumb"},"inLanguage":"cs","potentialAction":[{"@type":"ReadAction","target":["https:\/\/rckopen.com\/product\/5-mapb-white\/"]}]},{"@type":"ImageObject","inLanguage":"cs","@id":"https:\/\/rckopen.com\/product\/5-mapb-white\/#primaryimage","url":"https:\/\/rckopen.com\/wp-content\/uploads\/2023\/08\/5-MAPB-white.jpg","contentUrl":"https:\/\/rckopen.com\/wp-content\/uploads\/2023\/08\/5-MAPB-white.jpg","width":600,"height":600,"caption":"5-MAPB-white online kopen"},{"@type":"BreadcrumbList","@id":"https:\/\/rckopen.com\/product\/5-mapb-white\/#breadcrumb","itemListElement":[{"@type":"ListItem","position":1,"name":"Home","item":"https:\/\/rckopen.com\/"},{"@type":"ListItem","position":2,"name":"Shop","item":"https:\/\/rckopen.com\/shop\/"},{"@type":"ListItem","position":3,"name":"5-MAPB white online kopen"}]},{"@type":"WebSite","@id":"https:\/\/rckopen.com\/#website","url":"https:\/\/rckopen.com\/","name":"RC Kopen","description":"Research Chemicals","potentialAction":[{"@type":"SearchAction","target":{"@type":"EntryPoint","urlTemplate":"https:\/\/rckopen.com\/?s={search_term_string}"},"query-input":{"@type":"PropertyValueSpecification","valueRequired":true,"valueName":"search_term_string"}}],"inLanguage":"cs"}]}},"_links":{"self":[{"href":"https:\/\/rckopen.com\/cs\/wp-json\/wp\/v2\/product\/6342","targetHints":{"allow":["GET"]}}],"collection":[{"href":"https:\/\/rckopen.com\/cs\/wp-json\/wp\/v2\/product"}],"about":[{"href":"https:\/\/rckopen.com\/cs\/wp-json\/wp\/v2\/types\/product"}],"replies":[{"embeddable":true,"href":"https:\/\/rckopen.com\/cs\/wp-json\/wp\/v2\/comments?post=6342"}],"wp:featuredmedia":[{"embeddable":true,"href":"https:\/\/rckopen.com\/cs\/wp-json\/wp\/v2\/media\/6370"}],"wp:attachment":[{"href":"https:\/\/rckopen.com\/cs\/wp-json\/wp\/v2\/media?parent=6342"}],"wp:term":[{"taxonomy":"product_brand","embeddable":true,"href":"https:\/\/rckopen.com\/cs\/wp-json\/wp\/v2\/product_brand?post=6342"},{"taxonomy":"product_cat","embeddable":true,"href":"https:\/\/rckopen.com\/cs\/wp-json\/wp\/v2\/product_cat?post=6342"},{"taxonomy":"product_tag","embeddable":true,"href":"https:\/\/rckopen.com\/cs\/wp-json\/wp\/v2\/product_tag?post=6342"}],"curies":[{"name":"wp","href":"https:\/\/api.w.org\/{rel}","templated":true}]}}