{"id":6376,"date":"2023-08-14T13:24:52","date_gmt":"2023-08-14T13:24:52","guid":{"rendered":"https:\/\/diligentplug.com\/chems\/?post_type=product&#038;p=6376"},"modified":"2025-02-05T10:49:20","modified_gmt":"2025-02-05T10:49:20","slug":"deschloroetizolam-blotters-2-mg","status":"publish","type":"product","link":"https:\/\/rckopen.com\/cs\/produkt\/deschloroetizolam-blotters-2-mg\/","title":{"rendered":"Deschloroetizolam blotters 2 mg online kopen"},"content":{"rendered":"<h2>Deschloroetizolam blotters 2 mg online kopen<\/h2>\n<p>22\u00d75 mg Deschloretizolam blotters 2 mg; Od 0,38 za peletu<\/p>\n<p>Pellets of <a href=\"https:\/\/rckopen.com\/cs\/produkt\/deschloroetizolam-blotters-2-mg\/\">deschloroetizolam blotters 2 mg<\/a>\u00a0 lze zakoupit diskr\u00e9tn\u011b online. Na\u0161e pelety Deschloroetizolam jsou nejkvalitn\u011bj\u0161\u00ed a autentick\u00e9 holandsk\u00e9 bodem! Bestel je direct je cenov\u011b dostupn\u011bj\u0161\u00ed (a\u017e o 110 stuk\u016f) a stoj\u00ed pouze 0,66 \u20ac za peletu. Tento produkt je tak\u00e9 zn\u00e1m\u00fd jako Deschloroetizolam Pelletstrips. Flubromazepam, Pagoclone, Bromazolam, Norflurazepam, Gidazepam, Diclazepam, Difludiazepam, Meclonazepam a Desmethylflunitrazepam pat\u0159\u00ed mezi produkty, kter\u00e9 se pou\u017e\u00edvaj\u00ed v chemoterapii.<\/p>\n<h3>Diskr\u00e9tn\u011b jsou dod\u00e1v\u00e1ny nejlep\u0161\u00ed blottery s deschloroetizolamem 2 mg (22x5 mg).<\/h3>\n<p>Pracovn\u00ed den v 19:30 besteld je prost\u011b fantastick\u00fd!<\/p>\n<p>Waarschuwing: Nenakupujeme od nikoho mlad\u0161\u00edho 21 let.<br \/>\nProdukt Deschloroetizolam Pellets (22x5mg) m\u016f\u017ee b\u00fdt zdrav\u00ed \u0161kodliv\u00fd a nen\u00ed vhodn\u00fd ke konzumaci. P\u0159ekvapilo v\u00e1s, \u017ee n\u00e1s nezabil? Bezpe\u010dnostn\u00ed p\u0159edpisy mohou p\u0159edstavovat v\u00e1\u017en\u00e1 zdravotn\u00ed rizika. Zaj\u00edmaly by v\u00e1s na\u0161e bezpe\u010dnostn\u00ed p\u0159edpisy?<\/p>\n<h3>Kupte si Deschloroetizolam 2 mg saje online<\/h3>\n<p>N\u00e1\u0161 Deschloroetizolam (overigens v\u0161echny na\u0161e produkty) doru\u010d\u00edme po cel\u00e9m Nizozemsku! Zp\u016fsob, jak\u00fdm jsi to ud\u011blal, byl prost\u011b \u00fa\u017easn\u00fd! Ve sv\u011btle toho je d\u016fle\u017eit\u00e9, aby nebyly sm\u00edch\u00e1ny s alkoholem nebo l\u00e9ky! Pro pomoc se m\u016f\u017eete v\u017edy obr\u00e1tit na na\u0161i technickou podporu! <a href=\"https:\/\/rckopen.com\/cs\/\">RC Kopen<\/a><\/p>\n<p>&nbsp;<\/p>","protected":false},"excerpt":{"rendered":"<p><strong>Forma: <\/strong>skvrny<\/p>","protected":false},"featured_media":6382,"comment_status":"open","ping_status":"closed","template":"","meta":{"_joinchat":[]},"product_brand":[],"product_cat":[130],"product_tag":[],"class_list":{"0":"post-6376","1":"product","2":"type-product","3":"status-publish","4":"has-post-thumbnail","6":"product_cat-blotters","8":"first","9":"instock","10":"shipping-taxable","11":"purchasable","12":"product-type-variable"},"yoast_head":"<!-- This site is optimized with the Yoast SEO plugin v26.3 - https:\/\/yoast.com\/wordpress\/plugins\/seo\/ -->\n<title>Koop Deschloroetizolam-blotters 2 mg online | RC Kopen<\/title>\n<meta name=\"description\" content=\"Op zoek naar hoogwaardige Deschloroetizolam-blotters 2 mg online te koop? RC kopen is een toonaangevende winkel waar u Deschloroetizolam Blotters 2mg online kunt kopen tegen de beste prijs. Bestel nu met discrete verzending!\" \/>\n<meta name=\"robots\" content=\"index, follow, max-snippet:-1, max-image-preview:large, max-video-preview:-1\" \/>\n<link rel=\"canonical\" href=\"https:\/\/rckopen.com\/cs\/produkt\/deschloroetizolam-blotters-2-mg\/\" \/>\n<meta property=\"og:locale\" content=\"cs_CZ\" \/>\n<meta property=\"og:type\" content=\"article\" \/>\n<meta property=\"og:title\" content=\"Koop Deschloroetizolam-blotters 2 mg online | RC Kopen\" \/>\n<meta property=\"og:description\" content=\"Op zoek naar hoogwaardige Deschloroetizolam-blotters 2 mg online te koop? RC kopen is een toonaangevende winkel waar u Deschloroetizolam Blotters 2mg online kunt kopen tegen de beste prijs. Bestel nu met discrete verzending!\" \/>\n<meta property=\"og:url\" content=\"https:\/\/rckopen.com\/cs\/produkt\/deschloroetizolam-blotters-2-mg\/\" \/>\n<meta property=\"og:site_name\" content=\"RC Kopen\" \/>\n<meta property=\"article:modified_time\" content=\"2025-02-05T10:49:20+00:00\" \/>\n<meta property=\"og:image\" content=\"https:\/\/rckopen.com\/wp-content\/uploads\/2023\/08\/Deschloroetizolam-blotters-2-mg.jpg\" \/>\n\t<meta property=\"og:image:width\" content=\"600\" \/>\n\t<meta property=\"og:image:height\" content=\"600\" \/>\n\t<meta property=\"og:image:type\" content=\"image\/jpeg\" \/>\n<meta name=\"twitter:card\" content=\"summary_large_image\" \/>\n<meta name=\"twitter:label1\" content=\"Odhadovan\u00e1 doba \u010dten\u00ed\" \/>\n\t<meta name=\"twitter:data1\" content=\"2 minuty\" \/>\n<script type=\"application\/ld+json\" class=\"yoast-schema-graph\">{\"@context\":\"https:\/\/schema.org\",\"@graph\":[{\"@type\":\"WebPage\",\"@id\":\"https:\/\/rckopen.com\/product\/deschloroetizolam-blotters-2-mg\/\",\"url\":\"https:\/\/rckopen.com\/product\/deschloroetizolam-blotters-2-mg\/\",\"name\":\"Koop Deschloroetizolam-blotters 2 mg online | RC Kopen\",\"isPartOf\":{\"@id\":\"https:\/\/rckopen.com\/#website\"},\"primaryImageOfPage\":{\"@id\":\"https:\/\/rckopen.com\/product\/deschloroetizolam-blotters-2-mg\/#primaryimage\"},\"image\":{\"@id\":\"https:\/\/rckopen.com\/product\/deschloroetizolam-blotters-2-mg\/#primaryimage\"},\"thumbnailUrl\":\"https:\/\/rckopen.com\/wp-content\/uploads\/2023\/08\/Deschloroetizolam-blotters-2-mg.jpg\",\"datePublished\":\"2023-08-14T13:24:52+00:00\",\"dateModified\":\"2025-02-05T10:49:20+00:00\",\"description\":\"Op zoek naar hoogwaardige Deschloroetizolam-blotters 2 mg online te koop? RC kopen is een toonaangevende winkel waar u Deschloroetizolam Blotters 2mg online kunt kopen tegen de beste prijs. Bestel nu met discrete verzending!\",\"breadcrumb\":{\"@id\":\"https:\/\/rckopen.com\/product\/deschloroetizolam-blotters-2-mg\/#breadcrumb\"},\"inLanguage\":\"cs\",\"potentialAction\":[{\"@type\":\"ReadAction\",\"target\":[\"https:\/\/rckopen.com\/product\/deschloroetizolam-blotters-2-mg\/\"]}]},{\"@type\":\"ImageObject\",\"inLanguage\":\"cs\",\"@id\":\"https:\/\/rckopen.com\/product\/deschloroetizolam-blotters-2-mg\/#primaryimage\",\"url\":\"https:\/\/rckopen.com\/wp-content\/uploads\/2023\/08\/Deschloroetizolam-blotters-2-mg.jpg\",\"contentUrl\":\"https:\/\/rckopen.com\/wp-content\/uploads\/2023\/08\/Deschloroetizolam-blotters-2-mg.jpg\",\"width\":600,\"height\":600,\"caption\":\"Deschloroetizolam-blotters-2-mg online kopen\"},{\"@type\":\"BreadcrumbList\",\"@id\":\"https:\/\/rckopen.com\/product\/deschloroetizolam-blotters-2-mg\/#breadcrumb\",\"itemListElement\":[{\"@type\":\"ListItem\",\"position\":1,\"name\":\"Home\",\"item\":\"https:\/\/rckopen.com\/\"},{\"@type\":\"ListItem\",\"position\":2,\"name\":\"Shop\",\"item\":\"https:\/\/rckopen.com\/shop\/\"},{\"@type\":\"ListItem\",\"position\":3,\"name\":\"Deschloroetizolam blotters 2 mg online kopen\"}]},{\"@type\":\"WebSite\",\"@id\":\"https:\/\/rckopen.com\/#website\",\"url\":\"https:\/\/rckopen.com\/\",\"name\":\"RC Kopen\",\"description\":\"Research Chemicals\",\"potentialAction\":[{\"@type\":\"SearchAction\",\"target\":{\"@type\":\"EntryPoint\",\"urlTemplate\":\"https:\/\/rckopen.com\/?s={search_term_string}\"},\"query-input\":{\"@type\":\"PropertyValueSpecification\",\"valueRequired\":true,\"valueName\":\"search_term_string\"}}],\"inLanguage\":\"cs\"}]}<\/script>\n<!-- \/ Yoast SEO plugin. -->","yoast_head_json":{"title":"Koop Deschloroetizolam-blotters 2 mg online | RC Kopen","description":"Op zoek naar hoogwaardige Deschloroetizolam-blotters 2 mg online te koop? RC kopen is een toonaangevende winkel waar u Deschloroetizolam Blotters 2mg online kunt kopen tegen de beste prijs. Bestel nu met discrete verzending!","robots":{"index":"index","follow":"follow","max-snippet":"max-snippet:-1","max-image-preview":"max-image-preview:large","max-video-preview":"max-video-preview:-1"},"canonical":"https:\/\/rckopen.com\/cs\/produkt\/deschloroetizolam-blotters-2-mg\/","og_locale":"cs_CZ","og_type":"article","og_title":"Koop Deschloroetizolam-blotters 2 mg online | RC Kopen","og_description":"Op zoek naar hoogwaardige Deschloroetizolam-blotters 2 mg online te koop? RC kopen is een toonaangevende winkel waar u Deschloroetizolam Blotters 2mg online kunt kopen tegen de beste prijs. Bestel nu met discrete verzending!","og_url":"https:\/\/rckopen.com\/cs\/produkt\/deschloroetizolam-blotters-2-mg\/","og_site_name":"RC Kopen","article_modified_time":"2025-02-05T10:49:20+00:00","og_image":[{"width":600,"height":600,"url":"https:\/\/rckopen.com\/wp-content\/uploads\/2023\/08\/Deschloroetizolam-blotters-2-mg.jpg","type":"image\/jpeg"}],"twitter_card":"summary_large_image","twitter_misc":{"Odhadovan\u00e1 doba \u010dten\u00ed":"2 minuty"},"schema":{"@context":"https:\/\/schema.org","@graph":[{"@type":"WebPage","@id":"https:\/\/rckopen.com\/product\/deschloroetizolam-blotters-2-mg\/","url":"https:\/\/rckopen.com\/product\/deschloroetizolam-blotters-2-mg\/","name":"Koop Deschloroetizolam-blotters 2 mg online | RC Kopen","isPartOf":{"@id":"https:\/\/rckopen.com\/#website"},"primaryImageOfPage":{"@id":"https:\/\/rckopen.com\/product\/deschloroetizolam-blotters-2-mg\/#primaryimage"},"image":{"@id":"https:\/\/rckopen.com\/product\/deschloroetizolam-blotters-2-mg\/#primaryimage"},"thumbnailUrl":"https:\/\/rckopen.com\/wp-content\/uploads\/2023\/08\/Deschloroetizolam-blotters-2-mg.jpg","datePublished":"2023-08-14T13:24:52+00:00","dateModified":"2025-02-05T10:49:20+00:00","description":"Op zoek naar hoogwaardige Deschloroetizolam-blotters 2 mg online te koop? RC kopen is een toonaangevende winkel waar u Deschloroetizolam Blotters 2mg online kunt kopen tegen de beste prijs. Bestel nu met discrete verzending!","breadcrumb":{"@id":"https:\/\/rckopen.com\/product\/deschloroetizolam-blotters-2-mg\/#breadcrumb"},"inLanguage":"cs","potentialAction":[{"@type":"ReadAction","target":["https:\/\/rckopen.com\/product\/deschloroetizolam-blotters-2-mg\/"]}]},{"@type":"ImageObject","inLanguage":"cs","@id":"https:\/\/rckopen.com\/product\/deschloroetizolam-blotters-2-mg\/#primaryimage","url":"https:\/\/rckopen.com\/wp-content\/uploads\/2023\/08\/Deschloroetizolam-blotters-2-mg.jpg","contentUrl":"https:\/\/rckopen.com\/wp-content\/uploads\/2023\/08\/Deschloroetizolam-blotters-2-mg.jpg","width":600,"height":600,"caption":"Deschloroetizolam-blotters-2-mg online kopen"},{"@type":"BreadcrumbList","@id":"https:\/\/rckopen.com\/product\/deschloroetizolam-blotters-2-mg\/#breadcrumb","itemListElement":[{"@type":"ListItem","position":1,"name":"Home","item":"https:\/\/rckopen.com\/"},{"@type":"ListItem","position":2,"name":"Shop","item":"https:\/\/rckopen.com\/shop\/"},{"@type":"ListItem","position":3,"name":"Deschloroetizolam blotters 2 mg online kopen"}]},{"@type":"WebSite","@id":"https:\/\/rckopen.com\/#website","url":"https:\/\/rckopen.com\/","name":"RC Kopen","description":"Research Chemicals","potentialAction":[{"@type":"SearchAction","target":{"@type":"EntryPoint","urlTemplate":"https:\/\/rckopen.com\/?s={search_term_string}"},"query-input":{"@type":"PropertyValueSpecification","valueRequired":true,"valueName":"search_term_string"}}],"inLanguage":"cs"}]}},"_links":{"self":[{"href":"https:\/\/rckopen.com\/cs\/wp-json\/wp\/v2\/product\/6376","targetHints":{"allow":["GET"]}}],"collection":[{"href":"https:\/\/rckopen.com\/cs\/wp-json\/wp\/v2\/product"}],"about":[{"href":"https:\/\/rckopen.com\/cs\/wp-json\/wp\/v2\/types\/product"}],"replies":[{"embeddable":true,"href":"https:\/\/rckopen.com\/cs\/wp-json\/wp\/v2\/comments?post=6376"}],"wp:featuredmedia":[{"embeddable":true,"href":"https:\/\/rckopen.com\/cs\/wp-json\/wp\/v2\/media\/6382"}],"wp:attachment":[{"href":"https:\/\/rckopen.com\/cs\/wp-json\/wp\/v2\/media?parent=6376"}],"wp:term":[{"taxonomy":"product_brand","embeddable":true,"href":"https:\/\/rckopen.com\/cs\/wp-json\/wp\/v2\/product_brand?post=6376"},{"taxonomy":"product_cat","embeddable":true,"href":"https:\/\/rckopen.com\/cs\/wp-json\/wp\/v2\/product_cat?post=6376"},{"taxonomy":"product_tag","embeddable":true,"href":"https:\/\/rckopen.com\/cs\/wp-json\/wp\/v2\/product_tag?post=6376"}],"curies":[{"name":"wp","href":"https:\/\/api.w.org\/{rel}","templated":true}]}}