{"id":6386,"date":"2023-08-14T13:34:34","date_gmt":"2023-08-14T13:34:34","guid":{"rendered":"https:\/\/diligentplug.com\/chems\/?post_type=product&#038;p=6386"},"modified":"2026-02-26T09:44:05","modified_gmt":"2026-02-26T09:44:05","slug":"1cp-lsd-150mcg-blotters-ap-design-1","status":"publish","type":"product","link":"https:\/\/rckopen.com\/cs\/produkt\/1cp-lsd-150mcg-blotters-ap-design-1\/","title":{"rendered":"Kupte si blottery 1cP-LSD 150mcg (AP Design 1) online"},"content":{"rendered":"<h2><b>1cP-LSD 150mcg Blotters (AP Design 1) Online te Koop \u2013 Premium Kwaliteit voor Onderzoeksdoeleinden<\/b><\/h2>\n<h3><b>Zaveden\u00ed<\/b><\/h3>\n<p><span style=\"font-weight: 400;\">Chcete <\/span><a href=\"https:\/\/rckopen.com\/cs\/produkt\/1cp-lsd-150mcg-blotters-ap-design-1\/\"><b>1cP-LSD 150mcg pijavice (AP Design 1) koupit online<\/b><\/a><span style=\"font-weight: 400;\">Na\u0161e vysoce kvalitn\u00ed blottery jsou p\u0159esn\u011b d\u00e1vkovan\u00e9, laboratorn\u011b testovan\u00e9 a vyzna\u010duj\u00ed se charakteristick\u00fdm vizu\u00e1ln\u00edm designem (AP Design 1) pro spolehlivou identifikaci a skladov\u00e1n\u00ed. Jsou ide\u00e1ln\u00ed pro akademick\u00fd, chemick\u00fd a farmakologick\u00fd v\u00fdzkum, kde je nezbytn\u00e1 p\u0159esnost a \u010distota.<\/span><\/p>\n<h3><b>Co je 1cP-LSD?<\/b><\/h3>\n<p>1cP-LSD (diethylamid kyseliny 1-cyklopropionyl-lysergov\u00e9) je nov\u00fd lysergamid a prol\u00e9\u010divo LSD-25. Po metabolismu v t\u011ble se p\u0159em\u011b\u0148uje na LSD, co\u017e ho \u010din\u00ed farmakologicky velmi podobn\u00fdm. D\u00edky sv\u00e9mu (relativn\u011b) p\u0159\u00edzniv\u00e9mu pr\u00e1vn\u00edmu statusu a v\u011bdeck\u00e9 hodnot\u011b je 1cP-LSD nyn\u00ed \u0161iroce pou\u017e\u00edvanou molekulou v laboratorn\u00edm a mozkov\u00e9m v\u00fdzkumu.<\/p>\n<ul>\n<li style=\"font-weight: 400;\" aria-level=\"1\">Chemick\u00e1 t\u0159\u00edda: Lysergamidy<\/li>\n<li style=\"font-weight: 400;\" aria-level=\"1\">Pou\u017eit\u00ed: Vazba na receptory, farmakologick\u00e9 modelov\u00e1n\u00ed, experiment\u00e1ln\u00ed v\u00fdzkum<\/li>\n<li style=\"font-weight: 400;\" aria-level=\"1\">Vztah k LSD-25: Po po\u017eit\u00ed se p\u0159em\u011bn\u00ed na LSD<\/li>\n<\/ul>\n<h3><b>Pro\u010d d\u00e1vka 150 mikrogram\u016f?<\/b><\/h3>\n<p>Z <a href=\"https:\/\/en.wikipedia.org\/wiki\/1cP-LSD\">150mcg-dosering<\/a> Nab\u00edz\u00ed vy\u0161\u0161\u00ed obsah na sav\u00fd tuk ve srovn\u00e1n\u00ed se standardn\u00ed verz\u00ed 100 mcg. D\u00edky tomu je obzvl\u00e1\u0161t\u011b vhodn\u00fd pro:<\/p>\n<ul>\n<li style=\"font-weight: 400;\" aria-level=\"1\">Instituce pokro\u010dil\u00e9ho v\u00fdzkumu<\/li>\n<li style=\"font-weight: 400;\" aria-level=\"1\">Efektivn\u011bj\u0161\u00ed administrace s men\u0161\u00edm po\u010dtem blot\u016f na test<\/li>\n<li style=\"font-weight: 400;\" aria-level=\"1\">Lep\u0161\u00ed detekce jemn\u00fdch reakc\u00ed ve farmakologick\u00fdch modelech<\/li>\n<\/ul>\n<p>Pro v\u00fdzkumn\u00edky, kte\u0159\u00ed cht\u011bj\u00ed p\u0159ekro\u010dit z\u00e1kladn\u00ed d\u00e1vkov\u00e1n\u00ed, je 150 mcg chytrou a \u00fa\u010dinnou volbou.<\/p>\n<h3><b>Co d\u011bl\u00e1 AP Design 1 jedine\u010dn\u00fdm?<\/b><\/h3>\n<p>Ka\u017ed\u00fd sav\u00fd pap\u00edr je poti\u0161t\u011bn vzorem AP Design 1, co\u017e je specifick\u00fd vizu\u00e1ln\u00ed vzor, \u200b\u200bkter\u00fd:<\/p>\n<ul>\n<li style=\"font-weight: 400;\" aria-level=\"1\">Pom\u00e1h\u00e1 s identifikac\u00ed a archivac\u00ed d\u00e1vek<\/li>\n<li style=\"font-weight: 400;\" aria-level=\"1\">Podporuje bezpe\u010dn\u00e9 skladov\u00e1n\u00ed bez z\u00e1m\u011bny mezi r\u016fzn\u00fdmi l\u00e1tkami<\/li>\n<li style=\"font-weight: 400;\" aria-level=\"1\">Umo\u017e\u0148uje efektivn\u00ed spr\u00e1vu z\u00e1sob<\/li>\n<\/ul>\n<p>Upozorn\u011bn\u00ed: design je funk\u010dn\u00ed a slou\u017e\u00ed pouze k identifika\u010dn\u00edm \u00fa\u010del\u016fm \u2013 ne jako propaga\u010dn\u00ed prvek.<\/p>\n<h3><b>Kvalita produkt\u016f a laboratorn\u00ed anal\u00fdza<\/b><\/h3>\n<p>Onze <a href=\"https:\/\/rckopen.com\/cs\/\">1cP-LSD 150mcg Blotters (AP Design 1)<\/a> jsou vyr\u00e1b\u011bny za kontrolovan\u00fdch podm\u00ednek. Ka\u017ed\u00fd produkt je:<\/p>\n<ul>\n<li style=\"font-weight: 400;\" aria-level=\"1\">Dosato con precisione con attrezzatura calibrata professionalmente<\/li>\n<li style=\"font-weight: 400;\" aria-level=\"1\">Vergezeld van een COA (Certificate of Analysis) van een onafhankelijk laboratorium<\/li>\n<li style=\"font-weight: 400;\" aria-level=\"1\">Testov\u00e1no na \u010distotu, stabilitu a konzistenci<\/li>\n<\/ul>\n<p>T\u00edmto zp\u016fsobem m\u00e1te jistotu spolehliv\u00fdch v\u00fdsledk\u016f v\u00fdzkumu.<\/p>\n<h3><b>Informace o doprav\u011b a platb\u011b<\/b><\/h3>\n<p>P\u0159i online objedn\u00e1vce 1cP-LSD 150mcg Blotter\u016f (AP Design 1) si m\u016f\u017eete u\u017e\u00edvat bezpe\u010dn\u00e9ho a diskr\u00e9tn\u00edho procesu objedn\u00e1v\u00e1n\u00ed:<\/p>\n<ul>\n<li style=\"font-weight: 400;\" aria-level=\"1\">Nen\u00e1padn\u00e9 balen\u00ed \u2013 \u017e\u00e1dn\u00e9 n\u00e1zvy produkt\u016f ani zna\u010dky<\/li>\n<li style=\"font-weight: 400;\" aria-level=\"1\">Celosv\u011btov\u00e1 doprava se sledov\u00e1n\u00edm<\/li>\n<li style=\"font-weight: 400;\" aria-level=\"1\">Platba mo\u017en\u00e1 kryptom\u011bnami (jako je Bitcoin nebo Monero) nebo zabezpe\u010den\u00fdmi platbami kartou<\/li>\n<li style=\"font-weight: 400;\" aria-level=\"1\">Mezin\u00e1rodn\u011b dostupn\u00e9 \u2013 dod\u00e1v\u00e1me do zem\u00ed, kde je povoleno vyu\u017eit\u00ed pro v\u00fdzkumn\u00e9 \u00fa\u010dely<\/li>\n<\/ul>\n<p>Kupuj\u00edc\u00ed je zodpov\u011bdn\u00fd za ov\u011b\u0159en\u00ed m\u00edstn\u00edch z\u00e1kon\u016f t\u00fdkaj\u00edc\u00edch se 1cP-LSD.<\/p>\n<h3><b>Z\u00e1v\u011br<\/b><\/h3>\n<p>Voor onderzoekers die op zoek zijn naar een hogere dosering lysergamide met een duidelijke batchidentificatie, zijn onze 1cP-LSD 150mcg Blotters (AP Design 1) de perfecte keuze. Met een sterke reputatie, transparante kwaliteitsrapporten en veilige wereldwijde levering kun je met vertrouwen <strong>1cP-LSD 150mcg blotters online bestellen<\/strong>.<\/p>","protected":false},"excerpt":{"rendered":"<p><strong>Forma: <\/strong>skvrny<\/p>\n<p><strong>NMR anal\u00fdza: <\/strong>NEUPLAT\u0147UJE SE<\/p>","protected":false},"featured_media":6391,"comment_status":"open","ping_status":"closed","template":"","meta":{"_joinchat":[]},"product_brand":[],"product_cat":[130],"product_tag":[],"class_list":{"0":"post-6386","1":"product","2":"type-product","3":"status-publish","4":"has-post-thumbnail","6":"product_cat-blotters","8":"first","9":"instock","10":"shipping-taxable","11":"purchasable","12":"product-type-variable"},"yoast_head":"<!-- This site is optimized with the Yoast SEO plugin v26.3 - https:\/\/yoast.com\/wordpress\/plugins\/seo\/ -->\n<title>1CP-LSD-150MCG-blotters online Kopen - 1CP-LSD te kopen<\/title>\n<meta name=\"description\" content=\"U kunt nu 1CP-LSD-150MCG-blotters te koop krijgen tegen betaalbare prijzen bij RCKopen. Wij helpen u om 1CP-LSD eenvoudig online te koop. Bestel vandaag nog!\" \/>\n<meta name=\"robots\" content=\"index, follow, max-snippet:-1, max-image-preview:large, max-video-preview:-1\" \/>\n<link rel=\"canonical\" href=\"https:\/\/rckopen.com\/cs\/produkt\/1cp-lsd-150mcg-blotters-ap-design-1\/\" \/>\n<meta property=\"og:locale\" content=\"cs_CZ\" \/>\n<meta property=\"og:type\" content=\"article\" \/>\n<meta property=\"og:title\" content=\"1CP-LSD-150MCG-blotters online Kopen - 1CP-LSD te kopen\" \/>\n<meta property=\"og:description\" content=\"U kunt nu 1CP-LSD-150MCG-blotters te koop krijgen tegen betaalbare prijzen bij RCKopen. Wij helpen u om 1CP-LSD eenvoudig online te koop. Bestel vandaag nog!\" \/>\n<meta property=\"og:url\" content=\"https:\/\/rckopen.com\/cs\/produkt\/1cp-lsd-150mcg-blotters-ap-design-1\/\" \/>\n<meta property=\"og:site_name\" content=\"RC Kopen\" \/>\n<meta property=\"article:modified_time\" content=\"2026-02-26T09:44:05+00:00\" \/>\n<meta property=\"og:image\" content=\"https:\/\/rckopen.com\/wp-content\/uploads\/2023\/08\/1cP-LSD-150mcg-Blotters-AP-Design-1.jpg\" \/>\n\t<meta property=\"og:image:width\" content=\"600\" \/>\n\t<meta property=\"og:image:height\" content=\"600\" \/>\n\t<meta property=\"og:image:type\" content=\"image\/jpeg\" \/>\n<meta name=\"twitter:card\" content=\"summary_large_image\" \/>\n<meta name=\"twitter:label1\" content=\"Odhadovan\u00e1 doba \u010dten\u00ed\" \/>\n\t<meta name=\"twitter:data1\" content=\"2 minuty\" \/>\n<script type=\"application\/ld+json\" class=\"yoast-schema-graph\">{\"@context\":\"https:\/\/schema.org\",\"@graph\":[{\"@type\":\"WebPage\",\"@id\":\"https:\/\/rckopen.com\/product\/1cp-lsd-150mcg-blotters-ap-design-1\/\",\"url\":\"https:\/\/rckopen.com\/product\/1cp-lsd-150mcg-blotters-ap-design-1\/\",\"name\":\"1CP-LSD-150MCG-blotters online Kopen - 1CP-LSD te kopen\",\"isPartOf\":{\"@id\":\"https:\/\/rckopen.com\/#website\"},\"primaryImageOfPage\":{\"@id\":\"https:\/\/rckopen.com\/product\/1cp-lsd-150mcg-blotters-ap-design-1\/#primaryimage\"},\"image\":{\"@id\":\"https:\/\/rckopen.com\/product\/1cp-lsd-150mcg-blotters-ap-design-1\/#primaryimage\"},\"thumbnailUrl\":\"https:\/\/rckopen.com\/wp-content\/uploads\/2023\/08\/1cP-LSD-150mcg-Blotters-AP-Design-1.jpg\",\"datePublished\":\"2023-08-14T13:34:34+00:00\",\"dateModified\":\"2026-02-26T09:44:05+00:00\",\"description\":\"U kunt nu 1CP-LSD-150MCG-blotters te koop krijgen tegen betaalbare prijzen bij RCKopen. Wij helpen u om 1CP-LSD eenvoudig online te koop. Bestel vandaag nog!\",\"breadcrumb\":{\"@id\":\"https:\/\/rckopen.com\/product\/1cp-lsd-150mcg-blotters-ap-design-1\/#breadcrumb\"},\"inLanguage\":\"cs\",\"potentialAction\":[{\"@type\":\"ReadAction\",\"target\":[\"https:\/\/rckopen.com\/product\/1cp-lsd-150mcg-blotters-ap-design-1\/\"]}]},{\"@type\":\"ImageObject\",\"inLanguage\":\"cs\",\"@id\":\"https:\/\/rckopen.com\/product\/1cp-lsd-150mcg-blotters-ap-design-1\/#primaryimage\",\"url\":\"https:\/\/rckopen.com\/wp-content\/uploads\/2023\/08\/1cP-LSD-150mcg-Blotters-AP-Design-1.jpg\",\"contentUrl\":\"https:\/\/rckopen.com\/wp-content\/uploads\/2023\/08\/1cP-LSD-150mcg-Blotters-AP-Design-1.jpg\",\"width\":600,\"height\":600,\"caption\":\"1cP-LSD 150mcg Blotters (AP Design 1) Online Kopen\"},{\"@type\":\"BreadcrumbList\",\"@id\":\"https:\/\/rckopen.com\/product\/1cp-lsd-150mcg-blotters-ap-design-1\/#breadcrumb\",\"itemListElement\":[{\"@type\":\"ListItem\",\"position\":1,\"name\":\"Home\",\"item\":\"https:\/\/rckopen.com\/\"},{\"@type\":\"ListItem\",\"position\":2,\"name\":\"Shop\",\"item\":\"https:\/\/rckopen.com\/shop\/\"},{\"@type\":\"ListItem\",\"position\":3,\"name\":\"1cP-LSD 150mcg Blotters (AP Design 1) Online Kopen\"}]},{\"@type\":\"WebSite\",\"@id\":\"https:\/\/rckopen.com\/#website\",\"url\":\"https:\/\/rckopen.com\/\",\"name\":\"RC Kopen\",\"description\":\"Research Chemicals\",\"potentialAction\":[{\"@type\":\"SearchAction\",\"target\":{\"@type\":\"EntryPoint\",\"urlTemplate\":\"https:\/\/rckopen.com\/?s={search_term_string}\"},\"query-input\":{\"@type\":\"PropertyValueSpecification\",\"valueRequired\":true,\"valueName\":\"search_term_string\"}}],\"inLanguage\":\"cs\"}]}<\/script>\n<!-- \/ Yoast SEO plugin. -->","yoast_head_json":{"title":"1CP-LSD-150MCG-blotters online Kopen - 1CP-LSD te kopen","description":"U kunt nu 1CP-LSD-150MCG-blotters te koop krijgen tegen betaalbare prijzen bij RCKopen. Wij helpen u om 1CP-LSD eenvoudig online te koop. Bestel vandaag nog!","robots":{"index":"index","follow":"follow","max-snippet":"max-snippet:-1","max-image-preview":"max-image-preview:large","max-video-preview":"max-video-preview:-1"},"canonical":"https:\/\/rckopen.com\/cs\/produkt\/1cp-lsd-150mcg-blotters-ap-design-1\/","og_locale":"cs_CZ","og_type":"article","og_title":"1CP-LSD-150MCG-blotters online Kopen - 1CP-LSD te kopen","og_description":"U kunt nu 1CP-LSD-150MCG-blotters te koop krijgen tegen betaalbare prijzen bij RCKopen. Wij helpen u om 1CP-LSD eenvoudig online te koop. Bestel vandaag nog!","og_url":"https:\/\/rckopen.com\/cs\/produkt\/1cp-lsd-150mcg-blotters-ap-design-1\/","og_site_name":"RC Kopen","article_modified_time":"2026-02-26T09:44:05+00:00","og_image":[{"width":600,"height":600,"url":"https:\/\/rckopen.com\/wp-content\/uploads\/2023\/08\/1cP-LSD-150mcg-Blotters-AP-Design-1.jpg","type":"image\/jpeg"}],"twitter_card":"summary_large_image","twitter_misc":{"Odhadovan\u00e1 doba \u010dten\u00ed":"2 minuty"},"schema":{"@context":"https:\/\/schema.org","@graph":[{"@type":"WebPage","@id":"https:\/\/rckopen.com\/product\/1cp-lsd-150mcg-blotters-ap-design-1\/","url":"https:\/\/rckopen.com\/product\/1cp-lsd-150mcg-blotters-ap-design-1\/","name":"1CP-LSD-150MCG-blotters online Kopen - 1CP-LSD te kopen","isPartOf":{"@id":"https:\/\/rckopen.com\/#website"},"primaryImageOfPage":{"@id":"https:\/\/rckopen.com\/product\/1cp-lsd-150mcg-blotters-ap-design-1\/#primaryimage"},"image":{"@id":"https:\/\/rckopen.com\/product\/1cp-lsd-150mcg-blotters-ap-design-1\/#primaryimage"},"thumbnailUrl":"https:\/\/rckopen.com\/wp-content\/uploads\/2023\/08\/1cP-LSD-150mcg-Blotters-AP-Design-1.jpg","datePublished":"2023-08-14T13:34:34+00:00","dateModified":"2026-02-26T09:44:05+00:00","description":"U kunt nu 1CP-LSD-150MCG-blotters te koop krijgen tegen betaalbare prijzen bij RCKopen. Wij helpen u om 1CP-LSD eenvoudig online te koop. Bestel vandaag nog!","breadcrumb":{"@id":"https:\/\/rckopen.com\/product\/1cp-lsd-150mcg-blotters-ap-design-1\/#breadcrumb"},"inLanguage":"cs","potentialAction":[{"@type":"ReadAction","target":["https:\/\/rckopen.com\/product\/1cp-lsd-150mcg-blotters-ap-design-1\/"]}]},{"@type":"ImageObject","inLanguage":"cs","@id":"https:\/\/rckopen.com\/product\/1cp-lsd-150mcg-blotters-ap-design-1\/#primaryimage","url":"https:\/\/rckopen.com\/wp-content\/uploads\/2023\/08\/1cP-LSD-150mcg-Blotters-AP-Design-1.jpg","contentUrl":"https:\/\/rckopen.com\/wp-content\/uploads\/2023\/08\/1cP-LSD-150mcg-Blotters-AP-Design-1.jpg","width":600,"height":600,"caption":"1cP-LSD 150mcg Blotters (AP Design 1) Online Kopen"},{"@type":"BreadcrumbList","@id":"https:\/\/rckopen.com\/product\/1cp-lsd-150mcg-blotters-ap-design-1\/#breadcrumb","itemListElement":[{"@type":"ListItem","position":1,"name":"Home","item":"https:\/\/rckopen.com\/"},{"@type":"ListItem","position":2,"name":"Shop","item":"https:\/\/rckopen.com\/shop\/"},{"@type":"ListItem","position":3,"name":"1cP-LSD 150mcg Blotters (AP Design 1) Online Kopen"}]},{"@type":"WebSite","@id":"https:\/\/rckopen.com\/#website","url":"https:\/\/rckopen.com\/","name":"RC Kopen","description":"Research Chemicals","potentialAction":[{"@type":"SearchAction","target":{"@type":"EntryPoint","urlTemplate":"https:\/\/rckopen.com\/?s={search_term_string}"},"query-input":{"@type":"PropertyValueSpecification","valueRequired":true,"valueName":"search_term_string"}}],"inLanguage":"cs"}]}},"_links":{"self":[{"href":"https:\/\/rckopen.com\/cs\/wp-json\/wp\/v2\/product\/6386","targetHints":{"allow":["GET"]}}],"collection":[{"href":"https:\/\/rckopen.com\/cs\/wp-json\/wp\/v2\/product"}],"about":[{"href":"https:\/\/rckopen.com\/cs\/wp-json\/wp\/v2\/types\/product"}],"replies":[{"embeddable":true,"href":"https:\/\/rckopen.com\/cs\/wp-json\/wp\/v2\/comments?post=6386"}],"wp:featuredmedia":[{"embeddable":true,"href":"https:\/\/rckopen.com\/cs\/wp-json\/wp\/v2\/media\/6391"}],"wp:attachment":[{"href":"https:\/\/rckopen.com\/cs\/wp-json\/wp\/v2\/media?parent=6386"}],"wp:term":[{"taxonomy":"product_brand","embeddable":true,"href":"https:\/\/rckopen.com\/cs\/wp-json\/wp\/v2\/product_brand?post=6386"},{"taxonomy":"product_cat","embeddable":true,"href":"https:\/\/rckopen.com\/cs\/wp-json\/wp\/v2\/product_cat?post=6386"},{"taxonomy":"product_tag","embeddable":true,"href":"https:\/\/rckopen.com\/cs\/wp-json\/wp\/v2\/product_tag?post=6386"}],"curies":[{"name":"wp","href":"https:\/\/api.w.org\/{rel}","templated":true}]}}