{"id":6387,"date":"2023-08-17T05:24:08","date_gmt":"2023-08-17T05:24:08","guid":{"rendered":"https:\/\/diligentplug.com\/chems\/?post_type=product&#038;p=6387"},"modified":"2026-02-25T08:25:26","modified_gmt":"2026-02-25T08:25:26","slug":"1cp-al-lad-150-ug-blotters","status":"publish","type":"product","link":"https:\/\/rckopen.com\/cs\/produkt\/1cp-al-lad-150-ug-blotters\/","title":{"rendered":"1cp-al-lad 150 ug pijavice Koupit online"},"content":{"rendered":"<h2><b><span dir=\"auto\" style=\"vertical-align: inherit;\"><span dir=\"auto\" style=\"vertical-align: inherit;\">1cP-AL-LAD 150 \u00b5g Blotters for Sale \u2013 High Quality for Research Use<\/span><\/span><\/b><\/h2>\n<h3><b><span dir=\"auto\" style=\"vertical-align: inherit;\"><span dir=\"auto\" style=\"vertical-align: inherit;\">Introduction<\/span><\/span><\/b><\/h3>\n<p><span style=\"font-weight: 400;\"><span dir=\"auto\" style=\"vertical-align: inherit;\"><span dir=\"auto\" style=\"vertical-align: inherit;\">Want to <\/span><\/span><\/span><a href=\"https:\/\/rckopen.com\/cs\/produkt\/1cp-al-lad-150-ug-blotters\/\"><b><span dir=\"auto\" style=\"vertical-align: inherit;\"><span dir=\"auto\" style=\"vertical-align: inherit;\">buy 1cP-AL-LAD 150 \u00b5g blotters online<\/span><\/span><\/b><\/a><span style=\"font-weight: 400;\"><span dir=\"auto\" style=\"vertical-align: inherit;\"><span dir=\"auto\" style=\"vertical-align: inherit;\"> from a reliable supplier? Our premium blotters are specially developed for advanced laboratory research and offer precise dosing, high purity, and consistent performance. Whether you&#8217;re a scientific researcher, chemist, or lab technician, our blotters provide a safe and reliable foundation for your research purposes.<\/span><\/span><\/span><\/p>\n<h3><b><span dir=\"auto\" style=\"vertical-align: inherit;\"><span dir=\"auto\" style=\"vertical-align: inherit;\">What is 1cP-AL-LAD?<\/span><\/span><\/b><\/h3>\n<p><span style=\"font-weight: 400;\"><span dir=\"auto\" style=\"vertical-align: inherit;\"><span dir=\"auto\" style=\"vertical-align: inherit;\">1cP-AL-LAD is a novel lysergamide and a prodrug of AL-LAD. It is chemically related to LSD but has a unique pharmacological profile. It is valued within the research and psychedelic communities for its interesting interactions with serotonin receptors. <\/span><\/span><\/span><b><span dir=\"auto\" style=\"vertical-align: inherit;\"><span dir=\"auto\" style=\"vertical-align: inherit;\">1cP-AL-LAD 150 \u00b5g blotters <\/span><\/span><\/b><span style=\"font-weight: 400;\"><span dir=\"auto\" style=\"vertical-align: inherit;\"><span dir=\"auto\" style=\"vertical-align: inherit;\">provide a controlled dose ideal for precise laboratory studies.<\/span><\/span><\/span><\/p>\n<h3><b><span dir=\"auto\" style=\"vertical-align: inherit;\"><span dir=\"auto\" style=\"vertical-align: inherit;\">Chemical Profile<\/span><\/span><\/b><\/h3>\n<ul>\n<li style=\"font-weight: 400;\" aria-level=\"1\"><b><span dir=\"auto\" style=\"vertical-align: inherit;\"><span dir=\"auto\" style=\"vertical-align: inherit;\">Molecular formula <\/span><\/span><\/b><span style=\"font-weight: 400;\"><span dir=\"auto\" style=\"vertical-align: inherit;\"><span dir=\"auto\" style=\"vertical-align: inherit;\">: C22H27N3O2<\/span><\/span><\/span><\/li>\n<li style=\"font-weight: 400;\" aria-level=\"1\"><b><span dir=\"auto\" style=\"vertical-align: inherit;\"><span dir=\"auto\" style=\"vertical-align: inherit;\">Molecular Weight <\/span><\/span><\/b><span style=\"font-weight: 400;\"><span dir=\"auto\" style=\"vertical-align: inherit;\"><span dir=\"auto\" style=\"vertical-align: inherit;\">: ~365.5 g\/mol<\/span><\/span><\/span><\/li>\n<li style=\"font-weight: 400;\" aria-level=\"1\"><b><span dir=\"auto\" style=\"vertical-align: inherit;\"><span dir=\"auto\" style=\"vertical-align: inherit;\">Form <\/span><\/span><\/b><span style=\"font-weight: 400;\"><span dir=\"auto\" style=\"vertical-align: inherit;\"><span dir=\"auto\" style=\"vertical-align: inherit;\">: White, odorless blotters of 150 \u00b5g each<\/span><\/span><\/span><\/li>\n<\/ul>\n<p><span style=\"font-weight: 400;\"><span dir=\"auto\" style=\"vertical-align: inherit;\"><span dir=\"auto\" style=\"vertical-align: inherit;\">1cP-AL-LAD acts as a prodrug of AL-LAD, meaning it is converted to AL-LAD in the body. It is considered slightly less potent than LSD but produces similar effects, making <\/span><\/span><\/span><b><span dir=\"auto\" style=\"vertical-align: inherit;\"><span dir=\"auto\" style=\"vertical-align: inherit;\">150 \u00b5g blotters <\/span><\/span><\/b><span style=\"font-weight: 400;\"><span dir=\"auto\" style=\"vertical-align: inherit;\"><span dir=\"auto\" style=\"vertical-align: inherit;\">a standardized dose for research.<\/span><\/span><\/span><\/p>\n<h3><b><span dir=\"auto\" style=\"vertical-align: inherit;\"><span dir=\"auto\" style=\"vertical-align: inherit;\">Legal Status<\/span><\/span><\/b><\/h3>\n<p><span dir=\"auto\" style=\"vertical-align: inherit;\"><span dir=\"auto\" style=\"vertical-align: inherit;\">The legal status of 1cP-AL-LAD varies by country. In some regions, it is not yet regulated, while elsewhere it may fall under analogue legislation.<\/span><\/span><\/p>\n<ul>\n<li style=\"font-weight: 400;\" aria-level=\"1\"><span dir=\"auto\" style=\"vertical-align: inherit;\"><span dir=\"auto\" style=\"vertical-align: inherit;\">United States: May be prohibited under the Federal Analogue Act<\/span><\/span><\/li>\n<li style=\"font-weight: 400;\" aria-level=\"1\"><span dir=\"auto\" style=\"vertical-align: inherit;\"><span dir=\"auto\" style=\"vertical-align: inherit;\">United Kingdom: Banned under the Psychoactive Substances Act<\/span><\/span><\/li>\n<li style=\"font-weight: 400;\" aria-level=\"1\"><span dir=\"auto\" style=\"vertical-align: inherit;\"><span dir=\"auto\" style=\"vertical-align: inherit;\">European Union: Status varies by country<\/span><\/span><\/li>\n<li style=\"font-weight: 400;\" aria-level=\"1\"><span dir=\"auto\" style=\"vertical-align: inherit;\"><span dir=\"auto\" style=\"vertical-align: inherit;\">Canada: Often unregulated, but not approved for consumption<\/span><\/span><\/li>\n<\/ul>\n<p><span dir=\"auto\" style=\"vertical-align: inherit;\"><span style=\"font-weight: 400;\"><a href=\"https:\/\/rckopen.com\/cs\/\"><strong><span dir=\"auto\" style=\"vertical-align: inherit;\">Always check<\/span><\/strong><\/a><\/span><span dir=\"auto\" style=\"vertical-align: inherit;\"> local regulations before ordering 1cP-AL-LAD 150 \u00b5g blotters online <\/span><\/span><span style=\"font-weight: 400;\"><span dir=\"auto\" style=\"vertical-align: inherit;\"><span dir=\"auto\" style=\"vertical-align: inherit;\">.<\/span><\/span><\/span><\/p>\n<h3><b><span dir=\"auto\" style=\"vertical-align: inherit;\"><span dir=\"auto\" style=\"vertical-align: inherit;\">Online Shopping: What to Consider<\/span><\/span><\/b><\/h3>\n<p><span dir=\"auto\" style=\"vertical-align: inherit;\"><span dir=\"auto\" style=\"vertical-align: inherit;\">If you are looking for <\/span><\/span><a href=\"https:\/\/en.wikipedia.org\/wiki\/1cP-AL-LAD\"><span dir=\"auto\" style=\"vertical-align: inherit;\"><span dir=\"auto\" style=\"vertical-align: inherit;\">Prodej sav\u00fdch pap\u00edr\u016f 1cP-AL-LAD 150 \u00b5g<\/span><\/span><\/a><span dir=\"auto\" style=\"vertical-align: inherit;\"><span dir=\"auto\" style=\"vertical-align: inherit;\"> , v\u011bnujte velkou pozornost n\u00e1sleduj\u00edc\u00edm vlastnostem spolehliv\u00e9ho dodavatele:<\/span><\/span><\/p>\n<ul>\n<li style=\"font-weight: 400;\" aria-level=\"1\"><span dir=\"auto\" style=\"vertical-align: inherit;\"><span dir=\"auto\" style=\"vertical-align: inherit;\">Dobr\u00e1 pov\u011bst <\/span><\/span><span dir=\"auto\" style=\"vertical-align: inherit;\"><span dir=\"auto\" style=\"vertical-align: inherit;\">Pozitivn\u00ed recenze a transparentn\u00ed komunikace<\/span><\/span><\/li>\n<li style=\"font-weight: 400;\" aria-level=\"1\"><span dir=\"auto\" style=\"vertical-align: inherit;\"><span dir=\"auto\" style=\"vertical-align: inherit;\">Pozitivn\u00ed recenze a transparentn\u00ed komunikace <\/span><\/span><span dir=\"auto\" style=\"vertical-align: inherit;\"><span dir=\"auto\" style=\"vertical-align: inherit;\">Nez\u00e1visl\u00e9 laboratorn\u00ed testov\u00e1n\u00ed a certifik\u00e1t anal\u00fdzy (COA)<\/span><\/span><\/li>\n<li style=\"font-weight: 400;\" aria-level=\"1\"><span dir=\"auto\" style=\"vertical-align: inherit;\"><span dir=\"auto\" style=\"vertical-align: inherit;\">Warning signs <\/span><\/span><span dir=\"auto\" style=\"vertical-align: inherit;\"><span dir=\"auto\" style=\"vertical-align: inherit;\">: No customer service, vague product descriptions, or no lab documentation<\/span><\/span><\/li>\n<\/ul>\n<p><span dir=\"auto\" style=\"vertical-align: inherit;\"><span dir=\"auto\" style=\"vertical-align: inherit;\">With us you can count on complete transparency, excellent customer service and <\/span><\/span><span dir=\"auto\" style=\"vertical-align: inherit;\"><span dir=\"auto\" style=\"vertical-align: inherit;\">vysoce kvalitn\u00ed 1cP-AL-LAD blottery <\/span><\/span><span dir=\"auto\" style=\"vertical-align: inherit;\"><span dir=\"auto\" style=\"vertical-align: inherit;\">.<\/span><\/span><\/p>\n<h3><b><span dir=\"auto\" style=\"vertical-align: inherit;\"><span dir=\"auto\" style=\"vertical-align: inherit;\">Bezpe\u010dnost a sni\u017eov\u00e1n\u00ed \u0161kod<\/span><\/span><\/b><\/h3>\n<p><span dir=\"auto\" style=\"vertical-align: inherit;\"><span dir=\"auto\" style=\"vertical-align: inherit;\">Pouze pro v\u00fdzkumn\u00e9 \u00fa\u010dely \u2013 ne pro lidskou spot\u0159ebu. <\/span><\/span><br \/>\n<span dir=\"auto\" style=\"vertical-align: inherit;\"><span dir=\"auto\" style=\"vertical-align: inherit;\">For safe laboratory use:<\/span><\/span><\/p>\n<ul>\n<li style=\"font-weight: 400;\" aria-level=\"1\"><span dir=\"auto\" style=\"vertical-align: inherit;\"><span dir=\"auto\" style=\"vertical-align: inherit;\">Pou\u017e\u00edvejte ochrann\u00e9 pom\u016fcky: rukavice, ochrann\u00e9 br\u00fdle a dobr\u00e9 v\u011btr\u00e1n\u00ed.<\/span><\/span><\/li>\n<li style=\"font-weight: 400;\" aria-level=\"1\"><span dir=\"auto\" style=\"vertical-align: inherit;\"><span dir=\"auto\" style=\"vertical-align: inherit;\">Skladov\u00e1n\u00ed: Chladn\u00e9, such\u00e9 a vzduchot\u011bsn\u00e9<\/span><\/span><\/li>\n<li style=\"font-weight: 400;\" aria-level=\"1\"><span dir=\"auto\" style=\"vertical-align: inherit;\"><span dir=\"auto\" style=\"vertical-align: inherit;\">Zn\u00e1t rizika: Nekombinujte s jin\u00fdmi l\u00e1tkami; prostudujte si pokyny pro sni\u017eov\u00e1n\u00ed \u0161kod.<\/span><\/span><\/li>\n<\/ul>\n<h3><b><span dir=\"auto\" style=\"vertical-align: inherit;\"><span dir=\"auto\" style=\"vertical-align: inherit;\">Z\u00e1v\u011br<\/span><\/span><\/b><\/h3>\n<p><span style=\"font-weight: 400;\"><span dir=\"auto\" style=\"vertical-align: inherit;\"><span dir=\"auto\" style=\"vertical-align: inherit;\">Pokud hled\u00e1te <\/span><\/span><\/span><b><span dir=\"auto\" style=\"vertical-align: inherit;\"><span dir=\"auto\" style=\"vertical-align: inherit;\">nejlep\u0161\u00ed m\u00edsto pro n\u00e1kup 1cP-AL-LAD 150\u00b5g blotter\u016f <\/span><\/span><\/b><span style=\"font-weight: 400;\"><span dir=\"auto\" style=\"vertical-align: inherit;\"><span dir=\"auto\" style=\"vertical-align: inherit;\">, jste na spr\u00e1vn\u00e9m m\u00edst\u011b. Na\u0161e produkty jsou laboratorn\u00ed kvality a dod\u00e1vaj\u00ed se s kompletn\u00edmi certifik\u00e1ty o testech. D\u00edky diskr\u00e9tn\u00edmu doru\u010den\u00ed a dostupn\u00fdm cen\u00e1m je snadn\u00e9 a bezpe\u010dn\u00e9 <\/span><\/span><\/span><b><span dir=\"auto\" style=\"vertical-align: inherit;\"><span dir=\"auto\" style=\"vertical-align: inherit;\">Objednejte si levn\u00e9 sav\u00e9 pap\u00edry 1cP-AL-LAD 150\u00b5g online <\/span><\/span><\/b><span style=\"font-weight: 400;\"><span dir=\"auto\" style=\"vertical-align: inherit;\"><span dir=\"auto\" style=\"vertical-align: inherit;\">.<\/span><\/span><\/span><\/p>","protected":false},"excerpt":{"rendered":"<p><strong><span dir=\"auto\" style=\"vertical-align: inherit;\"><span dir=\"auto\" style=\"vertical-align: inherit;\">IUPAC Name:<\/span><\/span><\/strong><span dir=\"auto\" style=\"vertical-align: inherit;\"><span dir=\"auto\" style=\"vertical-align: inherit;\"> 1\u2010cyclopropanecarbonyl\u2010(8\u00df)\u2010N,N\u2010diethyl\u20106\u2010(prop\u20102\u2010enyl)\u20109,10\u2010didehydroergoline\u20108\u2010carboxamide hemi\u2010L\u2010tartrate<\/span><\/span><\/p>\n<p><strong><span dir=\"auto\" style=\"vertical-align: inherit;\"><span dir=\"auto\" style=\"vertical-align: inherit;\">Forma:<\/span><\/span><\/strong><span dir=\"auto\" style=\"vertical-align: inherit;\"><span dir=\"auto\" style=\"vertical-align: inherit;\"> skvrny<\/span><\/span><\/p>\n<p><strong><span dir=\"auto\" style=\"vertical-align: inherit;\"><span dir=\"auto\" style=\"vertical-align: inherit;\">NMR anal\u00fdza:<\/span><\/span><\/strong><span dir=\"auto\" style=\"vertical-align: inherit;\"><span dir=\"auto\" style=\"vertical-align: inherit;\"> NEUPLAT\u0147UJE SE<\/span><\/span><\/p>","protected":false},"featured_media":6636,"comment_status":"open","ping_status":"closed","template":"","meta":{"_joinchat":[]},"product_brand":[],"product_cat":[130],"product_tag":[],"class_list":{"0":"post-6387","1":"product","2":"type-product","3":"status-publish","4":"has-post-thumbnail","6":"product_cat-blotters","8":"first","9":"instock","10":"shipping-taxable","11":"purchasable","12":"product-type-variable"},"yoast_head":"<!-- This site is optimized with the Yoast SEO plugin v26.3 - https:\/\/yoast.com\/wordpress\/plugins\/seo\/ -->\n<title>1CP-AL-LAD-150-UG-blotters6 online Kopen | RcKopen<\/title>\n<meta name=\"description\" content=\"Wij zijn een betrouwbare winkel die 1CP-AL-LAD-150-UG Blotters6 te koop heeft. 1CP-AL-LAD-150-UG-blotters6 online Kopen tegen de beste prijzen. Neem nu contact met ons op!\" \/>\n<meta name=\"robots\" content=\"index, follow, max-snippet:-1, max-image-preview:large, max-video-preview:-1\" \/>\n<link rel=\"canonical\" href=\"https:\/\/rckopen.com\/cs\/produkt\/1cp-al-lad-150-ug-blotters\/\" \/>\n<meta property=\"og:locale\" content=\"cs_CZ\" \/>\n<meta property=\"og:type\" content=\"article\" \/>\n<meta property=\"og:title\" content=\"1CP-AL-LAD-150-UG-blotters6 online Kopen | RcKopen\" \/>\n<meta property=\"og:description\" content=\"Wij zijn een betrouwbare winkel die 1CP-AL-LAD-150-UG Blotters6 te koop heeft. 1CP-AL-LAD-150-UG-blotters6 online Kopen tegen de beste prijzen. Neem nu contact met ons op!\" \/>\n<meta property=\"og:url\" content=\"https:\/\/rckopen.com\/cs\/produkt\/1cp-al-lad-150-ug-blotters\/\" \/>\n<meta property=\"og:site_name\" content=\"RC Kopen\" \/>\n<meta property=\"article:modified_time\" content=\"2026-02-25T08:25:26+00:00\" \/>\n<meta property=\"og:image\" content=\"https:\/\/rckopen.com\/wp-content\/uploads\/2023\/08\/1cp-al-lad-150-ug-blotters.jpg\" \/>\n\t<meta property=\"og:image:width\" content=\"600\" \/>\n\t<meta property=\"og:image:height\" content=\"600\" \/>\n\t<meta property=\"og:image:type\" content=\"image\/jpeg\" \/>\n<meta name=\"twitter:card\" content=\"summary_large_image\" \/>\n<meta name=\"twitter:label1\" content=\"Odhadovan\u00e1 doba \u010dten\u00ed\" \/>\n\t<meta name=\"twitter:data1\" content=\"2 minuty\" \/>\n<script type=\"application\/ld+json\" class=\"yoast-schema-graph\">{\"@context\":\"https:\/\/schema.org\",\"@graph\":[{\"@type\":\"WebPage\",\"@id\":\"https:\/\/rckopen.com\/product\/1cp-al-lad-150-ug-blotters\/\",\"url\":\"https:\/\/rckopen.com\/product\/1cp-al-lad-150-ug-blotters\/\",\"name\":\"1CP-AL-LAD-150-UG-blotters6 online Kopen | RcKopen\",\"isPartOf\":{\"@id\":\"https:\/\/rckopen.com\/#website\"},\"primaryImageOfPage\":{\"@id\":\"https:\/\/rckopen.com\/product\/1cp-al-lad-150-ug-blotters\/#primaryimage\"},\"image\":{\"@id\":\"https:\/\/rckopen.com\/product\/1cp-al-lad-150-ug-blotters\/#primaryimage\"},\"thumbnailUrl\":\"https:\/\/rckopen.com\/wp-content\/uploads\/2023\/08\/1cp-al-lad-150-ug-blotters.jpg\",\"datePublished\":\"2023-08-17T05:24:08+00:00\",\"dateModified\":\"2026-02-25T08:25:26+00:00\",\"description\":\"Wij zijn een betrouwbare winkel die 1CP-AL-LAD-150-UG Blotters6 te koop heeft. 1CP-AL-LAD-150-UG-blotters6 online Kopen tegen de beste prijzen. Neem nu contact met ons op!\",\"breadcrumb\":{\"@id\":\"https:\/\/rckopen.com\/product\/1cp-al-lad-150-ug-blotters\/#breadcrumb\"},\"inLanguage\":\"cs\",\"potentialAction\":[{\"@type\":\"ReadAction\",\"target\":[\"https:\/\/rckopen.com\/product\/1cp-al-lad-150-ug-blotters\/\"]}]},{\"@type\":\"ImageObject\",\"inLanguage\":\"cs\",\"@id\":\"https:\/\/rckopen.com\/product\/1cp-al-lad-150-ug-blotters\/#primaryimage\",\"url\":\"https:\/\/rckopen.com\/wp-content\/uploads\/2023\/08\/1cp-al-lad-150-ug-blotters.jpg\",\"contentUrl\":\"https:\/\/rckopen.com\/wp-content\/uploads\/2023\/08\/1cp-al-lad-150-ug-blotters.jpg\",\"width\":600,\"height\":600,\"caption\":\"1cp-al-lad-150-ug-blotters online kopen\"},{\"@type\":\"BreadcrumbList\",\"@id\":\"https:\/\/rckopen.com\/product\/1cp-al-lad-150-ug-blotters\/#breadcrumb\",\"itemListElement\":[{\"@type\":\"ListItem\",\"position\":1,\"name\":\"Home\",\"item\":\"https:\/\/rckopen.com\/\"},{\"@type\":\"ListItem\",\"position\":2,\"name\":\"Shop\",\"item\":\"https:\/\/rckopen.com\/shop\/\"},{\"@type\":\"ListItem\",\"position\":3,\"name\":\"1cp-al-lad 150 ug blotters Online Kopen\"}]},{\"@type\":\"WebSite\",\"@id\":\"https:\/\/rckopen.com\/#website\",\"url\":\"https:\/\/rckopen.com\/\",\"name\":\"RC Kopen\",\"description\":\"Research Chemicals\",\"potentialAction\":[{\"@type\":\"SearchAction\",\"target\":{\"@type\":\"EntryPoint\",\"urlTemplate\":\"https:\/\/rckopen.com\/?s={search_term_string}\"},\"query-input\":{\"@type\":\"PropertyValueSpecification\",\"valueRequired\":true,\"valueName\":\"search_term_string\"}}],\"inLanguage\":\"cs\"}]}<\/script>\n<!-- \/ Yoast SEO plugin. -->","yoast_head_json":{"title":"1CP-AL-LAD-150-UG-blotters6 online Kopen | RcKopen","description":"Wij zijn een betrouwbare winkel die 1CP-AL-LAD-150-UG Blotters6 te koop heeft. 1CP-AL-LAD-150-UG-blotters6 online Kopen tegen de beste prijzen. Neem nu contact met ons op!","robots":{"index":"index","follow":"follow","max-snippet":"max-snippet:-1","max-image-preview":"max-image-preview:large","max-video-preview":"max-video-preview:-1"},"canonical":"https:\/\/rckopen.com\/cs\/produkt\/1cp-al-lad-150-ug-blotters\/","og_locale":"cs_CZ","og_type":"article","og_title":"1CP-AL-LAD-150-UG-blotters6 online Kopen | RcKopen","og_description":"Wij zijn een betrouwbare winkel die 1CP-AL-LAD-150-UG Blotters6 te koop heeft. 1CP-AL-LAD-150-UG-blotters6 online Kopen tegen de beste prijzen. Neem nu contact met ons op!","og_url":"https:\/\/rckopen.com\/cs\/produkt\/1cp-al-lad-150-ug-blotters\/","og_site_name":"RC Kopen","article_modified_time":"2026-02-25T08:25:26+00:00","og_image":[{"width":600,"height":600,"url":"https:\/\/rckopen.com\/wp-content\/uploads\/2023\/08\/1cp-al-lad-150-ug-blotters.jpg","type":"image\/jpeg"}],"twitter_card":"summary_large_image","twitter_misc":{"Odhadovan\u00e1 doba \u010dten\u00ed":"2 minuty"},"schema":{"@context":"https:\/\/schema.org","@graph":[{"@type":"WebPage","@id":"https:\/\/rckopen.com\/product\/1cp-al-lad-150-ug-blotters\/","url":"https:\/\/rckopen.com\/product\/1cp-al-lad-150-ug-blotters\/","name":"1CP-AL-LAD-150-UG-blotters6 online Kopen | RcKopen","isPartOf":{"@id":"https:\/\/rckopen.com\/#website"},"primaryImageOfPage":{"@id":"https:\/\/rckopen.com\/product\/1cp-al-lad-150-ug-blotters\/#primaryimage"},"image":{"@id":"https:\/\/rckopen.com\/product\/1cp-al-lad-150-ug-blotters\/#primaryimage"},"thumbnailUrl":"https:\/\/rckopen.com\/wp-content\/uploads\/2023\/08\/1cp-al-lad-150-ug-blotters.jpg","datePublished":"2023-08-17T05:24:08+00:00","dateModified":"2026-02-25T08:25:26+00:00","description":"Wij zijn een betrouwbare winkel die 1CP-AL-LAD-150-UG Blotters6 te koop heeft. 1CP-AL-LAD-150-UG-blotters6 online Kopen tegen de beste prijzen. Neem nu contact met ons op!","breadcrumb":{"@id":"https:\/\/rckopen.com\/product\/1cp-al-lad-150-ug-blotters\/#breadcrumb"},"inLanguage":"cs","potentialAction":[{"@type":"ReadAction","target":["https:\/\/rckopen.com\/product\/1cp-al-lad-150-ug-blotters\/"]}]},{"@type":"ImageObject","inLanguage":"cs","@id":"https:\/\/rckopen.com\/product\/1cp-al-lad-150-ug-blotters\/#primaryimage","url":"https:\/\/rckopen.com\/wp-content\/uploads\/2023\/08\/1cp-al-lad-150-ug-blotters.jpg","contentUrl":"https:\/\/rckopen.com\/wp-content\/uploads\/2023\/08\/1cp-al-lad-150-ug-blotters.jpg","width":600,"height":600,"caption":"1cp-al-lad-150-ug-blotters online kopen"},{"@type":"BreadcrumbList","@id":"https:\/\/rckopen.com\/product\/1cp-al-lad-150-ug-blotters\/#breadcrumb","itemListElement":[{"@type":"ListItem","position":1,"name":"Home","item":"https:\/\/rckopen.com\/"},{"@type":"ListItem","position":2,"name":"Shop","item":"https:\/\/rckopen.com\/shop\/"},{"@type":"ListItem","position":3,"name":"1cp-al-lad 150 ug blotters Online Kopen"}]},{"@type":"WebSite","@id":"https:\/\/rckopen.com\/#website","url":"https:\/\/rckopen.com\/","name":"RC Kopen","description":"Research Chemicals","potentialAction":[{"@type":"SearchAction","target":{"@type":"EntryPoint","urlTemplate":"https:\/\/rckopen.com\/?s={search_term_string}"},"query-input":{"@type":"PropertyValueSpecification","valueRequired":true,"valueName":"search_term_string"}}],"inLanguage":"cs"}]}},"_links":{"self":[{"href":"https:\/\/rckopen.com\/cs\/wp-json\/wp\/v2\/product\/6387","targetHints":{"allow":["GET"]}}],"collection":[{"href":"https:\/\/rckopen.com\/cs\/wp-json\/wp\/v2\/product"}],"about":[{"href":"https:\/\/rckopen.com\/cs\/wp-json\/wp\/v2\/types\/product"}],"replies":[{"embeddable":true,"href":"https:\/\/rckopen.com\/cs\/wp-json\/wp\/v2\/comments?post=6387"}],"wp:featuredmedia":[{"embeddable":true,"href":"https:\/\/rckopen.com\/cs\/wp-json\/wp\/v2\/media\/6636"}],"wp:attachment":[{"href":"https:\/\/rckopen.com\/cs\/wp-json\/wp\/v2\/media?parent=6387"}],"wp:term":[{"taxonomy":"product_brand","embeddable":true,"href":"https:\/\/rckopen.com\/cs\/wp-json\/wp\/v2\/product_brand?post=6387"},{"taxonomy":"product_cat","embeddable":true,"href":"https:\/\/rckopen.com\/cs\/wp-json\/wp\/v2\/product_cat?post=6387"},{"taxonomy":"product_tag","embeddable":true,"href":"https:\/\/rckopen.com\/cs\/wp-json\/wp\/v2\/product_tag?post=6387"}],"curies":[{"name":"wp","href":"https:\/\/api.w.org\/{rel}","templated":true}]}}