{"id":6388,"date":"2023-08-14T13:51:48","date_gmt":"2023-08-14T13:51:48","guid":{"rendered":"https:\/\/diligentplug.com\/chems\/?post_type=product&#038;p=6388"},"modified":"2026-02-27T08:15:17","modified_gmt":"2026-02-27T08:15:17","slug":"1cp-mipla-200mcg-blotters","status":"publish","type":"product","link":"https:\/\/rckopen.com\/cs\/produkt\/1cp-mipla-200mcg-blotters\/","title":{"rendered":"Kupte si 1 cP-CiPLA 200 mcg blotter online"},"content":{"rendered":"<h2><b>1cP-MiPLA 200mcg Blotters Online 1kopen \u2013 Hoogwaardige Lysergamide voor Onderzoek<\/b><\/h2>\n<p><span style=\"font-weight: 400;\">Objevte na\u0161i pr\u00e9mii <\/span><b>1cP-MiPLA 200mcg blottery<\/b><span style=\"font-weight: 400;\">Na\u0161e blottery, speci\u00e1ln\u011b vyvinut\u00e9 pro v\u00fdzkumn\u00e9 \u00fa\u010dely, nab\u00edzej\u00ed v\u00fdjime\u010dnou \u010distotu a konzistentn\u00ed d\u00e1vkov\u00e1n\u00ed, co\u017e z nich \u010din\u00ed ide\u00e1ln\u00ed volbu pro v\u011bdce a instituce prov\u00e1d\u011bj\u00edc\u00ed pokro\u010dil\u00e9 studie analog\u016f lysergamidu. A\u0165 u\u017e chcete <\/span><a href=\"https:\/\/en.wikipedia.org\/wiki\/1cP-LSD\"><b>Kupte si online blottery 1cP-MiPLA 200mcg<\/b><\/a><span style=\"font-weight: 400;\"> Nebo hled\u00e1te spolehliv\u00e9ho dodavatele? Nab\u00edz\u00edme ov\u011b\u0159en\u00e9, laboratorn\u011b testovan\u00e9 produkty s d\u016frazem na transparentnost a kvalitu.<\/span><\/p>\n<h3><b>Co je 1cP-MiPLA?<\/b><\/h3>\n<p><span style=\"font-weight: 400;\">1cP-MiPLA je nov\u00e1 lysergamidov\u00e1 slou\u010denina chemicky p\u0159\u00edbuzn\u00e1 analog\u016fm MiPLA a LSD. P\u016fsob\u00ed jako prol\u00e9\u010divo, kter\u00e9 se v t\u011ble p\u0159em\u011b\u0148uje na MiPLA, co\u017e nab\u00edz\u00ed v\u011bdc\u016fm cenn\u00fd n\u00e1stroj pro studium interakc\u00ed receptor\u016f a farmakodynamiky. D\u00edky sv\u00e9 stabilit\u011b a \u00fa\u010dinnosti si 1cP-MiPLA rychle z\u00edsk\u00e1v\u00e1 uzn\u00e1n\u00ed ve v\u011bdeck\u00e9 komunit\u011b pro potenci\u00e1ln\u00ed aplikace v neurochemick\u00e9m v\u00fdzkumu.<\/span><\/p>\n<p><span style=\"font-weight: 400;\">Pr\u00e1vn\u00ed status se m\u016f\u017ee po cel\u00e9m sv\u011bt\u011b li\u0161it. Proto zd\u016fraz\u0148ujeme, \u017ee na\u0161e sav\u00e9 pap\u00edry jsou ur\u010deny pouze pro laboratorn\u00ed a v\u00fdzkumn\u00e9 pou\u017eit\u00ed. P\u0159ed objedn\u00e1n\u00edm si v\u017edy ov\u011b\u0159te m\u00edstn\u00ed p\u0159edpisy.<\/span><\/p>\n<h3><b>Pro\u010d zvolit d\u00e1vkov\u00e1n\u00ed 200 mcg?<\/b><\/h3>\n<p><span style=\"font-weight: 400;\">Na\u0161e 200mcg blottery poskytuj\u00ed standardizovan\u00e9 d\u00e1vkov\u00e1n\u00ed ide\u00e1ln\u00ed pro pokro\u010dil\u00e9 v\u00fdzkumn\u00e9 protokoly. Ve srovn\u00e1n\u00ed s ni\u017e\u0161\u00edmi d\u00e1vkami, jako je 100mcg, nab\u00edz\u00ed 200mcg:<\/span><\/p>\n<ul>\n<li style=\"font-weight: 400;\" aria-level=\"1\"><span style=\"font-weight: 400;\">V\u011bt\u0161\u00ed flexibilita v experiment\u00e1ln\u00edm designu<\/span><\/li>\n<li style=\"font-weight: 400;\" aria-level=\"1\"><span style=\"font-weight: 400;\">Zv\u00fd\u0161en\u00e1 p\u0159esnost ve studi\u00edch receptor\u016f<\/span><\/li>\n<li style=\"font-weight: 400;\" aria-level=\"1\"><span style=\"font-weight: 400;\">Efektivn\u011bj\u0161\u00ed pou\u017eit\u00ed, proto\u017ee na jeden test je pot\u0159eba m\u00e9n\u011b sav\u00fdch pap\u00edr\u016f<\/span><\/li>\n<\/ul>\n<p><span style=\"font-weight: 400;\">Toto d\u00e1vkov\u00e1n\u00ed je chytrou volbou pro v\u00fdzkumn\u00edky, kte\u0159\u00ed hledaj\u00ed spolehliv\u00e9 a \u0161k\u00e1lovateln\u00e9 v\u00fdsledky.<\/span><\/p>\n<h3><b>\u010cistota, kvalita a laboratorn\u00ed testov\u00e1n\u00ed<\/b><\/h3>\n<p><span style=\"font-weight: 400;\">Zaji\u0161t\u011bn\u00ed kvality je na\u0161\u00ed nejvy\u0161\u0161\u00ed prioritou. Ka\u017ed\u00e1 \u0161ar\u017ee <\/span><a href=\"https:\/\/rckopen.com\/cs\/\"><b>1cP-MiPLA 200mcg blottery<\/b><\/a><span style=\"font-weight: 400;\"> Rozs\u00e1hle testov\u00e1no v nez\u00e1visl\u00fdch laborato\u0159\u00edch pro ov\u011b\u0159en\u00ed \u010distoty a \u00fa\u010dinnosti. Poskytujeme certifik\u00e1t anal\u00fdzy (COA) pro zaji\u0161t\u011bn\u00ed p\u0159esn\u00e9ho d\u00e1vkov\u00e1n\u00ed a produktu bez kontaminant\u016f. Na\u0161e p\u0159esn\u00e9 v\u00fdrobn\u00ed metody zaru\u010duj\u00ed rovnom\u011brn\u00e9 nasycen\u00ed sav\u00fdch pap\u00edr\u016f, co\u017e umo\u017e\u0148uje reprodukovateln\u00e9 v\u00fdsledky v\u00fdzkumu.<\/span><\/p>\n<h3><b>Spolehlivost dodavatel\u016f: Co n\u00e1s odli\u0161uje?<\/b><\/h3>\n<p><span style=\"font-weight: 400;\">Jsme d\u016fv\u011bryhodn\u00fdm dodavatelem lysergamid\u016f v\u00fdzkumn\u00e9 kvality. N\u00e1\u0161 p\u0159\u00edstup se zam\u011b\u0159uje na kontrolu \u0161ar\u017e\u00ed, profesion\u00e1ln\u00ed zach\u00e1zen\u00ed a pohotov\u00fd z\u00e1kaznick\u00fd servis. <\/span><b>1cP-MiPLA 200mcg blotters online bestelt<\/b><span style=\"font-weight: 400;\">, profiteer je van transparante communicatie en uitgebreide productdocumentatie, zodat je met vertrouwen kunt bestellen en ontvangen.<\/span><\/p>\n<h3><b>Mo\u017enosti dopravy a platby<\/b><\/h3>\n<p><span style=\"font-weight: 400;\">Nab\u00edz\u00edme diskr\u00e9tn\u00ed mezin\u00e1rodn\u00ed p\u0159epravu, kter\u00e1 zaru\u010duje va\u0161e soukrom\u00ed a integritu produktu. Platby lze prov\u00e1d\u011bt pomoc\u00ed popul\u00e1rn\u00edch kryptom\u011bn, jako jsou Bitcoin a Monero, a tak\u00e9 bezpe\u010dn\u00fdmi transakcemi kreditn\u00edmi kartami. Doporu\u010dujeme v\u00e1m v\u017edy sezn\u00e1mit se s celn\u00edmi p\u0159edpisy va\u0161\u00ed zem\u011b, abyste se vyhnuli potenci\u00e1ln\u00edm probl\u00e9m\u016fm.<\/span><\/p>\n<h3><b>Bezpe\u010dnost a skladov\u00e1n\u00ed<\/b><\/h3>\n<p><span style=\"font-weight: 400;\">Spr\u00e1vn\u00e9 skladov\u00e1n\u00ed a pe\u010dliv\u00e9 zach\u00e1zen\u00ed jsou nezbytn\u00e9 pro zachov\u00e1n\u00ed kvality va\u0161ich sav\u00fdch pap\u00edr\u016f. Skladujte je na chladn\u00e9m a such\u00e9m m\u00edst\u011b mimo dosah p\u0159\u00edm\u00e9ho slune\u010dn\u00edho z\u00e1\u0159en\u00ed. V\u017edy dodr\u017eujte p\u0159\u00edslu\u0161n\u00e9 laboratorn\u00ed bezpe\u010dnostn\u00ed postupy, abyste zabr\u00e1nili kontaminaci. Na\u0161e produkty jsou ur\u010deny pouze pro v\u00fdzkumn\u00e9 \u00fa\u010dely, nikoli pro lidskou spot\u0159ebu.<\/span><\/p>\n<h3><b>Z\u00e1v\u011br<\/b><\/h3>\n<p><span style=\"font-weight: 400;\">Ervaar de beste kwaliteit onderzoekschemicali\u00ebn met onze <\/span><a href=\"https:\/\/rckopen.com\/cs\/produkt\/1cp-mipla-200mcg-blotters\/\"><b>1cP-MiPLA 200mcg blottery<\/b><\/a><span style=\"font-weight: 400;\"> \u2013 een perfecte combinatie van zuiverheid, precisie en professionaliteit. Of je nu wilt <\/span><b>Kupte si online blottery 1cP-MiPLA 200mcg<\/b><span style=\"font-weight: 400;\">, een partij wilt veiligstellen voor je laboratorium of de <\/span><b>beste plek zoekt om 1cP-MiPLA blotters te kopen<\/b><span style=\"font-weight: 400;\">, wij bieden concurrerende prijzen en onge\u00ebvenaarde kwaliteit.<\/span><\/p>\n<p><b>Objednejte si online je\u0161t\u011b dnes 1cP-MiPLA 200mcg blottery a posu\u0148te sv\u016fj v\u00fdzkum na dal\u0161\u00ed \u00farove\u0148 se spolehliv\u00fdmi analogy lysergamidu.<\/b><\/p>","protected":false},"excerpt":{"rendered":"<p><strong>N\u00e1zev IUPAC: <\/strong>(6aR,9R)-4-(cyklopropankarbonyl)-N-isopropyl-N,7-dimethyl-4,6,6a,7,8,9-hexahydroindolo[4,3-fg]chinolin-9-karboxamid hemi-L-tartr\u00e1t<\/p>\n<p><strong>Dal\u0161\u00ed n\u00e1zev: <\/strong>1-cyklopropionyl-lysergov\u00e1 kyselina N,N-methyl isopropyl amid hemi-L-tartr\u00e1t<\/p>","protected":false},"featured_media":6392,"comment_status":"open","ping_status":"closed","template":"","meta":{"_joinchat":[]},"product_brand":[],"product_cat":[130],"product_tag":[],"class_list":{"0":"post-6388","1":"product","2":"type-product","3":"status-publish","4":"has-post-thumbnail","6":"product_cat-blotters","8":"first","9":"instock","10":"shipping-taxable","11":"purchasable","12":"product-type-variable"},"yoast_head":"<!-- This site is optimized with the Yoast SEO plugin v26.3 - https:\/\/yoast.com\/wordpress\/plugins\/seo\/ -->\n<title>1CP-Mipla 200MCG-blotters online kopen - 1CP-Mipla te kopen<\/title>\n<meta name=\"description\" content=\"1CP-Mipla 200MCG-blotters online kopen tegen een redelijke prijs in onze online winkel RCKopen. We zullen uw bestelling voor 1CP-Miplabinnenkort verzenden. 1CP-Mipla 200MCG-blotters te koop!\" \/>\n<meta name=\"robots\" content=\"index, follow, max-snippet:-1, max-image-preview:large, max-video-preview:-1\" \/>\n<link rel=\"canonical\" href=\"https:\/\/rckopen.com\/cs\/produkt\/1cp-mipla-200mcg-blotters\/\" \/>\n<meta property=\"og:locale\" content=\"cs_CZ\" \/>\n<meta property=\"og:type\" content=\"article\" \/>\n<meta property=\"og:title\" content=\"1CP-Mipla 200MCG-blotters online kopen - 1CP-Mipla te kopen\" \/>\n<meta property=\"og:description\" content=\"1CP-Mipla 200MCG-blotters online kopen tegen een redelijke prijs in onze online winkel RCKopen. We zullen uw bestelling voor 1CP-Miplabinnenkort verzenden. 1CP-Mipla 200MCG-blotters te koop!\" \/>\n<meta property=\"og:url\" content=\"https:\/\/rckopen.com\/cs\/produkt\/1cp-mipla-200mcg-blotters\/\" \/>\n<meta property=\"og:site_name\" content=\"RC Kopen\" \/>\n<meta property=\"article:modified_time\" content=\"2026-02-27T08:15:17+00:00\" \/>\n<meta property=\"og:image\" content=\"https:\/\/rckopen.com\/wp-content\/uploads\/2023\/08\/1cP-MiPLA-200mcg-Blotters.jpg\" \/>\n\t<meta property=\"og:image:width\" content=\"600\" \/>\n\t<meta property=\"og:image:height\" content=\"600\" \/>\n\t<meta property=\"og:image:type\" content=\"image\/jpeg\" \/>\n<meta name=\"twitter:card\" content=\"summary_large_image\" \/>\n<meta name=\"twitter:label1\" content=\"Odhadovan\u00e1 doba \u010dten\u00ed\" \/>\n\t<meta name=\"twitter:data1\" content=\"3 minuty\" \/>\n<script type=\"application\/ld+json\" class=\"yoast-schema-graph\">{\"@context\":\"https:\/\/schema.org\",\"@graph\":[{\"@type\":\"WebPage\",\"@id\":\"https:\/\/rckopen.com\/product\/1cp-mipla-200mcg-blotters\/\",\"url\":\"https:\/\/rckopen.com\/product\/1cp-mipla-200mcg-blotters\/\",\"name\":\"1CP-Mipla 200MCG-blotters online kopen - 1CP-Mipla te kopen\",\"isPartOf\":{\"@id\":\"https:\/\/rckopen.com\/#website\"},\"primaryImageOfPage\":{\"@id\":\"https:\/\/rckopen.com\/product\/1cp-mipla-200mcg-blotters\/#primaryimage\"},\"image\":{\"@id\":\"https:\/\/rckopen.com\/product\/1cp-mipla-200mcg-blotters\/#primaryimage\"},\"thumbnailUrl\":\"https:\/\/rckopen.com\/wp-content\/uploads\/2023\/08\/1cP-MiPLA-200mcg-Blotters.jpg\",\"datePublished\":\"2023-08-14T13:51:48+00:00\",\"dateModified\":\"2026-02-27T08:15:17+00:00\",\"description\":\"1CP-Mipla 200MCG-blotters online kopen tegen een redelijke prijs in onze online winkel RCKopen. We zullen uw bestelling voor 1CP-Miplabinnenkort verzenden. 1CP-Mipla 200MCG-blotters te koop!\",\"breadcrumb\":{\"@id\":\"https:\/\/rckopen.com\/product\/1cp-mipla-200mcg-blotters\/#breadcrumb\"},\"inLanguage\":\"cs\",\"potentialAction\":[{\"@type\":\"ReadAction\",\"target\":[\"https:\/\/rckopen.com\/product\/1cp-mipla-200mcg-blotters\/\"]}]},{\"@type\":\"ImageObject\",\"inLanguage\":\"cs\",\"@id\":\"https:\/\/rckopen.com\/product\/1cp-mipla-200mcg-blotters\/#primaryimage\",\"url\":\"https:\/\/rckopen.com\/wp-content\/uploads\/2023\/08\/1cP-MiPLA-200mcg-Blotters.jpg\",\"contentUrl\":\"https:\/\/rckopen.com\/wp-content\/uploads\/2023\/08\/1cP-MiPLA-200mcg-Blotters.jpg\",\"width\":600,\"height\":600,\"caption\":\"1cP-MiPLA 200mcg Blotters Online Kopen\"},{\"@type\":\"BreadcrumbList\",\"@id\":\"https:\/\/rckopen.com\/product\/1cp-mipla-200mcg-blotters\/#breadcrumb\",\"itemListElement\":[{\"@type\":\"ListItem\",\"position\":1,\"name\":\"Home\",\"item\":\"https:\/\/rckopen.com\/\"},{\"@type\":\"ListItem\",\"position\":2,\"name\":\"Shop\",\"item\":\"https:\/\/rckopen.com\/shop\/\"},{\"@type\":\"ListItem\",\"position\":3,\"name\":\"1cP-MiPLA 200mcg Blotters Online Kopen\"}]},{\"@type\":\"WebSite\",\"@id\":\"https:\/\/rckopen.com\/#website\",\"url\":\"https:\/\/rckopen.com\/\",\"name\":\"RC Kopen\",\"description\":\"Research Chemicals\",\"potentialAction\":[{\"@type\":\"SearchAction\",\"target\":{\"@type\":\"EntryPoint\",\"urlTemplate\":\"https:\/\/rckopen.com\/?s={search_term_string}\"},\"query-input\":{\"@type\":\"PropertyValueSpecification\",\"valueRequired\":true,\"valueName\":\"search_term_string\"}}],\"inLanguage\":\"cs\"}]}<\/script>\n<!-- \/ Yoast SEO plugin. -->","yoast_head_json":{"title":"1CP-Mipla 200MCG-blotters online kopen - 1CP-Mipla te kopen","description":"1CP-Mipla 200MCG-blotters online kopen tegen een redelijke prijs in onze online winkel RCKopen. We zullen uw bestelling voor 1CP-Miplabinnenkort verzenden. 1CP-Mipla 200MCG-blotters te koop!","robots":{"index":"index","follow":"follow","max-snippet":"max-snippet:-1","max-image-preview":"max-image-preview:large","max-video-preview":"max-video-preview:-1"},"canonical":"https:\/\/rckopen.com\/cs\/produkt\/1cp-mipla-200mcg-blotters\/","og_locale":"cs_CZ","og_type":"article","og_title":"1CP-Mipla 200MCG-blotters online kopen - 1CP-Mipla te kopen","og_description":"1CP-Mipla 200MCG-blotters online kopen tegen een redelijke prijs in onze online winkel RCKopen. We zullen uw bestelling voor 1CP-Miplabinnenkort verzenden. 1CP-Mipla 200MCG-blotters te koop!","og_url":"https:\/\/rckopen.com\/cs\/produkt\/1cp-mipla-200mcg-blotters\/","og_site_name":"RC Kopen","article_modified_time":"2026-02-27T08:15:17+00:00","og_image":[{"width":600,"height":600,"url":"https:\/\/rckopen.com\/wp-content\/uploads\/2023\/08\/1cP-MiPLA-200mcg-Blotters.jpg","type":"image\/jpeg"}],"twitter_card":"summary_large_image","twitter_misc":{"Odhadovan\u00e1 doba \u010dten\u00ed":"3 minuty"},"schema":{"@context":"https:\/\/schema.org","@graph":[{"@type":"WebPage","@id":"https:\/\/rckopen.com\/product\/1cp-mipla-200mcg-blotters\/","url":"https:\/\/rckopen.com\/product\/1cp-mipla-200mcg-blotters\/","name":"1CP-Mipla 200MCG-blotters online kopen - 1CP-Mipla te kopen","isPartOf":{"@id":"https:\/\/rckopen.com\/#website"},"primaryImageOfPage":{"@id":"https:\/\/rckopen.com\/product\/1cp-mipla-200mcg-blotters\/#primaryimage"},"image":{"@id":"https:\/\/rckopen.com\/product\/1cp-mipla-200mcg-blotters\/#primaryimage"},"thumbnailUrl":"https:\/\/rckopen.com\/wp-content\/uploads\/2023\/08\/1cP-MiPLA-200mcg-Blotters.jpg","datePublished":"2023-08-14T13:51:48+00:00","dateModified":"2026-02-27T08:15:17+00:00","description":"1CP-Mipla 200MCG-blotters online kopen tegen een redelijke prijs in onze online winkel RCKopen. We zullen uw bestelling voor 1CP-Miplabinnenkort verzenden. 1CP-Mipla 200MCG-blotters te koop!","breadcrumb":{"@id":"https:\/\/rckopen.com\/product\/1cp-mipla-200mcg-blotters\/#breadcrumb"},"inLanguage":"cs","potentialAction":[{"@type":"ReadAction","target":["https:\/\/rckopen.com\/product\/1cp-mipla-200mcg-blotters\/"]}]},{"@type":"ImageObject","inLanguage":"cs","@id":"https:\/\/rckopen.com\/product\/1cp-mipla-200mcg-blotters\/#primaryimage","url":"https:\/\/rckopen.com\/wp-content\/uploads\/2023\/08\/1cP-MiPLA-200mcg-Blotters.jpg","contentUrl":"https:\/\/rckopen.com\/wp-content\/uploads\/2023\/08\/1cP-MiPLA-200mcg-Blotters.jpg","width":600,"height":600,"caption":"1cP-MiPLA 200mcg Blotters Online Kopen"},{"@type":"BreadcrumbList","@id":"https:\/\/rckopen.com\/product\/1cp-mipla-200mcg-blotters\/#breadcrumb","itemListElement":[{"@type":"ListItem","position":1,"name":"Home","item":"https:\/\/rckopen.com\/"},{"@type":"ListItem","position":2,"name":"Shop","item":"https:\/\/rckopen.com\/shop\/"},{"@type":"ListItem","position":3,"name":"1cP-MiPLA 200mcg Blotters Online Kopen"}]},{"@type":"WebSite","@id":"https:\/\/rckopen.com\/#website","url":"https:\/\/rckopen.com\/","name":"RC Kopen","description":"Research Chemicals","potentialAction":[{"@type":"SearchAction","target":{"@type":"EntryPoint","urlTemplate":"https:\/\/rckopen.com\/?s={search_term_string}"},"query-input":{"@type":"PropertyValueSpecification","valueRequired":true,"valueName":"search_term_string"}}],"inLanguage":"cs"}]}},"_links":{"self":[{"href":"https:\/\/rckopen.com\/cs\/wp-json\/wp\/v2\/product\/6388","targetHints":{"allow":["GET"]}}],"collection":[{"href":"https:\/\/rckopen.com\/cs\/wp-json\/wp\/v2\/product"}],"about":[{"href":"https:\/\/rckopen.com\/cs\/wp-json\/wp\/v2\/types\/product"}],"replies":[{"embeddable":true,"href":"https:\/\/rckopen.com\/cs\/wp-json\/wp\/v2\/comments?post=6388"}],"wp:featuredmedia":[{"embeddable":true,"href":"https:\/\/rckopen.com\/cs\/wp-json\/wp\/v2\/media\/6392"}],"wp:attachment":[{"href":"https:\/\/rckopen.com\/cs\/wp-json\/wp\/v2\/media?parent=6388"}],"wp:term":[{"taxonomy":"product_brand","embeddable":true,"href":"https:\/\/rckopen.com\/cs\/wp-json\/wp\/v2\/product_brand?post=6388"},{"taxonomy":"product_cat","embeddable":true,"href":"https:\/\/rckopen.com\/cs\/wp-json\/wp\/v2\/product_cat?post=6388"},{"taxonomy":"product_tag","embeddable":true,"href":"https:\/\/rckopen.com\/cs\/wp-json\/wp\/v2\/product_tag?post=6388"}],"curies":[{"name":"wp","href":"https:\/\/api.w.org\/{rel}","templated":true}]}}