{"id":6390,"date":"2023-08-14T14:16:48","date_gmt":"2023-08-14T14:16:48","guid":{"rendered":"https:\/\/diligentplug.com\/chems\/?post_type=product&#038;p=6390"},"modified":"2026-03-10T06:23:54","modified_gmt":"2026-03-10T06:23:54","slug":"25e-nboh-blotters-1-2mg","status":"publish","type":"product","link":"https:\/\/rckopen.com\/cs\/produkt\/25e-nboh-blotters-1-2mg\/","title":{"rendered":"Koupit 25E-NBOH blotter 1,2 mg online"},"content":{"rendered":"<h2><b>25E-NBOH Blotters 1.2mg Online Kopen \u2013 Premium Kwaliteit, Betrouwbare Leverancier<\/b><\/h2>\n<h3><b>\u00davod k sav\u00fdm pap\u00edr\u016fm 25E-NBOH<\/b><\/h3>\n<p><span style=\"font-weight: 400;\">Hled\u00e1\u0161 <\/span><a href=\"https:\/\/en.wikipedia.org\/wiki\/25E-NBOH\"><b>25E-NBOH blottery 1,2 mg koupit online<\/b><\/a><span style=\"font-weight: 400;\">25E-NBOH je siln\u00e1 psychoaktivn\u00ed l\u00e1tka zn\u00e1m\u00e1 sv\u00fdmi charakteristick\u00fdmi \u00fa\u010dinky a spolehliv\u00fdm d\u00e1vkov\u00e1n\u00edm. K dispozici v praktick\u00e9m form\u00e1tu sav\u00e9ho pap\u00edru, ka\u017ed\u00fd list obsahuje p\u0159esn\u011b 1,2 mg \u00fa\u010dinn\u00e9 l\u00e1tky, co\u017e zaji\u0161\u0165uje p\u0159esn\u00e9 d\u00e1vkov\u00e1n\u00ed jak pro zku\u0161en\u00e9 u\u017eivatele, tak pro v\u00fdzkumn\u00edky. Tyto sav\u00e9 pap\u00edry jsou d\u00edky sv\u00e9 stabilit\u011b a snadn\u00e9mu pou\u017eit\u00ed \u0161iroce pou\u017e\u00edv\u00e1ny ve v\u011bdeck\u00e9m v\u00fdzkumu a experiment\u00e1ln\u00edch aplikac\u00edch.<\/span><\/p>\n<h3><b>\u00da\u010dinky a \u00fa\u010dinnost<\/b><\/h3>\n<p><span style=\"font-weight: 400;\">25E-NBOH je zn\u00e1m\u00fd sv\u00fdmi siln\u00fdmi psychoaktivn\u00edmi \u00fa\u010dinky, kter\u00e9 zp\u016fsobuj\u00ed intenzivn\u00ed senzorick\u00e9 a percep\u010dn\u00ed zm\u011bny. D\u00e1vkov\u00e1n\u00ed 1,2 mg nab\u00edz\u00ed dobrou rovnov\u00e1hu mezi \u00fa\u010dinnost\u00ed a kontrolou, ide\u00e1ln\u00ed pro u\u017eivatele, kte\u0159\u00ed jsou s touto t\u0159\u00eddou l\u00e1tek obezn\u00e1meni. Ve srovn\u00e1n\u00ed s podobn\u00fdmi l\u00e1tkami m\u00e1 25E-NBOH jedine\u010dn\u00fd profil, kter\u00fd si cen\u00ed jak rekrea\u010dn\u00ed u\u017eivatel\u00e9, tak i v\u00fdzkumn\u00edci.<\/span><\/p>\n<h3><b>Pr\u00e1vn\u00ed status<\/b><\/h3>\n<p><span style=\"font-weight: 400;\">Ne\u017e se rozhodnete <\/span><b>25E-NBOH blotter\u016f 1,2 mg k objedn\u00e1n\u00ed online<\/b><span style=\"font-weight: 400;\">Je d\u016fle\u017eit\u00e9 porozum\u011bt pr\u00e1vn\u00ed situaci. Status formul\u00e1\u0159e 25E-NBOH se li\u0161\u00ed v z\u00e1vislosti na zemi a regionu. N\u011bkter\u00e9 zem\u011b maj\u00ed p\u0159\u00edsn\u00e1 na\u0159\u00edzen\u00ed nebo z\u00e1kazy, zat\u00edmco jin\u00e9 umo\u017e\u0148uj\u00ed regulovan\u00fd p\u0159\u00edstup. Dodr\u017eov\u00e1n\u00ed m\u00edstn\u00edch z\u00e1kon\u016f je nezbytn\u00e9, aby se p\u0159ede\u0161lo pr\u00e1vn\u00edm probl\u00e9m\u016fm a rizik\u016fm.<\/span><\/p>\n<h3><b>Kde koupit sav\u00e9 pap\u00edry 25E-NBOH online<\/b><\/h3>\n<p><span style=\"font-weight: 400;\">Z <\/span><a href=\"https:\/\/rckopen.com\/cs\/\"><b>nejlep\u0161\u00ed m\u00edsto pro n\u00e1kup 25E-NBOH blotter\u016f 1,2 mg<\/b><\/a><span style=\"font-weight: 400;\"> Nakupujte od spolehliv\u00fdch a renomovan\u00fdch prodejc\u016f, kte\u0159\u00ed zaru\u010duj\u00ed kvalitu a spokojenost z\u00e1kazn\u00edk\u016f. Hledejte prodejce, kte\u0159\u00ed nab\u00edzej\u00ed certifik\u00e1ty anal\u00fdzy (COA), maj\u00ed transparentn\u00ed obchodn\u00ed podm\u00ednky a dost\u00e1vaj\u00ed pozitivn\u00ed recenze od z\u00e1kazn\u00edk\u016f. Vyh\u00fdbejte se nespolehliv\u00fdm zdroj\u016fm, abyste minimalizovali riziko pad\u011blan\u00fdch nebo nebezpe\u010dn\u00fdch produkt\u016f.<\/span><\/p>\n<h3><b>Jak ov\u011b\u0159it kvalitu produktu<\/b><\/h3>\n<p><span style=\"font-weight: 400;\">Je z\u00e1sadn\u00ed v\u017edy kontrolovat certifik\u00e1ty anal\u00fdzy od nez\u00e1visl\u00fdch laborato\u0159\u00ed, kter\u00e9 potvrzuj\u00ed \u010distotu a p\u0159esnost d\u00e1vkov\u00e1n\u00ed. Recenze z\u00e1kazn\u00edk\u016f mohou tak\u00e9 poskytnout cenn\u00e9 informace o spolehlivosti produktu a prodejce.<\/span><\/p>\n<h3><b>Platebn\u00ed metody a zabezpe\u010den\u00ed<\/b><\/h3>\n<p><span style=\"font-weight: 400;\">Bezpe\u010dn\u00e9 a diskr\u00e9tn\u00ed platebn\u00ed metody jsou nezbytn\u00e9, kdy\u017e <\/span><b>Koupit 25E-NBOH blottery 1,2 mg online<\/b><span style=\"font-weight: 400;\">V\u011bt\u0161ina renomovan\u00fdch obchodn\u00edk\u016f p\u0159ij\u00edm\u00e1 kryptom\u011bny, kreditn\u00ed karty a dal\u0161\u00ed bezpe\u010dn\u00e9 platebn\u00ed mo\u017enosti. V\u017edy dodr\u017eujte tipy pro bezpe\u010dn\u00e9 transakce, jako je pou\u017e\u00edv\u00e1n\u00ed \u0161ifrovan\u00fdch p\u0159ipojen\u00ed a ov\u011b\u0159en\u00fdch platebn\u00edch platforem, abyste zajistili sv\u00e9 soukrom\u00ed.<\/span><\/p>\n<h3><b>P\u0159eprava a dod\u00e1n\u00ed<\/b><\/h3>\n<p><span style=\"font-weight: 400;\">O\u010dek\u00e1vejte spolehlivou p\u0159epravu diskr\u00e9tn\u011b zabalen\u00fdch z\u00e1silek, kter\u00e9 chr\u00e1n\u00ed va\u0161e soukrom\u00ed. Dodac\u00ed lh\u016fta se obvykle pohybuje od n\u011bkolika dn\u016f do dvou t\u00fddn\u016f v z\u00e1vislosti na va\u0161\u00ed poloze a zvolen\u00e9m zp\u016fsobu dopravy. Seznamte se pros\u00edm s celn\u00edmi a dovozn\u00edmi p\u0159edpisy ve va\u0161\u00ed zemi, abyste p\u0159ede\u0161li zpo\u017ed\u011bn\u00edm nebo zabaven\u00ed z\u00e1silky.<\/span><\/p>\n<h3><b>Tipy pro bezpe\u010dnost a pou\u017eit\u00ed<\/b><\/h3>\n<p><span style=\"font-weight: 400;\">Zodpov\u011bdn\u00e9 pou\u017e\u00edv\u00e1n\u00ed je z\u00e1sadn\u00ed. Dodr\u017eujte doporu\u010den\u00e9 d\u00e1vkov\u00e1n\u00ed a zach\u00e1zejte s blottery opatrn\u011b. Mo\u017en\u00e9 ne\u017e\u00e1douc\u00ed \u00fa\u010dinky se mohou li\u0161it, proto se informujte a dodr\u017eujte nezbytn\u00e1 opat\u0159en\u00ed. Skladujte blottery na chladn\u00e9m a such\u00e9m m\u00edst\u011b mimo dosah p\u0159\u00edm\u00e9ho slune\u010dn\u00edho z\u00e1\u0159en\u00ed, aby si zachovaly svou kvalitu.<\/span><\/p>\n<h3><b>Z\u00e1v\u011br<\/b><\/h3>\n<p><span style=\"font-weight: 400;\">Chcete <\/span><a href=\"https:\/\/rckopen.com\/cs\/produkt\/25e-nboh-blotters-1-2mg\/\"><b>25E-NBOH blotters 1,2 mg online kopen<\/b><\/a><span style=\"font-weight: 400;\">V\u017edy si vyb\u00edrejte spolehliv\u00e9 dodavatele, kte\u0159\u00ed nab\u00edzej\u00ed kvalitu, bezpe\u010dnost a diskr\u00e9tnost. A\u0165 u\u017e hled\u00e1te nejlep\u0161\u00ed cenu nebo pr\u00e9miovou kvalitu, v\u017edy up\u0159ednost\u0148ujte bezpe\u010dnost, legalitu a autenticitu. Ud\u011blejte uv\u00e1\u017een\u00e9 rozhodnut\u00ed a vyu\u017eijte v\u00fdhod vysoce kvalitn\u00edch sav\u00fdch pap\u00edr\u016f 25E-NBOH doru\u010den\u00fdch p\u0159\u00edmo k va\u0161im dve\u0159\u00edm.<\/span><\/p>","protected":false},"excerpt":{"rendered":"<p><strong>N\u00e1zev IUPAC:<\/strong><\/p>\n<p>2-({[2-(4-etyl-2,5-dimethoxyfenyl)ethyl]amino}methyl)fenol<\/p>\n<p><strong>NMR anal\u00fdza: <\/strong>C19H25N<\/p>","protected":false},"featured_media":6396,"comment_status":"open","ping_status":"closed","template":"","meta":{"_joinchat":[]},"product_brand":[],"product_cat":[130],"product_tag":[],"class_list":{"0":"post-6390","1":"product","2":"type-product","3":"status-publish","4":"has-post-thumbnail","6":"product_cat-blotters","8":"first","9":"instock","10":"shipping-taxable","11":"purchasable","12":"product-type-variable"},"yoast_head":"<!-- This site is optimized with the Yoast SEO plugin v26.3 - https:\/\/yoast.com\/wordpress\/plugins\/seo\/ -->\n<title>25E-NBOH-Blotters-1-2MG online kopen | Rckopen<\/title>\n<meta name=\"description\" content=\"Als u 25e-nhoh-blotters-1-2mg online wilt kopen, dan is een bezoek aan onze online RC Kopen-winkel de beste optie. We hebben 25e-nhoh-blotters-1-2mg te koop. Plaats nu uw bestelling!\" \/>\n<meta name=\"robots\" content=\"index, follow, max-snippet:-1, max-image-preview:large, max-video-preview:-1\" \/>\n<link rel=\"canonical\" href=\"https:\/\/rckopen.com\/cs\/produkt\/25e-nboh-blotters-1-2mg\/\" \/>\n<meta property=\"og:locale\" content=\"cs_CZ\" \/>\n<meta property=\"og:type\" content=\"article\" \/>\n<meta property=\"og:title\" content=\"25E-NBOH-Blotters-1-2MG online kopen | Rckopen\" \/>\n<meta property=\"og:description\" content=\"Als u 25e-nhoh-blotters-1-2mg online wilt kopen, dan is een bezoek aan onze online RC Kopen-winkel de beste optie. We hebben 25e-nhoh-blotters-1-2mg te koop. Plaats nu uw bestelling!\" \/>\n<meta property=\"og:url\" content=\"https:\/\/rckopen.com\/cs\/produkt\/25e-nboh-blotters-1-2mg\/\" \/>\n<meta property=\"og:site_name\" content=\"RC Kopen\" \/>\n<meta property=\"article:modified_time\" content=\"2026-03-10T06:23:54+00:00\" \/>\n<meta property=\"og:image\" content=\"https:\/\/rckopen.com\/wp-content\/uploads\/2023\/08\/25E-NBOH-blotters-1.2mg.jpg\" \/>\n\t<meta property=\"og:image:width\" content=\"600\" \/>\n\t<meta property=\"og:image:height\" content=\"600\" \/>\n\t<meta property=\"og:image:type\" content=\"image\/jpeg\" \/>\n<meta name=\"twitter:card\" content=\"summary_large_image\" \/>\n<meta name=\"twitter:label1\" content=\"Odhadovan\u00e1 doba \u010dten\u00ed\" \/>\n\t<meta name=\"twitter:data1\" content=\"3 minuty\" \/>\n<script type=\"application\/ld+json\" class=\"yoast-schema-graph\">{\"@context\":\"https:\/\/schema.org\",\"@graph\":[{\"@type\":\"WebPage\",\"@id\":\"https:\/\/rckopen.com\/product\/25e-nboh-blotters-1-2mg\/\",\"url\":\"https:\/\/rckopen.com\/product\/25e-nboh-blotters-1-2mg\/\",\"name\":\"25E-NBOH-Blotters-1-2MG online kopen | Rckopen\",\"isPartOf\":{\"@id\":\"https:\/\/rckopen.com\/#website\"},\"primaryImageOfPage\":{\"@id\":\"https:\/\/rckopen.com\/product\/25e-nboh-blotters-1-2mg\/#primaryimage\"},\"image\":{\"@id\":\"https:\/\/rckopen.com\/product\/25e-nboh-blotters-1-2mg\/#primaryimage\"},\"thumbnailUrl\":\"https:\/\/rckopen.com\/wp-content\/uploads\/2023\/08\/25E-NBOH-blotters-1.2mg.jpg\",\"datePublished\":\"2023-08-14T14:16:48+00:00\",\"dateModified\":\"2026-03-10T06:23:54+00:00\",\"description\":\"Als u 25e-nhoh-blotters-1-2mg online wilt kopen, dan is een bezoek aan onze online RC Kopen-winkel de beste optie. We hebben 25e-nhoh-blotters-1-2mg te koop. Plaats nu uw bestelling!\",\"breadcrumb\":{\"@id\":\"https:\/\/rckopen.com\/product\/25e-nboh-blotters-1-2mg\/#breadcrumb\"},\"inLanguage\":\"cs\",\"potentialAction\":[{\"@type\":\"ReadAction\",\"target\":[\"https:\/\/rckopen.com\/product\/25e-nboh-blotters-1-2mg\/\"]}]},{\"@type\":\"ImageObject\",\"inLanguage\":\"cs\",\"@id\":\"https:\/\/rckopen.com\/product\/25e-nboh-blotters-1-2mg\/#primaryimage\",\"url\":\"https:\/\/rckopen.com\/wp-content\/uploads\/2023\/08\/25E-NBOH-blotters-1.2mg.jpg\",\"contentUrl\":\"https:\/\/rckopen.com\/wp-content\/uploads\/2023\/08\/25E-NBOH-blotters-1.2mg.jpg\",\"width\":600,\"height\":600,\"caption\":\"25E-NBOH-blotters-1.2mg online kopen\"},{\"@type\":\"BreadcrumbList\",\"@id\":\"https:\/\/rckopen.com\/product\/25e-nboh-blotters-1-2mg\/#breadcrumb\",\"itemListElement\":[{\"@type\":\"ListItem\",\"position\":1,\"name\":\"Home\",\"item\":\"https:\/\/rckopen.com\/\"},{\"@type\":\"ListItem\",\"position\":2,\"name\":\"Shop\",\"item\":\"https:\/\/rckopen.com\/shop\/\"},{\"@type\":\"ListItem\",\"position\":3,\"name\":\"25E-NBOH blotters 1.2mg Online Kopen\"}]},{\"@type\":\"WebSite\",\"@id\":\"https:\/\/rckopen.com\/#website\",\"url\":\"https:\/\/rckopen.com\/\",\"name\":\"RC Kopen\",\"description\":\"Research Chemicals\",\"potentialAction\":[{\"@type\":\"SearchAction\",\"target\":{\"@type\":\"EntryPoint\",\"urlTemplate\":\"https:\/\/rckopen.com\/?s={search_term_string}\"},\"query-input\":{\"@type\":\"PropertyValueSpecification\",\"valueRequired\":true,\"valueName\":\"search_term_string\"}}],\"inLanguage\":\"cs\"}]}<\/script>\n<!-- \/ Yoast SEO plugin. -->","yoast_head_json":{"title":"25E-NBOH-Blotters-1-2MG online kopen | Rckopen","description":"Als u 25e-nhoh-blotters-1-2mg online wilt kopen, dan is een bezoek aan onze online RC Kopen-winkel de beste optie. We hebben 25e-nhoh-blotters-1-2mg te koop. Plaats nu uw bestelling!","robots":{"index":"index","follow":"follow","max-snippet":"max-snippet:-1","max-image-preview":"max-image-preview:large","max-video-preview":"max-video-preview:-1"},"canonical":"https:\/\/rckopen.com\/cs\/produkt\/25e-nboh-blotters-1-2mg\/","og_locale":"cs_CZ","og_type":"article","og_title":"25E-NBOH-Blotters-1-2MG online kopen | Rckopen","og_description":"Als u 25e-nhoh-blotters-1-2mg online wilt kopen, dan is een bezoek aan onze online RC Kopen-winkel de beste optie. We hebben 25e-nhoh-blotters-1-2mg te koop. Plaats nu uw bestelling!","og_url":"https:\/\/rckopen.com\/cs\/produkt\/25e-nboh-blotters-1-2mg\/","og_site_name":"RC Kopen","article_modified_time":"2026-03-10T06:23:54+00:00","og_image":[{"width":600,"height":600,"url":"https:\/\/rckopen.com\/wp-content\/uploads\/2023\/08\/25E-NBOH-blotters-1.2mg.jpg","type":"image\/jpeg"}],"twitter_card":"summary_large_image","twitter_misc":{"Odhadovan\u00e1 doba \u010dten\u00ed":"3 minuty"},"schema":{"@context":"https:\/\/schema.org","@graph":[{"@type":"WebPage","@id":"https:\/\/rckopen.com\/product\/25e-nboh-blotters-1-2mg\/","url":"https:\/\/rckopen.com\/product\/25e-nboh-blotters-1-2mg\/","name":"25E-NBOH-Blotters-1-2MG online kopen | Rckopen","isPartOf":{"@id":"https:\/\/rckopen.com\/#website"},"primaryImageOfPage":{"@id":"https:\/\/rckopen.com\/product\/25e-nboh-blotters-1-2mg\/#primaryimage"},"image":{"@id":"https:\/\/rckopen.com\/product\/25e-nboh-blotters-1-2mg\/#primaryimage"},"thumbnailUrl":"https:\/\/rckopen.com\/wp-content\/uploads\/2023\/08\/25E-NBOH-blotters-1.2mg.jpg","datePublished":"2023-08-14T14:16:48+00:00","dateModified":"2026-03-10T06:23:54+00:00","description":"Als u 25e-nhoh-blotters-1-2mg online wilt kopen, dan is een bezoek aan onze online RC Kopen-winkel de beste optie. We hebben 25e-nhoh-blotters-1-2mg te koop. Plaats nu uw bestelling!","breadcrumb":{"@id":"https:\/\/rckopen.com\/product\/25e-nboh-blotters-1-2mg\/#breadcrumb"},"inLanguage":"cs","potentialAction":[{"@type":"ReadAction","target":["https:\/\/rckopen.com\/product\/25e-nboh-blotters-1-2mg\/"]}]},{"@type":"ImageObject","inLanguage":"cs","@id":"https:\/\/rckopen.com\/product\/25e-nboh-blotters-1-2mg\/#primaryimage","url":"https:\/\/rckopen.com\/wp-content\/uploads\/2023\/08\/25E-NBOH-blotters-1.2mg.jpg","contentUrl":"https:\/\/rckopen.com\/wp-content\/uploads\/2023\/08\/25E-NBOH-blotters-1.2mg.jpg","width":600,"height":600,"caption":"25E-NBOH-blotters-1.2mg online kopen"},{"@type":"BreadcrumbList","@id":"https:\/\/rckopen.com\/product\/25e-nboh-blotters-1-2mg\/#breadcrumb","itemListElement":[{"@type":"ListItem","position":1,"name":"Home","item":"https:\/\/rckopen.com\/"},{"@type":"ListItem","position":2,"name":"Shop","item":"https:\/\/rckopen.com\/shop\/"},{"@type":"ListItem","position":3,"name":"25E-NBOH blotters 1.2mg Online Kopen"}]},{"@type":"WebSite","@id":"https:\/\/rckopen.com\/#website","url":"https:\/\/rckopen.com\/","name":"RC Kopen","description":"Research Chemicals","potentialAction":[{"@type":"SearchAction","target":{"@type":"EntryPoint","urlTemplate":"https:\/\/rckopen.com\/?s={search_term_string}"},"query-input":{"@type":"PropertyValueSpecification","valueRequired":true,"valueName":"search_term_string"}}],"inLanguage":"cs"}]}},"_links":{"self":[{"href":"https:\/\/rckopen.com\/cs\/wp-json\/wp\/v2\/product\/6390","targetHints":{"allow":["GET"]}}],"collection":[{"href":"https:\/\/rckopen.com\/cs\/wp-json\/wp\/v2\/product"}],"about":[{"href":"https:\/\/rckopen.com\/cs\/wp-json\/wp\/v2\/types\/product"}],"replies":[{"embeddable":true,"href":"https:\/\/rckopen.com\/cs\/wp-json\/wp\/v2\/comments?post=6390"}],"wp:featuredmedia":[{"embeddable":true,"href":"https:\/\/rckopen.com\/cs\/wp-json\/wp\/v2\/media\/6396"}],"wp:attachment":[{"href":"https:\/\/rckopen.com\/cs\/wp-json\/wp\/v2\/media?parent=6390"}],"wp:term":[{"taxonomy":"product_brand","embeddable":true,"href":"https:\/\/rckopen.com\/cs\/wp-json\/wp\/v2\/product_brand?post=6390"},{"taxonomy":"product_cat","embeddable":true,"href":"https:\/\/rckopen.com\/cs\/wp-json\/wp\/v2\/product_cat?post=6390"},{"taxonomy":"product_tag","embeddable":true,"href":"https:\/\/rckopen.com\/cs\/wp-json\/wp\/v2\/product_tag?post=6390"}],"curies":[{"name":"wp","href":"https:\/\/api.w.org\/{rel}","templated":true}]}}