{"id":6407,"date":"2023-08-15T05:59:12","date_gmt":"2023-08-15T05:59:12","guid":{"rendered":"https:\/\/diligentplug.com\/chems\/?post_type=product&#038;p=6407"},"modified":"2025-09-16T10:19:46","modified_gmt":"2025-09-16T10:19:46","slug":"5c-akb48","status":"publish","type":"product","link":"https:\/\/rckopen.com\/cs\/produkt\/5c-akb48\/","title":{"rendered":"Koupit 5C-AKB48 online"},"content":{"rendered":"<h2>Was ist 5C-AKB48 online kopen<a href=\"https:\/\/en.wikipedia.org\/w\/index.php?search=+5C-AKB48+&amp;title=Special%3ASearch&amp;ns0=1\">?<\/a><\/h2>\n<p>5C-AKB48 ist ein synthetisches Cannabinoid aus der Klasse der Indazolcarboxamide und ist ein 5-Chlor-Analogon zu 5F-AKB48 (often als AKB48, 5F-APINACA oder 5F-AKB48 bezeichnet), dem bekannteren synthetischen Cannabinoid.<a href=\"https:\/\/rckopen.com\/cs\/produkt\/4f-abinaca\/\">.<\/a><\/p>\n<p>5C-AKB48 hat Berichten zufolge eine \u00e4hnliche, aber st\u00e4rkere Wirkung als 5F-AKB48<\/p>\n<h2>Chemick\u00e9 vlastnosti 5C-AKB48<\/h2>\n<p>Chemick\u00fd vzorec: C23H30CIN3O<\/p>\n<p>Cel\u00fd n\u00e1zev: N-(adamantan-1-yl)-1-(5-chlorpentyl)-1H-indazol-3-karboxamid<\/p>\n<p>Mol\u00e1rn\u00ed hmotnost: 400,00 g\/mol<\/p>\n<p>\u010cistota: &gt;98%<\/p>\n<h3>Kde koupit 5C-AKB-48?<\/h3>\n<p>U n\u00e1s v RC BUY nab\u00edz\u00edme nejvy\u0161\u0161\u00ed kvalitu 5C-AKB48, kterou m\u016f\u017eete na trhu naj\u00edt. RC BUY je tak\u00e9 d\u016fv\u011bryhodn\u00fdm zdrojem N1 a nab\u00edz\u00ed rychlou a diskr\u00e9tn\u00ed dopravu do r\u016fzn\u00fdch zem\u00ed sv\u011bta.<\/p>\n<p>Abyste si mohli koupit 5C-AKB48, mus\u00ed v\u00e1m b\u00fdt alespo\u0148 18 let a p\u0159ij\u00edm\u00e1me v\u0161echny hlavn\u00ed kreditn\u00ed karty a bitcoiny. V\u0161echny produkty, v\u010detn\u011b 5C-AKB48, jsou ur\u010deny pouze pro v\u00fdzkumn\u00e9 \u00fa\u010dely a nikoliv pro lidskou spot\u0159ebu.<\/p>\n<h3>Negativn\u00ed \u00fa\u010dinky<\/h3>\n<p>Zd\u00e1 se, \u017ee \u0161kodlivost a dlouhodob\u00e9 \u00fa\u010dinky rekrea\u010dn\u00edho u\u017e\u00edv\u00e1n\u00ed 5F-AKB48 na blahobyt nejsou soust\u0159ed\u011bny v logick\u00e9m kontextu a konkr\u00e9tn\u00ed m\u011b\u0159en\u00ed toxick\u00e9 l\u00e1tky je nejasn\u00e9. To je vyvol\u00e1no skute\u010dnost\u00ed, \u017ee s pou\u017eit\u00edm 5F-AKB48 u lid\u00ed nejsou prakticky \u017e\u00e1dn\u00e9 zku\u0161enosti. Z vypr\u00e1v\u011bn\u00ed lid\u00ed, kte\u0159\u00ed vyzkou\u0161eli 5F-AKB48 v r\u00e1mci s\u00edt\u011b, vypl\u00fdv\u00e1, \u017ee se nezd\u00e1, \u017ee by se nep\u0159\u00edzniv\u00e9 \u00fa\u010dinky na zdrav\u00ed p\u0159i\u010d\u00edtaly v\u00fdhradn\u011b t\u00e9to obt\u00ed\u017en\u00e9 droze v n\u00edzk\u00fdch d\u00e1vk\u00e1ch bez dal\u0161\u00edho a \u0161etrn\u00e9ho pou\u017eit\u00ed (nic v\u0161ak nelze zcela zaru\u010dit). Randomizovan\u00e9 studie uk\u00e1zaly, \u017ee p\u0159ed\u00e1vkov\u00e1n\u00ed zp\u016fsobuje fyzick\u00e9 pot\u00ed\u017ee, jako je bu\u0161en\u00ed srdce, z\u00e1vrat\u011b a sedace, p\u0159i mnohem ni\u017e\u0161\u00edch d\u00e1vk\u00e1ch ne\u017e p\u0159i d\u00e1vk\u00e1ch s vysok\u00fdm rizikem, co\u017e obvykle zp\u016fsobuje, \u017ee pacient poci\u0165uje velk\u00e9 nap\u011bt\u00ed nebo us\u00edn\u00e1.<\/p>\n<p>\u010casto se doporu\u010duje, aby lid\u00e9 s p\u0159edchoz\u00edmi z\u00e1va\u017en\u00fdmi p\u0159\u00edznaky tyto l\u00e1tky neu\u017e\u00edvali, proto\u017ee zjevn\u011b posiluj\u00ed sou\u010dasn\u00fd stav mozku a emoc\u00ed. Stejn\u011b jako THC m\u016f\u017ee i dlouhodob\u00e9 u\u017e\u00edv\u00e1n\u00ed vyroben\u00fdch kanabinoid\u016f, v\u010detn\u011b 5F-AKB48, zv\u00fd\u0161it prezentaci dysfunk\u010dn\u00edho chov\u00e1n\u00ed a psych\u00f3zy, zejm\u00e9na u zraniteln\u00fdch osob s rizikov\u00fdmi faktory \u0161\u00edlenstv\u00ed (nap\u0159. schizofrenie v minulosti nebo v rodinn\u00e9 anamn\u00e9ze).<\/p>\n<p>rckopen.com nab\u00edz\u00ed produkty, kter\u00e9 nejsou ur\u010deny k lidsk\u00e9 spot\u0159eb\u011b. Konzumace tohoto v\u00fdrobku (ne\u00famysln\u00e1) by mohla m\u00edt v\u00e1\u017en\u00e9 zdravotn\u00ed n\u00e1sledky.<\/p>","protected":false},"excerpt":{"rendered":"<p>N\u00e1zev IUPAC: N-(adamantan-1-yl)-1-(5-chlorpentyl)-1H-indazol-3-karboxamid<br \/>\nCAS # 2160555-52-0<br \/>\nNMR anal\u00fdza: C23H30CIN3O<\/p>","protected":false},"featured_media":6423,"comment_status":"open","ping_status":"closed","template":"","meta":{"_joinchat":[]},"product_brand":[],"product_cat":[132],"product_tag":[185,186,187,189,188,191,190],"class_list":{"0":"post-6407","1":"product","2":"type-product","3":"status-publish","4":"has-post-thumbnail","6":"product_cat-cannabinoiden","7":"product_tag-4cn-adb","8":"product_tag-4cn-mdmb-pinaca-5c-apinaca","9":"product_tag-5c-akb48-5f-ab-pinaca-5f-adb-pinaca-5f-adb","10":"product_tag-5f-akb48-5f-cumyl-pinaca","11":"product_tag-5f-mdmb-pinaca-5f-amb-5f-apinaca","12":"product_tag-c-vloeistof","13":"product_tag-sgt-25","15":"first","16":"instock","17":"shipping-taxable","18":"purchasable","19":"product-type-variable"},"yoast_head":"<!-- This site is optimized with the Yoast SEO plugin v26.3 - https:\/\/yoast.com\/wordpress\/plugins\/seo\/ -->\n<title>5C-AKB48 online te koop - 5C-AKB48 online kopen<\/title>\n<meta name=\"description\" content=\"Onze online RC-koopwinkel heeft hoogwaardige 5C-AKB48 te koop. Als u bereid bent 5C-AKB48 online te kopen, laat het ons dan weten.\" \/>\n<meta name=\"robots\" content=\"index, follow, max-snippet:-1, max-image-preview:large, max-video-preview:-1\" \/>\n<link rel=\"canonical\" href=\"https:\/\/rckopen.com\/cs\/produkt\/5c-akb48\/\" \/>\n<meta property=\"og:locale\" content=\"cs_CZ\" \/>\n<meta property=\"og:type\" content=\"article\" \/>\n<meta property=\"og:title\" content=\"5C-AKB48 online te koop - 5C-AKB48 online kopen\" \/>\n<meta property=\"og:description\" content=\"Onze online RC-koopwinkel heeft hoogwaardige 5C-AKB48 te koop. Als u bereid bent 5C-AKB48 online te kopen, laat het ons dan weten.\" \/>\n<meta property=\"og:url\" content=\"https:\/\/rckopen.com\/cs\/produkt\/5c-akb48\/\" \/>\n<meta property=\"og:site_name\" content=\"RC Kopen\" \/>\n<meta property=\"article:modified_time\" content=\"2025-09-16T10:19:46+00:00\" \/>\n<meta property=\"og:image\" content=\"https:\/\/rckopen.com\/wp-content\/uploads\/2023\/08\/5C-AKB48.jpg\" \/>\n\t<meta property=\"og:image:width\" content=\"600\" \/>\n\t<meta property=\"og:image:height\" content=\"600\" \/>\n\t<meta property=\"og:image:type\" content=\"image\/jpeg\" \/>\n<meta name=\"twitter:card\" content=\"summary_large_image\" \/>\n<meta name=\"twitter:label1\" content=\"Odhadovan\u00e1 doba \u010dten\u00ed\" \/>\n\t<meta name=\"twitter:data1\" content=\"2 minuty\" \/>\n<script type=\"application\/ld+json\" class=\"yoast-schema-graph\">{\"@context\":\"https:\/\/schema.org\",\"@graph\":[{\"@type\":\"WebPage\",\"@id\":\"https:\/\/rckopen.com\/product\/5c-akb48\/\",\"url\":\"https:\/\/rckopen.com\/product\/5c-akb48\/\",\"name\":\"5C-AKB48 online te koop - 5C-AKB48 online kopen\",\"isPartOf\":{\"@id\":\"https:\/\/rckopen.com\/#website\"},\"primaryImageOfPage\":{\"@id\":\"https:\/\/rckopen.com\/product\/5c-akb48\/#primaryimage\"},\"image\":{\"@id\":\"https:\/\/rckopen.com\/product\/5c-akb48\/#primaryimage\"},\"thumbnailUrl\":\"https:\/\/rckopen.com\/wp-content\/uploads\/2023\/08\/5C-AKB48.jpg\",\"datePublished\":\"2023-08-15T05:59:12+00:00\",\"dateModified\":\"2025-09-16T10:19:46+00:00\",\"description\":\"Onze online RC-koopwinkel heeft hoogwaardige 5C-AKB48 te koop. Als u bereid bent 5C-AKB48 online te kopen, laat het ons dan weten.\",\"breadcrumb\":{\"@id\":\"https:\/\/rckopen.com\/product\/5c-akb48\/#breadcrumb\"},\"inLanguage\":\"cs\",\"potentialAction\":[{\"@type\":\"ReadAction\",\"target\":[\"https:\/\/rckopen.com\/product\/5c-akb48\/\"]}]},{\"@type\":\"ImageObject\",\"inLanguage\":\"cs\",\"@id\":\"https:\/\/rckopen.com\/product\/5c-akb48\/#primaryimage\",\"url\":\"https:\/\/rckopen.com\/wp-content\/uploads\/2023\/08\/5C-AKB48.jpg\",\"contentUrl\":\"https:\/\/rckopen.com\/wp-content\/uploads\/2023\/08\/5C-AKB48.jpg\",\"width\":600,\"height\":600,\"caption\":\"5C-AKB48 online kopen\"},{\"@type\":\"BreadcrumbList\",\"@id\":\"https:\/\/rckopen.com\/product\/5c-akb48\/#breadcrumb\",\"itemListElement\":[{\"@type\":\"ListItem\",\"position\":1,\"name\":\"Home\",\"item\":\"https:\/\/rckopen.com\/\"},{\"@type\":\"ListItem\",\"position\":2,\"name\":\"Shop\",\"item\":\"https:\/\/rckopen.com\/shop\/\"},{\"@type\":\"ListItem\",\"position\":3,\"name\":\"5C-AKB48 online kopen\"}]},{\"@type\":\"WebSite\",\"@id\":\"https:\/\/rckopen.com\/#website\",\"url\":\"https:\/\/rckopen.com\/\",\"name\":\"RC Kopen\",\"description\":\"Research Chemicals\",\"potentialAction\":[{\"@type\":\"SearchAction\",\"target\":{\"@type\":\"EntryPoint\",\"urlTemplate\":\"https:\/\/rckopen.com\/?s={search_term_string}\"},\"query-input\":{\"@type\":\"PropertyValueSpecification\",\"valueRequired\":true,\"valueName\":\"search_term_string\"}}],\"inLanguage\":\"cs\"}]}<\/script>\n<!-- \/ Yoast SEO plugin. -->","yoast_head_json":{"title":"5C-AKB48 online te koop - 5C-AKB48 online kopen","description":"Onze online RC-koopwinkel heeft hoogwaardige 5C-AKB48 te koop. Als u bereid bent 5C-AKB48 online te kopen, laat het ons dan weten.","robots":{"index":"index","follow":"follow","max-snippet":"max-snippet:-1","max-image-preview":"max-image-preview:large","max-video-preview":"max-video-preview:-1"},"canonical":"https:\/\/rckopen.com\/cs\/produkt\/5c-akb48\/","og_locale":"cs_CZ","og_type":"article","og_title":"5C-AKB48 online te koop - 5C-AKB48 online kopen","og_description":"Onze online RC-koopwinkel heeft hoogwaardige 5C-AKB48 te koop. Als u bereid bent 5C-AKB48 online te kopen, laat het ons dan weten.","og_url":"https:\/\/rckopen.com\/cs\/produkt\/5c-akb48\/","og_site_name":"RC Kopen","article_modified_time":"2025-09-16T10:19:46+00:00","og_image":[{"width":600,"height":600,"url":"https:\/\/rckopen.com\/wp-content\/uploads\/2023\/08\/5C-AKB48.jpg","type":"image\/jpeg"}],"twitter_card":"summary_large_image","twitter_misc":{"Odhadovan\u00e1 doba \u010dten\u00ed":"2 minuty"},"schema":{"@context":"https:\/\/schema.org","@graph":[{"@type":"WebPage","@id":"https:\/\/rckopen.com\/product\/5c-akb48\/","url":"https:\/\/rckopen.com\/product\/5c-akb48\/","name":"5C-AKB48 online te koop - 5C-AKB48 online kopen","isPartOf":{"@id":"https:\/\/rckopen.com\/#website"},"primaryImageOfPage":{"@id":"https:\/\/rckopen.com\/product\/5c-akb48\/#primaryimage"},"image":{"@id":"https:\/\/rckopen.com\/product\/5c-akb48\/#primaryimage"},"thumbnailUrl":"https:\/\/rckopen.com\/wp-content\/uploads\/2023\/08\/5C-AKB48.jpg","datePublished":"2023-08-15T05:59:12+00:00","dateModified":"2025-09-16T10:19:46+00:00","description":"Onze online RC-koopwinkel heeft hoogwaardige 5C-AKB48 te koop. Als u bereid bent 5C-AKB48 online te kopen, laat het ons dan weten.","breadcrumb":{"@id":"https:\/\/rckopen.com\/product\/5c-akb48\/#breadcrumb"},"inLanguage":"cs","potentialAction":[{"@type":"ReadAction","target":["https:\/\/rckopen.com\/product\/5c-akb48\/"]}]},{"@type":"ImageObject","inLanguage":"cs","@id":"https:\/\/rckopen.com\/product\/5c-akb48\/#primaryimage","url":"https:\/\/rckopen.com\/wp-content\/uploads\/2023\/08\/5C-AKB48.jpg","contentUrl":"https:\/\/rckopen.com\/wp-content\/uploads\/2023\/08\/5C-AKB48.jpg","width":600,"height":600,"caption":"5C-AKB48 online kopen"},{"@type":"BreadcrumbList","@id":"https:\/\/rckopen.com\/product\/5c-akb48\/#breadcrumb","itemListElement":[{"@type":"ListItem","position":1,"name":"Home","item":"https:\/\/rckopen.com\/"},{"@type":"ListItem","position":2,"name":"Shop","item":"https:\/\/rckopen.com\/shop\/"},{"@type":"ListItem","position":3,"name":"5C-AKB48 online kopen"}]},{"@type":"WebSite","@id":"https:\/\/rckopen.com\/#website","url":"https:\/\/rckopen.com\/","name":"RC Kopen","description":"Research Chemicals","potentialAction":[{"@type":"SearchAction","target":{"@type":"EntryPoint","urlTemplate":"https:\/\/rckopen.com\/?s={search_term_string}"},"query-input":{"@type":"PropertyValueSpecification","valueRequired":true,"valueName":"search_term_string"}}],"inLanguage":"cs"}]}},"_links":{"self":[{"href":"https:\/\/rckopen.com\/cs\/wp-json\/wp\/v2\/product\/6407","targetHints":{"allow":["GET"]}}],"collection":[{"href":"https:\/\/rckopen.com\/cs\/wp-json\/wp\/v2\/product"}],"about":[{"href":"https:\/\/rckopen.com\/cs\/wp-json\/wp\/v2\/types\/product"}],"replies":[{"embeddable":true,"href":"https:\/\/rckopen.com\/cs\/wp-json\/wp\/v2\/comments?post=6407"}],"wp:featuredmedia":[{"embeddable":true,"href":"https:\/\/rckopen.com\/cs\/wp-json\/wp\/v2\/media\/6423"}],"wp:attachment":[{"href":"https:\/\/rckopen.com\/cs\/wp-json\/wp\/v2\/media?parent=6407"}],"wp:term":[{"taxonomy":"product_brand","embeddable":true,"href":"https:\/\/rckopen.com\/cs\/wp-json\/wp\/v2\/product_brand?post=6407"},{"taxonomy":"product_cat","embeddable":true,"href":"https:\/\/rckopen.com\/cs\/wp-json\/wp\/v2\/product_cat?post=6407"},{"taxonomy":"product_tag","embeddable":true,"href":"https:\/\/rckopen.com\/cs\/wp-json\/wp\/v2\/product_tag?post=6407"}],"curies":[{"name":"wp","href":"https:\/\/api.w.org\/{rel}","templated":true}]}}