{"id":6414,"date":"2023-08-15T06:32:13","date_gmt":"2023-08-15T06:32:13","guid":{"rendered":"https:\/\/diligentplug.com\/chems\/?post_type=product&#038;p=6414"},"modified":"2025-02-04T04:20:17","modified_gmt":"2025-02-04T04:20:17","slug":"jwh-210","status":"publish","type":"product","link":"https:\/\/rckopen.com\/cs\/produkt\/jwh-210\/","title":{"rendered":"Koupit JWH-210 online"},"content":{"rendered":"<h2>Obecn\u00e9 informace o JWH-210<\/h2>\n<p><a href=\"https:\/\/rckopen.com\/cs\/produkt\/jwh-210\/\">Koupit JWH-210 online<\/a>JWH-210 je syntetick\u00fd kanabinoid, kter\u00fd poprv\u00e9 syntetizoval John W. Huffman v roce 1993 jako sou\u010d\u00e1st sv\u00e9ho v\u00fdzkumu kanabinoid\u016f. Pat\u0159\u00ed do rodiny indol-3-karboxyl\u00e1t\u016f a p\u016fsob\u00ed jako \u00fapln\u00fd agonista na receptorech CB1 i CB2.<\/p>\n<p><a href=\"https:\/\/en.wikipedia.org\/wiki\/JWH-210\">JWH-210<\/a> se \u010dasto prod\u00e1v\u00e1 jako v\u00fdzkumn\u00e1 chemik\u00e1lie s podobn\u00fdmi vlastnostmi jako THC (tetrahydrokanabinol a marihuana).<\/p>\n<p>JWH-210 je syntetick\u00fd kanabinoid klasifikovan\u00fd jako v\u00fdzkumn\u00e1 chemik\u00e1lie. V\u00fdzkumn\u00e9 chemick\u00e9 l\u00e1tky jsou chemick\u00e9 l\u00e1tky pou\u017e\u00edvan\u00e9 ve v\u011bdeck\u00e9m v\u00fdzkumu za \u00fa\u010delem zkoum\u00e1n\u00ed jejich vlastnost\u00ed, \u00fa\u010dink\u016f a mo\u017en\u00fdch aplikac\u00ed.<\/p>\n<p>Pot\u00e9 byl pou\u017eit v n\u011bkolika studi\u00edch ke zkoum\u00e1n\u00ed farmakologick\u00fdch vlastnost\u00ed syntetick\u00fdch kanabinoid\u016f, v\u010detn\u011b jejich \u00fa\u010dink\u016f na receptory CB1 a CB2, potenci\u00e1ln\u00edho vyu\u017eit\u00ed a toxicity.<\/p>\n<p>Bylo prok\u00e1z\u00e1no, \u017ee JWH-210 m\u00e1 vy\u0161\u0161\u00ed vazebnou afinitu k receptoru CB1 ne\u017e k receptoru CB2. P\u0159i vazb\u011b na tyto receptory aktivuje stejn\u00e9 sign\u00e1ln\u00ed dr\u00e1hy, kter\u00e9 aktivuj\u00ed p\u0159irozen\u011b se vyskytuj\u00edc\u00ed kanabinoidy, jako je anandamid a 2-arachidonoylglycerol.<\/p>\n<h3>Chemick\u00e9 slo\u017een\u00ed JWH-210<\/h3>\n<p>Chemick\u00fd n\u00e1zev JWH-210 je (4-ethylnaftalen-1-yl-(1-pentylindol-3-yl)methanon) a jeho molekulov\u00fd vzorec je C26H27NO. Pat\u0159\u00ed do skupiny indol-3-karboxyl\u00e1t\u016f a je syntetick\u00fdm kanabinoidem.<\/p>\n<p>Pr\u00e1\u0161ek JWH-210 se obvykle prod\u00e1v\u00e1 v \u010dist\u00e9 form\u011b nebo jako roztok v rozpou\u0161t\u011bdle, jako je aceton nebo ethanol. M\u00e1 bod varu 510,9 \u00b0C p\u0159i 760 mmHg a bod t\u00e1n\u00ed 139-140 \u00b0C.<\/p>\n<p>JWH-210 je strukturn\u011b podobn\u00fd jin\u00fdm syntetick\u00fdm kanabinoid\u016fm, jako jsou JWH-018 a CP-47 497, ale m\u00e1 odli\u0161nou chemickou strukturu d\u00edky p\u0159\u00edtomnosti ethylov\u00e9 skupiny ve 4. poloze naftalenov\u00e9ho kruhu. P\u0159edpokl\u00e1d\u00e1 se, \u017ee tato modifikace zlep\u0161uje \u00fa\u010dinnost a afinitu JWH-210.<\/p>\n<h3>Kupte si vysoce kvalitn\u00ed JWH-210 online<\/h3>\n<p>Koupit JWH-210 online m\u00e1 dlouholet\u00e9 zku\u0161enosti v oblasti v\u00fdzkumn\u00e9ho chemick\u00e9ho designu, co\u017e n\u00e1m umo\u017e\u0148uje zaru\u010dit nejvy\u0161\u0161\u00ed kvalitu t\u011bchto v\u00fdzkumn\u00fdch chemik\u00e1li\u00ed. N\u00e1kup JWH-210 je snadn\u00fd a m\u00e1 \u0161pi\u010dkovou kvalitu. N\u00e1klady na JWH-210 jsou relativn\u011b n\u00edzk\u00e9 ne\u017e u jin\u00fdch spole\u010dnost\u00ed. V\u00fdzkumn\u00e9 chemik\u00e1lie, v\u010detn\u011b JWH-210, spl\u0148uj\u00ed v\u0161echny bezpe\u010dnostn\u00ed po\u017eadavky. V\u00fdzkumn\u00e9 chemik\u00e1lie jsou pe\u010dliv\u011b distribuov\u00e1ny a skladov\u00e1ny na chladn\u00e9m a such\u00e9m m\u00edst\u011b.<\/p>\n<p>V\u0161echny v\u00fdrobky jsou pravideln\u011b kontrolov\u00e1ny z hlediska kvality, \u010distoty a bezpe\u010dnosti. JWH-210 v\u017edy skladujte p\u0159i pokojov\u00e9 teplot\u011b a mimo dosah d\u011bt\u00ed a dom\u00e1c\u00edch zv\u00ed\u0159at. N\u00e1\u0161 p\u0159\u00edpravek JWH-210 nen\u00ed ur\u010den pro osobn\u00ed pou\u017eit\u00ed. Je ur\u010den pouze pro v\u00fdzkumn\u00e9 \u00fa\u010dely.<\/p>\n<p>Na\u0161e v\u00fdrobky maj\u00ed p\u0159\u00edznivou cenu a JWH-210 si m\u016f\u017eete koupit online za velmi n\u00edzk\u00e9 ceny.<\/p>\n<h3>Laboratorn\u011b testovan\u00fd JWH-210 s v\u00fdsledky.<\/h3>\n<p>dosahuje obnoven\u00e9ho pokroku sm\u011brem k celkov\u00e9mu uspokojen\u00ed sv\u00fdch z\u00e1kazn\u00edk\u016f. N\u011bkolik pr\u016fzkum\u016f uk\u00e1zalo, \u017ee z\u00e1kazn\u00edci p\u0159ed n\u00e1kupem syntetick\u00fdch v\u00fdzkumn\u00fdch chemik\u00e1li\u00ed po\u017eaduj\u00ed tolik \u00fadaj\u016f, kolik se o\u010dek\u00e1v\u00e1. Nav\u00edc zve\u0159ej\u0148ujeme v\u0161echny laboratorn\u00ed d\u016fsledky ka\u017ed\u00e9 v\u00fdzkumn\u00e9 chemick\u00e9 l\u00e1tky v z\u00e1znamu ve form\u00e1tu PDF.<\/p>\n<p>N\u00e1\u0161 pr\u00e1\u0161ek JWH-210 d\u016fsledn\u011b spl\u0148uje \u00fa\u010dinn\u00e9 slo\u017eky a m\u016f\u017ee b\u00fdt vid\u011bn v\u0161emi.<\/p>\n<p>V\u0161echny laboratorn\u00ed d\u016fsledky ka\u017ed\u00e9 v\u00fdzkumn\u00e9 chemick\u00e9 l\u00e1tky distribuujeme v dokumentu PDF.<\/p>\n<h3>Bezpe\u010dn\u00e9 objedn\u00e1n\u00ed na adrese JWH-210.<\/h3>\n<p><a href=\"https:\/\/rckopen.com\/cs\/\">RCKopen<\/a> design\u00e9rsk\u00e9 v\u00fdzkumn\u00e9 chemik\u00e1lie jsou vynikaj\u00edc\u00ed kvality a maj\u00ed f\u00e9rovou cenu. Proto v\u00e1m garantujeme, \u017ee v\u00e1\u0161 po\u017eadavek doru\u010d\u00edme rychle a bezpe\u010dn\u011b a\u017e k v\u00e1m dom\u016f, kdy\u017e o sv\u00e9 v\u00fdzkumn\u00e9 chemik\u00e1lie po\u017e\u00e1d\u00e1te na rckopen.com, proto\u017ee prodej v\u00fdzkumn\u00fdch chemik\u00e1li\u00ed je v\u017edy dostupn\u00fd na rckopen.com.<\/p>\n<p>Po\u017e\u00e1dat o syntetick\u00e9 v\u00fdzkumn\u00e9 spojen\u00ed pomoc\u00ed Bitcoinu nebo bankovn\u00edm p\u0159evodem je snadn\u00e9 na rckopen.com.<\/p>\n<p>Pr\u00e1\u0161ek pro v\u00fdzkumn\u00e9 chemik\u00e1lie odes\u00edl\u00e1me tent\u00fd\u017e pracovn\u00ed den, pokud platbu obdr\u017e\u00edte do 15:00 SEL\u010c.<\/p>\n<p>Osob\u00e1m mlad\u0161\u00edm 18 let zbo\u017e\u00ed nedoru\u010dujeme!<\/p>\n<p>Prodej v\u00fdzkumn\u00fdch chemick\u00fdch l\u00e1tek je ur\u010den pouze pro v\u00fdzkumn\u00e9 \u00fa\u010dely.<\/p>\n<h3>Diskr\u00e9tn\u00ed p\u0159eprava v\u00fdzkumn\u00fdch chemik\u00e1li\u00ed.<\/h3>\n<p>Spole\u010dnost rckopen.com va\u0161i objedn\u00e1vku bezpe\u010dn\u011b zabal\u00ed, aby zajistila spr\u00e1vnou p\u0159epravu. Nav\u00edc bal\u00edme dokonale nen\u00e1padn\u011b a na vn\u011bj\u0161\u00ed stran\u011b nen\u00ed nic vid\u011bt, co by mohlo b\u00fdt uvnit\u0159.<\/p>","protected":false},"excerpt":{"rendered":"<p><strong>N\u00e1zev IUPAC: <\/strong>(4-ethyl-1-naftalenyl)(1-pentyl-1H-indol-3-yl)methanon<\/p>\n<p><strong>CAS # <\/strong>824959-81-1<\/p>\n<p><strong>Vzhled: <\/strong>pr\u00e1\u0161ek<\/p>\n<p><strong>Forma: <\/strong>hcl<\/p>\n<p><strong>NMR anal\u00fdza: <\/strong>C26H27NO<\/p>","protected":false},"featured_media":6430,"comment_status":"open","ping_status":"closed","template":"","meta":{"_joinchat":[]},"product_brand":[],"product_cat":[132],"product_tag":[],"class_list":{"0":"post-6414","1":"product","2":"type-product","3":"status-publish","4":"has-post-thumbnail","6":"product_cat-cannabinoiden","8":"first","9":"instock","10":"shipping-taxable","11":"purchasable","12":"product-type-variable"},"yoast_head":"<!-- This site is optimized with the Yoast SEO plugin v26.3 - https:\/\/yoast.com\/wordpress\/plugins\/seo\/ -->\n<title>JWH-210 online kopen - JWH-210 te koop<\/title>\n<meta name=\"description\" content=\"Wij zijn de toonaangevende winkel die JWH-210 te koop heeft. Als u JWH-210 online wilt kopen, neem dan onmiddellijk contact met ons op en laat de bestelling bezorgen. Bestel nu!\" \/>\n<meta name=\"robots\" content=\"index, follow, max-snippet:-1, max-image-preview:large, max-video-preview:-1\" \/>\n<link rel=\"canonical\" href=\"https:\/\/rckopen.com\/cs\/produkt\/jwh-210\/\" \/>\n<meta property=\"og:locale\" content=\"cs_CZ\" \/>\n<meta property=\"og:type\" content=\"article\" \/>\n<meta property=\"og:title\" content=\"JWH-210 online kopen - JWH-210 te koop\" \/>\n<meta property=\"og:description\" content=\"Wij zijn de toonaangevende winkel die JWH-210 te koop heeft. Als u JWH-210 online wilt kopen, neem dan onmiddellijk contact met ons op en laat de bestelling bezorgen. Bestel nu!\" \/>\n<meta property=\"og:url\" content=\"https:\/\/rckopen.com\/cs\/produkt\/jwh-210\/\" \/>\n<meta property=\"og:site_name\" content=\"RC Kopen\" \/>\n<meta property=\"article:modified_time\" content=\"2025-02-04T04:20:17+00:00\" \/>\n<meta property=\"og:image\" content=\"https:\/\/rckopen.com\/wp-content\/uploads\/2023\/08\/JWH-210.jpg\" \/>\n\t<meta property=\"og:image:width\" content=\"600\" \/>\n\t<meta property=\"og:image:height\" content=\"600\" \/>\n\t<meta property=\"og:image:type\" content=\"image\/jpeg\" \/>\n<meta name=\"twitter:card\" content=\"summary_large_image\" \/>\n<meta name=\"twitter:label1\" content=\"Odhadovan\u00e1 doba \u010dten\u00ed\" \/>\n\t<meta name=\"twitter:data1\" content=\"3 minuty\" \/>\n<script type=\"application\/ld+json\" class=\"yoast-schema-graph\">{\"@context\":\"https:\/\/schema.org\",\"@graph\":[{\"@type\":\"WebPage\",\"@id\":\"https:\/\/rckopen.com\/product\/jwh-210\/\",\"url\":\"https:\/\/rckopen.com\/product\/jwh-210\/\",\"name\":\"JWH-210 online kopen - JWH-210 te koop\",\"isPartOf\":{\"@id\":\"https:\/\/rckopen.com\/#website\"},\"primaryImageOfPage\":{\"@id\":\"https:\/\/rckopen.com\/product\/jwh-210\/#primaryimage\"},\"image\":{\"@id\":\"https:\/\/rckopen.com\/product\/jwh-210\/#primaryimage\"},\"thumbnailUrl\":\"https:\/\/rckopen.com\/wp-content\/uploads\/2023\/08\/JWH-210.jpg\",\"datePublished\":\"2023-08-15T06:32:13+00:00\",\"dateModified\":\"2025-02-04T04:20:17+00:00\",\"description\":\"Wij zijn de toonaangevende winkel die JWH-210 te koop heeft. Als u JWH-210 online wilt kopen, neem dan onmiddellijk contact met ons op en laat de bestelling bezorgen. Bestel nu!\",\"breadcrumb\":{\"@id\":\"https:\/\/rckopen.com\/product\/jwh-210\/#breadcrumb\"},\"inLanguage\":\"cs\",\"potentialAction\":[{\"@type\":\"ReadAction\",\"target\":[\"https:\/\/rckopen.com\/product\/jwh-210\/\"]}]},{\"@type\":\"ImageObject\",\"inLanguage\":\"cs\",\"@id\":\"https:\/\/rckopen.com\/product\/jwh-210\/#primaryimage\",\"url\":\"https:\/\/rckopen.com\/wp-content\/uploads\/2023\/08\/JWH-210.jpg\",\"contentUrl\":\"https:\/\/rckopen.com\/wp-content\/uploads\/2023\/08\/JWH-210.jpg\",\"width\":600,\"height\":600,\"caption\":\"JWH-210 online kopen\"},{\"@type\":\"BreadcrumbList\",\"@id\":\"https:\/\/rckopen.com\/product\/jwh-210\/#breadcrumb\",\"itemListElement\":[{\"@type\":\"ListItem\",\"position\":1,\"name\":\"Home\",\"item\":\"https:\/\/rckopen.com\/\"},{\"@type\":\"ListItem\",\"position\":2,\"name\":\"Shop\",\"item\":\"https:\/\/rckopen.com\/shop\/\"},{\"@type\":\"ListItem\",\"position\":3,\"name\":\"JWH-210 online kopen\"}]},{\"@type\":\"WebSite\",\"@id\":\"https:\/\/rckopen.com\/#website\",\"url\":\"https:\/\/rckopen.com\/\",\"name\":\"RC Kopen\",\"description\":\"Research Chemicals\",\"potentialAction\":[{\"@type\":\"SearchAction\",\"target\":{\"@type\":\"EntryPoint\",\"urlTemplate\":\"https:\/\/rckopen.com\/?s={search_term_string}\"},\"query-input\":{\"@type\":\"PropertyValueSpecification\",\"valueRequired\":true,\"valueName\":\"search_term_string\"}}],\"inLanguage\":\"cs\"}]}<\/script>\n<!-- \/ Yoast SEO plugin. -->","yoast_head_json":{"title":"JWH-210 online kopen - JWH-210 te koop","description":"Wij zijn de toonaangevende winkel die JWH-210 te koop heeft. Als u JWH-210 online wilt kopen, neem dan onmiddellijk contact met ons op en laat de bestelling bezorgen. Bestel nu!","robots":{"index":"index","follow":"follow","max-snippet":"max-snippet:-1","max-image-preview":"max-image-preview:large","max-video-preview":"max-video-preview:-1"},"canonical":"https:\/\/rckopen.com\/cs\/produkt\/jwh-210\/","og_locale":"cs_CZ","og_type":"article","og_title":"JWH-210 online kopen - JWH-210 te koop","og_description":"Wij zijn de toonaangevende winkel die JWH-210 te koop heeft. Als u JWH-210 online wilt kopen, neem dan onmiddellijk contact met ons op en laat de bestelling bezorgen. Bestel nu!","og_url":"https:\/\/rckopen.com\/cs\/produkt\/jwh-210\/","og_site_name":"RC Kopen","article_modified_time":"2025-02-04T04:20:17+00:00","og_image":[{"width":600,"height":600,"url":"https:\/\/rckopen.com\/wp-content\/uploads\/2023\/08\/JWH-210.jpg","type":"image\/jpeg"}],"twitter_card":"summary_large_image","twitter_misc":{"Odhadovan\u00e1 doba \u010dten\u00ed":"3 minuty"},"schema":{"@context":"https:\/\/schema.org","@graph":[{"@type":"WebPage","@id":"https:\/\/rckopen.com\/product\/jwh-210\/","url":"https:\/\/rckopen.com\/product\/jwh-210\/","name":"JWH-210 online kopen - JWH-210 te koop","isPartOf":{"@id":"https:\/\/rckopen.com\/#website"},"primaryImageOfPage":{"@id":"https:\/\/rckopen.com\/product\/jwh-210\/#primaryimage"},"image":{"@id":"https:\/\/rckopen.com\/product\/jwh-210\/#primaryimage"},"thumbnailUrl":"https:\/\/rckopen.com\/wp-content\/uploads\/2023\/08\/JWH-210.jpg","datePublished":"2023-08-15T06:32:13+00:00","dateModified":"2025-02-04T04:20:17+00:00","description":"Wij zijn de toonaangevende winkel die JWH-210 te koop heeft. Als u JWH-210 online wilt kopen, neem dan onmiddellijk contact met ons op en laat de bestelling bezorgen. Bestel nu!","breadcrumb":{"@id":"https:\/\/rckopen.com\/product\/jwh-210\/#breadcrumb"},"inLanguage":"cs","potentialAction":[{"@type":"ReadAction","target":["https:\/\/rckopen.com\/product\/jwh-210\/"]}]},{"@type":"ImageObject","inLanguage":"cs","@id":"https:\/\/rckopen.com\/product\/jwh-210\/#primaryimage","url":"https:\/\/rckopen.com\/wp-content\/uploads\/2023\/08\/JWH-210.jpg","contentUrl":"https:\/\/rckopen.com\/wp-content\/uploads\/2023\/08\/JWH-210.jpg","width":600,"height":600,"caption":"JWH-210 online kopen"},{"@type":"BreadcrumbList","@id":"https:\/\/rckopen.com\/product\/jwh-210\/#breadcrumb","itemListElement":[{"@type":"ListItem","position":1,"name":"Home","item":"https:\/\/rckopen.com\/"},{"@type":"ListItem","position":2,"name":"Shop","item":"https:\/\/rckopen.com\/shop\/"},{"@type":"ListItem","position":3,"name":"JWH-210 online kopen"}]},{"@type":"WebSite","@id":"https:\/\/rckopen.com\/#website","url":"https:\/\/rckopen.com\/","name":"RC Kopen","description":"Research Chemicals","potentialAction":[{"@type":"SearchAction","target":{"@type":"EntryPoint","urlTemplate":"https:\/\/rckopen.com\/?s={search_term_string}"},"query-input":{"@type":"PropertyValueSpecification","valueRequired":true,"valueName":"search_term_string"}}],"inLanguage":"cs"}]}},"_links":{"self":[{"href":"https:\/\/rckopen.com\/cs\/wp-json\/wp\/v2\/product\/6414","targetHints":{"allow":["GET"]}}],"collection":[{"href":"https:\/\/rckopen.com\/cs\/wp-json\/wp\/v2\/product"}],"about":[{"href":"https:\/\/rckopen.com\/cs\/wp-json\/wp\/v2\/types\/product"}],"replies":[{"embeddable":true,"href":"https:\/\/rckopen.com\/cs\/wp-json\/wp\/v2\/comments?post=6414"}],"wp:featuredmedia":[{"embeddable":true,"href":"https:\/\/rckopen.com\/cs\/wp-json\/wp\/v2\/media\/6430"}],"wp:attachment":[{"href":"https:\/\/rckopen.com\/cs\/wp-json\/wp\/v2\/media?parent=6414"}],"wp:term":[{"taxonomy":"product_brand","embeddable":true,"href":"https:\/\/rckopen.com\/cs\/wp-json\/wp\/v2\/product_brand?post=6414"},{"taxonomy":"product_cat","embeddable":true,"href":"https:\/\/rckopen.com\/cs\/wp-json\/wp\/v2\/product_cat?post=6414"},{"taxonomy":"product_tag","embeddable":true,"href":"https:\/\/rckopen.com\/cs\/wp-json\/wp\/v2\/product_tag?post=6414"}],"curies":[{"name":"wp","href":"https:\/\/api.w.org\/{rel}","templated":true}]}}