{"id":6415,"date":"2023-08-15T06:16:49","date_gmt":"2023-08-15T06:16:49","guid":{"rendered":"https:\/\/diligentplug.com\/chems\/?post_type=product&#038;p=6415"},"modified":"2025-02-03T04:53:30","modified_gmt":"2025-02-03T04:53:30","slug":"7-add","status":"publish","type":"product","link":"https:\/\/rckopen.com\/cs\/produkt\/7-pridat\/","title":{"rendered":"Koupit 7-ADD online"},"content":{"rendered":"<h2>Koupit 7-ADD online<\/h2>\n<p><a href=\"https:\/\/rckopen.com\/cs\/produkt\/7-pridat\/\">Koupit 7 ADD online<\/a>Jako v\u0161echny aktinomyciny m\u00e1 dvojit\u011b methylovan\u00fd 2-aminofenoxazin-3-onov\u00fd syst\u00e9m jako aktinoylov\u00fd chromofor, kter\u00fd je spojen s pentapeptidov\u00fdmi laktonov\u00fdmi kruhy prost\u0159ednictv\u00edm dvou amidov\u00fdch vazeb. Z\u00e1kladn\u00ed strukturou chromopeptidu 7-AAD je aktinomycin D, kter\u00e9mu v poloze 7 chyb\u00ed dal\u0161\u00ed funk\u010dn\u00ed skupina 7-AAD, aminoskupina.<\/p>\n<h2><strong>Kde je 7-ADD k dispozici?<\/strong><\/h2>\n<p><a href=\"https:\/\/en.wikipedia.org\/wiki\/7-Aminoactinomycin_D\">7-ADD<\/a> lze zakoupit v Chemical Planet. Tato spole\u010dnost je d\u016fv\u011bryhodn\u00fdm zdrojem N1 pro n\u00e1kup vysoce kvalitn\u00edho 7ADD. 7-ADD je k dispozici pouze ve form\u011b pr\u00e1\u0161ku, v balen\u00edch od 1 g do 1 000 g. Chemical Planet prod\u00e1v\u00e1 sv\u00e9 chemik\u00e1lie pouze z\u00e1kazn\u00edk\u016fm, kte\u0159\u00ed jsou star\u0161\u00ed 18 let. Tento produkt je ur\u010den pouze pro laboratorn\u00ed pou\u017eit\u00ed, proto\u017ee nen\u00ed vhodn\u00fd pro testov\u00e1n\u00ed na zv\u00ed\u0159atech nebo lidskou spot\u0159ebu.<a href=\"https:\/\/en.wikipedia.org\/w\/index.php?search=7+ADD&amp;title=Special%3ASearch&amp;ns0=1\">.<\/a><\/p>\n<h2><strong>Is 7A-DD legaal &#8211; 7-ADD online kopen?<\/strong><\/h2>\n<p>7-ADD je ve v\u011bt\u0161in\u011b zem\u00ed leg\u00e1ln\u00ed pro laboratorn\u00ed pou\u017eit\u00ed. Vykazuje n\u011bkolik vylep\u0161en\u00ed oproti jin\u00fdm kanabinoid\u016fm, kter\u00e9 se d\u0159\u00edve pou\u017e\u00edvaly ke stejn\u00fdm \u00fa\u010del\u016fm. Proto\u017ee se v\u0161ak z\u00e1kony v jednotliv\u00fdch zem\u00edch mohou li\u0161it, m\u011bli byste si p\u0159ed objedn\u00e1n\u00edm t\u00e9to l\u00e1tky online ov\u011b\u0159it m\u00edstn\u00ed z\u00e1kony t\u00fdkaj\u00edc\u00ed se t\u00e9to l\u00e1tky.<\/p>\n<p><strong>Koment\u00e1\u0159:<\/strong>: Tento v\u00fdrobek by m\u011bl b\u00fdt skladov\u00e1n na such\u00e9m a chladn\u00e9m m\u00edst\u011b, aby si co nejl\u00e9pe zachoval sv\u00e9 vlastnosti. Tento v\u00fdrobek se pou\u017e\u00edv\u00e1 pouze pro forenzn\u00ed a v\u011bdeck\u00e9 \u00fa\u010dely a nikdy by nem\u011bl b\u00fdt zkou\u0161en na zv\u00ed\u0159atech nebo jak\u00fdmkoli zp\u016fsobem konzumov\u00e1n lidmi.<a href=\"https:\/\/rckopen.com\/cs\/produkt\/7-abf\/\">.<\/a><\/p>\n<p>Kde mohu z\u00edskat 7-ADD? M\u016f\u017eete si koupit 7-ADD na <a href=\"https:\/\/rckopen.com\/cs\/\">RCKOPEN<\/a>. Tato spole\u010dnost je d\u016fv\u011bryhodn\u00fdm zdrojem N1 pro n\u00e1kup vysoce kvalitn\u00edho 7ADD. 7-ADD je k dispozici pouze v pr\u00e1\u0161ku<\/p>","protected":false},"excerpt":{"rendered":"<p><strong>N\u00e1zev IUPAC: <\/strong>N-(1-amino-3,3-dimethyl-1-oxobutan-2-yl)-1-butyl-1H-indazole-3-acetamide<\/p>\n<p><strong>Dal\u0161\u00ed n\u00e1zev: <\/strong>AB-Pyca<\/p>\n<p><strong>Vzhled: <\/strong>pr\u00e1\u0161ek<\/p>\n<p><strong>Forma: <\/strong>Pr\u00e1\u0161ek HCL<\/p>\n<p><strong>NMR anal\u00fdza: <\/strong>C19H28N4O2<\/p>","protected":false},"featured_media":6428,"comment_status":"open","ping_status":"closed","template":"","meta":{"_joinchat":[]},"product_brand":[],"product_cat":[132],"product_tag":[],"class_list":{"0":"post-6415","1":"product","2":"type-product","3":"status-publish","4":"has-post-thumbnail","6":"product_cat-cannabinoiden","8":"first","9":"instock","10":"shipping-taxable","11":"purchasable","12":"product-type-variable"},"yoast_head":"<!-- This site is optimized with the Yoast SEO plugin v26.3 - https:\/\/yoast.com\/wordpress\/plugins\/seo\/ -->\n<title>7 ADD online kopen - 7 ADD te koop online<\/title>\n<meta name=\"description\" content=\"In onze RCKopen-winkel kunt u 7 ADD te koop krijgen tegen lage tarieven. Wij werken uitsluitend met kwaliteitsproducten van A-kwaliteit. nu 7 ADD online kopen in onze winkel. Bestel nu!\" \/>\n<meta name=\"robots\" content=\"index, follow, max-snippet:-1, max-image-preview:large, max-video-preview:-1\" \/>\n<link rel=\"canonical\" href=\"https:\/\/rckopen.com\/cs\/produkt\/7-pridat\/\" \/>\n<meta property=\"og:locale\" content=\"cs_CZ\" \/>\n<meta property=\"og:type\" content=\"article\" \/>\n<meta property=\"og:title\" content=\"7 ADD online kopen - 7 ADD te koop online\" \/>\n<meta property=\"og:description\" content=\"In onze RCKopen-winkel kunt u 7 ADD te koop krijgen tegen lage tarieven. Wij werken uitsluitend met kwaliteitsproducten van A-kwaliteit. nu 7 ADD online kopen in onze winkel. Bestel nu!\" \/>\n<meta property=\"og:url\" content=\"https:\/\/rckopen.com\/cs\/produkt\/7-pridat\/\" \/>\n<meta property=\"og:site_name\" content=\"RC Kopen\" \/>\n<meta property=\"article:modified_time\" content=\"2025-02-03T04:53:30+00:00\" \/>\n<meta property=\"og:image\" content=\"https:\/\/rckopen.com\/wp-content\/uploads\/2023\/08\/7-ADD.jpg\" \/>\n\t<meta property=\"og:image:width\" content=\"600\" \/>\n\t<meta property=\"og:image:height\" content=\"600\" \/>\n\t<meta property=\"og:image:type\" content=\"image\/jpeg\" \/>\n<meta name=\"twitter:card\" content=\"summary_large_image\" \/>\n<meta name=\"twitter:label1\" content=\"Odhadovan\u00e1 doba \u010dten\u00ed\" \/>\n\t<meta name=\"twitter:data1\" content=\"2 minuty\" \/>\n<script type=\"application\/ld+json\" class=\"yoast-schema-graph\">{\"@context\":\"https:\/\/schema.org\",\"@graph\":[{\"@type\":\"WebPage\",\"@id\":\"https:\/\/rckopen.com\/product\/7-add\/\",\"url\":\"https:\/\/rckopen.com\/product\/7-add\/\",\"name\":\"7 ADD online kopen - 7 ADD te koop online\",\"isPartOf\":{\"@id\":\"https:\/\/rckopen.com\/#website\"},\"primaryImageOfPage\":{\"@id\":\"https:\/\/rckopen.com\/product\/7-add\/#primaryimage\"},\"image\":{\"@id\":\"https:\/\/rckopen.com\/product\/7-add\/#primaryimage\"},\"thumbnailUrl\":\"https:\/\/rckopen.com\/wp-content\/uploads\/2023\/08\/7-ADD.jpg\",\"datePublished\":\"2023-08-15T06:16:49+00:00\",\"dateModified\":\"2025-02-03T04:53:30+00:00\",\"description\":\"In onze RCKopen-winkel kunt u 7 ADD te koop krijgen tegen lage tarieven. Wij werken uitsluitend met kwaliteitsproducten van A-kwaliteit. nu 7 ADD online kopen in onze winkel. Bestel nu!\",\"breadcrumb\":{\"@id\":\"https:\/\/rckopen.com\/product\/7-add\/#breadcrumb\"},\"inLanguage\":\"cs\",\"potentialAction\":[{\"@type\":\"ReadAction\",\"target\":[\"https:\/\/rckopen.com\/product\/7-add\/\"]}]},{\"@type\":\"ImageObject\",\"inLanguage\":\"cs\",\"@id\":\"https:\/\/rckopen.com\/product\/7-add\/#primaryimage\",\"url\":\"https:\/\/rckopen.com\/wp-content\/uploads\/2023\/08\/7-ADD.jpg\",\"contentUrl\":\"https:\/\/rckopen.com\/wp-content\/uploads\/2023\/08\/7-ADD.jpg\",\"width\":600,\"height\":600,\"caption\":\"7-ADD online kopen\"},{\"@type\":\"BreadcrumbList\",\"@id\":\"https:\/\/rckopen.com\/product\/7-add\/#breadcrumb\",\"itemListElement\":[{\"@type\":\"ListItem\",\"position\":1,\"name\":\"Home\",\"item\":\"https:\/\/rckopen.com\/\"},{\"@type\":\"ListItem\",\"position\":2,\"name\":\"Shop\",\"item\":\"https:\/\/rckopen.com\/shop\/\"},{\"@type\":\"ListItem\",\"position\":3,\"name\":\"7-ADD online kopen\"}]},{\"@type\":\"WebSite\",\"@id\":\"https:\/\/rckopen.com\/#website\",\"url\":\"https:\/\/rckopen.com\/\",\"name\":\"RC Kopen\",\"description\":\"Research Chemicals\",\"potentialAction\":[{\"@type\":\"SearchAction\",\"target\":{\"@type\":\"EntryPoint\",\"urlTemplate\":\"https:\/\/rckopen.com\/?s={search_term_string}\"},\"query-input\":{\"@type\":\"PropertyValueSpecification\",\"valueRequired\":true,\"valueName\":\"search_term_string\"}}],\"inLanguage\":\"cs\"}]}<\/script>\n<!-- \/ Yoast SEO plugin. -->","yoast_head_json":{"title":"7 ADD online kopen - 7 ADD te koop online","description":"In onze RCKopen-winkel kunt u 7 ADD te koop krijgen tegen lage tarieven. Wij werken uitsluitend met kwaliteitsproducten van A-kwaliteit. nu 7 ADD online kopen in onze winkel. Bestel nu!","robots":{"index":"index","follow":"follow","max-snippet":"max-snippet:-1","max-image-preview":"max-image-preview:large","max-video-preview":"max-video-preview:-1"},"canonical":"https:\/\/rckopen.com\/cs\/produkt\/7-pridat\/","og_locale":"cs_CZ","og_type":"article","og_title":"7 ADD online kopen - 7 ADD te koop online","og_description":"In onze RCKopen-winkel kunt u 7 ADD te koop krijgen tegen lage tarieven. Wij werken uitsluitend met kwaliteitsproducten van A-kwaliteit. nu 7 ADD online kopen in onze winkel. Bestel nu!","og_url":"https:\/\/rckopen.com\/cs\/produkt\/7-pridat\/","og_site_name":"RC Kopen","article_modified_time":"2025-02-03T04:53:30+00:00","og_image":[{"width":600,"height":600,"url":"https:\/\/rckopen.com\/wp-content\/uploads\/2023\/08\/7-ADD.jpg","type":"image\/jpeg"}],"twitter_card":"summary_large_image","twitter_misc":{"Odhadovan\u00e1 doba \u010dten\u00ed":"2 minuty"},"schema":{"@context":"https:\/\/schema.org","@graph":[{"@type":"WebPage","@id":"https:\/\/rckopen.com\/product\/7-add\/","url":"https:\/\/rckopen.com\/product\/7-add\/","name":"7 ADD online kopen - 7 ADD te koop online","isPartOf":{"@id":"https:\/\/rckopen.com\/#website"},"primaryImageOfPage":{"@id":"https:\/\/rckopen.com\/product\/7-add\/#primaryimage"},"image":{"@id":"https:\/\/rckopen.com\/product\/7-add\/#primaryimage"},"thumbnailUrl":"https:\/\/rckopen.com\/wp-content\/uploads\/2023\/08\/7-ADD.jpg","datePublished":"2023-08-15T06:16:49+00:00","dateModified":"2025-02-03T04:53:30+00:00","description":"In onze RCKopen-winkel kunt u 7 ADD te koop krijgen tegen lage tarieven. Wij werken uitsluitend met kwaliteitsproducten van A-kwaliteit. nu 7 ADD online kopen in onze winkel. Bestel nu!","breadcrumb":{"@id":"https:\/\/rckopen.com\/product\/7-add\/#breadcrumb"},"inLanguage":"cs","potentialAction":[{"@type":"ReadAction","target":["https:\/\/rckopen.com\/product\/7-add\/"]}]},{"@type":"ImageObject","inLanguage":"cs","@id":"https:\/\/rckopen.com\/product\/7-add\/#primaryimage","url":"https:\/\/rckopen.com\/wp-content\/uploads\/2023\/08\/7-ADD.jpg","contentUrl":"https:\/\/rckopen.com\/wp-content\/uploads\/2023\/08\/7-ADD.jpg","width":600,"height":600,"caption":"7-ADD online kopen"},{"@type":"BreadcrumbList","@id":"https:\/\/rckopen.com\/product\/7-add\/#breadcrumb","itemListElement":[{"@type":"ListItem","position":1,"name":"Home","item":"https:\/\/rckopen.com\/"},{"@type":"ListItem","position":2,"name":"Shop","item":"https:\/\/rckopen.com\/shop\/"},{"@type":"ListItem","position":3,"name":"7-ADD online kopen"}]},{"@type":"WebSite","@id":"https:\/\/rckopen.com\/#website","url":"https:\/\/rckopen.com\/","name":"RC Kopen","description":"Research Chemicals","potentialAction":[{"@type":"SearchAction","target":{"@type":"EntryPoint","urlTemplate":"https:\/\/rckopen.com\/?s={search_term_string}"},"query-input":{"@type":"PropertyValueSpecification","valueRequired":true,"valueName":"search_term_string"}}],"inLanguage":"cs"}]}},"_links":{"self":[{"href":"https:\/\/rckopen.com\/cs\/wp-json\/wp\/v2\/product\/6415","targetHints":{"allow":["GET"]}}],"collection":[{"href":"https:\/\/rckopen.com\/cs\/wp-json\/wp\/v2\/product"}],"about":[{"href":"https:\/\/rckopen.com\/cs\/wp-json\/wp\/v2\/types\/product"}],"replies":[{"embeddable":true,"href":"https:\/\/rckopen.com\/cs\/wp-json\/wp\/v2\/comments?post=6415"}],"wp:featuredmedia":[{"embeddable":true,"href":"https:\/\/rckopen.com\/cs\/wp-json\/wp\/v2\/media\/6428"}],"wp:attachment":[{"href":"https:\/\/rckopen.com\/cs\/wp-json\/wp\/v2\/media?parent=6415"}],"wp:term":[{"taxonomy":"product_brand","embeddable":true,"href":"https:\/\/rckopen.com\/cs\/wp-json\/wp\/v2\/product_brand?post=6415"},{"taxonomy":"product_cat","embeddable":true,"href":"https:\/\/rckopen.com\/cs\/wp-json\/wp\/v2\/product_cat?post=6415"},{"taxonomy":"product_tag","embeddable":true,"href":"https:\/\/rckopen.com\/cs\/wp-json\/wp\/v2\/product_tag?post=6415"}],"curies":[{"name":"wp","href":"https:\/\/api.w.org\/{rel}","templated":true}]}}