{"id":6431,"date":"2023-08-15T07:54:38","date_gmt":"2023-08-15T07:54:38","guid":{"rendered":"https:\/\/diligentplug.com\/chems\/?post_type=product&#038;p=6431"},"modified":"2025-02-05T10:40:22","modified_gmt":"2025-02-05T10:40:22","slug":"cbd-powder","status":"publish","type":"product","link":"https:\/\/rckopen.com\/cs\/produkt\/cbd-prasek\/","title":{"rendered":"Koupit pr\u00e1\u0161ek CBD online"},"content":{"rendered":"<h2>Details about the product<\/h2>\n<h3>Koupit CBD pr\u00e1\u0161ek online<\/h3>\n<p>N\u00e1\u0161 CBD pr\u00e1\u0161ek, kter\u00fd je vyroben z pr\u00e9miov\u00e9ho extraktu CBD, m\u00e1 98% koncentraci kanabinoid\u016f. Vzhledem k jejich chuti a z\u00e1pachu mohou b\u00fdt tyto pelety zahrnuty do j\u00eddel nebo p\u0159\u00edmo konzumov\u00e1ny. Pro mnoh\u00e9, kter\u00fdm se zd\u00e1 chu\u0165 CBD p\u0159\u00edli\u0161 siln\u00e1, jsou po\u017eehn\u00e1n\u00edm. Krom\u011b toho v\u00e1m umo\u017e\u0148uj\u00ed upravit pom\u011br THC k CBD ve va\u0161ich produktech THC, abyste z\u00edskali co nejv\u011bt\u0161\u00ed \u00falevu od va\u0161ich konkr\u00e9tn\u00edch p\u0159\u00edznak\u016f.<\/p>\n<h3>V\u00ddHODY A FUNK\u010cNOST CBD PILLSs<\/h3>\n<p>Stavy v\u010detn\u011b bolesti, \u00fazkosti, nap\u011bt\u00ed, probl\u00e9m\u016f se sp\u00e1nkem a ko\u017en\u00edch probl\u00e9m\u016f lze zlep\u0161it u\u017e\u00edv\u00e1n\u00edm pilulek CBD. U\u017eivatel\u00e9 mohou zaznamenat zlep\u0161en\u00ed kvality sp\u00e1nku, uklid\u0148uj\u00edc\u00ed \u00fa\u010dinek na poko\u017eku a relaxa\u010dn\u00ed \u00fa\u010dinek na svaly a psychiku.<\/p>\n<h3>EXTRAKCE NADKRITICK\u00c9HO CO2<\/h3>\n<p>N\u00e1\u0161 pr\u00e1\u0161kov\u00fd izol\u00e1t CBD je vyroben z rostlin konop\u00ed, kter\u00e9 z\u00edskaly evropskou certifikaci. K extrakci se pou\u017e\u00edv\u00e1 superkritick\u00e1 extrakce CO2, bezpe\u010dn\u00e1, \u00fa\u010dinn\u00e1 technika bez rezidu\u00ed. Pro zaru\u010den\u00ed co nej\u010dist\u0161\u00edho produktu je extrakt n\u00e1sledn\u011b o\u010di\u0161t\u011bn od ne\u017e\u00e1douc\u00edch rostlinn\u00fdch slo\u017eek.<\/p>\n<h3>VAROV\u00c1N\u00cd O CBD pr\u00e1\u0161ku<\/h3>\n<p>Mohlo by doj\u00edt k podr\u00e1\u017ed\u011bn\u00ed o\u010d\u00ed i d\u00fdchac\u00edch cest. V\u00fdzkumn\u00e9 chemik\u00e1lie by se nem\u011bly uvol\u0148ovat do \u017eivotn\u00edho prost\u0159ed\u00ed.<\/p>\n<p><strong>BEZPE\u010cNOSTN\u00cd RADY PRO KONTAKT O\u010c\u00cd CBD pr\u00e1\u0161ek:<\/strong><br \/>\nPokud je to mo\u017en\u00e9, vyjm\u011bte kontaktn\u00ed \u010do\u010dky po jemn\u00e9m 10 a\u017e 15 minutov\u00e9m opl\u00e1chnut\u00ed vodou.<\/p>\n<p>Po dotyku s k\u016f\u017e\u00ed opl\u00e1chn\u011bte m\u00fddlem a vodou.<\/p>\n<p><strong>\u6d17\u793c\u4e4b\u540e<\/strong>: Zaujm\u011bte polohu pro d\u00fdch\u00e1n\u00ed a vyhledejte \u010derstv\u00fd vzduch.<\/p>\n<p>V\u00fdzkumn\u00e1 chemik\u00e1lie by m\u011bla b\u00fdt uchov\u00e1v\u00e1na mimo p\u0159\u00edm\u00e9 slune\u010dn\u00ed sv\u011btlo, v suchu, p\u0159i pokojov\u00e9 teplot\u011b a dob\u0159e zabalen\u00e1 mimo dosah d\u011bt\u00ed. V\u00fdrobek z\u016fst\u00e1v\u00e1 stabiln\u00ed po dobu a\u017e dvou let, pokud je skladov\u00e1n v tomto nastaven\u00ed.<\/p>","protected":false},"excerpt":{"rendered":"<p><strong>N\u00e1zev IUPAC: <\/strong>2-[(1R,6R)-6-isopropenyl-3-methylcyclohex-2-en-1-yl]-5-pentylbenzene-1,3-diol<\/p>\n<p><strong>CAS # <\/strong>13956-29-1<\/p>\n<p><strong>Vzhled: <\/strong>pr\u00e1\u0161ek<\/p>\n<p><strong>NMR anal\u00fdza: <\/strong>C21H30O2<\/p>","protected":false},"featured_media":6452,"comment_status":"open","ping_status":"closed","template":"","meta":{"_joinchat":[]},"product_brand":[],"product_cat":[132],"product_tag":[],"class_list":{"0":"post-6431","1":"product","2":"type-product","3":"status-publish","4":"has-post-thumbnail","6":"product_cat-cannabinoiden","8":"first","9":"instock","10":"shipping-taxable","11":"purchasable","12":"product-type-variable"},"yoast_head":"<!-- This site is optimized with the Yoast SEO plugin v26.3 - https:\/\/yoast.com\/wordpress\/plugins\/seo\/ -->\n<title>CBD powder online kopen - CBD powder te koop | RC Kopen<\/title>\n<meta name=\"description\" content=\"Het is de beste tijd om onze online Rckopen-winkel te bezoeken en CBD powder online te kopen. Wij hebben hier CBD powder te koop. Ontmoet ons online en plaats vandaag nog uw bestelling.\" \/>\n<meta name=\"robots\" content=\"index, follow, max-snippet:-1, max-image-preview:large, max-video-preview:-1\" \/>\n<link rel=\"canonical\" href=\"https:\/\/rckopen.com\/cs\/produkt\/cbd-prasek\/\" \/>\n<meta property=\"og:locale\" content=\"cs_CZ\" \/>\n<meta property=\"og:type\" content=\"article\" \/>\n<meta property=\"og:title\" content=\"CBD powder online kopen - CBD powder te koop | RC Kopen\" \/>\n<meta property=\"og:description\" content=\"Het is de beste tijd om onze online Rckopen-winkel te bezoeken en CBD powder online te kopen. Wij hebben hier CBD powder te koop. Ontmoet ons online en plaats vandaag nog uw bestelling.\" \/>\n<meta property=\"og:url\" content=\"https:\/\/rckopen.com\/cs\/produkt\/cbd-prasek\/\" \/>\n<meta property=\"og:site_name\" content=\"RC Kopen\" \/>\n<meta property=\"article:modified_time\" content=\"2025-02-05T10:40:22+00:00\" \/>\n<meta property=\"og:image\" content=\"https:\/\/rckopen.com\/wp-content\/uploads\/2023\/08\/CBD-powder-1.jpg\" \/>\n\t<meta property=\"og:image:width\" content=\"600\" \/>\n\t<meta property=\"og:image:height\" content=\"600\" \/>\n\t<meta property=\"og:image:type\" content=\"image\/jpeg\" \/>\n<meta name=\"twitter:card\" content=\"summary_large_image\" \/>\n<meta name=\"twitter:label1\" content=\"Odhadovan\u00e1 doba \u010dten\u00ed\" \/>\n\t<meta name=\"twitter:data1\" content=\"2 minuty\" \/>\n<script type=\"application\/ld+json\" class=\"yoast-schema-graph\">{\"@context\":\"https:\/\/schema.org\",\"@graph\":[{\"@type\":\"WebPage\",\"@id\":\"https:\/\/rckopen.com\/product\/cbd-powder\/\",\"url\":\"https:\/\/rckopen.com\/product\/cbd-powder\/\",\"name\":\"CBD powder online kopen - CBD powder te koop | RC Kopen\",\"isPartOf\":{\"@id\":\"https:\/\/rckopen.com\/#website\"},\"primaryImageOfPage\":{\"@id\":\"https:\/\/rckopen.com\/product\/cbd-powder\/#primaryimage\"},\"image\":{\"@id\":\"https:\/\/rckopen.com\/product\/cbd-powder\/#primaryimage\"},\"thumbnailUrl\":\"https:\/\/rckopen.com\/wp-content\/uploads\/2023\/08\/CBD-powder-1.jpg\",\"datePublished\":\"2023-08-15T07:54:38+00:00\",\"dateModified\":\"2025-02-05T10:40:22+00:00\",\"description\":\"Het is de beste tijd om onze online Rckopen-winkel te bezoeken en CBD powder online te kopen. Wij hebben hier CBD powder te koop. Ontmoet ons online en plaats vandaag nog uw bestelling.\",\"breadcrumb\":{\"@id\":\"https:\/\/rckopen.com\/product\/cbd-powder\/#breadcrumb\"},\"inLanguage\":\"cs\",\"potentialAction\":[{\"@type\":\"ReadAction\",\"target\":[\"https:\/\/rckopen.com\/product\/cbd-powder\/\"]}]},{\"@type\":\"ImageObject\",\"inLanguage\":\"cs\",\"@id\":\"https:\/\/rckopen.com\/product\/cbd-powder\/#primaryimage\",\"url\":\"https:\/\/rckopen.com\/wp-content\/uploads\/2023\/08\/CBD-powder-1.jpg\",\"contentUrl\":\"https:\/\/rckopen.com\/wp-content\/uploads\/2023\/08\/CBD-powder-1.jpg\",\"width\":600,\"height\":600,\"caption\":\"CBD-powder online kopen\"},{\"@type\":\"BreadcrumbList\",\"@id\":\"https:\/\/rckopen.com\/product\/cbd-powder\/#breadcrumb\",\"itemListElement\":[{\"@type\":\"ListItem\",\"position\":1,\"name\":\"Home\",\"item\":\"https:\/\/rckopen.com\/\"},{\"@type\":\"ListItem\",\"position\":2,\"name\":\"Shop\",\"item\":\"https:\/\/rckopen.com\/shop\/\"},{\"@type\":\"ListItem\",\"position\":3,\"name\":\"CBD powder online kopen\"}]},{\"@type\":\"WebSite\",\"@id\":\"https:\/\/rckopen.com\/#website\",\"url\":\"https:\/\/rckopen.com\/\",\"name\":\"RC Kopen\",\"description\":\"Research Chemicals\",\"potentialAction\":[{\"@type\":\"SearchAction\",\"target\":{\"@type\":\"EntryPoint\",\"urlTemplate\":\"https:\/\/rckopen.com\/?s={search_term_string}\"},\"query-input\":{\"@type\":\"PropertyValueSpecification\",\"valueRequired\":true,\"valueName\":\"search_term_string\"}}],\"inLanguage\":\"cs\"}]}<\/script>\n<!-- \/ Yoast SEO plugin. -->","yoast_head_json":{"title":"CBD powder online kopen - CBD powder te koop | RC Kopen","description":"Het is de beste tijd om onze online Rckopen-winkel te bezoeken en CBD powder online te kopen. Wij hebben hier CBD powder te koop. Ontmoet ons online en plaats vandaag nog uw bestelling.","robots":{"index":"index","follow":"follow","max-snippet":"max-snippet:-1","max-image-preview":"max-image-preview:large","max-video-preview":"max-video-preview:-1"},"canonical":"https:\/\/rckopen.com\/cs\/produkt\/cbd-prasek\/","og_locale":"cs_CZ","og_type":"article","og_title":"CBD powder online kopen - CBD powder te koop | RC Kopen","og_description":"Het is de beste tijd om onze online Rckopen-winkel te bezoeken en CBD powder online te kopen. Wij hebben hier CBD powder te koop. Ontmoet ons online en plaats vandaag nog uw bestelling.","og_url":"https:\/\/rckopen.com\/cs\/produkt\/cbd-prasek\/","og_site_name":"RC Kopen","article_modified_time":"2025-02-05T10:40:22+00:00","og_image":[{"width":600,"height":600,"url":"https:\/\/rckopen.com\/wp-content\/uploads\/2023\/08\/CBD-powder-1.jpg","type":"image\/jpeg"}],"twitter_card":"summary_large_image","twitter_misc":{"Odhadovan\u00e1 doba \u010dten\u00ed":"2 minuty"},"schema":{"@context":"https:\/\/schema.org","@graph":[{"@type":"WebPage","@id":"https:\/\/rckopen.com\/product\/cbd-powder\/","url":"https:\/\/rckopen.com\/product\/cbd-powder\/","name":"CBD powder online kopen - CBD powder te koop | RC Kopen","isPartOf":{"@id":"https:\/\/rckopen.com\/#website"},"primaryImageOfPage":{"@id":"https:\/\/rckopen.com\/product\/cbd-powder\/#primaryimage"},"image":{"@id":"https:\/\/rckopen.com\/product\/cbd-powder\/#primaryimage"},"thumbnailUrl":"https:\/\/rckopen.com\/wp-content\/uploads\/2023\/08\/CBD-powder-1.jpg","datePublished":"2023-08-15T07:54:38+00:00","dateModified":"2025-02-05T10:40:22+00:00","description":"Het is de beste tijd om onze online Rckopen-winkel te bezoeken en CBD powder online te kopen. Wij hebben hier CBD powder te koop. Ontmoet ons online en plaats vandaag nog uw bestelling.","breadcrumb":{"@id":"https:\/\/rckopen.com\/product\/cbd-powder\/#breadcrumb"},"inLanguage":"cs","potentialAction":[{"@type":"ReadAction","target":["https:\/\/rckopen.com\/product\/cbd-powder\/"]}]},{"@type":"ImageObject","inLanguage":"cs","@id":"https:\/\/rckopen.com\/product\/cbd-powder\/#primaryimage","url":"https:\/\/rckopen.com\/wp-content\/uploads\/2023\/08\/CBD-powder-1.jpg","contentUrl":"https:\/\/rckopen.com\/wp-content\/uploads\/2023\/08\/CBD-powder-1.jpg","width":600,"height":600,"caption":"CBD-powder online kopen"},{"@type":"BreadcrumbList","@id":"https:\/\/rckopen.com\/product\/cbd-powder\/#breadcrumb","itemListElement":[{"@type":"ListItem","position":1,"name":"Home","item":"https:\/\/rckopen.com\/"},{"@type":"ListItem","position":2,"name":"Shop","item":"https:\/\/rckopen.com\/shop\/"},{"@type":"ListItem","position":3,"name":"CBD powder online kopen"}]},{"@type":"WebSite","@id":"https:\/\/rckopen.com\/#website","url":"https:\/\/rckopen.com\/","name":"RC Kopen","description":"Research Chemicals","potentialAction":[{"@type":"SearchAction","target":{"@type":"EntryPoint","urlTemplate":"https:\/\/rckopen.com\/?s={search_term_string}"},"query-input":{"@type":"PropertyValueSpecification","valueRequired":true,"valueName":"search_term_string"}}],"inLanguage":"cs"}]}},"_links":{"self":[{"href":"https:\/\/rckopen.com\/cs\/wp-json\/wp\/v2\/product\/6431","targetHints":{"allow":["GET"]}}],"collection":[{"href":"https:\/\/rckopen.com\/cs\/wp-json\/wp\/v2\/product"}],"about":[{"href":"https:\/\/rckopen.com\/cs\/wp-json\/wp\/v2\/types\/product"}],"replies":[{"embeddable":true,"href":"https:\/\/rckopen.com\/cs\/wp-json\/wp\/v2\/comments?post=6431"}],"wp:featuredmedia":[{"embeddable":true,"href":"https:\/\/rckopen.com\/cs\/wp-json\/wp\/v2\/media\/6452"}],"wp:attachment":[{"href":"https:\/\/rckopen.com\/cs\/wp-json\/wp\/v2\/media?parent=6431"}],"wp:term":[{"taxonomy":"product_brand","embeddable":true,"href":"https:\/\/rckopen.com\/cs\/wp-json\/wp\/v2\/product_brand?post=6431"},{"taxonomy":"product_cat","embeddable":true,"href":"https:\/\/rckopen.com\/cs\/wp-json\/wp\/v2\/product_cat?post=6431"},{"taxonomy":"product_tag","embeddable":true,"href":"https:\/\/rckopen.com\/cs\/wp-json\/wp\/v2\/product_tag?post=6431"}],"curies":[{"name":"wp","href":"https:\/\/api.w.org\/{rel}","templated":true}]}}