{"id":6432,"date":"2023-08-15T07:59:06","date_gmt":"2023-08-15T07:59:06","guid":{"rendered":"https:\/\/diligentplug.com\/chems\/?post_type=product&#038;p=6432"},"modified":"2025-02-03T05:23:51","modified_gmt":"2025-02-03T05:23:51","slug":"adb-butinaca","status":"publish","type":"product","link":"https:\/\/rckopen.com\/cs\/produkt\/adb-butinaca\/","title":{"rendered":"koupit adb-butinaca online"},"content":{"rendered":"<h2>rckopen.com nab\u00edz\u00ed produkty, kter\u00e9 nejsou ur\u010deny k lidsk\u00e9 spot\u0159eb\u011b. Konzumace tohoto v\u00fdrobku (ne\u00famysln\u00e1) by mohla m\u00edt v\u00e1\u017en\u00e9 zdravotn\u00ed n\u00e1sledky.<\/h2>\n<h2>Algemene informatie ADB-BUTINACA online kopen<\/h2>\n<p><a href=\"https:\/\/rckopen.com\/cs\/produkt\/adb-butinaca\/\">ADB-BINACA<\/a>\u00a0je chemick\u00e1 l\u00e1tka pro v\u00fdzkum kanabinoid\u016f, kter\u00e1 byla nalezena jako fixa\u010dn\u00ed prost\u0159edek v n\u011bkter\u00fdch syntetick\u00fdch konopn\u00fdch produktech. Spole\u010dnost Pfizer jej p\u016fvodn\u011b vyvinula jako potenci\u00e1ln\u00ed l\u00e9k proti bolesti a je to siln\u00fd agonista receptoru CB1 s limitn\u00edm zkreslen\u00edm (Ki) 0,33 nM a EC50 14,7 nM. ADB-BINACA. ADB-BUTINACA je siln\u00fd agonista kanabinoid na b\u00e1zi indolu a je tak\u00e9 intenzivn\u00edm agonistou receptor\u016f CB1 a CB2.<\/p>\n<p>Tento v\u00fdzkumn\u00fd materi\u00e1l je prakticky identick\u00fd s jin\u00fdmi zn\u00e1m\u00fdmi syntetick\u00fdmi anabinoidy, jako je MDMB-BUTINACA. V\u00fdzkumn\u00e1 chemick\u00e1 l\u00e1tka ADB-BUTINACA je ur\u010dena pro v\u00fdzkumn\u00e9 \u00fa\u010dely. V\u00fdzkumn\u00e1 chemick\u00e1 l\u00e1tka ADB-BUTINACA je synthetinoid.c cannabi<br \/>\nChemick\u00e9 slo\u017een\u00ed <a href=\"https:\/\/en.wikipedia.org\/wiki\/ADB-BUTINACA\">ADB-BUTINACA<\/a><\/p>\n<p>Analog s 1-butylovou substituc\u00ed na indazolov\u00e9m kruhu nam\u00edsto 1-benzilu se tak\u00e9 prod\u00e1v\u00e1 jako designov\u00e1 v\u00fdzkumn\u00e1 chemik\u00e1lie pod n\u00e1zvem ADB-BINACA. Obecn\u011b se v\u0161ak naz\u00fdv\u00e1 ADB-BUTINACA, aby se p\u0159ede\u0161lo nesrovnalostem s benzylovou slou\u010deninou. Jedn\u00e1 se o pom\u011brn\u011b intenzivn\u00edho agonistu CB1 s EC50 6,36 nM. Jeho rovnice je C18H26N4O2. Jeho mol\u00e1rn\u00ed hmotnost je 330,432 g-mol-1.<\/p>\n<h3>Farmakologie ADB-BUTINACA<\/h3>\n<p>ADB-BUTINACA je pronikav\u00fd referen\u010dn\u00ed standard, kter\u00fd je v podstat\u011b podobn\u00fd zn\u00e1m\u00fdm syntetick\u00fdm kanabinoid\u016fm. ADB-BUTINACA je kontrolov\u00e1na jako l\u00e1tka za\u0159azen\u00e1 do seznamu I. Tato polo\u017eka se o\u010dek\u00e1v\u00e1 pro v\u00fdzkumn\u00e9 a m\u011b\u0159iteln\u00e9 aplikace. ADB-BUTINACA byla spojena s \u010detn\u00fdmi extr\u00e9mn\u00edmi otravami a \u00famrt\u00edmi.<\/p>\n<p>Pochopen\u00ed farmakologie a syst\u00e9mu otrav je u p\u0159\u00edpravku ADB-BUTINACA nedostate\u010dn\u00e9, proto\u017ee informace jsou omezen\u00e9.<\/p>\n<h3>Koupit vysoce kvalitn\u00ed ADB-BUTINACA online<\/h3>\n<p>Jak bezpe\u010dn\u011b koupit pr\u00e9miovou ADB-BUTINACA? <a href=\"https:\/\/rckopen.com\/cs\/\">RC Kopen<\/a> usiluje o v\u0161eobecnou spokojenost sv\u00fdch z\u00e1kazn\u00edk\u016f. R\u016fzn\u00e9 studie uk\u00e1zaly, \u017ee klienti p\u0159ed n\u00e1kupem syntetick\u00fdch v\u00fdzkumn\u00fdch slou\u010denin skute\u010dn\u011b po\u017eaduj\u00ed data, jakkoli \u010dasto mohou o\u010dek\u00e1vat.<\/p>\n<p>V\u0161echny laboratorn\u00ed d\u016fsledky ka\u017ed\u00e9ho v\u00fdzkumn\u00e9ho komplexu distribuujeme v dokumentu pdf, abychom zajistili, \u017ee na\u0161e RC obecn\u011b odpov\u00eddaj\u00ed pracovn\u00edm potvrzen\u00edm a jsou v\u0161em zn\u00e1m\u00e9 a p\u0159\u00edstupn\u00e9. V\u00fdzkumu syntetick\u00fdch slou\u010denin, v\u010detn\u011b ADB-BUTINACA, v\u011bnujeme maxim\u00e1ln\u00ed pozornost. P\u0159epravuj\u00ed se, skladuj\u00ed a uchov\u00e1vaj\u00ed na chladn\u00fdch a such\u00fdch m\u00edstech. V\u0161echny polo\u017eky jsou d\u016fsledn\u011b p\u0159edem testov\u00e1ny na kvalitu, \u010distotu a bezpe\u010dnost.<\/p>\n<h3>Laboratorn\u011b testovan\u00e1 ADB-BUTINACA s v\u00fdsledky.<\/h3>\n<p>Spole\u010dnost RC Kopen d\u011bl\u00e1 pokroky sm\u011brem k celkov\u00e9 spokojenosti sv\u00fdch z\u00e1kazn\u00edk\u016f. N\u011bkolik pr\u016fzkum\u016f uk\u00e1zalo, \u017ee z\u00e1kazn\u00edci p\u0159ed n\u00e1kupem syntetick\u00fdch v\u00fdzkumn\u00fdch chemik\u00e1li\u00ed po\u017eaduj\u00ed tolik \u00fadaj\u016f, kolik se o\u010dek\u00e1v\u00e1. Krom\u011b toho zve\u0159ej\u0148ujeme v\u0161echny laboratorn\u00ed d\u016fsledky ka\u017ed\u00e9 v\u00fdzkumn\u00e9 chemick\u00e9 l\u00e1tky v z\u00e1znamu ve form\u00e1tu PDF.<\/p>\n<p>Na\u0161e ADB-BUTINACA d\u016fsledn\u011b dodr\u017euje \u00fa\u010dinn\u00e9 l\u00e1tky a je pro v\u0161echny p\u0159ehledn\u00e1.V\u0161echny laboratorn\u00ed sekvence ka\u017ed\u00e9 v\u00fdzkumn\u00e9 chemick\u00e9 l\u00e1tky distribuujeme v dokumentu PDF.<\/p>\n<h3>Bezpe\u010dn\u00e9 objedn\u00e1n\u00ed na ADB-BUTINACA.<\/h3>\n<p>Designov\u00e9 v\u00fdzkumn\u00e9 chemik\u00e1lie RC Kopen maj\u00ed vynikaj\u00edc\u00ed kvalitu a p\u0159\u00edznivou cenu. Proto v\u00e1m zaru\u010dujeme, \u017ee kdy\u017e si u RC Kopen vy\u017e\u00e1d\u00e1te v\u00fdzkumn\u00e9 chemik\u00e1lie, doru\u010d\u00edme v\u00e1m v\u00e1\u0161 po\u017eadavek rychle a bezpe\u010dn\u011b dom\u016f, proto\u017ee prodej v\u00fdzkumn\u00fdch chemik\u00e1li\u00ed je na RC Kopen v\u017edy k dispozici.<\/p>\n<p>Vy\u017e\u00e1dat si syntetick\u00e9 v\u00fdzkumn\u00e9 slou\u010deniny pomoc\u00ed Bitcoinu nebo bankovn\u00edm p\u0159evodem je u RC Kopen snadn\u00e9.<\/p>\n<p>Pr\u00e1\u0161ek pro v\u00fdzkumn\u00e9 chemik\u00e1lie odes\u00edl\u00e1me tent\u00fd\u017e pracovn\u00ed den, pokud platbu obdr\u017e\u00edte do 15:00 SEL\u010c.<\/p>\n<p>Osob\u00e1m mlad\u0161\u00edm 18 let zbo\u017e\u00ed nedoru\u010dujeme!<\/p>\n<p>Prodej v\u00fdzkumn\u00fdch chemick\u00fdch l\u00e1tek je ur\u010den pouze pro v\u00fdzkumn\u00e9 \u00fa\u010dely.<\/p>\n<h3>Diskr\u00e9tn\u00ed p\u0159eprava v\u00fdzkumn\u00fdch chemik\u00e1li\u00ed.<\/h3>\n<p>Spole\u010dnost RC Kopen zabal\u00ed va\u0161i objedn\u00e1vku bezpe\u010dn\u011b a spolehliv\u011b, aby zajistila spr\u00e1vnou p\u0159epravu. Nav\u00edc bal\u00edme dokonale nen\u00e1padn\u011b a na vn\u011bj\u0161\u00ed stran\u011b nen\u00ed nic vid\u011bt, co by mohlo b\u00fdt uvnit\u0159.<\/p>\n<p>Bezpe\u010dnostn\u00ed opat\u0159en\u00ed<\/p>\n<p>RC nab\u00edzen\u00e9 v RC Kopen jsou ur\u010deny k v\u00fdzkumn\u00fdm \u00fa\u010del\u016fm; lidsk\u00e1 spot\u0159eba je p\u0159\u00edsn\u011b zak\u00e1z\u00e1na.<\/p>\n<p>Kupte si spr\u00e1vn\u00e9 individu\u00e1ln\u00ed ochrann\u00e9 pom\u016fcky, jako jsou br\u00fdle a rukavice. \u010cist\u011bte je a \u0159\u00e1dn\u011b o n\u011b pe\u010dujte. P\u0159i manipulaci s v\u00fdzkumn\u00fdmi chemik\u00e1liemi dodr\u017eujte bezpe\u010dn\u00e9 syst\u00e9my a ned\u011blejte zkratky.<\/p>\n<p>Pokud se studovan\u00e1 l\u00e1tka dostane do o\u010d\u00ed, dob\u0159e je vypl\u00e1chn\u011bte a vyjm\u011bte kontaktn\u00ed \u010do\u010dky, pokud je to nezbytn\u00e9.<\/p>\n<p>P\u0159i pou\u017e\u00edv\u00e1n\u00ed t\u011bchto chemik\u00e1li\u00ed se sna\u017ete pou\u017e\u00edvat masku, aby se do v\u00e1s nedostaly p\u0159i d\u00fdch\u00e1n\u00ed.<\/p>\n<p>Jak je uvedeno v podporovan\u00fdch metod\u00e1ch, manipulujte s nebezpe\u010dn\u00fdmi l\u00e1tkami, skladujte je a likvidujte je bezpe\u010dn\u011b. Nikdy je nevyl\u00e9vejte do kanalizace nebo kan\u00e1l\u016f.<\/p>\n<p>V\u00fdzkumn\u00e9 chemik\u00e1lie skladujte spr\u00e1vn\u011b, jak je uvedeno v jejich n\u00e1zvu. Ho\u0159lav\u00e9 chemik\u00e1lie by m\u011bly b\u00fdt skladov\u00e1ny na such\u00e9m m\u00edst\u011b bez p\u0159\u00edstupu intenzity a denn\u00edho sv\u011btla. N\u011bkter\u00e9 plasty, jako jsou kyseliny, by m\u011bly b\u00fdt skladov\u00e1ny samostatn\u011b.<\/p>","protected":false},"excerpt":{"rendered":"<p><strong>N\u00e1zev IUPAC: <\/strong>N-(1-amino-3,3-dimethyl-1-oxobutan-2-yl)-1-butyl-1H-indazole-3-carboxamide<\/p>\n<p><strong>CAS # <\/strong>2682867-55-4<\/p>\n<p><strong>NMR anal\u00fdza: <\/strong>C18H26N4O2<\/p>","protected":false},"featured_media":6453,"comment_status":"open","ping_status":"closed","template":"","meta":{"_joinchat":[]},"product_brand":[],"product_cat":[132],"product_tag":[],"class_list":{"0":"post-6432","1":"product","2":"type-product","3":"status-publish","4":"has-post-thumbnail","6":"product_cat-cannabinoiden","8":"first","9":"instock","10":"shipping-taxable","11":"purchasable","12":"product-type-variable"},"yoast_head":"<!-- This site is optimized with the Yoast SEO plugin v26.3 - https:\/\/yoast.com\/wordpress\/plugins\/seo\/ -->\n<title>ADB-BUTINACA online kopen - ADB-BUTINACA online te koop<\/title>\n<meta name=\"description\" content=\"Als je gepassioneerd bent door ADB-BUTINACA, dan is onze winkel de beste plek om ADB-BUTINACA online te kopen. U kunt ADB-BUTINACA te koop hebben tegen de laagste prijs. Bestel nu en ontvang hem binnenkort!\" \/>\n<meta name=\"robots\" content=\"index, follow, max-snippet:-1, max-image-preview:large, max-video-preview:-1\" \/>\n<link rel=\"canonical\" href=\"https:\/\/rckopen.com\/cs\/produkt\/adb-butinaca\/\" \/>\n<meta property=\"og:locale\" content=\"cs_CZ\" \/>\n<meta property=\"og:type\" content=\"article\" \/>\n<meta property=\"og:title\" content=\"ADB-BUTINACA online kopen - ADB-BUTINACA online te koop\" \/>\n<meta property=\"og:description\" content=\"Als je gepassioneerd bent door ADB-BUTINACA, dan is onze winkel de beste plek om ADB-BUTINACA online te kopen. U kunt ADB-BUTINACA te koop hebben tegen de laagste prijs. Bestel nu en ontvang hem binnenkort!\" \/>\n<meta property=\"og:url\" content=\"https:\/\/rckopen.com\/cs\/produkt\/adb-butinaca\/\" \/>\n<meta property=\"og:site_name\" content=\"RC Kopen\" \/>\n<meta property=\"article:modified_time\" content=\"2025-02-03T05:23:51+00:00\" \/>\n<meta property=\"og:image\" content=\"https:\/\/rckopen.com\/wp-content\/uploads\/2023\/08\/adb-butinaca.jpg\" \/>\n\t<meta property=\"og:image:width\" content=\"600\" \/>\n\t<meta property=\"og:image:height\" content=\"600\" \/>\n\t<meta property=\"og:image:type\" content=\"image\/jpeg\" \/>\n<meta name=\"twitter:card\" content=\"summary_large_image\" \/>\n<meta name=\"twitter:label1\" content=\"Odhadovan\u00e1 doba \u010dten\u00ed\" \/>\n\t<meta name=\"twitter:data1\" content=\"4 minuty\" \/>\n<script type=\"application\/ld+json\" class=\"yoast-schema-graph\">{\"@context\":\"https:\/\/schema.org\",\"@graph\":[{\"@type\":\"WebPage\",\"@id\":\"https:\/\/rckopen.com\/product\/adb-butinaca\/\",\"url\":\"https:\/\/rckopen.com\/product\/adb-butinaca\/\",\"name\":\"ADB-BUTINACA online kopen - ADB-BUTINACA online te koop\",\"isPartOf\":{\"@id\":\"https:\/\/rckopen.com\/#website\"},\"primaryImageOfPage\":{\"@id\":\"https:\/\/rckopen.com\/product\/adb-butinaca\/#primaryimage\"},\"image\":{\"@id\":\"https:\/\/rckopen.com\/product\/adb-butinaca\/#primaryimage\"},\"thumbnailUrl\":\"https:\/\/rckopen.com\/wp-content\/uploads\/2023\/08\/adb-butinaca.jpg\",\"datePublished\":\"2023-08-15T07:59:06+00:00\",\"dateModified\":\"2025-02-03T05:23:51+00:00\",\"description\":\"Als je gepassioneerd bent door ADB-BUTINACA, dan is onze winkel de beste plek om ADB-BUTINACA online te kopen. U kunt ADB-BUTINACA te koop hebben tegen de laagste prijs. Bestel nu en ontvang hem binnenkort!\",\"breadcrumb\":{\"@id\":\"https:\/\/rckopen.com\/product\/adb-butinaca\/#breadcrumb\"},\"inLanguage\":\"cs\",\"potentialAction\":[{\"@type\":\"ReadAction\",\"target\":[\"https:\/\/rckopen.com\/product\/adb-butinaca\/\"]}]},{\"@type\":\"ImageObject\",\"inLanguage\":\"cs\",\"@id\":\"https:\/\/rckopen.com\/product\/adb-butinaca\/#primaryimage\",\"url\":\"https:\/\/rckopen.com\/wp-content\/uploads\/2023\/08\/adb-butinaca.jpg\",\"contentUrl\":\"https:\/\/rckopen.com\/wp-content\/uploads\/2023\/08\/adb-butinaca.jpg\",\"width\":600,\"height\":600,\"caption\":\"adb-butinaca online kopen\"},{\"@type\":\"BreadcrumbList\",\"@id\":\"https:\/\/rckopen.com\/product\/adb-butinaca\/#breadcrumb\",\"itemListElement\":[{\"@type\":\"ListItem\",\"position\":1,\"name\":\"Home\",\"item\":\"https:\/\/rckopen.com\/\"},{\"@type\":\"ListItem\",\"position\":2,\"name\":\"Shop\",\"item\":\"https:\/\/rckopen.com\/shop\/\"},{\"@type\":\"ListItem\",\"position\":3,\"name\":\"adb-butinaca online kopen\"}]},{\"@type\":\"WebSite\",\"@id\":\"https:\/\/rckopen.com\/#website\",\"url\":\"https:\/\/rckopen.com\/\",\"name\":\"RC Kopen\",\"description\":\"Research Chemicals\",\"potentialAction\":[{\"@type\":\"SearchAction\",\"target\":{\"@type\":\"EntryPoint\",\"urlTemplate\":\"https:\/\/rckopen.com\/?s={search_term_string}\"},\"query-input\":{\"@type\":\"PropertyValueSpecification\",\"valueRequired\":true,\"valueName\":\"search_term_string\"}}],\"inLanguage\":\"cs\"}]}<\/script>\n<!-- \/ Yoast SEO plugin. -->","yoast_head_json":{"title":"ADB-BUTINACA online kopen - ADB-BUTINACA online te koop","description":"Als je gepassioneerd bent door ADB-BUTINACA, dan is onze winkel de beste plek om ADB-BUTINACA online te kopen. U kunt ADB-BUTINACA te koop hebben tegen de laagste prijs. Bestel nu en ontvang hem binnenkort!","robots":{"index":"index","follow":"follow","max-snippet":"max-snippet:-1","max-image-preview":"max-image-preview:large","max-video-preview":"max-video-preview:-1"},"canonical":"https:\/\/rckopen.com\/cs\/produkt\/adb-butinaca\/","og_locale":"cs_CZ","og_type":"article","og_title":"ADB-BUTINACA online kopen - ADB-BUTINACA online te koop","og_description":"Als je gepassioneerd bent door ADB-BUTINACA, dan is onze winkel de beste plek om ADB-BUTINACA online te kopen. U kunt ADB-BUTINACA te koop hebben tegen de laagste prijs. Bestel nu en ontvang hem binnenkort!","og_url":"https:\/\/rckopen.com\/cs\/produkt\/adb-butinaca\/","og_site_name":"RC Kopen","article_modified_time":"2025-02-03T05:23:51+00:00","og_image":[{"width":600,"height":600,"url":"https:\/\/rckopen.com\/wp-content\/uploads\/2023\/08\/adb-butinaca.jpg","type":"image\/jpeg"}],"twitter_card":"summary_large_image","twitter_misc":{"Odhadovan\u00e1 doba \u010dten\u00ed":"4 minuty"},"schema":{"@context":"https:\/\/schema.org","@graph":[{"@type":"WebPage","@id":"https:\/\/rckopen.com\/product\/adb-butinaca\/","url":"https:\/\/rckopen.com\/product\/adb-butinaca\/","name":"ADB-BUTINACA online kopen - ADB-BUTINACA online te koop","isPartOf":{"@id":"https:\/\/rckopen.com\/#website"},"primaryImageOfPage":{"@id":"https:\/\/rckopen.com\/product\/adb-butinaca\/#primaryimage"},"image":{"@id":"https:\/\/rckopen.com\/product\/adb-butinaca\/#primaryimage"},"thumbnailUrl":"https:\/\/rckopen.com\/wp-content\/uploads\/2023\/08\/adb-butinaca.jpg","datePublished":"2023-08-15T07:59:06+00:00","dateModified":"2025-02-03T05:23:51+00:00","description":"Als je gepassioneerd bent door ADB-BUTINACA, dan is onze winkel de beste plek om ADB-BUTINACA online te kopen. U kunt ADB-BUTINACA te koop hebben tegen de laagste prijs. Bestel nu en ontvang hem binnenkort!","breadcrumb":{"@id":"https:\/\/rckopen.com\/product\/adb-butinaca\/#breadcrumb"},"inLanguage":"cs","potentialAction":[{"@type":"ReadAction","target":["https:\/\/rckopen.com\/product\/adb-butinaca\/"]}]},{"@type":"ImageObject","inLanguage":"cs","@id":"https:\/\/rckopen.com\/product\/adb-butinaca\/#primaryimage","url":"https:\/\/rckopen.com\/wp-content\/uploads\/2023\/08\/adb-butinaca.jpg","contentUrl":"https:\/\/rckopen.com\/wp-content\/uploads\/2023\/08\/adb-butinaca.jpg","width":600,"height":600,"caption":"adb-butinaca online kopen"},{"@type":"BreadcrumbList","@id":"https:\/\/rckopen.com\/product\/adb-butinaca\/#breadcrumb","itemListElement":[{"@type":"ListItem","position":1,"name":"Home","item":"https:\/\/rckopen.com\/"},{"@type":"ListItem","position":2,"name":"Shop","item":"https:\/\/rckopen.com\/shop\/"},{"@type":"ListItem","position":3,"name":"adb-butinaca online kopen"}]},{"@type":"WebSite","@id":"https:\/\/rckopen.com\/#website","url":"https:\/\/rckopen.com\/","name":"RC Kopen","description":"Research Chemicals","potentialAction":[{"@type":"SearchAction","target":{"@type":"EntryPoint","urlTemplate":"https:\/\/rckopen.com\/?s={search_term_string}"},"query-input":{"@type":"PropertyValueSpecification","valueRequired":true,"valueName":"search_term_string"}}],"inLanguage":"cs"}]}},"_links":{"self":[{"href":"https:\/\/rckopen.com\/cs\/wp-json\/wp\/v2\/product\/6432","targetHints":{"allow":["GET"]}}],"collection":[{"href":"https:\/\/rckopen.com\/cs\/wp-json\/wp\/v2\/product"}],"about":[{"href":"https:\/\/rckopen.com\/cs\/wp-json\/wp\/v2\/types\/product"}],"replies":[{"embeddable":true,"href":"https:\/\/rckopen.com\/cs\/wp-json\/wp\/v2\/comments?post=6432"}],"wp:featuredmedia":[{"embeddable":true,"href":"https:\/\/rckopen.com\/cs\/wp-json\/wp\/v2\/media\/6453"}],"wp:attachment":[{"href":"https:\/\/rckopen.com\/cs\/wp-json\/wp\/v2\/media?parent=6432"}],"wp:term":[{"taxonomy":"product_brand","embeddable":true,"href":"https:\/\/rckopen.com\/cs\/wp-json\/wp\/v2\/product_brand?post=6432"},{"taxonomy":"product_cat","embeddable":true,"href":"https:\/\/rckopen.com\/cs\/wp-json\/wp\/v2\/product_cat?post=6432"},{"taxonomy":"product_tag","embeddable":true,"href":"https:\/\/rckopen.com\/cs\/wp-json\/wp\/v2\/product_tag?post=6432"}],"curies":[{"name":"wp","href":"https:\/\/api.w.org\/{rel}","templated":true}]}}