{"id":6438,"date":"2023-08-15T08:18:48","date_gmt":"2023-08-15T08:18:48","guid":{"rendered":"https:\/\/diligentplug.com\/chems\/?post_type=product&#038;p=6438"},"modified":"2025-02-04T05:41:31","modified_gmt":"2025-02-04T05:41:31","slug":"kopen-nep-poeder","status":"publish","type":"product","link":"https:\/\/rckopen.com\/cs\/produkt\/koupit-falesny-prasek\/","title":{"rendered":"Koupit fale\u0161n\u00fd pr\u00e1\u0161ek online"},"content":{"rendered":"<h2>rckopen.com nab\u00edz\u00ed produkty, kter\u00e9 nejsou ur\u010deny k lidsk\u00e9 spot\u0159eb\u011b.<br \/>\nAlgemene informatie NEP poeder online kopen<\/h2>\n<p>Koupit fale\u0161n\u00fd pr\u00e1\u0161ek online, N-ethylpentedron (NEP) je syntetick\u00fd stimulant. \u010casto m\u00e1 b\u00edlou nebo \u0161edavou barvu a dod\u00e1v\u00e1 se ve form\u011b pr\u00e1\u0161ku, skla nebo tablet. NEP m\u016f\u017ee b\u00fdt sm\u00edch\u00e1n s r\u016fzn\u00fdmi stimulanty, jako je kokain a MDMA, nebo se s nimi m\u016f\u017ee \u0161patn\u011b obchodovat.<\/p>\n<p>M\u016f\u017ee vypadat a von\u011bt stejn\u011b jako tyto l\u00e9ky. Bez testov\u00e1n\u00ed ve v\u00fdzkumn\u00e9m st\u0159edisku ji nelze rozli\u0161it.<a href=\"https:\/\/rckopen.com\/cs\/kategorie-produktu\/benzodiazepiny\/\">.<\/a><\/p>\n<h3>Chemick\u00e9 slo\u017een\u00ed pr\u00e1\u0161ku NEP<\/h3>\n<p>NEP neboli N-etyl-(nor)-pentedron m\u00e1 sv\u00e9 m\u00edsto ve t\u0159\u00edd\u011b syntetick\u00fdch katinon\u016f. Pentedron NEP m\u00e1 fenetylaminov\u00e9 j\u00e1dro (2 ethylamino 1) s alkylovou skupinou p\u0159ipojenou k alfa uhl\u00edku a kysl\u00edkovou skupinou p\u0159ipojenou k beta uhl\u00edku Kupte si pr\u00e1\u0161ek.<\/p>\n<p>NEP je dce\u0159inou l\u00e1tkou hexedronu; methylov\u00fd bunker p\u0159ipojen\u00fd k t\u00e9to molekule dus\u00edku je spojen a nahrazen ethylov\u00fdm bunkerem (2-ethylamino-1-fenylhexan 1). Druhou substituc\u00ed je ethylov\u00e1 vazba nav\u00e1zan\u00e1 na aminoskupinu na R N2 za vzniku N-ethylu.<a href=\"https:\/\/safemedistore.com\/product-category\/cannabinoids-for-sale\/\">.<\/a><\/p>\n<h3>Farmakologie pr\u00e1\u0161ku NEP<\/h3>\n<p>O farmakologii NEP toho nen\u00ed mnoho zn\u00e1mo. Nicm\u00e9n\u011b n-ethyl-nor-pentedron ( N-Ethylpentedron, Ethyl-pentedron nebo NEP ) je pokro\u010dil\u00fd energiz\u00e9r katinonov\u00e9 t\u0159\u00eddy s povzbuzuj\u00edc\u00edmi, euforick\u00fdmi \u00fa\u010dinky p\u0159i u\u017e\u00edv\u00e1n\u00ed.<\/p>\n<p>Zpr\u00e1vy z\u00e1kazn\u00edk\u016f popisuj\u00ed N-Ethylpentedron jako l\u00e1tku s euforick\u00fdm \u00fa\u010dinkem, o n\u00ed\u017e bylo v\u00fdslovn\u011b rozhodnuto, \u017ee kop\u00edruje vlastnosti zak\u00e1zan\u00fdch l\u00e1tek, co\u017e je podobn\u00e9 \u00fa\u010dink\u016fm kokainu a euforie.<\/p>\n<h3>Kupte si vysoce kvalitn\u00ed NEP pr\u00e1\u0161ek online.<\/h3>\n<p>Rckopen se dlouhodob\u011b anga\u017euje v chemick\u00e9m pr\u016fmyslu, co\u017e n\u00e1m umo\u017e\u0148uje garantovat pro na\u0161e produkty to nejlep\u0161\u00ed. Zde m\u016f\u017eete bezpe\u010dn\u011b koupit skv\u011bl\u00fd NEP pr\u00e1\u0161ek jako NEP pr\u00e1\u0161ek online.<\/p>\n<p>S v\u00fdzkumn\u00fdmi chemick\u00fdmi l\u00e1tkami, v\u010detn\u011b pentedronu N-Ethylpentedronu NEP, se zach\u00e1z\u00ed opatrn\u011b, jsou p\u0159epravov\u00e1ny, skladov\u00e1ny a uchov\u00e1v\u00e1ny v chladn\u00e9m a such\u00e9m prost\u0159ed\u00ed. V\u0161echny polo\u017eky jsou zpravidla p\u0159edem testov\u00e1ny na kvalitu, bezchybnost a bezpe\u010dnost. Pr\u00e1\u0161ek NEP skladujte trvale p\u0159i pokojov\u00e9 teplot\u011b.<\/p>\n<p>Ka\u017ed\u00e1 polo\u017eka je ozna\u010dena v\u00fdznamnou v\u00fdzkumnou chemik\u00e1li\u00ed a obsahuje dokument PDF s v\u00fdsledky laborato\u0159e ke sta\u017een\u00ed. M\u00e1te tak v\u017edy jistotu dobr\u00e9 kvality Pentedrone NEP. Nav\u00edc m\u00e1 ka\u017ed\u00e1 z na\u0161ich polo\u017eek f\u00e9rovou cenu!<\/p>\n<h3>Laboratorn\u011b testovan\u00fd pr\u00e1\u0161ek NEP s v\u00fdsledky.<\/h3>\n<p>Spole\u010dnost Rckopen d\u011bl\u00e1 pokroky sm\u011brem k celkov\u00e9 spokojenosti sv\u00fdch z\u00e1kazn\u00edk\u016f. N\u011bkolik pr\u016fzkum\u016f uk\u00e1zalo, \u017ee z\u00e1kazn\u00edci p\u0159ed n\u00e1kupem syntetick\u00fdch v\u00fdzkumn\u00fdch chemik\u00e1li\u00ed po\u017eaduj\u00ed co nejv\u00edce \u00fadaj\u016f. Nav\u00edc zve\u0159ej\u0148ujeme v\u0161echny laboratorn\u00ed v\u00fdsledky ka\u017ed\u00e9 v\u00fdzkumn\u00e9 slou\u010deniny v souboru PDF.<\/p>\n<p>N\u00e1\u0161 pr\u00e1\u0161ek NEP d\u016fsledn\u011b spl\u0148uje \u00fa\u010dinn\u00e9 l\u00e1tky a je okam\u017eit\u011b viditeln\u00fd pro v\u0161echny.<\/p>\n<p>V\u0161echny laboratorn\u00ed d\u016fsledky ka\u017ed\u00e9 v\u00fdzkumn\u00e9 chemick\u00e9 l\u00e1tky zve\u0159ej\u0148ujeme v dokumentu PDF.<\/p>\n<h3>Bezpe\u010dn\u00e9 objedn\u00e1v\u00e1n\u00ed na NEP pr\u00e1\u0161ek.<\/h3>\n<p>Designov\u00e9 v\u00fdzkumn\u00e9 chemik\u00e1lie Rckopen maj\u00ed vynikaj\u00edc\u00ed kvalitu a p\u0159\u00edznivou cenu. V okam\u017eiku, kdy si u TRRCSHOPu vy\u017e\u00e1d\u00e1te NEP pr\u00e1\u0161ek, zaru\u010dujeme, \u017ee v\u00e1m bude rychle a bezpe\u010dn\u011b doru\u010den dom\u016f.<\/p>\n<p>Po\u017e\u00e1dat o syntetick\u00e9 v\u00fdzkumn\u00e9 spojen\u00ed pomoc\u00ed Bitcoinu nebo bankovn\u00edm p\u0159evodem je na Rckopen snadn\u00e9.<\/p>\n<p>Pr\u00e1\u0161ek NEP odes\u00edl\u00e1me je\u0161t\u011b t\u00fd\u017e pracovn\u00ed den, pokud platbu obdr\u017e\u00edte do 14:00 hodin st\u0159edoevropsk\u00e9ho \u010dasu. Neodes\u00edl\u00e1me v sobotu, v ned\u011bli ani o st\u00e1tn\u00edch\/mezin\u00e1rodn\u00edch sv\u00e1tc\u00edch.<\/p>\n<h3>Diskr\u00e9tn\u00ed p\u0159eprava v\u00fdzkumn\u00fdch chemik\u00e1li\u00ed.<\/h3>\n<p>Zat\u00edmco chemik\u00e1lie pro v\u00fdzkum n\u00e1vrh\u00e1\u0159\u016f jsou leg\u00e1ln\u011b dostupn\u00e9 ke koupi online, v Rckopen se sna\u017e\u00edme dod\u00e1vat ty nejbezpe\u010dn\u011bj\u0161\u00ed a nejrozumn\u011bj\u0161\u00ed. Nejprve se p\u0159edm\u011bt um\u00edst\u00ed do s\u00e1\u010dku a pot\u00e9 se vlo\u017e\u00ed do s\u00e1\u010dku, kde se dvakr\u00e1t sp\u00e1l\u00ed. V\u011bci bal\u00edme velmi neviditeln\u011b a zvenku nen\u00ed vid\u011bt nic z toho, co by mohlo b\u00fdt uvnit\u0159.<\/p>\n<p>P\u0159i odhla\u0161ov\u00e1n\u00ed zvolte sledovan\u00e9 doru\u010den\u00ed, abyste mohli objedn\u00e1vku postupn\u011b sledovat. Nap\u0159\u00edklad objedn\u00e1vky nad 500 EUR jsou sledov\u00e1ny zdarma.<\/p>\n<p>Osob\u00e1m mlad\u0161\u00edm 18 let zbo\u017e\u00ed nedoru\u010dujeme!<\/p>\n<h3>Bezpe\u010dnostn\u00ed opat\u0159en\u00ed<\/h3>\n<ul>\n<li>RC nab\u00edzen\u00e9 na Rckopenu jsou ur\u010deny pro v\u00fdzkumn\u00e9 \u00fa\u010dely; konzumace lidmi je p\u0159\u00edsn\u011b zak\u00e1z\u00e1na.<\/li>\n<li>Kupte si spr\u00e1vn\u00e9 individu\u00e1ln\u00ed ochrann\u00e9 pom\u016fcky, jako jsou br\u00fdle a rukavice. \u010cist\u011bte je a \u0159\u00e1dn\u011b o n\u011b pe\u010dujte. P\u0159i manipulaci s chemick\u00fdmi l\u00e1tkami pro v\u00fdzkum dodr\u017eujte bezpe\u010dn\u00e9 syst\u00e9my a necho\u010fte zkratkou.<\/li>\n<li>Pokud se chemick\u00e1 l\u00e1tka ze studie dostane do o\u010d\u00ed, dob\u0159e je vypl\u00e1chn\u011bte a vyjm\u011bte kontaktn\u00ed \u010do\u010dky, pokud je to nezbytn\u00e9.<\/li>\n<li>P\u0159i pou\u017e\u00edv\u00e1n\u00ed t\u011bchto chemik\u00e1li\u00ed se sna\u017ete pou\u017e\u00edvat masku, aby do v\u00e1s nemohly pronikat p\u0159i d\u00fdch\u00e1n\u00ed.<\/li>\n<li>Jak je uvedeno v podporovan\u00fdch metod\u00e1ch, m\u011bli byste s nebezpe\u010dn\u00fdmi materi\u00e1ly zach\u00e1zet, skladovat je a likvidovat bezpe\u010dn\u011b. Nikdy je nevyl\u00e9vejte do kanalizace nebo kan\u00e1l\u016f.<\/li>\n<li>V\u00fdzkumn\u00e9 chemik\u00e1lie skladujte spr\u00e1vn\u011b podle n\u00e1zvu. Ho\u0159lav\u00e9 chemik\u00e1lie by m\u011bly b\u00fdt skladov\u00e1ny na such\u00e9m m\u00edst\u011b bez p\u0159\u00edstupu intenzity a denn\u00edho sv\u011btla. N\u011bkter\u00e9 syntetick\u00e9 l\u00e1tky, jako jsou kyseliny, by m\u011bly b\u00fdt skladov\u00e1ny samostatn\u011b.<\/li>\n<\/ul>","protected":false},"excerpt":{"rendered":"<p><strong>N\u00e1zev IUPAC: <\/strong>2-(ethylamino)-1-fenyl-1-pentanon<\/p>\n<p><strong>CAS # <\/strong>779974-89-9<\/p>\n<p><strong>Dal\u0161\u00ed n\u00e1zev: <\/strong>N-etyl-nor-pentron<\/p>","protected":false},"featured_media":6458,"comment_status":"open","ping_status":"closed","template":"","meta":{"_joinchat":[]},"product_brand":[],"product_cat":[134],"product_tag":[],"class_list":{"0":"post-6438","1":"product","2":"type-product","3":"status-publish","4":"has-post-thumbnail","6":"product_cat-cathinon","8":"first","9":"instock","10":"shipping-taxable","11":"purchasable","12":"product-type-variable"},"yoast_head":"<!-- This site is optimized with the Yoast SEO plugin v26.3 - https:\/\/yoast.com\/wordpress\/plugins\/seo\/ -->\n<title>Nep Poeder online kopen - Nep Poeder Europa te koop<\/title>\n<meta name=\"description\" content=\"Als u Nep Poeder Europe online wilt kopen, kan onze online rc kopen-winkel u helpen. We hebben Nep Powder Europe hier te koop tegen de beste prijzen.\" \/>\n<meta name=\"robots\" content=\"index, follow, max-snippet:-1, max-image-preview:large, max-video-preview:-1\" \/>\n<link rel=\"canonical\" href=\"https:\/\/rckopen.com\/cs\/produkt\/koupit-falesny-prasek\/\" \/>\n<meta property=\"og:locale\" content=\"cs_CZ\" \/>\n<meta property=\"og:type\" content=\"article\" \/>\n<meta property=\"og:title\" content=\"Nep Poeder online kopen - Nep Poeder Europa te koop\" \/>\n<meta property=\"og:description\" content=\"Als u Nep Poeder Europe online wilt kopen, kan onze online rc kopen-winkel u helpen. We hebben Nep Powder Europe hier te koop tegen de beste prijzen.\" \/>\n<meta property=\"og:url\" content=\"https:\/\/rckopen.com\/cs\/produkt\/koupit-falesny-prasek\/\" \/>\n<meta property=\"og:site_name\" content=\"RC Kopen\" \/>\n<meta property=\"article:modified_time\" content=\"2025-02-04T05:41:31+00:00\" \/>\n<meta property=\"og:image\" content=\"https:\/\/rckopen.com\/wp-content\/uploads\/2023\/08\/Nep-powder-Europe.jpg\" \/>\n\t<meta property=\"og:image:width\" content=\"600\" \/>\n\t<meta property=\"og:image:height\" content=\"600\" \/>\n\t<meta property=\"og:image:type\" content=\"image\/jpeg\" \/>\n<meta name=\"twitter:card\" content=\"summary_large_image\" \/>\n<meta name=\"twitter:label1\" content=\"Odhadovan\u00e1 doba \u010dten\u00ed\" \/>\n\t<meta name=\"twitter:data1\" content=\"4 minuty\" \/>\n<script type=\"application\/ld+json\" class=\"yoast-schema-graph\">{\"@context\":\"https:\/\/schema.org\",\"@graph\":[{\"@type\":\"WebPage\",\"@id\":\"https:\/\/rckopen.com\/product\/kopen-nep-poeder\/\",\"url\":\"https:\/\/rckopen.com\/product\/kopen-nep-poeder\/\",\"name\":\"Nep Poeder online kopen - Nep Poeder Europa te koop\",\"isPartOf\":{\"@id\":\"https:\/\/rckopen.com\/#website\"},\"primaryImageOfPage\":{\"@id\":\"https:\/\/rckopen.com\/product\/kopen-nep-poeder\/#primaryimage\"},\"image\":{\"@id\":\"https:\/\/rckopen.com\/product\/kopen-nep-poeder\/#primaryimage\"},\"thumbnailUrl\":\"https:\/\/rckopen.com\/wp-content\/uploads\/2023\/08\/Nep-powder-Europe.jpg\",\"datePublished\":\"2023-08-15T08:18:48+00:00\",\"dateModified\":\"2025-02-04T05:41:31+00:00\",\"description\":\"Als u Nep Poeder Europe online wilt kopen, kan onze online rc kopen-winkel u helpen. We hebben Nep Powder Europe hier te koop tegen de beste prijzen.\",\"breadcrumb\":{\"@id\":\"https:\/\/rckopen.com\/product\/kopen-nep-poeder\/#breadcrumb\"},\"inLanguage\":\"cs\",\"potentialAction\":[{\"@type\":\"ReadAction\",\"target\":[\"https:\/\/rckopen.com\/product\/kopen-nep-poeder\/\"]}]},{\"@type\":\"ImageObject\",\"inLanguage\":\"cs\",\"@id\":\"https:\/\/rckopen.com\/product\/kopen-nep-poeder\/#primaryimage\",\"url\":\"https:\/\/rckopen.com\/wp-content\/uploads\/2023\/08\/Nep-powder-Europe.jpg\",\"contentUrl\":\"https:\/\/rckopen.com\/wp-content\/uploads\/2023\/08\/Nep-powder-Europe.jpg\",\"width\":600,\"height\":600,\"caption\":\"Nep Poeder online kopen\"},{\"@type\":\"BreadcrumbList\",\"@id\":\"https:\/\/rckopen.com\/product\/kopen-nep-poeder\/#breadcrumb\",\"itemListElement\":[{\"@type\":\"ListItem\",\"position\":1,\"name\":\"Home\",\"item\":\"https:\/\/rckopen.com\/\"},{\"@type\":\"ListItem\",\"position\":2,\"name\":\"Shop\",\"item\":\"https:\/\/rckopen.com\/shop\/\"},{\"@type\":\"ListItem\",\"position\":3,\"name\":\"Nep poeder online kopen\"}]},{\"@type\":\"WebSite\",\"@id\":\"https:\/\/rckopen.com\/#website\",\"url\":\"https:\/\/rckopen.com\/\",\"name\":\"RC Kopen\",\"description\":\"Research Chemicals\",\"potentialAction\":[{\"@type\":\"SearchAction\",\"target\":{\"@type\":\"EntryPoint\",\"urlTemplate\":\"https:\/\/rckopen.com\/?s={search_term_string}\"},\"query-input\":{\"@type\":\"PropertyValueSpecification\",\"valueRequired\":true,\"valueName\":\"search_term_string\"}}],\"inLanguage\":\"cs\"}]}<\/script>\n<!-- \/ Yoast SEO plugin. -->","yoast_head_json":{"title":"Nep Poeder online kopen - Nep Poeder Europa te koop","description":"Als u Nep Poeder Europe online wilt kopen, kan onze online rc kopen-winkel u helpen. We hebben Nep Powder Europe hier te koop tegen de beste prijzen.","robots":{"index":"index","follow":"follow","max-snippet":"max-snippet:-1","max-image-preview":"max-image-preview:large","max-video-preview":"max-video-preview:-1"},"canonical":"https:\/\/rckopen.com\/cs\/produkt\/koupit-falesny-prasek\/","og_locale":"cs_CZ","og_type":"article","og_title":"Nep Poeder online kopen - Nep Poeder Europa te koop","og_description":"Als u Nep Poeder Europe online wilt kopen, kan onze online rc kopen-winkel u helpen. We hebben Nep Powder Europe hier te koop tegen de beste prijzen.","og_url":"https:\/\/rckopen.com\/cs\/produkt\/koupit-falesny-prasek\/","og_site_name":"RC Kopen","article_modified_time":"2025-02-04T05:41:31+00:00","og_image":[{"width":600,"height":600,"url":"https:\/\/rckopen.com\/wp-content\/uploads\/2023\/08\/Nep-powder-Europe.jpg","type":"image\/jpeg"}],"twitter_card":"summary_large_image","twitter_misc":{"Odhadovan\u00e1 doba \u010dten\u00ed":"4 minuty"},"schema":{"@context":"https:\/\/schema.org","@graph":[{"@type":"WebPage","@id":"https:\/\/rckopen.com\/product\/kopen-nep-poeder\/","url":"https:\/\/rckopen.com\/product\/kopen-nep-poeder\/","name":"Nep Poeder online kopen - Nep Poeder Europa te koop","isPartOf":{"@id":"https:\/\/rckopen.com\/#website"},"primaryImageOfPage":{"@id":"https:\/\/rckopen.com\/product\/kopen-nep-poeder\/#primaryimage"},"image":{"@id":"https:\/\/rckopen.com\/product\/kopen-nep-poeder\/#primaryimage"},"thumbnailUrl":"https:\/\/rckopen.com\/wp-content\/uploads\/2023\/08\/Nep-powder-Europe.jpg","datePublished":"2023-08-15T08:18:48+00:00","dateModified":"2025-02-04T05:41:31+00:00","description":"Als u Nep Poeder Europe online wilt kopen, kan onze online rc kopen-winkel u helpen. We hebben Nep Powder Europe hier te koop tegen de beste prijzen.","breadcrumb":{"@id":"https:\/\/rckopen.com\/product\/kopen-nep-poeder\/#breadcrumb"},"inLanguage":"cs","potentialAction":[{"@type":"ReadAction","target":["https:\/\/rckopen.com\/product\/kopen-nep-poeder\/"]}]},{"@type":"ImageObject","inLanguage":"cs","@id":"https:\/\/rckopen.com\/product\/kopen-nep-poeder\/#primaryimage","url":"https:\/\/rckopen.com\/wp-content\/uploads\/2023\/08\/Nep-powder-Europe.jpg","contentUrl":"https:\/\/rckopen.com\/wp-content\/uploads\/2023\/08\/Nep-powder-Europe.jpg","width":600,"height":600,"caption":"Nep Poeder online kopen"},{"@type":"BreadcrumbList","@id":"https:\/\/rckopen.com\/product\/kopen-nep-poeder\/#breadcrumb","itemListElement":[{"@type":"ListItem","position":1,"name":"Home","item":"https:\/\/rckopen.com\/"},{"@type":"ListItem","position":2,"name":"Shop","item":"https:\/\/rckopen.com\/shop\/"},{"@type":"ListItem","position":3,"name":"Nep poeder online kopen"}]},{"@type":"WebSite","@id":"https:\/\/rckopen.com\/#website","url":"https:\/\/rckopen.com\/","name":"RC Kopen","description":"Research Chemicals","potentialAction":[{"@type":"SearchAction","target":{"@type":"EntryPoint","urlTemplate":"https:\/\/rckopen.com\/?s={search_term_string}"},"query-input":{"@type":"PropertyValueSpecification","valueRequired":true,"valueName":"search_term_string"}}],"inLanguage":"cs"}]}},"_links":{"self":[{"href":"https:\/\/rckopen.com\/cs\/wp-json\/wp\/v2\/product\/6438","targetHints":{"allow":["GET"]}}],"collection":[{"href":"https:\/\/rckopen.com\/cs\/wp-json\/wp\/v2\/product"}],"about":[{"href":"https:\/\/rckopen.com\/cs\/wp-json\/wp\/v2\/types\/product"}],"replies":[{"embeddable":true,"href":"https:\/\/rckopen.com\/cs\/wp-json\/wp\/v2\/comments?post=6438"}],"wp:featuredmedia":[{"embeddable":true,"href":"https:\/\/rckopen.com\/cs\/wp-json\/wp\/v2\/media\/6458"}],"wp:attachment":[{"href":"https:\/\/rckopen.com\/cs\/wp-json\/wp\/v2\/media?parent=6438"}],"wp:term":[{"taxonomy":"product_brand","embeddable":true,"href":"https:\/\/rckopen.com\/cs\/wp-json\/wp\/v2\/product_brand?post=6438"},{"taxonomy":"product_cat","embeddable":true,"href":"https:\/\/rckopen.com\/cs\/wp-json\/wp\/v2\/product_cat?post=6438"},{"taxonomy":"product_tag","embeddable":true,"href":"https:\/\/rckopen.com\/cs\/wp-json\/wp\/v2\/product_tag?post=6438"}],"curies":[{"name":"wp","href":"https:\/\/api.w.org\/{rel}","templated":true}]}}