{"id":6439,"date":"2023-08-15T08:20:39","date_gmt":"2023-08-15T08:20:39","guid":{"rendered":"https:\/\/diligentplug.com\/chems\/?post_type=product&#038;p=6439"},"modified":"2025-02-04T05:12:59","modified_gmt":"2025-02-04T05:12:59","slug":"mephedrene-kopen","status":"publish","type":"product","link":"https:\/\/rckopen.com\/cs\/produkt\/koupit-mephedrene\/","title":{"rendered":"Koupit mefedren online"},"content":{"rendered":"<h1>Koupit 5-MMPA (mefedren) online<\/h1>\n<p>Mefedren Koupit, 5-MMPA (mefedren nebo 5-Methylmethiopropamin) je nov\u00e1 stimula\u010dn\u00ed chemick\u00e1 l\u00e1tka, kter\u00e1 spad\u00e1 do rodiny katinon\u016f. O t\u00e9to chemick\u00e9 l\u00e1tce toho zat\u00edm nebylo mnoho uvedeno, proto\u017ee je na trhu s v\u00fdzkumn\u00fdmi chemik\u00e1liemi k dispozici teprve od \u010dervna 2020! 5-MMPA lze p\u0159irovnat k methiopropaminu (MPA) a 4-FA (4-fluoroamfetamin) a je tak\u00e9 analogem mefedronu (4MMC).<a href=\"https:\/\/safemedistore.com\/\">.<\/a><\/p>\n<p>Chcete si koupit 5-MMPA (Mefedren) online? Pak u\u017e nehledejte nic jin\u00e9ho ne\u017e [webov\u00e1 str\u00e1nka], p\u0159edn\u00ed zdroj vysoce kvalitn\u00edch v\u00fdzkumn\u00fdch chemik\u00e1li\u00ed. Nab\u00edz\u00edme 5-MMPA na prodej a m\u016f\u017eeme jej dodat z\u00e1kazn\u00edk\u016fm po cel\u00e9m sv\u011bt\u011b, v\u010detn\u011b Kanady, N\u011bmecka, Indon\u00e9sie, Evropy, Afriky, Izraele, Ruska, Nizozemska, Turecka, Thajska, Japonska a mnoha dal\u0161\u00edch zem\u00ed.<\/p>\n<p>Ve spole\u010dnosti rckopen.com jsme hrd\u00ed na to, \u017ee na\u0161im z\u00e1kazn\u00edk\u016fm nab\u00edz\u00edme produkty nejvy\u0161\u0161\u00ed kvality. V\u0161echny na\u0161e produkty jsou pe\u010dliv\u011b testov\u00e1ny na \u010distotu a \u00fa\u010dinnost a spolupracujeme pouze se spolehliv\u00fdmi dodavateli, abychom zajistili, \u017ee na\u0161i z\u00e1kazn\u00edci v\u017edy obdr\u017e\u00ed ty nejlep\u0161\u00ed mo\u017en\u00e9 produkty.<a href=\"https:\/\/rckopen.com\/cs\/produkt\/zelene-bali\/\">.<\/a><\/p>\n<p>Objedn\u00e1n\u00ed 5-MMPA z kansobiotech.com je snadn\u00e9 a bezpe\u010dn\u00e9. P\u0159ij\u00edm\u00e1me r\u016fzn\u00e9 platebn\u00ed metody, v\u010detn\u011b Bitcoin, Bankovn\u00ed p\u0159evody Ch\u00e1peme, \u017ee na\u0161i z\u00e1kazn\u00edci si cen\u00ed soukrom\u00ed a diskr\u00e9tnosti, a proto zaji\u0161\u0165ujeme, aby v\u0161echny objedn\u00e1vky byly diskr\u00e9tn\u011b zabaleny a rychle odesl\u00e1ny.<\/p>\n<p>Pokud hled\u00e1te spolehliv\u00fd zdroj 5-MMPA, nehledejte nic jin\u00e9ho ne\u017e kansobiotech.com. Na\u0161\u00edm c\u00edlem je poskytovat na\u0161im z\u00e1kazn\u00edk\u016fm ty nejlep\u0161\u00ed mo\u017en\u00e9 produkty a slu\u017eby a jsme si jisti, \u017ee budete s n\u00e1kupem spokojeni. Objednejte si je\u0161t\u011b dnes a objevte sami rozd\u00edl [webov\u00e1 str\u00e1nka]!<\/p>\n<p>rckopen.com nab\u00edz\u00ed produkty, kter\u00e9 nejsou ur\u010deny k lidsk\u00e9 spot\u0159eb\u011b. Konzumace tohoto v\u00fdrobku (ne\u00famysln\u00e1) by mohla m\u00edt v\u00e1\u017en\u00e9 zdravotn\u00ed n\u00e1sledky.<\/p>","protected":false},"excerpt":{"rendered":"<p><strong>N\u00e1zev IUPAC: <\/strong>N-methyl-1-(5-methylthiofen-2-yl)propan-2-amin<\/p>\n<p><strong>CAS # <\/strong>1340105-79-4<\/p>\n<p><strong>Dal\u0161\u00ed n\u00e1zev: <\/strong>5-MMPA<\/p>\n<p><strong>NMR anal\u00fdza: <\/strong>C9H15NS<\/p>","protected":false},"featured_media":6459,"comment_status":"open","ping_status":"closed","template":"","meta":{"_joinchat":[]},"product_brand":[],"product_cat":[134],"product_tag":[],"class_list":{"0":"post-6439","1":"product","2":"type-product","3":"status-publish","4":"has-post-thumbnail","6":"product_cat-cathinon","8":"first","9":"instock","10":"shipping-taxable","11":"purchasable","12":"product-type-variable"},"yoast_head":"<!-- This site is optimized with the Yoast SEO plugin v26.3 - https:\/\/yoast.com\/wordpress\/plugins\/seo\/ -->\n<title>Mephedrene online Kopen - Mephedrene te koop | RC Kopen<\/title>\n<meta name=\"description\" content=\"Mephedrene Kopen, RC Kopen is een toonaangevende winkel waar u online wiet kunt kopen, Mephedrene online kunt kopen tegen de beste prijs.\" \/>\n<meta name=\"robots\" content=\"index, follow, max-snippet:-1, max-image-preview:large, max-video-preview:-1\" \/>\n<link rel=\"canonical\" href=\"https:\/\/rckopen.com\/cs\/produkt\/koupit-mephedrene\/\" \/>\n<meta property=\"og:locale\" content=\"cs_CZ\" \/>\n<meta property=\"og:type\" content=\"article\" \/>\n<meta property=\"og:title\" content=\"Mephedrene online Kopen - Mephedrene te koop | RC Kopen\" \/>\n<meta property=\"og:description\" content=\"Mephedrene Kopen, RC Kopen is een toonaangevende winkel waar u online wiet kunt kopen, Mephedrene online kunt kopen tegen de beste prijs.\" \/>\n<meta property=\"og:url\" content=\"https:\/\/rckopen.com\/cs\/produkt\/koupit-mephedrene\/\" \/>\n<meta property=\"og:site_name\" content=\"RC Kopen\" \/>\n<meta property=\"article:modified_time\" content=\"2025-02-04T05:12:59+00:00\" \/>\n<meta property=\"og:image\" content=\"https:\/\/rckopen.com\/wp-content\/uploads\/2023\/08\/Mephedrone.jpg\" \/>\n\t<meta property=\"og:image:width\" content=\"600\" \/>\n\t<meta property=\"og:image:height\" content=\"600\" \/>\n\t<meta property=\"og:image:type\" content=\"image\/jpeg\" \/>\n<meta name=\"twitter:card\" content=\"summary_large_image\" \/>\n<meta name=\"twitter:label1\" content=\"Odhadovan\u00e1 doba \u010dten\u00ed\" \/>\n\t<meta name=\"twitter:data1\" content=\"2 minuty\" \/>\n<script type=\"application\/ld+json\" class=\"yoast-schema-graph\">{\"@context\":\"https:\/\/schema.org\",\"@graph\":[{\"@type\":\"WebPage\",\"@id\":\"https:\/\/rckopen.com\/product\/mephedrene-kopen\/\",\"url\":\"https:\/\/rckopen.com\/product\/mephedrene-kopen\/\",\"name\":\"Mephedrene online Kopen - Mephedrene te koop | RC Kopen\",\"isPartOf\":{\"@id\":\"https:\/\/rckopen.com\/#website\"},\"primaryImageOfPage\":{\"@id\":\"https:\/\/rckopen.com\/product\/mephedrene-kopen\/#primaryimage\"},\"image\":{\"@id\":\"https:\/\/rckopen.com\/product\/mephedrene-kopen\/#primaryimage\"},\"thumbnailUrl\":\"https:\/\/rckopen.com\/wp-content\/uploads\/2023\/08\/Mephedrone.jpg\",\"datePublished\":\"2023-08-15T08:20:39+00:00\",\"dateModified\":\"2025-02-04T05:12:59+00:00\",\"description\":\"Mephedrene Kopen, RC Kopen is een toonaangevende winkel waar u online wiet kunt kopen, Mephedrene online kunt kopen tegen de beste prijs.\",\"breadcrumb\":{\"@id\":\"https:\/\/rckopen.com\/product\/mephedrene-kopen\/#breadcrumb\"},\"inLanguage\":\"cs\",\"potentialAction\":[{\"@type\":\"ReadAction\",\"target\":[\"https:\/\/rckopen.com\/product\/mephedrene-kopen\/\"]}]},{\"@type\":\"ImageObject\",\"inLanguage\":\"cs\",\"@id\":\"https:\/\/rckopen.com\/product\/mephedrene-kopen\/#primaryimage\",\"url\":\"https:\/\/rckopen.com\/wp-content\/uploads\/2023\/08\/Mephedrone.jpg\",\"contentUrl\":\"https:\/\/rckopen.com\/wp-content\/uploads\/2023\/08\/Mephedrone.jpg\",\"width\":600,\"height\":600,\"caption\":\"Mephedrene online Kopen\"},{\"@type\":\"BreadcrumbList\",\"@id\":\"https:\/\/rckopen.com\/product\/mephedrene-kopen\/#breadcrumb\",\"itemListElement\":[{\"@type\":\"ListItem\",\"position\":1,\"name\":\"Home\",\"item\":\"https:\/\/rckopen.com\/\"},{\"@type\":\"ListItem\",\"position\":2,\"name\":\"Shop\",\"item\":\"https:\/\/rckopen.com\/shop\/\"},{\"@type\":\"ListItem\",\"position\":3,\"name\":\"Mephedrene online kopen\"}]},{\"@type\":\"WebSite\",\"@id\":\"https:\/\/rckopen.com\/#website\",\"url\":\"https:\/\/rckopen.com\/\",\"name\":\"RC Kopen\",\"description\":\"Research Chemicals\",\"potentialAction\":[{\"@type\":\"SearchAction\",\"target\":{\"@type\":\"EntryPoint\",\"urlTemplate\":\"https:\/\/rckopen.com\/?s={search_term_string}\"},\"query-input\":{\"@type\":\"PropertyValueSpecification\",\"valueRequired\":true,\"valueName\":\"search_term_string\"}}],\"inLanguage\":\"cs\"}]}<\/script>\n<!-- \/ Yoast SEO plugin. -->","yoast_head_json":{"title":"Mephedrene online Kopen - Mephedrene te koop | RC Kopen","description":"Mephedrene Kopen, RC Kopen is een toonaangevende winkel waar u online wiet kunt kopen, Mephedrene online kunt kopen tegen de beste prijs.","robots":{"index":"index","follow":"follow","max-snippet":"max-snippet:-1","max-image-preview":"max-image-preview:large","max-video-preview":"max-video-preview:-1"},"canonical":"https:\/\/rckopen.com\/cs\/produkt\/koupit-mephedrene\/","og_locale":"cs_CZ","og_type":"article","og_title":"Mephedrene online Kopen - Mephedrene te koop | RC Kopen","og_description":"Mephedrene Kopen, RC Kopen is een toonaangevende winkel waar u online wiet kunt kopen, Mephedrene online kunt kopen tegen de beste prijs.","og_url":"https:\/\/rckopen.com\/cs\/produkt\/koupit-mephedrene\/","og_site_name":"RC Kopen","article_modified_time":"2025-02-04T05:12:59+00:00","og_image":[{"width":600,"height":600,"url":"https:\/\/rckopen.com\/wp-content\/uploads\/2023\/08\/Mephedrone.jpg","type":"image\/jpeg"}],"twitter_card":"summary_large_image","twitter_misc":{"Odhadovan\u00e1 doba \u010dten\u00ed":"2 minuty"},"schema":{"@context":"https:\/\/schema.org","@graph":[{"@type":"WebPage","@id":"https:\/\/rckopen.com\/product\/mephedrene-kopen\/","url":"https:\/\/rckopen.com\/product\/mephedrene-kopen\/","name":"Mephedrene online Kopen - Mephedrene te koop | RC Kopen","isPartOf":{"@id":"https:\/\/rckopen.com\/#website"},"primaryImageOfPage":{"@id":"https:\/\/rckopen.com\/product\/mephedrene-kopen\/#primaryimage"},"image":{"@id":"https:\/\/rckopen.com\/product\/mephedrene-kopen\/#primaryimage"},"thumbnailUrl":"https:\/\/rckopen.com\/wp-content\/uploads\/2023\/08\/Mephedrone.jpg","datePublished":"2023-08-15T08:20:39+00:00","dateModified":"2025-02-04T05:12:59+00:00","description":"Mephedrene Kopen, RC Kopen is een toonaangevende winkel waar u online wiet kunt kopen, Mephedrene online kunt kopen tegen de beste prijs.","breadcrumb":{"@id":"https:\/\/rckopen.com\/product\/mephedrene-kopen\/#breadcrumb"},"inLanguage":"cs","potentialAction":[{"@type":"ReadAction","target":["https:\/\/rckopen.com\/product\/mephedrene-kopen\/"]}]},{"@type":"ImageObject","inLanguage":"cs","@id":"https:\/\/rckopen.com\/product\/mephedrene-kopen\/#primaryimage","url":"https:\/\/rckopen.com\/wp-content\/uploads\/2023\/08\/Mephedrone.jpg","contentUrl":"https:\/\/rckopen.com\/wp-content\/uploads\/2023\/08\/Mephedrone.jpg","width":600,"height":600,"caption":"Mephedrene online Kopen"},{"@type":"BreadcrumbList","@id":"https:\/\/rckopen.com\/product\/mephedrene-kopen\/#breadcrumb","itemListElement":[{"@type":"ListItem","position":1,"name":"Home","item":"https:\/\/rckopen.com\/"},{"@type":"ListItem","position":2,"name":"Shop","item":"https:\/\/rckopen.com\/shop\/"},{"@type":"ListItem","position":3,"name":"Mephedrene online kopen"}]},{"@type":"WebSite","@id":"https:\/\/rckopen.com\/#website","url":"https:\/\/rckopen.com\/","name":"RC Kopen","description":"Research Chemicals","potentialAction":[{"@type":"SearchAction","target":{"@type":"EntryPoint","urlTemplate":"https:\/\/rckopen.com\/?s={search_term_string}"},"query-input":{"@type":"PropertyValueSpecification","valueRequired":true,"valueName":"search_term_string"}}],"inLanguage":"cs"}]}},"_links":{"self":[{"href":"https:\/\/rckopen.com\/cs\/wp-json\/wp\/v2\/product\/6439","targetHints":{"allow":["GET"]}}],"collection":[{"href":"https:\/\/rckopen.com\/cs\/wp-json\/wp\/v2\/product"}],"about":[{"href":"https:\/\/rckopen.com\/cs\/wp-json\/wp\/v2\/types\/product"}],"replies":[{"embeddable":true,"href":"https:\/\/rckopen.com\/cs\/wp-json\/wp\/v2\/comments?post=6439"}],"wp:featuredmedia":[{"embeddable":true,"href":"https:\/\/rckopen.com\/cs\/wp-json\/wp\/v2\/media\/6459"}],"wp:attachment":[{"href":"https:\/\/rckopen.com\/cs\/wp-json\/wp\/v2\/media?parent=6439"}],"wp:term":[{"taxonomy":"product_brand","embeddable":true,"href":"https:\/\/rckopen.com\/cs\/wp-json\/wp\/v2\/product_brand?post=6439"},{"taxonomy":"product_cat","embeddable":true,"href":"https:\/\/rckopen.com\/cs\/wp-json\/wp\/v2\/product_cat?post=6439"},{"taxonomy":"product_tag","embeddable":true,"href":"https:\/\/rckopen.com\/cs\/wp-json\/wp\/v2\/product_tag?post=6439"}],"curies":[{"name":"wp","href":"https:\/\/api.w.org\/{rel}","templated":true}]}}