{"id":6440,"date":"2023-08-15T08:24:49","date_gmt":"2023-08-15T08:24:49","guid":{"rendered":"https:\/\/diligentplug.com\/chems\/?post_type=product&#038;p=6440"},"modified":"2025-02-04T04:26:11","modified_gmt":"2025-02-04T04:26:11","slug":"mdphp-freebase","status":"publish","type":"product","link":"https:\/\/rckopen.com\/cs\/produkt\/mdphp-freebase\/","title":{"rendered":"Koupit MDPHP freebase online"},"content":{"rendered":"<h2>Algemene informatie over MDPHP FREEBASE online kopen<\/h2>\n<p><a href=\"https:\/\/rckopen.com\/cs\/produkt\/mdphp-freebase\/\">Kupte si MDPHP Freebase online<\/a>, MDPHP Freebase je v\u00fdzkumn\u00e1 chemik\u00e1lie ve t\u0159\u00edd\u011b slou\u010denin katinon\u016f. V\u011bdeck\u00e9 studie jej \u010dasto vyu\u017e\u00edvaj\u00ed ke zkoum\u00e1n\u00ed jeho farmakologick\u00fdch \u00fa\u010dink\u016f a potenci\u00e1ln\u00edch chemik\u00e1li\u00ed. MDPHP Freebase je zn\u00e1m\u00e1 pod sv\u00fdm \u00fapln\u00fdm chemick\u00fdm n\u00e1zvem, 3',4'-methylendioxy-\u03b1-pyrrolidinohexanofenon Freebase<a href=\"https:\/\/rckopen.com\/cs\/produkt\/3-pelety-fpm-60-mg\/\">.<\/a><\/p>\n<p>Obvykle se prod\u00e1v\u00e1 v mal\u00fdch mno\u017estv\u00edch ve form\u011b pr\u00e1\u0161ku nebo krystal\u016f a v\u00fdzkumn\u00ed pracovn\u00edci a v\u011bdci jej \u010dasto nakupuj\u00ed online.<\/p>\n<p>Van <a href=\"https:\/\/en.wikipedia.org\/wiki\/MDPHP\">MDPHP<\/a> Je zn\u00e1mo, \u017ee Freebase m\u00e1 stejn\u00e9 \u00fa\u010dinky jako jin\u00e9 deriv\u00e1ty kathinonu, jako je methcathinone a mefedron.<\/p>\n<p>Vy\u017eaduje p\u0159\u00edsn\u00e1 bezpe\u010dnostn\u00ed opat\u0159en\u00ed p\u0159i manipulaci s MDPHP Freebase a jeho pou\u017e\u00edv\u00e1n\u00ed v laboratorn\u00edm prost\u0159ed\u00ed.<a href=\"https:\/\/chemswell.com\/product\/pink-kenzo-tiger-230mg-mdma\/\">.<\/a><\/p>\n<h3>Chemick\u00e9 slo\u017een\u00ed MDPHP FREEBASE<\/h3>\n<p>MDPHP Freebase, zn\u00e1m\u00fd tak\u00e9 jako 3\u2032, 4\u2032-methylendioxy-\u03b1-pyrrolidinohexanofenon Freebase, m\u00e1 n\u00e1sleduj\u00edc\u00ed chemick\u00e9 slo\u017een\u00ed:<\/p>\n<p>Chemick\u00fd vzorec: C17H23NO3<\/p>\n<p>Molekulov\u00e1 hmotnost: 289,4 g\/mol<\/p>\n<p>N\u00e1zev podle IUPAC: (RS)-1-(3, 4-methylendioxyfenyl)-2-(1-pyrrolidinyl)-1-hexanon<\/p>\n<p>\u010c\u00edslo CAS: 776994-64-0<\/p>\n<p>MDPHP Freebase je syntetick\u00e1 slou\u010denina odvozen\u00e1 od skupiny katinon\u016f a strukturn\u011b je p\u0159\u00edbuzn\u00e1 s jin\u00fdmi deriv\u00e1ty katinonu, jako je metkatinon a mefedron. Obsahuje fenylov\u00fd kruh s methylenedioxy skupinou a pyrrolidinov\u00fd kruh na uhl\u00edkov\u00e9m \u0159et\u011bzci.<\/p>\n<p>Farmakologie MDPHP Freebase jako v\u00fdzkumn\u00e9 chemick\u00e9 l\u00e1tky nebyla dosud podrobn\u011b studov\u00e1na; jedn\u00e1 se o syntetickou kathinonovou slou\u010deninu, kter\u00e1 je strukturn\u011b p\u0159\u00edbuzn\u00e1 jin\u00fdm kathinonov\u00fdm deriv\u00e1t\u016fm, jako je methcathinone a mephedrone.<\/p>\n<h3>Kupte si vysoce kvalitn\u00ed MDPHP FREEBASE online<\/h3>\n<p>Spole\u010dnost RC Kopen m\u00e1 dlouholet\u00e9 zku\u0161enosti v oblasti navrhov\u00e1n\u00ed v\u00fdzkumn\u00fdch chemik\u00e1li\u00ed, co\u017e n\u00e1m umo\u017e\u0148uje zaru\u010dit nejvy\u0161\u0161\u00ed kvalitu t\u011bchto v\u00fdzkumn\u00fdch chemik\u00e1li\u00ed. N\u00e1kup MDPHP FREEBASE je snadn\u00fd a m\u00e1 \u0161pi\u010dkovou kvalitu. N\u00e1klady na MDPHP FREEBASE jsou relativn\u011b n\u00edzk\u00e9 ne\u017e u jin\u00fdch spole\u010dnost\u00ed. V\u00fdzkumn\u00e9 chemik\u00e1lie, v\u010detn\u011b MDPHP FREEBASE, spl\u0148uj\u00ed v\u0161echny bezpe\u010dnostn\u00ed po\u017eadavky. V\u00fdzkumn\u00e9 chemik\u00e1lie jsou pe\u010dliv\u011b distribuov\u00e1ny a skladov\u00e1ny na chladn\u00e9m a such\u00e9m m\u00edst\u011b.<\/p>\n<p>V\u0161echny v\u00fdrobky jsou pravideln\u011b kontrolov\u00e1ny z hlediska kvality, \u010distoty a bezpe\u010dnosti. MDPHP FREEBASE skladujte v\u017edy p\u0159i pokojov\u00e9 teplot\u011b a mimo dosah d\u011bt\u00ed a dom\u00e1c\u00edch zv\u00ed\u0159at. Na\u0161e MDPHP FREEBASE nen\u00ed ur\u010dena pro osobn\u00ed pou\u017eit\u00ed. Je ur\u010dena pouze pro v\u00fdzkumn\u00e9 \u00fa\u010dely.<\/p>\n<p>Na\u0161e produkty maj\u00ed p\u0159\u00edznivou cenu a MDPHP FREEBASE si m\u016f\u017eete koupit online za velmi n\u00edzk\u00e9 ceny.<\/p>\n<h3>Laboratorn\u011b testovan\u00e1 MDPHP FREEBASE s v\u00fdsledky.<\/h3>\n<p>Spole\u010dnost Remakes usiluje o celkovou spokojenost sv\u00fdch z\u00e1kazn\u00edk\u016f. N\u011bkolik pr\u016fzkum\u016f uk\u00e1zalo, \u017ee z\u00e1kazn\u00edci p\u0159ed n\u00e1kupem syntetick\u00fdch v\u00fdzkumn\u00fdch chemik\u00e1li\u00ed po\u017eaduj\u00ed co nejv\u00edce \u00fadaj\u016f. Krom\u011b toho zve\u0159ej\u0148ujeme v\u0161echny laboratorn\u00ed d\u016fsledky ka\u017ed\u00e9 v\u00fdzkumn\u00e9 slou\u010deniny v souboru PDF.<\/p>\n<p>N\u00e1\u0161 pr\u00e1\u0161ek MDPHP FREEBASE d\u016fsledn\u011b spl\u0148uje \u00fa\u010dinn\u00e9 l\u00e1tky a je pro v\u0161echny viditeln\u00fd.<\/p>\n<p>V\u0161echny laboratorn\u00ed d\u016fsledky ka\u017ed\u00e9 v\u00fdzkumn\u00e9 chemick\u00e9 l\u00e1tky distribuujeme v dokumentu PDF.<\/p>\n<h3>Bezpe\u010dn\u00e9 objedn\u00e1n\u00ed na MDPHP FREEBASE.<\/h3>\n<p><a href=\"https:\/\/rckopen.com\/cs\/\">RCKopen<\/a> design\u00e9rsk\u00e9 v\u00fdzkumn\u00e9 chemik\u00e1lie jsou vynikaj\u00edc\u00ed kvality a maj\u00ed f\u00e9rovou cenu. Proto, kdy\u017e si vy\u017e\u00e1d\u00e1te sv\u00e9 v\u00fdzkumn\u00e9 chemik\u00e1lie od rckopen.com, garantujeme, \u017ee v\u00e1\u0161 po\u017eadavek doru\u010d\u00edme a\u017e k va\u0161im dve\u0159\u00edm rychle a bezpe\u010dn\u011b, proto\u017ee prodej v\u00fdzkumn\u00fdch chemik\u00e1li\u00ed je v\u017edy dostupn\u00fd na rckopen.com Kupte si MDPHP Freebase online.<\/p>\n<p>Vy\u017e\u00e1dat si syntetick\u00e9 v\u00fdzkumn\u00e9 chemik\u00e1lie pomoc\u00ed bitcoinu nebo bankovn\u00edm p\u0159evodem je u RC Kopen snadn\u00e9.<\/p>\n<p>Pr\u00e1\u0161ek pro v\u00fdzkumn\u00e9 chemik\u00e1lie odes\u00edl\u00e1me tent\u00fd\u017e pracovn\u00ed den, pokud platbu obdr\u017e\u00edte do 15:00 hodin st\u0159edoevropsk\u00e9ho \u010dasu.<\/p>\n<p>Osob\u00e1m mlad\u0161\u00edm 18 let zbo\u017e\u00ed nedoru\u010dujeme!<\/p>\n<p>Prodej chemick\u00fdch l\u00e1tek pouze pro v\u00fdzkumn\u00e9 \u00fa\u010dely.<\/p>\n<p>Diskr\u00e9tn\u00ed p\u0159eprava v\u00fdzkumn\u00fdch chemik\u00e1li\u00ed.<\/p>\n<p>Spole\u010dnost RC Buy va\u0161i objedn\u00e1vku bezpe\u010dn\u011b zabal\u00ed, aby zajistila spr\u00e1vnou p\u0159epravu. Nav\u00edc bal\u00edme dokonale skryt\u011b a navenek se neprojev\u00ed \u017e\u00e1dn\u00e1 zn\u00e1mka toho, co by mohlo b\u00fdt uvnit\u0159.<\/p>","protected":false},"excerpt":{"rendered":"<p><strong>N\u00e1zev IUPAC<\/strong>: 3\u2032,4\u2032-methylendioxy-\u03b1-pyrrolidinohexiofenon<\/p>\n<p><strong>CAS #<\/strong> 776994-64-0<\/p>\n<p><strong>Vzhled:<\/strong> pr\u00e1\u0161ek<\/p>\n<p><strong>Tvar:<\/strong> freebase<\/p>\n<p><strong>NMR anal\u00fdza:<\/strong> C17H23NO3 VOLN\u00c1 Z\u00c1KLADNA<\/p>","protected":false},"featured_media":6460,"comment_status":"open","ping_status":"closed","template":"","meta":{"_joinchat":[]},"product_brand":[],"product_cat":[134],"product_tag":[],"class_list":{"0":"post-6440","1":"product","2":"type-product","3":"status-publish","4":"has-post-thumbnail","6":"product_cat-cathinon","8":"first","9":"instock","10":"shipping-taxable","11":"purchasable","12":"product-type-variable"},"yoast_head":"<!-- This site is optimized with the Yoast SEO plugin v26.3 - https:\/\/yoast.com\/wordpress\/plugins\/seo\/ -->\n<title>MDPHP Freebase online kopen - MDPHP Freebase te koop<\/title>\n<meta name=\"description\" content=\"MDPHP Freebase te koop. Onze online Rc Kopen-winkel verkoopt MDPHP Freebase online kopen wereldwijd. Bestel binnenkort om 4F-PIHP online te kopen.\" \/>\n<meta name=\"robots\" content=\"index, follow, max-snippet:-1, max-image-preview:large, max-video-preview:-1\" \/>\n<link rel=\"canonical\" href=\"https:\/\/rckopen.com\/cs\/produkt\/mdphp-freebase\/\" \/>\n<meta property=\"og:locale\" content=\"cs_CZ\" \/>\n<meta property=\"og:type\" content=\"article\" \/>\n<meta property=\"og:title\" content=\"MDPHP Freebase online kopen - MDPHP Freebase te koop\" \/>\n<meta property=\"og:description\" content=\"MDPHP Freebase te koop. Onze online Rc Kopen-winkel verkoopt MDPHP Freebase online kopen wereldwijd. Bestel binnenkort om 4F-PIHP online te kopen.\" \/>\n<meta property=\"og:url\" content=\"https:\/\/rckopen.com\/cs\/produkt\/mdphp-freebase\/\" \/>\n<meta property=\"og:site_name\" content=\"RC Kopen\" \/>\n<meta property=\"article:modified_time\" content=\"2025-02-04T04:26:11+00:00\" \/>\n<meta property=\"og:image\" content=\"https:\/\/rckopen.com\/wp-content\/uploads\/2023\/08\/MDPHP-freebase.jpg\" \/>\n\t<meta property=\"og:image:width\" content=\"600\" \/>\n\t<meta property=\"og:image:height\" content=\"600\" \/>\n\t<meta property=\"og:image:type\" content=\"image\/jpeg\" \/>\n<meta name=\"twitter:card\" content=\"summary_large_image\" \/>\n<meta name=\"twitter:label1\" content=\"Odhadovan\u00e1 doba \u010dten\u00ed\" \/>\n\t<meta name=\"twitter:data1\" content=\"3 minuty\" \/>\n<script type=\"application\/ld+json\" class=\"yoast-schema-graph\">{\"@context\":\"https:\/\/schema.org\",\"@graph\":[{\"@type\":\"WebPage\",\"@id\":\"https:\/\/rckopen.com\/product\/mdphp-freebase\/\",\"url\":\"https:\/\/rckopen.com\/product\/mdphp-freebase\/\",\"name\":\"MDPHP Freebase online kopen - MDPHP Freebase te koop\",\"isPartOf\":{\"@id\":\"https:\/\/rckopen.com\/#website\"},\"primaryImageOfPage\":{\"@id\":\"https:\/\/rckopen.com\/product\/mdphp-freebase\/#primaryimage\"},\"image\":{\"@id\":\"https:\/\/rckopen.com\/product\/mdphp-freebase\/#primaryimage\"},\"thumbnailUrl\":\"https:\/\/rckopen.com\/wp-content\/uploads\/2023\/08\/MDPHP-freebase.jpg\",\"datePublished\":\"2023-08-15T08:24:49+00:00\",\"dateModified\":\"2025-02-04T04:26:11+00:00\",\"description\":\"MDPHP Freebase te koop. Onze online Rc Kopen-winkel verkoopt MDPHP Freebase online kopen wereldwijd. Bestel binnenkort om 4F-PIHP online te kopen.\",\"breadcrumb\":{\"@id\":\"https:\/\/rckopen.com\/product\/mdphp-freebase\/#breadcrumb\"},\"inLanguage\":\"cs\",\"potentialAction\":[{\"@type\":\"ReadAction\",\"target\":[\"https:\/\/rckopen.com\/product\/mdphp-freebase\/\"]}]},{\"@type\":\"ImageObject\",\"inLanguage\":\"cs\",\"@id\":\"https:\/\/rckopen.com\/product\/mdphp-freebase\/#primaryimage\",\"url\":\"https:\/\/rckopen.com\/wp-content\/uploads\/2023\/08\/MDPHP-freebase.jpg\",\"contentUrl\":\"https:\/\/rckopen.com\/wp-content\/uploads\/2023\/08\/MDPHP-freebase.jpg\",\"width\":600,\"height\":600,\"caption\":\"MDPHP-freebase online kopen\"},{\"@type\":\"BreadcrumbList\",\"@id\":\"https:\/\/rckopen.com\/product\/mdphp-freebase\/#breadcrumb\",\"itemListElement\":[{\"@type\":\"ListItem\",\"position\":1,\"name\":\"Home\",\"item\":\"https:\/\/rckopen.com\/\"},{\"@type\":\"ListItem\",\"position\":2,\"name\":\"Shop\",\"item\":\"https:\/\/rckopen.com\/shop\/\"},{\"@type\":\"ListItem\",\"position\":3,\"name\":\"MDPHP freebase online kopen\"}]},{\"@type\":\"WebSite\",\"@id\":\"https:\/\/rckopen.com\/#website\",\"url\":\"https:\/\/rckopen.com\/\",\"name\":\"RC Kopen\",\"description\":\"Research Chemicals\",\"potentialAction\":[{\"@type\":\"SearchAction\",\"target\":{\"@type\":\"EntryPoint\",\"urlTemplate\":\"https:\/\/rckopen.com\/?s={search_term_string}\"},\"query-input\":{\"@type\":\"PropertyValueSpecification\",\"valueRequired\":true,\"valueName\":\"search_term_string\"}}],\"inLanguage\":\"cs\"}]}<\/script>\n<!-- \/ Yoast SEO plugin. -->","yoast_head_json":{"title":"MDPHP Freebase online kopen - MDPHP Freebase te koop","description":"MDPHP Freebase te koop. Onze online Rc Kopen-winkel verkoopt MDPHP Freebase online kopen wereldwijd. Bestel binnenkort om 4F-PIHP online te kopen.","robots":{"index":"index","follow":"follow","max-snippet":"max-snippet:-1","max-image-preview":"max-image-preview:large","max-video-preview":"max-video-preview:-1"},"canonical":"https:\/\/rckopen.com\/cs\/produkt\/mdphp-freebase\/","og_locale":"cs_CZ","og_type":"article","og_title":"MDPHP Freebase online kopen - MDPHP Freebase te koop","og_description":"MDPHP Freebase te koop. Onze online Rc Kopen-winkel verkoopt MDPHP Freebase online kopen wereldwijd. Bestel binnenkort om 4F-PIHP online te kopen.","og_url":"https:\/\/rckopen.com\/cs\/produkt\/mdphp-freebase\/","og_site_name":"RC Kopen","article_modified_time":"2025-02-04T04:26:11+00:00","og_image":[{"width":600,"height":600,"url":"https:\/\/rckopen.com\/wp-content\/uploads\/2023\/08\/MDPHP-freebase.jpg","type":"image\/jpeg"}],"twitter_card":"summary_large_image","twitter_misc":{"Odhadovan\u00e1 doba \u010dten\u00ed":"3 minuty"},"schema":{"@context":"https:\/\/schema.org","@graph":[{"@type":"WebPage","@id":"https:\/\/rckopen.com\/product\/mdphp-freebase\/","url":"https:\/\/rckopen.com\/product\/mdphp-freebase\/","name":"MDPHP Freebase online kopen - MDPHP Freebase te koop","isPartOf":{"@id":"https:\/\/rckopen.com\/#website"},"primaryImageOfPage":{"@id":"https:\/\/rckopen.com\/product\/mdphp-freebase\/#primaryimage"},"image":{"@id":"https:\/\/rckopen.com\/product\/mdphp-freebase\/#primaryimage"},"thumbnailUrl":"https:\/\/rckopen.com\/wp-content\/uploads\/2023\/08\/MDPHP-freebase.jpg","datePublished":"2023-08-15T08:24:49+00:00","dateModified":"2025-02-04T04:26:11+00:00","description":"MDPHP Freebase te koop. Onze online Rc Kopen-winkel verkoopt MDPHP Freebase online kopen wereldwijd. Bestel binnenkort om 4F-PIHP online te kopen.","breadcrumb":{"@id":"https:\/\/rckopen.com\/product\/mdphp-freebase\/#breadcrumb"},"inLanguage":"cs","potentialAction":[{"@type":"ReadAction","target":["https:\/\/rckopen.com\/product\/mdphp-freebase\/"]}]},{"@type":"ImageObject","inLanguage":"cs","@id":"https:\/\/rckopen.com\/product\/mdphp-freebase\/#primaryimage","url":"https:\/\/rckopen.com\/wp-content\/uploads\/2023\/08\/MDPHP-freebase.jpg","contentUrl":"https:\/\/rckopen.com\/wp-content\/uploads\/2023\/08\/MDPHP-freebase.jpg","width":600,"height":600,"caption":"MDPHP-freebase online kopen"},{"@type":"BreadcrumbList","@id":"https:\/\/rckopen.com\/product\/mdphp-freebase\/#breadcrumb","itemListElement":[{"@type":"ListItem","position":1,"name":"Home","item":"https:\/\/rckopen.com\/"},{"@type":"ListItem","position":2,"name":"Shop","item":"https:\/\/rckopen.com\/shop\/"},{"@type":"ListItem","position":3,"name":"MDPHP freebase online kopen"}]},{"@type":"WebSite","@id":"https:\/\/rckopen.com\/#website","url":"https:\/\/rckopen.com\/","name":"RC Kopen","description":"Research Chemicals","potentialAction":[{"@type":"SearchAction","target":{"@type":"EntryPoint","urlTemplate":"https:\/\/rckopen.com\/?s={search_term_string}"},"query-input":{"@type":"PropertyValueSpecification","valueRequired":true,"valueName":"search_term_string"}}],"inLanguage":"cs"}]}},"_links":{"self":[{"href":"https:\/\/rckopen.com\/cs\/wp-json\/wp\/v2\/product\/6440","targetHints":{"allow":["GET"]}}],"collection":[{"href":"https:\/\/rckopen.com\/cs\/wp-json\/wp\/v2\/product"}],"about":[{"href":"https:\/\/rckopen.com\/cs\/wp-json\/wp\/v2\/types\/product"}],"replies":[{"embeddable":true,"href":"https:\/\/rckopen.com\/cs\/wp-json\/wp\/v2\/comments?post=6440"}],"wp:featuredmedia":[{"embeddable":true,"href":"https:\/\/rckopen.com\/cs\/wp-json\/wp\/v2\/media\/6460"}],"wp:attachment":[{"href":"https:\/\/rckopen.com\/cs\/wp-json\/wp\/v2\/media?parent=6440"}],"wp:term":[{"taxonomy":"product_brand","embeddable":true,"href":"https:\/\/rckopen.com\/cs\/wp-json\/wp\/v2\/product_brand?post=6440"},{"taxonomy":"product_cat","embeddable":true,"href":"https:\/\/rckopen.com\/cs\/wp-json\/wp\/v2\/product_cat?post=6440"},{"taxonomy":"product_tag","embeddable":true,"href":"https:\/\/rckopen.com\/cs\/wp-json\/wp\/v2\/product_tag?post=6440"}],"curies":[{"name":"wp","href":"https:\/\/api.w.org\/{rel}","templated":true}]}}