{"id":6442,"date":"2023-08-15T08:29:35","date_gmt":"2023-08-15T08:29:35","guid":{"rendered":"https:\/\/diligentplug.com\/chems\/?post_type=product&#038;p=6442"},"modified":"2025-02-03T07:13:08","modified_gmt":"2025-02-03T07:13:08","slug":"ethyl-pentedrone-nep-crystals","status":"publish","type":"product","link":"https:\/\/rckopen.com\/cs\/produkt\/falesne-krystaly-ethyl-pentedronu\/","title":{"rendered":"Kupte si krystaly ethyl-pentedronu (NEP) online"},"content":{"rendered":"<h2>rckopen.com nab\u00edz\u00ed produkty, kter\u00e9 nejsou ur\u010deny k lidsk\u00e9 spot\u0159eb\u011b.<br \/>\nAlgemene informatie Ethyl-Pentedron NEP Kristal online kopen<\/h2>\n<p><a href=\"https:\/\/rckopen.com\/cs\/produkt\/falesne-krystaly-ethyl-pentedronu\/\">Ethyl-pentedron<\/a> Acquista Crystal Online, N-Ethyl-nor-pentedrone \u00e8 un nuovo stimolante meno popolare della classe dei catinone che ha un effetto stimolante, euforico e leggermente entactogenico quando regolato<a href=\"https:\/\/chemswell.com\/product\/100g-cocaine-buy-online\/\">.<\/a><\/p>\n<p>P\u0159edpokl\u00e1d\u00e1 se, \u017ee stimula\u010dn\u00ed \u00fa\u010dinky NEP jsou zp\u016fsobeny p\u0159edev\u0161\u00edm jeho p\u016fsoben\u00edm jako inhibitoru zp\u011btn\u00e9ho vychyt\u00e1v\u00e1n\u00ed noradrenalinu a dopaminu (NDRI). Podrobn\u00e9 entaktogenn\u00ed \u00fa\u010dinky v\u0161ak mohou b\u00fdt zp\u016fsobeny jeho p\u016fsoben\u00edm jako inhibitoru zp\u011btn\u00e9ho vychyt\u00e1v\u00e1n\u00ed serotoninu nebo poskytov\u00e1n\u00edm specialisty ve st\u0159edn\u00edch a\u017e vysok\u00fdch d\u00e1vk\u00e1ch, a\u010dkoli to v sou\u010dasn\u00e9 dob\u011b nelze v\u011bdecky potvrdit<a href=\"https:\/\/rckopen.com\/cs\/produkt\/2-pelety-fdck-50mg\/\">.<\/a><\/p>\n<p>NEP m\u00e1 bl\u00edzk\u00fd z\u00e1kladn\u00ed vztah ke sv\u00e9 mate\u0159sk\u00e9 slou\u010denin\u011b, pentedronu, p\u0159i\u010dem\u017e kontrastem je prodlou\u017een\u00ed ethylov\u00e9 skupiny na koncov\u00e9 \u010d\u00e1sti dus\u00edku uhl\u00edkov\u00e9ho \u0159et\u011bzce. D\u00edky tomuto prodlou\u017een\u00ed je \u00fadajn\u011b n\u011bkolikan\u00e1sobn\u011b \u00fa\u010dinn\u011bj\u0161\u00ed ne\u017e pentedron. NEP je tak\u00e9 siln\u011b p\u0159\u00edbuzn\u00fd s N-ethylhexedronem (b\u011b\u017en\u011b zn\u00e1m\u00fdm jako Hexen) a m\u00e1 se za to, \u017ee p\u0159in\u00e1\u0161\u00ed obecn\u011b podobn\u00e9 v\u00fdsledky Kupte si ethyl-pentedron krystal.<\/p>\n<p>Spole\u010dnost NEP byla ji\u017e d\u0159\u00edve ozn\u00e1mena na trhu s v\u00fdzkumn\u00fdmi sm\u011bsmi v roce 2016. Jedn\u00e1 se o uk\u00e1zku sou\u010dasn\u00e9 chemick\u00e9 l\u00e1tky, kter\u00e1 byla v\u00fdslovn\u011b zvolena za \u00fa\u010delem napodoben\u00ed\/skryt\u00ed u\u017eite\u010dn\u00fdch a prim\u00e1rn\u00edch vlastnost\u00ed sv\u00fdch dob\u0159e zn\u00e1m\u00fdch siln\u00fdch a t\u011bkav\u00fdch stimula\u010dn\u00edch p\u0159edk\u016f, n\u011bkdy voln\u011b ozna\u010dovan\u00fdch jako \"sprchov\u00e9 soli\".<\/p>\n<h3>Chemick\u00e9 slo\u017een\u00ed Ethyl-Pentedrone NEP Crystal Koupit online<\/h3>\n<p>NEP, of <a href=\"https:\/\/en.wikipedia.org\/wiki\/N-Ethylpentylone\">N-Ethyl-(nor)-pentedron<\/a>, m\u00e1 sv\u00e9 m\u00edsto v katinonov\u00e9 t\u0159\u00edd\u011b l\u00e1tek. Pentedron NEP m\u00e1 fenethylaminov\u00e9 j\u00e1dro (2 ethylamino 1), alkylovou skupinu p\u0159ipojenou k alfa uhl\u00edku a kysl\u00edkovou skupinu p\u0159ipojenou k beta uhl\u00edku.<\/p>\n<p>Pentedron NEP je pod\u0159\u00edzen hexedronu; s touto \u010d\u00e1stic\u00ed dus\u00edku je spojen methylbozon.<\/p>\n<h3>Farmakologie Ethyl-Pentedron NEP Crystal Koupit online<\/h3>\n<p>N-ethyl-nor-pentedron ( N-Ethylpentedron, Ethyl-pentedron nebo NEP ) je pokro\u010dil\u00fd stimulant t\u0159\u00eddy katinon\u016f, kter\u00fd m\u00e1 po po\u017eit\u00ed povzbuzuj\u00edc\u00ed, euforizuj\u00edc\u00ed \u00fa\u010dinky.<\/p>\n<p>Zpr\u00e1vy z\u00e1kazn\u00edk\u016f popisuj\u00ed p\u0159\u00edpravek Pentedrone NEP jako p\u0159\u00edpravek s euforizuj\u00edc\u00edm \u00fa\u010dinkem, o n\u011bm\u017e bylo v\u00fdslovn\u011b rozhodnuto, \u017ee napodobuje vlastnosti zak\u00e1zan\u00fdch l\u00e1tek, kter\u00e9 odpov\u00eddaj\u00ed \u00fa\u010dink\u016fm kokainu a ext\u00e1ze.<\/p>\n<h3>Kupte si vysoce kvalitn\u00ed krystal Ethyl-Pentedrone NEP online.<\/h3>\n<p><a href=\"https:\/\/rckopen.com\/cs\/\">rckopen.com<\/a> m\u00e1 mnoho let p\u016fsoben\u00ed v chemick\u00e9m pr\u016fmyslu, co\u017e n\u00e1m umo\u017e\u0148uje zaru\u010dit to nejlep\u0161\u00ed pro na\u0161e polo\u017eky. Zde m\u016f\u017eete bezpe\u010dn\u011b zakoupit skv\u011bl\u00fd pr\u00e1\u0161ek Pentedrone NEP jako krystal Pentedrone NEP.<\/p>\n<p>S v\u00fdzkumn\u00fdmi chemik\u00e1liemi, v\u010detn\u011b Pentedronu NEP, se pe\u010dliv\u011b manipuluje, jsou p\u0159epravov\u00e1ny, skladov\u00e1ny a uchov\u00e1v\u00e1ny v chladn\u00e9m a such\u00e9m prost\u0159ed\u00ed. V\u0161echny polo\u017eky jsou zpravidla p\u0159edem testov\u00e1ny na kvalitu, bezchybnost a bezpe\u010dnost. Pr\u00e1\u0161ek Pentedrone NEP skladujte trvale p\u0159i pokojov\u00e9 teplot\u011b.<\/p>\n<p>U ka\u017ed\u00e9 polo\u017eky je uvedena v\u00fdznamn\u00e1 v\u00fdzkumn\u00e1 chemick\u00e1 l\u00e1tka a je k n\u00ed p\u0159ilo\u017een dokument PDF s v\u00fdsledky laboratorn\u00edch test\u016f ke sta\u017een\u00ed. M\u00e1te tak v\u017edy jistotu dobr\u00e9 kvality Pentedrone NEP. Nav\u00edc m\u00e1 ka\u017ed\u00e1 z na\u0161ich polo\u017eek spravedlivou cenu!<\/p>\n<h3>Laboratorn\u011b testovan\u00fd Ethyl-Pentrone NEP Crystal s v\u00fdsledky.<\/h3>\n<p>Spole\u010dnost RC Buy d\u011bl\u00e1 pokroky sm\u011brem k celkov\u00e9 spokojenosti sv\u00fdch z\u00e1kazn\u00edk\u016f. N\u011bkolik pr\u016fzkum\u016f uk\u00e1zalo, \u017ee z\u00e1kazn\u00edci p\u0159ed n\u00e1kupem syntetick\u00fdch v\u00fdzkumn\u00fdch chemik\u00e1li\u00ed po\u017eaduj\u00ed co nejv\u00edce \u00fadaj\u016f. Nav\u00edc zve\u0159ej\u0148ujeme v\u0161echny laboratorn\u00ed d\u016fsledky ka\u017ed\u00e9 v\u00fdzkumn\u00e9 slou\u010deniny v souboru PDF.<\/p>\n<p>N\u00e1\u0161 Ethyl-Pentrone NEP Crystal d\u016fsledn\u011b spl\u0148uje \u00fa\u010dinn\u00e9 l\u00e1tky a je okam\u017eit\u011b viditeln\u00fd pro v\u0161echny.<\/p>\n<p>V\u0161echny laboratorn\u00ed d\u016fsledky ka\u017ed\u00e9 v\u00fdzkumn\u00e9 chemick\u00e9 l\u00e1tky distribuujeme v dokumentu PDF.<\/p>\n<h3>Bezpe\u010dn\u00e9 objedn\u00e1v\u00e1n\u00ed na adrese Ethyl Pentrone NEP Crystal.<\/h3>\n<p>Designov\u00e9 v\u00fdzkumn\u00e9 chemik\u00e1lie RC Kopen maj\u00ed vynikaj\u00edc\u00ed kvalitu a p\u0159\u00edznivou cenu. Proto kdy\u017e si u RC Kopen vy\u017e\u00e1d\u00e1te v\u00fdzkumn\u00e9 chemik\u00e1lie, zaru\u010dujeme v\u00e1m, \u017ee v\u00e1m je rychle a bezpe\u010dn\u011b doru\u010d\u00edme dom\u016f, proto\u017ee prodej v\u00fdzkumn\u00fdch chemik\u00e1li\u00ed je na RC Kopen v\u017edy k dispozici.<\/p>\n<h3 class=\"LC20lb MBeuO DKV0Md\">Koupit NEP? Krystaly nebo krystalick\u00fd pr\u00e1\u0161ek NEP<\/h3>\n<p>Vy\u017e\u00e1dat si syntetick\u00e9 v\u00fdzkumn\u00e9 chemik\u00e1lie pomoc\u00ed bitcoinu nebo bankovn\u00edm p\u0159evodem je u RC Kopen snadn\u00e9.<\/p>\n<p>Pr\u00e1\u0161ek pro v\u00fdzkumn\u00e9 chemik\u00e1lie odes\u00edl\u00e1me tent\u00fd\u017e pracovn\u00ed den, pokud platbu obdr\u017e\u00edte do 15:00 hodin st\u0159edoevropsk\u00e9ho \u010dasu.<\/p>\n<p>Osob\u00e1m mlad\u0161\u00edm 18 let zbo\u017e\u00ed nedoru\u010dujeme!<\/p>\n<p>Prodej chemick\u00fdch l\u00e1tek pouze pro v\u00fdzkumn\u00e9 \u00fa\u010dely.<\/p>\n<h6>Diskr\u00e9tn\u00ed p\u0159eprava v\u00fdzkumn\u00fdch chemik\u00e1li\u00ed.<\/h6>\n<p>Spole\u010dnost RC Buy va\u0161i objedn\u00e1vku bezpe\u010dn\u011b zabal\u00ed, aby zajistila spr\u00e1vnou p\u0159epravu. Nav\u00edc bal\u00edme dokonale skryt\u011b a navenek se neprojev\u00ed \u017e\u00e1dn\u00e1 zn\u00e1mka toho, co by mohlo b\u00fdt uvnit\u0159.<\/p>","protected":false},"excerpt":{"rendered":"<p><strong>N\u00e1zev IUPAC<\/strong>: 2-(ethylamino)-1-fenylpentan-1-on<\/p>\n<p><strong>CAS<\/strong> # 18268-16-1<\/p>\n<p><strong>Jin\u00fd n\u00e1zev<\/strong>: NEP<\/p>\n<p><strong>Vzhled<\/strong>: k\u0159i\u0161\u0165\u00e1lov\u00fd pr\u00e1\u0161ek<\/p>\n<p><strong>NMR anal\u00fdza<\/strong>: C13H19NO<\/p>","protected":false},"featured_media":6462,"comment_status":"open","ping_status":"closed","template":"","meta":{"_joinchat":[]},"product_brand":[],"product_cat":[134],"product_tag":[],"class_list":{"0":"post-6442","1":"product","2":"type-product","3":"status-publish","4":"has-post-thumbnail","6":"product_cat-cathinon","8":"first","9":"instock","10":"shipping-taxable","11":"purchasable","12":"product-type-variable"},"yoast_head":"<!-- This site is optimized with the Yoast SEO plugin v26.3 - https:\/\/yoast.com\/wordpress\/plugins\/seo\/ -->\n<title>Ethyl-Pentedrone Kristal kopen - NEP kopen | RC Kopen<\/title>\n<meta name=\"description\" content=\"Ethyl Pemtedrone Nep Crystals online kopen op onze website voor producten van hoge kwaliteit. Ethyl-Pentedrone Kristal kopen, NEP te koop\" \/>\n<meta name=\"robots\" content=\"index, follow, max-snippet:-1, max-image-preview:large, max-video-preview:-1\" \/>\n<link rel=\"canonical\" href=\"https:\/\/rckopen.com\/cs\/produkt\/falesne-krystaly-ethyl-pentedronu\/\" \/>\n<meta property=\"og:locale\" content=\"cs_CZ\" \/>\n<meta property=\"og:type\" content=\"article\" \/>\n<meta property=\"og:title\" content=\"Ethyl-Pentedrone Kristal kopen - NEP kopen | RC Kopen\" \/>\n<meta property=\"og:description\" content=\"Ethyl Pemtedrone Nep Crystals online kopen op onze website voor producten van hoge kwaliteit. Ethyl-Pentedrone Kristal kopen, NEP te koop\" \/>\n<meta property=\"og:url\" content=\"https:\/\/rckopen.com\/cs\/produkt\/falesne-krystaly-ethyl-pentedronu\/\" \/>\n<meta property=\"og:site_name\" content=\"RC Kopen\" \/>\n<meta property=\"article:modified_time\" content=\"2025-02-03T07:13:08+00:00\" \/>\n<meta property=\"og:image\" content=\"https:\/\/rckopen.com\/wp-content\/uploads\/2023\/08\/Ethyl-Pentedrone-NEP-crystals.jpg\" \/>\n\t<meta property=\"og:image:width\" content=\"600\" \/>\n\t<meta property=\"og:image:height\" content=\"600\" \/>\n\t<meta property=\"og:image:type\" content=\"image\/jpeg\" \/>\n<meta name=\"twitter:card\" content=\"summary_large_image\" \/>\n<meta name=\"twitter:label1\" content=\"Odhadovan\u00e1 doba \u010dten\u00ed\" \/>\n\t<meta name=\"twitter:data1\" content=\"4 minuty\" \/>\n<script type=\"application\/ld+json\" class=\"yoast-schema-graph\">{\"@context\":\"https:\/\/schema.org\",\"@graph\":[{\"@type\":\"WebPage\",\"@id\":\"https:\/\/rckopen.com\/product\/ethyl-pentedrone-nep-crystals\/\",\"url\":\"https:\/\/rckopen.com\/product\/ethyl-pentedrone-nep-crystals\/\",\"name\":\"Ethyl-Pentedrone Kristal kopen - NEP kopen | RC Kopen\",\"isPartOf\":{\"@id\":\"https:\/\/rckopen.com\/#website\"},\"primaryImageOfPage\":{\"@id\":\"https:\/\/rckopen.com\/product\/ethyl-pentedrone-nep-crystals\/#primaryimage\"},\"image\":{\"@id\":\"https:\/\/rckopen.com\/product\/ethyl-pentedrone-nep-crystals\/#primaryimage\"},\"thumbnailUrl\":\"https:\/\/rckopen.com\/wp-content\/uploads\/2023\/08\/Ethyl-Pentedrone-NEP-crystals.jpg\",\"datePublished\":\"2023-08-15T08:29:35+00:00\",\"dateModified\":\"2025-02-03T07:13:08+00:00\",\"description\":\"Ethyl Pemtedrone Nep Crystals online kopen op onze website voor producten van hoge kwaliteit. Ethyl-Pentedrone Kristal kopen, NEP te koop\",\"breadcrumb\":{\"@id\":\"https:\/\/rckopen.com\/product\/ethyl-pentedrone-nep-crystals\/#breadcrumb\"},\"inLanguage\":\"cs\",\"potentialAction\":[{\"@type\":\"ReadAction\",\"target\":[\"https:\/\/rckopen.com\/product\/ethyl-pentedrone-nep-crystals\/\"]}]},{\"@type\":\"ImageObject\",\"inLanguage\":\"cs\",\"@id\":\"https:\/\/rckopen.com\/product\/ethyl-pentedrone-nep-crystals\/#primaryimage\",\"url\":\"https:\/\/rckopen.com\/wp-content\/uploads\/2023\/08\/Ethyl-Pentedrone-NEP-crystals.jpg\",\"contentUrl\":\"https:\/\/rckopen.com\/wp-content\/uploads\/2023\/08\/Ethyl-Pentedrone-NEP-crystals.jpg\",\"width\":600,\"height\":600,\"caption\":\"Ethyl-Pentedrone Kristal online kopen\"},{\"@type\":\"BreadcrumbList\",\"@id\":\"https:\/\/rckopen.com\/product\/ethyl-pentedrone-nep-crystals\/#breadcrumb\",\"itemListElement\":[{\"@type\":\"ListItem\",\"position\":1,\"name\":\"Home\",\"item\":\"https:\/\/rckopen.com\/\"},{\"@type\":\"ListItem\",\"position\":2,\"name\":\"Shop\",\"item\":\"https:\/\/rckopen.com\/shop\/\"},{\"@type\":\"ListItem\",\"position\":3,\"name\":\"Ethyl-Pentedrone (NEP) crystals online kopen\"}]},{\"@type\":\"WebSite\",\"@id\":\"https:\/\/rckopen.com\/#website\",\"url\":\"https:\/\/rckopen.com\/\",\"name\":\"RC Kopen\",\"description\":\"Research Chemicals\",\"potentialAction\":[{\"@type\":\"SearchAction\",\"target\":{\"@type\":\"EntryPoint\",\"urlTemplate\":\"https:\/\/rckopen.com\/?s={search_term_string}\"},\"query-input\":{\"@type\":\"PropertyValueSpecification\",\"valueRequired\":true,\"valueName\":\"search_term_string\"}}],\"inLanguage\":\"cs\"}]}<\/script>\n<!-- \/ Yoast SEO plugin. -->","yoast_head_json":{"title":"Ethyl-Pentedrone Kristal kopen - NEP kopen | RC Kopen","description":"Ethyl Pemtedrone Nep Crystals online kopen op onze website voor producten van hoge kwaliteit. Ethyl-Pentedrone Kristal kopen, NEP te koop","robots":{"index":"index","follow":"follow","max-snippet":"max-snippet:-1","max-image-preview":"max-image-preview:large","max-video-preview":"max-video-preview:-1"},"canonical":"https:\/\/rckopen.com\/cs\/produkt\/falesne-krystaly-ethyl-pentedronu\/","og_locale":"cs_CZ","og_type":"article","og_title":"Ethyl-Pentedrone Kristal kopen - NEP kopen | RC Kopen","og_description":"Ethyl Pemtedrone Nep Crystals online kopen op onze website voor producten van hoge kwaliteit. Ethyl-Pentedrone Kristal kopen, NEP te koop","og_url":"https:\/\/rckopen.com\/cs\/produkt\/falesne-krystaly-ethyl-pentedronu\/","og_site_name":"RC Kopen","article_modified_time":"2025-02-03T07:13:08+00:00","og_image":[{"width":600,"height":600,"url":"https:\/\/rckopen.com\/wp-content\/uploads\/2023\/08\/Ethyl-Pentedrone-NEP-crystals.jpg","type":"image\/jpeg"}],"twitter_card":"summary_large_image","twitter_misc":{"Odhadovan\u00e1 doba \u010dten\u00ed":"4 minuty"},"schema":{"@context":"https:\/\/schema.org","@graph":[{"@type":"WebPage","@id":"https:\/\/rckopen.com\/product\/ethyl-pentedrone-nep-crystals\/","url":"https:\/\/rckopen.com\/product\/ethyl-pentedrone-nep-crystals\/","name":"Ethyl-Pentedrone Kristal kopen - NEP kopen | RC Kopen","isPartOf":{"@id":"https:\/\/rckopen.com\/#website"},"primaryImageOfPage":{"@id":"https:\/\/rckopen.com\/product\/ethyl-pentedrone-nep-crystals\/#primaryimage"},"image":{"@id":"https:\/\/rckopen.com\/product\/ethyl-pentedrone-nep-crystals\/#primaryimage"},"thumbnailUrl":"https:\/\/rckopen.com\/wp-content\/uploads\/2023\/08\/Ethyl-Pentedrone-NEP-crystals.jpg","datePublished":"2023-08-15T08:29:35+00:00","dateModified":"2025-02-03T07:13:08+00:00","description":"Ethyl Pemtedrone Nep Crystals online kopen op onze website voor producten van hoge kwaliteit. Ethyl-Pentedrone Kristal kopen, NEP te koop","breadcrumb":{"@id":"https:\/\/rckopen.com\/product\/ethyl-pentedrone-nep-crystals\/#breadcrumb"},"inLanguage":"cs","potentialAction":[{"@type":"ReadAction","target":["https:\/\/rckopen.com\/product\/ethyl-pentedrone-nep-crystals\/"]}]},{"@type":"ImageObject","inLanguage":"cs","@id":"https:\/\/rckopen.com\/product\/ethyl-pentedrone-nep-crystals\/#primaryimage","url":"https:\/\/rckopen.com\/wp-content\/uploads\/2023\/08\/Ethyl-Pentedrone-NEP-crystals.jpg","contentUrl":"https:\/\/rckopen.com\/wp-content\/uploads\/2023\/08\/Ethyl-Pentedrone-NEP-crystals.jpg","width":600,"height":600,"caption":"Ethyl-Pentedrone Kristal online kopen"},{"@type":"BreadcrumbList","@id":"https:\/\/rckopen.com\/product\/ethyl-pentedrone-nep-crystals\/#breadcrumb","itemListElement":[{"@type":"ListItem","position":1,"name":"Home","item":"https:\/\/rckopen.com\/"},{"@type":"ListItem","position":2,"name":"Shop","item":"https:\/\/rckopen.com\/shop\/"},{"@type":"ListItem","position":3,"name":"Ethyl-Pentedrone (NEP) crystals online kopen"}]},{"@type":"WebSite","@id":"https:\/\/rckopen.com\/#website","url":"https:\/\/rckopen.com\/","name":"RC Kopen","description":"Research Chemicals","potentialAction":[{"@type":"SearchAction","target":{"@type":"EntryPoint","urlTemplate":"https:\/\/rckopen.com\/?s={search_term_string}"},"query-input":{"@type":"PropertyValueSpecification","valueRequired":true,"valueName":"search_term_string"}}],"inLanguage":"cs"}]}},"_links":{"self":[{"href":"https:\/\/rckopen.com\/cs\/wp-json\/wp\/v2\/product\/6442","targetHints":{"allow":["GET"]}}],"collection":[{"href":"https:\/\/rckopen.com\/cs\/wp-json\/wp\/v2\/product"}],"about":[{"href":"https:\/\/rckopen.com\/cs\/wp-json\/wp\/v2\/types\/product"}],"replies":[{"embeddable":true,"href":"https:\/\/rckopen.com\/cs\/wp-json\/wp\/v2\/comments?post=6442"}],"wp:featuredmedia":[{"embeddable":true,"href":"https:\/\/rckopen.com\/cs\/wp-json\/wp\/v2\/media\/6462"}],"wp:attachment":[{"href":"https:\/\/rckopen.com\/cs\/wp-json\/wp\/v2\/media?parent=6442"}],"wp:term":[{"taxonomy":"product_brand","embeddable":true,"href":"https:\/\/rckopen.com\/cs\/wp-json\/wp\/v2\/product_brand?post=6442"},{"taxonomy":"product_cat","embeddable":true,"href":"https:\/\/rckopen.com\/cs\/wp-json\/wp\/v2\/product_cat?post=6442"},{"taxonomy":"product_tag","embeddable":true,"href":"https:\/\/rckopen.com\/cs\/wp-json\/wp\/v2\/product_tag?post=6442"}],"curies":[{"name":"wp","href":"https:\/\/api.w.org\/{rel}","templated":true}]}}