{"id":6475,"date":"2023-08-16T05:24:32","date_gmt":"2023-08-16T05:24:32","guid":{"rendered":"https:\/\/diligentplug.com\/chems\/?post_type=product&#038;p=6475"},"modified":"2025-02-04T05:32:10","modified_gmt":"2025-02-04T05:32:10","slug":"mxipr","status":"publish","type":"product","link":"https:\/\/rckopen.com\/cs\/produkt\/mxipr\/","title":{"rendered":"Kupte si MXiPr online"},"content":{"rendered":"<h1>Koupit MXIPR online<\/h1>\n<p>koupit MXIPR online kvalitn\u00ed MXiPr pro ve\u0161ker\u00fd v\u00e1\u0161 v\u011bdeck\u00fd v\u00fdzkum. V\u00fdzkumn\u00e9 chemik\u00e1lie MXiPr maj\u00ed \u010distotu \u2265<a href=\"https:\/\/rckopen.com\/cs\/produkt\/3-fa-pelety-50-mg\/\">97%<\/a> a nejsou vhodn\u00e9 k lidsk\u00e9 spot\u0159eb\u011b.<\/p>\n<p>MXiPR neboli (methoxpropamin nebo 2-Oco-3\u2032-methoxy-PCiPr) je disociativn\u00ed chemick\u00e1 l\u00e1tka pat\u0159\u00edc\u00ed do t\u0159\u00eddy arylcyklohexylaminov\u00fdch chemick\u00fdch l\u00e1tek. MXiPr je \u010dasto srovn\u00e1v\u00e1n s MXE a MXPr kv\u016fli jejich analogick\u00e9 podobnosti. A\u010dkoli tato chemick\u00e1 l\u00e1tka nebyla \u0161iroce studov\u00e1na, n\u011bkolik neofici\u00e1ln\u00edch zpr\u00e1v uv\u00e1d\u00ed, \u017ee \u00fa\u010dastn\u00edci vykazovali velmi podobn\u00e9 v\u00fdsledky jako u MXE Koupit MXIPR online.<\/p>\n<h3>Odpov\u011bdn\u00fd v\u00fdzkum s MXiPR<\/h3>\n<p>V\u017edy prov\u00e1d\u011bjte zodpov\u011bdn\u00fd pr\u016fzkum. Ne\u017e za\u010dnete prov\u00e1d\u011bt v\u00fdzkum s jakoukoli chemickou l\u00e1tkou, m\u011bli byste si ji dob\u0159e p\u0159e\u010d\u00edst a vzd\u011bl\u00e1vat se. Konkr\u00e9tn\u011b o MXiPR nen\u00ed k dispozici mnoho informac\u00ed, ale na Psychonaut Wiki jsou velmi u\u017eite\u010dn\u00e9 zdroje a informace o MXPr, kter\u00fd m\u00e1 velmi podobnou strukturu, a proto by se m\u011bl chovat podobn\u011b.<\/p>\n<p><strong>UPOZORN\u011aN\u00cd Tento v\u00fdrobek nen\u00ed ur\u010den pro hum\u00e1nn\u00ed ani veterin\u00e1rn\u00ed pou\u017eit\u00ed.<\/strong><\/p>\n<h2>Co je MXiPR?<\/h2>\n<p>MXiPr m\u00e1 velmi podobnou strukturu jako MXE a MXPr a prvn\u00ed experimenty a prim\u00e1rn\u00ed zp\u011btn\u00e1 vazba nazna\u010duj\u00ed, \u017ee m\u00e1 s t\u011bmito zn\u00e1m\u011bj\u0161\u00edmi slou\u010deninami mnoho spole\u010dn\u00fdch vlastnost\u00ed.<\/p>\n<p>A\u010dkoli bylo s MXiPR provedeno jen m\u00e1lo v\u00fdzkum\u016f, uv\u00e1d\u00ed se, \u017ee m\u00e1 disociativn\u00ed \u00fa\u010dinky podobn\u00e9 ketaminu.<\/p>\n<h4><strong>Chemick\u00e9 vlastnosti a farmakologick\u00e9 \u00fa\u010dinky<\/strong><\/h4>\n<p>P\u0159edpokl\u00e1d\u00e1 se, \u017ee MXiPR p\u016fsob\u00ed jako nekompetitivn\u00ed antagonista NMDA receptor\u016f, co\u017e vede k psychedelick\u00e9mu z\u00e1\u017eitku. B\u011bhem norm\u00e1ln\u00ed mozkov\u00e9 \u010dinnosti mus\u00ed elektrick\u00e9 sign\u00e1ly z m\u00edchy a neuron\u016f v mozku proch\u00e1zet p\u0159es NMDA receptory. Kdy\u017e se na tyto receptory nav\u00e1\u017ee antagonista, tyto elektrick\u00e9 impulsy neprojdou (jako mal\u00fd antagonista Gandolf), co\u017e vede ke ztr\u00e1t\u011b komunikace mezi vy\u0161\u0161\u00edmi mozkov\u00fdmi funkcemi a m\u00edchou. Tato do\u010dasn\u00e1 ztr\u00e1ta komunikace zp\u016fsobuje disociativn\u00ed stav.<\/p>\n<p>rckopen.com nab\u00edz\u00ed produkty, kter\u00e9 nejsou ur\u010deny k lidsk\u00e9 spot\u0159eb\u011b. Konzumace tohoto v\u00fdrobku (ne\u00famysln\u00e1) by mohla m\u00edt v\u00e1\u017en\u00e9 zdravotn\u00ed n\u00e1sledky.<a href=\"https:\/\/en.wikipedia.org\/wiki\/Methoxpropamine\">.<\/a><\/p>","protected":false},"excerpt":{"rendered":"<p><strong>N\u00e1zev IUPAC: <\/strong>2-(isopropylamino)-2-(3-methoxyfenyl)-cyklohexanon hydrochlorid<\/p>\n<p><strong>Dal\u0161\u00ed n\u00e1zev: <\/strong>MXiPr hydrochlorid<\/p>\n<p><strong>Forma: <\/strong>pr\u00e1\u0161ek<\/p>\n<p><strong>NMR anal\u00fdza: <\/strong>C16H23NO2<\/p>","protected":false},"featured_media":6486,"comment_status":"open","ping_status":"closed","template":"","meta":{"_joinchat":[]},"product_brand":[],"product_cat":[137],"product_tag":[],"class_list":{"0":"post-6475","1":"product","2":"type-product","3":"status-publish","4":"has-post-thumbnail","6":"product_cat-dissociatieven","8":"first","9":"instock","10":"shipping-taxable","11":"purchasable","12":"product-type-variable"},"yoast_head":"<!-- This site is optimized with the Yoast SEO plugin v26.3 - https:\/\/yoast.com\/wordpress\/plugins\/seo\/ -->\n<title>MXIPR online kopen - MXIPR te koop | RC Kopen<\/title>\n<meta name=\"description\" content=\"Wilt u Mxipr online kopen tegen een redelijke prijs? Bezoek onze gerenommeerde online RC Kopen-winkel en koop Mxipr vandaag nog te koop.\" \/>\n<meta name=\"robots\" content=\"index, follow, max-snippet:-1, max-image-preview:large, max-video-preview:-1\" \/>\n<link rel=\"canonical\" href=\"https:\/\/rckopen.com\/cs\/produkt\/mxipr\/\" \/>\n<meta property=\"og:locale\" content=\"cs_CZ\" \/>\n<meta property=\"og:type\" content=\"article\" \/>\n<meta property=\"og:title\" content=\"MXIPR online kopen - MXIPR te koop | RC Kopen\" \/>\n<meta property=\"og:description\" content=\"Wilt u Mxipr online kopen tegen een redelijke prijs? Bezoek onze gerenommeerde online RC Kopen-winkel en koop Mxipr vandaag nog te koop.\" \/>\n<meta property=\"og:url\" content=\"https:\/\/rckopen.com\/cs\/produkt\/mxipr\/\" \/>\n<meta property=\"og:site_name\" content=\"RC Kopen\" \/>\n<meta property=\"article:modified_time\" content=\"2025-02-04T05:32:10+00:00\" \/>\n<meta property=\"og:image\" content=\"https:\/\/rckopen.com\/wp-content\/uploads\/2023\/08\/MXiPr.jpg\" \/>\n\t<meta property=\"og:image:width\" content=\"600\" \/>\n\t<meta property=\"og:image:height\" content=\"600\" \/>\n\t<meta property=\"og:image:type\" content=\"image\/jpeg\" \/>\n<meta name=\"twitter:card\" content=\"summary_large_image\" \/>\n<meta name=\"twitter:label1\" content=\"Odhadovan\u00e1 doba \u010dten\u00ed\" \/>\n\t<meta name=\"twitter:data1\" content=\"2 minuty\" \/>\n<script type=\"application\/ld+json\" class=\"yoast-schema-graph\">{\"@context\":\"https:\/\/schema.org\",\"@graph\":[{\"@type\":\"WebPage\",\"@id\":\"https:\/\/rckopen.com\/product\/mxipr\/\",\"url\":\"https:\/\/rckopen.com\/product\/mxipr\/\",\"name\":\"MXIPR online kopen - MXIPR te koop | RC Kopen\",\"isPartOf\":{\"@id\":\"https:\/\/rckopen.com\/#website\"},\"primaryImageOfPage\":{\"@id\":\"https:\/\/rckopen.com\/product\/mxipr\/#primaryimage\"},\"image\":{\"@id\":\"https:\/\/rckopen.com\/product\/mxipr\/#primaryimage\"},\"thumbnailUrl\":\"https:\/\/rckopen.com\/wp-content\/uploads\/2023\/08\/MXiPr.jpg\",\"datePublished\":\"2023-08-16T05:24:32+00:00\",\"dateModified\":\"2025-02-04T05:32:10+00:00\",\"description\":\"Wilt u Mxipr online kopen tegen een redelijke prijs? Bezoek onze gerenommeerde online RC Kopen-winkel en koop Mxipr vandaag nog te koop.\",\"breadcrumb\":{\"@id\":\"https:\/\/rckopen.com\/product\/mxipr\/#breadcrumb\"},\"inLanguage\":\"cs\",\"potentialAction\":[{\"@type\":\"ReadAction\",\"target\":[\"https:\/\/rckopen.com\/product\/mxipr\/\"]}]},{\"@type\":\"ImageObject\",\"inLanguage\":\"cs\",\"@id\":\"https:\/\/rckopen.com\/product\/mxipr\/#primaryimage\",\"url\":\"https:\/\/rckopen.com\/wp-content\/uploads\/2023\/08\/MXiPr.jpg\",\"contentUrl\":\"https:\/\/rckopen.com\/wp-content\/uploads\/2023\/08\/MXiPr.jpg\",\"width\":600,\"height\":600,\"caption\":\"MXIPR online kopen\"},{\"@type\":\"BreadcrumbList\",\"@id\":\"https:\/\/rckopen.com\/product\/mxipr\/#breadcrumb\",\"itemListElement\":[{\"@type\":\"ListItem\",\"position\":1,\"name\":\"Home\",\"item\":\"https:\/\/rckopen.com\/\"},{\"@type\":\"ListItem\",\"position\":2,\"name\":\"Shop\",\"item\":\"https:\/\/rckopen.com\/shop\/\"},{\"@type\":\"ListItem\",\"position\":3,\"name\":\"MXiPr online kopen\"}]},{\"@type\":\"WebSite\",\"@id\":\"https:\/\/rckopen.com\/#website\",\"url\":\"https:\/\/rckopen.com\/\",\"name\":\"RC Kopen\",\"description\":\"Research Chemicals\",\"potentialAction\":[{\"@type\":\"SearchAction\",\"target\":{\"@type\":\"EntryPoint\",\"urlTemplate\":\"https:\/\/rckopen.com\/?s={search_term_string}\"},\"query-input\":{\"@type\":\"PropertyValueSpecification\",\"valueRequired\":true,\"valueName\":\"search_term_string\"}}],\"inLanguage\":\"cs\"}]}<\/script>\n<!-- \/ Yoast SEO plugin. -->","yoast_head_json":{"title":"MXIPR online kopen - MXIPR te koop | RC Kopen","description":"Wilt u Mxipr online kopen tegen een redelijke prijs? Bezoek onze gerenommeerde online RC Kopen-winkel en koop Mxipr vandaag nog te koop.","robots":{"index":"index","follow":"follow","max-snippet":"max-snippet:-1","max-image-preview":"max-image-preview:large","max-video-preview":"max-video-preview:-1"},"canonical":"https:\/\/rckopen.com\/cs\/produkt\/mxipr\/","og_locale":"cs_CZ","og_type":"article","og_title":"MXIPR online kopen - MXIPR te koop | RC Kopen","og_description":"Wilt u Mxipr online kopen tegen een redelijke prijs? Bezoek onze gerenommeerde online RC Kopen-winkel en koop Mxipr vandaag nog te koop.","og_url":"https:\/\/rckopen.com\/cs\/produkt\/mxipr\/","og_site_name":"RC Kopen","article_modified_time":"2025-02-04T05:32:10+00:00","og_image":[{"width":600,"height":600,"url":"https:\/\/rckopen.com\/wp-content\/uploads\/2023\/08\/MXiPr.jpg","type":"image\/jpeg"}],"twitter_card":"summary_large_image","twitter_misc":{"Odhadovan\u00e1 doba \u010dten\u00ed":"2 minuty"},"schema":{"@context":"https:\/\/schema.org","@graph":[{"@type":"WebPage","@id":"https:\/\/rckopen.com\/product\/mxipr\/","url":"https:\/\/rckopen.com\/product\/mxipr\/","name":"MXIPR online kopen - MXIPR te koop | RC Kopen","isPartOf":{"@id":"https:\/\/rckopen.com\/#website"},"primaryImageOfPage":{"@id":"https:\/\/rckopen.com\/product\/mxipr\/#primaryimage"},"image":{"@id":"https:\/\/rckopen.com\/product\/mxipr\/#primaryimage"},"thumbnailUrl":"https:\/\/rckopen.com\/wp-content\/uploads\/2023\/08\/MXiPr.jpg","datePublished":"2023-08-16T05:24:32+00:00","dateModified":"2025-02-04T05:32:10+00:00","description":"Wilt u Mxipr online kopen tegen een redelijke prijs? Bezoek onze gerenommeerde online RC Kopen-winkel en koop Mxipr vandaag nog te koop.","breadcrumb":{"@id":"https:\/\/rckopen.com\/product\/mxipr\/#breadcrumb"},"inLanguage":"cs","potentialAction":[{"@type":"ReadAction","target":["https:\/\/rckopen.com\/product\/mxipr\/"]}]},{"@type":"ImageObject","inLanguage":"cs","@id":"https:\/\/rckopen.com\/product\/mxipr\/#primaryimage","url":"https:\/\/rckopen.com\/wp-content\/uploads\/2023\/08\/MXiPr.jpg","contentUrl":"https:\/\/rckopen.com\/wp-content\/uploads\/2023\/08\/MXiPr.jpg","width":600,"height":600,"caption":"MXIPR online kopen"},{"@type":"BreadcrumbList","@id":"https:\/\/rckopen.com\/product\/mxipr\/#breadcrumb","itemListElement":[{"@type":"ListItem","position":1,"name":"Home","item":"https:\/\/rckopen.com\/"},{"@type":"ListItem","position":2,"name":"Shop","item":"https:\/\/rckopen.com\/shop\/"},{"@type":"ListItem","position":3,"name":"MXiPr online kopen"}]},{"@type":"WebSite","@id":"https:\/\/rckopen.com\/#website","url":"https:\/\/rckopen.com\/","name":"RC Kopen","description":"Research Chemicals","potentialAction":[{"@type":"SearchAction","target":{"@type":"EntryPoint","urlTemplate":"https:\/\/rckopen.com\/?s={search_term_string}"},"query-input":{"@type":"PropertyValueSpecification","valueRequired":true,"valueName":"search_term_string"}}],"inLanguage":"cs"}]}},"_links":{"self":[{"href":"https:\/\/rckopen.com\/cs\/wp-json\/wp\/v2\/product\/6475","targetHints":{"allow":["GET"]}}],"collection":[{"href":"https:\/\/rckopen.com\/cs\/wp-json\/wp\/v2\/product"}],"about":[{"href":"https:\/\/rckopen.com\/cs\/wp-json\/wp\/v2\/types\/product"}],"replies":[{"embeddable":true,"href":"https:\/\/rckopen.com\/cs\/wp-json\/wp\/v2\/comments?post=6475"}],"wp:featuredmedia":[{"embeddable":true,"href":"https:\/\/rckopen.com\/cs\/wp-json\/wp\/v2\/media\/6486"}],"wp:attachment":[{"href":"https:\/\/rckopen.com\/cs\/wp-json\/wp\/v2\/media?parent=6475"}],"wp:term":[{"taxonomy":"product_brand","embeddable":true,"href":"https:\/\/rckopen.com\/cs\/wp-json\/wp\/v2\/product_brand?post=6475"},{"taxonomy":"product_cat","embeddable":true,"href":"https:\/\/rckopen.com\/cs\/wp-json\/wp\/v2\/product_cat?post=6475"},{"taxonomy":"product_tag","embeddable":true,"href":"https:\/\/rckopen.com\/cs\/wp-json\/wp\/v2\/product_tag?post=6475"}],"curies":[{"name":"wp","href":"https:\/\/api.w.org\/{rel}","templated":true}]}}