{"id":6525,"date":"2023-08-16T06:43:17","date_gmt":"2023-08-16T06:43:17","guid":{"rendered":"https:\/\/diligentplug.com\/chems\/?post_type=product&#038;p=6525"},"modified":"2025-02-06T05:43:45","modified_gmt":"2025-02-06T05:43:45","slug":"green-elephant","status":"publish","type":"product","link":"https:\/\/rckopen.com\/cs\/produkt\/zeleny-slon\/","title":{"rendered":"Koupit Green Elephant online"},"content":{"rendered":"<h2>Koupit Green Elephant online<\/h2>\n<h3>Kliknut\u00edm sem z\u00edsk\u00e1te Green Elephant.<\/h3>\n<p>Fascinuj\u00edc\u00ed a neobvykl\u00fd kmen Kratom Green vein je Jade Hippo (<a href=\"https:\/\/rckopen.com\/cs\/produkt\/zeleny-slon\/\">Zelen\u00fd slon<\/a>). Na rychlej\u0161\u00edm konci spektra (energie\/motivace) vytv\u00e1\u0159\u00ed dob\u0159e vyv\u00e1\u017eenou pozitivn\u00ed rezonanci.<\/p>\n<p>Podobn\u011b jako u jin\u00fdch um\u00edrn\u011bn\u00fdch odr\u016fd, jako je Ghost Hippo (White Borneo), je tento list vynikaj\u00edc\u00ed pro podporu pozitivn\u00ed, pozitivn\u00ed a produktivn\u00ed n\u00e1lady.<\/p>\n<p>Tip na kmen Kratom: \u201eElephant\u201c Odtud n\u00e1zev \u201eElephant\u201c ? Kratom je zn\u00e1m\u00fd sv\u00fdmi neobvykle velk\u00fdmi listy. <a href=\"https:\/\/rckopen.com\/cs\/\">RC Kopen<\/a><\/p>\n<h3>Podrobnosti o Green Elephant<\/h3>\n<p>Ka\u017ed\u00e1 tobolka obsahuje 500 mg (\u00bd gramu) kratomov\u00e9ho pr\u00e1\u0161ku ve vegetari\u00e1nsk\u00e9m obalu tobolky bez \u017eelatiny.<br \/>\nStejn\u00fd list zelen\u00e9ho slona, \u200b\u200bkter\u00fd se pou\u017e\u00edv\u00e1 k v\u00fdrob\u011b jemn\u00e9ho pr\u00e1\u0161ku Jade Hippo<\/p>\n<h3>P\u0159em\u011bna kapsl\u00ed na pr\u00e1\u0161ky<\/h3>\n<p>Pomoc\u00ed tohoto jednoduch\u00e9ho v\u00fdpo\u010dtu ur\u010dete \u201esladk\u00e9 m\u00edsto\u201c va\u0161\u00ed kapsle kratom:<\/p>\n<p>Jedna pilulka odpov\u00edd\u00e1 \u00bd gramu (\u00bd odm\u011brky) kratomov\u00e9ho pr\u00e1\u0161ku.<\/p>\n<p>Jeden gram (1 odm\u011brka) kratomov\u00e9ho pr\u00e1\u0161ku se rovn\u00e1 dv\u011bma kapsl\u00edm.<\/p>\n<h3>Z\u016eSTA\u0147TE \u010cERSTV\u00c9.<\/h3>\n<p>Happy Hippo dod\u00e1v\u00e1 va\u0161i \u010derstvou v\u00e1rku Mitragyna Speciosa v praktick\u00e9m znovu uzav\u00edrateln\u00e9m s\u00e1\u010dku potravin\u00e1\u0159sk\u00e9 kvality, kter\u00fd spl\u0148uje p\u0159edpisy USDA.<\/p>\n<p>&nbsp;<\/p>","protected":false},"excerpt":{"rendered":"<p><strong>Forma: <\/strong>pr\u00e1\u0161ek<\/p>\n<p><strong>NMR anal\u00fdza: <\/strong>NEUPLAT\u0147UJE SE<\/p>","protected":false},"featured_media":6539,"comment_status":"open","ping_status":"closed","template":"","meta":{"_joinchat":[]},"product_brand":[],"product_cat":[139],"product_tag":[],"class_list":{"0":"post-6525","1":"product","2":"type-product","3":"status-publish","4":"has-post-thumbnail","6":"product_cat-kratom","8":"first","9":"instock","10":"shipping-taxable","11":"purchasable","12":"product-type-variable"},"yoast_head":"<!-- This site is optimized with the Yoast SEO plugin v26.3 - https:\/\/yoast.com\/wordpress\/plugins\/seo\/ -->\n<title>Green Elephant te koop - Green Elephant online kopen | RC Kopen<\/title>\n<meta name=\"description\" content=\"U kunt Green Elephant tegen de beste prijzen te koop krijgen in onze online RCK-winkel. Wij zijn hier om u te helpen bij het online kopen van Green Elephant. Maak vandaag nog contact met de beste winkel van de stad!\" \/>\n<meta name=\"robots\" content=\"index, follow, max-snippet:-1, max-image-preview:large, max-video-preview:-1\" \/>\n<link rel=\"canonical\" href=\"https:\/\/rckopen.com\/cs\/produkt\/zeleny-slon\/\" \/>\n<meta property=\"og:locale\" content=\"cs_CZ\" \/>\n<meta property=\"og:type\" content=\"article\" \/>\n<meta property=\"og:title\" content=\"Green Elephant te koop - Green Elephant online kopen | RC Kopen\" \/>\n<meta property=\"og:description\" content=\"U kunt Green Elephant tegen de beste prijzen te koop krijgen in onze online RCK-winkel. Wij zijn hier om u te helpen bij het online kopen van Green Elephant. Maak vandaag nog contact met de beste winkel van de stad!\" \/>\n<meta property=\"og:url\" content=\"https:\/\/rckopen.com\/cs\/produkt\/zeleny-slon\/\" \/>\n<meta property=\"og:site_name\" content=\"RC Kopen\" \/>\n<meta property=\"article:modified_time\" content=\"2025-02-06T05:43:45+00:00\" \/>\n<meta property=\"og:image\" content=\"https:\/\/rckopen.com\/wp-content\/uploads\/2023\/08\/Green-Elephant.jpg\" \/>\n\t<meta property=\"og:image:width\" content=\"600\" \/>\n\t<meta property=\"og:image:height\" content=\"600\" \/>\n\t<meta property=\"og:image:type\" content=\"image\/jpeg\" \/>\n<meta name=\"twitter:card\" content=\"summary_large_image\" \/>\n<meta name=\"twitter:label1\" content=\"Odhadovan\u00e1 doba \u010dten\u00ed\" \/>\n\t<meta name=\"twitter:data1\" content=\"1 minuta\" \/>\n<script type=\"application\/ld+json\" class=\"yoast-schema-graph\">{\"@context\":\"https:\/\/schema.org\",\"@graph\":[{\"@type\":\"WebPage\",\"@id\":\"https:\/\/rckopen.com\/product\/green-elephant\/\",\"url\":\"https:\/\/rckopen.com\/product\/green-elephant\/\",\"name\":\"Green Elephant te koop - Green Elephant online kopen | RC Kopen\",\"isPartOf\":{\"@id\":\"https:\/\/rckopen.com\/#website\"},\"primaryImageOfPage\":{\"@id\":\"https:\/\/rckopen.com\/product\/green-elephant\/#primaryimage\"},\"image\":{\"@id\":\"https:\/\/rckopen.com\/product\/green-elephant\/#primaryimage\"},\"thumbnailUrl\":\"https:\/\/rckopen.com\/wp-content\/uploads\/2023\/08\/Green-Elephant.jpg\",\"datePublished\":\"2023-08-16T06:43:17+00:00\",\"dateModified\":\"2025-02-06T05:43:45+00:00\",\"description\":\"U kunt Green Elephant tegen de beste prijzen te koop krijgen in onze online RCK-winkel. Wij zijn hier om u te helpen bij het online kopen van Green Elephant. Maak vandaag nog contact met de beste winkel van de stad!\",\"breadcrumb\":{\"@id\":\"https:\/\/rckopen.com\/product\/green-elephant\/#breadcrumb\"},\"inLanguage\":\"cs\",\"potentialAction\":[{\"@type\":\"ReadAction\",\"target\":[\"https:\/\/rckopen.com\/product\/green-elephant\/\"]}]},{\"@type\":\"ImageObject\",\"inLanguage\":\"cs\",\"@id\":\"https:\/\/rckopen.com\/product\/green-elephant\/#primaryimage\",\"url\":\"https:\/\/rckopen.com\/wp-content\/uploads\/2023\/08\/Green-Elephant.jpg\",\"contentUrl\":\"https:\/\/rckopen.com\/wp-content\/uploads\/2023\/08\/Green-Elephant.jpg\",\"width\":600,\"height\":600,\"caption\":\"Green-Elephant online kopen\"},{\"@type\":\"BreadcrumbList\",\"@id\":\"https:\/\/rckopen.com\/product\/green-elephant\/#breadcrumb\",\"itemListElement\":[{\"@type\":\"ListItem\",\"position\":1,\"name\":\"Home\",\"item\":\"https:\/\/rckopen.com\/\"},{\"@type\":\"ListItem\",\"position\":2,\"name\":\"Shop\",\"item\":\"https:\/\/rckopen.com\/shop\/\"},{\"@type\":\"ListItem\",\"position\":3,\"name\":\"Green Elephant online kopen\"}]},{\"@type\":\"WebSite\",\"@id\":\"https:\/\/rckopen.com\/#website\",\"url\":\"https:\/\/rckopen.com\/\",\"name\":\"RC Kopen\",\"description\":\"Research Chemicals\",\"potentialAction\":[{\"@type\":\"SearchAction\",\"target\":{\"@type\":\"EntryPoint\",\"urlTemplate\":\"https:\/\/rckopen.com\/?s={search_term_string}\"},\"query-input\":{\"@type\":\"PropertyValueSpecification\",\"valueRequired\":true,\"valueName\":\"search_term_string\"}}],\"inLanguage\":\"cs\"}]}<\/script>\n<!-- \/ Yoast SEO plugin. -->","yoast_head_json":{"title":"Green Elephant te koop - Green Elephant online kopen | RC Kopen","description":"U kunt Green Elephant tegen de beste prijzen te koop krijgen in onze online RCK-winkel. Wij zijn hier om u te helpen bij het online kopen van Green Elephant. Maak vandaag nog contact met de beste winkel van de stad!","robots":{"index":"index","follow":"follow","max-snippet":"max-snippet:-1","max-image-preview":"max-image-preview:large","max-video-preview":"max-video-preview:-1"},"canonical":"https:\/\/rckopen.com\/cs\/produkt\/zeleny-slon\/","og_locale":"cs_CZ","og_type":"article","og_title":"Green Elephant te koop - Green Elephant online kopen | RC Kopen","og_description":"U kunt Green Elephant tegen de beste prijzen te koop krijgen in onze online RCK-winkel. Wij zijn hier om u te helpen bij het online kopen van Green Elephant. Maak vandaag nog contact met de beste winkel van de stad!","og_url":"https:\/\/rckopen.com\/cs\/produkt\/zeleny-slon\/","og_site_name":"RC Kopen","article_modified_time":"2025-02-06T05:43:45+00:00","og_image":[{"width":600,"height":600,"url":"https:\/\/rckopen.com\/wp-content\/uploads\/2023\/08\/Green-Elephant.jpg","type":"image\/jpeg"}],"twitter_card":"summary_large_image","twitter_misc":{"Odhadovan\u00e1 doba \u010dten\u00ed":"1 minuta"},"schema":{"@context":"https:\/\/schema.org","@graph":[{"@type":"WebPage","@id":"https:\/\/rckopen.com\/product\/green-elephant\/","url":"https:\/\/rckopen.com\/product\/green-elephant\/","name":"Green Elephant te koop - Green Elephant online kopen | RC Kopen","isPartOf":{"@id":"https:\/\/rckopen.com\/#website"},"primaryImageOfPage":{"@id":"https:\/\/rckopen.com\/product\/green-elephant\/#primaryimage"},"image":{"@id":"https:\/\/rckopen.com\/product\/green-elephant\/#primaryimage"},"thumbnailUrl":"https:\/\/rckopen.com\/wp-content\/uploads\/2023\/08\/Green-Elephant.jpg","datePublished":"2023-08-16T06:43:17+00:00","dateModified":"2025-02-06T05:43:45+00:00","description":"U kunt Green Elephant tegen de beste prijzen te koop krijgen in onze online RCK-winkel. Wij zijn hier om u te helpen bij het online kopen van Green Elephant. Maak vandaag nog contact met de beste winkel van de stad!","breadcrumb":{"@id":"https:\/\/rckopen.com\/product\/green-elephant\/#breadcrumb"},"inLanguage":"cs","potentialAction":[{"@type":"ReadAction","target":["https:\/\/rckopen.com\/product\/green-elephant\/"]}]},{"@type":"ImageObject","inLanguage":"cs","@id":"https:\/\/rckopen.com\/product\/green-elephant\/#primaryimage","url":"https:\/\/rckopen.com\/wp-content\/uploads\/2023\/08\/Green-Elephant.jpg","contentUrl":"https:\/\/rckopen.com\/wp-content\/uploads\/2023\/08\/Green-Elephant.jpg","width":600,"height":600,"caption":"Green-Elephant online kopen"},{"@type":"BreadcrumbList","@id":"https:\/\/rckopen.com\/product\/green-elephant\/#breadcrumb","itemListElement":[{"@type":"ListItem","position":1,"name":"Home","item":"https:\/\/rckopen.com\/"},{"@type":"ListItem","position":2,"name":"Shop","item":"https:\/\/rckopen.com\/shop\/"},{"@type":"ListItem","position":3,"name":"Green Elephant online kopen"}]},{"@type":"WebSite","@id":"https:\/\/rckopen.com\/#website","url":"https:\/\/rckopen.com\/","name":"RC Kopen","description":"Research Chemicals","potentialAction":[{"@type":"SearchAction","target":{"@type":"EntryPoint","urlTemplate":"https:\/\/rckopen.com\/?s={search_term_string}"},"query-input":{"@type":"PropertyValueSpecification","valueRequired":true,"valueName":"search_term_string"}}],"inLanguage":"cs"}]}},"_links":{"self":[{"href":"https:\/\/rckopen.com\/cs\/wp-json\/wp\/v2\/product\/6525","targetHints":{"allow":["GET"]}}],"collection":[{"href":"https:\/\/rckopen.com\/cs\/wp-json\/wp\/v2\/product"}],"about":[{"href":"https:\/\/rckopen.com\/cs\/wp-json\/wp\/v2\/types\/product"}],"replies":[{"embeddable":true,"href":"https:\/\/rckopen.com\/cs\/wp-json\/wp\/v2\/comments?post=6525"}],"wp:featuredmedia":[{"embeddable":true,"href":"https:\/\/rckopen.com\/cs\/wp-json\/wp\/v2\/media\/6539"}],"wp:attachment":[{"href":"https:\/\/rckopen.com\/cs\/wp-json\/wp\/v2\/media?parent=6525"}],"wp:term":[{"taxonomy":"product_brand","embeddable":true,"href":"https:\/\/rckopen.com\/cs\/wp-json\/wp\/v2\/product_brand?post=6525"},{"taxonomy":"product_cat","embeddable":true,"href":"https:\/\/rckopen.com\/cs\/wp-json\/wp\/v2\/product_cat?post=6525"},{"taxonomy":"product_tag","embeddable":true,"href":"https:\/\/rckopen.com\/cs\/wp-json\/wp\/v2\/product_tag?post=6525"}],"curies":[{"name":"wp","href":"https:\/\/api.w.org\/{rel}","templated":true}]}}