{"id":6544,"date":"2023-08-16T07:03:19","date_gmt":"2023-08-16T07:03:19","guid":{"rendered":"https:\/\/diligentplug.com\/chems\/?post_type=product&#038;p=6544"},"modified":"2025-02-03T10:43:36","modified_gmt":"2025-02-03T10:43:36","slug":"green-bali","status":"publish","type":"product","link":"https:\/\/rckopen.com\/cs\/produkt\/zelene-bali\/","title":{"rendered":"Koupit Green Bali online"},"content":{"rendered":"<h2 class=\"font-black text-lg mb-8 flex items-end md:text-xl md:ml-0\"><span class=\"inline-block\">Productinformatie Green Bali Online kopen<\/span><\/h2>\n<div class=\"relative flex flex-wrap flex-col\" style=\"box-sizing: border-box; --tw-translate-x: 0; --tw-translate-y: 0; --tw-rotate: 0; --tw-skew-x: 0; --tw-skew-y: 0; --tw-scale-x: 1; --tw-scale-y: 1; --tw-transform: translateX(var(--tw-translate-x)) translateY(var(--tw-translate-y)) rotate(var(--tw-rotate)) skewX(var(--tw-skew-x)) skewY(var(--tw-skew-y)) scaleX(var(--tw-scale-x)) scaleY(var(--tw-scale-y)); --tw-border-opacity: 1; --tw-ring-offset-width: 0px; --tw-ring-offset-color: #fff; --tw-ring-color: rgba(59, 130, 246, 0.5); --tw-ring-offset-shadow: 0 0 #0000; --tw-ring-shadow: 0 0 #0000; --tw-shadow: 0 0 #0000; --tw-filter: var(--tw-blur) var(--tw-brightness) var(--tw-contrast) var(--tw-grayscale) var(--tw-hue-rotate) var(--tw-invert) var(--tw-saturate) var(--tw-sepia) var(--tw-drop-shadow); --tw-backdrop-filter: var(--tw-backdrop-blur) var(--tw-backdrop-brightness) var(--tw-backdrop-contrast) var(--tw-backdrop-grayscale) var(--tw-backdrop-hue-rotate) var(--tw-backdrop-invert) var(--tw-backdrop-opacity) var(--tw-backdrop-saturate) var(--tw-backdrop-sepia); position: relative; display: flex; flex-flow: column wrap; color: #202e46; font-family: 'Red Hat Display', ui-sans-serif, system-ui, -apple-system, BlinkMacSystemFont, 'Segoe UI', Roboto, 'Helvetica Neue', Arial, 'Noto Sans', sans-serif, 'Apple Color Emoji', 'Segoe UI Emoji', 'Segoe UI Symbol', 'Noto Color Emoji'; font-size: 16px; font-style: normal; font-variant-ligatures: normal; font-variant-caps: normal; font-weight: 400; letter-spacing: normal; orphans: 2; text-align: start; text-indent: 0px; text-transform: none; widows: 2; word-spacing: 0px; -webkit-text-stroke-width: 0px; white-space: normal; background-color: #f2ece5; text-decoration-thickness: initial; text-decoration-style: initial; text-decoration-color: initial; border: 0px solid rgba(229,229,229,var(--tw-border-opacity));\">\n<div class=\"overflow-hidden transition-all duration-500 max-h-[300px] sm:max-h-[400px] md:max-h-[500px] lg:max-h-[550]\">\n<div class=\"prose prose-sm text-gray-500\">\n<p><a href=\"https:\/\/rckopen.com\/cs\/produkt\/zelene-bali\/\">Koupit Green Bali online<\/a>L'erba tropicale Kratom (Mitragyna speciosa) \u00e8 originaria del Sud-Est asiatico. Il kratom viene estratto da diversi alberi della stessa specie, poich\u00e9 diversi alberi della stessa famiglia contengono kratom, c'\u00e8 anche una differenza nei possibili effetti<a href=\"https:\/\/en.wikipedia.org\/wiki\/Human\">.<\/a><\/p>\n<h3>\u00da\u010dinky Kratopia Green Bali<\/h3>\n<p><a href=\"https:\/\/en.wikipedia.org\/wiki\/Green\">Zelen\u00e1<\/a> <a href=\"https:\/\/en.wikipedia.org\/wiki\/Bali\">Bali<\/a> Kratom se p\u011bstuje v Indon\u00e9sii a je m\u00edstn\u011b velmi obl\u00edben\u00fd pro sv\u016fj \u00fa\u010dinek ti\u0161\u00edc\u00ed bolest a \u00fadajn\u011b tak\u00e9 zvy\u0161uje hladinu energie. U\u017eivatel\u00e9 uv\u00e1d\u011bj\u00ed, \u017ee se c\u00edt\u00ed aktivn\u011bj\u0161\u00ed a bez bolesti, ani\u017e by za\u017e\u00edvali pocit sedace.<\/p>\n<h3>Jak se tyto byliny pou\u017e\u00edvaj\u00ed<a href=\"https:\/\/rckopen.com\/cs\/kategorie-produktu\/kratom\/\">?<\/a><\/h3>\n<p>Kratomov\u00fd pr\u00e1\u0161ek se obvykle p\u0159id\u00e1v\u00e1 do \u010daje, 1 a\u017e 3 gramy se pova\u017euj\u00ed za lehk\u00e9 d\u00e1vky, 3 a\u017e 5 gram\u016f za norm\u00e1ln\u00ed d\u00e1vky a 5 a\u017e 10 gram\u016f za vysok\u00e9 d\u00e1vky Koupit Green Bali.<\/p>\n<h2>Informace o v\u00fdrobci<\/h2>\n<p>Kratopia je nizozemsk\u00e1 spole\u010dnost, kter\u00e1 se specializuje na r\u016fzn\u00e9 druhy kratomu. Jeliko\u017e se zam\u011b\u0159uje p\u0159edev\u0161\u00edm na v\u00fdrobu a prodej kratomu, m\u00e1 proto \u0161irokou nab\u00eddku r\u016fzn\u00fdch druh\u016f kratomu. Chcete z\u00edskat povzn\u00e1\u0161ej\u00edc\u00ed pocit? Nebo jen trochu uvoln\u011bn\u011bj\u0161\u00ed? Pak m\u00e1 Kratopia pro v\u00e1s ten spr\u00e1vn\u00fd druh kratomu. Kratopia vyr\u00e1b\u00ed sv\u016fj kratom ve form\u011b kapsl\u00ed a extraktu.<\/p>\n<\/div>\n<\/div>\n<\/div>\n<p><a href=\"https:\/\/rckopen.com\/cs\/\">rckopen.com<\/a> nab\u00edz\u00ed produkty, kter\u00e9 nejsou ur\u010deny k lidsk\u00e9 spot\u0159eb\u011b. Pokud tento produkt zkonzumujete (ne\u00famysln\u011b), m\u016f\u017ee to m\u00edt v\u00e1\u017en\u00e9 zdravotn\u00ed n\u00e1sledky.<\/p>","protected":false},"excerpt":{"rendered":"<p><strong>Forma: <\/strong>pr\u00e1\u0161ek<\/p>\n<p><strong>NMR anal\u00fdza: <\/strong>NEUPLAT\u0147UJE SE<\/p>","protected":false},"featured_media":6554,"comment_status":"open","ping_status":"closed","template":"","meta":{"_joinchat":[]},"product_brand":[],"product_cat":[139],"product_tag":[],"class_list":{"0":"post-6544","1":"product","2":"type-product","3":"status-publish","4":"has-post-thumbnail","6":"product_cat-kratom","8":"first","9":"instock","10":"shipping-taxable","11":"purchasable","12":"product-type-variable"},"yoast_head":"<!-- This site is optimized with the Yoast SEO plugin v26.3 - https:\/\/yoast.com\/wordpress\/plugins\/seo\/ -->\n<title>Green Bali Online kopen - Green Bali te koop | RC Kopen<\/title>\n<meta name=\"description\" content=\"Als je Green Bali uit onze winkel nog niet hebt geprobeerd, dan mis je veel. Wij helpen u Green Bali online te kopen tegen goedkope tarieven. Koop Green Bali vandaag nog te koop!\" \/>\n<meta name=\"robots\" content=\"index, follow, max-snippet:-1, max-image-preview:large, max-video-preview:-1\" \/>\n<link rel=\"canonical\" href=\"https:\/\/rckopen.com\/cs\/produkt\/zelene-bali\/\" \/>\n<meta property=\"og:locale\" content=\"cs_CZ\" \/>\n<meta property=\"og:type\" content=\"article\" \/>\n<meta property=\"og:title\" content=\"Green Bali Online kopen - Green Bali te koop | RC Kopen\" \/>\n<meta property=\"og:description\" content=\"Als je Green Bali uit onze winkel nog niet hebt geprobeerd, dan mis je veel. Wij helpen u Green Bali online te kopen tegen goedkope tarieven. Koop Green Bali vandaag nog te koop!\" \/>\n<meta property=\"og:url\" content=\"https:\/\/rckopen.com\/cs\/produkt\/zelene-bali\/\" \/>\n<meta property=\"og:site_name\" content=\"RC Kopen\" \/>\n<meta property=\"article:modified_time\" content=\"2025-02-03T10:43:36+00:00\" \/>\n<meta property=\"og:image\" content=\"https:\/\/rckopen.com\/wp-content\/uploads\/2023\/08\/Green-Bali.jpg\" \/>\n\t<meta property=\"og:image:width\" content=\"600\" \/>\n\t<meta property=\"og:image:height\" content=\"600\" \/>\n\t<meta property=\"og:image:type\" content=\"image\/jpeg\" \/>\n<meta name=\"twitter:card\" content=\"summary_large_image\" \/>\n<meta name=\"twitter:label1\" content=\"Odhadovan\u00e1 doba \u010dten\u00ed\" \/>\n\t<meta name=\"twitter:data1\" content=\"2 minuty\" \/>\n<script type=\"application\/ld+json\" class=\"yoast-schema-graph\">{\"@context\":\"https:\/\/schema.org\",\"@graph\":[{\"@type\":\"WebPage\",\"@id\":\"https:\/\/rckopen.com\/product\/green-bali\/\",\"url\":\"https:\/\/rckopen.com\/product\/green-bali\/\",\"name\":\"Green Bali Online kopen - Green Bali te koop | RC Kopen\",\"isPartOf\":{\"@id\":\"https:\/\/rckopen.com\/#website\"},\"primaryImageOfPage\":{\"@id\":\"https:\/\/rckopen.com\/product\/green-bali\/#primaryimage\"},\"image\":{\"@id\":\"https:\/\/rckopen.com\/product\/green-bali\/#primaryimage\"},\"thumbnailUrl\":\"https:\/\/rckopen.com\/wp-content\/uploads\/2023\/08\/Green-Bali.jpg\",\"datePublished\":\"2023-08-16T07:03:19+00:00\",\"dateModified\":\"2025-02-03T10:43:36+00:00\",\"description\":\"Als je Green Bali uit onze winkel nog niet hebt geprobeerd, dan mis je veel. Wij helpen u Green Bali online te kopen tegen goedkope tarieven. Koop Green Bali vandaag nog te koop!\",\"breadcrumb\":{\"@id\":\"https:\/\/rckopen.com\/product\/green-bali\/#breadcrumb\"},\"inLanguage\":\"cs\",\"potentialAction\":[{\"@type\":\"ReadAction\",\"target\":[\"https:\/\/rckopen.com\/product\/green-bali\/\"]}]},{\"@type\":\"ImageObject\",\"inLanguage\":\"cs\",\"@id\":\"https:\/\/rckopen.com\/product\/green-bali\/#primaryimage\",\"url\":\"https:\/\/rckopen.com\/wp-content\/uploads\/2023\/08\/Green-Bali.jpg\",\"contentUrl\":\"https:\/\/rckopen.com\/wp-content\/uploads\/2023\/08\/Green-Bali.jpg\",\"width\":600,\"height\":600,\"caption\":\"Green-Bali Online kopen\"},{\"@type\":\"BreadcrumbList\",\"@id\":\"https:\/\/rckopen.com\/product\/green-bali\/#breadcrumb\",\"itemListElement\":[{\"@type\":\"ListItem\",\"position\":1,\"name\":\"Home\",\"item\":\"https:\/\/rckopen.com\/\"},{\"@type\":\"ListItem\",\"position\":2,\"name\":\"Shop\",\"item\":\"https:\/\/rckopen.com\/shop\/\"},{\"@type\":\"ListItem\",\"position\":3,\"name\":\"Green Bali Online kopen\"}]},{\"@type\":\"WebSite\",\"@id\":\"https:\/\/rckopen.com\/#website\",\"url\":\"https:\/\/rckopen.com\/\",\"name\":\"RC Kopen\",\"description\":\"Research Chemicals\",\"potentialAction\":[{\"@type\":\"SearchAction\",\"target\":{\"@type\":\"EntryPoint\",\"urlTemplate\":\"https:\/\/rckopen.com\/?s={search_term_string}\"},\"query-input\":{\"@type\":\"PropertyValueSpecification\",\"valueRequired\":true,\"valueName\":\"search_term_string\"}}],\"inLanguage\":\"cs\"}]}<\/script>\n<!-- \/ Yoast SEO plugin. -->","yoast_head_json":{"title":"Green Bali Online kopen - Green Bali te koop | RC Kopen","description":"Als je Green Bali uit onze winkel nog niet hebt geprobeerd, dan mis je veel. Wij helpen u Green Bali online te kopen tegen goedkope tarieven. Koop Green Bali vandaag nog te koop!","robots":{"index":"index","follow":"follow","max-snippet":"max-snippet:-1","max-image-preview":"max-image-preview:large","max-video-preview":"max-video-preview:-1"},"canonical":"https:\/\/rckopen.com\/cs\/produkt\/zelene-bali\/","og_locale":"cs_CZ","og_type":"article","og_title":"Green Bali Online kopen - Green Bali te koop | RC Kopen","og_description":"Als je Green Bali uit onze winkel nog niet hebt geprobeerd, dan mis je veel. Wij helpen u Green Bali online te kopen tegen goedkope tarieven. Koop Green Bali vandaag nog te koop!","og_url":"https:\/\/rckopen.com\/cs\/produkt\/zelene-bali\/","og_site_name":"RC Kopen","article_modified_time":"2025-02-03T10:43:36+00:00","og_image":[{"width":600,"height":600,"url":"https:\/\/rckopen.com\/wp-content\/uploads\/2023\/08\/Green-Bali.jpg","type":"image\/jpeg"}],"twitter_card":"summary_large_image","twitter_misc":{"Odhadovan\u00e1 doba \u010dten\u00ed":"2 minuty"},"schema":{"@context":"https:\/\/schema.org","@graph":[{"@type":"WebPage","@id":"https:\/\/rckopen.com\/product\/green-bali\/","url":"https:\/\/rckopen.com\/product\/green-bali\/","name":"Green Bali Online kopen - Green Bali te koop | RC Kopen","isPartOf":{"@id":"https:\/\/rckopen.com\/#website"},"primaryImageOfPage":{"@id":"https:\/\/rckopen.com\/product\/green-bali\/#primaryimage"},"image":{"@id":"https:\/\/rckopen.com\/product\/green-bali\/#primaryimage"},"thumbnailUrl":"https:\/\/rckopen.com\/wp-content\/uploads\/2023\/08\/Green-Bali.jpg","datePublished":"2023-08-16T07:03:19+00:00","dateModified":"2025-02-03T10:43:36+00:00","description":"Als je Green Bali uit onze winkel nog niet hebt geprobeerd, dan mis je veel. Wij helpen u Green Bali online te kopen tegen goedkope tarieven. Koop Green Bali vandaag nog te koop!","breadcrumb":{"@id":"https:\/\/rckopen.com\/product\/green-bali\/#breadcrumb"},"inLanguage":"cs","potentialAction":[{"@type":"ReadAction","target":["https:\/\/rckopen.com\/product\/green-bali\/"]}]},{"@type":"ImageObject","inLanguage":"cs","@id":"https:\/\/rckopen.com\/product\/green-bali\/#primaryimage","url":"https:\/\/rckopen.com\/wp-content\/uploads\/2023\/08\/Green-Bali.jpg","contentUrl":"https:\/\/rckopen.com\/wp-content\/uploads\/2023\/08\/Green-Bali.jpg","width":600,"height":600,"caption":"Green-Bali Online kopen"},{"@type":"BreadcrumbList","@id":"https:\/\/rckopen.com\/product\/green-bali\/#breadcrumb","itemListElement":[{"@type":"ListItem","position":1,"name":"Home","item":"https:\/\/rckopen.com\/"},{"@type":"ListItem","position":2,"name":"Shop","item":"https:\/\/rckopen.com\/shop\/"},{"@type":"ListItem","position":3,"name":"Green Bali Online kopen"}]},{"@type":"WebSite","@id":"https:\/\/rckopen.com\/#website","url":"https:\/\/rckopen.com\/","name":"RC Kopen","description":"Research Chemicals","potentialAction":[{"@type":"SearchAction","target":{"@type":"EntryPoint","urlTemplate":"https:\/\/rckopen.com\/?s={search_term_string}"},"query-input":{"@type":"PropertyValueSpecification","valueRequired":true,"valueName":"search_term_string"}}],"inLanguage":"cs"}]}},"_links":{"self":[{"href":"https:\/\/rckopen.com\/cs\/wp-json\/wp\/v2\/product\/6544","targetHints":{"allow":["GET"]}}],"collection":[{"href":"https:\/\/rckopen.com\/cs\/wp-json\/wp\/v2\/product"}],"about":[{"href":"https:\/\/rckopen.com\/cs\/wp-json\/wp\/v2\/types\/product"}],"replies":[{"embeddable":true,"href":"https:\/\/rckopen.com\/cs\/wp-json\/wp\/v2\/comments?post=6544"}],"wp:featuredmedia":[{"embeddable":true,"href":"https:\/\/rckopen.com\/cs\/wp-json\/wp\/v2\/media\/6554"}],"wp:attachment":[{"href":"https:\/\/rckopen.com\/cs\/wp-json\/wp\/v2\/media?parent=6544"}],"wp:term":[{"taxonomy":"product_brand","embeddable":true,"href":"https:\/\/rckopen.com\/cs\/wp-json\/wp\/v2\/product_brand?post=6544"},{"taxonomy":"product_cat","embeddable":true,"href":"https:\/\/rckopen.com\/cs\/wp-json\/wp\/v2\/product_cat?post=6544"},{"taxonomy":"product_tag","embeddable":true,"href":"https:\/\/rckopen.com\/cs\/wp-json\/wp\/v2\/product_tag?post=6544"}],"curies":[{"name":"wp","href":"https:\/\/api.w.org\/{rel}","templated":true}]}}