{"id":6547,"date":"2023-08-16T07:05:44","date_gmt":"2023-08-16T07:05:44","guid":{"rendered":"https:\/\/diligentplug.com\/chems\/?post_type=product&#038;p=6547"},"modified":"2025-02-03T10:45:10","modified_gmt":"2025-02-03T10:45:10","slug":"green-cambodian","status":"publish","type":"product","link":"https:\/\/rckopen.com\/cs\/produkt\/zelena-kambodzska\/","title":{"rendered":"Kupte si Green Cambodian online"},"content":{"rendered":"<h2>Kupte si Green Cambodian online<\/h2>\n<p><a href=\"https:\/\/rckopen.com\/cs\/produkt\/zelena-kambodzska\/\">Kupte si Green Cambodian online<\/a>, <a href=\"https:\/\/en.wikipedia.org\/wiki\/Cambodia\">Cambodjaanse<\/a> Kratom v zelen\u00e9m proveden\u00ed. Tento kratom m\u00e1 velmi intenzivn\u00ed zelenou barvu a je mezi kupuj\u00edc\u00edmi pom\u011brn\u011b obl\u00edben\u00fd. P\u0159esv\u011bd\u010d\u00ed svou jemnost\u00ed, vysokou kvalitou a samoz\u0159ejm\u011b p\u0159\u00edzniv\u00fdmi cenami. \u010c\u00edm v\u011bt\u0161\u00ed mno\u017estv\u00ed, t\u00edm ni\u017e\u0161\u00ed je na\u0161e cena za kilo<a href=\"https:\/\/rckopen.com\/cs\/produkt\/green-bentuangie\/\">.<\/a><\/p>\n<table class=\"ecwid-description-table\">\n<tbody>\n<tr>\n<td><u data-redactor-tag=\"u\">Barva:<\/u><\/td>\n<td>Zelen\u00e1<\/td>\n<\/tr>\n<\/tbody>\n<\/table>\n<table class=\"ecwid-description-table\" style=\"width: 103.68%; height: 462px;\">\n<tbody>\n<tr>\n<td><u data-redactor-tag=\"u\">Tvar:<\/u><\/td>\n<td>Jemn\u011b mlet\u00fd pr\u00e1\u0161ek<\/td>\n<\/tr>\n<tr>\n<td><u data-redactor-tag=\"u\">Vzorek stejn\u00e9 odr\u016fdy:<\/u><\/td>\n<td>Ze 100 gram\u016f = 10 gram\u016f vzorku<\/td>\n<\/tr>\n<tr>\n<td><u data-redactor-tag=\"u\">Balen\u00ed:<\/u><\/td>\n<td>Lehk\u00fd a lehk\u00fd Doypack<\/td>\n<\/tr>\n<tr>\n<td>Podm\u00ednky prodeje:<\/td>\n<td>Barevn\u00fd pigment na rostlinn\u00e9 b\u00e1zi je vhodn\u00fd pouze k barven\u00ed nebo barven\u00ed.<br \/>\nBarevn\u00e9 pigmenty se nesm\u00ed dostat do kontaktu s o\u010dima. Pokud se v\u00e1m dostane do o\u010d\u00ed, vypl\u00e1chn\u011bte je \u010distou vodou. Pokud podr\u00e1\u017ed\u011bn\u00ed p\u0159etrv\u00e1v\u00e1, pora\u010fte se s l\u00e9ka\u0159em Barevn\u00fd pigment nen\u00ed vhodn\u00fd ke konzumaci, ale pouze k barven\u00ed textilu, keramiky, sv\u00ed\u010dek apod. nebo pro um\u011blce, kte\u0159\u00ed cht\u011bj\u00ed d\u011blat kr\u00e1sn\u00e9 obrazy.<\/p>\n<p>Barevn\u00fd pigment uchov\u00e1vejte mimo dosah d\u011bt\u00ed! Koupit zelenou kambod\u017eskou<\/td>\n<\/tr>\n<\/tbody>\n<\/table>\n<p><a href=\"https:\/\/rckopen.com\/cs\/\">rckopen.com<\/a> nab\u00edz\u00ed produkty, kter\u00e9 nejsou ur\u010deny k lidsk\u00e9 spot\u0159eb\u011b. Pokud tento produkt zkonzumujete (ne\u00famysln\u011b), m\u016f\u017ee to m\u00edt v\u00e1\u017en\u00e9 zdravotn\u00ed n\u00e1sledky<a href=\"https:\/\/en.wikipedia.org\/wiki\/Mitragyna_speciosa\">.<\/a><\/p>","protected":false},"excerpt":{"rendered":"<p><strong>Forma: <\/strong>pr\u00e1\u0161ek<\/p>\n<p><strong>NMR anal\u00fdza: <\/strong>NEUPLAT\u0147UJE SE<\/p>","protected":false},"featured_media":6557,"comment_status":"open","ping_status":"closed","template":"","meta":{"_joinchat":[]},"product_brand":[],"product_cat":[139],"product_tag":[],"class_list":{"0":"post-6547","1":"product","2":"type-product","3":"status-publish","4":"has-post-thumbnail","6":"product_cat-kratom","8":"first","9":"instock","10":"shipping-taxable","11":"purchasable","12":"product-type-variable"},"yoast_head":"<!-- This site is optimized with the Yoast SEO plugin v26.3 - https:\/\/yoast.com\/wordpress\/plugins\/seo\/ -->\n<title>Green Cambodian online kopen - Green Cambodian online te koop<\/title>\n<meta name=\"description\" content=\"Mis geen enkele kans om Green Cambodian online te kopen bij onze Rckopen. We hebben uitsluitend te maken met Green Cambodian die te koop zijn tegen goedkope tarieven. Wij zijn hier om u te helpen. Bestel nu!\" \/>\n<meta name=\"robots\" content=\"index, follow, max-snippet:-1, max-image-preview:large, max-video-preview:-1\" \/>\n<link rel=\"canonical\" href=\"https:\/\/rckopen.com\/cs\/produkt\/zelena-kambodzska\/\" \/>\n<meta property=\"og:locale\" content=\"cs_CZ\" \/>\n<meta property=\"og:type\" content=\"article\" \/>\n<meta property=\"og:title\" content=\"Green Cambodian online kopen - Green Cambodian online te koop\" \/>\n<meta property=\"og:description\" content=\"Mis geen enkele kans om Green Cambodian online te kopen bij onze Rckopen. We hebben uitsluitend te maken met Green Cambodian die te koop zijn tegen goedkope tarieven. Wij zijn hier om u te helpen. Bestel nu!\" \/>\n<meta property=\"og:url\" content=\"https:\/\/rckopen.com\/cs\/produkt\/zelena-kambodzska\/\" \/>\n<meta property=\"og:site_name\" content=\"RC Kopen\" \/>\n<meta property=\"article:modified_time\" content=\"2025-02-03T10:45:10+00:00\" \/>\n<meta property=\"og:image\" content=\"https:\/\/rckopen.com\/wp-content\/uploads\/2023\/08\/Green-Cambodian.jpg\" \/>\n\t<meta property=\"og:image:width\" content=\"600\" \/>\n\t<meta property=\"og:image:height\" content=\"600\" \/>\n\t<meta property=\"og:image:type\" content=\"image\/jpeg\" \/>\n<meta name=\"twitter:card\" content=\"summary_large_image\" \/>\n<meta name=\"twitter:label1\" content=\"Odhadovan\u00e1 doba \u010dten\u00ed\" \/>\n\t<meta name=\"twitter:data1\" content=\"1 minuta\" \/>\n<script type=\"application\/ld+json\" class=\"yoast-schema-graph\">{\"@context\":\"https:\/\/schema.org\",\"@graph\":[{\"@type\":\"WebPage\",\"@id\":\"https:\/\/rckopen.com\/product\/green-cambodian\/\",\"url\":\"https:\/\/rckopen.com\/product\/green-cambodian\/\",\"name\":\"Green Cambodian online kopen - Green Cambodian online te koop\",\"isPartOf\":{\"@id\":\"https:\/\/rckopen.com\/#website\"},\"primaryImageOfPage\":{\"@id\":\"https:\/\/rckopen.com\/product\/green-cambodian\/#primaryimage\"},\"image\":{\"@id\":\"https:\/\/rckopen.com\/product\/green-cambodian\/#primaryimage\"},\"thumbnailUrl\":\"https:\/\/rckopen.com\/wp-content\/uploads\/2023\/08\/Green-Cambodian.jpg\",\"datePublished\":\"2023-08-16T07:05:44+00:00\",\"dateModified\":\"2025-02-03T10:45:10+00:00\",\"description\":\"Mis geen enkele kans om Green Cambodian online te kopen bij onze Rckopen. We hebben uitsluitend te maken met Green Cambodian die te koop zijn tegen goedkope tarieven. Wij zijn hier om u te helpen. Bestel nu!\",\"breadcrumb\":{\"@id\":\"https:\/\/rckopen.com\/product\/green-cambodian\/#breadcrumb\"},\"inLanguage\":\"cs\",\"potentialAction\":[{\"@type\":\"ReadAction\",\"target\":[\"https:\/\/rckopen.com\/product\/green-cambodian\/\"]}]},{\"@type\":\"ImageObject\",\"inLanguage\":\"cs\",\"@id\":\"https:\/\/rckopen.com\/product\/green-cambodian\/#primaryimage\",\"url\":\"https:\/\/rckopen.com\/wp-content\/uploads\/2023\/08\/Green-Cambodian.jpg\",\"contentUrl\":\"https:\/\/rckopen.com\/wp-content\/uploads\/2023\/08\/Green-Cambodian.jpg\",\"width\":600,\"height\":600,\"caption\":\"Green-Cambodian online kopen\"},{\"@type\":\"BreadcrumbList\",\"@id\":\"https:\/\/rckopen.com\/product\/green-cambodian\/#breadcrumb\",\"itemListElement\":[{\"@type\":\"ListItem\",\"position\":1,\"name\":\"Home\",\"item\":\"https:\/\/rckopen.com\/\"},{\"@type\":\"ListItem\",\"position\":2,\"name\":\"Shop\",\"item\":\"https:\/\/rckopen.com\/shop\/\"},{\"@type\":\"ListItem\",\"position\":3,\"name\":\"Green Cambodian online kopen\"}]},{\"@type\":\"WebSite\",\"@id\":\"https:\/\/rckopen.com\/#website\",\"url\":\"https:\/\/rckopen.com\/\",\"name\":\"RC Kopen\",\"description\":\"Research Chemicals\",\"potentialAction\":[{\"@type\":\"SearchAction\",\"target\":{\"@type\":\"EntryPoint\",\"urlTemplate\":\"https:\/\/rckopen.com\/?s={search_term_string}\"},\"query-input\":{\"@type\":\"PropertyValueSpecification\",\"valueRequired\":true,\"valueName\":\"search_term_string\"}}],\"inLanguage\":\"cs\"}]}<\/script>\n<!-- \/ Yoast SEO plugin. -->","yoast_head_json":{"title":"Green Cambodian online kopen - Green Cambodian online te koop","description":"Mis geen enkele kans om Green Cambodian online te kopen bij onze Rckopen. We hebben uitsluitend te maken met Green Cambodian die te koop zijn tegen goedkope tarieven. Wij zijn hier om u te helpen. Bestel nu!","robots":{"index":"index","follow":"follow","max-snippet":"max-snippet:-1","max-image-preview":"max-image-preview:large","max-video-preview":"max-video-preview:-1"},"canonical":"https:\/\/rckopen.com\/cs\/produkt\/zelena-kambodzska\/","og_locale":"cs_CZ","og_type":"article","og_title":"Green Cambodian online kopen - Green Cambodian online te koop","og_description":"Mis geen enkele kans om Green Cambodian online te kopen bij onze Rckopen. We hebben uitsluitend te maken met Green Cambodian die te koop zijn tegen goedkope tarieven. Wij zijn hier om u te helpen. Bestel nu!","og_url":"https:\/\/rckopen.com\/cs\/produkt\/zelena-kambodzska\/","og_site_name":"RC Kopen","article_modified_time":"2025-02-03T10:45:10+00:00","og_image":[{"width":600,"height":600,"url":"https:\/\/rckopen.com\/wp-content\/uploads\/2023\/08\/Green-Cambodian.jpg","type":"image\/jpeg"}],"twitter_card":"summary_large_image","twitter_misc":{"Odhadovan\u00e1 doba \u010dten\u00ed":"1 minuta"},"schema":{"@context":"https:\/\/schema.org","@graph":[{"@type":"WebPage","@id":"https:\/\/rckopen.com\/product\/green-cambodian\/","url":"https:\/\/rckopen.com\/product\/green-cambodian\/","name":"Green Cambodian online kopen - Green Cambodian online te koop","isPartOf":{"@id":"https:\/\/rckopen.com\/#website"},"primaryImageOfPage":{"@id":"https:\/\/rckopen.com\/product\/green-cambodian\/#primaryimage"},"image":{"@id":"https:\/\/rckopen.com\/product\/green-cambodian\/#primaryimage"},"thumbnailUrl":"https:\/\/rckopen.com\/wp-content\/uploads\/2023\/08\/Green-Cambodian.jpg","datePublished":"2023-08-16T07:05:44+00:00","dateModified":"2025-02-03T10:45:10+00:00","description":"Mis geen enkele kans om Green Cambodian online te kopen bij onze Rckopen. We hebben uitsluitend te maken met Green Cambodian die te koop zijn tegen goedkope tarieven. Wij zijn hier om u te helpen. Bestel nu!","breadcrumb":{"@id":"https:\/\/rckopen.com\/product\/green-cambodian\/#breadcrumb"},"inLanguage":"cs","potentialAction":[{"@type":"ReadAction","target":["https:\/\/rckopen.com\/product\/green-cambodian\/"]}]},{"@type":"ImageObject","inLanguage":"cs","@id":"https:\/\/rckopen.com\/product\/green-cambodian\/#primaryimage","url":"https:\/\/rckopen.com\/wp-content\/uploads\/2023\/08\/Green-Cambodian.jpg","contentUrl":"https:\/\/rckopen.com\/wp-content\/uploads\/2023\/08\/Green-Cambodian.jpg","width":600,"height":600,"caption":"Green-Cambodian online kopen"},{"@type":"BreadcrumbList","@id":"https:\/\/rckopen.com\/product\/green-cambodian\/#breadcrumb","itemListElement":[{"@type":"ListItem","position":1,"name":"Home","item":"https:\/\/rckopen.com\/"},{"@type":"ListItem","position":2,"name":"Shop","item":"https:\/\/rckopen.com\/shop\/"},{"@type":"ListItem","position":3,"name":"Green Cambodian online kopen"}]},{"@type":"WebSite","@id":"https:\/\/rckopen.com\/#website","url":"https:\/\/rckopen.com\/","name":"RC Kopen","description":"Research Chemicals","potentialAction":[{"@type":"SearchAction","target":{"@type":"EntryPoint","urlTemplate":"https:\/\/rckopen.com\/?s={search_term_string}"},"query-input":{"@type":"PropertyValueSpecification","valueRequired":true,"valueName":"search_term_string"}}],"inLanguage":"cs"}]}},"_links":{"self":[{"href":"https:\/\/rckopen.com\/cs\/wp-json\/wp\/v2\/product\/6547","targetHints":{"allow":["GET"]}}],"collection":[{"href":"https:\/\/rckopen.com\/cs\/wp-json\/wp\/v2\/product"}],"about":[{"href":"https:\/\/rckopen.com\/cs\/wp-json\/wp\/v2\/types\/product"}],"replies":[{"embeddable":true,"href":"https:\/\/rckopen.com\/cs\/wp-json\/wp\/v2\/comments?post=6547"}],"wp:featuredmedia":[{"embeddable":true,"href":"https:\/\/rckopen.com\/cs\/wp-json\/wp\/v2\/media\/6557"}],"wp:attachment":[{"href":"https:\/\/rckopen.com\/cs\/wp-json\/wp\/v2\/media?parent=6547"}],"wp:term":[{"taxonomy":"product_brand","embeddable":true,"href":"https:\/\/rckopen.com\/cs\/wp-json\/wp\/v2\/product_brand?post=6547"},{"taxonomy":"product_cat","embeddable":true,"href":"https:\/\/rckopen.com\/cs\/wp-json\/wp\/v2\/product_cat?post=6547"},{"taxonomy":"product_tag","embeddable":true,"href":"https:\/\/rckopen.com\/cs\/wp-json\/wp\/v2\/product_tag?post=6547"}],"curies":[{"name":"wp","href":"https:\/\/api.w.org\/{rel}","templated":true}]}}