{"id":6549,"date":"2023-08-16T07:07:19","date_gmt":"2023-08-16T07:07:19","guid":{"rendered":"https:\/\/diligentplug.com\/chems\/?post_type=product&#038;p=6549"},"modified":"2025-02-06T06:30:02","modified_gmt":"2025-02-06T06:30:02","slug":"green-papua","status":"publish","type":"product","link":"https:\/\/rckopen.com\/cs\/produkt\/zelena-papua\/","title":{"rendered":"Kupte si Green Papua online"},"content":{"rendered":"<h2>Kupte si Green Papua online<\/h2>\n<h3>Kmen Zelen\u00e1 Papua<\/h3>\n<p>\u017div\u00fd hybridn\u00ed kmen, <a href=\"https:\/\/rckopen.com\/cs\/produkt\/zelena-papua\/\">zelen\u00e1 papua<\/a> m\u00eds\u00ed siln\u00e9 ovocn\u00e9 v\u016fn\u011b s dob\u0159e vyv\u00e1\u017een\u00fdmi \u00fa\u010dinky. Tento kmen, kter\u00fd je zn\u00e1m\u00fd sv\u00fdmi povzn\u00e1\u0161ej\u00edc\u00edmi a uklid\u0148uj\u00edc\u00edmi \u00fa\u010dinky, je ide\u00e1ln\u00ed pro relaxaci p\u0159i zachov\u00e1n\u00ed du\u0161evn\u00ed jasnosti a soust\u0159ed\u011bn\u00ed.<\/p>\n<h3>Pod\u00edvejte<\/h3>\n<p>Zelen\u00e1 papua s matn\u00fdm povlakem t\u0159pytiv\u00fdch trichom\u016f vykazuje hust\u00e9, \u017eiv\u00e9 kv\u011bty s odst\u00edny oran\u017eov\u00e9, fialov\u00e9 a zelen\u00e9. Jeho \u0161pi\u010dkov\u00e1 kvalita se odr\u00e1\u017e\u00ed v jeho atraktivn\u00edm vzhledu.<\/p>\n<h3>V\u016fn\u011b<\/h3>\n<p>S t\u00f3ny tropick\u00fdch citrus\u016f a kr\u00e9mov\u00fdmi podt\u00f3ny m\u00e1 tento kmen p\u0159\u00edjemnou ovocnou v\u016fni. Jeho v\u016fn\u011b je l\u00e1kav\u00e1, revitalizuj\u00edc\u00ed a p\u0159ipom\u00edn\u00e1 dezert z l\u00e9ta.<\/p>\n<h3>Chu\u0165<\/h3>\n<p>S pikantn\u00ed citrusovou v\u016fn\u00ed a hladk\u00fdm, kr\u00e9mov\u00fdm z\u00e1v\u011brem nab\u00edz\u00ed zelen\u00e1 papua p\u0159\u00edval ovocn\u00e9 sladkosti v chuti. Jeho chu\u0165ov\u00fd profil je bohat\u00fd a \u017eiv\u00fd je stejn\u011b p\u0159\u00edjemn\u00fd, jak jeho n\u00e1zev napov\u00edd\u00e1.<\/p>\n<h3>Dopady<\/h3>\n<p>Zelen\u00e1 papua poskytuje v\u0161estrann\u00fd hybridn\u00ed z\u00e1\u017eitek, po\u010d\u00ednaje stimuluj\u00edc\u00edm du\u0161evn\u00edm vzru\u0161en\u00edm, kter\u00e9 zlep\u0161uje n\u00e1ladu a koncentraci. D\u00edky uklid\u0148uj\u00edc\u00ed fyzick\u00e9 relaxaci, kter\u00e1 n\u00e1sleduje po vysok\u00e9, je ide\u00e1ln\u00ed pro \u0159adu \u00fakol\u016f, od kreativn\u00edch snah a\u017e po uklidn\u011bn\u00ed na konci dne. <a href=\"https:\/\/rckopen.com\/cs\/\">RC Kopen<\/a><\/p>\n<h3>P\u0159ednosti produktu<\/h3>\n<ul>\n<li><strong>Aroma:<\/strong> Tropick\u00e9 citrusov\u00e9, kr\u00e9mov\u00e9, sladk\u00e9 ovocn\u00e9<\/li>\n<li><strong>Chu\u0165:<\/strong> Chu\u0165ov\u011b citrusov\u00e1, ovocn\u011b sladk\u00e1, hladk\u00e1 kr\u00e9mov\u00e1<\/li>\n<li><strong>Pozitivn\u00ed:<\/strong>\u00a0uklid\u0148uj\u00edc\u00ed a vyv\u00e1\u017een\u00e9 \u00fa\u010dinky<\/li>\n<li><strong>Typ:<\/strong> Sm\u00ed\u0161en\u00fd<\/li>\n<li><strong>Pevnost:<\/strong> 27.90%<\/li>\n<li><strong>terpeny:<\/strong> karyofylen, myrcen a limonen<\/li>\n<\/ul>\n<h3>Optim\u00e1ln\u00ed pou\u017eit\u00ed<\/h3>\n<p>Zelen\u00e1 papua je ide\u00e1ln\u00ed pro kreativn\u00ed sna\u017een\u00ed, setk\u00e1n\u00ed a klidn\u00e9 ve\u010dery. D\u00edky vyv\u00e1\u017een\u00fdm \u00fa\u010dink\u016fm jej lze pou\u017e\u00edvat jak ve dne, tak v noci.<\/p>\n<h3>\u010cast\u00e9 dotazy k Zelen\u00e9 Papui<\/h3>\n<ul>\n<li><strong>Jak\u00fd vliv m\u00e1 zelen\u00e1 papua?<\/strong><br \/>\nklidn\u00e1 relaxace spojen\u00e1 s povzn\u00e1\u0161ej\u00edc\u00ed vitalitou.<\/li>\n<li><strong>Jak\u00e1 je chu\u0165 zelen\u00e9 papuy?<\/strong><br \/>\nkr\u00e9mov\u00fd z\u00e1v\u011br, pikantn\u00ed citrusy a sladk\u00fd, ovocn\u00fd n\u00e1dech.<\/li>\n<li><strong>Pro koho je zelen\u00e1 papua vhodn\u00e1?<\/strong><br \/>\nVynikaj\u00edc\u00ed pro fanou\u0161ky hybrid\u016f, kte\u0159\u00ed hledaj\u00ed chutn\u00fd a p\u0159izp\u016fsobiv\u00fd z\u00e1\u017eitek.<\/li>\n<li><strong>Je zelen\u00e1 papua vhodn\u00e1 pro nov\u00e1\u010dky?<\/strong><br \/>\nAno, v\u011bt\u0161ina u\u017eivatel\u016f m\u016f\u017ee z\u00edskat jeho dob\u0159e vyv\u00e1\u017een\u00e9 \u00fa\u010dinky.<\/li>\n<li><strong>Jak\u00e1 denn\u00ed doba je ide\u00e1ln\u00ed pro pou\u017eit\u00ed zelen\u00e9 papuy?<\/strong><br \/>\nIde\u00e1ln\u00ed pro soust\u0159ed\u011bn\u00ed b\u011bhem dne nebo relaxaci v noci.<\/li>\n<\/ul>\n<h3>Bu\u010fte opatrn\u00ed<\/h3>\n<ul>\n<li>Pou\u017e\u00edvejte rozumn\u011b; zdr\u017eujte se od obsluhy stroj\u016f nebo automobil\u016f.<\/li>\n<li>Uchov\u00e1vejte mimo dosah d\u011bt\u00ed a dom\u00e1c\u00edch zv\u00ed\u0159at.<\/li>\n<li>Pokud m\u00e1te n\u011bjak\u00e9 zdravotn\u00ed probl\u00e9my, promluvte si se zdravotn\u00edkem.<\/li>\n<\/ul>","protected":false},"excerpt":{"rendered":"<p><strong>Forma: <\/strong>pr\u00e1\u0161ek<\/p>\n<p><strong>NMR anal\u00fdza: <\/strong>NEUPLAT\u0147UJE SE<\/p>","protected":false},"featured_media":6560,"comment_status":"open","ping_status":"closed","template":"","meta":{"_joinchat":[]},"product_brand":[],"product_cat":[139],"product_tag":[],"class_list":{"0":"post-6549","1":"product","2":"type-product","3":"status-publish","4":"has-post-thumbnail","6":"product_cat-kratom","8":"first","9":"instock","10":"shipping-taxable","11":"purchasable","12":"product-type-variable"},"yoast_head":"<!-- This site is optimized with the Yoast SEO plugin v26.3 - https:\/\/yoast.com\/wordpress\/plugins\/seo\/ -->\n<title>Green Papua online kopen - Groen Papua te koop | RC Kopen<\/title>\n<meta name=\"description\" content=\"Onze online rc kopen winkel heeft de beste kwaliteit green papua te koop. Als u green papua online wilt kopen, dan kunnen wij u van alle kanten helpen. Bestel vandaag nog!\" \/>\n<meta name=\"robots\" content=\"index, follow, max-snippet:-1, max-image-preview:large, max-video-preview:-1\" \/>\n<link rel=\"canonical\" href=\"https:\/\/rckopen.com\/cs\/produkt\/zelena-papua\/\" \/>\n<meta property=\"og:locale\" content=\"cs_CZ\" \/>\n<meta property=\"og:type\" content=\"article\" \/>\n<meta property=\"og:title\" content=\"Green Papua online kopen - Groen Papua te koop | RC Kopen\" \/>\n<meta property=\"og:description\" content=\"Onze online rc kopen winkel heeft de beste kwaliteit green papua te koop. Als u green papua online wilt kopen, dan kunnen wij u van alle kanten helpen. Bestel vandaag nog!\" \/>\n<meta property=\"og:url\" content=\"https:\/\/rckopen.com\/cs\/produkt\/zelena-papua\/\" \/>\n<meta property=\"og:site_name\" content=\"RC Kopen\" \/>\n<meta property=\"article:modified_time\" content=\"2025-02-06T06:30:02+00:00\" \/>\n<meta property=\"og:image\" content=\"https:\/\/rckopen.com\/wp-content\/uploads\/2023\/08\/Green-Papua.jpg\" \/>\n\t<meta property=\"og:image:width\" content=\"600\" \/>\n\t<meta property=\"og:image:height\" content=\"600\" \/>\n\t<meta property=\"og:image:type\" content=\"image\/jpeg\" \/>\n<meta name=\"twitter:card\" content=\"summary_large_image\" \/>\n<meta name=\"twitter:label1\" content=\"Odhadovan\u00e1 doba \u010dten\u00ed\" \/>\n\t<meta name=\"twitter:data1\" content=\"2 minuty\" \/>\n<script type=\"application\/ld+json\" class=\"yoast-schema-graph\">{\"@context\":\"https:\/\/schema.org\",\"@graph\":[{\"@type\":\"WebPage\",\"@id\":\"https:\/\/rckopen.com\/product\/green-papua\/\",\"url\":\"https:\/\/rckopen.com\/product\/green-papua\/\",\"name\":\"Green Papua online kopen - Groen Papua te koop | RC Kopen\",\"isPartOf\":{\"@id\":\"https:\/\/rckopen.com\/#website\"},\"primaryImageOfPage\":{\"@id\":\"https:\/\/rckopen.com\/product\/green-papua\/#primaryimage\"},\"image\":{\"@id\":\"https:\/\/rckopen.com\/product\/green-papua\/#primaryimage\"},\"thumbnailUrl\":\"https:\/\/rckopen.com\/wp-content\/uploads\/2023\/08\/Green-Papua.jpg\",\"datePublished\":\"2023-08-16T07:07:19+00:00\",\"dateModified\":\"2025-02-06T06:30:02+00:00\",\"description\":\"Onze online rc kopen winkel heeft de beste kwaliteit green papua te koop. Als u green papua online wilt kopen, dan kunnen wij u van alle kanten helpen. Bestel vandaag nog!\",\"breadcrumb\":{\"@id\":\"https:\/\/rckopen.com\/product\/green-papua\/#breadcrumb\"},\"inLanguage\":\"cs\",\"potentialAction\":[{\"@type\":\"ReadAction\",\"target\":[\"https:\/\/rckopen.com\/product\/green-papua\/\"]}]},{\"@type\":\"ImageObject\",\"inLanguage\":\"cs\",\"@id\":\"https:\/\/rckopen.com\/product\/green-papua\/#primaryimage\",\"url\":\"https:\/\/rckopen.com\/wp-content\/uploads\/2023\/08\/Green-Papua.jpg\",\"contentUrl\":\"https:\/\/rckopen.com\/wp-content\/uploads\/2023\/08\/Green-Papua.jpg\",\"width\":600,\"height\":600,\"caption\":\"Green Papua online kopen\"},{\"@type\":\"BreadcrumbList\",\"@id\":\"https:\/\/rckopen.com\/product\/green-papua\/#breadcrumb\",\"itemListElement\":[{\"@type\":\"ListItem\",\"position\":1,\"name\":\"Home\",\"item\":\"https:\/\/rckopen.com\/\"},{\"@type\":\"ListItem\",\"position\":2,\"name\":\"Shop\",\"item\":\"https:\/\/rckopen.com\/shop\/\"},{\"@type\":\"ListItem\",\"position\":3,\"name\":\"Green Papua online kopen\"}]},{\"@type\":\"WebSite\",\"@id\":\"https:\/\/rckopen.com\/#website\",\"url\":\"https:\/\/rckopen.com\/\",\"name\":\"RC Kopen\",\"description\":\"Research Chemicals\",\"potentialAction\":[{\"@type\":\"SearchAction\",\"target\":{\"@type\":\"EntryPoint\",\"urlTemplate\":\"https:\/\/rckopen.com\/?s={search_term_string}\"},\"query-input\":{\"@type\":\"PropertyValueSpecification\",\"valueRequired\":true,\"valueName\":\"search_term_string\"}}],\"inLanguage\":\"cs\"}]}<\/script>\n<!-- \/ Yoast SEO plugin. -->","yoast_head_json":{"title":"Green Papua online kopen - Groen Papua te koop | RC Kopen","description":"Onze online rc kopen winkel heeft de beste kwaliteit green papua te koop. Als u green papua online wilt kopen, dan kunnen wij u van alle kanten helpen. Bestel vandaag nog!","robots":{"index":"index","follow":"follow","max-snippet":"max-snippet:-1","max-image-preview":"max-image-preview:large","max-video-preview":"max-video-preview:-1"},"canonical":"https:\/\/rckopen.com\/cs\/produkt\/zelena-papua\/","og_locale":"cs_CZ","og_type":"article","og_title":"Green Papua online kopen - Groen Papua te koop | RC Kopen","og_description":"Onze online rc kopen winkel heeft de beste kwaliteit green papua te koop. Als u green papua online wilt kopen, dan kunnen wij u van alle kanten helpen. Bestel vandaag nog!","og_url":"https:\/\/rckopen.com\/cs\/produkt\/zelena-papua\/","og_site_name":"RC Kopen","article_modified_time":"2025-02-06T06:30:02+00:00","og_image":[{"width":600,"height":600,"url":"https:\/\/rckopen.com\/wp-content\/uploads\/2023\/08\/Green-Papua.jpg","type":"image\/jpeg"}],"twitter_card":"summary_large_image","twitter_misc":{"Odhadovan\u00e1 doba \u010dten\u00ed":"2 minuty"},"schema":{"@context":"https:\/\/schema.org","@graph":[{"@type":"WebPage","@id":"https:\/\/rckopen.com\/product\/green-papua\/","url":"https:\/\/rckopen.com\/product\/green-papua\/","name":"Green Papua online kopen - Groen Papua te koop | RC Kopen","isPartOf":{"@id":"https:\/\/rckopen.com\/#website"},"primaryImageOfPage":{"@id":"https:\/\/rckopen.com\/product\/green-papua\/#primaryimage"},"image":{"@id":"https:\/\/rckopen.com\/product\/green-papua\/#primaryimage"},"thumbnailUrl":"https:\/\/rckopen.com\/wp-content\/uploads\/2023\/08\/Green-Papua.jpg","datePublished":"2023-08-16T07:07:19+00:00","dateModified":"2025-02-06T06:30:02+00:00","description":"Onze online rc kopen winkel heeft de beste kwaliteit green papua te koop. Als u green papua online wilt kopen, dan kunnen wij u van alle kanten helpen. Bestel vandaag nog!","breadcrumb":{"@id":"https:\/\/rckopen.com\/product\/green-papua\/#breadcrumb"},"inLanguage":"cs","potentialAction":[{"@type":"ReadAction","target":["https:\/\/rckopen.com\/product\/green-papua\/"]}]},{"@type":"ImageObject","inLanguage":"cs","@id":"https:\/\/rckopen.com\/product\/green-papua\/#primaryimage","url":"https:\/\/rckopen.com\/wp-content\/uploads\/2023\/08\/Green-Papua.jpg","contentUrl":"https:\/\/rckopen.com\/wp-content\/uploads\/2023\/08\/Green-Papua.jpg","width":600,"height":600,"caption":"Green Papua online kopen"},{"@type":"BreadcrumbList","@id":"https:\/\/rckopen.com\/product\/green-papua\/#breadcrumb","itemListElement":[{"@type":"ListItem","position":1,"name":"Home","item":"https:\/\/rckopen.com\/"},{"@type":"ListItem","position":2,"name":"Shop","item":"https:\/\/rckopen.com\/shop\/"},{"@type":"ListItem","position":3,"name":"Green Papua online kopen"}]},{"@type":"WebSite","@id":"https:\/\/rckopen.com\/#website","url":"https:\/\/rckopen.com\/","name":"RC Kopen","description":"Research Chemicals","potentialAction":[{"@type":"SearchAction","target":{"@type":"EntryPoint","urlTemplate":"https:\/\/rckopen.com\/?s={search_term_string}"},"query-input":{"@type":"PropertyValueSpecification","valueRequired":true,"valueName":"search_term_string"}}],"inLanguage":"cs"}]}},"_links":{"self":[{"href":"https:\/\/rckopen.com\/cs\/wp-json\/wp\/v2\/product\/6549","targetHints":{"allow":["GET"]}}],"collection":[{"href":"https:\/\/rckopen.com\/cs\/wp-json\/wp\/v2\/product"}],"about":[{"href":"https:\/\/rckopen.com\/cs\/wp-json\/wp\/v2\/types\/product"}],"replies":[{"embeddable":true,"href":"https:\/\/rckopen.com\/cs\/wp-json\/wp\/v2\/comments?post=6549"}],"wp:featuredmedia":[{"embeddable":true,"href":"https:\/\/rckopen.com\/cs\/wp-json\/wp\/v2\/media\/6560"}],"wp:attachment":[{"href":"https:\/\/rckopen.com\/cs\/wp-json\/wp\/v2\/media?parent=6549"}],"wp:term":[{"taxonomy":"product_brand","embeddable":true,"href":"https:\/\/rckopen.com\/cs\/wp-json\/wp\/v2\/product_brand?post=6549"},{"taxonomy":"product_cat","embeddable":true,"href":"https:\/\/rckopen.com\/cs\/wp-json\/wp\/v2\/product_cat?post=6549"},{"taxonomy":"product_tag","embeddable":true,"href":"https:\/\/rckopen.com\/cs\/wp-json\/wp\/v2\/product_tag?post=6549"}],"curies":[{"name":"wp","href":"https:\/\/api.w.org\/{rel}","templated":true}]}}