{"id":6550,"date":"2023-08-16T07:07:58","date_gmt":"2023-08-16T07:07:58","guid":{"rendered":"https:\/\/diligentplug.com\/chems\/?post_type=product&#038;p=6550"},"modified":"2025-02-06T06:13:22","modified_gmt":"2025-02-06T06:13:22","slug":"green-jongkong","status":"publish","type":"product","link":"https:\/\/rckopen.com\/cs\/produkt\/zeleny-jongkong\/","title":{"rendered":"Koupit Green Jongkong online"},"content":{"rendered":"<h2>Koupit Green Jongkong online<\/h2>\n<h3>\u5173\u4e8eGreen Jongkong<\/h3>\n<p><a href=\"https:\/\/rckopen.com\/cs\/produkt\/zeleny-jongkong\/\">Zelen\u00fd JongKong<\/a> m\u00e1 neochv\u011bjnou s\u00edlu a je neuv\u011b\u0159iteln\u011b dob\u0159e vyv\u00e1\u017een\u00fd. Tento pr\u00e1\u0161kov\u00fd kratom s \u010derven\u00fdmi \u017eilkami je dob\u0159e zn\u00e1m\u00fd pro svou \u00fadajnou hloubku a relaxaci. Klidn\u00fd kmen, kter\u00fd mnoho milovn\u00edk\u016f bylin hledalo, je Green JongKong. Po mnoho let byl Green JongKong, kdysi vz\u00e1cn\u00fd kultivar kratomu, udr\u017eov\u00e1n jako tajn\u00fd malos\u00e9riov\u00fd kmen. Nyn\u00ed, kdy\u017e je tajemstv\u00ed odhaleno, jsme nad\u0161eni, \u017ee v\u00e1m m\u016f\u017eeme p\u0159edstavit zelen\u00fd kratom pr\u00e1\u0161ek JongKong, kter\u00fd je zn\u00e1m\u00fd svou vynikaj\u00edc\u00ed kvalitou a neochv\u011bjnou silou.<\/p>\n<h3>V\u00fdroba a n\u00e1kup zelen\u00e9ho Jongkongu<\/h3>\n<p>Indon\u00e9sk\u00e1 provincie Jongkong je domovem siln\u00e9ho a odoln\u00e9ho kmene Green JongKong. Z technick\u00e9ho hlediska je JongKong \u010dtvrt\u00ed z\u00e1padn\u00edho Bornea. Kalimantan Barat je m\u00edsto, kde se sb\u00edraj\u00ed rostliny kratomu ve vesnici JongKong. Zelen\u00fd JongKong se p\u011bstuje pod\u00e9l \u00fadol\u00ed \u0159eky Kapuas v z\u00e1padn\u00edm Kalimantanu v Indon\u00e9sii, zat\u00edmco jin\u00e9 kmeny se p\u011bstuj\u00ed na izolovan\u00fdch farm\u00e1ch v ne\u00farodn\u00e9 p\u016fd\u011b.<\/p>\n<p>Barva, kultura a dal\u0161\u00ed vlastnosti Green JongKong jej odli\u0161uj\u00ed od ostatn\u00edch \u010derven\u00fdch \u017eilek. Na\u0161i farm\u00e1\u0159i vyb\u00edraj\u00ed pouze obrovsk\u00e9 zelen\u00e9 listy JongKong se silnou j\u00e1drovou \u017eilnatinou a z\u00e1\u0159ivou barvou. U\u017eivatel\u00e9 kratomu zbo\u017e\u0148uj\u00ed bohatou chu\u0165 a \u017eivou barvu zelen\u00fdch list\u016f JongKong, kter\u00e9 jsou p\u0159irovn\u00e1v\u00e1ny k \u010daji matcha. <a href=\"https:\/\/rckopen.com\/cs\/produkt\/zeleny-jongkong\/\">RC Kopen<\/a><\/p>\n<p>Ve srovn\u00e1n\u00ed s rostlinami rostouc\u00edmi d\u00e1le ve vnitrozem\u00ed jsou rostliny kratom p\u011bstovan\u00e9 pod\u00e9l \u0159eky Kapuas mnohem m\u00edrumilovn\u011bj\u0161\u00ed. Kultivary kratomu p\u011bstovan\u00e9 v ba\u017ein\u00e1ch z Kapuas Hulu Regency jsou dob\u0159e zn\u00e1m\u00e9 t\u00edm, \u017ee b\u011bhem sv\u00e9ho \u017eivotn\u00edho cyklu vyu\u017e\u00edvaj\u00ed miner\u00e1ly z \u0159eky Kapuas. Mezi nimi je Green JongKong.<\/p>\n<p>Abychom dos\u00e1hli lep\u0161\u00edho, odoln\u011bj\u0161\u00edho a hlub\u0161\u00edho produktu, skl\u00edz\u00edme na\u0161e zelen\u00e9 rostliny JongKong v jejich nejzralej\u0161\u00edm stavu. Bez ohledu na to, kolik si vezmete, uvid\u00edte zm\u011bnu. Ten kmen m\u00e1 \u00fa\u017easnou dobu trv\u00e1n\u00ed a v\u00fdrazn\u00e9 t\u011blo.<\/p>\n<h3>Mo\u017en\u00e9 v\u00fdhody a nev\u00fdhody Green JongKong<\/h3>\n<p>O v\u00fdhod\u00e1ch Green JongKong, jako je obnoven\u00ed potla\u010dovan\u00e9 p\u0159edstavivosti a pocitu klidu a pohody, se \u0161iroce diskutuje. Zelen\u00fd pr\u00e1\u0161ek JongKong byl vychvalov\u00e1n komunitou kratom\u016f pro jeho uklid\u0148uj\u00edc\u00ed aroma, p\u0159\u00e1telskost a povznesen\u00ed.<\/p>\n<p>V ni\u017e\u0161\u00edch d\u00e1vk\u00e1ch je Green JongKong povzn\u00e1\u0161ej\u00edc\u00ed a uklid\u0148uj\u00edc\u00ed; ve vy\u0161\u0161\u00edch d\u00e1vk\u00e1ch m\u016f\u017ee b\u00fdt docela klidn\u00fd. Hedv\u00e1bn\u00fd pocit v \u00fastech a jasm\u00ednov\u00e9 podt\u00f3ny jsou jen dv\u011b z mnoha p\u0159\u00edjemn\u00fdch vlastnost\u00ed tohoto \u00fa\u017easn\u00e9ho kultivaru. Zelen\u00fd JongKong klid a ticho m\u016f\u017ee b\u00fdt jeho nejlep\u0161\u00ed vlastnost\u00ed.<\/p>\n<p>Siln\u00fd alkaloidn\u00ed profil tohoto siln\u00e9ho kmene p\u0159isp\u00edv\u00e1 k citliv\u011bj\u0161\u00edmu a soust\u0159ed\u011bn\u011bj\u0161\u00edmu z\u00e1\u017eitku. Ajmalicin, korynoxin A a B, mitragynin a v\u00edce ne\u017e 40 dal\u0161\u00edch alkaloid\u016f, flavonoid\u016f a terpenoid\u016f se nach\u00e1z\u00ed v Green JongKong 7-OH (7-hydroxymitragynin), paynantheinu, mitrafylinu a speciogyninu.<\/p>\n<p>Mitragynin a 7-OH se nach\u00e1zej\u00ed v pozoruhodn\u011b vysok\u00fdch koncentrac\u00edch v Green JongKong. Fanou\u0161ci \u201epomal\u00fdch\u201c odr\u016fd si mohou u\u017e\u00edt uklid\u0148uj\u00edc\u00ed, pot\u011b\u0161uj\u00edc\u00ed v\u016fni, kterou tyto dva alkaloidy dohromady vytv\u00e1\u0159ej\u00ed. Ti, kte\u0159\u00ed maj\u00ed r\u00e1di kratom s pln\u00fdm spektrem, mu v\u0161ak d\u00e1vaj\u00ed vysok\u00e9 zn\u00e1mky.<\/p>\n<h3>\u0158\u00edk\u00e1 se, \u017ee zelen\u00fd JongKong m\u00e1 n\u00e1sleduj\u00edc\u00ed potenci\u00e1ln\u00ed v\u00fdhody:<\/h3>\n<ul>\n<li>Pos\u00edlen\u00e1 dru\u017enost<\/li>\n<li>Trval\u00fd klid<\/li>\n<li>m\u00edrn\u00e1 energizace<\/li>\n<li>Inspirace, kter\u00e1 je um\u00edrn\u011bn\u00e1<\/li>\n<li>Hlubok\u00fd pocit pohody<\/li>\n<\/ul>","protected":false},"excerpt":{"rendered":"<p><strong>Forma: <\/strong>pr\u00e1\u0161ek<\/p>\n<p><strong>NMR anal\u00fdza: <\/strong>NEUPLAT\u0147UJE SE<\/p>","protected":false},"featured_media":6561,"comment_status":"open","ping_status":"closed","template":"","meta":{"_joinchat":[]},"product_brand":[],"product_cat":[139],"product_tag":[],"class_list":{"0":"post-6550","1":"product","2":"type-product","3":"status-publish","4":"has-post-thumbnail","6":"product_cat-kratom","8":"first","9":"instock","10":"shipping-taxable","11":"purchasable","12":"product-type-variable"},"yoast_head":"<!-- This site is optimized with the Yoast SEO plugin v26.3 - https:\/\/yoast.com\/wordpress\/plugins\/seo\/ -->\n<title>Green Jongkong online kopen - Green Jongkong te koop<\/title>\n<meta name=\"description\" content=\"In onze RC Kopen online winkel hebben we Green Jong Kong te koop. Bij ons koopt u eenvoudig Green Jongkong online van topkwaliteit tegen de beste prijzen. Bestel nu!\" \/>\n<meta name=\"robots\" content=\"index, follow, max-snippet:-1, max-image-preview:large, max-video-preview:-1\" \/>\n<link rel=\"canonical\" href=\"https:\/\/rckopen.com\/cs\/produkt\/zeleny-jongkong\/\" \/>\n<meta property=\"og:locale\" content=\"cs_CZ\" \/>\n<meta property=\"og:type\" content=\"article\" \/>\n<meta property=\"og:title\" content=\"Green Jongkong online kopen - Green Jongkong te koop\" \/>\n<meta property=\"og:description\" content=\"In onze RC Kopen online winkel hebben we Green Jong Kong te koop. Bij ons koopt u eenvoudig Green Jongkong online van topkwaliteit tegen de beste prijzen. Bestel nu!\" \/>\n<meta property=\"og:url\" content=\"https:\/\/rckopen.com\/cs\/produkt\/zeleny-jongkong\/\" \/>\n<meta property=\"og:site_name\" content=\"RC Kopen\" \/>\n<meta property=\"article:modified_time\" content=\"2025-02-06T06:13:22+00:00\" \/>\n<meta property=\"og:image\" content=\"https:\/\/rckopen.com\/wp-content\/uploads\/2023\/08\/Green-Jongkong.jpg\" \/>\n\t<meta property=\"og:image:width\" content=\"600\" \/>\n\t<meta property=\"og:image:height\" content=\"600\" \/>\n\t<meta property=\"og:image:type\" content=\"image\/jpeg\" \/>\n<meta name=\"twitter:card\" content=\"summary_large_image\" \/>\n<meta name=\"twitter:label1\" content=\"Odhadovan\u00e1 doba \u010dten\u00ed\" \/>\n\t<meta name=\"twitter:data1\" content=\"3 minuty\" \/>\n<script type=\"application\/ld+json\" class=\"yoast-schema-graph\">{\"@context\":\"https:\/\/schema.org\",\"@graph\":[{\"@type\":\"WebPage\",\"@id\":\"https:\/\/rckopen.com\/product\/green-jongkong\/\",\"url\":\"https:\/\/rckopen.com\/product\/green-jongkong\/\",\"name\":\"Green Jongkong online kopen - Green Jongkong te koop\",\"isPartOf\":{\"@id\":\"https:\/\/rckopen.com\/#website\"},\"primaryImageOfPage\":{\"@id\":\"https:\/\/rckopen.com\/product\/green-jongkong\/#primaryimage\"},\"image\":{\"@id\":\"https:\/\/rckopen.com\/product\/green-jongkong\/#primaryimage\"},\"thumbnailUrl\":\"https:\/\/rckopen.com\/wp-content\/uploads\/2023\/08\/Green-Jongkong.jpg\",\"datePublished\":\"2023-08-16T07:07:58+00:00\",\"dateModified\":\"2025-02-06T06:13:22+00:00\",\"description\":\"In onze RC Kopen online winkel hebben we Green Jong Kong te koop. Bij ons koopt u eenvoudig Green Jongkong online van topkwaliteit tegen de beste prijzen. Bestel nu!\",\"breadcrumb\":{\"@id\":\"https:\/\/rckopen.com\/product\/green-jongkong\/#breadcrumb\"},\"inLanguage\":\"cs\",\"potentialAction\":[{\"@type\":\"ReadAction\",\"target\":[\"https:\/\/rckopen.com\/product\/green-jongkong\/\"]}]},{\"@type\":\"ImageObject\",\"inLanguage\":\"cs\",\"@id\":\"https:\/\/rckopen.com\/product\/green-jongkong\/#primaryimage\",\"url\":\"https:\/\/rckopen.com\/wp-content\/uploads\/2023\/08\/Green-Jongkong.jpg\",\"contentUrl\":\"https:\/\/rckopen.com\/wp-content\/uploads\/2023\/08\/Green-Jongkong.jpg\",\"width\":600,\"height\":600,\"caption\":\"Green Jongkong online kopen\"},{\"@type\":\"BreadcrumbList\",\"@id\":\"https:\/\/rckopen.com\/product\/green-jongkong\/#breadcrumb\",\"itemListElement\":[{\"@type\":\"ListItem\",\"position\":1,\"name\":\"Home\",\"item\":\"https:\/\/rckopen.com\/\"},{\"@type\":\"ListItem\",\"position\":2,\"name\":\"Shop\",\"item\":\"https:\/\/rckopen.com\/shop\/\"},{\"@type\":\"ListItem\",\"position\":3,\"name\":\"Green Jongkong online kopen\"}]},{\"@type\":\"WebSite\",\"@id\":\"https:\/\/rckopen.com\/#website\",\"url\":\"https:\/\/rckopen.com\/\",\"name\":\"RC Kopen\",\"description\":\"Research Chemicals\",\"potentialAction\":[{\"@type\":\"SearchAction\",\"target\":{\"@type\":\"EntryPoint\",\"urlTemplate\":\"https:\/\/rckopen.com\/?s={search_term_string}\"},\"query-input\":{\"@type\":\"PropertyValueSpecification\",\"valueRequired\":true,\"valueName\":\"search_term_string\"}}],\"inLanguage\":\"cs\"}]}<\/script>\n<!-- \/ Yoast SEO plugin. -->","yoast_head_json":{"title":"Green Jongkong online kopen - Green Jongkong te koop","description":"In onze RC Kopen online winkel hebben we Green Jong Kong te koop. Bij ons koopt u eenvoudig Green Jongkong online van topkwaliteit tegen de beste prijzen. Bestel nu!","robots":{"index":"index","follow":"follow","max-snippet":"max-snippet:-1","max-image-preview":"max-image-preview:large","max-video-preview":"max-video-preview:-1"},"canonical":"https:\/\/rckopen.com\/cs\/produkt\/zeleny-jongkong\/","og_locale":"cs_CZ","og_type":"article","og_title":"Green Jongkong online kopen - Green Jongkong te koop","og_description":"In onze RC Kopen online winkel hebben we Green Jong Kong te koop. Bij ons koopt u eenvoudig Green Jongkong online van topkwaliteit tegen de beste prijzen. Bestel nu!","og_url":"https:\/\/rckopen.com\/cs\/produkt\/zeleny-jongkong\/","og_site_name":"RC Kopen","article_modified_time":"2025-02-06T06:13:22+00:00","og_image":[{"width":600,"height":600,"url":"https:\/\/rckopen.com\/wp-content\/uploads\/2023\/08\/Green-Jongkong.jpg","type":"image\/jpeg"}],"twitter_card":"summary_large_image","twitter_misc":{"Odhadovan\u00e1 doba \u010dten\u00ed":"3 minuty"},"schema":{"@context":"https:\/\/schema.org","@graph":[{"@type":"WebPage","@id":"https:\/\/rckopen.com\/product\/green-jongkong\/","url":"https:\/\/rckopen.com\/product\/green-jongkong\/","name":"Green Jongkong online kopen - Green Jongkong te koop","isPartOf":{"@id":"https:\/\/rckopen.com\/#website"},"primaryImageOfPage":{"@id":"https:\/\/rckopen.com\/product\/green-jongkong\/#primaryimage"},"image":{"@id":"https:\/\/rckopen.com\/product\/green-jongkong\/#primaryimage"},"thumbnailUrl":"https:\/\/rckopen.com\/wp-content\/uploads\/2023\/08\/Green-Jongkong.jpg","datePublished":"2023-08-16T07:07:58+00:00","dateModified":"2025-02-06T06:13:22+00:00","description":"In onze RC Kopen online winkel hebben we Green Jong Kong te koop. Bij ons koopt u eenvoudig Green Jongkong online van topkwaliteit tegen de beste prijzen. Bestel nu!","breadcrumb":{"@id":"https:\/\/rckopen.com\/product\/green-jongkong\/#breadcrumb"},"inLanguage":"cs","potentialAction":[{"@type":"ReadAction","target":["https:\/\/rckopen.com\/product\/green-jongkong\/"]}]},{"@type":"ImageObject","inLanguage":"cs","@id":"https:\/\/rckopen.com\/product\/green-jongkong\/#primaryimage","url":"https:\/\/rckopen.com\/wp-content\/uploads\/2023\/08\/Green-Jongkong.jpg","contentUrl":"https:\/\/rckopen.com\/wp-content\/uploads\/2023\/08\/Green-Jongkong.jpg","width":600,"height":600,"caption":"Green Jongkong online kopen"},{"@type":"BreadcrumbList","@id":"https:\/\/rckopen.com\/product\/green-jongkong\/#breadcrumb","itemListElement":[{"@type":"ListItem","position":1,"name":"Home","item":"https:\/\/rckopen.com\/"},{"@type":"ListItem","position":2,"name":"Shop","item":"https:\/\/rckopen.com\/shop\/"},{"@type":"ListItem","position":3,"name":"Green Jongkong online kopen"}]},{"@type":"WebSite","@id":"https:\/\/rckopen.com\/#website","url":"https:\/\/rckopen.com\/","name":"RC Kopen","description":"Research Chemicals","potentialAction":[{"@type":"SearchAction","target":{"@type":"EntryPoint","urlTemplate":"https:\/\/rckopen.com\/?s={search_term_string}"},"query-input":{"@type":"PropertyValueSpecification","valueRequired":true,"valueName":"search_term_string"}}],"inLanguage":"cs"}]}},"_links":{"self":[{"href":"https:\/\/rckopen.com\/cs\/wp-json\/wp\/v2\/product\/6550","targetHints":{"allow":["GET"]}}],"collection":[{"href":"https:\/\/rckopen.com\/cs\/wp-json\/wp\/v2\/product"}],"about":[{"href":"https:\/\/rckopen.com\/cs\/wp-json\/wp\/v2\/types\/product"}],"replies":[{"embeddable":true,"href":"https:\/\/rckopen.com\/cs\/wp-json\/wp\/v2\/comments?post=6550"}],"wp:featuredmedia":[{"embeddable":true,"href":"https:\/\/rckopen.com\/cs\/wp-json\/wp\/v2\/media\/6561"}],"wp:attachment":[{"href":"https:\/\/rckopen.com\/cs\/wp-json\/wp\/v2\/media?parent=6550"}],"wp:term":[{"taxonomy":"product_brand","embeddable":true,"href":"https:\/\/rckopen.com\/cs\/wp-json\/wp\/v2\/product_brand?post=6550"},{"taxonomy":"product_cat","embeddable":true,"href":"https:\/\/rckopen.com\/cs\/wp-json\/wp\/v2\/product_cat?post=6550"},{"taxonomy":"product_tag","embeddable":true,"href":"https:\/\/rckopen.com\/cs\/wp-json\/wp\/v2\/product_tag?post=6550"}],"curies":[{"name":"wp","href":"https:\/\/api.w.org\/{rel}","templated":true}]}}