{"id":6565,"date":"2023-08-16T08:51:55","date_gmt":"2023-08-16T08:51:55","guid":{"rendered":"https:\/\/diligentplug.com\/chems\/?post_type=product&#038;p=6565"},"modified":"2026-03-09T06:14:39","modified_gmt":"2026-03-09T06:14:39","slug":"2-methyl-ap-237-hcl","status":"publish","type":"product","link":"https:\/\/rckopen.com\/cs\/produkt\/2-methyl-ap-237-hcl\/","title":{"rendered":"Koupit 2-METHYL-AP-237.HCL online"},"content":{"rendered":"<h2><b>2-METHYL-AP-237.HCL Online Kopen \u2013 Premium Kwaliteit en Betrouwbare Bron<\/b><\/h2>\n<h3><b>Co je 2-METHYL-AP-237.HCL?<\/b><\/h3>\n<p><span style=\"font-weight: 400;\"><a href=\"https:\/\/rckopen.com\/cs\/produkt\/2-methyl-ap-237-hcl\/\"><strong>2-METHYL-AP-237.HCL<\/strong><\/a> je specializovan\u00e1 hydrochloridov\u00e1 slou\u010denina \u0161iroce pou\u017e\u00edvan\u00e1 ve v\u011bdeck\u00e9m v\u00fdzkumu a farmaceutick\u00fdch aplikac\u00edch. D\u00edky sv\u00e9 vysok\u00e9 \u010distot\u011b a stabilit\u011b je tato chemik\u00e1lie nezbytn\u00e1 pro r\u016fzn\u00e9 experiment\u00e1ln\u00ed a syntetick\u00e9 procesy. D\u00edky sv\u00fdm jedine\u010dn\u00fdm molekul\u00e1rn\u00edm vlastnostem je cenn\u00fdm produktem pro v\u00fdzkumn\u00edky a profesion\u00e1ly, kte\u0159\u00ed hledaj\u00ed spolehliv\u00e9 a vysoce kvalitn\u00ed materi\u00e1ly.<\/span><\/p>\n<h3><b>B\u011b\u017en\u00e9 pou\u017eit\u00ed a v\u00fdznam<\/b><\/h3>\n<p><span style=\"font-weight: 400;\">2-METHYL-AP-237.HCL se \u0161iroce pou\u017e\u00edv\u00e1 v pokro\u010dil\u00e9 chemick\u00e9 synt\u00e9ze a farmaceutick\u00e9m v\u00fdvoji. Hraje kl\u00ed\u010dovou roli v inovativn\u00edm v\u00fdzkumu a formulaci produkt\u016f. Jeho p\u0159\u00ednos k efektivn\u011bj\u0161\u00edm a stabiln\u011bj\u0161\u00edm reakc\u00edm z n\u011bj \u010din\u00ed nepostradatelnou sou\u010d\u00e1st laborato\u0159\u00ed a pr\u016fmyslov\u00fdch odv\u011btv\u00ed v pop\u0159ed\u00ed v\u011bdy a techniky.<\/span><\/p>\n<h3><b>Pr\u00e1vn\u00ed status<\/b><\/h3>\n<h4><b>P\u0159ehled glob\u00e1ln\u00edho a region\u00e1ln\u00edho pr\u00e1vn\u00edho statusu<\/b><\/h4>\n<p><span style=\"font-weight: 400;\">Pr\u00e1vn\u00ed status l\u00e1tky 2-METHYL-AP-237.HCL se li\u0161\u00ed v z\u00e1vislosti na zemi a regionu. V mnoha oblastech je pova\u017eov\u00e1na za regulovanou chemik\u00e1lii, kter\u00e1 vy\u017eaduje \u0159\u00e1dnou dokumentaci a povolen\u00ed k n\u00e1kupu a pou\u017eit\u00ed. P\u0159ed rozhodnut\u00edm o jej\u00edm pou\u017eit\u00ed si v\u017edy prostudujte m\u00edstn\u00ed z\u00e1kony a p\u0159edpisy. <\/span><a href=\"https:\/\/en.wikipedia.org\/wiki\/Bucinnazine\"><b>Koupit 2-METHYL-AP-237.HCL online<\/b><\/a><span style=\"font-weight: 400;\">.<\/span><\/p>\n<h4><b>D\u016fle\u017eitost dodr\u017eov\u00e1n\u00ed z\u00e1kona<\/b><\/h4>\n<p><span style=\"font-weight: 400;\">Dodr\u017eov\u00e1n\u00ed pr\u00e1vn\u00edch p\u0159edpis\u016f v\u00e1s chr\u00e1n\u00ed p\u0159ed pokutami, pr\u00e1vn\u00edmi spory a zabaven\u00edm z\u00e1silek. Dodr\u017eov\u00e1n\u00ed p\u0159edpis\u016f nav\u00edc p\u0159isp\u00edv\u00e1 k zodpov\u011bdn\u00e9mu z\u00edsk\u00e1v\u00e1n\u00ed a pou\u017e\u00edv\u00e1n\u00ed zdroj\u016f, co\u017e je nezbytn\u00e9 pro bezpe\u010dnost a etick\u00e9 standardy ve v\u011bdeck\u00e9m v\u00fdzkumu.<\/span><\/p>\n<h3><b>Kde koupit 2-METHYL-AP-237.HCL online<\/b><\/h3>\n<h4><b>Spolehliv\u00ed a renomovan\u00ed dodavatel\u00e9<\/b><\/h4>\n<p><span style=\"font-weight: 400;\">Bij het <\/span><b>objednat 2-METHYL-AP-237.HCL online<\/b><span style=\"font-weight: 400;\"> V\u00fdb\u011br spolehliv\u00e9ho dodavatele je z\u00e1sadn\u00ed. Renomovan\u00ed prodejci nab\u00edzej\u00ed ov\u011b\u0159en\u00e9, vysoce kvalitn\u00ed produkty s transparentnost\u00ed ohledn\u011b \u010distoty a p\u016fvodu. Hledejte dodavatele, kte\u0159\u00ed mohou prok\u00e1zat certifik\u00e1ty, maj\u00ed pozitivn\u00ed recenze z\u00e1kazn\u00edk\u016f a nab\u00edzej\u00ed vynikaj\u00edc\u00ed z\u00e1kaznick\u00fd servis.<\/span><\/p>\n<h4><b>Rizika n\u00e1kupu z nezn\u00e1m\u00fdch zdroj\u016f<\/b><\/h4>\n<p><span style=\"font-weight: 400;\">N\u00e1kup od nespolehliv\u00fdch nebo nezn\u00e1m\u00fdch prodejc\u016f m\u016f\u017ee v\u00e9st k obdr\u017een\u00ed pad\u011blan\u00fdch produkt\u016f nebo nekvalitn\u00edch chemik\u00e1li\u00ed, co\u017e m\u016f\u017ee v\u00e9st k ne\u00fasp\u011b\u0161n\u00fdm experiment\u016fm a zdravotn\u00edm rizik\u016fm. Tito prodejci mohou tak\u00e9 pou\u017e\u00edvat \u0161patn\u00e9 p\u0159epravn\u00ed postupy, co\u017e m\u016f\u017ee zp\u016fsobit zpo\u017ed\u011bn\u00ed nebo ztr\u00e1tu produkt\u016f.<\/span><\/p>\n<h3><b>Hoe de Echtheid van het Product te Verifi\u00ebren<\/b><\/h3>\n<h4><b>Beoordelingen en Klantfeedback<\/b><\/h4>\n<p><span style=\"font-weight: 400;\">Recenze a zp\u011btn\u00e1 vazba od z\u00e1kazn\u00edk\u016f poskytuj\u00ed cenn\u00e9 informace o spolehlivosti dodavatele a kvalit\u011b produkt\u016f. Pozitivn\u00ed recenze a opakovan\u00ed z\u00e1kazn\u00edci jsou \u010dasto zn\u00e1mkou spolehliv\u00e9ho zdroje.<\/span><\/p>\n<h3><b>Platebn\u00ed metody a zabezpe\u010den\u00ed<\/b><\/h3>\n<h4><b>B\u011b\u017en\u011b pou\u017e\u00edvan\u00e9 mo\u017enosti platby<\/b><\/h4>\n<p><span style=\"font-weight: 400;\">Spolehliv\u00ed poskytovatel\u00e9 akceptuj\u00ed r\u016fzn\u00e9 bezpe\u010dn\u00e9 platebn\u00ed metody, v\u010detn\u011b kryptom\u011bn (jako je Bitcoin a Ethereum), kreditn\u00edch karet a bankovn\u00edch p\u0159evod\u016f. Tyto mo\u017enosti nab\u00edzej\u00ed flexibilitu a ochranu plateb.<\/span><\/p>\n<h4><b>Tips voor Veilige Transacties<\/b><\/h4>\n<p><span style=\"font-weight: 400;\">Pou\u017e\u00edvejte zabezpe\u010den\u00e9 platebn\u00ed br\u00e1ny, sd\u00edlejte pouze nezbytn\u00e9 osobn\u00ed \u00fadaje a p\u0159ed platbou ov\u011b\u0159te p\u0159ihla\u0161ovac\u00ed \u00fadaje dodavatele. Dodavatel\u00e9 se \u0161ifrovan\u00fdmi platebn\u00edmi procesy v\u00fdrazn\u011b zvy\u0161uj\u00ed va\u0161i bezpe\u010dnost.<\/span><\/p>\n<h3><b>P\u0159eprava a dod\u00e1n\u00ed<\/b><\/h3>\n<h4><b>Typische Verzendingstijden en Methoden<\/b><\/h4>\n<p><span style=\"font-weight: 400;\">V\u011bt\u0161ina renomovan\u00fdch dodavatel\u016f poskytuje diskr\u00e9tn\u00ed balen\u00ed a spolehlivou p\u0159epravu se sledov\u00e1n\u00edm. Dodac\u00ed lh\u016fty se li\u0161\u00ed v z\u00e1vislosti na destinaci a mohou se pohybovat od n\u011bkolika dn\u016f do dvou t\u00fddn\u016f v z\u00e1vislosti na celn\u00edch a kur\u00fdrn\u00edch slu\u017eb\u00e1ch.<\/span><\/p>\n<h4><b>Vy\u0159izov\u00e1n\u00ed celn\u00edch a dovozn\u00edch po\u017eadavk\u016f<\/b><\/h4>\n<p><span style=\"font-weight: 400;\">Je d\u016fle\u017eit\u00e9 zn\u00e1t dovozn\u00ed p\u0159edpisy va\u0161\u00ed zem\u011b. N\u011bkter\u00e9 chemik\u00e1lie mohou m\u00edt omezen\u00ed nebo vy\u017eadovat celn\u00ed odbaven\u00ed. Vyberte si dodavatele, kte\u0159\u00ed nab\u00edzej\u00ed poradenstv\u00ed ohledn\u011b dopravy a celn\u00edch postup\u016f, abyste se vyhnuli zpo\u017ed\u011bn\u00edm nebo zabaven\u00ed zbo\u017e\u00ed.<\/span><\/p>\n<h3><b>Mo\u017en\u00e1 rizika a bezpe\u010dnostn\u00ed opat\u0159en\u00ed<\/b><\/h3>\n<h4><b>Kwaliteitscontroleproblemen<\/b><\/h4>\n<p><span style=\"font-weight: 400;\">Nekvalitn\u00ed nebo pad\u011blan\u00e9 produkty mohou negativn\u011b ovlivnit v\u00fdsledky va\u0161eho v\u00fdzkumu. V\u017edy ov\u011b\u0159ujte kvalitu produkt\u016f a nakupujte od renomovan\u00fdch dodavatel\u016f, abyste se t\u011bmto probl\u00e9m\u016fm vyhnuli.<\/span><\/p>\n<h4><b>Zdravotn\u00ed a bezpe\u010dnostn\u00ed varov\u00e1n\u00ed<\/b><\/h4>\n<p><span style=\"font-weight: 400;\">S 2-METHYL-AP-237.HCL v\u017edy manipulujte s vhodn\u00fdmi ochrann\u00fdmi prost\u0159edky a dodr\u017eujte bezpe\u010dnostn\u00ed protokoly pro laborato\u0159e. Nespr\u00e1vn\u00e9 pou\u017eit\u00ed m\u016f\u017ee vzhledem k jeho chemick\u00e9 povaze p\u0159edstavovat zdravotn\u00ed rizika.<\/span><\/p>\n<h3><b>Z\u00e1v\u011br<\/b><\/h3>\n<p><span style=\"font-weight: 400;\">Pokud chcete 2-METHYL-AP-237.HCL <\/span><a href=\"https:\/\/rckopen.com\/cs\/\"><b>koupit online za n\u00edzkou cenu<\/b><\/a><span style=\"font-weight: 400;\">, zonder in te leveren op kwaliteit, is het kiezen van de juiste leverancier essentieel. Wij bieden premium kwaliteit 2-METHYL-AP-237.HCL met gegarandeerde zuiverheid, veilige betaalopties en snelle verzending, waardoor wij de <\/span><b>nejlep\u0161\u00ed m\u00edsto pro n\u00e1kup 2-METHYL-AP-237.HCL online<\/b><span style=\"font-weight: 400;\">Objednejte si je\u0161t\u011b dnes a z\u00edskejte autentick\u00e9 a spolehliv\u00e9 produkty, kter\u00e9 dokonale odpov\u00eddaj\u00ed va\u0161im v\u011bdeck\u00fdm a pr\u016fmyslov\u00fdm pot\u0159eb\u00e1m.<\/span><\/p>","protected":false},"excerpt":{"rendered":"<p><strong>N\u00e1zev IUPAC: <\/strong>1-(4-cinnamyl-2-methylpiperazin-1-yl)butan-1-on<\/p>\n<p><strong>Vzhled: <\/strong>pr\u00e1\u0161ek<\/p>\n<p><strong>NMR anal\u00fdza: <\/strong>C18H26N2O<\/p>","protected":false},"featured_media":6576,"comment_status":"open","ping_status":"closed","template":"","meta":{"_joinchat":[]},"product_brand":[],"product_cat":[141],"product_tag":[],"class_list":{"0":"post-6565","1":"product","2":"type-product","3":"status-publish","4":"has-post-thumbnail","6":"product_cat-anderen","8":"first","9":"instock","10":"shipping-taxable","11":"purchasable","12":"product-type-variable"},"yoast_head":"<!-- This site is optimized with the Yoast SEO plugin v26.3 - https:\/\/yoast.com\/wordpress\/plugins\/seo\/ -->\n<title>2-methyl-AP-237-HCL Online Kopen - 2-methyl-AP-237-HCl te koop<\/title>\n<meta name=\"description\" content=\"Mis geen kans om 2-methyl-ap-237-hcl online kopen van onze Rckopen. We hebben uitsluitend te maken met 2-methyl-ap-237-hcl, te koop tegen goedkope tarieven.\" \/>\n<meta name=\"robots\" content=\"index, follow, max-snippet:-1, max-image-preview:large, max-video-preview:-1\" \/>\n<link rel=\"canonical\" href=\"https:\/\/rckopen.com\/cs\/produkt\/2-methyl-ap-237-hcl\/\" \/>\n<meta property=\"og:locale\" content=\"cs_CZ\" \/>\n<meta property=\"og:type\" content=\"article\" \/>\n<meta property=\"og:title\" content=\"2-methyl-AP-237-HCL Online Kopen - 2-methyl-AP-237-HCl te koop\" \/>\n<meta property=\"og:description\" content=\"Mis geen kans om 2-methyl-ap-237-hcl online kopen van onze Rckopen. We hebben uitsluitend te maken met 2-methyl-ap-237-hcl, te koop tegen goedkope tarieven.\" \/>\n<meta property=\"og:url\" content=\"https:\/\/rckopen.com\/cs\/produkt\/2-methyl-ap-237-hcl\/\" \/>\n<meta property=\"og:site_name\" content=\"RC Kopen\" \/>\n<meta property=\"article:modified_time\" content=\"2026-03-09T06:14:39+00:00\" \/>\n<meta property=\"og:image\" content=\"https:\/\/rckopen.com\/wp-content\/uploads\/2023\/08\/2-METHYL-AP-237.HCL_.jpg\" \/>\n\t<meta property=\"og:image:width\" content=\"600\" \/>\n\t<meta property=\"og:image:height\" content=\"600\" \/>\n\t<meta property=\"og:image:type\" content=\"image\/jpeg\" \/>\n<meta name=\"twitter:card\" content=\"summary_large_image\" \/>\n<meta name=\"twitter:label1\" content=\"Odhadovan\u00e1 doba \u010dten\u00ed\" \/>\n\t<meta name=\"twitter:data1\" content=\"3 minuty\" \/>\n<script type=\"application\/ld+json\" class=\"yoast-schema-graph\">{\"@context\":\"https:\/\/schema.org\",\"@graph\":[{\"@type\":\"WebPage\",\"@id\":\"https:\/\/rckopen.com\/product\/2-methyl-ap-237-hcl\/\",\"url\":\"https:\/\/rckopen.com\/product\/2-methyl-ap-237-hcl\/\",\"name\":\"2-methyl-AP-237-HCL Online Kopen - 2-methyl-AP-237-HCl te koop\",\"isPartOf\":{\"@id\":\"https:\/\/rckopen.com\/#website\"},\"primaryImageOfPage\":{\"@id\":\"https:\/\/rckopen.com\/product\/2-methyl-ap-237-hcl\/#primaryimage\"},\"image\":{\"@id\":\"https:\/\/rckopen.com\/product\/2-methyl-ap-237-hcl\/#primaryimage\"},\"thumbnailUrl\":\"https:\/\/rckopen.com\/wp-content\/uploads\/2023\/08\/2-METHYL-AP-237.HCL_.jpg\",\"datePublished\":\"2023-08-16T08:51:55+00:00\",\"dateModified\":\"2026-03-09T06:14:39+00:00\",\"description\":\"Mis geen kans om 2-methyl-ap-237-hcl online kopen van onze Rckopen. We hebben uitsluitend te maken met 2-methyl-ap-237-hcl, te koop tegen goedkope tarieven.\",\"breadcrumb\":{\"@id\":\"https:\/\/rckopen.com\/product\/2-methyl-ap-237-hcl\/#breadcrumb\"},\"inLanguage\":\"cs\",\"potentialAction\":[{\"@type\":\"ReadAction\",\"target\":[\"https:\/\/rckopen.com\/product\/2-methyl-ap-237-hcl\/\"]}]},{\"@type\":\"ImageObject\",\"inLanguage\":\"cs\",\"@id\":\"https:\/\/rckopen.com\/product\/2-methyl-ap-237-hcl\/#primaryimage\",\"url\":\"https:\/\/rckopen.com\/wp-content\/uploads\/2023\/08\/2-METHYL-AP-237.HCL_.jpg\",\"contentUrl\":\"https:\/\/rckopen.com\/wp-content\/uploads\/2023\/08\/2-METHYL-AP-237.HCL_.jpg\",\"width\":600,\"height\":600,\"caption\":\"2-METHYL-AP-237.HCL Online Kopen\"},{\"@type\":\"BreadcrumbList\",\"@id\":\"https:\/\/rckopen.com\/product\/2-methyl-ap-237-hcl\/#breadcrumb\",\"itemListElement\":[{\"@type\":\"ListItem\",\"position\":1,\"name\":\"Home\",\"item\":\"https:\/\/rckopen.com\/\"},{\"@type\":\"ListItem\",\"position\":2,\"name\":\"Shop\",\"item\":\"https:\/\/rckopen.com\/shop\/\"},{\"@type\":\"ListItem\",\"position\":3,\"name\":\"2-METHYL-AP-237.HCL Online Kopen\"}]},{\"@type\":\"WebSite\",\"@id\":\"https:\/\/rckopen.com\/#website\",\"url\":\"https:\/\/rckopen.com\/\",\"name\":\"RC Kopen\",\"description\":\"Research Chemicals\",\"potentialAction\":[{\"@type\":\"SearchAction\",\"target\":{\"@type\":\"EntryPoint\",\"urlTemplate\":\"https:\/\/rckopen.com\/?s={search_term_string}\"},\"query-input\":{\"@type\":\"PropertyValueSpecification\",\"valueRequired\":true,\"valueName\":\"search_term_string\"}}],\"inLanguage\":\"cs\"}]}<\/script>\n<!-- \/ Yoast SEO plugin. -->","yoast_head_json":{"title":"2-methyl-AP-237-HCL Online Kopen - 2-methyl-AP-237-HCl te koop","description":"Mis geen kans om 2-methyl-ap-237-hcl online kopen van onze Rckopen. We hebben uitsluitend te maken met 2-methyl-ap-237-hcl, te koop tegen goedkope tarieven.","robots":{"index":"index","follow":"follow","max-snippet":"max-snippet:-1","max-image-preview":"max-image-preview:large","max-video-preview":"max-video-preview:-1"},"canonical":"https:\/\/rckopen.com\/cs\/produkt\/2-methyl-ap-237-hcl\/","og_locale":"cs_CZ","og_type":"article","og_title":"2-methyl-AP-237-HCL Online Kopen - 2-methyl-AP-237-HCl te koop","og_description":"Mis geen kans om 2-methyl-ap-237-hcl online kopen van onze Rckopen. We hebben uitsluitend te maken met 2-methyl-ap-237-hcl, te koop tegen goedkope tarieven.","og_url":"https:\/\/rckopen.com\/cs\/produkt\/2-methyl-ap-237-hcl\/","og_site_name":"RC Kopen","article_modified_time":"2026-03-09T06:14:39+00:00","og_image":[{"width":600,"height":600,"url":"https:\/\/rckopen.com\/wp-content\/uploads\/2023\/08\/2-METHYL-AP-237.HCL_.jpg","type":"image\/jpeg"}],"twitter_card":"summary_large_image","twitter_misc":{"Odhadovan\u00e1 doba \u010dten\u00ed":"3 minuty"},"schema":{"@context":"https:\/\/schema.org","@graph":[{"@type":"WebPage","@id":"https:\/\/rckopen.com\/product\/2-methyl-ap-237-hcl\/","url":"https:\/\/rckopen.com\/product\/2-methyl-ap-237-hcl\/","name":"2-methyl-AP-237-HCL Online Kopen - 2-methyl-AP-237-HCl te koop","isPartOf":{"@id":"https:\/\/rckopen.com\/#website"},"primaryImageOfPage":{"@id":"https:\/\/rckopen.com\/product\/2-methyl-ap-237-hcl\/#primaryimage"},"image":{"@id":"https:\/\/rckopen.com\/product\/2-methyl-ap-237-hcl\/#primaryimage"},"thumbnailUrl":"https:\/\/rckopen.com\/wp-content\/uploads\/2023\/08\/2-METHYL-AP-237.HCL_.jpg","datePublished":"2023-08-16T08:51:55+00:00","dateModified":"2026-03-09T06:14:39+00:00","description":"Mis geen kans om 2-methyl-ap-237-hcl online kopen van onze Rckopen. We hebben uitsluitend te maken met 2-methyl-ap-237-hcl, te koop tegen goedkope tarieven.","breadcrumb":{"@id":"https:\/\/rckopen.com\/product\/2-methyl-ap-237-hcl\/#breadcrumb"},"inLanguage":"cs","potentialAction":[{"@type":"ReadAction","target":["https:\/\/rckopen.com\/product\/2-methyl-ap-237-hcl\/"]}]},{"@type":"ImageObject","inLanguage":"cs","@id":"https:\/\/rckopen.com\/product\/2-methyl-ap-237-hcl\/#primaryimage","url":"https:\/\/rckopen.com\/wp-content\/uploads\/2023\/08\/2-METHYL-AP-237.HCL_.jpg","contentUrl":"https:\/\/rckopen.com\/wp-content\/uploads\/2023\/08\/2-METHYL-AP-237.HCL_.jpg","width":600,"height":600,"caption":"2-METHYL-AP-237.HCL Online Kopen"},{"@type":"BreadcrumbList","@id":"https:\/\/rckopen.com\/product\/2-methyl-ap-237-hcl\/#breadcrumb","itemListElement":[{"@type":"ListItem","position":1,"name":"Home","item":"https:\/\/rckopen.com\/"},{"@type":"ListItem","position":2,"name":"Shop","item":"https:\/\/rckopen.com\/shop\/"},{"@type":"ListItem","position":3,"name":"2-METHYL-AP-237.HCL Online Kopen"}]},{"@type":"WebSite","@id":"https:\/\/rckopen.com\/#website","url":"https:\/\/rckopen.com\/","name":"RC Kopen","description":"Research Chemicals","potentialAction":[{"@type":"SearchAction","target":{"@type":"EntryPoint","urlTemplate":"https:\/\/rckopen.com\/?s={search_term_string}"},"query-input":{"@type":"PropertyValueSpecification","valueRequired":true,"valueName":"search_term_string"}}],"inLanguage":"cs"}]}},"_links":{"self":[{"href":"https:\/\/rckopen.com\/cs\/wp-json\/wp\/v2\/product\/6565","targetHints":{"allow":["GET"]}}],"collection":[{"href":"https:\/\/rckopen.com\/cs\/wp-json\/wp\/v2\/product"}],"about":[{"href":"https:\/\/rckopen.com\/cs\/wp-json\/wp\/v2\/types\/product"}],"replies":[{"embeddable":true,"href":"https:\/\/rckopen.com\/cs\/wp-json\/wp\/v2\/comments?post=6565"}],"wp:featuredmedia":[{"embeddable":true,"href":"https:\/\/rckopen.com\/cs\/wp-json\/wp\/v2\/media\/6576"}],"wp:attachment":[{"href":"https:\/\/rckopen.com\/cs\/wp-json\/wp\/v2\/media?parent=6565"}],"wp:term":[{"taxonomy":"product_brand","embeddable":true,"href":"https:\/\/rckopen.com\/cs\/wp-json\/wp\/v2\/product_brand?post=6565"},{"taxonomy":"product_cat","embeddable":true,"href":"https:\/\/rckopen.com\/cs\/wp-json\/wp\/v2\/product_cat?post=6565"},{"taxonomy":"product_tag","embeddable":true,"href":"https:\/\/rckopen.com\/cs\/wp-json\/wp\/v2\/product_tag?post=6565"}],"curies":[{"name":"wp","href":"https:\/\/api.w.org\/{rel}","templated":true}]}}