{"id":6566,"date":"2023-08-16T08:54:54","date_gmt":"2023-08-16T08:54:54","guid":{"rendered":"https:\/\/diligentplug.com\/chems\/?post_type=product&#038;p=6566"},"modified":"2025-02-04T06:58:36","modified_gmt":"2025-02-04T06:58:36","slug":"o-dsmt-hcl","status":"publish","type":"product","link":"https:\/\/rckopen.com\/cs\/produkt\/o-dsmt-hcl\/","title":{"rendered":"Koupit O-DSMT HCL online"},"content":{"rendered":"<h2>Algemene informatie over O-DSMT HCL Online kopen<\/h2>\n<p>O-desmethyltramadol hydrochlorid (O-DSMT HCl) je v\u00fdzkumn\u00e1 chemick\u00e1 l\u00e1tka strukturn\u011b p\u0159\u00edbuzn\u00e1 tramadolu. B\u011b\u017en\u011b je zn\u00e1m pod jin\u00fdmi n\u00e1zvy, nap\u0159\u00edklad desmetramadol nebo O-dsmt. O-DSMT je metabolit tramadolu.<\/p>\n<p>Pr\u00e1\u0161ek O-DSMT byl studov\u00e1n pro sv\u00e9 specifick\u00e9 vlastnosti a bylo prok\u00e1z\u00e1no, \u017ee m\u00e1 podobn\u00e9 \u00fa\u010dinky jako tramadol. P\u016fsob\u00ed z\u00e1sadn\u011b jako agonista mu-opioidn\u00edch receptor\u016f, v\u00e1\u017ee a aktivuje mu-opioidn\u00ed receptory.<\/p>\n<p>O-DSMT HCl jako v\u00fdzkumnou chemik\u00e1lii lze z\u00edskat prost\u0159ednictv\u00edm specializovan\u00fdch dodavatel\u016f nebo dodavatel\u016f, kte\u0159\u00ed se zab\u00fdvaj\u00ed v\u00fdzkumem. V\u00fdzkumn\u00edci by ji mohli pou\u017e\u00edt ke zkoum\u00e1n\u00ed jej\u00edch farmakologick\u00fdch vlastnost\u00ed, anal\u00fdze jej\u00edch \u00fa\u010dink\u016f nebo zkoum\u00e1n\u00ed jej\u00edch potenci\u00e1ln\u00edch aplikac\u00ed v r\u016fzn\u00fdch oblastech.<\/p>\n<p>Je t\u0159eba poznamenat, \u017ee specifick\u00e9 farmakologick\u00e9 vlastnosti a mechanismy O-DSMT jsou st\u00e1le p\u0159edm\u011btem zkoum\u00e1n\u00ed a k \u00fapln\u00e9mu pochopen\u00ed jeho p\u016fsoben\u00ed a mo\u017en\u00fdch \u00fa\u010dink\u016f je zapot\u0159eb\u00ed dal\u0161\u00edho v\u00fdzkumu. Farmakokinetika, metabolismus a bezpe\u010dnostn\u00ed profil O-DSMT se nav\u00edc mohou v jednotliv\u00fdch studi\u00edch li\u0161it.<\/p>\n<h3>Chemick\u00e9 slo\u017een\u00ed O-DSMT HCL<\/h3>\n<p>Chemick\u00e9 slo\u017een\u00ed O-desmethyltramadol hydrochloridu (O-DSMT HCl) je n\u00e1sleduj\u00edc\u00ed:<\/p>\n<p>1. O-desmethyltramadol (O-DSMT): Prim\u00e1rn\u00ed \u00fa\u010dinnou l\u00e1tkou O-DSMT HCl je O- desmethyltramadol, hlavn\u00ed metabolit tramadolu. O-DSMT je strukturn\u011b p\u0159\u00edbuzn\u00fd tramadolu, ale postr\u00e1d\u00e1 N-methylovou skupinu mate\u0159sk\u00e9 slou\u010deniny.<\/p>\n<p>2. Hydrochlorid (HCl): O-DSMT se obvykle pod\u00e1v\u00e1 jako hydrochloridov\u00e1 s\u016fl, zn\u00e1m\u00e1 jako O-DSMT HCl. P\u0159id\u00e1n\u00ed hydrochloridu k O-DSMT zlep\u0161uje jeho stabilitu a rozpustnost, tak\u017ee je vhodn\u00fd pro v\u00fdzkum.<\/p>\n<p>Chemick\u00e1 struktura O-desmethyltramadolu (O-DSMT) je podobn\u00e1 tramadolu, ale postr\u00e1d\u00e1 N-methylovou skupinu. Lze ji zn\u00e1zornit jako:<\/p>\n<p>O-desmethyltramadol (O-DSMT):<\/p>\n<p>Chemick\u00fd vzorec: C15H23NO2<\/p>\n<p>Tento vzorec ud\u00e1v\u00e1, \u017ee O-DSMT HCL se skl\u00e1d\u00e1 z patn\u00e1cti atom\u016f uhl\u00edku (C15), t\u0159iadvaceti atom\u016f vod\u00edku (H23), jednoho atomu dus\u00edku (N) a dvou atom\u016f kysl\u00edku (O2).<\/p>\n<p>Molekulov\u00e1 hmotnost: p\u0159ibli\u017en\u011b 249,35 g\/mol<\/p>\n<p>Molekulov\u00e1 hmotnost: r\u016fzn\u00e1 (hmotnost skupiny HCl se p\u0159i\u010d\u00edt\u00e1 k hmotnosti O-DSMT a vznik\u00e1 O-DSMT HCl).<\/p>\n<h3>Koupit vysoce kvalitn\u00ed O-DSMT HCL online.<\/h3>\n<p>Spole\u010dnost RC Buy m\u00e1 dlouholet\u00e9 zku\u0161enosti v oblasti navrhov\u00e1n\u00ed v\u00fdzkumn\u00fdch chemik\u00e1li\u00ed, tak\u017ee jsme schopni zaru\u010dit to nejlep\u0161\u00ed z t\u011bchto v\u00fdzkumn\u00fdch chemik\u00e1li\u00ed. N\u00e1kup O-DSMT HCL je snadn\u00fd a m\u00e1 \u0161pi\u010dkovou kvalitu. Cena O-DSMT HCL je ni\u017e\u0161\u00ed ne\u017e u jin\u00fdch organizac\u00ed. V\u00fdzkumn\u00e9 chemik\u00e1lie, v\u010detn\u011b O-DSMT HCL, spl\u0148uj\u00ed v\u0161echny bezpe\u010dnostn\u00ed po\u017eadavky. V\u00fdzkumn\u00e9 syntetick\u00e9 l\u00e1tky jsou pe\u010dliv\u011b distribuov\u00e1ny a skladov\u00e1ny na chladn\u00e9m a such\u00e9m m\u00edst\u011b.<\/p>\n<p>V\u0161echny chemick\u00e9 l\u00e1tky jsou d\u016fsledn\u011b posuzov\u00e1ny z hlediska kvality, bezpe\u010dnosti a \u010distoty. O-DSMT HCL skladujte p\u0159i pokojov\u00e9 teplot\u011b. Je ur\u010den tak\u0159\u00edkaj\u00edc pro v\u00fdzkumn\u00e9 \u00fa\u010dely.<\/p>\n<p>Na\u0161e polo\u017eky maj\u00ed spravedlivou cenu a m\u016f\u017eete si koupit O-DSMT HCL v\u00fdzkumn\u00e9 l\u00e1tky online za mimo\u0159\u00e1dn\u011b skromn\u00e9 ceny.<\/p>\n<h3>Laboratorn\u011b testovan\u00fd O-DSMT HCL s v\u00fdsledky.<\/h3>\n<p>dosahuje obnoven\u00e9ho pokroku sm\u011brem k celkov\u00e9mu uspokojen\u00ed sv\u00fdch z\u00e1kazn\u00edk\u016f. N\u011bkolik pr\u016fzkum\u016f uk\u00e1zalo, \u017ee z\u00e1kazn\u00edci p\u0159ed n\u00e1kupem syntetick\u00fdch v\u00fdzkumn\u00fdch chemik\u00e1li\u00ed po\u017eaduj\u00ed tolik \u00fadaj\u016f, kolik se o\u010dek\u00e1v\u00e1. Nav\u00edc zve\u0159ej\u0148ujeme v\u0161echny laboratorn\u00ed d\u016fsledky ka\u017ed\u00e9 v\u00fdzkumn\u00e9 chemick\u00e9 l\u00e1tky v z\u00e1znamu ve form\u00e1tu PDF.<\/p>\n<p>N\u00e1\u0161 O-DSMT HCL d\u016fsledn\u011b spl\u0148uje \u00fa\u010dinn\u00e9 l\u00e1tky a je vid\u011bt v\u0161emi.<\/p>\n<p>V\u0161echny laboratorn\u00ed d\u016fsledky ka\u017ed\u00e9 v\u00fdzkumn\u00e9 chemick\u00e9 l\u00e1tky distribuujeme v dokumentu PDF.<\/p>\n<h3>Bezpe\u010dn\u00e9 objedn\u00e1v\u00e1n\u00ed z pr\u00e1\u0161ku O-DSMT.<\/h3>\n<p>Designov\u00e9 v\u00fdzkumn\u00e9 chemik\u00e1lie RC Kopen maj\u00ed vynikaj\u00edc\u00ed kvalitu a p\u0159\u00edznivou cenu. Proto kdy\u017e si u RC Kopen vy\u017e\u00e1d\u00e1te v\u00fdzkumn\u00e9 chemik\u00e1lie, zaru\u010dujeme v\u00e1m, \u017ee v\u00e1\u0161 po\u017eadavek p\u0159ed\u00e1me va\u0161\u00ed v\u00fdzkumn\u00e9 laborato\u0159i rychle a bezpe\u010dn\u011b, proto\u017ee prodej v\u00fdzkumn\u00fdch chemik\u00e1li\u00ed je u RC Kopen v\u017edy k dispozici.<\/p>\n<p>Vy\u017e\u00e1dat si syntetick\u00e9 v\u00fdzkumn\u00e9 slou\u010deniny pomoc\u00ed Bitcoinu nebo bankovn\u00edm p\u0159evodem je u RC Kopen snadn\u00e9.<\/p>\n<p>V\u00fdzkumn\u00e9 chemik\u00e1lie odes\u00edl\u00e1me je\u0161t\u011b t\u00fd\u017e pracovn\u00ed den, pokud platbu obdr\u017e\u00edte do 15:00 SEL\u010c.<\/p>\n<p>Osob\u00e1m mlad\u0161\u00edm 18 let zbo\u017e\u00ed nedoru\u010dujeme!<\/p>\n<p>O-DSMT na prodej je ur\u010den pouze pro v\u00fdzkumn\u00e9 \u00fa\u010dely.<\/p>\n<p><strong>Diskr\u00e9tn\u00ed p\u0159eprava v\u00fdzkumn\u00fdch chemik\u00e1li\u00ed.<\/strong><\/p>\n<p>Spole\u010dnost RC Kopen zabal\u00ed va\u0161i objedn\u00e1vku bezpe\u010dn\u011b a spolehliv\u011b, aby zajistila spr\u00e1vnou p\u0159epravu. Nav\u00edc bal\u00edme dokonale nen\u00e1padn\u011b a na vn\u011bj\u0161\u00ed stran\u011b nen\u00ed nic vid\u011bt, co by mohlo b\u00fdt uvnit\u0159.<\/p>","protected":false},"excerpt":{"rendered":"<p><strong>N\u00e1zev IUPAC: <\/strong>3-(2-((dimethylamino)methyl)-1-hydroxycyklohexyl)fenol<\/p>\n<p><strong>CAS # <\/strong>80456-81-1<\/p>\n<p><strong>Dal\u0161\u00ed n\u00e1zev: <\/strong>O-desmethyltramadol<\/p>\n<p><strong>Vzhled: <\/strong>pr\u00e1\u0161ek<\/p>\n<p><strong>NMR anal\u00fdza: <\/strong>C15H23NO2<\/p>","protected":false},"featured_media":6577,"comment_status":"open","ping_status":"closed","template":"","meta":{"_joinchat":[]},"product_brand":[],"product_cat":[141],"product_tag":[],"class_list":{"0":"post-6566","1":"product","2":"type-product","3":"status-publish","4":"has-post-thumbnail","6":"product_cat-anderen","8":"first","9":"instock","10":"shipping-taxable","11":"purchasable","12":"product-type-variable"},"yoast_head":"<!-- This site is optimized with the Yoast SEO plugin v26.3 - https:\/\/yoast.com\/wordpress\/plugins\/seo\/ -->\n<title>O Dsmt Hcl online kopen - O Dsmt Hcl te koop | RC Kopen<\/title>\n<meta name=\"description\" content=\"Hier is de kans om O Dsmt Hcl te koop tegen goedkope prijzen. Onze online Rc Kopen-winkel verkoopt O Dsmt Hcl wereldwijd. Bestel om O Dsmt Hcl binnenkort online te kopen.\" \/>\n<meta name=\"robots\" content=\"index, follow, max-snippet:-1, max-image-preview:large, max-video-preview:-1\" \/>\n<link rel=\"canonical\" href=\"https:\/\/rckopen.com\/cs\/produkt\/o-dsmt-hcl\/\" \/>\n<meta property=\"og:locale\" content=\"cs_CZ\" \/>\n<meta property=\"og:type\" content=\"article\" \/>\n<meta property=\"og:title\" content=\"O Dsmt Hcl online kopen - O Dsmt Hcl te koop | RC Kopen\" \/>\n<meta property=\"og:description\" content=\"Hier is de kans om O Dsmt Hcl te koop tegen goedkope prijzen. Onze online Rc Kopen-winkel verkoopt O Dsmt Hcl wereldwijd. Bestel om O Dsmt Hcl binnenkort online te kopen.\" \/>\n<meta property=\"og:url\" content=\"https:\/\/rckopen.com\/cs\/produkt\/o-dsmt-hcl\/\" \/>\n<meta property=\"og:site_name\" content=\"RC Kopen\" \/>\n<meta property=\"article:modified_time\" content=\"2025-02-04T06:58:36+00:00\" \/>\n<meta property=\"og:image\" content=\"https:\/\/rckopen.com\/wp-content\/uploads\/2023\/08\/O-DSMT-HCL.jpg\" \/>\n\t<meta property=\"og:image:width\" content=\"600\" \/>\n\t<meta property=\"og:image:height\" content=\"600\" \/>\n\t<meta property=\"og:image:type\" content=\"image\/jpeg\" \/>\n<meta name=\"twitter:card\" content=\"summary_large_image\" \/>\n<meta name=\"twitter:label1\" content=\"Odhadovan\u00e1 doba \u010dten\u00ed\" \/>\n\t<meta name=\"twitter:data1\" content=\"3 minuty\" \/>\n<script type=\"application\/ld+json\" class=\"yoast-schema-graph\">{\"@context\":\"https:\/\/schema.org\",\"@graph\":[{\"@type\":\"WebPage\",\"@id\":\"https:\/\/rckopen.com\/product\/o-dsmt-hcl\/\",\"url\":\"https:\/\/rckopen.com\/product\/o-dsmt-hcl\/\",\"name\":\"O Dsmt Hcl online kopen - O Dsmt Hcl te koop | RC Kopen\",\"isPartOf\":{\"@id\":\"https:\/\/rckopen.com\/#website\"},\"primaryImageOfPage\":{\"@id\":\"https:\/\/rckopen.com\/product\/o-dsmt-hcl\/#primaryimage\"},\"image\":{\"@id\":\"https:\/\/rckopen.com\/product\/o-dsmt-hcl\/#primaryimage\"},\"thumbnailUrl\":\"https:\/\/rckopen.com\/wp-content\/uploads\/2023\/08\/O-DSMT-HCL.jpg\",\"datePublished\":\"2023-08-16T08:54:54+00:00\",\"dateModified\":\"2025-02-04T06:58:36+00:00\",\"description\":\"Hier is de kans om O Dsmt Hcl te koop tegen goedkope prijzen. Onze online Rc Kopen-winkel verkoopt O Dsmt Hcl wereldwijd. Bestel om O Dsmt Hcl binnenkort online te kopen.\",\"breadcrumb\":{\"@id\":\"https:\/\/rckopen.com\/product\/o-dsmt-hcl\/#breadcrumb\"},\"inLanguage\":\"cs\",\"potentialAction\":[{\"@type\":\"ReadAction\",\"target\":[\"https:\/\/rckopen.com\/product\/o-dsmt-hcl\/\"]}]},{\"@type\":\"ImageObject\",\"inLanguage\":\"cs\",\"@id\":\"https:\/\/rckopen.com\/product\/o-dsmt-hcl\/#primaryimage\",\"url\":\"https:\/\/rckopen.com\/wp-content\/uploads\/2023\/08\/O-DSMT-HCL.jpg\",\"contentUrl\":\"https:\/\/rckopen.com\/wp-content\/uploads\/2023\/08\/O-DSMT-HCL.jpg\",\"width\":600,\"height\":600,\"caption\":\"O-DSMT-HCL online kopen\"},{\"@type\":\"BreadcrumbList\",\"@id\":\"https:\/\/rckopen.com\/product\/o-dsmt-hcl\/#breadcrumb\",\"itemListElement\":[{\"@type\":\"ListItem\",\"position\":1,\"name\":\"Home\",\"item\":\"https:\/\/rckopen.com\/\"},{\"@type\":\"ListItem\",\"position\":2,\"name\":\"Shop\",\"item\":\"https:\/\/rckopen.com\/shop\/\"},{\"@type\":\"ListItem\",\"position\":3,\"name\":\"O-DSMT HCL Online kopen\"}]},{\"@type\":\"WebSite\",\"@id\":\"https:\/\/rckopen.com\/#website\",\"url\":\"https:\/\/rckopen.com\/\",\"name\":\"RC Kopen\",\"description\":\"Research Chemicals\",\"potentialAction\":[{\"@type\":\"SearchAction\",\"target\":{\"@type\":\"EntryPoint\",\"urlTemplate\":\"https:\/\/rckopen.com\/?s={search_term_string}\"},\"query-input\":{\"@type\":\"PropertyValueSpecification\",\"valueRequired\":true,\"valueName\":\"search_term_string\"}}],\"inLanguage\":\"cs\"}]}<\/script>\n<!-- \/ Yoast SEO plugin. -->","yoast_head_json":{"title":"O Dsmt Hcl online kopen - O Dsmt Hcl te koop | RC Kopen","description":"Hier is de kans om O Dsmt Hcl te koop tegen goedkope prijzen. Onze online Rc Kopen-winkel verkoopt O Dsmt Hcl wereldwijd. Bestel om O Dsmt Hcl binnenkort online te kopen.","robots":{"index":"index","follow":"follow","max-snippet":"max-snippet:-1","max-image-preview":"max-image-preview:large","max-video-preview":"max-video-preview:-1"},"canonical":"https:\/\/rckopen.com\/cs\/produkt\/o-dsmt-hcl\/","og_locale":"cs_CZ","og_type":"article","og_title":"O Dsmt Hcl online kopen - O Dsmt Hcl te koop | RC Kopen","og_description":"Hier is de kans om O Dsmt Hcl te koop tegen goedkope prijzen. Onze online Rc Kopen-winkel verkoopt O Dsmt Hcl wereldwijd. Bestel om O Dsmt Hcl binnenkort online te kopen.","og_url":"https:\/\/rckopen.com\/cs\/produkt\/o-dsmt-hcl\/","og_site_name":"RC Kopen","article_modified_time":"2025-02-04T06:58:36+00:00","og_image":[{"width":600,"height":600,"url":"https:\/\/rckopen.com\/wp-content\/uploads\/2023\/08\/O-DSMT-HCL.jpg","type":"image\/jpeg"}],"twitter_card":"summary_large_image","twitter_misc":{"Odhadovan\u00e1 doba \u010dten\u00ed":"3 minuty"},"schema":{"@context":"https:\/\/schema.org","@graph":[{"@type":"WebPage","@id":"https:\/\/rckopen.com\/product\/o-dsmt-hcl\/","url":"https:\/\/rckopen.com\/product\/o-dsmt-hcl\/","name":"O Dsmt Hcl online kopen - O Dsmt Hcl te koop | RC Kopen","isPartOf":{"@id":"https:\/\/rckopen.com\/#website"},"primaryImageOfPage":{"@id":"https:\/\/rckopen.com\/product\/o-dsmt-hcl\/#primaryimage"},"image":{"@id":"https:\/\/rckopen.com\/product\/o-dsmt-hcl\/#primaryimage"},"thumbnailUrl":"https:\/\/rckopen.com\/wp-content\/uploads\/2023\/08\/O-DSMT-HCL.jpg","datePublished":"2023-08-16T08:54:54+00:00","dateModified":"2025-02-04T06:58:36+00:00","description":"Hier is de kans om O Dsmt Hcl te koop tegen goedkope prijzen. Onze online Rc Kopen-winkel verkoopt O Dsmt Hcl wereldwijd. Bestel om O Dsmt Hcl binnenkort online te kopen.","breadcrumb":{"@id":"https:\/\/rckopen.com\/product\/o-dsmt-hcl\/#breadcrumb"},"inLanguage":"cs","potentialAction":[{"@type":"ReadAction","target":["https:\/\/rckopen.com\/product\/o-dsmt-hcl\/"]}]},{"@type":"ImageObject","inLanguage":"cs","@id":"https:\/\/rckopen.com\/product\/o-dsmt-hcl\/#primaryimage","url":"https:\/\/rckopen.com\/wp-content\/uploads\/2023\/08\/O-DSMT-HCL.jpg","contentUrl":"https:\/\/rckopen.com\/wp-content\/uploads\/2023\/08\/O-DSMT-HCL.jpg","width":600,"height":600,"caption":"O-DSMT-HCL online kopen"},{"@type":"BreadcrumbList","@id":"https:\/\/rckopen.com\/product\/o-dsmt-hcl\/#breadcrumb","itemListElement":[{"@type":"ListItem","position":1,"name":"Home","item":"https:\/\/rckopen.com\/"},{"@type":"ListItem","position":2,"name":"Shop","item":"https:\/\/rckopen.com\/shop\/"},{"@type":"ListItem","position":3,"name":"O-DSMT HCL Online kopen"}]},{"@type":"WebSite","@id":"https:\/\/rckopen.com\/#website","url":"https:\/\/rckopen.com\/","name":"RC Kopen","description":"Research Chemicals","potentialAction":[{"@type":"SearchAction","target":{"@type":"EntryPoint","urlTemplate":"https:\/\/rckopen.com\/?s={search_term_string}"},"query-input":{"@type":"PropertyValueSpecification","valueRequired":true,"valueName":"search_term_string"}}],"inLanguage":"cs"}]}},"_links":{"self":[{"href":"https:\/\/rckopen.com\/cs\/wp-json\/wp\/v2\/product\/6566","targetHints":{"allow":["GET"]}}],"collection":[{"href":"https:\/\/rckopen.com\/cs\/wp-json\/wp\/v2\/product"}],"about":[{"href":"https:\/\/rckopen.com\/cs\/wp-json\/wp\/v2\/types\/product"}],"replies":[{"embeddable":true,"href":"https:\/\/rckopen.com\/cs\/wp-json\/wp\/v2\/comments?post=6566"}],"wp:featuredmedia":[{"embeddable":true,"href":"https:\/\/rckopen.com\/cs\/wp-json\/wp\/v2\/media\/6577"}],"wp:attachment":[{"href":"https:\/\/rckopen.com\/cs\/wp-json\/wp\/v2\/media?parent=6566"}],"wp:term":[{"taxonomy":"product_brand","embeddable":true,"href":"https:\/\/rckopen.com\/cs\/wp-json\/wp\/v2\/product_brand?post=6566"},{"taxonomy":"product_cat","embeddable":true,"href":"https:\/\/rckopen.com\/cs\/wp-json\/wp\/v2\/product_cat?post=6566"},{"taxonomy":"product_tag","embeddable":true,"href":"https:\/\/rckopen.com\/cs\/wp-json\/wp\/v2\/product_tag?post=6566"}],"curies":[{"name":"wp","href":"https:\/\/api.w.org\/{rel}","templated":true}]}}