{"id":6567,"date":"2023-08-16T08:58:45","date_gmt":"2023-08-16T08:58:45","guid":{"rendered":"https:\/\/diligentplug.com\/chems\/?post_type=product&#038;p=6567"},"modified":"2025-09-16T08:19:25","modified_gmt":"2025-09-16T08:19:25","slug":"bromonordiazepam-pellets-25mg","status":"publish","type":"product","link":"https:\/\/rckopen.com\/cs\/produkt\/bromonordiazepam-pelety-25mg\/","title":{"rendered":"Kupte si bromonordiazepamov\u00e9 pelety 2,5 mg online"},"content":{"rendered":"<h2>broomordiazepam-pellets 2,5 mg online kopen<br \/>\nBromonordiazepam pelety 2,5 mg: v\u00e1\u0161 kompletn\u00ed pr\u016fvodce n\u00e1kupem<\/h2>\n<p>Chcete si koupit bromonordiazepamov\u00e9 pelety 2,5 mg online, ale nev\u00edte, kde za\u010d\u00edt? U\u017e nehledejte! V tomto n\u00e1kupn\u00edm pr\u016fvodci v\u00e1m poskytujeme v\u0161echny informace, kter\u00e9 pot\u0159ebujete k informovan\u00e9mu rozhodnut\u00ed p\u0159i online objedn\u00e1vce bromonordiazepamov\u00fdch pelet 2,5 mg.<\/p>\n<h3>Co jsou bromonordiaze pampellets 2,5 mg?<\/h3>\n<p>Bromonordiazepam pelety 2,5 mg je druh l\u00e9\u010div\u00e9ho p\u0159\u00edpravku pat\u0159\u00edc\u00edho do skupiny benzodiazepin\u016f. B\u011b\u017en\u011b se pou\u017e\u00edvaj\u00ed k l\u00e9\u010db\u011b \u00fazkostn\u00fdch poruch, nespavosti a z\u00e1chvat\u016f. Tyto pelety jsou dod\u00e1v\u00e1ny v pohodln\u00e9 d\u00e1vce 2,5 mg, co\u017e usnad\u0148uje jejich u\u017e\u00edv\u00e1n\u00ed a uchov\u00e1v\u00e1n\u00ed.<\/p>\n<h3>Pro\u010d nakupovat bromonordiazepamov\u00e9 pelety 2,5 mg online?<\/h3>\n<p>Existuje n\u011bkolik d\u016fvod\u016f, pro\u010d byste mohli zv\u00e1\u017eit n\u00e1kup bromonordiazepamov\u00fdch pelet 2,5 mg. Za prv\u00e9, jsou velmi \u00fa\u010dinn\u00e9 p\u0159i l\u00e9\u010db\u011b \u00fazkosti a poruch sp\u00e1nku. Nav\u00edc je d\u00e1vka 2,5 mg vhodn\u00e1 pro v\u011bt\u0161inu dosp\u011bl\u00fdch a lze ji v p\u0159\u00edpad\u011b pot\u0159eby snadno upravit. Kone\u010dn\u011b n\u00e1kup bromonordiazepamov\u00fdch pelet online je pohodln\u00fd a diskr\u00e9tn\u00ed.<\/p>\n<h3>Kde si m\u016f\u017eete koupit bromonordiazepamov\u00e9 pelety 2,5 mg online?<\/h3>\n<p>Pokud si chcete koupit bromonordiazepamov\u00e9 pelety 2,5 mg ve Velk\u00e9 Brit\u00e1nii, je nezbytn\u00e9, abyste si je koupili od renomovan\u00e9ho zdroje. Rckopen.com je d\u016fv\u011bryhodn\u00fd internetov\u00fd obchod, kter\u00fd nab\u00edz\u00ed k prodeji vysoce kvalitn\u00ed bromonordiazepamov\u00e9 pelety 2,5 mg. Web je u\u017eivatelsky p\u0159\u00edv\u011btiv\u00fd a objedn\u00e1v\u00e1n\u00ed je rychl\u00e9 a snadn\u00e9.<\/p>\n<h3>Jak si m\u016f\u017eete objednat Bromonordiazepam pelety 2,5 mg bez l\u00e9ka\u0159sk\u00e9ho p\u0159edpisu?<\/h3>\n<p>Jednou z v\u00fdhod n\u00e1kupu bromonordiazepam pelety 2,5 mg na rckopen.com je, \u017ee si je m\u016f\u017eete objednat bez l\u00e9ka\u0159sk\u00e9ho p\u0159edpisu. D\u00edky tomu je tento proces snadn\u00fd a bezprobl\u00e9mov\u00fd. Sta\u010d\u00ed nav\u0161t\u00edvit jejich webov\u00e9 str\u00e1nky, vybrat si mno\u017estv\u00ed, kter\u00e9 pot\u0159ebujete, a p\u0159ej\u00edt k pokladn\u011b. Va\u0161e objedn\u00e1vka bude rychle zpracov\u00e1na a bromonordiazepam pelety 2,5 mg na prodej v\u00e1m bude diskr\u00e9tn\u011b doru\u010den dom\u016f.<\/p>\n<h3>Pro\u010d si vybrat Rckopen.com pro n\u00e1kup Bromonordiazepam pelety 2,5 mg?<\/h3>\n<p>Rckopen.com je spolehliv\u00fd internetov\u00fd obchod, kter\u00fd nab\u00edz\u00ed k prodeji pelety bromonordiazepam 2,5 mg nejvy\u0161\u0161\u00ed kvality. Jejich produkty poch\u00e1zej\u00ed od renomovan\u00fdch v\u00fdrobc\u016f a proch\u00e1zej\u00ed p\u0159\u00edsn\u00fdmi opat\u0159en\u00edmi kontroly kvality. Jejich t\u00fdm z\u00e1kaznick\u00e9ho servisu je nav\u00edc profesion\u00e1ln\u00ed a znal\u00fd, co\u017e zaji\u0161\u0165uje bezprobl\u00e9mov\u00fd n\u00e1kup pro v\u0161echny z\u00e1kazn\u00edky. Stru\u010dn\u011b \u0159e\u010deno, pokud si chcete koupit bromonordiazepam pelety 2,5 mg, rckopen.com je ide\u00e1ln\u00edm m\u00edstem, kde tak m\u016f\u017eete u\u010dinit. D\u00edky jejich vysoce kvalitn\u00edm produkt\u016fm, u\u017eivatelsky p\u0159\u00edv\u011btiv\u00fdm webov\u00fdm str\u00e1nk\u00e1m a vynikaj\u00edc\u00edmu z\u00e1kaznick\u00e9mu servisu si m\u016f\u017eete b\u00fdt jisti, \u017ee za sv\u00e9 pen\u00edze dostanete tu nejlep\u0161\u00ed hodnotu. Nev\u00e1hejte - kupte si bromonordiazepam pellets 2,5 mg leg\u00e1ln\u011b na rckopen.com je\u0161t\u011b dnes!<br \/>\nNezapome\u0148te, \u017ee p\u0159ed zah\u00e1jen\u00edm nov\u00e9ho l\u00e9kov\u00e9ho re\u017eimu byste se m\u011bli v\u017edy poradit s l\u00e9ka\u0159em.<\/p>","protected":false},"excerpt":{"rendered":"<p><strong>N\u00e1zev IUPAC: <\/strong>7-bromo-5-phenyl-1,3-dihydro-1,4-benzodiazepin-2-one<\/p>\n<p><strong>CAS # <\/strong>2894-61-3<\/p>\n<p><strong>Forma: <\/strong>pr\u00e1\u0161ek<\/p>\n<p><strong>NMR anal\u00fdza: <\/strong>C15H11BrN2O<\/p>","protected":false},"featured_media":6578,"comment_status":"open","ping_status":"closed","template":"","meta":{"_joinchat":[]},"product_brand":[],"product_cat":[144],"product_tag":[],"class_list":{"0":"post-6567","1":"product","2":"type-product","3":"status-publish","4":"has-post-thumbnail","6":"product_cat-pellets","8":"first","9":"instock","10":"shipping-taxable","11":"purchasable","12":"product-type-variable"},"yoast_head":"<!-- This site is optimized with the Yoast SEO plugin v26.3 - https:\/\/yoast.com\/wordpress\/plugins\/seo\/ -->\n<title>Bromonor Diazepam Pellets 25MG online kopen - Bromonor Diazepam Pellets te koop<\/title>\n<meta name=\"description\" content=\"Als u Bromonor Diazepam Pellets 25mg online kopen, kan onze online rc kopen-winkel u helpen. We hebben hier Bromonor Diazepam Pellets 25mg te koop tegen de beste prijzen. Plaats uw bestelling en profiteer vandaag nog van de nieuwste aanbiedingen!\" \/>\n<meta name=\"robots\" content=\"index, follow, max-snippet:-1, max-image-preview:large, max-video-preview:-1\" \/>\n<link rel=\"canonical\" href=\"https:\/\/rckopen.com\/cs\/produkt\/bromonordiazepam-pelety-25mg\/\" \/>\n<meta property=\"og:locale\" content=\"cs_CZ\" \/>\n<meta property=\"og:type\" content=\"article\" \/>\n<meta property=\"og:title\" content=\"Bromonor Diazepam Pellets 25MG online kopen - Bromonor Diazepam Pellets te koop\" \/>\n<meta property=\"og:description\" content=\"Als u Bromonor Diazepam Pellets 25mg online kopen, kan onze online rc kopen-winkel u helpen. We hebben hier Bromonor Diazepam Pellets 25mg te koop tegen de beste prijzen. Plaats uw bestelling en profiteer vandaag nog van de nieuwste aanbiedingen!\" \/>\n<meta property=\"og:url\" content=\"https:\/\/rckopen.com\/cs\/produkt\/bromonordiazepam-pelety-25mg\/\" \/>\n<meta property=\"og:site_name\" content=\"RC Kopen\" \/>\n<meta property=\"article:modified_time\" content=\"2025-09-16T08:19:25+00:00\" \/>\n<meta property=\"og:image\" content=\"https:\/\/rckopen.com\/wp-content\/uploads\/2023\/08\/bromonordiazepam-pellets-25mg.jpg\" \/>\n\t<meta property=\"og:image:width\" content=\"600\" \/>\n\t<meta property=\"og:image:height\" content=\"600\" \/>\n\t<meta property=\"og:image:type\" content=\"image\/jpeg\" \/>\n<meta name=\"twitter:card\" content=\"summary_large_image\" \/>\n<meta name=\"twitter:label1\" content=\"Odhadovan\u00e1 doba \u010dten\u00ed\" \/>\n\t<meta name=\"twitter:data1\" content=\"3 minuty\" \/>\n<script type=\"application\/ld+json\" class=\"yoast-schema-graph\">{\"@context\":\"https:\/\/schema.org\",\"@graph\":[{\"@type\":\"WebPage\",\"@id\":\"https:\/\/rckopen.com\/product\/bromonordiazepam-pellets-25mg\/\",\"url\":\"https:\/\/rckopen.com\/product\/bromonordiazepam-pellets-25mg\/\",\"name\":\"Bromonor Diazepam Pellets 25MG online kopen - Bromonor Diazepam Pellets te koop\",\"isPartOf\":{\"@id\":\"https:\/\/rckopen.com\/#website\"},\"primaryImageOfPage\":{\"@id\":\"https:\/\/rckopen.com\/product\/bromonordiazepam-pellets-25mg\/#primaryimage\"},\"image\":{\"@id\":\"https:\/\/rckopen.com\/product\/bromonordiazepam-pellets-25mg\/#primaryimage\"},\"thumbnailUrl\":\"https:\/\/rckopen.com\/wp-content\/uploads\/2023\/08\/bromonordiazepam-pellets-25mg.jpg\",\"datePublished\":\"2023-08-16T08:58:45+00:00\",\"dateModified\":\"2025-09-16T08:19:25+00:00\",\"description\":\"Als u Bromonor Diazepam Pellets 25mg online kopen, kan onze online rc kopen-winkel u helpen. We hebben hier Bromonor Diazepam Pellets 25mg te koop tegen de beste prijzen. Plaats uw bestelling en profiteer vandaag nog van de nieuwste aanbiedingen!\",\"breadcrumb\":{\"@id\":\"https:\/\/rckopen.com\/product\/bromonordiazepam-pellets-25mg\/#breadcrumb\"},\"inLanguage\":\"cs\",\"potentialAction\":[{\"@type\":\"ReadAction\",\"target\":[\"https:\/\/rckopen.com\/product\/bromonordiazepam-pellets-25mg\/\"]}]},{\"@type\":\"ImageObject\",\"inLanguage\":\"cs\",\"@id\":\"https:\/\/rckopen.com\/product\/bromonordiazepam-pellets-25mg\/#primaryimage\",\"url\":\"https:\/\/rckopen.com\/wp-content\/uploads\/2023\/08\/bromonordiazepam-pellets-25mg.jpg\",\"contentUrl\":\"https:\/\/rckopen.com\/wp-content\/uploads\/2023\/08\/bromonordiazepam-pellets-25mg.jpg\",\"width\":600,\"height\":600,\"caption\":\"bromonordiazepam-pellets-2,5mg online kopen\"},{\"@type\":\"BreadcrumbList\",\"@id\":\"https:\/\/rckopen.com\/product\/bromonordiazepam-pellets-25mg\/#breadcrumb\",\"itemListElement\":[{\"@type\":\"ListItem\",\"position\":1,\"name\":\"Home\",\"item\":\"https:\/\/rckopen.com\/\"},{\"@type\":\"ListItem\",\"position\":2,\"name\":\"Shop\",\"item\":\"https:\/\/rckopen.com\/shop\/\"},{\"@type\":\"ListItem\",\"position\":3,\"name\":\"bromonordiazepam pellets 2,5mg online kopen\"}]},{\"@type\":\"WebSite\",\"@id\":\"https:\/\/rckopen.com\/#website\",\"url\":\"https:\/\/rckopen.com\/\",\"name\":\"RC Kopen\",\"description\":\"Research Chemicals\",\"potentialAction\":[{\"@type\":\"SearchAction\",\"target\":{\"@type\":\"EntryPoint\",\"urlTemplate\":\"https:\/\/rckopen.com\/?s={search_term_string}\"},\"query-input\":{\"@type\":\"PropertyValueSpecification\",\"valueRequired\":true,\"valueName\":\"search_term_string\"}}],\"inLanguage\":\"cs\"}]}<\/script>\n<!-- \/ Yoast SEO plugin. -->","yoast_head_json":{"title":"Bromonor Diazepam Pellets 25MG online kopen - Bromonor Diazepam Pellets te koop","description":"Als u Bromonor Diazepam Pellets 25mg online kopen, kan onze online rc kopen-winkel u helpen. We hebben hier Bromonor Diazepam Pellets 25mg te koop tegen de beste prijzen. Plaats uw bestelling en profiteer vandaag nog van de nieuwste aanbiedingen!","robots":{"index":"index","follow":"follow","max-snippet":"max-snippet:-1","max-image-preview":"max-image-preview:large","max-video-preview":"max-video-preview:-1"},"canonical":"https:\/\/rckopen.com\/cs\/produkt\/bromonordiazepam-pelety-25mg\/","og_locale":"cs_CZ","og_type":"article","og_title":"Bromonor Diazepam Pellets 25MG online kopen - Bromonor Diazepam Pellets te koop","og_description":"Als u Bromonor Diazepam Pellets 25mg online kopen, kan onze online rc kopen-winkel u helpen. We hebben hier Bromonor Diazepam Pellets 25mg te koop tegen de beste prijzen. Plaats uw bestelling en profiteer vandaag nog van de nieuwste aanbiedingen!","og_url":"https:\/\/rckopen.com\/cs\/produkt\/bromonordiazepam-pelety-25mg\/","og_site_name":"RC Kopen","article_modified_time":"2025-09-16T08:19:25+00:00","og_image":[{"width":600,"height":600,"url":"https:\/\/rckopen.com\/wp-content\/uploads\/2023\/08\/bromonordiazepam-pellets-25mg.jpg","type":"image\/jpeg"}],"twitter_card":"summary_large_image","twitter_misc":{"Odhadovan\u00e1 doba \u010dten\u00ed":"3 minuty"},"schema":{"@context":"https:\/\/schema.org","@graph":[{"@type":"WebPage","@id":"https:\/\/rckopen.com\/product\/bromonordiazepam-pellets-25mg\/","url":"https:\/\/rckopen.com\/product\/bromonordiazepam-pellets-25mg\/","name":"Bromonor Diazepam Pellets 25MG online kopen - Bromonor Diazepam Pellets te koop","isPartOf":{"@id":"https:\/\/rckopen.com\/#website"},"primaryImageOfPage":{"@id":"https:\/\/rckopen.com\/product\/bromonordiazepam-pellets-25mg\/#primaryimage"},"image":{"@id":"https:\/\/rckopen.com\/product\/bromonordiazepam-pellets-25mg\/#primaryimage"},"thumbnailUrl":"https:\/\/rckopen.com\/wp-content\/uploads\/2023\/08\/bromonordiazepam-pellets-25mg.jpg","datePublished":"2023-08-16T08:58:45+00:00","dateModified":"2025-09-16T08:19:25+00:00","description":"Als u Bromonor Diazepam Pellets 25mg online kopen, kan onze online rc kopen-winkel u helpen. We hebben hier Bromonor Diazepam Pellets 25mg te koop tegen de beste prijzen. Plaats uw bestelling en profiteer vandaag nog van de nieuwste aanbiedingen!","breadcrumb":{"@id":"https:\/\/rckopen.com\/product\/bromonordiazepam-pellets-25mg\/#breadcrumb"},"inLanguage":"cs","potentialAction":[{"@type":"ReadAction","target":["https:\/\/rckopen.com\/product\/bromonordiazepam-pellets-25mg\/"]}]},{"@type":"ImageObject","inLanguage":"cs","@id":"https:\/\/rckopen.com\/product\/bromonordiazepam-pellets-25mg\/#primaryimage","url":"https:\/\/rckopen.com\/wp-content\/uploads\/2023\/08\/bromonordiazepam-pellets-25mg.jpg","contentUrl":"https:\/\/rckopen.com\/wp-content\/uploads\/2023\/08\/bromonordiazepam-pellets-25mg.jpg","width":600,"height":600,"caption":"bromonordiazepam-pellets-2,5mg online kopen"},{"@type":"BreadcrumbList","@id":"https:\/\/rckopen.com\/product\/bromonordiazepam-pellets-25mg\/#breadcrumb","itemListElement":[{"@type":"ListItem","position":1,"name":"Home","item":"https:\/\/rckopen.com\/"},{"@type":"ListItem","position":2,"name":"Shop","item":"https:\/\/rckopen.com\/shop\/"},{"@type":"ListItem","position":3,"name":"bromonordiazepam pellets 2,5mg online kopen"}]},{"@type":"WebSite","@id":"https:\/\/rckopen.com\/#website","url":"https:\/\/rckopen.com\/","name":"RC Kopen","description":"Research Chemicals","potentialAction":[{"@type":"SearchAction","target":{"@type":"EntryPoint","urlTemplate":"https:\/\/rckopen.com\/?s={search_term_string}"},"query-input":{"@type":"PropertyValueSpecification","valueRequired":true,"valueName":"search_term_string"}}],"inLanguage":"cs"}]}},"_links":{"self":[{"href":"https:\/\/rckopen.com\/cs\/wp-json\/wp\/v2\/product\/6567","targetHints":{"allow":["GET"]}}],"collection":[{"href":"https:\/\/rckopen.com\/cs\/wp-json\/wp\/v2\/product"}],"about":[{"href":"https:\/\/rckopen.com\/cs\/wp-json\/wp\/v2\/types\/product"}],"replies":[{"embeddable":true,"href":"https:\/\/rckopen.com\/cs\/wp-json\/wp\/v2\/comments?post=6567"}],"wp:featuredmedia":[{"embeddable":true,"href":"https:\/\/rckopen.com\/cs\/wp-json\/wp\/v2\/media\/6578"}],"wp:attachment":[{"href":"https:\/\/rckopen.com\/cs\/wp-json\/wp\/v2\/media?parent=6567"}],"wp:term":[{"taxonomy":"product_brand","embeddable":true,"href":"https:\/\/rckopen.com\/cs\/wp-json\/wp\/v2\/product_brand?post=6567"},{"taxonomy":"product_cat","embeddable":true,"href":"https:\/\/rckopen.com\/cs\/wp-json\/wp\/v2\/product_cat?post=6567"},{"taxonomy":"product_tag","embeddable":true,"href":"https:\/\/rckopen.com\/cs\/wp-json\/wp\/v2\/product_tag?post=6567"}],"curies":[{"name":"wp","href":"https:\/\/api.w.org\/{rel}","templated":true}]}}