{"id":6574,"date":"2023-08-16T09:28:04","date_gmt":"2023-08-16T09:28:04","guid":{"rendered":"https:\/\/diligentplug.com\/chems\/?post_type=product&#038;p=6574"},"modified":"2025-09-16T08:19:13","modified_gmt":"2025-09-16T08:19:13","slug":"dck-20mg-pellets","status":"publish","type":"product","link":"https:\/\/rckopen.com\/cs\/produkt\/dck-20mg-pelety\/","title":{"rendered":"Kupte si DCK 20mg pelety online"},"content":{"rendered":"<h2>DCK 20mg-pellets online kopen<\/h2>\n<h2>De voordelen van het online kopen van DCK 20 mg-pellets online kopen<\/h2>\n<p>V dne\u0161n\u00edm usp\u011bchan\u00e9m sv\u011bt\u011b je pohodl\u00ed z\u00e1sadn\u00ed. Tato vymo\u017eenost se roz\u0161\u00ed\u0159ila i do farmaceutick\u00e9ho sv\u011bta, kde st\u00e1le v\u00edce lid\u00ed vol\u00ed n\u00e1kup sv\u00fdch l\u00e9k\u016f online. P\u0159\u00edklad takov\u00e9ho l\u00e9ku, kter\u00fd m\u016f\u017eete snadno <a href=\"https:\/\/rckopen.com\/cs\/produkt\/dck-20mg-pelety\/\">DCK 20 mg pelety<\/a> u n\u00e1s m\u016f\u017eete nakupovat online. kde koupit DCK 20 mg pelety? Na rckopen.com jste na spr\u00e1vn\u00e9m m\u00edst\u011b.<\/p>\n<h3>Co jsou pelety DCK 20 mg?<\/h3>\n<p><a href=\"https:\/\/en.wikipedia.org\/wiki\/DCK\">DCK<\/a> 20mg pelety jsou typem disociativn\u00edho anestetika, kter\u00e9 je \u0161iroce pou\u017e\u00edv\u00e1no ve v\u011bdeck\u00e9m v\u00fdzkumu. Jsou zn\u00e1m\u00e9 pro sv\u00e9 uklid\u0148uj\u00edc\u00ed a sedativn\u00ed \u00fa\u010dinky, d\u00edky \u010demu\u017e jsou obl\u00edben\u00e9 mezi v\u00fdzkumn\u00edky studuj\u00edc\u00edmi r\u016fzn\u00e9 stavy du\u0161evn\u00edho zdrav\u00ed. DCK 20mg pelety na prodej lze zakoupit online od renomovan\u00e9ho zdroje, jako je rckopen.com, d\u00edky \u010demu\u017e jsou snadno dostupn\u00e9 pro ka\u017ed\u00e9ho, kdo je pot\u0159ebuje.<\/p>\n<h3>V\u00fdhody n\u00e1kupu DCK 20 mg pelet online na rckopen.com<\/h3>\n<p>Jednou z nejv\u011bt\u0161\u00edch v\u00fdhod n\u00e1kupu DCK 20 mg pelet online je pohodl\u00ed, kter\u00e9 nab\u00edz\u00ed. M\u00edsto toho, abyste museli fyzicky chodit do obchodu a l\u00e9k si koupit, m\u016f\u017eete si jej snadno objednat online z pohodl\u00ed domova. U\u0161et\u0159\u00edte tak sv\u016fj \u010das a n\u00e1mahu, co\u017e v\u00e1m umo\u017en\u00ed soust\u0159edit se na jin\u00e9 d\u016fle\u017eit\u00e9 \u00fakoly.<\/p>\n<h3>\u0160irok\u00fd v\u00fdb\u011br<\/h3>\n<p>Kdy\u017e si zakoup\u00edte pelety DCK 20 mg leg\u00e1ln\u011b online, m\u00e1te p\u0159\u00edstup k \u0161irok\u00e9mu v\u00fdb\u011bru produkt\u016f. To znamen\u00e1, \u017ee si m\u016f\u017eete vybrat zna\u010dku a mno\u017estv\u00ed, kter\u00e9 nejl\u00e9pe vyhovuje va\u0161im pot\u0159eb\u00e1m, co\u017e v\u00e1m d\u00e1v\u00e1 v\u011bt\u0161\u00ed kontrolu nad n\u00e1kupem. Nav\u00edc internetov\u00e9 obchody jako nap\u0159 <a href=\"https:\/\/rckopen.com\/cs\/\">rckopen.com<\/a> maj\u00ed \u010dasto v\u011bt\u0161\u00ed z\u00e1soby ne\u017e kamenn\u00e9 obchody, tak\u017ee je pravd\u011bpodobn\u011bj\u0161\u00ed, \u017ee najdete p\u0159esn\u011b to, co hled\u00e1te.<\/p>\n<h3>Dostupnost 24 hodin denn\u011b, 7 dn\u00ed v t\u00fddnu<\/h3>\n<p>Dal\u0161\u00ed v\u00fdhodou n\u00e1kupu DCK 20 mg pelet online ve Velk\u00e9 Brit\u00e1nii je skute\u010dnost, \u017ee internetov\u00e9 obchody jsou otev\u0159eny 24 hodin denn\u011b, 7 dn\u00ed v t\u00fddnu. To znamen\u00e1, \u017ee objedn\u00e1vku m\u016f\u017eete zadat kdykoli b\u011bhem dne nebo v noci, co\u017e je pro lidi s nabit\u00fdm rozvrhem neuv\u011b\u0159iteln\u011b pohodln\u00e9. A\u0165 u\u017e pot\u0159ebujete l\u00e9k brzy r\u00e1no nebo pozd\u011b ve\u010der, v\u017edy m\u016f\u017eete naj\u00edt to, co pot\u0159ebujete, online.<\/p>\n<h3>Diskr\u00e9tn\u00ed balen\u00ed<\/h3>\n<p>Mnoho lid\u00ed oce\u0148uje diskr\u00e9tn\u00ed balen\u00ed, kter\u00e9 je sou\u010d\u00e1st\u00ed online objedn\u00e1vek DCK 20 mg pelet. To zaji\u0161\u0165uje ochranu va\u0161eho soukrom\u00ed, proto\u017ee obsah balen\u00ed nen\u00ed viditeln\u00fd pro nikoho, kdo by ho mohl spat\u0159it. To je d\u016fle\u017eit\u00e9 zejm\u00e9na pro lidi, kte\u0159\u00ed si v\u00e1\u017e\u00ed sv\u00e9ho soukrom\u00ed nebo kte\u0159\u00ed si objedn\u00e1vaj\u00ed DCK 20 mg pelety.<\/p>","protected":false},"excerpt":{"rendered":"<p>N\u00e1zev IUPAC:<br \/>\nForma: pelety<br \/>\nNMR anal\u00fdza: N\/A<\/p>","protected":false},"featured_media":6585,"comment_status":"open","ping_status":"closed","template":"","meta":{"_joinchat":[]},"product_brand":[],"product_cat":[144],"product_tag":[],"class_list":{"0":"post-6574","1":"product","2":"type-product","3":"status-publish","4":"has-post-thumbnail","6":"product_cat-pellets","8":"first","9":"instock","10":"shipping-taxable","11":"purchasable","12":"product-type-variable"},"yoast_head":"<!-- This site is optimized with the Yoast SEO plugin v26.3 - https:\/\/yoast.com\/wordpress\/plugins\/seo\/ -->\n<title>Koop DCK 20 mg-pellets online - DCK 20 mg-pellets te koop<\/title>\n<meta name=\"description\" content=\"Onze winkel heeft DCK 20mg-pellets van topkwaliteit te koop. U kunt nooit om de kwaliteit van onze producten heen. Als u ze nodig heeft, kunt u DCK 20 mg-pellets meteen online kopen. Bestel nu!\" \/>\n<meta name=\"robots\" content=\"index, follow, max-snippet:-1, max-image-preview:large, max-video-preview:-1\" \/>\n<link rel=\"canonical\" href=\"https:\/\/rckopen.com\/cs\/produkt\/dck-20mg-pelety\/\" \/>\n<meta property=\"og:locale\" content=\"cs_CZ\" \/>\n<meta property=\"og:type\" content=\"article\" \/>\n<meta property=\"og:title\" content=\"Koop DCK 20 mg-pellets online - DCK 20 mg-pellets te koop\" \/>\n<meta property=\"og:description\" content=\"Onze winkel heeft DCK 20mg-pellets van topkwaliteit te koop. U kunt nooit om de kwaliteit van onze producten heen. Als u ze nodig heeft, kunt u DCK 20 mg-pellets meteen online kopen. Bestel nu!\" \/>\n<meta property=\"og:url\" content=\"https:\/\/rckopen.com\/cs\/produkt\/dck-20mg-pelety\/\" \/>\n<meta property=\"og:site_name\" content=\"RC Kopen\" \/>\n<meta property=\"article:modified_time\" content=\"2025-09-16T08:19:13+00:00\" \/>\n<meta property=\"og:image\" content=\"https:\/\/rckopen.com\/wp-content\/uploads\/2023\/08\/DCK-20mg-pellets.jpg\" \/>\n\t<meta property=\"og:image:width\" content=\"600\" \/>\n\t<meta property=\"og:image:height\" content=\"600\" \/>\n\t<meta property=\"og:image:type\" content=\"image\/jpeg\" \/>\n<meta name=\"twitter:card\" content=\"summary_large_image\" \/>\n<meta name=\"twitter:label1\" content=\"Odhadovan\u00e1 doba \u010dten\u00ed\" \/>\n\t<meta name=\"twitter:data1\" content=\"3 minuty\" \/>\n<script type=\"application\/ld+json\" class=\"yoast-schema-graph\">{\"@context\":\"https:\/\/schema.org\",\"@graph\":[{\"@type\":\"WebPage\",\"@id\":\"https:\/\/rckopen.com\/product\/dck-20mg-pellets\/\",\"url\":\"https:\/\/rckopen.com\/product\/dck-20mg-pellets\/\",\"name\":\"Koop DCK 20 mg-pellets online - DCK 20 mg-pellets te koop\",\"isPartOf\":{\"@id\":\"https:\/\/rckopen.com\/#website\"},\"primaryImageOfPage\":{\"@id\":\"https:\/\/rckopen.com\/product\/dck-20mg-pellets\/#primaryimage\"},\"image\":{\"@id\":\"https:\/\/rckopen.com\/product\/dck-20mg-pellets\/#primaryimage\"},\"thumbnailUrl\":\"https:\/\/rckopen.com\/wp-content\/uploads\/2023\/08\/DCK-20mg-pellets.jpg\",\"datePublished\":\"2023-08-16T09:28:04+00:00\",\"dateModified\":\"2025-09-16T08:19:13+00:00\",\"description\":\"Onze winkel heeft DCK 20mg-pellets van topkwaliteit te koop. U kunt nooit om de kwaliteit van onze producten heen. Als u ze nodig heeft, kunt u DCK 20 mg-pellets meteen online kopen. Bestel nu!\",\"breadcrumb\":{\"@id\":\"https:\/\/rckopen.com\/product\/dck-20mg-pellets\/#breadcrumb\"},\"inLanguage\":\"cs\",\"potentialAction\":[{\"@type\":\"ReadAction\",\"target\":[\"https:\/\/rckopen.com\/product\/dck-20mg-pellets\/\"]}]},{\"@type\":\"ImageObject\",\"inLanguage\":\"cs\",\"@id\":\"https:\/\/rckopen.com\/product\/dck-20mg-pellets\/#primaryimage\",\"url\":\"https:\/\/rckopen.com\/wp-content\/uploads\/2023\/08\/DCK-20mg-pellets.jpg\",\"contentUrl\":\"https:\/\/rckopen.com\/wp-content\/uploads\/2023\/08\/DCK-20mg-pellets.jpg\",\"width\":600,\"height\":600,\"caption\":\"DCK-20mg-pellets online kopen\"},{\"@type\":\"BreadcrumbList\",\"@id\":\"https:\/\/rckopen.com\/product\/dck-20mg-pellets\/#breadcrumb\",\"itemListElement\":[{\"@type\":\"ListItem\",\"position\":1,\"name\":\"Home\",\"item\":\"https:\/\/rckopen.com\/\"},{\"@type\":\"ListItem\",\"position\":2,\"name\":\"Shop\",\"item\":\"https:\/\/rckopen.com\/shop\/\"},{\"@type\":\"ListItem\",\"position\":3,\"name\":\"DCK 20mg pellets online kopen\"}]},{\"@type\":\"WebSite\",\"@id\":\"https:\/\/rckopen.com\/#website\",\"url\":\"https:\/\/rckopen.com\/\",\"name\":\"RC Kopen\",\"description\":\"Research Chemicals\",\"potentialAction\":[{\"@type\":\"SearchAction\",\"target\":{\"@type\":\"EntryPoint\",\"urlTemplate\":\"https:\/\/rckopen.com\/?s={search_term_string}\"},\"query-input\":{\"@type\":\"PropertyValueSpecification\",\"valueRequired\":true,\"valueName\":\"search_term_string\"}}],\"inLanguage\":\"cs\"}]}<\/script>\n<!-- \/ Yoast SEO plugin. -->","yoast_head_json":{"title":"Koop DCK 20 mg-pellets online - DCK 20 mg-pellets te koop","description":"Onze winkel heeft DCK 20mg-pellets van topkwaliteit te koop. U kunt nooit om de kwaliteit van onze producten heen. Als u ze nodig heeft, kunt u DCK 20 mg-pellets meteen online kopen. Bestel nu!","robots":{"index":"index","follow":"follow","max-snippet":"max-snippet:-1","max-image-preview":"max-image-preview:large","max-video-preview":"max-video-preview:-1"},"canonical":"https:\/\/rckopen.com\/cs\/produkt\/dck-20mg-pelety\/","og_locale":"cs_CZ","og_type":"article","og_title":"Koop DCK 20 mg-pellets online - DCK 20 mg-pellets te koop","og_description":"Onze winkel heeft DCK 20mg-pellets van topkwaliteit te koop. U kunt nooit om de kwaliteit van onze producten heen. Als u ze nodig heeft, kunt u DCK 20 mg-pellets meteen online kopen. Bestel nu!","og_url":"https:\/\/rckopen.com\/cs\/produkt\/dck-20mg-pelety\/","og_site_name":"RC Kopen","article_modified_time":"2025-09-16T08:19:13+00:00","og_image":[{"width":600,"height":600,"url":"https:\/\/rckopen.com\/wp-content\/uploads\/2023\/08\/DCK-20mg-pellets.jpg","type":"image\/jpeg"}],"twitter_card":"summary_large_image","twitter_misc":{"Odhadovan\u00e1 doba \u010dten\u00ed":"3 minuty"},"schema":{"@context":"https:\/\/schema.org","@graph":[{"@type":"WebPage","@id":"https:\/\/rckopen.com\/product\/dck-20mg-pellets\/","url":"https:\/\/rckopen.com\/product\/dck-20mg-pellets\/","name":"Koop DCK 20 mg-pellets online - DCK 20 mg-pellets te koop","isPartOf":{"@id":"https:\/\/rckopen.com\/#website"},"primaryImageOfPage":{"@id":"https:\/\/rckopen.com\/product\/dck-20mg-pellets\/#primaryimage"},"image":{"@id":"https:\/\/rckopen.com\/product\/dck-20mg-pellets\/#primaryimage"},"thumbnailUrl":"https:\/\/rckopen.com\/wp-content\/uploads\/2023\/08\/DCK-20mg-pellets.jpg","datePublished":"2023-08-16T09:28:04+00:00","dateModified":"2025-09-16T08:19:13+00:00","description":"Onze winkel heeft DCK 20mg-pellets van topkwaliteit te koop. U kunt nooit om de kwaliteit van onze producten heen. Als u ze nodig heeft, kunt u DCK 20 mg-pellets meteen online kopen. Bestel nu!","breadcrumb":{"@id":"https:\/\/rckopen.com\/product\/dck-20mg-pellets\/#breadcrumb"},"inLanguage":"cs","potentialAction":[{"@type":"ReadAction","target":["https:\/\/rckopen.com\/product\/dck-20mg-pellets\/"]}]},{"@type":"ImageObject","inLanguage":"cs","@id":"https:\/\/rckopen.com\/product\/dck-20mg-pellets\/#primaryimage","url":"https:\/\/rckopen.com\/wp-content\/uploads\/2023\/08\/DCK-20mg-pellets.jpg","contentUrl":"https:\/\/rckopen.com\/wp-content\/uploads\/2023\/08\/DCK-20mg-pellets.jpg","width":600,"height":600,"caption":"DCK-20mg-pellets online kopen"},{"@type":"BreadcrumbList","@id":"https:\/\/rckopen.com\/product\/dck-20mg-pellets\/#breadcrumb","itemListElement":[{"@type":"ListItem","position":1,"name":"Home","item":"https:\/\/rckopen.com\/"},{"@type":"ListItem","position":2,"name":"Shop","item":"https:\/\/rckopen.com\/shop\/"},{"@type":"ListItem","position":3,"name":"DCK 20mg pellets online kopen"}]},{"@type":"WebSite","@id":"https:\/\/rckopen.com\/#website","url":"https:\/\/rckopen.com\/","name":"RC Kopen","description":"Research Chemicals","potentialAction":[{"@type":"SearchAction","target":{"@type":"EntryPoint","urlTemplate":"https:\/\/rckopen.com\/?s={search_term_string}"},"query-input":{"@type":"PropertyValueSpecification","valueRequired":true,"valueName":"search_term_string"}}],"inLanguage":"cs"}]}},"_links":{"self":[{"href":"https:\/\/rckopen.com\/cs\/wp-json\/wp\/v2\/product\/6574","targetHints":{"allow":["GET"]}}],"collection":[{"href":"https:\/\/rckopen.com\/cs\/wp-json\/wp\/v2\/product"}],"about":[{"href":"https:\/\/rckopen.com\/cs\/wp-json\/wp\/v2\/types\/product"}],"replies":[{"embeddable":true,"href":"https:\/\/rckopen.com\/cs\/wp-json\/wp\/v2\/comments?post=6574"}],"wp:featuredmedia":[{"embeddable":true,"href":"https:\/\/rckopen.com\/cs\/wp-json\/wp\/v2\/media\/6585"}],"wp:attachment":[{"href":"https:\/\/rckopen.com\/cs\/wp-json\/wp\/v2\/media?parent=6574"}],"wp:term":[{"taxonomy":"product_brand","embeddable":true,"href":"https:\/\/rckopen.com\/cs\/wp-json\/wp\/v2\/product_brand?post=6574"},{"taxonomy":"product_cat","embeddable":true,"href":"https:\/\/rckopen.com\/cs\/wp-json\/wp\/v2\/product_cat?post=6574"},{"taxonomy":"product_tag","embeddable":true,"href":"https:\/\/rckopen.com\/cs\/wp-json\/wp\/v2\/product_tag?post=6574"}],"curies":[{"name":"wp","href":"https:\/\/api.w.org\/{rel}","templated":true}]}}