{"id":6575,"date":"2023-08-16T09:30:53","date_gmt":"2023-08-16T09:30:53","guid":{"rendered":"https:\/\/diligentplug.com\/chems\/?post_type=product&#038;p=6575"},"modified":"2025-09-16T08:19:10","modified_gmt":"2025-09-16T08:19:10","slug":"o-pce-10mg-pellets","status":"publish","type":"product","link":"https:\/\/rckopen.com\/cs\/produkt\/o-pce-10-mg-pelety\/","title":{"rendered":"Kupte si pelety O-PCE 10 mg online"},"content":{"rendered":"<h2>Waarom rckopen.com de beste bron is voor O-PCE 10 mg-pellets online kopen<\/h2>\n<p>Ve sv\u011bt\u011b v\u00fdzkumn\u00fdch chemik\u00e1li\u00ed m\u016f\u017ee b\u00fdt nalezen\u00ed spolehliv\u00e9ho zdroje n\u00e1ro\u010dn\u00fdm \u00fakolem. P\u0159i takov\u00e9m mno\u017estv\u00ed dostupn\u00fdch mo\u017enost\u00ed m\u016f\u017ee b\u00fdt obt\u00ed\u017en\u00e9 zjistit, komu m\u016f\u017eete d\u016fv\u011b\u0159ovat. Existuje v\u0161ak jedna webov\u00e1 str\u00e1nka, kter\u00e1 vynik\u00e1 jako nejlep\u0161\u00ed zdroj pro objedn\u00e1n\u00ed O-PCE 10 mg pelet: rckopen.com.<\/p>\n<h3>\u010c\u00edm se li\u0161\u00ed rckopen.com?<\/h3>\n<p>Rckopen.com \u00e8 rapidamente diventato il punto di riferimento per i pellet O-PCE da 10 mg per una serie di motivi. Innanzitutto, offrono un'ampia selezione di prodotti di alta qualit\u00e0, tra cui pellet O-DSMT da 30 mg in vendita. I loro prodotti provengono da produttori rinomati e vengono sottoposti a rigorosi test per garantirne purezza ed efficacia.<\/p>\n<h3>Pohodl\u00ed a snadn\u00fd n\u00e1kup<\/h3>\n<p>P\u0159i n\u00e1kupu v\u00fdzkumn\u00fdch chemik\u00e1li\u00ed je kl\u00ed\u010dov\u00e9 pohodl\u00ed. Rckopen.com umo\u017e\u0148uje jednoduch\u00fd a bezprobl\u00e9mov\u00fd proces. Sta\u010d\u00ed jen n\u011bkolik kliknut\u00ed a m\u016f\u017eete zadat objedn\u00e1vku, kde si m\u016f\u017eete koupit O-DSMT pelety 30 mg a kde si m\u016f\u017eete objednat O-DSMT pelety 30 mg bez l\u00e9ka\u0159sk\u00e9ho p\u0159edpisu. Jejich webov\u00e9 str\u00e1nky jsou u\u017eivatelsky p\u0159\u00edv\u011btiv\u00e9 a bezpe\u010dn\u00e9, co\u017e usnad\u0148uje proch\u00e1zen\u00ed jejich produkt\u016f a n\u00e1kup.<\/p>\n<h3>Skv\u011bl\u00fd z\u00e1kaznick\u00fd servis<\/h3>\n<p>Jednou z v\u011bc\u00ed, kter\u00e1 odli\u0161uje rckopen.com od ostatn\u00edch online prodejc\u016f, je jejich z\u00e1vazek ke spokojenosti z\u00e1kazn\u00edk\u016f. Jejich t\u00fdm p\u0159\u00e1telsk\u00fdch a znal\u00fdch z\u00e1stupc\u016f je v\u017edy p\u0159ipraven pomoci v\u00e1m s jak\u00fdmikoliv dotazy nebo p\u0159ipom\u00ednkami. A\u0165 u\u017e pot\u0159ebujete pomoci s objedn\u00e1vkou, nebo jen chcete z\u00edskat v\u00edce informac\u00ed o jejich produktech, jsou tu pro v\u00e1s.<\/p>\n<h3>Konkuren\u010dn\u00ed ceny<\/h3>\n<p>P\u0159i chemick\u00e9m v\u00fdzkumu v\u017edy z\u00e1le\u017e\u00ed na cen\u011b. Rckopen.com nab\u00edz\u00ed pelety O-DSMT 30 mg za konkurenceschopn\u00e9 ceny, tak\u017ee jsou dostupn\u00e9 pro v\u00fdzkumn\u00edky s jak\u00fdmkoli rozpo\u010dtem. Pravideln\u011b tak\u00e9 po\u0159\u00e1daj\u00ed propaga\u010dn\u00ed akce a slevy, tak\u017ee m\u016f\u017eete p\u0159i n\u00e1kupu u\u0161et\u0159it je\u0161t\u011b v\u00edce.<\/p>\n<h3>Rychl\u00e1 a diskr\u00e9tn\u00ed p\u0159eprava<\/h3>\n<p>Dal\u0161\u00edm d\u016fvodem, pro\u010d je rckopen.com nejlep\u0161\u00edm zdrojem pro objedn\u00e1n\u00ed O-PCE 10 mg pelet, je jejich bleskurychl\u00e1 doprava. Jakmile si objedn\u00e1te, m\u016f\u017eete si b\u00fdt jisti, \u017ee v\u00e1\u0161 bal\u00ed\u010dek bude doru\u010den rychle a diskr\u00e9tn\u011b. Berou soukrom\u00ed v\u00e1\u017en\u011b a zaji\u0161\u0165uj\u00ed, \u017ee v\u0161echny objedn\u00e1vky jsou bezpe\u010dn\u011b zabaleny a odesl\u00e1ny s maxim\u00e1ln\u00ed diskr\u00e9tnost\u00ed.<\/p>\n<p>Pokud hled\u00e1te pelety O-PCE 10 mg, rckopen.com je nejlep\u0161\u00edm zdrojem pro n\u00e1kup pelet O-DSMT 30 mg na prodej. D\u00edky jejich \u0161irok\u00e9mu v\u00fdb\u011bru, pohodln\u00e9mu procesu objedn\u00e1v\u00e1n\u00ed, vynikaj\u00edc\u00edmu z\u00e1kaznick\u00e9mu servisu, konkurenceschopn\u00fdm cen\u00e1m a rychl\u00e9 p\u0159eprav\u011b je jasn\u00e9, pro\u010d se rychle stali d\u016fv\u011bryhodn\u00fdm jm\u00e9nem ve sv\u011bt\u011b v\u00fdzkumn\u00fdch chemik\u00e1li\u00ed. Objednejte si u rckopen.com je\u0161t\u011b dnes a poznejte rozd\u00edl na vlastn\u00ed k\u016f\u017ei!<\/p>","protected":false},"excerpt":{"rendered":"<p><strong>N\u00e1zev IUPAC:<\/strong><\/p>\n<p><strong>Forma: <\/strong>pelety<\/p>\n<p><strong>NMR anal\u00fdza: <\/strong>NEUPLAT\u0147UJE SE<\/p>","protected":false},"featured_media":6586,"comment_status":"open","ping_status":"closed","template":"","meta":{"_joinchat":[]},"product_brand":[],"product_cat":[144],"product_tag":[],"class_list":{"0":"post-6575","1":"product","2":"type-product","3":"status-publish","4":"has-post-thumbnail","6":"product_cat-pellets","8":"first","9":"instock","10":"shipping-taxable","11":"purchasable","12":"product-type-variable"},"yoast_head":"<!-- This site is optimized with the Yoast SEO plugin v26.3 - https:\/\/yoast.com\/wordpress\/plugins\/seo\/ -->\n<title>O Pce 10 mg-pellets online kopen - O Pce 10 mg-pellets te koop<\/title>\n<meta name=\"description\" content=\"Op zoek naar hoogwaardige O Pce 10mg-pellets die u online kunt kopen? RC kopen is een toonaangevende winkel waar u O Pce 10mg Pellets te koop tegen de beste prijs. Bestel nu met discrete verzending!\" \/>\n<meta name=\"robots\" content=\"index, follow, max-snippet:-1, max-image-preview:large, max-video-preview:-1\" \/>\n<link rel=\"canonical\" href=\"https:\/\/rckopen.com\/cs\/produkt\/o-pce-10-mg-pelety\/\" \/>\n<meta property=\"og:locale\" content=\"cs_CZ\" \/>\n<meta property=\"og:type\" content=\"article\" \/>\n<meta property=\"og:title\" content=\"O Pce 10 mg-pellets online kopen - O Pce 10 mg-pellets te koop\" \/>\n<meta property=\"og:description\" content=\"Op zoek naar hoogwaardige O Pce 10mg-pellets die u online kunt kopen? RC kopen is een toonaangevende winkel waar u O Pce 10mg Pellets te koop tegen de beste prijs. Bestel nu met discrete verzending!\" \/>\n<meta property=\"og:url\" content=\"https:\/\/rckopen.com\/cs\/produkt\/o-pce-10-mg-pelety\/\" \/>\n<meta property=\"og:site_name\" content=\"RC Kopen\" \/>\n<meta property=\"article:modified_time\" content=\"2025-09-16T08:19:10+00:00\" \/>\n<meta property=\"og:image\" content=\"https:\/\/rckopen.com\/wp-content\/uploads\/2023\/08\/O-PCE-10mg-pellets.jpg\" \/>\n\t<meta property=\"og:image:width\" content=\"600\" \/>\n\t<meta property=\"og:image:height\" content=\"600\" \/>\n\t<meta property=\"og:image:type\" content=\"image\/jpeg\" \/>\n<meta name=\"twitter:card\" content=\"summary_large_image\" \/>\n<meta name=\"twitter:label1\" content=\"Odhadovan\u00e1 doba \u010dten\u00ed\" \/>\n\t<meta name=\"twitter:data1\" content=\"3 minuty\" \/>\n<script type=\"application\/ld+json\" class=\"yoast-schema-graph\">{\"@context\":\"https:\/\/schema.org\",\"@graph\":[{\"@type\":\"WebPage\",\"@id\":\"https:\/\/rckopen.com\/product\/o-pce-10mg-pellets\/\",\"url\":\"https:\/\/rckopen.com\/product\/o-pce-10mg-pellets\/\",\"name\":\"O Pce 10 mg-pellets online kopen - O Pce 10 mg-pellets te koop\",\"isPartOf\":{\"@id\":\"https:\/\/rckopen.com\/#website\"},\"primaryImageOfPage\":{\"@id\":\"https:\/\/rckopen.com\/product\/o-pce-10mg-pellets\/#primaryimage\"},\"image\":{\"@id\":\"https:\/\/rckopen.com\/product\/o-pce-10mg-pellets\/#primaryimage\"},\"thumbnailUrl\":\"https:\/\/rckopen.com\/wp-content\/uploads\/2023\/08\/O-PCE-10mg-pellets.jpg\",\"datePublished\":\"2023-08-16T09:30:53+00:00\",\"dateModified\":\"2025-09-16T08:19:10+00:00\",\"description\":\"Op zoek naar hoogwaardige O Pce 10mg-pellets die u online kunt kopen? RC kopen is een toonaangevende winkel waar u O Pce 10mg Pellets te koop tegen de beste prijs. Bestel nu met discrete verzending!\",\"breadcrumb\":{\"@id\":\"https:\/\/rckopen.com\/product\/o-pce-10mg-pellets\/#breadcrumb\"},\"inLanguage\":\"cs\",\"potentialAction\":[{\"@type\":\"ReadAction\",\"target\":[\"https:\/\/rckopen.com\/product\/o-pce-10mg-pellets\/\"]}]},{\"@type\":\"ImageObject\",\"inLanguage\":\"cs\",\"@id\":\"https:\/\/rckopen.com\/product\/o-pce-10mg-pellets\/#primaryimage\",\"url\":\"https:\/\/rckopen.com\/wp-content\/uploads\/2023\/08\/O-PCE-10mg-pellets.jpg\",\"contentUrl\":\"https:\/\/rckopen.com\/wp-content\/uploads\/2023\/08\/O-PCE-10mg-pellets.jpg\",\"width\":600,\"height\":600,\"caption\":\"O-PCE-10mg-pellets online kopen\"},{\"@type\":\"BreadcrumbList\",\"@id\":\"https:\/\/rckopen.com\/product\/o-pce-10mg-pellets\/#breadcrumb\",\"itemListElement\":[{\"@type\":\"ListItem\",\"position\":1,\"name\":\"Home\",\"item\":\"https:\/\/rckopen.com\/\"},{\"@type\":\"ListItem\",\"position\":2,\"name\":\"Shop\",\"item\":\"https:\/\/rckopen.com\/shop\/\"},{\"@type\":\"ListItem\",\"position\":3,\"name\":\"O-PCE 10mg pellets online kopen\"}]},{\"@type\":\"WebSite\",\"@id\":\"https:\/\/rckopen.com\/#website\",\"url\":\"https:\/\/rckopen.com\/\",\"name\":\"RC Kopen\",\"description\":\"Research Chemicals\",\"potentialAction\":[{\"@type\":\"SearchAction\",\"target\":{\"@type\":\"EntryPoint\",\"urlTemplate\":\"https:\/\/rckopen.com\/?s={search_term_string}\"},\"query-input\":{\"@type\":\"PropertyValueSpecification\",\"valueRequired\":true,\"valueName\":\"search_term_string\"}}],\"inLanguage\":\"cs\"}]}<\/script>\n<!-- \/ Yoast SEO plugin. -->","yoast_head_json":{"title":"O Pce 10 mg-pellets online kopen - O Pce 10 mg-pellets te koop","description":"Op zoek naar hoogwaardige O Pce 10mg-pellets die u online kunt kopen? RC kopen is een toonaangevende winkel waar u O Pce 10mg Pellets te koop tegen de beste prijs. Bestel nu met discrete verzending!","robots":{"index":"index","follow":"follow","max-snippet":"max-snippet:-1","max-image-preview":"max-image-preview:large","max-video-preview":"max-video-preview:-1"},"canonical":"https:\/\/rckopen.com\/cs\/produkt\/o-pce-10-mg-pelety\/","og_locale":"cs_CZ","og_type":"article","og_title":"O Pce 10 mg-pellets online kopen - O Pce 10 mg-pellets te koop","og_description":"Op zoek naar hoogwaardige O Pce 10mg-pellets die u online kunt kopen? RC kopen is een toonaangevende winkel waar u O Pce 10mg Pellets te koop tegen de beste prijs. Bestel nu met discrete verzending!","og_url":"https:\/\/rckopen.com\/cs\/produkt\/o-pce-10-mg-pelety\/","og_site_name":"RC Kopen","article_modified_time":"2025-09-16T08:19:10+00:00","og_image":[{"width":600,"height":600,"url":"https:\/\/rckopen.com\/wp-content\/uploads\/2023\/08\/O-PCE-10mg-pellets.jpg","type":"image\/jpeg"}],"twitter_card":"summary_large_image","twitter_misc":{"Odhadovan\u00e1 doba \u010dten\u00ed":"3 minuty"},"schema":{"@context":"https:\/\/schema.org","@graph":[{"@type":"WebPage","@id":"https:\/\/rckopen.com\/product\/o-pce-10mg-pellets\/","url":"https:\/\/rckopen.com\/product\/o-pce-10mg-pellets\/","name":"O Pce 10 mg-pellets online kopen - O Pce 10 mg-pellets te koop","isPartOf":{"@id":"https:\/\/rckopen.com\/#website"},"primaryImageOfPage":{"@id":"https:\/\/rckopen.com\/product\/o-pce-10mg-pellets\/#primaryimage"},"image":{"@id":"https:\/\/rckopen.com\/product\/o-pce-10mg-pellets\/#primaryimage"},"thumbnailUrl":"https:\/\/rckopen.com\/wp-content\/uploads\/2023\/08\/O-PCE-10mg-pellets.jpg","datePublished":"2023-08-16T09:30:53+00:00","dateModified":"2025-09-16T08:19:10+00:00","description":"Op zoek naar hoogwaardige O Pce 10mg-pellets die u online kunt kopen? RC kopen is een toonaangevende winkel waar u O Pce 10mg Pellets te koop tegen de beste prijs. Bestel nu met discrete verzending!","breadcrumb":{"@id":"https:\/\/rckopen.com\/product\/o-pce-10mg-pellets\/#breadcrumb"},"inLanguage":"cs","potentialAction":[{"@type":"ReadAction","target":["https:\/\/rckopen.com\/product\/o-pce-10mg-pellets\/"]}]},{"@type":"ImageObject","inLanguage":"cs","@id":"https:\/\/rckopen.com\/product\/o-pce-10mg-pellets\/#primaryimage","url":"https:\/\/rckopen.com\/wp-content\/uploads\/2023\/08\/O-PCE-10mg-pellets.jpg","contentUrl":"https:\/\/rckopen.com\/wp-content\/uploads\/2023\/08\/O-PCE-10mg-pellets.jpg","width":600,"height":600,"caption":"O-PCE-10mg-pellets online kopen"},{"@type":"BreadcrumbList","@id":"https:\/\/rckopen.com\/product\/o-pce-10mg-pellets\/#breadcrumb","itemListElement":[{"@type":"ListItem","position":1,"name":"Home","item":"https:\/\/rckopen.com\/"},{"@type":"ListItem","position":2,"name":"Shop","item":"https:\/\/rckopen.com\/shop\/"},{"@type":"ListItem","position":3,"name":"O-PCE 10mg pellets online kopen"}]},{"@type":"WebSite","@id":"https:\/\/rckopen.com\/#website","url":"https:\/\/rckopen.com\/","name":"RC Kopen","description":"Research Chemicals","potentialAction":[{"@type":"SearchAction","target":{"@type":"EntryPoint","urlTemplate":"https:\/\/rckopen.com\/?s={search_term_string}"},"query-input":{"@type":"PropertyValueSpecification","valueRequired":true,"valueName":"search_term_string"}}],"inLanguage":"cs"}]}},"_links":{"self":[{"href":"https:\/\/rckopen.com\/cs\/wp-json\/wp\/v2\/product\/6575","targetHints":{"allow":["GET"]}}],"collection":[{"href":"https:\/\/rckopen.com\/cs\/wp-json\/wp\/v2\/product"}],"about":[{"href":"https:\/\/rckopen.com\/cs\/wp-json\/wp\/v2\/types\/product"}],"replies":[{"embeddable":true,"href":"https:\/\/rckopen.com\/cs\/wp-json\/wp\/v2\/comments?post=6575"}],"wp:featuredmedia":[{"embeddable":true,"href":"https:\/\/rckopen.com\/cs\/wp-json\/wp\/v2\/media\/6586"}],"wp:attachment":[{"href":"https:\/\/rckopen.com\/cs\/wp-json\/wp\/v2\/media?parent=6575"}],"wp:term":[{"taxonomy":"product_brand","embeddable":true,"href":"https:\/\/rckopen.com\/cs\/wp-json\/wp\/v2\/product_brand?post=6575"},{"taxonomy":"product_cat","embeddable":true,"href":"https:\/\/rckopen.com\/cs\/wp-json\/wp\/v2\/product_cat?post=6575"},{"taxonomy":"product_tag","embeddable":true,"href":"https:\/\/rckopen.com\/cs\/wp-json\/wp\/v2\/product_tag?post=6575"}],"curies":[{"name":"wp","href":"https:\/\/api.w.org\/{rel}","templated":true}]}}