{"id":6590,"date":"2023-08-16T09:47:54","date_gmt":"2023-08-16T09:47:54","guid":{"rendered":"https:\/\/diligentplug.com\/chems\/?post_type=product&#038;p=6590"},"modified":"2026-03-07T13:18:13","modified_gmt":"2026-03-07T13:18:13","slug":"2-methyl-ap-237-20mg-pellets","status":"publish","type":"product","link":"https:\/\/rckopen.com\/cs\/produkt\/2-methyl-ap-237-20mg-pellets\/","title":{"rendered":"Koupit pelety 2-METHYL-AP-237 20 mg online"},"content":{"rendered":"<h2><b>Koop 2-METHYL-AP-237 20mg Pellets Online \u2013 Precisie, Zuiverheid en Gemak<\/b><\/h2>\n<p><span style=\"font-weight: 400;\">Objevte pokro\u010dil\u00e9 \u0159e\u0161en\u00ed pro va\u0161e v\u00fdzkumn\u00e9 pot\u0159eby s na\u0161\u00edm <\/span><a href=\"https:\/\/rckopen.com\/cs\/produkt\/2-methyl-ap-237-20mg-pellets\/\"><b>2-METHYL-AP-237 20 mg pelety<\/b><\/a><span style=\"font-weight: 400;\">Tyto pelety, navr\u017een\u00e9 pro p\u0159esnost a snadn\u00e9 pou\u017eit\u00ed, poskytuj\u00ed konzistentn\u00ed, p\u0159edem odm\u011b\u0159enou d\u00e1vku pro spolehliv\u00e9 v\u00fdsledky p\u0159i ka\u017ed\u00e9m experimentu.<\/span><\/p>\n<h3><b>Co je 2-METHYL-AP-237?<\/b><\/h3>\n<p><span style=\"font-weight: 400;\">2-METHYL-AP-237 je v\u00fdzkumn\u00e1 chemik\u00e1lie s jedine\u010dn\u00fdmi vlastnostmi, kterou \u0161iroce pou\u017e\u00edvaj\u00ed v\u00fdzkumn\u00edci a nad\u0161enci chemie k objevov\u00e1n\u00ed nov\u00fdch aplikac\u00ed. Je k dispozici ve form\u011b pelet s p\u0159esn\u00fdm d\u00e1vkov\u00e1n\u00edm 20 mg na peletu pro kontrolovan\u00e9 experimenty.<\/span><\/p>\n<h3><b>V\u00fdhody peletov\u00e9 formy a p\u0159esn\u00e9 d\u00e1vkov\u00e1n\u00ed 20 mg<\/b><\/h3>\n<ul>\n<li style=\"font-weight: 400;\" aria-level=\"1\">Vooraf afgemeten nauwkeurigheid: Elke pellet bevat precies 20mg, wat gokwerk elimineert en zorgt voor consistente resultaten.<\/li>\n<li style=\"font-weight: 400;\" aria-level=\"1\">Konzistentn\u00ed \u00fa\u010dinnost: Vyrobeno za p\u0159\u00edsn\u00fdch kontrol kvality pro rovnom\u011brnou \u00fa\u010dinnost.<\/li>\n<li style=\"font-weight: 400;\" aria-level=\"1\">Snadn\u00e9 pou\u017eit\u00ed: S peletami se sn\u00e1ze manipuluje a skladuje ne\u017e s pr\u00e1\u0161ky, co\u017e sni\u017euje nepo\u0159\u00e1dek a chyby p\u0159i d\u00e1vkov\u00e1n\u00ed.<\/li>\n<\/ul>\n<h3><b>Pro\u010d zvolit 20mg pelety?<\/b><\/h3>\n<ul>\n<li style=\"font-weight: 400;\" aria-level=\"1\">Pohodl\u00ed: Dokonale odm\u011b\u0159en\u00e9 pro p\u0159esn\u00e9 pou\u017eit\u00ed bez dal\u0161\u00edho m\u011b\u0159ic\u00edho vybaven\u00ed.<\/li>\n<li style=\"font-weight: 400;\" aria-level=\"1\">Kontrolovan\u00fd v\u00fdzkum: Podporuje p\u0159\u00edsnou v\u011bdeckou pr\u00e1ci se spolehliv\u00fdm d\u00e1vkov\u00e1n\u00edm.<\/li>\n<li style=\"font-weight: 400;\" aria-level=\"1\">Bezpe\u010dnost: Sni\u017euje riziko n\u00e1hodn\u00e9ho p\u0159ed\u00e1vkov\u00e1n\u00ed, kter\u00e9 je b\u011b\u017en\u00e9 u pr\u00e1\u0161k\u016f.<\/li>\n<\/ul>\n<h3><b>V\u00fdhody n\u00e1kupu pelet 2-METHYL-AP-237 online<\/b><\/h3>\n<ul>\n<li style=\"font-weight: 400;\" aria-level=\"1\">\u0160irok\u00fd v\u00fdb\u011br spolehliv\u00fdch prodejc\u016f: Najd\u011bte prodejce nab\u00edzej\u00edc\u00ed laboratorn\u011b testovan\u00e9 produkty.<\/li>\n<li style=\"font-weight: 400;\" aria-level=\"1\">Konkurenceschopn\u00e9 ceny: Vyu\u017eijte v\u00fdhodn\u00e9 ceny a slevy p\u0159i n\u00e1kupu ve velk\u00e9m.<\/li>\n<li style=\"font-weight: 400;\" aria-level=\"1\">Veilige bestellingen: Geniet van discreet verpakte en privacyvriendelijke bestellingen vanuit huis.<\/li>\n<\/ul>\n<h3><b>Juridische Status en Overwegingen<\/b><\/h3>\n<p><span style=\"font-weight: 400;\">De juridische status van 2-METHYL-AP-237 verschilt per regio. Het is belangrijk om lokale wetgeving te onderzoeken v\u00f3\u00f3r aankoop om problemen te voorkomen.<\/span><\/p>\n<h3><b>Hoe Betrouwbare Verkopers te Herkennen<\/b><\/h3>\n<ul>\n<li style=\"font-weight: 400;\" aria-level=\"1\">Labtesten &amp; COA\u2019s: Kies verkopers die Certificaten van Analyse leveren die zuiverheid garanderen.<\/li>\n<li style=\"font-weight: 400;\" aria-level=\"1\">Klantenbeoordelingen: Lees reviews en ervaringen uit de community om de betrouwbaarheid te beoordelen.<\/li>\n<li style=\"font-weight: 400;\" aria-level=\"1\">Vermijd waarschuwingssignalen: Wees voorzichtig met verkopers zonder transparantie of met verdachte lage prijzen.<\/li>\n<\/ul>\n<h3><b>Veilige Betaal- en Verzendmethoden<\/b><\/h3>\n<p><span style=\"font-weight: 400;\">Gebruik veilige betaalmethoden zoals cryptocurrency of creditcard. Verwacht discreet verpakte verzending met tracking voor privacy en tijdige levering.<\/span><\/p>\n<h3><b>Gebruik en Veiligheidstips<\/b><\/h3>\n<ul>\n<li style=\"font-weight: 400;\" aria-level=\"1\"><span style=\"font-weight: 400;\">Volg aanbevolen doseringen nauwkeurig \u2014 elke pellet bevat 20mg voor precieze controle.<\/span><\/li>\n<li style=\"font-weight: 400;\" aria-level=\"1\"><span style=\"font-weight: 400;\">Bewaar pellets koel, droog en uit direct licht om kwaliteit te behouden.<\/span><\/li>\n<li style=\"font-weight: 400;\" aria-level=\"1\"><span style=\"font-weight: 400;\">Gebruik verantwoord en voorkom misbruik om gezondheidsrisico\u2019s te beperken.<\/span><\/li>\n<\/ul>\n<h3><b>Mogelijke Bijwerkingen en Waarschuwingen<\/b><\/h3>\n<p><span style=\"font-weight: 400;\">Hoewel bedoeld voor onderzoeksdoeleinden, zijn enkele bijwerkingen gemeld in wetenschappelijke contexten. Stop het gebruik bij ongewenste reacties en raadpleeg indien nodig een specialist. Dit product is uitsluitend bestemd voor onderzoeksgebruik.<\/span><\/p>\n<p><b>Bestel Vandaag Nog 2-METHYL-AP-237 20mg Pellets Online<\/b><\/p>\n<p><span style=\"font-weight: 400;\">Wij bieden de <\/span><a href=\"https:\/\/en.wikipedia.org\/wiki\/Bucinnazine\"><b>beste plek om 2-METHYL-AP-237 20mg pellets te kopen<\/b><\/a><span style=\"font-weight: 400;\">, met garantie voor kwaliteit, betaalbaarheid en veiligheid. Of je nu kleine hoeveelheden of bulk bestelt, vertrouw op ons voor authentieke, lab-geteste producten tegen een <\/span><b>goedkope 2-METHYL-AP-237 20mg pellets prijs<\/b><span style=\"font-weight: 400;\">. Compromitteer niet op onderzoekskwaliteit \u2014 <\/span><a href=\"https:\/\/rckopen.com\/cs\/\"><b>koop 2-METHYL-AP-237 20mg pellets online<\/b><\/a><span style=\"font-weight: 400;\"> voor betrouwbare en consistente resultaten.<\/span><\/p>","protected":false},"excerpt":{"rendered":"<p>N\u00e1zev IUPAC:<br \/>\nForma: pelety<br \/>\nNMR anal\u00fdza: N\/A<\/p>","protected":false},"featured_media":6600,"comment_status":"open","ping_status":"closed","template":"","meta":{"_joinchat":[]},"product_brand":[],"product_cat":[144],"product_tag":[],"class_list":{"0":"post-6590","1":"product","2":"type-product","3":"status-publish","4":"has-post-thumbnail","6":"product_cat-pellets","8":"first","9":"instock","10":"shipping-taxable","11":"purchasable","12":"product-type-variable"},"yoast_head":"<!-- This site is optimized with the Yoast SEO plugin v26.3 - https:\/\/yoast.com\/wordpress\/plugins\/seo\/ -->\n<title>2-methyl-AP-237-20MG-pellets online kopen | Rc Kopen<\/title>\n<meta name=\"description\" content=\"2-methyl-ap-237-20 mg pellets online kopen, wij zijn de juiste keuze voor u. Onze medewerkers helpen u voordelig 2-methyl-ap-237-20mg pellets bestellen.\" \/>\n<meta name=\"robots\" content=\"index, follow, max-snippet:-1, max-image-preview:large, max-video-preview:-1\" \/>\n<link rel=\"canonical\" href=\"https:\/\/rckopen.com\/cs\/produkt\/2-methyl-ap-237-20mg-pellets\/\" \/>\n<meta property=\"og:locale\" content=\"cs_CZ\" \/>\n<meta property=\"og:type\" content=\"article\" \/>\n<meta property=\"og:title\" content=\"2-methyl-AP-237-20MG-pellets online kopen | Rc Kopen\" \/>\n<meta property=\"og:description\" content=\"2-methyl-ap-237-20 mg pellets online kopen, wij zijn de juiste keuze voor u. Onze medewerkers helpen u voordelig 2-methyl-ap-237-20mg pellets bestellen.\" \/>\n<meta property=\"og:url\" content=\"https:\/\/rckopen.com\/cs\/produkt\/2-methyl-ap-237-20mg-pellets\/\" \/>\n<meta property=\"og:site_name\" content=\"RC Kopen\" \/>\n<meta property=\"article:modified_time\" content=\"2026-03-07T13:18:13+00:00\" \/>\n<meta property=\"og:image\" content=\"https:\/\/rckopen.com\/wp-content\/uploads\/2023\/08\/2-METHYL-AP-237-20mg-pellets.jpg\" \/>\n\t<meta property=\"og:image:width\" content=\"600\" \/>\n\t<meta property=\"og:image:height\" content=\"600\" \/>\n\t<meta property=\"og:image:type\" content=\"image\/jpeg\" \/>\n<meta name=\"twitter:card\" content=\"summary_large_image\" \/>\n<meta name=\"twitter:label1\" content=\"Odhadovan\u00e1 doba \u010dten\u00ed\" \/>\n\t<meta name=\"twitter:data1\" content=\"3 minuty\" \/>\n<script type=\"application\/ld+json\" class=\"yoast-schema-graph\">{\"@context\":\"https:\/\/schema.org\",\"@graph\":[{\"@type\":\"WebPage\",\"@id\":\"https:\/\/rckopen.com\/product\/2-methyl-ap-237-20mg-pellets\/\",\"url\":\"https:\/\/rckopen.com\/product\/2-methyl-ap-237-20mg-pellets\/\",\"name\":\"2-methyl-AP-237-20MG-pellets online kopen | Rc Kopen\",\"isPartOf\":{\"@id\":\"https:\/\/rckopen.com\/#website\"},\"primaryImageOfPage\":{\"@id\":\"https:\/\/rckopen.com\/product\/2-methyl-ap-237-20mg-pellets\/#primaryimage\"},\"image\":{\"@id\":\"https:\/\/rckopen.com\/product\/2-methyl-ap-237-20mg-pellets\/#primaryimage\"},\"thumbnailUrl\":\"https:\/\/rckopen.com\/wp-content\/uploads\/2023\/08\/2-METHYL-AP-237-20mg-pellets.jpg\",\"datePublished\":\"2023-08-16T09:47:54+00:00\",\"dateModified\":\"2026-03-07T13:18:13+00:00\",\"description\":\"2-methyl-ap-237-20 mg pellets online kopen, wij zijn de juiste keuze voor u. Onze medewerkers helpen u voordelig 2-methyl-ap-237-20mg pellets bestellen.\",\"breadcrumb\":{\"@id\":\"https:\/\/rckopen.com\/product\/2-methyl-ap-237-20mg-pellets\/#breadcrumb\"},\"inLanguage\":\"cs\",\"potentialAction\":[{\"@type\":\"ReadAction\",\"target\":[\"https:\/\/rckopen.com\/product\/2-methyl-ap-237-20mg-pellets\/\"]}]},{\"@type\":\"ImageObject\",\"inLanguage\":\"cs\",\"@id\":\"https:\/\/rckopen.com\/product\/2-methyl-ap-237-20mg-pellets\/#primaryimage\",\"url\":\"https:\/\/rckopen.com\/wp-content\/uploads\/2023\/08\/2-METHYL-AP-237-20mg-pellets.jpg\",\"contentUrl\":\"https:\/\/rckopen.com\/wp-content\/uploads\/2023\/08\/2-METHYL-AP-237-20mg-pellets.jpg\",\"width\":600,\"height\":600,\"caption\":\"2-METHYL-AP-237 20mg pellets Online Kopen\"},{\"@type\":\"BreadcrumbList\",\"@id\":\"https:\/\/rckopen.com\/product\/2-methyl-ap-237-20mg-pellets\/#breadcrumb\",\"itemListElement\":[{\"@type\":\"ListItem\",\"position\":1,\"name\":\"Home\",\"item\":\"https:\/\/rckopen.com\/\"},{\"@type\":\"ListItem\",\"position\":2,\"name\":\"Shop\",\"item\":\"https:\/\/rckopen.com\/shop\/\"},{\"@type\":\"ListItem\",\"position\":3,\"name\":\"2-METHYL-AP-237 20mg pellets Online Kopen\"}]},{\"@type\":\"WebSite\",\"@id\":\"https:\/\/rckopen.com\/#website\",\"url\":\"https:\/\/rckopen.com\/\",\"name\":\"RC Kopen\",\"description\":\"Research Chemicals\",\"potentialAction\":[{\"@type\":\"SearchAction\",\"target\":{\"@type\":\"EntryPoint\",\"urlTemplate\":\"https:\/\/rckopen.com\/?s={search_term_string}\"},\"query-input\":{\"@type\":\"PropertyValueSpecification\",\"valueRequired\":true,\"valueName\":\"search_term_string\"}}],\"inLanguage\":\"cs\"}]}<\/script>\n<!-- \/ Yoast SEO plugin. -->","yoast_head_json":{"title":"2-methyl-AP-237-20MG-pellets online kopen | Rc Kopen","description":"2-methyl-ap-237-20 mg pellets online kopen, wij zijn de juiste keuze voor u. Onze medewerkers helpen u voordelig 2-methyl-ap-237-20mg pellets bestellen.","robots":{"index":"index","follow":"follow","max-snippet":"max-snippet:-1","max-image-preview":"max-image-preview:large","max-video-preview":"max-video-preview:-1"},"canonical":"https:\/\/rckopen.com\/cs\/produkt\/2-methyl-ap-237-20mg-pellets\/","og_locale":"cs_CZ","og_type":"article","og_title":"2-methyl-AP-237-20MG-pellets online kopen | Rc Kopen","og_description":"2-methyl-ap-237-20 mg pellets online kopen, wij zijn de juiste keuze voor u. Onze medewerkers helpen u voordelig 2-methyl-ap-237-20mg pellets bestellen.","og_url":"https:\/\/rckopen.com\/cs\/produkt\/2-methyl-ap-237-20mg-pellets\/","og_site_name":"RC Kopen","article_modified_time":"2026-03-07T13:18:13+00:00","og_image":[{"width":600,"height":600,"url":"https:\/\/rckopen.com\/wp-content\/uploads\/2023\/08\/2-METHYL-AP-237-20mg-pellets.jpg","type":"image\/jpeg"}],"twitter_card":"summary_large_image","twitter_misc":{"Odhadovan\u00e1 doba \u010dten\u00ed":"3 minuty"},"schema":{"@context":"https:\/\/schema.org","@graph":[{"@type":"WebPage","@id":"https:\/\/rckopen.com\/product\/2-methyl-ap-237-20mg-pellets\/","url":"https:\/\/rckopen.com\/product\/2-methyl-ap-237-20mg-pellets\/","name":"2-methyl-AP-237-20MG-pellets online kopen | Rc Kopen","isPartOf":{"@id":"https:\/\/rckopen.com\/#website"},"primaryImageOfPage":{"@id":"https:\/\/rckopen.com\/product\/2-methyl-ap-237-20mg-pellets\/#primaryimage"},"image":{"@id":"https:\/\/rckopen.com\/product\/2-methyl-ap-237-20mg-pellets\/#primaryimage"},"thumbnailUrl":"https:\/\/rckopen.com\/wp-content\/uploads\/2023\/08\/2-METHYL-AP-237-20mg-pellets.jpg","datePublished":"2023-08-16T09:47:54+00:00","dateModified":"2026-03-07T13:18:13+00:00","description":"2-methyl-ap-237-20 mg pellets online kopen, wij zijn de juiste keuze voor u. Onze medewerkers helpen u voordelig 2-methyl-ap-237-20mg pellets bestellen.","breadcrumb":{"@id":"https:\/\/rckopen.com\/product\/2-methyl-ap-237-20mg-pellets\/#breadcrumb"},"inLanguage":"cs","potentialAction":[{"@type":"ReadAction","target":["https:\/\/rckopen.com\/product\/2-methyl-ap-237-20mg-pellets\/"]}]},{"@type":"ImageObject","inLanguage":"cs","@id":"https:\/\/rckopen.com\/product\/2-methyl-ap-237-20mg-pellets\/#primaryimage","url":"https:\/\/rckopen.com\/wp-content\/uploads\/2023\/08\/2-METHYL-AP-237-20mg-pellets.jpg","contentUrl":"https:\/\/rckopen.com\/wp-content\/uploads\/2023\/08\/2-METHYL-AP-237-20mg-pellets.jpg","width":600,"height":600,"caption":"2-METHYL-AP-237 20mg pellets Online Kopen"},{"@type":"BreadcrumbList","@id":"https:\/\/rckopen.com\/product\/2-methyl-ap-237-20mg-pellets\/#breadcrumb","itemListElement":[{"@type":"ListItem","position":1,"name":"Home","item":"https:\/\/rckopen.com\/"},{"@type":"ListItem","position":2,"name":"Shop","item":"https:\/\/rckopen.com\/shop\/"},{"@type":"ListItem","position":3,"name":"2-METHYL-AP-237 20mg pellets Online Kopen"}]},{"@type":"WebSite","@id":"https:\/\/rckopen.com\/#website","url":"https:\/\/rckopen.com\/","name":"RC Kopen","description":"Research Chemicals","potentialAction":[{"@type":"SearchAction","target":{"@type":"EntryPoint","urlTemplate":"https:\/\/rckopen.com\/?s={search_term_string}"},"query-input":{"@type":"PropertyValueSpecification","valueRequired":true,"valueName":"search_term_string"}}],"inLanguage":"cs"}]}},"_links":{"self":[{"href":"https:\/\/rckopen.com\/cs\/wp-json\/wp\/v2\/product\/6590","targetHints":{"allow":["GET"]}}],"collection":[{"href":"https:\/\/rckopen.com\/cs\/wp-json\/wp\/v2\/product"}],"about":[{"href":"https:\/\/rckopen.com\/cs\/wp-json\/wp\/v2\/types\/product"}],"replies":[{"embeddable":true,"href":"https:\/\/rckopen.com\/cs\/wp-json\/wp\/v2\/comments?post=6590"}],"wp:featuredmedia":[{"embeddable":true,"href":"https:\/\/rckopen.com\/cs\/wp-json\/wp\/v2\/media\/6600"}],"wp:attachment":[{"href":"https:\/\/rckopen.com\/cs\/wp-json\/wp\/v2\/media?parent=6590"}],"wp:term":[{"taxonomy":"product_brand","embeddable":true,"href":"https:\/\/rckopen.com\/cs\/wp-json\/wp\/v2\/product_brand?post=6590"},{"taxonomy":"product_cat","embeddable":true,"href":"https:\/\/rckopen.com\/cs\/wp-json\/wp\/v2\/product_cat?post=6590"},{"taxonomy":"product_tag","embeddable":true,"href":"https:\/\/rckopen.com\/cs\/wp-json\/wp\/v2\/product_tag?post=6590"}],"curies":[{"name":"wp","href":"https:\/\/api.w.org\/{rel}","templated":true}]}}