{"id":6591,"date":"2023-08-16T10:00:47","date_gmt":"2023-08-16T10:00:47","guid":{"rendered":"https:\/\/diligentplug.com\/chems\/?post_type=product&#038;p=6591"},"modified":"2025-09-16T09:10:03","modified_gmt":"2025-09-16T09:10:03","slug":"mdphp-pellets-25mg","status":"publish","type":"product","link":"https:\/\/rckopen.com\/cs\/produkt\/mdphp-pelety-25-mg\/","title":{"rendered":"Kupte si MDPHP pelety 25mg online"},"content":{"rendered":"<h2>MDPHP-pellets 25 mg online kopen<br \/>\nPelety MDPHP: v\u00e1\u0161 dokonal\u00fd pr\u016fvodce n\u00e1kupem<\/h2>\n<p>Chcete koupit MDPHP pelety online? U\u017e nehledejte! Tato p\u0159\u00edru\u010dka obsahuje v\u0161echny pot\u0159ebn\u00e9 informace. N\u00e1\u0161 pr\u016fvodce n\u00e1kupem usnad\u0148uje orientaci ve sv\u011bt\u011b MDPHP pelet 25mg, a\u0165 u\u017e nakupujete poprv\u00e9 nebo jste zku\u0161en\u00fd u\u017eivatel.<\/p>\n<h3>MDPHP pelety 25 mg jsou typem chemick\u00e9 slou\u010deniny.<\/h3>\n<p>Pelety MDPHP, syntetick\u00fd stimulant pat\u0159\u00edc\u00ed do skupiny katinonov\u00fdch drog, se pou\u017e\u00edvaj\u00ed hlavn\u011b pro v\u00fdzkumn\u00e9 \u00fa\u010dely a lid\u00e9 by je nem\u011bli konzumovat. Tyto pelety maj\u00ed stimula\u010dn\u00ed vlastnosti a \u010dasto se pou\u017e\u00edvaj\u00ed v laborato\u0159\u00edch ke studiu jejich chemick\u00fdch vlastnost\u00ed.<\/p>\n<h3>Kde si mohu koupit MDPHP 25mg pelety online?<\/h3>\n<p>Chcete-li koupit MDPHP pelety 25 mg, je d\u016fle\u017eit\u00e9, abyste nakupovali ve spolehliv\u00e9m obchod\u011b, jako je RckOpen.com. Tento d\u016fv\u011bryhodn\u00fd online prodejce se specializuje na prodej vysoce kvalitn\u00edch v\u00fdzkumn\u00fdch chemik\u00e1li\u00ed v\u010detn\u011b MDPHP Pellets 25 mg. Nab\u00edzej\u00ed r\u016fzn\u00e9 produkty za konkurenceschopn\u00e9 ceny, d\u00edky \u010demu\u017e jsou preferovanou volbou pro v\u00fdzkumn\u00edky po cel\u00e9m sv\u011bt\u011b.<\/p>\n<h3>Objednejte si MDPHP pelety 25 mg bez l\u00e9ka\u0159sk\u00e9ho p\u0159edpisu.<\/h3>\n<p>Na RckOpen.com si m\u016f\u017eete snadno koupit MDPHP pelety 25 mg online bez l\u00e9ka\u0159sk\u00e9ho p\u0159edpisu. Jednodu\u0161e nav\u0161tivte jejich web, vyberte si produkt a bezpe\u010dn\u011b zapla\u0165te. Nab\u00edzej\u00ed tak\u00e9 diskr\u00e9tn\u00ed dopravu pro bezpe\u010dn\u00e9 a v\u010dasn\u00e9 doru\u010den\u00ed.<\/p>\n<h3>V\u00fdhody n\u00e1kupu MDPHP pelet 25mg online na RckOpen.com.<\/h3>\n<p>N\u00e1kup pelet MDPHP 25 mg leg\u00e1ln\u011b online na RckOpen.com m\u00e1 mnoho v\u00fdhod. Nab\u00edzej\u00ed snadn\u00e9 nakupov\u00e1n\u00ed, v\u00fdjime\u010dn\u00fd z\u00e1kaznick\u00fd servis a spolehlivou podporu. Jejich produkty poch\u00e1zej\u00ed od d\u016fv\u011bryhodn\u00fdch v\u00fdrobc\u016f a podl\u00e9haj\u00ed p\u0159\u00edsn\u00fdm kontrol\u00e1m kvality na \u010distotu a \u00fa\u010dinnost. RckOpen.com pravideln\u011b aktualizuje sv\u016fj invent\u00e1\u0159 o nov\u00e9 v\u00fdzkumn\u00e9 chemik\u00e1lie, kter\u00e9 poskytuj\u00ed pohodln\u00e9 \u0159e\u0161en\u00ed pro v\u0161echny va\u0161e laboratorn\u00ed pot\u0159eby.<\/p>\n<h3>Jednoduch\u00fd proces objedn\u00e1v\u00e1n\u00ed:<\/h3>\n<p>Na RckOpen.com je n\u00e1kup pelet MDPHP 25 mg hra\u010dkou. Sta\u010d\u00ed nav\u0161t\u00edvit na\u0161e webov\u00e9 str\u00e1nky, proj\u00edt si nab\u00eddku produkt\u016f a p\u0159idat po\u017eadovan\u00e9 polo\u017eky do ko\u0161\u00edku.<\/p>\n<h3>Nen\u00ed pot\u0159eba \u017e\u00e1dn\u00fd p\u0159edpis:<\/h3>\n<p>Zapome\u0148te na nep\u0159\u00edjemnosti spojen\u00e9 se z\u00edsk\u00e1n\u00edm l\u00e9ka\u0159sk\u00e9ho p\u0159edpisu. Na RckOpen.com si m\u016f\u017eete koupit MDPHP pelety 25 mg bez l\u00e9ka\u0159sk\u00e9ho p\u0159edpisu. Prioritou je pro n\u00e1s dostupnost a pohodl\u00ed na\u0161ich z\u00e1kazn\u00edk\u016f.<\/p>\n<p>RckOpen.com je ide\u00e1ln\u00edm m\u00edstem pro n\u00e1kup MDPHP pelet 25 mg. Nab\u00edz\u00ed \u0159adu produkt\u016f za konkurenceschopn\u00e9 ceny a poskytuje vynikaj\u00edc\u00ed z\u00e1kaznick\u00fd servis. Nev\u00e1hejte a nakupujte hned! Nav\u0161tivte RckOpen.com je\u0161t\u011b dnes a objevte jejich \u0161irokou nab\u00eddku prvot\u0159\u00eddn\u00edch pelet MDPHP 25mg. U\u017eijte si sv\u016fj v\u00fdzkum!<\/p>\n<p>P\u0159i pou\u017e\u00edv\u00e1n\u00ed v\u00fdzkumn\u00fdch chemik\u00e1li\u00ed v\u017edy dodr\u017eujte bezpe\u010dnostn\u00ed pokyny a pr\u00e1vn\u00ed p\u0159edpisy. M\u00e1te-li jak\u00e9koli dotazy nebo p\u0159ipom\u00ednky, obra\u0165te se na odborn\u00edky ze spole\u010dnosti RckOpen.com. P\u0159ejeme v\u00e1m p\u0159\u00edjemnou z\u00e1bavu p\u0159i v\u00fdzkumu!<\/p>","protected":false},"excerpt":{"rendered":"<p><strong>Forma: <\/strong>Pelety HCL<\/p>\n<p><strong>NMR anal\u00fdza: <\/strong>NEUPLAT\u0147UJE SE<\/p>","protected":false},"featured_media":6602,"comment_status":"open","ping_status":"closed","template":"","meta":{"_joinchat":[]},"product_brand":[],"product_cat":[144],"product_tag":[],"class_list":{"0":"post-6591","1":"product","2":"type-product","3":"status-publish","4":"has-post-thumbnail","6":"product_cat-pellets","8":"first","9":"instock","10":"shipping-taxable","11":"purchasable","12":"product-type-variable"},"yoast_head":"<!-- This site is optimized with the Yoast SEO plugin v26.3 - https:\/\/yoast.com\/wordpress\/plugins\/seo\/ -->\n<title>MDPHP-pellets 25 mg online kopen - MDPHP-pellets te koop<\/title>\n<meta name=\"description\" content=\"Op zoek naar hoogwaardige MDPHP-pellets 25 mg online kopen? RC kopen is een toonaangevende winkel waar u MDPHP Pellets 25mg te koop tegen de beste prijs. Bestel nu met discrete verzending!\" \/>\n<meta name=\"robots\" content=\"index, follow, max-snippet:-1, max-image-preview:large, max-video-preview:-1\" \/>\n<link rel=\"canonical\" href=\"https:\/\/rckopen.com\/cs\/produkt\/mdphp-pelety-25-mg\/\" \/>\n<meta property=\"og:locale\" content=\"cs_CZ\" \/>\n<meta property=\"og:type\" content=\"article\" \/>\n<meta property=\"og:title\" content=\"MDPHP-pellets 25 mg online kopen - MDPHP-pellets te koop\" \/>\n<meta property=\"og:description\" content=\"Op zoek naar hoogwaardige MDPHP-pellets 25 mg online kopen? RC kopen is een toonaangevende winkel waar u MDPHP Pellets 25mg te koop tegen de beste prijs. Bestel nu met discrete verzending!\" \/>\n<meta property=\"og:url\" content=\"https:\/\/rckopen.com\/cs\/produkt\/mdphp-pelety-25-mg\/\" \/>\n<meta property=\"og:site_name\" content=\"RC Kopen\" \/>\n<meta property=\"article:modified_time\" content=\"2025-09-16T09:10:03+00:00\" \/>\n<meta property=\"og:image\" content=\"https:\/\/rckopen.com\/wp-content\/uploads\/2023\/08\/MDPHP-pellets-25mg.jpg\" \/>\n\t<meta property=\"og:image:width\" content=\"600\" \/>\n\t<meta property=\"og:image:height\" content=\"600\" \/>\n\t<meta property=\"og:image:type\" content=\"image\/jpeg\" \/>\n<meta name=\"twitter:card\" content=\"summary_large_image\" \/>\n<meta name=\"twitter:label1\" content=\"Odhadovan\u00e1 doba \u010dten\u00ed\" \/>\n\t<meta name=\"twitter:data1\" content=\"3 minuty\" \/>\n<script type=\"application\/ld+json\" class=\"yoast-schema-graph\">{\"@context\":\"https:\/\/schema.org\",\"@graph\":[{\"@type\":\"WebPage\",\"@id\":\"https:\/\/rckopen.com\/product\/mdphp-pellets-25mg\/\",\"url\":\"https:\/\/rckopen.com\/product\/mdphp-pellets-25mg\/\",\"name\":\"MDPHP-pellets 25 mg online kopen - MDPHP-pellets te koop\",\"isPartOf\":{\"@id\":\"https:\/\/rckopen.com\/#website\"},\"primaryImageOfPage\":{\"@id\":\"https:\/\/rckopen.com\/product\/mdphp-pellets-25mg\/#primaryimage\"},\"image\":{\"@id\":\"https:\/\/rckopen.com\/product\/mdphp-pellets-25mg\/#primaryimage\"},\"thumbnailUrl\":\"https:\/\/rckopen.com\/wp-content\/uploads\/2023\/08\/MDPHP-pellets-25mg.jpg\",\"datePublished\":\"2023-08-16T10:00:47+00:00\",\"dateModified\":\"2025-09-16T09:10:03+00:00\",\"description\":\"Op zoek naar hoogwaardige MDPHP-pellets 25 mg online kopen? RC kopen is een toonaangevende winkel waar u MDPHP Pellets 25mg te koop tegen de beste prijs. Bestel nu met discrete verzending!\",\"breadcrumb\":{\"@id\":\"https:\/\/rckopen.com\/product\/mdphp-pellets-25mg\/#breadcrumb\"},\"inLanguage\":\"cs\",\"potentialAction\":[{\"@type\":\"ReadAction\",\"target\":[\"https:\/\/rckopen.com\/product\/mdphp-pellets-25mg\/\"]}]},{\"@type\":\"ImageObject\",\"inLanguage\":\"cs\",\"@id\":\"https:\/\/rckopen.com\/product\/mdphp-pellets-25mg\/#primaryimage\",\"url\":\"https:\/\/rckopen.com\/wp-content\/uploads\/2023\/08\/MDPHP-pellets-25mg.jpg\",\"contentUrl\":\"https:\/\/rckopen.com\/wp-content\/uploads\/2023\/08\/MDPHP-pellets-25mg.jpg\",\"width\":600,\"height\":600,\"caption\":\"MDPHP-pellets-25mg online kopen\"},{\"@type\":\"BreadcrumbList\",\"@id\":\"https:\/\/rckopen.com\/product\/mdphp-pellets-25mg\/#breadcrumb\",\"itemListElement\":[{\"@type\":\"ListItem\",\"position\":1,\"name\":\"Home\",\"item\":\"https:\/\/rckopen.com\/\"},{\"@type\":\"ListItem\",\"position\":2,\"name\":\"Shop\",\"item\":\"https:\/\/rckopen.com\/shop\/\"},{\"@type\":\"ListItem\",\"position\":3,\"name\":\"MDPHP pellets 25mg online kopen\"}]},{\"@type\":\"WebSite\",\"@id\":\"https:\/\/rckopen.com\/#website\",\"url\":\"https:\/\/rckopen.com\/\",\"name\":\"RC Kopen\",\"description\":\"Research Chemicals\",\"potentialAction\":[{\"@type\":\"SearchAction\",\"target\":{\"@type\":\"EntryPoint\",\"urlTemplate\":\"https:\/\/rckopen.com\/?s={search_term_string}\"},\"query-input\":{\"@type\":\"PropertyValueSpecification\",\"valueRequired\":true,\"valueName\":\"search_term_string\"}}],\"inLanguage\":\"cs\"}]}<\/script>\n<!-- \/ Yoast SEO plugin. -->","yoast_head_json":{"title":"MDPHP-pellets 25 mg online kopen - MDPHP-pellets te koop","description":"Op zoek naar hoogwaardige MDPHP-pellets 25 mg online kopen? RC kopen is een toonaangevende winkel waar u MDPHP Pellets 25mg te koop tegen de beste prijs. Bestel nu met discrete verzending!","robots":{"index":"index","follow":"follow","max-snippet":"max-snippet:-1","max-image-preview":"max-image-preview:large","max-video-preview":"max-video-preview:-1"},"canonical":"https:\/\/rckopen.com\/cs\/produkt\/mdphp-pelety-25-mg\/","og_locale":"cs_CZ","og_type":"article","og_title":"MDPHP-pellets 25 mg online kopen - MDPHP-pellets te koop","og_description":"Op zoek naar hoogwaardige MDPHP-pellets 25 mg online kopen? RC kopen is een toonaangevende winkel waar u MDPHP Pellets 25mg te koop tegen de beste prijs. Bestel nu met discrete verzending!","og_url":"https:\/\/rckopen.com\/cs\/produkt\/mdphp-pelety-25-mg\/","og_site_name":"RC Kopen","article_modified_time":"2025-09-16T09:10:03+00:00","og_image":[{"width":600,"height":600,"url":"https:\/\/rckopen.com\/wp-content\/uploads\/2023\/08\/MDPHP-pellets-25mg.jpg","type":"image\/jpeg"}],"twitter_card":"summary_large_image","twitter_misc":{"Odhadovan\u00e1 doba \u010dten\u00ed":"3 minuty"},"schema":{"@context":"https:\/\/schema.org","@graph":[{"@type":"WebPage","@id":"https:\/\/rckopen.com\/product\/mdphp-pellets-25mg\/","url":"https:\/\/rckopen.com\/product\/mdphp-pellets-25mg\/","name":"MDPHP-pellets 25 mg online kopen - MDPHP-pellets te koop","isPartOf":{"@id":"https:\/\/rckopen.com\/#website"},"primaryImageOfPage":{"@id":"https:\/\/rckopen.com\/product\/mdphp-pellets-25mg\/#primaryimage"},"image":{"@id":"https:\/\/rckopen.com\/product\/mdphp-pellets-25mg\/#primaryimage"},"thumbnailUrl":"https:\/\/rckopen.com\/wp-content\/uploads\/2023\/08\/MDPHP-pellets-25mg.jpg","datePublished":"2023-08-16T10:00:47+00:00","dateModified":"2025-09-16T09:10:03+00:00","description":"Op zoek naar hoogwaardige MDPHP-pellets 25 mg online kopen? RC kopen is een toonaangevende winkel waar u MDPHP Pellets 25mg te koop tegen de beste prijs. Bestel nu met discrete verzending!","breadcrumb":{"@id":"https:\/\/rckopen.com\/product\/mdphp-pellets-25mg\/#breadcrumb"},"inLanguage":"cs","potentialAction":[{"@type":"ReadAction","target":["https:\/\/rckopen.com\/product\/mdphp-pellets-25mg\/"]}]},{"@type":"ImageObject","inLanguage":"cs","@id":"https:\/\/rckopen.com\/product\/mdphp-pellets-25mg\/#primaryimage","url":"https:\/\/rckopen.com\/wp-content\/uploads\/2023\/08\/MDPHP-pellets-25mg.jpg","contentUrl":"https:\/\/rckopen.com\/wp-content\/uploads\/2023\/08\/MDPHP-pellets-25mg.jpg","width":600,"height":600,"caption":"MDPHP-pellets-25mg online kopen"},{"@type":"BreadcrumbList","@id":"https:\/\/rckopen.com\/product\/mdphp-pellets-25mg\/#breadcrumb","itemListElement":[{"@type":"ListItem","position":1,"name":"Home","item":"https:\/\/rckopen.com\/"},{"@type":"ListItem","position":2,"name":"Shop","item":"https:\/\/rckopen.com\/shop\/"},{"@type":"ListItem","position":3,"name":"MDPHP pellets 25mg online kopen"}]},{"@type":"WebSite","@id":"https:\/\/rckopen.com\/#website","url":"https:\/\/rckopen.com\/","name":"RC Kopen","description":"Research Chemicals","potentialAction":[{"@type":"SearchAction","target":{"@type":"EntryPoint","urlTemplate":"https:\/\/rckopen.com\/?s={search_term_string}"},"query-input":{"@type":"PropertyValueSpecification","valueRequired":true,"valueName":"search_term_string"}}],"inLanguage":"cs"}]}},"_links":{"self":[{"href":"https:\/\/rckopen.com\/cs\/wp-json\/wp\/v2\/product\/6591","targetHints":{"allow":["GET"]}}],"collection":[{"href":"https:\/\/rckopen.com\/cs\/wp-json\/wp\/v2\/product"}],"about":[{"href":"https:\/\/rckopen.com\/cs\/wp-json\/wp\/v2\/types\/product"}],"replies":[{"embeddable":true,"href":"https:\/\/rckopen.com\/cs\/wp-json\/wp\/v2\/comments?post=6591"}],"wp:featuredmedia":[{"embeddable":true,"href":"https:\/\/rckopen.com\/cs\/wp-json\/wp\/v2\/media\/6602"}],"wp:attachment":[{"href":"https:\/\/rckopen.com\/cs\/wp-json\/wp\/v2\/media?parent=6591"}],"wp:term":[{"taxonomy":"product_brand","embeddable":true,"href":"https:\/\/rckopen.com\/cs\/wp-json\/wp\/v2\/product_brand?post=6591"},{"taxonomy":"product_cat","embeddable":true,"href":"https:\/\/rckopen.com\/cs\/wp-json\/wp\/v2\/product_cat?post=6591"},{"taxonomy":"product_tag","embeddable":true,"href":"https:\/\/rckopen.com\/cs\/wp-json\/wp\/v2\/product_tag?post=6591"}],"curies":[{"name":"wp","href":"https:\/\/api.w.org\/{rel}","templated":true}]}}