{"id":6592,"date":"2023-08-16T10:04:26","date_gmt":"2023-08-16T10:04:26","guid":{"rendered":"https:\/\/diligentplug.com\/chems\/?post_type=product&#038;p=6592"},"modified":"2026-03-02T12:50:36","modified_gmt":"2026-03-02T12:50:36","slug":"2-fdck-pellets-50mg","status":"publish","type":"product","link":"https:\/\/rckopen.com\/cs\/produkt\/2-pelety-fdck-50mg\/","title":{"rendered":"Koupit 2-FDCK pelety 50 mg online"},"content":{"rendered":"<h2><b>Koop 2-FDCK Pellets 50mg Online \u2013 Premium Kwaliteit, Veilig &amp; Discreet<\/b><\/h2>\n<p><span style=\"font-weight: 400;\">Hled\u00e1\u0161 <\/span><a href=\"https:\/\/rckopen.com\/cs\/produkt\/2-pelety-fdck-50mg\/\"><b>Koupit 2-FDCK pelety 50 mg online<\/b><\/a><span style=\"font-weight: 400;\">Na\u0161e vysoce kvalitn\u00ed pelety 2-fluorodeschlorketaminu (2-FDCK) nab\u00edzej\u00ed pohodln\u00fd, spolehliv\u00fd a diskr\u00e9tn\u00ed zp\u016fsob, jak si vyzkou\u0161et tuto obl\u00edbenou disociativn\u00ed l\u00e1tku. Tyto 50mg pelety, navr\u017een\u00e9 pro snadn\u00e9 pou\u017eit\u00ed a p\u0159esn\u00e9 d\u00e1vkov\u00e1n\u00ed, poskytuj\u00ed hladk\u00fd a kontrolovan\u00fd z\u00e1\u017eitek, ide\u00e1ln\u00ed pro za\u010d\u00e1te\u010dn\u00edky i zku\u0161en\u00e9 u\u017eivatele.<\/span><\/p>\n<h3><b>Co je 2-FDCK?<\/b><\/h3>\n<p><span style=\"font-weight: 400;\">2-FDCK je syntetick\u00e1 disociativn\u00ed slou\u010denina bl\u00edzce p\u0159\u00edbuzn\u00e1 ketaminu. Je zn\u00e1m\u00e1 sv\u00fdmi jedine\u010dn\u00fdmi \u00fa\u010dinky, v\u010detn\u011b m\u00edrn\u00e9 sedace, zm\u011bn\u011bn\u00e9ho smyslov\u00e9ho vn\u00edm\u00e1n\u00ed a du\u0161evn\u00ed jasnosti. D\u00edky 50mg pelet\u00e1m se snadno a p\u0159esn\u011b pou\u017e\u00edv\u00e1.<\/span><\/p>\n<h3><b>V\u00fdhody peletov\u00e9 formy a d\u00e1vkov\u00e1n\u00ed 50 mg<\/b><\/h3>\n<p><span style=\"font-weight: 400;\">Na rozd\u00edl od pr\u00e1\u0161k\u016f nebo tekutin nab\u00edzej\u00ed pelety p\u0159edem odm\u011b\u0159en\u00e9 d\u00e1vky pro spolehliv\u00e9 a bezprobl\u00e9mov\u00e9 pou\u017eit\u00ed. S\u00edla 50 mg je ide\u00e1ln\u00ed pro u\u017eivatele, kte\u0159\u00ed hledaj\u00ed st\u0159edn\u011b siln\u00fd z\u00e1\u017eitek bez pot\u00ed\u017e\u00ed s odm\u011b\u0159ov\u00e1n\u00edm. Pelety se snadno skladuj\u00ed, p\u0159epravuj\u00ed a pod\u00e1vaj\u00ed, co\u017e je \u010din\u00ed obl\u00edben\u00fdmi jak u za\u010d\u00e1te\u010dn\u00edk\u016f, tak u zku\u0161en\u00fdch u\u017eivatel\u016f.<\/span><\/p>\n<h3><b>Pro\u010d nakupovat pelety 2-FDCK online?<\/b><\/h3>\n<h4><b>Pohodl\u00ed online nakupov\u00e1n\u00ed<\/b><\/h4>\n<p><span style=\"font-weight: 400;\">Online objedn\u00e1v\u00e1n\u00ed umo\u017e\u0148uje rychl\u00fd a snadn\u00fd p\u0159\u00edstup k <a href=\"https:\/\/en.wikipedia.org\/wiki\/2-Fluorodeschloroketamine\">2-FDCK pellets<\/a>ani\u017e byste opustili domov. Porovnejte v\u00edce prodejc\u016f a cen a vyberte si mno\u017estv\u00ed, kter\u00e9 nejl\u00e9pe vyhovuje va\u0161im pot\u0159eb\u00e1m.<\/span><\/p>\n<h4><b>P\u0159\u00edstup k r\u016fzn\u00fdm mo\u017enostem a cen\u00e1m prodejc\u016f<\/b><\/h4>\n<p><span style=\"font-weight: 400;\">Online tr\u017ei\u0161t\u011b nab\u00edz\u00ed r\u016fzn\u00e9 mo\u017enosti, tak\u017ee si m\u016f\u017eete naj\u00edt nejlep\u0161\u00ed nab\u00eddky na 2-FDCK pelety 50 mg. A\u0165 u\u017e chcete jednu peletu nebo v\u011bt\u0161\u00ed mno\u017estv\u00ed, v\u017edy existuje vhodn\u00e1 mo\u017enost.<\/span><\/p>\n<h3><b>Pr\u00e1vn\u00ed aspekty<\/b><\/h3>\n<h4><b>Aktu\u00e1ln\u00ed pr\u00e1vn\u00ed status 2-FDCK<\/b><\/h4>\n<p><span style=\"font-weight: 400;\">Pr\u00e1vn\u00ed status 2-FDCK se v jednotliv\u00fdch zem\u00edch li\u0161\u00ed. N\u011bkter\u00e9 zem\u011b jej reguluj\u00ed nebo zakazuj\u00ed, zat\u00edmco jin\u00e9 jej povoluj\u00ed pro v\u00fdzkum nebo osobn\u00ed pou\u017eit\u00ed. P\u0159ed n\u00e1kupem si v\u017edy ov\u011b\u0159te m\u00edstn\u00ed p\u0159edpisy.<\/span><\/p>\n<h4><b>D\u016fle\u017eitost kontroly m\u00edstn\u00edch z\u00e1kon\u016f<\/b><\/h4>\n<p><span style=\"font-weight: 400;\">Dodr\u017eov\u00e1n\u00edm z\u00e1kona se vyhnete pr\u00e1vn\u00edm probl\u00e9m\u016fm a podpo\u0159\u00edte zodpov\u011bdn\u00e9 u\u017e\u00edv\u00e1n\u00ed.<\/span><\/p>\n<h3><b>Zaji\u0161t\u011bn\u00ed \u010distoty a kvality<\/b><\/h3>\n<h4><b>D\u016fle\u017eitost laboratorn\u00edch test\u016f a certifik\u00e1t\u016f<\/b><\/h4>\n<p><span style=\"font-weight: 400;\">Kupujte pouze pelety 2-FDCK s v\u00fdsledky nez\u00e1visl\u00fdch test\u016f, kter\u00e9 zaru\u010duj\u00ed \u010distotu a absenci \u0161kodliv\u00fdch l\u00e1tek.<\/span><\/p>\n<h4><b>Co o\u010dek\u00e1v\u00e1te od vysoce kvalitn\u00edch pelet 2-FDCK?<\/b><\/h4>\n<p><span style=\"font-weight: 400;\">Pr\u00e9miov\u00e9 pelety maj\u00ed jednotn\u00fd vzhled, jsou bez z\u00e1pachu a spolehliv\u011b se rozpou\u0161t\u011bj\u00ed. Vysok\u00e1 \u010distota zaji\u0161\u0165uje bezpe\u010dn\u00e9 a p\u0159edv\u00eddateln\u00e9 \u00fa\u010dinky.<\/span><\/p>\n<h2><b>Veilige Betaling en Privacy<\/b><\/h2>\n<h3><b>Doporu\u010den\u00e9 platebn\u00ed metody<\/b><\/h3>\n<p><span style=\"font-weight: 400;\">Pro ochranu sv\u00fdch dat pou\u017e\u00edvejte bezpe\u010dn\u00e9 platebn\u00ed metody, jako jsou kryptom\u011bny, kreditn\u00ed karty nebo spolehliv\u00e9 online platebn\u00ed platformy.<\/span><\/p>\n<h3><b>Ochrana va\u0161ich osobn\u00edch \u00fadaj\u016f<\/b><\/h3>\n<p><span style=\"font-weight: 400;\">Vyberte si prodejce s p\u0159\u00edsn\u00fdmi z\u00e1sadami ochrany osobn\u00edch \u00fadaj\u016f a zabezpe\u010den\u00fdmi webov\u00fdmi str\u00e1nkami pro maxim\u00e1ln\u00ed diskr\u00e9tnost.<\/span><\/p>\n<h2><b>Doprava, balen\u00ed a doru\u010den\u00ed<\/b><\/h2>\n<h3><b>Diskr\u00e9tn\u00ed metody balen\u00ed<\/b><\/h3>\n<p><span style=\"font-weight: 400;\">D\u016fv\u011bryhodn\u00ed prodejci zas\u00edlaj\u00ed pelety 2-FDCK v diskr\u00e9tn\u00edm a bezpe\u010dn\u00e9m balen\u00ed, kter\u00e9 zaji\u0161\u0165uje va\u0161e soukrom\u00ed.<\/span><\/p>\n<h3><b>Odhadovan\u00e9 dodac\u00ed lh\u016fty a sledov\u00e1n\u00ed<\/b><\/h3>\n<p><span style=\"font-weight: 400;\">Dob\u0159\u00ed prodejci nab\u00edzej\u00ed mo\u017enosti sledov\u00e1n\u00ed a realistick\u00e9 dodac\u00ed lh\u016fty, abyste si mohli udr\u017eet p\u0159ehled o sv\u00e9 objedn\u00e1vce.<\/span><\/p>\n<h2><b>Conclusie en Laatste Advies<\/b><\/h2>\n<p><span style=\"font-weight: 400;\">Chcete <\/span><a href=\"https:\/\/rckopen.com\/cs\/\"><b>2-FDCK pelety 50mg k objedn\u00e1n\u00ed online<\/b><\/a><span style=\"font-weight: 400;\"> s d\u016fv\u011brou? Vyberte si spolehliv\u00e9ho prodejce, kter\u00fd dod\u00e1v\u00e1 laboratorn\u011b testovan\u00e9, \u010dist\u00e9 pelety za <\/span><b>\u5ec9\u4ef7 2-FDCK \u9897\u7c92 50mg \u4ef7\u683c<\/b><span style=\"font-weight: 400;\">. Wij zijn de <\/span><b>nejlep\u0161\u00ed m\u00edsto pro n\u00e1kup 2-FDCK pelet 50 mg<\/b><span style=\"font-weight: 400;\">, se zaru\u010denou kvalitou, diskr\u00e9tnost\u00ed a vynikaj\u00edc\u00edm z\u00e1kaznick\u00fdm servisem.<\/span><\/p>","protected":false},"excerpt":{"rendered":"<p><strong>NMR anal\u00fdza: <\/strong>NEUPLAT\u0147UJE SE<\/p>","protected":false},"featured_media":6603,"comment_status":"open","ping_status":"closed","template":"","meta":{"_joinchat":[]},"product_brand":[],"product_cat":[144],"product_tag":[],"class_list":{"0":"post-6592","1":"product","2":"type-product","3":"status-publish","4":"has-post-thumbnail","6":"product_cat-pellets","8":"first","9":"instock","10":"shipping-taxable","11":"purchasable","12":"product-type-variable"},"yoast_head":"<!-- This site is optimized with the Yoast SEO plugin v26.3 - https:\/\/yoast.com\/wordpress\/plugins\/seo\/ -->\n<title>2-FDCK-Pellets-50MG online kopen - 2-FDCK-Pellets te koop<\/title>\n<meta name=\"description\" content=\"U kunt 2-fdck-pellets-50mg online kopen tegen de beste prijzen in onze online Rc kopen-winkel. Wij hebben goedkope en hoogwaardige 2-fdck-pellets 50 mg te koop en bieden wereldwijde levering. U kunt overal en altijd bestellen.\" \/>\n<meta name=\"robots\" content=\"index, follow, max-snippet:-1, max-image-preview:large, max-video-preview:-1\" \/>\n<link rel=\"canonical\" href=\"https:\/\/rckopen.com\/cs\/produkt\/2-pelety-fdck-50mg\/\" \/>\n<meta property=\"og:locale\" content=\"cs_CZ\" \/>\n<meta property=\"og:type\" content=\"article\" \/>\n<meta property=\"og:title\" content=\"2-FDCK-Pellets-50MG online kopen - 2-FDCK-Pellets te koop\" \/>\n<meta property=\"og:description\" content=\"U kunt 2-fdck-pellets-50mg online kopen tegen de beste prijzen in onze online Rc kopen-winkel. Wij hebben goedkope en hoogwaardige 2-fdck-pellets 50 mg te koop en bieden wereldwijde levering. U kunt overal en altijd bestellen.\" \/>\n<meta property=\"og:url\" content=\"https:\/\/rckopen.com\/cs\/produkt\/2-pelety-fdck-50mg\/\" \/>\n<meta property=\"og:site_name\" content=\"RC Kopen\" \/>\n<meta property=\"article:modified_time\" content=\"2026-03-02T12:50:36+00:00\" \/>\n<meta property=\"og:image\" content=\"https:\/\/rckopen.com\/wp-content\/uploads\/2023\/08\/2-FDCK-pellets-50mg.jpg\" \/>\n\t<meta property=\"og:image:width\" content=\"600\" \/>\n\t<meta property=\"og:image:height\" content=\"600\" \/>\n\t<meta property=\"og:image:type\" content=\"image\/jpeg\" \/>\n<meta name=\"twitter:card\" content=\"summary_large_image\" \/>\n<meta name=\"twitter:label1\" content=\"Odhadovan\u00e1 doba \u010dten\u00ed\" \/>\n\t<meta name=\"twitter:data1\" content=\"3 minuty\" \/>\n<script type=\"application\/ld+json\" class=\"yoast-schema-graph\">{\"@context\":\"https:\/\/schema.org\",\"@graph\":[{\"@type\":\"WebPage\",\"@id\":\"https:\/\/rckopen.com\/product\/2-fdck-pellets-50mg\/\",\"url\":\"https:\/\/rckopen.com\/product\/2-fdck-pellets-50mg\/\",\"name\":\"2-FDCK-Pellets-50MG online kopen - 2-FDCK-Pellets te koop\",\"isPartOf\":{\"@id\":\"https:\/\/rckopen.com\/#website\"},\"primaryImageOfPage\":{\"@id\":\"https:\/\/rckopen.com\/product\/2-fdck-pellets-50mg\/#primaryimage\"},\"image\":{\"@id\":\"https:\/\/rckopen.com\/product\/2-fdck-pellets-50mg\/#primaryimage\"},\"thumbnailUrl\":\"https:\/\/rckopen.com\/wp-content\/uploads\/2023\/08\/2-FDCK-pellets-50mg.jpg\",\"datePublished\":\"2023-08-16T10:04:26+00:00\",\"dateModified\":\"2026-03-02T12:50:36+00:00\",\"description\":\"U kunt 2-fdck-pellets-50mg online kopen tegen de beste prijzen in onze online Rc kopen-winkel. Wij hebben goedkope en hoogwaardige 2-fdck-pellets 50 mg te koop en bieden wereldwijde levering. U kunt overal en altijd bestellen.\",\"breadcrumb\":{\"@id\":\"https:\/\/rckopen.com\/product\/2-fdck-pellets-50mg\/#breadcrumb\"},\"inLanguage\":\"cs\",\"potentialAction\":[{\"@type\":\"ReadAction\",\"target\":[\"https:\/\/rckopen.com\/product\/2-fdck-pellets-50mg\/\"]}]},{\"@type\":\"ImageObject\",\"inLanguage\":\"cs\",\"@id\":\"https:\/\/rckopen.com\/product\/2-fdck-pellets-50mg\/#primaryimage\",\"url\":\"https:\/\/rckopen.com\/wp-content\/uploads\/2023\/08\/2-FDCK-pellets-50mg.jpg\",\"contentUrl\":\"https:\/\/rckopen.com\/wp-content\/uploads\/2023\/08\/2-FDCK-pellets-50mg.jpg\",\"width\":600,\"height\":600,\"caption\":\"2-FDCK pellets 50mg Online Kopen\"},{\"@type\":\"BreadcrumbList\",\"@id\":\"https:\/\/rckopen.com\/product\/2-fdck-pellets-50mg\/#breadcrumb\",\"itemListElement\":[{\"@type\":\"ListItem\",\"position\":1,\"name\":\"Home\",\"item\":\"https:\/\/rckopen.com\/\"},{\"@type\":\"ListItem\",\"position\":2,\"name\":\"Shop\",\"item\":\"https:\/\/rckopen.com\/shop\/\"},{\"@type\":\"ListItem\",\"position\":3,\"name\":\"2-FDCK pellets 50mg Online Kopen\"}]},{\"@type\":\"WebSite\",\"@id\":\"https:\/\/rckopen.com\/#website\",\"url\":\"https:\/\/rckopen.com\/\",\"name\":\"RC Kopen\",\"description\":\"Research Chemicals\",\"potentialAction\":[{\"@type\":\"SearchAction\",\"target\":{\"@type\":\"EntryPoint\",\"urlTemplate\":\"https:\/\/rckopen.com\/?s={search_term_string}\"},\"query-input\":{\"@type\":\"PropertyValueSpecification\",\"valueRequired\":true,\"valueName\":\"search_term_string\"}}],\"inLanguage\":\"cs\"}]}<\/script>\n<!-- \/ Yoast SEO plugin. -->","yoast_head_json":{"title":"2-FDCK-Pellets-50MG online kopen - 2-FDCK-Pellets te koop","description":"U kunt 2-fdck-pellets-50mg online kopen tegen de beste prijzen in onze online Rc kopen-winkel. Wij hebben goedkope en hoogwaardige 2-fdck-pellets 50 mg te koop en bieden wereldwijde levering. U kunt overal en altijd bestellen.","robots":{"index":"index","follow":"follow","max-snippet":"max-snippet:-1","max-image-preview":"max-image-preview:large","max-video-preview":"max-video-preview:-1"},"canonical":"https:\/\/rckopen.com\/cs\/produkt\/2-pelety-fdck-50mg\/","og_locale":"cs_CZ","og_type":"article","og_title":"2-FDCK-Pellets-50MG online kopen - 2-FDCK-Pellets te koop","og_description":"U kunt 2-fdck-pellets-50mg online kopen tegen de beste prijzen in onze online Rc kopen-winkel. Wij hebben goedkope en hoogwaardige 2-fdck-pellets 50 mg te koop en bieden wereldwijde levering. U kunt overal en altijd bestellen.","og_url":"https:\/\/rckopen.com\/cs\/produkt\/2-pelety-fdck-50mg\/","og_site_name":"RC Kopen","article_modified_time":"2026-03-02T12:50:36+00:00","og_image":[{"width":600,"height":600,"url":"https:\/\/rckopen.com\/wp-content\/uploads\/2023\/08\/2-FDCK-pellets-50mg.jpg","type":"image\/jpeg"}],"twitter_card":"summary_large_image","twitter_misc":{"Odhadovan\u00e1 doba \u010dten\u00ed":"3 minuty"},"schema":{"@context":"https:\/\/schema.org","@graph":[{"@type":"WebPage","@id":"https:\/\/rckopen.com\/product\/2-fdck-pellets-50mg\/","url":"https:\/\/rckopen.com\/product\/2-fdck-pellets-50mg\/","name":"2-FDCK-Pellets-50MG online kopen - 2-FDCK-Pellets te koop","isPartOf":{"@id":"https:\/\/rckopen.com\/#website"},"primaryImageOfPage":{"@id":"https:\/\/rckopen.com\/product\/2-fdck-pellets-50mg\/#primaryimage"},"image":{"@id":"https:\/\/rckopen.com\/product\/2-fdck-pellets-50mg\/#primaryimage"},"thumbnailUrl":"https:\/\/rckopen.com\/wp-content\/uploads\/2023\/08\/2-FDCK-pellets-50mg.jpg","datePublished":"2023-08-16T10:04:26+00:00","dateModified":"2026-03-02T12:50:36+00:00","description":"U kunt 2-fdck-pellets-50mg online kopen tegen de beste prijzen in onze online Rc kopen-winkel. Wij hebben goedkope en hoogwaardige 2-fdck-pellets 50 mg te koop en bieden wereldwijde levering. U kunt overal en altijd bestellen.","breadcrumb":{"@id":"https:\/\/rckopen.com\/product\/2-fdck-pellets-50mg\/#breadcrumb"},"inLanguage":"cs","potentialAction":[{"@type":"ReadAction","target":["https:\/\/rckopen.com\/product\/2-fdck-pellets-50mg\/"]}]},{"@type":"ImageObject","inLanguage":"cs","@id":"https:\/\/rckopen.com\/product\/2-fdck-pellets-50mg\/#primaryimage","url":"https:\/\/rckopen.com\/wp-content\/uploads\/2023\/08\/2-FDCK-pellets-50mg.jpg","contentUrl":"https:\/\/rckopen.com\/wp-content\/uploads\/2023\/08\/2-FDCK-pellets-50mg.jpg","width":600,"height":600,"caption":"2-FDCK pellets 50mg Online Kopen"},{"@type":"BreadcrumbList","@id":"https:\/\/rckopen.com\/product\/2-fdck-pellets-50mg\/#breadcrumb","itemListElement":[{"@type":"ListItem","position":1,"name":"Home","item":"https:\/\/rckopen.com\/"},{"@type":"ListItem","position":2,"name":"Shop","item":"https:\/\/rckopen.com\/shop\/"},{"@type":"ListItem","position":3,"name":"2-FDCK pellets 50mg Online Kopen"}]},{"@type":"WebSite","@id":"https:\/\/rckopen.com\/#website","url":"https:\/\/rckopen.com\/","name":"RC Kopen","description":"Research Chemicals","potentialAction":[{"@type":"SearchAction","target":{"@type":"EntryPoint","urlTemplate":"https:\/\/rckopen.com\/?s={search_term_string}"},"query-input":{"@type":"PropertyValueSpecification","valueRequired":true,"valueName":"search_term_string"}}],"inLanguage":"cs"}]}},"_links":{"self":[{"href":"https:\/\/rckopen.com\/cs\/wp-json\/wp\/v2\/product\/6592","targetHints":{"allow":["GET"]}}],"collection":[{"href":"https:\/\/rckopen.com\/cs\/wp-json\/wp\/v2\/product"}],"about":[{"href":"https:\/\/rckopen.com\/cs\/wp-json\/wp\/v2\/types\/product"}],"replies":[{"embeddable":true,"href":"https:\/\/rckopen.com\/cs\/wp-json\/wp\/v2\/comments?post=6592"}],"wp:featuredmedia":[{"embeddable":true,"href":"https:\/\/rckopen.com\/cs\/wp-json\/wp\/v2\/media\/6603"}],"wp:attachment":[{"href":"https:\/\/rckopen.com\/cs\/wp-json\/wp\/v2\/media?parent=6592"}],"wp:term":[{"taxonomy":"product_brand","embeddable":true,"href":"https:\/\/rckopen.com\/cs\/wp-json\/wp\/v2\/product_brand?post=6592"},{"taxonomy":"product_cat","embeddable":true,"href":"https:\/\/rckopen.com\/cs\/wp-json\/wp\/v2\/product_cat?post=6592"},{"taxonomy":"product_tag","embeddable":true,"href":"https:\/\/rckopen.com\/cs\/wp-json\/wp\/v2\/product_tag?post=6592"}],"curies":[{"name":"wp","href":"https:\/\/api.w.org\/{rel}","templated":true}]}}