{"id":6593,"date":"2023-08-16T10:05:49","date_gmt":"2023-08-16T10:05:49","guid":{"rendered":"https:\/\/diligentplug.com\/chems\/?post_type=product&#038;p=6593"},"modified":"2025-09-16T09:10:12","modified_gmt":"2025-09-16T09:10:12","slug":"norflurazepam-pellets-5mg","status":"publish","type":"product","link":"https:\/\/rckopen.com\/cs\/produkt\/norflurazepam-pelety-5mg\/","title":{"rendered":"Koupit Norflurazepam pelety 5 mg online"},"content":{"rendered":"<h2>Norflurazepam-pellets 5 mg online kopen<br \/>\nWaarom rckopen.com uw favoriete bron is voor Norflurazepam-pellets 5 mg online kopen<\/h2>\n<p>Chcete si koupit Norflurazepam pellets 5 mg online? Nehledejte nic jin\u00e9ho ne\u017e rckopen.com! N\u00e1\u0161 internetov\u00fd obchod je kone\u010dn\u00fdm c\u00edlem pro lidi, kte\u0159\u00ed cht\u011bj\u00ed vysoce kvalitn\u00ed Norflurazepam pelety 5 mg na prodej. Sta\u010d\u00ed zjistit, pro\u010d by m\u011bl b\u00fdt rckopen.com va\u0161\u00ed preferovanou volbou, pokud jde o n\u00e1kup Norflurazepam pelety 5 mg.<\/p>\n<h3>Pohodln\u00fd proces objedn\u00e1v\u00e1n\u00ed<\/h3>\n<p>Na rckopen.com jsme pro v\u00e1s p\u0159ipravili jednoduch\u00fd a snadn\u00fd proces n\u00e1kupu p\u0159\u00edpravku Norflurazepam pelety 5 mg. Sta\u010d\u00ed n\u011bkolik kliknut\u00ed a m\u016f\u017eete si objednat Norflurazepam pelety 5 mg, kter\u00fd chcete, ani\u017e byste pot\u0159ebovali l\u00e9ka\u0159sk\u00fd p\u0159edpis. Na\u0161e u\u017eivatelsky p\u0159\u00edv\u011btiv\u00e9 webov\u00e9 str\u00e1nky umo\u017e\u0148uj\u00ed snadnou navigaci a nalezen\u00ed p\u0159esn\u011b toho, co hled\u00e1te.<\/p>\n<h3>Vysoce kvalitn\u00ed v\u00fdrobky<\/h3>\n<p>Kdy\u017e si koup\u00edte pelety Norflurazepam 5 mg od rckopen.com, m\u016f\u017eete si b\u00fdt jisti, \u017ee z\u00edsk\u00e1v\u00e1te produkty nejvy\u0161\u0161\u00ed kvality dostupn\u00e9 na trhu. Na\u0161e pelety Norflurazepam 5 mg nakupujeme online od renomovan\u00fdch v\u00fdrobc\u016f, abychom zajistili, \u017ee obdr\u017e\u00edte bezpe\u010dn\u00fd a \u00fa\u010dinn\u00fd produkt.<\/p>\n<h3>Konkuren\u010dn\u00ed ceny<\/h3>\n<p>Na rckopen.com v\u011b\u0159\u00edme, \u017ee ka\u017ed\u00fd by m\u011bl m\u00edt p\u0159\u00edstup k cenov\u011b dostupn\u00e9mu Norflurazepam pellets 5 mg. Proto nab\u00edz\u00edme konkurenceschopn\u00e9 ceny v\u0161ech na\u0161ich produkt\u016f. Norflurazepam pelety 5 mg si m\u016f\u017eete objednat bez l\u00e9ka\u0159sk\u00e9ho p\u0159edpisu za dostupnou cenu.<\/p>\n<h3>Bezpe\u010dn\u00e9 odhl\u00e1\u0161en\u00ed<\/h3>\n<p>Va\u0161e bezpe\u010dnost a zabezpe\u010den\u00ed jsou na rckopen.com na\u0161\u00ed nejvy\u0161\u0161\u00ed prioritou. Kdy\u017e si u n\u00e1s koup\u00edte Norflurazepam pelety 5 mg, m\u016f\u017eete se spolehnout, \u017ee va\u0161e osobn\u00ed \u00fadaje jsou v bezpe\u010d\u00ed. N\u00e1\u0161 pokladn\u00ed proces je \u0161ifrov\u00e1n, abychom ochr\u00e1nili va\u0161e \u00fadaje p\u0159ed potenci\u00e1ln\u00edmi hrozbami.<\/p>\n<h3>Rychl\u00e1 a diskr\u00e9tn\u00ed p\u0159eprava<\/h3>\n<p>Ch\u00e1peme, \u017ee kdy\u017e si objedn\u00e1v\u00e1te Norflurazepam pelety 5 mg online, chcete, aby va\u0161e z\u00e1silka dorazila rychle a diskr\u00e9tn\u011b. Proto nab\u00edz\u00edme rychlou a diskr\u00e9tn\u00ed dopravu v\u0161ech objedn\u00e1vek. Va\u0161e objedn\u00e1vka Norflurazepam pelety 5 mg bude doru\u010dena k V\u00e1m dom\u016f v kr\u00e1tk\u00e9m \u010dase, ani\u017e by kdokoli v\u011bd\u011bl, co je uvnit\u0159.<\/p>\n<h3>Z\u00e1ruka spokojenosti z\u00e1kazn\u00edk\u016f<\/h3>\n<p>Na rckopen.com se sna\u017e\u00edme zajistit spokojenost z\u00e1kazn\u00edk\u016f p\u0159i ka\u017ed\u00e9m n\u00e1kupu. Pokud z jak\u00e9hokoli d\u016fvodu nebudete s objedn\u00e1vkou Norflurazepam pelety 5 mg zcela spokojeni, nab\u00edz\u00edme z\u00e1ruku vr\u00e1cen\u00ed pen\u011bz. Va\u0161e spokojenost je pro n\u00e1s prioritou.<\/p>\n<h3>Nakupujte na rckopen.com je\u0161t\u011b dnes!<\/h3>\n<p>Neztr\u00e1cejte \u010das hled\u00e1n\u00edm Norflurazepam pelety 5 mg jinde. rckopen.com je va\u0161e jedin\u00e9 m\u00edsto pro v\u0161echny va\u0161e pot\u0159eby. D\u00edky na\u0161emu pohodln\u00e9mu procesu objedn\u00e1v\u00e1n\u00ed, vysoce kvalitn\u00edm produkt\u016fm, konkurenceschopn\u00fdm cen\u00e1m, bezpe\u010dn\u00e9 pokladn\u011b, rychl\u00e9 p\u0159eprav\u011b a z\u00e1ruce spokojenosti z\u00e1kazn\u00edk\u016f nen\u00ed d\u016fvod hledat jinde.<br \/>\nTak pro\u010d \u010dekat? Nav\u0161tivte rckopen.com je\u0161t\u011b dnes a kupte si Norflurazepam pellets 5 mg s d\u016fv\u011brou!<\/p>","protected":false},"excerpt":{"rendered":"<p><strong>NMR anal\u00fdza: <\/strong>NEUPLAT\u0147UJE SE<\/p>","protected":false},"featured_media":6604,"comment_status":"open","ping_status":"closed","template":"","meta":{"_joinchat":[]},"product_brand":[],"product_cat":[144],"product_tag":[],"class_list":{"0":"post-6593","1":"product","2":"type-product","3":"status-publish","4":"has-post-thumbnail","6":"product_cat-pellets","8":"first","9":"instock","10":"shipping-taxable","11":"purchasable","12":"product-type-variable"},"yoast_head":"<!-- This site is optimized with the Yoast SEO plugin v26.3 - https:\/\/yoast.com\/wordpress\/plugins\/seo\/ -->\n<title>Norflurazepam-pellets 5 mg online kopen | RC Kopen<\/title>\n<meta name=\"description\" content=\"Het is de beste tijd om onze Rckopen-winkel te bezoeken en Norflurazepam Pellets 5 mg online te kopen. We hebben Norflurazepam-pellets 5 mg hier te koop. Ontmoet ons online en plaats vandaag nog uw bestelling.\" \/>\n<meta name=\"robots\" content=\"index, follow, max-snippet:-1, max-image-preview:large, max-video-preview:-1\" \/>\n<link rel=\"canonical\" href=\"https:\/\/rckopen.com\/cs\/produkt\/norflurazepam-pelety-5mg\/\" \/>\n<meta property=\"og:locale\" content=\"cs_CZ\" \/>\n<meta property=\"og:type\" content=\"article\" \/>\n<meta property=\"og:title\" content=\"Norflurazepam-pellets 5 mg online kopen | RC Kopen\" \/>\n<meta property=\"og:description\" content=\"Het is de beste tijd om onze Rckopen-winkel te bezoeken en Norflurazepam Pellets 5 mg online te kopen. We hebben Norflurazepam-pellets 5 mg hier te koop. Ontmoet ons online en plaats vandaag nog uw bestelling.\" \/>\n<meta property=\"og:url\" content=\"https:\/\/rckopen.com\/cs\/produkt\/norflurazepam-pelety-5mg\/\" \/>\n<meta property=\"og:site_name\" content=\"RC Kopen\" \/>\n<meta property=\"article:modified_time\" content=\"2025-09-16T09:10:12+00:00\" \/>\n<meta property=\"og:image\" content=\"https:\/\/rckopen.com\/wp-content\/uploads\/2023\/08\/Norflurazepam-pellets-5mg.jpg\" \/>\n\t<meta property=\"og:image:width\" content=\"600\" \/>\n\t<meta property=\"og:image:height\" content=\"600\" \/>\n\t<meta property=\"og:image:type\" content=\"image\/jpeg\" \/>\n<meta name=\"twitter:card\" content=\"summary_large_image\" \/>\n<meta name=\"twitter:label1\" content=\"Odhadovan\u00e1 doba \u010dten\u00ed\" \/>\n\t<meta name=\"twitter:data1\" content=\"3 minuty\" \/>\n<script type=\"application\/ld+json\" class=\"yoast-schema-graph\">{\"@context\":\"https:\/\/schema.org\",\"@graph\":[{\"@type\":\"WebPage\",\"@id\":\"https:\/\/rckopen.com\/product\/norflurazepam-pellets-5mg\/\",\"url\":\"https:\/\/rckopen.com\/product\/norflurazepam-pellets-5mg\/\",\"name\":\"Norflurazepam-pellets 5 mg online kopen | RC Kopen\",\"isPartOf\":{\"@id\":\"https:\/\/rckopen.com\/#website\"},\"primaryImageOfPage\":{\"@id\":\"https:\/\/rckopen.com\/product\/norflurazepam-pellets-5mg\/#primaryimage\"},\"image\":{\"@id\":\"https:\/\/rckopen.com\/product\/norflurazepam-pellets-5mg\/#primaryimage\"},\"thumbnailUrl\":\"https:\/\/rckopen.com\/wp-content\/uploads\/2023\/08\/Norflurazepam-pellets-5mg.jpg\",\"datePublished\":\"2023-08-16T10:05:49+00:00\",\"dateModified\":\"2025-09-16T09:10:12+00:00\",\"description\":\"Het is de beste tijd om onze Rckopen-winkel te bezoeken en Norflurazepam Pellets 5 mg online te kopen. We hebben Norflurazepam-pellets 5 mg hier te koop. Ontmoet ons online en plaats vandaag nog uw bestelling.\",\"breadcrumb\":{\"@id\":\"https:\/\/rckopen.com\/product\/norflurazepam-pellets-5mg\/#breadcrumb\"},\"inLanguage\":\"cs\",\"potentialAction\":[{\"@type\":\"ReadAction\",\"target\":[\"https:\/\/rckopen.com\/product\/norflurazepam-pellets-5mg\/\"]}]},{\"@type\":\"ImageObject\",\"inLanguage\":\"cs\",\"@id\":\"https:\/\/rckopen.com\/product\/norflurazepam-pellets-5mg\/#primaryimage\",\"url\":\"https:\/\/rckopen.com\/wp-content\/uploads\/2023\/08\/Norflurazepam-pellets-5mg.jpg\",\"contentUrl\":\"https:\/\/rckopen.com\/wp-content\/uploads\/2023\/08\/Norflurazepam-pellets-5mg.jpg\",\"width\":600,\"height\":600,\"caption\":\"Norflurazepam-pellets-5mg online kopen\"},{\"@type\":\"BreadcrumbList\",\"@id\":\"https:\/\/rckopen.com\/product\/norflurazepam-pellets-5mg\/#breadcrumb\",\"itemListElement\":[{\"@type\":\"ListItem\",\"position\":1,\"name\":\"Home\",\"item\":\"https:\/\/rckopen.com\/\"},{\"@type\":\"ListItem\",\"position\":2,\"name\":\"Shop\",\"item\":\"https:\/\/rckopen.com\/shop\/\"},{\"@type\":\"ListItem\",\"position\":3,\"name\":\"Norflurazepam pellets 5mg online kopen\"}]},{\"@type\":\"WebSite\",\"@id\":\"https:\/\/rckopen.com\/#website\",\"url\":\"https:\/\/rckopen.com\/\",\"name\":\"RC Kopen\",\"description\":\"Research Chemicals\",\"potentialAction\":[{\"@type\":\"SearchAction\",\"target\":{\"@type\":\"EntryPoint\",\"urlTemplate\":\"https:\/\/rckopen.com\/?s={search_term_string}\"},\"query-input\":{\"@type\":\"PropertyValueSpecification\",\"valueRequired\":true,\"valueName\":\"search_term_string\"}}],\"inLanguage\":\"cs\"}]}<\/script>\n<!-- \/ Yoast SEO plugin. -->","yoast_head_json":{"title":"Norflurazepam-pellets 5 mg online kopen | RC Kopen","description":"Het is de beste tijd om onze Rckopen-winkel te bezoeken en Norflurazepam Pellets 5 mg online te kopen. We hebben Norflurazepam-pellets 5 mg hier te koop. Ontmoet ons online en plaats vandaag nog uw bestelling.","robots":{"index":"index","follow":"follow","max-snippet":"max-snippet:-1","max-image-preview":"max-image-preview:large","max-video-preview":"max-video-preview:-1"},"canonical":"https:\/\/rckopen.com\/cs\/produkt\/norflurazepam-pelety-5mg\/","og_locale":"cs_CZ","og_type":"article","og_title":"Norflurazepam-pellets 5 mg online kopen | RC Kopen","og_description":"Het is de beste tijd om onze Rckopen-winkel te bezoeken en Norflurazepam Pellets 5 mg online te kopen. We hebben Norflurazepam-pellets 5 mg hier te koop. Ontmoet ons online en plaats vandaag nog uw bestelling.","og_url":"https:\/\/rckopen.com\/cs\/produkt\/norflurazepam-pelety-5mg\/","og_site_name":"RC Kopen","article_modified_time":"2025-09-16T09:10:12+00:00","og_image":[{"width":600,"height":600,"url":"https:\/\/rckopen.com\/wp-content\/uploads\/2023\/08\/Norflurazepam-pellets-5mg.jpg","type":"image\/jpeg"}],"twitter_card":"summary_large_image","twitter_misc":{"Odhadovan\u00e1 doba \u010dten\u00ed":"3 minuty"},"schema":{"@context":"https:\/\/schema.org","@graph":[{"@type":"WebPage","@id":"https:\/\/rckopen.com\/product\/norflurazepam-pellets-5mg\/","url":"https:\/\/rckopen.com\/product\/norflurazepam-pellets-5mg\/","name":"Norflurazepam-pellets 5 mg online kopen | RC Kopen","isPartOf":{"@id":"https:\/\/rckopen.com\/#website"},"primaryImageOfPage":{"@id":"https:\/\/rckopen.com\/product\/norflurazepam-pellets-5mg\/#primaryimage"},"image":{"@id":"https:\/\/rckopen.com\/product\/norflurazepam-pellets-5mg\/#primaryimage"},"thumbnailUrl":"https:\/\/rckopen.com\/wp-content\/uploads\/2023\/08\/Norflurazepam-pellets-5mg.jpg","datePublished":"2023-08-16T10:05:49+00:00","dateModified":"2025-09-16T09:10:12+00:00","description":"Het is de beste tijd om onze Rckopen-winkel te bezoeken en Norflurazepam Pellets 5 mg online te kopen. We hebben Norflurazepam-pellets 5 mg hier te koop. Ontmoet ons online en plaats vandaag nog uw bestelling.","breadcrumb":{"@id":"https:\/\/rckopen.com\/product\/norflurazepam-pellets-5mg\/#breadcrumb"},"inLanguage":"cs","potentialAction":[{"@type":"ReadAction","target":["https:\/\/rckopen.com\/product\/norflurazepam-pellets-5mg\/"]}]},{"@type":"ImageObject","inLanguage":"cs","@id":"https:\/\/rckopen.com\/product\/norflurazepam-pellets-5mg\/#primaryimage","url":"https:\/\/rckopen.com\/wp-content\/uploads\/2023\/08\/Norflurazepam-pellets-5mg.jpg","contentUrl":"https:\/\/rckopen.com\/wp-content\/uploads\/2023\/08\/Norflurazepam-pellets-5mg.jpg","width":600,"height":600,"caption":"Norflurazepam-pellets-5mg online kopen"},{"@type":"BreadcrumbList","@id":"https:\/\/rckopen.com\/product\/norflurazepam-pellets-5mg\/#breadcrumb","itemListElement":[{"@type":"ListItem","position":1,"name":"Home","item":"https:\/\/rckopen.com\/"},{"@type":"ListItem","position":2,"name":"Shop","item":"https:\/\/rckopen.com\/shop\/"},{"@type":"ListItem","position":3,"name":"Norflurazepam pellets 5mg online kopen"}]},{"@type":"WebSite","@id":"https:\/\/rckopen.com\/#website","url":"https:\/\/rckopen.com\/","name":"RC Kopen","description":"Research Chemicals","potentialAction":[{"@type":"SearchAction","target":{"@type":"EntryPoint","urlTemplate":"https:\/\/rckopen.com\/?s={search_term_string}"},"query-input":{"@type":"PropertyValueSpecification","valueRequired":true,"valueName":"search_term_string"}}],"inLanguage":"cs"}]}},"_links":{"self":[{"href":"https:\/\/rckopen.com\/cs\/wp-json\/wp\/v2\/product\/6593","targetHints":{"allow":["GET"]}}],"collection":[{"href":"https:\/\/rckopen.com\/cs\/wp-json\/wp\/v2\/product"}],"about":[{"href":"https:\/\/rckopen.com\/cs\/wp-json\/wp\/v2\/types\/product"}],"replies":[{"embeddable":true,"href":"https:\/\/rckopen.com\/cs\/wp-json\/wp\/v2\/comments?post=6593"}],"wp:featuredmedia":[{"embeddable":true,"href":"https:\/\/rckopen.com\/cs\/wp-json\/wp\/v2\/media\/6604"}],"wp:attachment":[{"href":"https:\/\/rckopen.com\/cs\/wp-json\/wp\/v2\/media?parent=6593"}],"wp:term":[{"taxonomy":"product_brand","embeddable":true,"href":"https:\/\/rckopen.com\/cs\/wp-json\/wp\/v2\/product_brand?post=6593"},{"taxonomy":"product_cat","embeddable":true,"href":"https:\/\/rckopen.com\/cs\/wp-json\/wp\/v2\/product_cat?post=6593"},{"taxonomy":"product_tag","embeddable":true,"href":"https:\/\/rckopen.com\/cs\/wp-json\/wp\/v2\/product_tag?post=6593"}],"curies":[{"name":"wp","href":"https:\/\/api.w.org\/{rel}","templated":true}]}}