{"id":6594,"date":"2023-08-16T10:08:31","date_gmt":"2023-08-16T10:08:31","guid":{"rendered":"https:\/\/diligentplug.com\/chems\/?post_type=product&#038;p=6594"},"modified":"2025-09-16T09:08:20","modified_gmt":"2025-09-16T09:08:20","slug":"cbd-pellets-25mg","status":"publish","type":"product","link":"https:\/\/rckopen.com\/cs\/produkt\/cbd-pellets-25mg\/","title":{"rendered":"Kupte si CBD pelety 25 mg online"},"content":{"rendered":"<h2>CBD-pellets 25mg online kopen<\/h2>\n<h2>Ontdek de verschillen: CBD-pellets 25 mg online kopen versus andere alternatieven<\/h2>\n<p>Hled\u00e1te? <a href=\"https:\/\/rckopen.com\/cs\/produkt\/cbd-pellets-25mg\/\">CBD pelety 25 mg<\/a>, ale nejste si jisti, kde je naj\u00edt nebo jak jsou ve srovn\u00e1n\u00ed s jin\u00fdmi alternativami? U\u017e nehledejte! Nav\u0161tivte rckopen.com a kupte si pelety CBD 25 mg ve Velk\u00e9 Brit\u00e1nii. Pokud si chcete koupit CBD pelety s potenc\u00ed 25 mg, m\u00e1te \u0161t\u011bst\u00ed! Rckopen.com nab\u00edz\u00ed \u0161irok\u00fd v\u00fdb\u011br vysoce kvalitn\u00edch CBD produkt\u016f, v\u010detn\u011b 25mg CBD pelet. Tyto pelety p\u0159edstavuj\u00ed pohodln\u00fd a p\u0159esn\u00fd zp\u016fsob, jak za\u010dlenit CBD do va\u0161\u00ed ka\u017edodenn\u00ed rutiny. A\u0165 u\u017e hled\u00e1te \u00falevu od nepohodl\u00ed nebo prost\u011b chcete podpo\u0159it svou celkovou pohodu, CBD pelety mohou b\u00fdt dobrou volbou. Nav\u0161tivte dnes rckopen.com a prozkoumejte jejich \u0159adu produkt\u016f CBD a najd\u011bte perfektn\u00ed \u0159e\u0161en\u00ed pro va\u0161e pot\u0159eby. Za\u017eijte v\u00fdhody CBD s lehkost\u00ed a jistotou <a href=\"https:\/\/rckopen.com\/cs\/\">Rckopen.com<\/a> vybrat si pro sv\u00e9 pot\u0159eby pelet CBD!<\/p>\n<h3>Objednejte si CBD pelety 25 mg jednodu\u0161e online a nechte si je doru\u010dit dom\u016f.<\/h3>\n<p>Vrchol tvaru<\/p>\n<h3>Wat zijn CBD-pellets 25 mg?<\/h3>\n<p><a href=\"https:\/\/en.wikipedia.org\/wiki\/Cannabidiol\">CBD<\/a>-pelety 25 mg jsou pohodln\u00fdm a snadn\u00fdm zp\u016fsobem konzumace CBD. Ka\u017ed\u00e1 z t\u011bchto pelet obsahuje 25 mg CBD, co\u017e usnad\u0148uje m\u011b\u0159en\u00ed a sledov\u00e1n\u00ed va\u0161\u00ed d\u00e1vky. CBD pelety jsou obl\u00edbenou volbou pro lidi, kte\u0159\u00ed hledaj\u00ed rychl\u00fd a efektivn\u00ed zp\u016fsob, jak za\u017e\u00edt v\u00fdhody CBD.<\/p>\n<h3>Pro\u010d zvolit CBD pelety 25 mg?<\/h3>\n<p>Pokud jde o objedn\u00e1n\u00ed CBD pelet 25 mg, existuje n\u011bkolik d\u016fvod\u016f, pro\u010d pro v\u00e1s mohou b\u00fdt tou nejlep\u0161\u00ed volbou. Za prv\u00e9, CBD pelety se snadno pou\u017e\u00edvaj\u00ed a snadno se nos\u00ed. Nav\u00edc s p\u0159esnou d\u00e1vkou 25 mg na peletu m\u016f\u017eete snadno ur\u010dit, kolik CBD konzumujete.<\/p>\n<h3>Kupte si CBD pelety 25 mg u vydavatele online<\/h3>\n<p>Pokud hled\u00e1te pelety CBD 25 mg na prodej, rckopen.com je ide\u00e1ln\u00ed m\u00edsto pro n\u00e1kup. Pravideln\u011b nab\u00edzej\u00ed slevy a akce na sv\u00e9 l\u00e9ky, d\u00edky \u010demu\u017e jsou dostupn\u00e9 pro jednotlivce, kte\u0159\u00ed pot\u0159ebuj\u00ed p\u0159\u00edstup k vysoce kvalitn\u00edm l\u00e9k\u016fm.<\/p>\n<h3>Kde koupit CBD pelety 25 mg online<\/h3>\n<p>Pokud m\u00e1te z\u00e1jem vyzkou\u0161et CBD pelety 25mg, m\u016f\u017eete je zakoupit na rckopen.com. V obchod\u011b CBD pelety 25 mg na rckopen.com najdete na prodej vysoce kvalitn\u00ed CBD pelety 25 mg. Kupte si CBD pelety 25 mg online bez l\u00e9ka\u0159sk\u00e9ho p\u0159edpisu.<\/p>\n<p>Pokud jde o v\u00fdb\u011br nejlep\u0161\u00ed mo\u017enosti pro konzumaci CBD, CBD pelety 25 mg nab\u00edzej\u00ed pohodln\u00e9 a efektivn\u00ed \u0159e\u0161en\u00ed. S p\u0159esnou d\u00e1vkou 25 mg na peletu m\u016f\u017eete snadno kontrolovat, kolik CBD konzumujete. A\u0165 u\u017e jste v CBD nov\u00e1\u010dek nebo ost\u0159\u00edlen\u00fd u\u017eivatel, CBD pelety 25 mg jsou vynikaj\u00edc\u00ed volbou pro ka\u017ed\u00e9ho, kdo chce za\u017e\u00edt v\u00fdhody CBD.<br \/>\nWacht niet langer: koop vandaag nog CBD-pellets 25 mg op rckopen.com en ontdek zelf het verschil!<\/p>","protected":false},"excerpt":{"rendered":"<p><strong>NMR anal\u00fdza: <\/strong>NEUPLAT\u0147UJE SE<\/p>","protected":false},"featured_media":7496,"comment_status":"open","ping_status":"closed","template":"","meta":{"_joinchat":[]},"product_brand":[],"product_cat":[144],"product_tag":[],"class_list":{"0":"post-6594","1":"product","2":"type-product","3":"status-publish","4":"has-post-thumbnail","6":"product_cat-pellets","8":"first","9":"instock","10":"shipping-taxable","11":"purchasable","12":"product-type-variable"},"yoast_head":"<!-- This site is optimized with the Yoast SEO plugin v26.3 - https:\/\/yoast.com\/wordpress\/plugins\/seo\/ -->\n<title>CBD-pellets 25 mg online kopen - CBD-pellets 25 mg te koop<\/title>\n<meta name=\"description\" content=\"Wij zijn de toonaangevende winkel die CBD-pellets 25 mg te koop aanbiedt. Als u CBD Pellets 25mg online kopen, neem dan direct contact met ons op en laat de bestelling bezorgen. Bestel nu!\" \/>\n<meta name=\"robots\" content=\"index, follow, max-snippet:-1, max-image-preview:large, max-video-preview:-1\" \/>\n<link rel=\"canonical\" href=\"https:\/\/rckopen.com\/cs\/produkt\/cbd-pellets-25mg\/\" \/>\n<meta property=\"og:locale\" content=\"cs_CZ\" \/>\n<meta property=\"og:type\" content=\"article\" \/>\n<meta property=\"og:title\" content=\"CBD-pellets 25 mg online kopen - CBD-pellets 25 mg te koop\" \/>\n<meta property=\"og:description\" content=\"Wij zijn de toonaangevende winkel die CBD-pellets 25 mg te koop aanbiedt. Als u CBD Pellets 25mg online kopen, neem dan direct contact met ons op en laat de bestelling bezorgen. Bestel nu!\" \/>\n<meta property=\"og:url\" content=\"https:\/\/rckopen.com\/cs\/produkt\/cbd-pellets-25mg\/\" \/>\n<meta property=\"og:site_name\" content=\"RC Kopen\" \/>\n<meta property=\"article:modified_time\" content=\"2025-09-16T09:08:20+00:00\" \/>\n<meta property=\"og:image\" content=\"https:\/\/rckopen.com\/wp-content\/uploads\/2023\/08\/CBD-pellets-25mg-2.jpg\" \/>\n\t<meta property=\"og:image:width\" content=\"600\" \/>\n\t<meta property=\"og:image:height\" content=\"600\" \/>\n\t<meta property=\"og:image:type\" content=\"image\/jpeg\" \/>\n<meta name=\"twitter:card\" content=\"summary_large_image\" \/>\n<meta name=\"twitter:label1\" content=\"Odhadovan\u00e1 doba \u010dten\u00ed\" \/>\n\t<meta name=\"twitter:data1\" content=\"3 minuty\" \/>\n<script type=\"application\/ld+json\" class=\"yoast-schema-graph\">{\"@context\":\"https:\/\/schema.org\",\"@graph\":[{\"@type\":\"WebPage\",\"@id\":\"https:\/\/rckopen.com\/product\/cbd-pellets-25mg\/\",\"url\":\"https:\/\/rckopen.com\/product\/cbd-pellets-25mg\/\",\"name\":\"CBD-pellets 25 mg online kopen - CBD-pellets 25 mg te koop\",\"isPartOf\":{\"@id\":\"https:\/\/rckopen.com\/#website\"},\"primaryImageOfPage\":{\"@id\":\"https:\/\/rckopen.com\/product\/cbd-pellets-25mg\/#primaryimage\"},\"image\":{\"@id\":\"https:\/\/rckopen.com\/product\/cbd-pellets-25mg\/#primaryimage\"},\"thumbnailUrl\":\"https:\/\/rckopen.com\/wp-content\/uploads\/2023\/08\/CBD-pellets-25mg-2.jpg\",\"datePublished\":\"2023-08-16T10:08:31+00:00\",\"dateModified\":\"2025-09-16T09:08:20+00:00\",\"description\":\"Wij zijn de toonaangevende winkel die CBD-pellets 25 mg te koop aanbiedt. Als u CBD Pellets 25mg online kopen, neem dan direct contact met ons op en laat de bestelling bezorgen. Bestel nu!\",\"breadcrumb\":{\"@id\":\"https:\/\/rckopen.com\/product\/cbd-pellets-25mg\/#breadcrumb\"},\"inLanguage\":\"cs\",\"potentialAction\":[{\"@type\":\"ReadAction\",\"target\":[\"https:\/\/rckopen.com\/product\/cbd-pellets-25mg\/\"]}]},{\"@type\":\"ImageObject\",\"inLanguage\":\"cs\",\"@id\":\"https:\/\/rckopen.com\/product\/cbd-pellets-25mg\/#primaryimage\",\"url\":\"https:\/\/rckopen.com\/wp-content\/uploads\/2023\/08\/CBD-pellets-25mg-2.jpg\",\"contentUrl\":\"https:\/\/rckopen.com\/wp-content\/uploads\/2023\/08\/CBD-pellets-25mg-2.jpg\",\"width\":600,\"height\":600,\"caption\":\"CBD-pellets-25mg Online Kopen\"},{\"@type\":\"BreadcrumbList\",\"@id\":\"https:\/\/rckopen.com\/product\/cbd-pellets-25mg\/#breadcrumb\",\"itemListElement\":[{\"@type\":\"ListItem\",\"position\":1,\"name\":\"Home\",\"item\":\"https:\/\/rckopen.com\/\"},{\"@type\":\"ListItem\",\"position\":2,\"name\":\"Shop\",\"item\":\"https:\/\/rckopen.com\/shop\/\"},{\"@type\":\"ListItem\",\"position\":3,\"name\":\"CBD pellets 25mg online kopen\"}]},{\"@type\":\"WebSite\",\"@id\":\"https:\/\/rckopen.com\/#website\",\"url\":\"https:\/\/rckopen.com\/\",\"name\":\"RC Kopen\",\"description\":\"Research Chemicals\",\"potentialAction\":[{\"@type\":\"SearchAction\",\"target\":{\"@type\":\"EntryPoint\",\"urlTemplate\":\"https:\/\/rckopen.com\/?s={search_term_string}\"},\"query-input\":{\"@type\":\"PropertyValueSpecification\",\"valueRequired\":true,\"valueName\":\"search_term_string\"}}],\"inLanguage\":\"cs\"}]}<\/script>\n<!-- \/ Yoast SEO plugin. -->","yoast_head_json":{"title":"CBD-pellets 25 mg online kopen - CBD-pellets 25 mg te koop","description":"Wij zijn de toonaangevende winkel die CBD-pellets 25 mg te koop aanbiedt. Als u CBD Pellets 25mg online kopen, neem dan direct contact met ons op en laat de bestelling bezorgen. Bestel nu!","robots":{"index":"index","follow":"follow","max-snippet":"max-snippet:-1","max-image-preview":"max-image-preview:large","max-video-preview":"max-video-preview:-1"},"canonical":"https:\/\/rckopen.com\/cs\/produkt\/cbd-pellets-25mg\/","og_locale":"cs_CZ","og_type":"article","og_title":"CBD-pellets 25 mg online kopen - CBD-pellets 25 mg te koop","og_description":"Wij zijn de toonaangevende winkel die CBD-pellets 25 mg te koop aanbiedt. Als u CBD Pellets 25mg online kopen, neem dan direct contact met ons op en laat de bestelling bezorgen. Bestel nu!","og_url":"https:\/\/rckopen.com\/cs\/produkt\/cbd-pellets-25mg\/","og_site_name":"RC Kopen","article_modified_time":"2025-09-16T09:08:20+00:00","og_image":[{"width":600,"height":600,"url":"https:\/\/rckopen.com\/wp-content\/uploads\/2023\/08\/CBD-pellets-25mg-2.jpg","type":"image\/jpeg"}],"twitter_card":"summary_large_image","twitter_misc":{"Odhadovan\u00e1 doba \u010dten\u00ed":"3 minuty"},"schema":{"@context":"https:\/\/schema.org","@graph":[{"@type":"WebPage","@id":"https:\/\/rckopen.com\/product\/cbd-pellets-25mg\/","url":"https:\/\/rckopen.com\/product\/cbd-pellets-25mg\/","name":"CBD-pellets 25 mg online kopen - CBD-pellets 25 mg te koop","isPartOf":{"@id":"https:\/\/rckopen.com\/#website"},"primaryImageOfPage":{"@id":"https:\/\/rckopen.com\/product\/cbd-pellets-25mg\/#primaryimage"},"image":{"@id":"https:\/\/rckopen.com\/product\/cbd-pellets-25mg\/#primaryimage"},"thumbnailUrl":"https:\/\/rckopen.com\/wp-content\/uploads\/2023\/08\/CBD-pellets-25mg-2.jpg","datePublished":"2023-08-16T10:08:31+00:00","dateModified":"2025-09-16T09:08:20+00:00","description":"Wij zijn de toonaangevende winkel die CBD-pellets 25 mg te koop aanbiedt. Als u CBD Pellets 25mg online kopen, neem dan direct contact met ons op en laat de bestelling bezorgen. Bestel nu!","breadcrumb":{"@id":"https:\/\/rckopen.com\/product\/cbd-pellets-25mg\/#breadcrumb"},"inLanguage":"cs","potentialAction":[{"@type":"ReadAction","target":["https:\/\/rckopen.com\/product\/cbd-pellets-25mg\/"]}]},{"@type":"ImageObject","inLanguage":"cs","@id":"https:\/\/rckopen.com\/product\/cbd-pellets-25mg\/#primaryimage","url":"https:\/\/rckopen.com\/wp-content\/uploads\/2023\/08\/CBD-pellets-25mg-2.jpg","contentUrl":"https:\/\/rckopen.com\/wp-content\/uploads\/2023\/08\/CBD-pellets-25mg-2.jpg","width":600,"height":600,"caption":"CBD-pellets-25mg Online Kopen"},{"@type":"BreadcrumbList","@id":"https:\/\/rckopen.com\/product\/cbd-pellets-25mg\/#breadcrumb","itemListElement":[{"@type":"ListItem","position":1,"name":"Home","item":"https:\/\/rckopen.com\/"},{"@type":"ListItem","position":2,"name":"Shop","item":"https:\/\/rckopen.com\/shop\/"},{"@type":"ListItem","position":3,"name":"CBD pellets 25mg online kopen"}]},{"@type":"WebSite","@id":"https:\/\/rckopen.com\/#website","url":"https:\/\/rckopen.com\/","name":"RC Kopen","description":"Research Chemicals","potentialAction":[{"@type":"SearchAction","target":{"@type":"EntryPoint","urlTemplate":"https:\/\/rckopen.com\/?s={search_term_string}"},"query-input":{"@type":"PropertyValueSpecification","valueRequired":true,"valueName":"search_term_string"}}],"inLanguage":"cs"}]}},"_links":{"self":[{"href":"https:\/\/rckopen.com\/cs\/wp-json\/wp\/v2\/product\/6594","targetHints":{"allow":["GET"]}}],"collection":[{"href":"https:\/\/rckopen.com\/cs\/wp-json\/wp\/v2\/product"}],"about":[{"href":"https:\/\/rckopen.com\/cs\/wp-json\/wp\/v2\/types\/product"}],"replies":[{"embeddable":true,"href":"https:\/\/rckopen.com\/cs\/wp-json\/wp\/v2\/comments?post=6594"}],"wp:featuredmedia":[{"embeddable":true,"href":"https:\/\/rckopen.com\/cs\/wp-json\/wp\/v2\/media\/7496"}],"wp:attachment":[{"href":"https:\/\/rckopen.com\/cs\/wp-json\/wp\/v2\/media?parent=6594"}],"wp:term":[{"taxonomy":"product_brand","embeddable":true,"href":"https:\/\/rckopen.com\/cs\/wp-json\/wp\/v2\/product_brand?post=6594"},{"taxonomy":"product_cat","embeddable":true,"href":"https:\/\/rckopen.com\/cs\/wp-json\/wp\/v2\/product_cat?post=6594"},{"taxonomy":"product_tag","embeddable":true,"href":"https:\/\/rckopen.com\/cs\/wp-json\/wp\/v2\/product_tag?post=6594"}],"curies":[{"name":"wp","href":"https:\/\/api.w.org\/{rel}","templated":true}]}}