{"id":6597,"date":"2023-08-16T09:58:33","date_gmt":"2023-08-16T09:58:33","guid":{"rendered":"https:\/\/diligentplug.com\/chems\/?post_type=product&#038;p=6597"},"modified":"2025-09-16T08:19:03","modified_gmt":"2025-09-16T08:19:03","slug":"o-dsmt-pellets-30mg","status":"publish","type":"product","link":"https:\/\/rckopen.com\/cs\/produkt\/o-dsmt-pelety-30-mg\/","title":{"rendered":"Koupit O-DSMT pelety 30 mg online"},"content":{"rendered":"<h2>O-DSMT-pellets 30 mg online kopen<br \/>\nUw complete aankoopchecklist voor O-DSMT-pellets 30 mg online kopen<\/h2>\n<p>Pokud jde o n\u00e1kup pelet O-DSMT 30 mg, je nezbytn\u00e9 m\u00edt kompletn\u00ed kontroln\u00ed seznam pro n\u00e1kup, abyste si zajistili nejlep\u0161\u00ed mo\u017en\u00fd produkt. A\u0165 u\u017e kupujete O-DSMT pelety 30 mg poprv\u00e9, nebo jste zku\u0161en\u00fd spot\u0159ebitel, kontroln\u00ed seznam v\u00e1m pom\u016f\u017ee u\u010dinit informovan\u00e9 rozhodnut\u00ed. Zde je v\u00e1\u0161 kompletn\u00ed kontroln\u00ed seznam pro n\u00e1kup p\u0159\u00edpravku O-DSMT pelety 30 mg, kter\u00fd v\u00e1m pom\u016f\u017ee p\u0159i n\u00e1kupu:<\/p>\n<p><strong>1. V\u00fdzkum produktu<\/strong><\/p>\n<p>P\u0159ed n\u00e1kupem O-DSMT pelety 30 mg, je velmi d\u016fle\u017eit\u00e9, aby d\u016fkladn\u011b prozkoumat produkt. Vyhledejte spolehliv\u00e9 zdroje informac\u00ed, kter\u00e9 v\u00e1m poskytnou podrobnosti o \u00fa\u010dinc\u00edch, d\u00e1vkov\u00e1n\u00ed a rizic\u00edch spojen\u00fdch s prodejem p\u0159\u00edpravku O-DSMT pelety 30 mg. Porozum\u011bn\u00ed v\u00fdrobku v\u00e1m pom\u016f\u017ee u\u010dinit informovan\u00e9 rozhodnut\u00ed p\u0159i n\u00e1kupu.<\/p>\n<p><strong>2. Najd\u011bte si renomovan\u00fd obchod<\/strong><\/p>\n<p>Jakmile shrom\u00e1\u017ed\u00edte dostatek informac\u00ed o p\u0159\u00edpravku O-DSMT pelety 30 mg, dal\u0161\u00edm krokem je vyhled\u00e1n\u00ed renomovan\u00e9ho obchodu, kde si jej m\u016f\u017eete zakoupit. Vyhledejte internetov\u00fd obchod O-DSMT pelety 30 mg s dobrou pov\u011bst\u00ed a pozitivn\u00edmi recenzemi z\u00e1kazn\u00edk\u016f. Spolehliv\u00fd obchod v\u00e1m zajist\u00ed, \u017ee z\u00edsk\u00e1te na prodej vysoce kvalitn\u00ed O-DSMT pelety 30 mg.<\/p>\n<p><strong>3. Kontrola pravosti<\/strong><\/p>\n<p>P\u0159ed objedn\u00e1n\u00edm p\u0159\u00edpravku O-DSMT pelety 30 mg bez l\u00e9ka\u0159sk\u00e9ho p\u0159edpisu je nezbytn\u00e9 zkontrolovat pravost v\u00fdrobku. Ujist\u011bte se, \u017ee obchod, ve kter\u00e9m nakupujete, nab\u00edz\u00ed origin\u00e1ln\u00ed O-DSMT pelety 30 mg a m\u00e1 pot\u0159ebn\u00e9 certifik\u00e1ty k leg\u00e1ln\u00edmu prodeji v\u00fdrobku. Nekupujte z neov\u011b\u0159en\u00fdch zdroj\u016f, abyste se vyhnuli riziku pad\u011blan\u00fdch v\u00fdrobk\u016f.<\/p>\n<p><strong>4. Porovn\u00e1n\u00ed cen<\/strong><\/p>\n<p>Pokud si chcete koupit O-DSMT pelety 30 mg, je nezbytn\u00e9 porovnat ceny z r\u016fzn\u00fdch obchod\u016f, abyste z\u00edskali nejlep\u0161\u00ed nab\u00eddku. I kdy\u017e je d\u016fle\u017eit\u00e9 vz\u00edt v \u00favahu cenu v\u00fdrobku, ujist\u011bte se, \u017ee za ni\u017e\u0161\u00ed cenu neud\u011bl\u00e1te kompromis v kvalit\u011b. Hledejte obchody, kter\u00e9 nab\u00edzej\u00ed konkurenceschopn\u00e9 ceny za O-DSMT pelety 30 mg, ani\u017e by slevily z kvality v\u00fdrobku.<\/p>\n<p><strong>5. P\u0159e\u010dt\u011bte si recenze z\u00e1kazn\u00edk\u016f<\/strong><\/p>\n<p>P\u0159ed n\u00e1kupem si p\u0159e\u010dt\u011bte recenze z\u00e1kazn\u00edk\u016f na obchod O-DSMT pelety 30 mg, o kter\u00e9m uva\u017eujete. Zp\u011btn\u00e1 vazba z\u00e1kazn\u00edk\u016f m\u016f\u017ee poskytnout cenn\u00e9 informace o kvalit\u011b produktu a spolehlivosti obchodu. Hledejte obchody s pozitivn\u00edmi recenzemi a spokojen\u00fdmi z\u00e1kazn\u00edky, abyste si zajistili bezprobl\u00e9mov\u00fd n\u00e1kup.<\/p>\n<p><strong>6. Kontrola p\u0159epravy a dod\u00e1n\u00ed<\/strong><\/p>\n<p>P\u0159i n\u00e1kupu O-DSMT pelety 30 mg online je nezbytn\u00e9 zkontrolovat mo\u017enosti dopravy a doru\u010den\u00ed. Ujist\u011bte se, \u017ee obchod nab\u00edz\u00ed bezpe\u010dn\u00e9 a diskr\u00e9tn\u00ed zp\u016fsoby p\u0159epravy, aby chr\u00e1nil va\u0161e soukrom\u00ed a zajistil bezpe\u010dn\u00e9 doru\u010den\u00ed va\u0161\u00ed objedn\u00e1vky O-DSMT pelety 30 mg. Pro v\u011bt\u0161\u00ed klid hledejte obchody, kter\u00e9 nab\u00edzej\u00ed informace o sledov\u00e1n\u00ed va\u0161\u00ed objedn\u00e1vky.<\/p>\n<p>Stru\u010dn\u011b \u0159e\u010deno, m\u00edt kompletn\u00ed kontroln\u00ed seznam pro n\u00e1kup O-DSMT pelet 30 mg je nezbytn\u00e9 pro zaji\u0161t\u011bn\u00ed hladk\u00e9ho a bezstresov\u00e9ho n\u00e1kupu. Dodr\u017eov\u00e1n\u00edm t\u011bchto krok\u016f m\u016f\u017eete p\u0159i n\u00e1kupu p\u0159\u00edpravku O-DSMT pelety 30 mg u\u010dinit informovan\u00e9 rozhodnut\u00ed a bezpe\u010dn\u011b si u\u017e\u00edvat v\u00fdhod tohoto p\u0159\u00edpravku. Nezapome\u0148te si objednat O-DSMT pelety 30 mg z renomovan\u00e9ho obchodu, kter\u00fd nab\u00edz\u00ed autentick\u00e9 produkty za konkurenceschopn\u00e9 ceny, abyste z\u00edskali uspokojiv\u00fd z\u00e1\u017eitek z n\u00e1kupu.<\/p>","protected":false},"excerpt":{"rendered":"<p><strong>Forma: <\/strong>Pelety<\/p>\n<p><strong>NMR anal\u00fdza: <\/strong>NEUPLAT\u0147UJE SE<\/p>","protected":false},"featured_media":6601,"comment_status":"open","ping_status":"closed","template":"","meta":{"_joinchat":[]},"product_brand":[],"product_cat":[144],"product_tag":[],"class_list":{"0":"post-6597","1":"product","2":"type-product","3":"status-publish","4":"has-post-thumbnail","6":"product_cat-pellets","8":"first","9":"instock","10":"shipping-taxable","11":"purchasable","12":"product-type-variable"},"yoast_head":"<!-- This site is optimized with the Yoast SEO plugin v26.3 - https:\/\/yoast.com\/wordpress\/plugins\/seo\/ -->\n<title>O Dsmt-pellets 30 mg online kopen - O Dsmt-pellets 30 mg te koop<\/title>\n<meta name=\"description\" content=\"Onze winkel heeft de topkwaliteit O Dsmt Pellets 30 mg te koop. U kunt nooit om de kwaliteit van onze producten heen. Als u dat nodig heeft, kunt u O Dsmt Pellets 30 mg meteen online kopen. Bestel nu!\" \/>\n<meta name=\"robots\" content=\"index, follow, max-snippet:-1, max-image-preview:large, max-video-preview:-1\" \/>\n<link rel=\"canonical\" href=\"https:\/\/rckopen.com\/cs\/produkt\/o-dsmt-pelety-30-mg\/\" \/>\n<meta property=\"og:locale\" content=\"cs_CZ\" \/>\n<meta property=\"og:type\" content=\"article\" \/>\n<meta property=\"og:title\" content=\"O Dsmt-pellets 30 mg online kopen - O Dsmt-pellets 30 mg te koop\" \/>\n<meta property=\"og:description\" content=\"Onze winkel heeft de topkwaliteit O Dsmt Pellets 30 mg te koop. U kunt nooit om de kwaliteit van onze producten heen. Als u dat nodig heeft, kunt u O Dsmt Pellets 30 mg meteen online kopen. Bestel nu!\" \/>\n<meta property=\"og:url\" content=\"https:\/\/rckopen.com\/cs\/produkt\/o-dsmt-pelety-30-mg\/\" \/>\n<meta property=\"og:site_name\" content=\"RC Kopen\" \/>\n<meta property=\"article:modified_time\" content=\"2025-09-16T08:19:03+00:00\" \/>\n<meta property=\"og:image\" content=\"https:\/\/rckopen.com\/wp-content\/uploads\/2023\/08\/O-DSMT-pellets-30mg.jpg\" \/>\n\t<meta property=\"og:image:width\" content=\"600\" \/>\n\t<meta property=\"og:image:height\" content=\"600\" \/>\n\t<meta property=\"og:image:type\" content=\"image\/jpeg\" \/>\n<meta name=\"twitter:card\" content=\"summary_large_image\" \/>\n<meta name=\"twitter:label1\" content=\"Odhadovan\u00e1 doba \u010dten\u00ed\" \/>\n\t<meta name=\"twitter:data1\" content=\"3 minuty\" \/>\n<script type=\"application\/ld+json\" class=\"yoast-schema-graph\">{\"@context\":\"https:\/\/schema.org\",\"@graph\":[{\"@type\":\"WebPage\",\"@id\":\"https:\/\/rckopen.com\/product\/o-dsmt-pellets-30mg\/\",\"url\":\"https:\/\/rckopen.com\/product\/o-dsmt-pellets-30mg\/\",\"name\":\"O Dsmt-pellets 30 mg online kopen - O Dsmt-pellets 30 mg te koop\",\"isPartOf\":{\"@id\":\"https:\/\/rckopen.com\/#website\"},\"primaryImageOfPage\":{\"@id\":\"https:\/\/rckopen.com\/product\/o-dsmt-pellets-30mg\/#primaryimage\"},\"image\":{\"@id\":\"https:\/\/rckopen.com\/product\/o-dsmt-pellets-30mg\/#primaryimage\"},\"thumbnailUrl\":\"https:\/\/rckopen.com\/wp-content\/uploads\/2023\/08\/O-DSMT-pellets-30mg.jpg\",\"datePublished\":\"2023-08-16T09:58:33+00:00\",\"dateModified\":\"2025-09-16T08:19:03+00:00\",\"description\":\"Onze winkel heeft de topkwaliteit O Dsmt Pellets 30 mg te koop. U kunt nooit om de kwaliteit van onze producten heen. Als u dat nodig heeft, kunt u O Dsmt Pellets 30 mg meteen online kopen. Bestel nu!\",\"breadcrumb\":{\"@id\":\"https:\/\/rckopen.com\/product\/o-dsmt-pellets-30mg\/#breadcrumb\"},\"inLanguage\":\"cs\",\"potentialAction\":[{\"@type\":\"ReadAction\",\"target\":[\"https:\/\/rckopen.com\/product\/o-dsmt-pellets-30mg\/\"]}]},{\"@type\":\"ImageObject\",\"inLanguage\":\"cs\",\"@id\":\"https:\/\/rckopen.com\/product\/o-dsmt-pellets-30mg\/#primaryimage\",\"url\":\"https:\/\/rckopen.com\/wp-content\/uploads\/2023\/08\/O-DSMT-pellets-30mg.jpg\",\"contentUrl\":\"https:\/\/rckopen.com\/wp-content\/uploads\/2023\/08\/O-DSMT-pellets-30mg.jpg\",\"width\":600,\"height\":600,\"caption\":\"O-DSMT-pellets-30mg online kopen\"},{\"@type\":\"BreadcrumbList\",\"@id\":\"https:\/\/rckopen.com\/product\/o-dsmt-pellets-30mg\/#breadcrumb\",\"itemListElement\":[{\"@type\":\"ListItem\",\"position\":1,\"name\":\"Home\",\"item\":\"https:\/\/rckopen.com\/\"},{\"@type\":\"ListItem\",\"position\":2,\"name\":\"Shop\",\"item\":\"https:\/\/rckopen.com\/shop\/\"},{\"@type\":\"ListItem\",\"position\":3,\"name\":\"O-DSMT pellets 30mg online kopen\"}]},{\"@type\":\"WebSite\",\"@id\":\"https:\/\/rckopen.com\/#website\",\"url\":\"https:\/\/rckopen.com\/\",\"name\":\"RC Kopen\",\"description\":\"Research Chemicals\",\"potentialAction\":[{\"@type\":\"SearchAction\",\"target\":{\"@type\":\"EntryPoint\",\"urlTemplate\":\"https:\/\/rckopen.com\/?s={search_term_string}\"},\"query-input\":{\"@type\":\"PropertyValueSpecification\",\"valueRequired\":true,\"valueName\":\"search_term_string\"}}],\"inLanguage\":\"cs\"}]}<\/script>\n<!-- \/ Yoast SEO plugin. -->","yoast_head_json":{"title":"O Dsmt-pellets 30 mg online kopen - O Dsmt-pellets 30 mg te koop","description":"Onze winkel heeft de topkwaliteit O Dsmt Pellets 30 mg te koop. U kunt nooit om de kwaliteit van onze producten heen. Als u dat nodig heeft, kunt u O Dsmt Pellets 30 mg meteen online kopen. Bestel nu!","robots":{"index":"index","follow":"follow","max-snippet":"max-snippet:-1","max-image-preview":"max-image-preview:large","max-video-preview":"max-video-preview:-1"},"canonical":"https:\/\/rckopen.com\/cs\/produkt\/o-dsmt-pelety-30-mg\/","og_locale":"cs_CZ","og_type":"article","og_title":"O Dsmt-pellets 30 mg online kopen - O Dsmt-pellets 30 mg te koop","og_description":"Onze winkel heeft de topkwaliteit O Dsmt Pellets 30 mg te koop. U kunt nooit om de kwaliteit van onze producten heen. Als u dat nodig heeft, kunt u O Dsmt Pellets 30 mg meteen online kopen. Bestel nu!","og_url":"https:\/\/rckopen.com\/cs\/produkt\/o-dsmt-pelety-30-mg\/","og_site_name":"RC Kopen","article_modified_time":"2025-09-16T08:19:03+00:00","og_image":[{"width":600,"height":600,"url":"https:\/\/rckopen.com\/wp-content\/uploads\/2023\/08\/O-DSMT-pellets-30mg.jpg","type":"image\/jpeg"}],"twitter_card":"summary_large_image","twitter_misc":{"Odhadovan\u00e1 doba \u010dten\u00ed":"3 minuty"},"schema":{"@context":"https:\/\/schema.org","@graph":[{"@type":"WebPage","@id":"https:\/\/rckopen.com\/product\/o-dsmt-pellets-30mg\/","url":"https:\/\/rckopen.com\/product\/o-dsmt-pellets-30mg\/","name":"O Dsmt-pellets 30 mg online kopen - O Dsmt-pellets 30 mg te koop","isPartOf":{"@id":"https:\/\/rckopen.com\/#website"},"primaryImageOfPage":{"@id":"https:\/\/rckopen.com\/product\/o-dsmt-pellets-30mg\/#primaryimage"},"image":{"@id":"https:\/\/rckopen.com\/product\/o-dsmt-pellets-30mg\/#primaryimage"},"thumbnailUrl":"https:\/\/rckopen.com\/wp-content\/uploads\/2023\/08\/O-DSMT-pellets-30mg.jpg","datePublished":"2023-08-16T09:58:33+00:00","dateModified":"2025-09-16T08:19:03+00:00","description":"Onze winkel heeft de topkwaliteit O Dsmt Pellets 30 mg te koop. U kunt nooit om de kwaliteit van onze producten heen. Als u dat nodig heeft, kunt u O Dsmt Pellets 30 mg meteen online kopen. Bestel nu!","breadcrumb":{"@id":"https:\/\/rckopen.com\/product\/o-dsmt-pellets-30mg\/#breadcrumb"},"inLanguage":"cs","potentialAction":[{"@type":"ReadAction","target":["https:\/\/rckopen.com\/product\/o-dsmt-pellets-30mg\/"]}]},{"@type":"ImageObject","inLanguage":"cs","@id":"https:\/\/rckopen.com\/product\/o-dsmt-pellets-30mg\/#primaryimage","url":"https:\/\/rckopen.com\/wp-content\/uploads\/2023\/08\/O-DSMT-pellets-30mg.jpg","contentUrl":"https:\/\/rckopen.com\/wp-content\/uploads\/2023\/08\/O-DSMT-pellets-30mg.jpg","width":600,"height":600,"caption":"O-DSMT-pellets-30mg online kopen"},{"@type":"BreadcrumbList","@id":"https:\/\/rckopen.com\/product\/o-dsmt-pellets-30mg\/#breadcrumb","itemListElement":[{"@type":"ListItem","position":1,"name":"Home","item":"https:\/\/rckopen.com\/"},{"@type":"ListItem","position":2,"name":"Shop","item":"https:\/\/rckopen.com\/shop\/"},{"@type":"ListItem","position":3,"name":"O-DSMT pellets 30mg online kopen"}]},{"@type":"WebSite","@id":"https:\/\/rckopen.com\/#website","url":"https:\/\/rckopen.com\/","name":"RC Kopen","description":"Research Chemicals","potentialAction":[{"@type":"SearchAction","target":{"@type":"EntryPoint","urlTemplate":"https:\/\/rckopen.com\/?s={search_term_string}"},"query-input":{"@type":"PropertyValueSpecification","valueRequired":true,"valueName":"search_term_string"}}],"inLanguage":"cs"}]}},"_links":{"self":[{"href":"https:\/\/rckopen.com\/cs\/wp-json\/wp\/v2\/product\/6597","targetHints":{"allow":["GET"]}}],"collection":[{"href":"https:\/\/rckopen.com\/cs\/wp-json\/wp\/v2\/product"}],"about":[{"href":"https:\/\/rckopen.com\/cs\/wp-json\/wp\/v2\/types\/product"}],"replies":[{"embeddable":true,"href":"https:\/\/rckopen.com\/cs\/wp-json\/wp\/v2\/comments?post=6597"}],"wp:featuredmedia":[{"embeddable":true,"href":"https:\/\/rckopen.com\/cs\/wp-json\/wp\/v2\/media\/6601"}],"wp:attachment":[{"href":"https:\/\/rckopen.com\/cs\/wp-json\/wp\/v2\/media?parent=6597"}],"wp:term":[{"taxonomy":"product_brand","embeddable":true,"href":"https:\/\/rckopen.com\/cs\/wp-json\/wp\/v2\/product_brand?post=6597"},{"taxonomy":"product_cat","embeddable":true,"href":"https:\/\/rckopen.com\/cs\/wp-json\/wp\/v2\/product_cat?post=6597"},{"taxonomy":"product_tag","embeddable":true,"href":"https:\/\/rckopen.com\/cs\/wp-json\/wp\/v2\/product_tag?post=6597"}],"curies":[{"name":"wp","href":"https:\/\/api.w.org\/{rel}","templated":true}]}}