{"id":6609,"date":"2023-08-16T10:33:46","date_gmt":"2023-08-16T10:33:46","guid":{"rendered":"https:\/\/diligentplug.com\/chems\/?post_type=product&#038;p=6609"},"modified":"2025-09-16T09:10:53","modified_gmt":"2025-09-16T09:10:53","slug":"pyrazolam-pellets-3mg","status":"publish","type":"product","link":"https:\/\/rckopen.com\/cs\/produkt\/pyrazolam-pelety-3mg\/","title":{"rendered":"pyrazolamov\u00e9 pelety 3 mg online kopen"},"content":{"rendered":"<h2>De kwaliteit en het gemak van Pyrazolam Pellets 3mg online kopen op rckopen.com<\/h2>\n<p>Chcete si koupit pyrazol pelety 3 mg online? Nehledejte nic jin\u00e9ho ne\u017e rckopen.com! Nab\u00edz\u00edme vysoce kvalitn\u00ed pyrazol pelety 3 mg na prodej bez nutnosti l\u00e9ka\u0159sk\u00e9ho p\u0159edpisu. C\u00edlem na\u0161eho internetov\u00e9ho obchodu je poskytovat z\u00e1kazn\u00edk\u016fm prvot\u0159\u00eddn\u00ed produkty a dokonal\u00fd servis. \u010ct\u011bte d\u00e1le a dozv\u00edte se v\u00edce o kvalit\u011b a pohodl\u00ed n\u00e1kupu pyrazole ampellets 3mg na rckopen.com.<\/p>\n<h3>Pro\u010d si vybrat p\u0159\u00edpravek Pyrazolam pelety 3 mg?<\/h3>\n<p>Pyrazolam pelety 3 mg jsou obl\u00edbenou volbou pro lidi, kte\u0159\u00ed hledaj\u00ed \u00falevu od \u00fazkosti a stresu. P\u0159edstavuj\u00ed pohodln\u00fd a \u00fa\u010dinn\u00fd zp\u016fsob zvl\u00e1d\u00e1n\u00ed p\u0159\u00edznak\u016f bez nutnosti \u010dast\u00e9ho d\u00e1vkov\u00e1n\u00ed. Ka\u017ed\u00e1 peleta obsahuje p\u0159esnou d\u00e1vku pyrazolamu, co\u017e umo\u017e\u0148uje snadn\u00e9 a p\u0159esn\u00e9 pod\u00e1v\u00e1n\u00ed.<\/p>\n<h3>V\u00fdhody n\u00e1kupu u rckopen.com<\/h3>\n<p>Kdy\u017e si objedn\u00e1te pyrazolov\u00e9 pelety 3 mg od rckopen.com, m\u016f\u017eete si b\u00fdt jisti, \u017ee dost\u00e1v\u00e1te produkt nejvy\u0161\u0161\u00ed kvality. Na\u0161e pelety jsou vyr\u00e1b\u011bny podle nejp\u0159\u00edsn\u011bj\u0161\u00edch norem a opat\u0159en\u00ed pro kontrolu kvality, aby byla zaji\u0161t\u011bna \u010distota a \u00fa\u010dinnost. N\u00e1\u0161 internetov\u00fd obchod nav\u00edc nab\u00edz\u00ed bezprobl\u00e9mov\u00e9 nakupov\u00e1n\u00ed, rychl\u00e9 dod\u00e1n\u00ed a diskr\u00e9tn\u00ed balen\u00ed pro va\u0161e pohodl\u00ed.<\/p>\n<h3>Jak koupit Pyrazolam Pellets 3 mg<\/h3>\n<p>Zaj\u00edm\u00e1 v\u00e1s, kde koupit pyrazole pellets 3 mg? Nehledejte nic jin\u00e9ho ne\u017e rckopen.com! N\u00e1\u0161 internetov\u00fd obchod nab\u00edz\u00ed bezprobl\u00e9mov\u00fd objedn\u00e1vkov\u00fd proces, kter\u00fd v\u00e1m umo\u017en\u00ed koupit pyrazol pelety 3 mg na n\u011bkolik kliknut\u00ed. Sta\u010d\u00ed p\u0159idat po\u017eadovan\u00e9 mno\u017estv\u00ed do ko\u0161\u00edku, zadat p\u0159epravn\u00ed \u00fadaje a p\u0159ej\u00edt k pokladn\u011b. Je to tak snadn\u00e9!<\/p>\n<h3>Objedn\u00e1v\u00e1n\u00ed bez l\u00e9ka\u0159sk\u00e9ho p\u0159edpisu<\/h3>\n<p>Ve spole\u010dnosti rckopen.com v\u011b\u0159\u00edme, \u017ee p\u0159\u00edstup ke kvalitn\u00edm produkt\u016fm by m\u011bl b\u00fdt jednoduch\u00fd a snadn\u00fd. Proto nab\u00edz\u00edme pyrazole pelety 3 mg k prodeji bez l\u00e9ka\u0159sk\u00e9ho p\u0159edpisu. Jednodu\u0161e si objednejte a my se postar\u00e1me o zbytek. N\u00e1\u0161 bezpe\u010dn\u00fd a \u0161ifrovan\u00fd platebn\u00ed proces zaji\u0161\u0165uje, \u017ee va\u0161e \u00fadaje jsou v bezpe\u010d\u00ed a chr\u00e1n\u011bn\u00e9.<\/p>\n<h3>Rozd\u00edl rckopen.com<\/h3>\n<p>\u010c\u00edm se rckopen.com li\u0161\u00ed od ostatn\u00edch online obchod\u016f s pyrazolampellets 3mg? Na\u0161\u00edm c\u00edlem je poskytnout z\u00e1kazn\u00edk\u016fm vynikaj\u00edc\u00ed z\u00e1\u017eitek z nakupov\u00e1n\u00ed od za\u010d\u00e1tku a\u017e do konce. N\u00e1\u0161 odborn\u00fd t\u00fdm z\u00e1kaznick\u00e9ho servisu je p\u0159ipraven zodpov\u011bd\u011bt v\u0161echny va\u0161e dotazy nebo p\u0159ipom\u00ednky, tak\u017ee si m\u016f\u017eete b\u00fdt jisti sv\u00fdm n\u00e1kupem. D\u00edky rychl\u00e9 p\u0159eprav\u011b a diskr\u00e9tn\u00edmu balen\u00ed m\u016f\u017eete d\u016fv\u011b\u0159ovat, \u017ee rckopen.com doru\u010d\u00ed va\u0161i objedn\u00e1vku rychle a bezpe\u010dn\u011b.<\/p>\n<p>Pokud si chcete koupit pyrazol pelety 3 mg online ve Velk\u00e9 Brit\u00e1nii, nehledejte nic jin\u00e9ho ne\u017e rckopen.com. N\u00e1\u0161 z\u00e1vazek ke kvalit\u011b a spokojenosti z\u00e1kazn\u00edk\u016f n\u00e1s odli\u0161uje od konkurence. D\u00edky snadn\u00e9mu objedn\u00e1v\u00e1n\u00ed, rychl\u00e9mu doru\u010den\u00ed a prvot\u0159\u00eddn\u00edm produkt\u016fm je rckopen.com va\u0161\u00edm jedin\u00fdm m\u00edstem pro v\u0161echny va\u0161e pot\u0159eby v oblasti pyrazolamov\u00fdch pelet. Objednejte si pyrazolam pelety 3 mg je\u0161t\u011b dnes a vyzkou\u0161ejte si kvalitu a pohodl\u00ed rckopen.com na vlastn\u00ed k\u016f\u017ei!<\/p>","protected":false},"excerpt":{"rendered":"<p><strong>Forma: <\/strong>pelety<\/p>\n<p><strong>NMR anal\u00fdza: <\/strong>NEUPLAT\u0147UJE SE<\/p>","protected":false},"featured_media":6627,"comment_status":"open","ping_status":"closed","template":"","meta":{"_joinchat":[]},"product_brand":[],"product_cat":[144],"product_tag":[],"class_list":{"0":"post-6609","1":"product","2":"type-product","3":"status-publish","4":"has-post-thumbnail","6":"product_cat-pellets","8":"first","9":"instock","10":"shipping-taxable","11":"purchasable","12":"product-type-variable"},"yoast_head":"<!-- This site is optimized with the Yoast SEO plugin v26.3 - https:\/\/yoast.com\/wordpress\/plugins\/seo\/ -->\n<title>Pyrazolam-pellets 3MG online kopen - Pyrazolam-pellets te koop<\/title>\n<meta name=\"description\" content=\"Onze winkel heeft Pyrazolam Pellets 3 mg van topkwaliteit te koop. U kunt nooit om de kwaliteit van onze producten heen. Als u het nodig heeft, koop dan meteen Pyrazolam Pellets 3 mg online. Bestel nu!\" \/>\n<meta name=\"robots\" content=\"index, follow, max-snippet:-1, max-image-preview:large, max-video-preview:-1\" \/>\n<link rel=\"canonical\" href=\"https:\/\/rckopen.com\/cs\/produkt\/pyrazolam-pelety-3mg\/\" \/>\n<meta property=\"og:locale\" content=\"cs_CZ\" \/>\n<meta property=\"og:type\" content=\"article\" \/>\n<meta property=\"og:title\" content=\"Pyrazolam-pellets 3MG online kopen - Pyrazolam-pellets te koop\" \/>\n<meta property=\"og:description\" content=\"Onze winkel heeft Pyrazolam Pellets 3 mg van topkwaliteit te koop. U kunt nooit om de kwaliteit van onze producten heen. Als u het nodig heeft, koop dan meteen Pyrazolam Pellets 3 mg online. Bestel nu!\" \/>\n<meta property=\"og:url\" content=\"https:\/\/rckopen.com\/cs\/produkt\/pyrazolam-pelety-3mg\/\" \/>\n<meta property=\"og:site_name\" content=\"RC Kopen\" \/>\n<meta property=\"article:modified_time\" content=\"2025-09-16T09:10:53+00:00\" \/>\n<meta property=\"og:image\" content=\"https:\/\/rckopen.com\/wp-content\/uploads\/2023\/08\/pyrazolam-pellets-3mg.jpg\" \/>\n\t<meta property=\"og:image:width\" content=\"600\" \/>\n\t<meta property=\"og:image:height\" content=\"600\" \/>\n\t<meta property=\"og:image:type\" content=\"image\/jpeg\" \/>\n<meta name=\"twitter:card\" content=\"summary_large_image\" \/>\n<meta name=\"twitter:label1\" content=\"Odhadovan\u00e1 doba \u010dten\u00ed\" \/>\n\t<meta name=\"twitter:data1\" content=\"3 minuty\" \/>\n<script type=\"application\/ld+json\" class=\"yoast-schema-graph\">{\"@context\":\"https:\/\/schema.org\",\"@graph\":[{\"@type\":\"WebPage\",\"@id\":\"https:\/\/rckopen.com\/product\/pyrazolam-pellets-3mg\/\",\"url\":\"https:\/\/rckopen.com\/product\/pyrazolam-pellets-3mg\/\",\"name\":\"Pyrazolam-pellets 3MG online kopen - Pyrazolam-pellets te koop\",\"isPartOf\":{\"@id\":\"https:\/\/rckopen.com\/#website\"},\"primaryImageOfPage\":{\"@id\":\"https:\/\/rckopen.com\/product\/pyrazolam-pellets-3mg\/#primaryimage\"},\"image\":{\"@id\":\"https:\/\/rckopen.com\/product\/pyrazolam-pellets-3mg\/#primaryimage\"},\"thumbnailUrl\":\"https:\/\/rckopen.com\/wp-content\/uploads\/2023\/08\/pyrazolam-pellets-3mg.jpg\",\"datePublished\":\"2023-08-16T10:33:46+00:00\",\"dateModified\":\"2025-09-16T09:10:53+00:00\",\"description\":\"Onze winkel heeft Pyrazolam Pellets 3 mg van topkwaliteit te koop. U kunt nooit om de kwaliteit van onze producten heen. Als u het nodig heeft, koop dan meteen Pyrazolam Pellets 3 mg online. Bestel nu!\",\"breadcrumb\":{\"@id\":\"https:\/\/rckopen.com\/product\/pyrazolam-pellets-3mg\/#breadcrumb\"},\"inLanguage\":\"cs\",\"potentialAction\":[{\"@type\":\"ReadAction\",\"target\":[\"https:\/\/rckopen.com\/product\/pyrazolam-pellets-3mg\/\"]}]},{\"@type\":\"ImageObject\",\"inLanguage\":\"cs\",\"@id\":\"https:\/\/rckopen.com\/product\/pyrazolam-pellets-3mg\/#primaryimage\",\"url\":\"https:\/\/rckopen.com\/wp-content\/uploads\/2023\/08\/pyrazolam-pellets-3mg.jpg\",\"contentUrl\":\"https:\/\/rckopen.com\/wp-content\/uploads\/2023\/08\/pyrazolam-pellets-3mg.jpg\",\"width\":600,\"height\":600,\"caption\":\"pyrazolam-pellets-3mg online kopen\"},{\"@type\":\"BreadcrumbList\",\"@id\":\"https:\/\/rckopen.com\/product\/pyrazolam-pellets-3mg\/#breadcrumb\",\"itemListElement\":[{\"@type\":\"ListItem\",\"position\":1,\"name\":\"Home\",\"item\":\"https:\/\/rckopen.com\/\"},{\"@type\":\"ListItem\",\"position\":2,\"name\":\"Shop\",\"item\":\"https:\/\/rckopen.com\/shop\/\"},{\"@type\":\"ListItem\",\"position\":3,\"name\":\"pyrazolam pellets 3mg online kopen\"}]},{\"@type\":\"WebSite\",\"@id\":\"https:\/\/rckopen.com\/#website\",\"url\":\"https:\/\/rckopen.com\/\",\"name\":\"RC Kopen\",\"description\":\"Research Chemicals\",\"potentialAction\":[{\"@type\":\"SearchAction\",\"target\":{\"@type\":\"EntryPoint\",\"urlTemplate\":\"https:\/\/rckopen.com\/?s={search_term_string}\"},\"query-input\":{\"@type\":\"PropertyValueSpecification\",\"valueRequired\":true,\"valueName\":\"search_term_string\"}}],\"inLanguage\":\"cs\"}]}<\/script>\n<!-- \/ Yoast SEO plugin. -->","yoast_head_json":{"title":"Pyrazolam-pellets 3MG online kopen - Pyrazolam-pellets te koop","description":"Onze winkel heeft Pyrazolam Pellets 3 mg van topkwaliteit te koop. U kunt nooit om de kwaliteit van onze producten heen. Als u het nodig heeft, koop dan meteen Pyrazolam Pellets 3 mg online. Bestel nu!","robots":{"index":"index","follow":"follow","max-snippet":"max-snippet:-1","max-image-preview":"max-image-preview:large","max-video-preview":"max-video-preview:-1"},"canonical":"https:\/\/rckopen.com\/cs\/produkt\/pyrazolam-pelety-3mg\/","og_locale":"cs_CZ","og_type":"article","og_title":"Pyrazolam-pellets 3MG online kopen - Pyrazolam-pellets te koop","og_description":"Onze winkel heeft Pyrazolam Pellets 3 mg van topkwaliteit te koop. U kunt nooit om de kwaliteit van onze producten heen. Als u het nodig heeft, koop dan meteen Pyrazolam Pellets 3 mg online. Bestel nu!","og_url":"https:\/\/rckopen.com\/cs\/produkt\/pyrazolam-pelety-3mg\/","og_site_name":"RC Kopen","article_modified_time":"2025-09-16T09:10:53+00:00","og_image":[{"width":600,"height":600,"url":"https:\/\/rckopen.com\/wp-content\/uploads\/2023\/08\/pyrazolam-pellets-3mg.jpg","type":"image\/jpeg"}],"twitter_card":"summary_large_image","twitter_misc":{"Odhadovan\u00e1 doba \u010dten\u00ed":"3 minuty"},"schema":{"@context":"https:\/\/schema.org","@graph":[{"@type":"WebPage","@id":"https:\/\/rckopen.com\/product\/pyrazolam-pellets-3mg\/","url":"https:\/\/rckopen.com\/product\/pyrazolam-pellets-3mg\/","name":"Pyrazolam-pellets 3MG online kopen - Pyrazolam-pellets te koop","isPartOf":{"@id":"https:\/\/rckopen.com\/#website"},"primaryImageOfPage":{"@id":"https:\/\/rckopen.com\/product\/pyrazolam-pellets-3mg\/#primaryimage"},"image":{"@id":"https:\/\/rckopen.com\/product\/pyrazolam-pellets-3mg\/#primaryimage"},"thumbnailUrl":"https:\/\/rckopen.com\/wp-content\/uploads\/2023\/08\/pyrazolam-pellets-3mg.jpg","datePublished":"2023-08-16T10:33:46+00:00","dateModified":"2025-09-16T09:10:53+00:00","description":"Onze winkel heeft Pyrazolam Pellets 3 mg van topkwaliteit te koop. U kunt nooit om de kwaliteit van onze producten heen. Als u het nodig heeft, koop dan meteen Pyrazolam Pellets 3 mg online. Bestel nu!","breadcrumb":{"@id":"https:\/\/rckopen.com\/product\/pyrazolam-pellets-3mg\/#breadcrumb"},"inLanguage":"cs","potentialAction":[{"@type":"ReadAction","target":["https:\/\/rckopen.com\/product\/pyrazolam-pellets-3mg\/"]}]},{"@type":"ImageObject","inLanguage":"cs","@id":"https:\/\/rckopen.com\/product\/pyrazolam-pellets-3mg\/#primaryimage","url":"https:\/\/rckopen.com\/wp-content\/uploads\/2023\/08\/pyrazolam-pellets-3mg.jpg","contentUrl":"https:\/\/rckopen.com\/wp-content\/uploads\/2023\/08\/pyrazolam-pellets-3mg.jpg","width":600,"height":600,"caption":"pyrazolam-pellets-3mg online kopen"},{"@type":"BreadcrumbList","@id":"https:\/\/rckopen.com\/product\/pyrazolam-pellets-3mg\/#breadcrumb","itemListElement":[{"@type":"ListItem","position":1,"name":"Home","item":"https:\/\/rckopen.com\/"},{"@type":"ListItem","position":2,"name":"Shop","item":"https:\/\/rckopen.com\/shop\/"},{"@type":"ListItem","position":3,"name":"pyrazolam pellets 3mg online kopen"}]},{"@type":"WebSite","@id":"https:\/\/rckopen.com\/#website","url":"https:\/\/rckopen.com\/","name":"RC Kopen","description":"Research Chemicals","potentialAction":[{"@type":"SearchAction","target":{"@type":"EntryPoint","urlTemplate":"https:\/\/rckopen.com\/?s={search_term_string}"},"query-input":{"@type":"PropertyValueSpecification","valueRequired":true,"valueName":"search_term_string"}}],"inLanguage":"cs"}]}},"_links":{"self":[{"href":"https:\/\/rckopen.com\/cs\/wp-json\/wp\/v2\/product\/6609","targetHints":{"allow":["GET"]}}],"collection":[{"href":"https:\/\/rckopen.com\/cs\/wp-json\/wp\/v2\/product"}],"about":[{"href":"https:\/\/rckopen.com\/cs\/wp-json\/wp\/v2\/types\/product"}],"replies":[{"embeddable":true,"href":"https:\/\/rckopen.com\/cs\/wp-json\/wp\/v2\/comments?post=6609"}],"wp:featuredmedia":[{"embeddable":true,"href":"https:\/\/rckopen.com\/cs\/wp-json\/wp\/v2\/media\/6627"}],"wp:attachment":[{"href":"https:\/\/rckopen.com\/cs\/wp-json\/wp\/v2\/media?parent=6609"}],"wp:term":[{"taxonomy":"product_brand","embeddable":true,"href":"https:\/\/rckopen.com\/cs\/wp-json\/wp\/v2\/product_brand?post=6609"},{"taxonomy":"product_cat","embeddable":true,"href":"https:\/\/rckopen.com\/cs\/wp-json\/wp\/v2\/product_cat?post=6609"},{"taxonomy":"product_tag","embeddable":true,"href":"https:\/\/rckopen.com\/cs\/wp-json\/wp\/v2\/product_tag?post=6609"}],"curies":[{"name":"wp","href":"https:\/\/api.w.org\/{rel}","templated":true}]}}