{"id":6613,"date":"2023-08-16T10:40:48","date_gmt":"2023-08-16T10:40:48","guid":{"rendered":"https:\/\/diligentplug.com\/chems\/?post_type=product&#038;p=6613"},"modified":"2025-09-16T09:03:26","modified_gmt":"2025-09-16T09:03:26","slug":"4-fma-pellets-100mg","status":"publish","type":"product","link":"https:\/\/rckopen.com\/cs\/produkt\/4-pelety-fma-100-mg\/","title":{"rendered":"Koupit 4-FMA pelety 100 mg online"},"content":{"rendered":"<h2>4-FMA-pellets 100 mg online kopen<br \/>\nObjednejte si 3-FA pelety 50 mg snadno online: d\u016fv\u011bryhodn\u00fd obchod RCKopen<\/h2>\n<p>Chcete? <a href=\"https:\/\/rckopen.com\/cs\/produkt\/4-pelety-fma-100-mg\/\">4-FMA-pellets 100 mg online kopen<\/a>? Nehledejte nic jin\u00e9ho ne\u017e d\u016fv\u011bryhodn\u00fd obchod <a href=\"https:\/\/rckopen.com\/cs\/\">Rckopen.com<\/a>! Zde si m\u016f\u017eete jednodu\u0161e objednat 4-FMA pelety 100 mg online pomoc\u00ed n\u011bkolika kliknut\u00ed. N\u00e1\u0161 obchod nab\u00edz\u00ed \u0161irokou \u0161k\u00e1lu v\u00fdzkumn\u00fdch chemik\u00e1li\u00ed v\u010detn\u011b 4-FMA Pellets 100 mg pro v\u0161echny va\u0161e v\u00fdzkumn\u00e9 pot\u0159eby. D\u00edky na\u0161emu jednoduch\u00e9mu objedn\u00e1vkov\u00e9mu procesu a rychl\u00e9mu odesl\u00e1n\u00ed nebyl n\u00e1kup 4-FMA Pellets 100mg online nikdy jednodu\u0161\u0161\u00ed.<\/p>\n<h3>Pro\u010d si vybrat RCKopen a koupit 4-FMA pelety 100 mg?<\/h3>\n<p>Pokud jde o n\u00e1kup v\u00fdzkumn\u00fdch chemik\u00e1li\u00ed online, d\u016fv\u011bra je kl\u00ed\u010dov\u00e1. V RCKopen jsme hrd\u00ed na to, \u017ee jsme d\u016fv\u011bryhodn\u00fdm obchodem, kter\u00fd nab\u00edz\u00ed vysoce kvalitn\u00ed produkty. V\u0161echny na\u0161e <a href=\"https:\/\/en.wikipedia.org\/wiki\/4-Fluoromethamphetamine\">4-FMA<\/a>-pelety 100mg na prodej jsou z\u00edsk\u00e1v\u00e1ny od renomovan\u00fdch dodavatel\u016f, aby byla zaji\u0161t\u011bna \u010distota a \u00fa\u010dinnost. A\u0165 u\u017e jste zku\u0161en\u00fd v\u00fdzkumn\u00edk nebo kupec poprv\u00e9, m\u016f\u017eete d\u016fv\u011b\u0159ovat RCKopen, \u017ee v\u00e1m dod\u00e1 \u0161pi\u010dkov\u00e9 produkty.<\/p>\n<h3>Jak koupit 4-FMA pelety 100 mg online na RCKopen<\/h3>\n<p>Objednat si 4-FMA pelety 100 mg z RCKopen je jednoduch\u00e9 a pohodln\u00e9. Sta\u010d\u00ed nav\u0161t\u00edvit na\u0161e webov\u00e9 str\u00e1nky, prohl\u00e9dnout si nab\u00eddku v\u00fdzkumn\u00fdch chemik\u00e1li\u00ed a p\u0159idat 4-FMA pelety 100 mg legal do ko\u0161\u00edku. Pot\u00e9 p\u0159ejd\u011bte k pokladn\u011b a zadejte \u00fadaje o doprav\u011b. Jakmile bude va\u0161e objedn\u00e1vka potvrzena, n\u00e1\u0161 t\u00fdm bezpe\u010dn\u011b zabal\u00ed a ode\u0161le 4-FMA pelety 100 mg a\u017e p\u0159ed va\u0161e dve\u0159e. Je to tak snadn\u00e9!<\/p>\n<h3>Kde si m\u016f\u017eete koupit 4-FMA pelety 100 mg leg\u00e1ln\u011b online?<\/h3>\n<p>Je d\u016fle\u017eit\u00e9 koupit 4-FMA pelety 100 mg leg\u00e1ln\u011b, aby byla zaji\u0161t\u011bna bezpe\u010dnost a z\u00e1konnost va\u0161eho v\u00fdzkumu. RCKopen je renomovan\u00fd obchod, kter\u00fd dodr\u017euje v\u0161echny p\u0159edpisy a sm\u011brnice pro prodej v\u00fdzkumn\u00fdch chemik\u00e1li\u00ed. Kdy\u017e si u n\u00e1s koup\u00edte 4-FMA pelety 100 mg ve Velk\u00e9 Brit\u00e1nii, m\u016f\u017eete si b\u00fdt jisti, \u017ee kupujete leg\u00e1ln\u00ed produkt pro sv\u00e9 v\u00fdzkumn\u00e9 \u00fa\u010dely.<\/p>\n<h3>Pro\u010d si vybrat 4-FMA pelety 100 mg od RCKopen?<\/h3>\n<p>V obchod\u011b RCKopen 4-FMA pelety 100 mg se sna\u017e\u00edme poskytovat na\u0161im z\u00e1kazn\u00edk\u016fm nejlep\u0161\u00ed v\u00fdzkumn\u00e9 chemik\u00e1lie na trhu. Na\u0161e pelety 4-FMA 100mg na prodej maj\u00ed nejvy\u0161\u0161\u00ed kvalitu a \u010distotu, tak\u017ee jsou ide\u00e1ln\u00ed pro v\u00fdzkumn\u00e9 \u00fa\u010dely. A\u0165 u\u017e prov\u00e1d\u00edte pokusy v laborato\u0159i nebo studujete \u00fa\u010dinky chemick\u00fdch l\u00e1tek, na\u0161e pelety 4-FMA 100 mg jsou ide\u00e1ln\u00ed volbou pro va\u0161e v\u00fdzkumn\u00e9 pot\u0159eby.<\/p>","protected":false},"excerpt":{"rendered":"<p><strong>Forma: <\/strong>pelety<\/p>\n<p><strong>NMR anal\u00fdza: <\/strong>NEUPLAT\u0147UJE SE<\/p>","protected":false},"featured_media":6630,"comment_status":"open","ping_status":"closed","template":"","meta":{"_joinchat":[]},"product_brand":[],"product_cat":[144],"product_tag":[],"class_list":{"0":"post-6613","1":"product","2":"type-product","3":"status-publish","4":"has-post-thumbnail","6":"product_cat-pellets","8":"first","9":"instock","10":"shipping-taxable","11":"purchasable","12":"product-type-variable"},"yoast_head":"<!-- This site is optimized with the Yoast SEO plugin v26.3 - https:\/\/yoast.com\/wordpress\/plugins\/seo\/ -->\n<title>4-FMA-Pellets-100MG online kopen - 4-FMA-Pellets-100MG te koop<\/title>\n<meta name=\"description\" content=\"Mis geen enkele kans om 4-FMA-Pellets-100MG online kopen bij onze Rckopen. We hebben uitsluitend te maken met 4-FMA-Pellets-100MG die tegen goedkope tarieven te koop zijn. Wij zijn hier om u te helpen. Bestel nu!\" \/>\n<meta name=\"robots\" content=\"index, follow, max-snippet:-1, max-image-preview:large, max-video-preview:-1\" \/>\n<link rel=\"canonical\" href=\"https:\/\/rckopen.com\/cs\/produkt\/4-pelety-fma-100-mg\/\" \/>\n<meta property=\"og:locale\" content=\"cs_CZ\" \/>\n<meta property=\"og:type\" content=\"article\" \/>\n<meta property=\"og:title\" content=\"4-FMA-Pellets-100MG online kopen - 4-FMA-Pellets-100MG te koop\" \/>\n<meta property=\"og:description\" content=\"Mis geen enkele kans om 4-FMA-Pellets-100MG online kopen bij onze Rckopen. We hebben uitsluitend te maken met 4-FMA-Pellets-100MG die tegen goedkope tarieven te koop zijn. Wij zijn hier om u te helpen. Bestel nu!\" \/>\n<meta property=\"og:url\" content=\"https:\/\/rckopen.com\/cs\/produkt\/4-pelety-fma-100-mg\/\" \/>\n<meta property=\"og:site_name\" content=\"RC Kopen\" \/>\n<meta property=\"article:modified_time\" content=\"2025-09-16T09:03:26+00:00\" \/>\n<meta property=\"og:image\" content=\"https:\/\/rckopen.com\/wp-content\/uploads\/2023\/08\/4-FMA-pellets-100mg.jpg\" \/>\n\t<meta property=\"og:image:width\" content=\"600\" \/>\n\t<meta property=\"og:image:height\" content=\"600\" \/>\n\t<meta property=\"og:image:type\" content=\"image\/jpeg\" \/>\n<meta name=\"twitter:card\" content=\"summary_large_image\" \/>\n<meta name=\"twitter:label1\" content=\"Odhadovan\u00e1 doba \u010dten\u00ed\" \/>\n\t<meta name=\"twitter:data1\" content=\"2 minuty\" \/>\n<script type=\"application\/ld+json\" class=\"yoast-schema-graph\">{\"@context\":\"https:\/\/schema.org\",\"@graph\":[{\"@type\":\"WebPage\",\"@id\":\"https:\/\/rckopen.com\/product\/4-fma-pellets-100mg\/\",\"url\":\"https:\/\/rckopen.com\/product\/4-fma-pellets-100mg\/\",\"name\":\"4-FMA-Pellets-100MG online kopen - 4-FMA-Pellets-100MG te koop\",\"isPartOf\":{\"@id\":\"https:\/\/rckopen.com\/#website\"},\"primaryImageOfPage\":{\"@id\":\"https:\/\/rckopen.com\/product\/4-fma-pellets-100mg\/#primaryimage\"},\"image\":{\"@id\":\"https:\/\/rckopen.com\/product\/4-fma-pellets-100mg\/#primaryimage\"},\"thumbnailUrl\":\"https:\/\/rckopen.com\/wp-content\/uploads\/2023\/08\/4-FMA-pellets-100mg.jpg\",\"datePublished\":\"2023-08-16T10:40:48+00:00\",\"dateModified\":\"2025-09-16T09:03:26+00:00\",\"description\":\"Mis geen enkele kans om 4-FMA-Pellets-100MG online kopen bij onze Rckopen. We hebben uitsluitend te maken met 4-FMA-Pellets-100MG die tegen goedkope tarieven te koop zijn. Wij zijn hier om u te helpen. Bestel nu!\",\"breadcrumb\":{\"@id\":\"https:\/\/rckopen.com\/product\/4-fma-pellets-100mg\/#breadcrumb\"},\"inLanguage\":\"cs\",\"potentialAction\":[{\"@type\":\"ReadAction\",\"target\":[\"https:\/\/rckopen.com\/product\/4-fma-pellets-100mg\/\"]}]},{\"@type\":\"ImageObject\",\"inLanguage\":\"cs\",\"@id\":\"https:\/\/rckopen.com\/product\/4-fma-pellets-100mg\/#primaryimage\",\"url\":\"https:\/\/rckopen.com\/wp-content\/uploads\/2023\/08\/4-FMA-pellets-100mg.jpg\",\"contentUrl\":\"https:\/\/rckopen.com\/wp-content\/uploads\/2023\/08\/4-FMA-pellets-100mg.jpg\",\"width\":600,\"height\":600,\"caption\":\"4-FMA-pellets-100mg online kopen\"},{\"@type\":\"BreadcrumbList\",\"@id\":\"https:\/\/rckopen.com\/product\/4-fma-pellets-100mg\/#breadcrumb\",\"itemListElement\":[{\"@type\":\"ListItem\",\"position\":1,\"name\":\"Home\",\"item\":\"https:\/\/rckopen.com\/\"},{\"@type\":\"ListItem\",\"position\":2,\"name\":\"Shop\",\"item\":\"https:\/\/rckopen.com\/shop\/\"},{\"@type\":\"ListItem\",\"position\":3,\"name\":\"4-FMA pellets 100mg online kopen\"}]},{\"@type\":\"WebSite\",\"@id\":\"https:\/\/rckopen.com\/#website\",\"url\":\"https:\/\/rckopen.com\/\",\"name\":\"RC Kopen\",\"description\":\"Research Chemicals\",\"potentialAction\":[{\"@type\":\"SearchAction\",\"target\":{\"@type\":\"EntryPoint\",\"urlTemplate\":\"https:\/\/rckopen.com\/?s={search_term_string}\"},\"query-input\":{\"@type\":\"PropertyValueSpecification\",\"valueRequired\":true,\"valueName\":\"search_term_string\"}}],\"inLanguage\":\"cs\"}]}<\/script>\n<!-- \/ Yoast SEO plugin. -->","yoast_head_json":{"title":"4-FMA-Pellets-100MG online kopen - 4-FMA-Pellets-100MG te koop","description":"Mis geen enkele kans om 4-FMA-Pellets-100MG online kopen bij onze Rckopen. We hebben uitsluitend te maken met 4-FMA-Pellets-100MG die tegen goedkope tarieven te koop zijn. Wij zijn hier om u te helpen. Bestel nu!","robots":{"index":"index","follow":"follow","max-snippet":"max-snippet:-1","max-image-preview":"max-image-preview:large","max-video-preview":"max-video-preview:-1"},"canonical":"https:\/\/rckopen.com\/cs\/produkt\/4-pelety-fma-100-mg\/","og_locale":"cs_CZ","og_type":"article","og_title":"4-FMA-Pellets-100MG online kopen - 4-FMA-Pellets-100MG te koop","og_description":"Mis geen enkele kans om 4-FMA-Pellets-100MG online kopen bij onze Rckopen. We hebben uitsluitend te maken met 4-FMA-Pellets-100MG die tegen goedkope tarieven te koop zijn. Wij zijn hier om u te helpen. Bestel nu!","og_url":"https:\/\/rckopen.com\/cs\/produkt\/4-pelety-fma-100-mg\/","og_site_name":"RC Kopen","article_modified_time":"2025-09-16T09:03:26+00:00","og_image":[{"width":600,"height":600,"url":"https:\/\/rckopen.com\/wp-content\/uploads\/2023\/08\/4-FMA-pellets-100mg.jpg","type":"image\/jpeg"}],"twitter_card":"summary_large_image","twitter_misc":{"Odhadovan\u00e1 doba \u010dten\u00ed":"2 minuty"},"schema":{"@context":"https:\/\/schema.org","@graph":[{"@type":"WebPage","@id":"https:\/\/rckopen.com\/product\/4-fma-pellets-100mg\/","url":"https:\/\/rckopen.com\/product\/4-fma-pellets-100mg\/","name":"4-FMA-Pellets-100MG online kopen - 4-FMA-Pellets-100MG te koop","isPartOf":{"@id":"https:\/\/rckopen.com\/#website"},"primaryImageOfPage":{"@id":"https:\/\/rckopen.com\/product\/4-fma-pellets-100mg\/#primaryimage"},"image":{"@id":"https:\/\/rckopen.com\/product\/4-fma-pellets-100mg\/#primaryimage"},"thumbnailUrl":"https:\/\/rckopen.com\/wp-content\/uploads\/2023\/08\/4-FMA-pellets-100mg.jpg","datePublished":"2023-08-16T10:40:48+00:00","dateModified":"2025-09-16T09:03:26+00:00","description":"Mis geen enkele kans om 4-FMA-Pellets-100MG online kopen bij onze Rckopen. We hebben uitsluitend te maken met 4-FMA-Pellets-100MG die tegen goedkope tarieven te koop zijn. Wij zijn hier om u te helpen. Bestel nu!","breadcrumb":{"@id":"https:\/\/rckopen.com\/product\/4-fma-pellets-100mg\/#breadcrumb"},"inLanguage":"cs","potentialAction":[{"@type":"ReadAction","target":["https:\/\/rckopen.com\/product\/4-fma-pellets-100mg\/"]}]},{"@type":"ImageObject","inLanguage":"cs","@id":"https:\/\/rckopen.com\/product\/4-fma-pellets-100mg\/#primaryimage","url":"https:\/\/rckopen.com\/wp-content\/uploads\/2023\/08\/4-FMA-pellets-100mg.jpg","contentUrl":"https:\/\/rckopen.com\/wp-content\/uploads\/2023\/08\/4-FMA-pellets-100mg.jpg","width":600,"height":600,"caption":"4-FMA-pellets-100mg online kopen"},{"@type":"BreadcrumbList","@id":"https:\/\/rckopen.com\/product\/4-fma-pellets-100mg\/#breadcrumb","itemListElement":[{"@type":"ListItem","position":1,"name":"Home","item":"https:\/\/rckopen.com\/"},{"@type":"ListItem","position":2,"name":"Shop","item":"https:\/\/rckopen.com\/shop\/"},{"@type":"ListItem","position":3,"name":"4-FMA pellets 100mg online kopen"}]},{"@type":"WebSite","@id":"https:\/\/rckopen.com\/#website","url":"https:\/\/rckopen.com\/","name":"RC Kopen","description":"Research Chemicals","potentialAction":[{"@type":"SearchAction","target":{"@type":"EntryPoint","urlTemplate":"https:\/\/rckopen.com\/?s={search_term_string}"},"query-input":{"@type":"PropertyValueSpecification","valueRequired":true,"valueName":"search_term_string"}}],"inLanguage":"cs"}]}},"_links":{"self":[{"href":"https:\/\/rckopen.com\/cs\/wp-json\/wp\/v2\/product\/6613","targetHints":{"allow":["GET"]}}],"collection":[{"href":"https:\/\/rckopen.com\/cs\/wp-json\/wp\/v2\/product"}],"about":[{"href":"https:\/\/rckopen.com\/cs\/wp-json\/wp\/v2\/types\/product"}],"replies":[{"embeddable":true,"href":"https:\/\/rckopen.com\/cs\/wp-json\/wp\/v2\/comments?post=6613"}],"wp:featuredmedia":[{"embeddable":true,"href":"https:\/\/rckopen.com\/cs\/wp-json\/wp\/v2\/media\/6630"}],"wp:attachment":[{"href":"https:\/\/rckopen.com\/cs\/wp-json\/wp\/v2\/media?parent=6613"}],"wp:term":[{"taxonomy":"product_brand","embeddable":true,"href":"https:\/\/rckopen.com\/cs\/wp-json\/wp\/v2\/product_brand?post=6613"},{"taxonomy":"product_cat","embeddable":true,"href":"https:\/\/rckopen.com\/cs\/wp-json\/wp\/v2\/product_cat?post=6613"},{"taxonomy":"product_tag","embeddable":true,"href":"https:\/\/rckopen.com\/cs\/wp-json\/wp\/v2\/product_tag?post=6613"}],"curies":[{"name":"wp","href":"https:\/\/api.w.org\/{rel}","templated":true}]}}