{"id":6617,"date":"2023-08-17T05:28:05","date_gmt":"2023-08-17T05:28:05","guid":{"rendered":"https:\/\/diligentplug.com\/chems\/?post_type=product&#038;p=6617"},"modified":"2025-09-16T09:00:35","modified_gmt":"2025-09-16T09:00:35","slug":"3-fea-pellets-150mg","status":"publish","type":"product","link":"https:\/\/rckopen.com\/cs\/produkt\/3-pelety-fea-150-mg\/","title":{"rendered":"Koupit pelety 3-FEA 150 mg online"},"content":{"rendered":"<h2><b>Koupit 3-FEA Pellets 150mg online - bezpe\u010dn\u011b, chyt\u0159e, leg\u00e1ln\u011b<\/b><\/h2>\n<p><span style=\"font-weight: 400;\">Chcete <\/span><b>Koupit 3-FEA pelety 150mg online<\/b><span style=\"font-weight: 400;\"> Pro profesion\u00e1ln\u00ed laboratorn\u00ed v\u00fdzkum? Na\u0161e p\u0159esn\u011b odm\u011b\u0159en\u00e9 pelety jsou laboratorn\u011b testov\u00e1ny, maj\u00ed konzistentn\u00ed slo\u017een\u00ed a jsou dod\u00e1v\u00e1ny diskr\u00e9tn\u011b - jsou volbou pro v\u00fdzkumn\u00edky, kte\u0159\u00ed hledaj\u00ed spolehlivost a p\u0159esnost.<\/span><\/p>\n<h3><b>Pro\u010d jsou pelety st\u00e1le obl\u00edben\u011bj\u0161\u00ed<\/b><\/h3>\n<p><span style=\"font-weight: 400;\">Z <\/span><b>peletov\u00e1 forma 3-FEA<\/b><span style=\"font-weight: 400;\"> se rychle prosazuje ve v\u00fdzkumn\u00fdch \u00fastavech a chemick\u00fdch laborato\u0159\u00edch. A to z dobr\u00e9ho d\u016fvodu:<\/span><\/p>\n<ul>\n<li style=\"font-weight: 400;\" aria-level=\"1\"><b>P\u0159esn\u00e9 d\u00e1vkov\u00e1n\u00ed<\/b><span style=\"font-weight: 400;\"> bez v\u00e1\u017een\u00ed<\/span><\/li>\n<li style=\"font-weight: 400;\" aria-level=\"1\"><b>Dlouh\u00e1 skladovatelnost<\/b><span style=\"font-weight: 400;\"> a men\u0161\u00ed vystaven\u00ed vzduchu nebo vlhkosti<\/span><\/li>\n<li style=\"font-weight: 400;\" aria-level=\"1\"><b>Snadn\u011bj\u0161\u00ed manipulace<\/b><span style=\"font-weight: 400;\"> ne\u017e pr\u00e1\u0161kov\u00e9 nebo tekut\u00e9 formy<\/span><\/li>\n<\/ul>\n<p><span style=\"font-weight: 400;\">Ka\u017ed\u00e1 peleta obsahuje p\u0159esn\u011b <\/span><b>150 mg 3-FEA<\/b><span style=\"font-weight: 400;\">lisovan\u00e9 za kontrolovan\u00fdch podm\u00ednek pro dosa\u017een\u00ed maxim\u00e1ln\u00ed rovnom\u011brnosti.<\/span><\/p>\n<h3><b>Pro\u010d je 150 mg ide\u00e1ln\u00ed d\u00e1vka pro v\u00fdzkum<\/b><\/h3>\n<p><span style=\"font-weight: 400;\">D\u00e1vka <\/span><b>150 miligram\u016f<\/b><span style=\"font-weight: 400;\"> je popul\u00e1rn\u00ed v r\u016fzn\u00fdch oblastech v\u00fdzkumu, proto\u017ee:<\/span><\/p>\n<ul>\n<li style=\"font-weight: 400;\" aria-level=\"1\"><span style=\"font-weight: 400;\">Spolehlivost p\u0159i opakovateln\u00fdch experimentech<\/span><\/li>\n<li style=\"font-weight: 400;\" aria-level=\"1\"><span style=\"font-weight: 400;\">Vhodn\u00e9 pro neurochemick\u00e9, farmakologick\u00e9 a behavior\u00e1ln\u00ed studie.<\/span><\/li>\n<li style=\"font-weight: 400;\" aria-level=\"1\"><span style=\"font-weight: 400;\">Sn\u00ed\u017een\u00e9 riziko p\u0159ed\u00e1vkov\u00e1n\u00ed nebo chyb m\u011b\u0159en\u00ed<\/span><\/li>\n<\/ul>\n<p><span style=\"font-weight: 400;\">Mnoho profesion\u00e1l\u016f si vyb\u00edr\u00e1 <\/span><a href=\"https:\/\/en.wikipedia.org\/wiki\/3-Fluoroethamphetamine\"><b>3-FEA 150 mg pelety<\/b><\/a><span style=\"font-weight: 400;\"> pracovat p\u0159esn\u011b a zodpov\u011bdn\u011b, bez odchylek mezi testy.<\/span><\/p>\n<h3><b>Pr\u00e1vn\u00ed status pelet 3-FEA<\/b><\/h3>\n<p><span style=\"font-weight: 400;\">Leg\u00e1lnost 3-FEA se v jednotliv\u00fdch zem\u00edch a regionech li\u0161\u00ed:<\/span><\/p>\n<ul>\n<li style=\"font-weight: 400;\" aria-level=\"1\"><span style=\"font-weight: 400;\">V n\u011bkter\u00fdch zem\u00edch nen\u00ed regulov\u00e1n a je leg\u00e1ln\u00ed pro v\u00fdzkumn\u00e9 \u00fa\u010dely.<\/span><\/li>\n<li style=\"font-weight: 400;\" aria-level=\"1\"><span style=\"font-weight: 400;\">V jin\u00fdch oblastech m\u016f\u017ee spadat pod pr\u00e1vn\u00ed p\u0159edpisy t\u00fdkaj\u00edc\u00ed se analogick\u00fdch nebo psychoaktivn\u00edch l\u00e1tek.<\/span><\/li>\n<\/ul>\n<p><span style=\"font-weight: 400;\">V\u017edy zkontrolujte <\/span><b>pr\u00e1vn\u00ed p\u0159edpisy ve va\u0161\u00ed zemi nebo regionu<\/b><span style=\"font-weight: 400;\"> p\u0159ed objedn\u00e1n\u00edm.<\/span><span style=\"font-weight: 400;\"><br \/>\n<\/span> <b>Pozn\u00e1mka<\/b><span style=\"font-weight: 400;\">: na\u0161e produkty 3-FEA jsou <\/span><b>ur\u010deno pouze pro v\u00fdzkumn\u00e9 \u00fa\u010dely<\/b><span style=\"font-weight: 400;\"> - <\/span><b>nevhodn\u00e9 k lidsk\u00e9 spot\u0159eb\u011b<\/b><span style=\"font-weight: 400;\">.<\/span><\/p>\n<h3><b>Osv\u011bd\u010den\u00e9 postupy pro n\u00e1kup pelet 3-FEA<\/b><\/h3>\n<p><span style=\"font-weight: 400;\">Vyberte si spolehliv\u00e9ho dodavatele s:<\/span><\/p>\n<ul>\n<li style=\"font-weight: 400;\" aria-level=\"1\"><span style=\"font-weight: 400;\">\u00dapln\u00fd p\u0159ehled o laboratorn\u00ed anal\u00fdze (k dispozici COA)<\/span><\/li>\n<li style=\"font-weight: 400;\" aria-level=\"1\"><span style=\"font-weight: 400;\">Transparentnost slo\u017een\u00ed, v\u00fdroby a p\u016fvodu<\/span><\/li>\n<li style=\"font-weight: 400;\" aria-level=\"1\"><span style=\"font-weight: 400;\">Rychl\u00fd a profesion\u00e1ln\u00ed z\u00e1kaznick\u00fd servis a pravidla pro vr\u00e1cen\u00ed zbo\u017e\u00ed<\/span><\/li>\n<\/ul>\n<p><span style=\"font-weight: 400;\">Jsme zn\u00e1m\u00ed jako <\/span><b>Nejlep\u0161\u00ed m\u00edsto pro n\u00e1kup 3-FEA pelety 150mg<\/b><span style=\"font-weight: 400;\"> - d\u00edky na\u0161emu z\u00e1vazku ke kvalit\u011b, bezpe\u010dnosti a orientaci na z\u00e1kazn\u00edka.<\/span><\/p>\n<h3><b>P\u0159eprava a ochrana osobn\u00edch \u00fadaj\u016f<\/b><\/h3>\n<p><span style=\"font-weight: 400;\">Ch\u00e1peme, \u017ee diskr\u00e9tnost je d\u016fle\u017eit\u00e1. Proto zaru\u010dujeme:<\/span><\/p>\n<ul>\n<li style=\"font-weight: 400;\" aria-level=\"1\"><b>Neutr\u00e1ln\u00ed, nen\u00e1padn\u00fd obal<\/b><\/li>\n<li style=\"font-weight: 400;\" aria-level=\"1\"><b>Sledovateln\u00e1 doprava po cel\u00e9m sv\u011bt\u011b<\/b><\/li>\n<li style=\"font-weight: 400;\" aria-level=\"1\"><b>Rychl\u00e1 z\u00e1kaznick\u00e1 podpora<\/b><span style=\"font-weight: 400;\"> v p\u0159\u00edpad\u011b dotaz\u016f na doru\u010den\u00ed<\/span><\/li>\n<\/ul>\n<p><span style=\"font-weight: 400;\">Po odesl\u00e1n\u00ed objedn\u00e1vky obdr\u017e\u00edte aktualizace s informacemi o sledov\u00e1n\u00ed z\u00e1silky. Pokud by se cokoli pokazilo, n\u00e1\u0161 t\u00fdm se v\u00e1m bude okam\u017eit\u011b v\u011bnovat.<\/span><\/p>\n<h3><b>Skladov\u00e1n\u00ed, bezpe\u010dnost a zodpov\u011bdn\u00e9 pou\u017e\u00edv\u00e1n\u00ed<\/b><\/h3>\n<p><span style=\"font-weight: 400;\">Pro optim\u00e1ln\u00ed uchov\u00e1n\u00ed va\u0161ich <\/span><b>3-FEA pelety 150 mg<\/b><span style=\"font-weight: 400;\">:<\/span><\/p>\n<ul>\n<li style=\"font-weight: 400;\" aria-level=\"1\"><span style=\"font-weight: 400;\">Ulo\u017eit na <\/span><b>chladn\u00e9, such\u00e9 a tmav\u00e9 m\u00edsto<\/b><\/li>\n<li style=\"font-weight: 400;\" aria-level=\"1\"><span style=\"font-weight: 400;\">Zabra\u0148te kontaktu se vzduchem nebo vlhkost\u00ed<\/span><\/li>\n<li style=\"font-weight: 400;\" aria-level=\"1\"><span style=\"font-weight: 400;\">P\u0159i pou\u017eit\u00ed v laborato\u0159i pou\u017e\u00edvejte rukavice a dodr\u017eujte bezpe\u010dnostn\u00ed pokyny.<\/span><\/li>\n<\/ul>\n<p><b>Nespr\u00e1vn\u00e9 pou\u017eit\u00ed m\u016f\u017ee p\u0159edstavovat pr\u00e1vn\u00ed nebo zdravotn\u00ed riziko.<\/b><b><br \/>\n<\/b><span style=\"font-weight: 400;\"> Pou\u017eijte tento produkt <\/span><b>pouze v legitimn\u00edm v\u00fdzkumn\u00e9m kontextu.<\/b><span style=\"font-weight: 400;\">.<\/span><\/p>\n<h3><b>Na z\u00e1v\u011br - Kupte si 3-FEA Pellets 150mg s d\u016fv\u011brou<\/b><\/h3>\n<p><span style=\"font-weight: 400;\">Pro seri\u00f3zn\u00ed v\u00fdzkumn\u00e9 pracovn\u00edky, kte\u0159\u00ed hledaj\u00ed kvalitu, spolehlivost a bezpe\u010dnost, jsou na\u0161e <\/span><a href=\"https:\/\/rckopen.com\/cs\/produkt\/3-pelety-fea-150-mg\/\"><b>3-FEA pelety 150mg na prodej<\/b><\/a><span style=\"font-weight: 400;\"> s plnou z\u00e1rukou \u010distoty a diskr\u00e9tn\u00edm doru\u010den\u00edm.<\/span><\/p>\n<p><b>Jste p\u0159ipraveni objednat?<\/b><b><br \/>\n<\/b><span style=\"font-weight: 400;\"> Klikn\u011bte na \"P\u0159idat do ko\u0161\u00edku\" a p\u0159esv\u011bd\u010dte se sami, pro\u010d jsme obl\u00edbenou volbou pro vysoce kvalitn\u00ed <\/span><b>3-FEA pelety 150 mg<\/b><span style=\"font-weight: 400;\">.<\/span><\/p>","protected":false},"excerpt":{"rendered":"<p><strong>N\u00e1zev IUPAC:<\/strong><\/p>\n<p><strong>Vzhled: <\/strong>pelety<\/p>\n<p><strong>NMR anal\u00fdza: <\/strong>NEUPLAT\u0147UJE SE<\/p>","protected":false},"featured_media":6638,"comment_status":"open","ping_status":"closed","template":"","meta":{"_joinchat":[]},"product_brand":[],"product_cat":[144],"product_tag":[],"class_list":{"0":"post-6617","1":"product","2":"type-product","3":"status-publish","4":"has-post-thumbnail","6":"product_cat-pellets","8":"first","9":"instock","10":"shipping-taxable","11":"purchasable","12":"product-type-variable"},"yoast_head":"<!-- This site is optimized with the Yoast SEO plugin v26.3 - https:\/\/yoast.com\/wordpress\/plugins\/seo\/ -->\n<title>3-FEA-pellets 150 mg online kopen - 3-FEA-pellets 150 mg te koop<\/title>\n<meta name=\"description\" content=\"Als u 3-FEA-Pellets 150 mg online wilt kopen, kan onze rc kopen-winkel u helpen. We hebben hier 3-FEA-Pellets 150mg te koop tegen de beste prijzen. Plaats uw bestelling en profiteer vandaag nog van de nieuwste aanbiedingen!\" \/>\n<meta name=\"robots\" content=\"index, follow, max-snippet:-1, max-image-preview:large, max-video-preview:-1\" \/>\n<link rel=\"canonical\" href=\"https:\/\/rckopen.com\/cs\/produkt\/3-pelety-fea-150-mg\/\" \/>\n<meta property=\"og:locale\" content=\"cs_CZ\" \/>\n<meta property=\"og:type\" content=\"article\" \/>\n<meta property=\"og:title\" content=\"3-FEA-pellets 150 mg online kopen - 3-FEA-pellets 150 mg te koop\" \/>\n<meta property=\"og:description\" content=\"Als u 3-FEA-Pellets 150 mg online wilt kopen, kan onze rc kopen-winkel u helpen. We hebben hier 3-FEA-Pellets 150mg te koop tegen de beste prijzen. Plaats uw bestelling en profiteer vandaag nog van de nieuwste aanbiedingen!\" \/>\n<meta property=\"og:url\" content=\"https:\/\/rckopen.com\/cs\/produkt\/3-pelety-fea-150-mg\/\" \/>\n<meta property=\"og:site_name\" content=\"RC Kopen\" \/>\n<meta property=\"article:modified_time\" content=\"2025-09-16T09:00:35+00:00\" \/>\n<meta property=\"og:image\" content=\"https:\/\/rckopen.com\/wp-content\/uploads\/2023\/08\/3-FEA-pellets-150mg.jpg\" \/>\n\t<meta property=\"og:image:width\" content=\"600\" \/>\n\t<meta property=\"og:image:height\" content=\"600\" \/>\n\t<meta property=\"og:image:type\" content=\"image\/jpeg\" \/>\n<meta name=\"twitter:card\" content=\"summary_large_image\" \/>\n<meta name=\"twitter:label1\" content=\"Odhadovan\u00e1 doba \u010dten\u00ed\" \/>\n\t<meta name=\"twitter:data1\" content=\"2 minuty\" \/>\n<script type=\"application\/ld+json\" class=\"yoast-schema-graph\">{\"@context\":\"https:\/\/schema.org\",\"@graph\":[{\"@type\":\"WebPage\",\"@id\":\"https:\/\/rckopen.com\/product\/3-fea-pellets-150mg\/\",\"url\":\"https:\/\/rckopen.com\/product\/3-fea-pellets-150mg\/\",\"name\":\"3-FEA-pellets 150 mg online kopen - 3-FEA-pellets 150 mg te koop\",\"isPartOf\":{\"@id\":\"https:\/\/rckopen.com\/#website\"},\"primaryImageOfPage\":{\"@id\":\"https:\/\/rckopen.com\/product\/3-fea-pellets-150mg\/#primaryimage\"},\"image\":{\"@id\":\"https:\/\/rckopen.com\/product\/3-fea-pellets-150mg\/#primaryimage\"},\"thumbnailUrl\":\"https:\/\/rckopen.com\/wp-content\/uploads\/2023\/08\/3-FEA-pellets-150mg.jpg\",\"datePublished\":\"2023-08-17T05:28:05+00:00\",\"dateModified\":\"2025-09-16T09:00:35+00:00\",\"description\":\"Als u 3-FEA-Pellets 150 mg online wilt kopen, kan onze rc kopen-winkel u helpen. We hebben hier 3-FEA-Pellets 150mg te koop tegen de beste prijzen. Plaats uw bestelling en profiteer vandaag nog van de nieuwste aanbiedingen!\",\"breadcrumb\":{\"@id\":\"https:\/\/rckopen.com\/product\/3-fea-pellets-150mg\/#breadcrumb\"},\"inLanguage\":\"cs\",\"potentialAction\":[{\"@type\":\"ReadAction\",\"target\":[\"https:\/\/rckopen.com\/product\/3-fea-pellets-150mg\/\"]}]},{\"@type\":\"ImageObject\",\"inLanguage\":\"cs\",\"@id\":\"https:\/\/rckopen.com\/product\/3-fea-pellets-150mg\/#primaryimage\",\"url\":\"https:\/\/rckopen.com\/wp-content\/uploads\/2023\/08\/3-FEA-pellets-150mg.jpg\",\"contentUrl\":\"https:\/\/rckopen.com\/wp-content\/uploads\/2023\/08\/3-FEA-pellets-150mg.jpg\",\"width\":600,\"height\":600,\"caption\":\"3-FEA-pellets-150mg Online Kopen\"},{\"@type\":\"BreadcrumbList\",\"@id\":\"https:\/\/rckopen.com\/product\/3-fea-pellets-150mg\/#breadcrumb\",\"itemListElement\":[{\"@type\":\"ListItem\",\"position\":1,\"name\":\"Home\",\"item\":\"https:\/\/rckopen.com\/\"},{\"@type\":\"ListItem\",\"position\":2,\"name\":\"Shop\",\"item\":\"https:\/\/rckopen.com\/shop\/\"},{\"@type\":\"ListItem\",\"position\":3,\"name\":\"3-FEA pellets 150mg Online Kopen\"}]},{\"@type\":\"WebSite\",\"@id\":\"https:\/\/rckopen.com\/#website\",\"url\":\"https:\/\/rckopen.com\/\",\"name\":\"RC Kopen\",\"description\":\"Research Chemicals\",\"potentialAction\":[{\"@type\":\"SearchAction\",\"target\":{\"@type\":\"EntryPoint\",\"urlTemplate\":\"https:\/\/rckopen.com\/?s={search_term_string}\"},\"query-input\":{\"@type\":\"PropertyValueSpecification\",\"valueRequired\":true,\"valueName\":\"search_term_string\"}}],\"inLanguage\":\"cs\"}]}<\/script>\n<!-- \/ Yoast SEO plugin. -->","yoast_head_json":{"title":"3-FEA-pellets 150 mg online kopen - 3-FEA-pellets 150 mg te koop","description":"Als u 3-FEA-Pellets 150 mg online wilt kopen, kan onze rc kopen-winkel u helpen. We hebben hier 3-FEA-Pellets 150mg te koop tegen de beste prijzen. Plaats uw bestelling en profiteer vandaag nog van de nieuwste aanbiedingen!","robots":{"index":"index","follow":"follow","max-snippet":"max-snippet:-1","max-image-preview":"max-image-preview:large","max-video-preview":"max-video-preview:-1"},"canonical":"https:\/\/rckopen.com\/cs\/produkt\/3-pelety-fea-150-mg\/","og_locale":"cs_CZ","og_type":"article","og_title":"3-FEA-pellets 150 mg online kopen - 3-FEA-pellets 150 mg te koop","og_description":"Als u 3-FEA-Pellets 150 mg online wilt kopen, kan onze rc kopen-winkel u helpen. We hebben hier 3-FEA-Pellets 150mg te koop tegen de beste prijzen. Plaats uw bestelling en profiteer vandaag nog van de nieuwste aanbiedingen!","og_url":"https:\/\/rckopen.com\/cs\/produkt\/3-pelety-fea-150-mg\/","og_site_name":"RC Kopen","article_modified_time":"2025-09-16T09:00:35+00:00","og_image":[{"width":600,"height":600,"url":"https:\/\/rckopen.com\/wp-content\/uploads\/2023\/08\/3-FEA-pellets-150mg.jpg","type":"image\/jpeg"}],"twitter_card":"summary_large_image","twitter_misc":{"Odhadovan\u00e1 doba \u010dten\u00ed":"2 minuty"},"schema":{"@context":"https:\/\/schema.org","@graph":[{"@type":"WebPage","@id":"https:\/\/rckopen.com\/product\/3-fea-pellets-150mg\/","url":"https:\/\/rckopen.com\/product\/3-fea-pellets-150mg\/","name":"3-FEA-pellets 150 mg online kopen - 3-FEA-pellets 150 mg te koop","isPartOf":{"@id":"https:\/\/rckopen.com\/#website"},"primaryImageOfPage":{"@id":"https:\/\/rckopen.com\/product\/3-fea-pellets-150mg\/#primaryimage"},"image":{"@id":"https:\/\/rckopen.com\/product\/3-fea-pellets-150mg\/#primaryimage"},"thumbnailUrl":"https:\/\/rckopen.com\/wp-content\/uploads\/2023\/08\/3-FEA-pellets-150mg.jpg","datePublished":"2023-08-17T05:28:05+00:00","dateModified":"2025-09-16T09:00:35+00:00","description":"Als u 3-FEA-Pellets 150 mg online wilt kopen, kan onze rc kopen-winkel u helpen. We hebben hier 3-FEA-Pellets 150mg te koop tegen de beste prijzen. Plaats uw bestelling en profiteer vandaag nog van de nieuwste aanbiedingen!","breadcrumb":{"@id":"https:\/\/rckopen.com\/product\/3-fea-pellets-150mg\/#breadcrumb"},"inLanguage":"cs","potentialAction":[{"@type":"ReadAction","target":["https:\/\/rckopen.com\/product\/3-fea-pellets-150mg\/"]}]},{"@type":"ImageObject","inLanguage":"cs","@id":"https:\/\/rckopen.com\/product\/3-fea-pellets-150mg\/#primaryimage","url":"https:\/\/rckopen.com\/wp-content\/uploads\/2023\/08\/3-FEA-pellets-150mg.jpg","contentUrl":"https:\/\/rckopen.com\/wp-content\/uploads\/2023\/08\/3-FEA-pellets-150mg.jpg","width":600,"height":600,"caption":"3-FEA-pellets-150mg Online Kopen"},{"@type":"BreadcrumbList","@id":"https:\/\/rckopen.com\/product\/3-fea-pellets-150mg\/#breadcrumb","itemListElement":[{"@type":"ListItem","position":1,"name":"Home","item":"https:\/\/rckopen.com\/"},{"@type":"ListItem","position":2,"name":"Shop","item":"https:\/\/rckopen.com\/shop\/"},{"@type":"ListItem","position":3,"name":"3-FEA pellets 150mg Online Kopen"}]},{"@type":"WebSite","@id":"https:\/\/rckopen.com\/#website","url":"https:\/\/rckopen.com\/","name":"RC Kopen","description":"Research Chemicals","potentialAction":[{"@type":"SearchAction","target":{"@type":"EntryPoint","urlTemplate":"https:\/\/rckopen.com\/?s={search_term_string}"},"query-input":{"@type":"PropertyValueSpecification","valueRequired":true,"valueName":"search_term_string"}}],"inLanguage":"cs"}]}},"_links":{"self":[{"href":"https:\/\/rckopen.com\/cs\/wp-json\/wp\/v2\/product\/6617","targetHints":{"allow":["GET"]}}],"collection":[{"href":"https:\/\/rckopen.com\/cs\/wp-json\/wp\/v2\/product"}],"about":[{"href":"https:\/\/rckopen.com\/cs\/wp-json\/wp\/v2\/types\/product"}],"replies":[{"embeddable":true,"href":"https:\/\/rckopen.com\/cs\/wp-json\/wp\/v2\/comments?post=6617"}],"wp:featuredmedia":[{"embeddable":true,"href":"https:\/\/rckopen.com\/cs\/wp-json\/wp\/v2\/media\/6638"}],"wp:attachment":[{"href":"https:\/\/rckopen.com\/cs\/wp-json\/wp\/v2\/media?parent=6617"}],"wp:term":[{"taxonomy":"product_brand","embeddable":true,"href":"https:\/\/rckopen.com\/cs\/wp-json\/wp\/v2\/product_brand?post=6617"},{"taxonomy":"product_cat","embeddable":true,"href":"https:\/\/rckopen.com\/cs\/wp-json\/wp\/v2\/product_cat?post=6617"},{"taxonomy":"product_tag","embeddable":true,"href":"https:\/\/rckopen.com\/cs\/wp-json\/wp\/v2\/product_tag?post=6617"}],"curies":[{"name":"wp","href":"https:\/\/api.w.org\/{rel}","templated":true}]}}