{"id":6620,"date":"2023-08-17T05:45:44","date_gmt":"2023-08-17T05:45:44","guid":{"rendered":"https:\/\/diligentplug.com\/chems\/?post_type=product&#038;p=6620"},"modified":"2025-09-16T09:05:18","modified_gmt":"2025-09-16T09:05:18","slug":"5-mapb-pellets-50mg","status":"publish","type":"product","link":"https:\/\/rckopen.com\/cs\/produkt\/5-pelet-mapb-50mg\/","title":{"rendered":"Koupit 5-MAPB pelety 50 mg online"},"content":{"rendered":"<h2>5-MAPB-pellets 50 mg online kopen<\/h2>\n<h3>Nejlep\u0161\u00ed online prodejci pelet 5-MAPB 50 mg: P\u0159ehled<\/h3>\n<p>V tomto \u010dl\u00e1nku budeme diskutovat o nejlep\u0161\u00edch online prodejc\u00edch, kde si m\u016f\u017eete koupit pelety 5-MAPB 50 mg. Pokud vy <a href=\"https:\/\/rckopen.com\/cs\/produkt\/5-pelet-mapb-50mg\/\">5-MAPB pastilky 50 mg<\/a> Pokud si chcete objednat bez l\u00e9ka\u0159sk\u00e9ho p\u0159edpisu, tyto internetov\u00e9 obchody nab\u00edzej\u00ed pohodln\u00fd zp\u016fsob, jak je bezpe\u010dn\u011b koupit.<\/p>\n<h3>Pro\u010d se maloobchodn\u00edci rozhodnou koupit pelety 5-MAPB 50 mg online?<\/h3>\n<p>N\u00e1kup pelet 5-MAPB 50 mg online m\u016f\u017ee b\u00fdt pohodln\u00fdm a diskr\u00e9tn\u00edm zp\u016fsobem, jak tyto produkty z\u00edskat. <a href=\"https:\/\/rckopen.com\/cs\/\">RCKOpen.com<\/a>. Internetov\u00ed prodejci nab\u00edzej\u00ed \u0161irok\u00fd v\u00fdb\u011br produkt\u016f a konkuren\u010dn\u00ed ceny. P\u0159ed n\u00e1kupem m\u016f\u017eete snadno porovnat r\u016fzn\u00e9 zna\u010dky a p\u0159e\u010d\u00edst si recenze od ostatn\u00edch z\u00e1kazn\u00edk\u016f.<\/p>\n<h3>Kde koupit 3-FA pelety 50 mg online?<\/h3>\n<p>Kdy\u017e hled\u00e1te to nejlep\u0161\u00ed m\u00edsto <a href=\"https:\/\/en.wikipedia.org\/wiki\/5-MAPB\">5-MAPB<\/a>-pelety 50mg na prodej, je nezbytn\u00e9 vybrat si renomovan\u00e9ho online prodejce. Rckopen.com je jeden z nejlep\u0161\u00edch online obchod\u016f, kter\u00fd nab\u00edz\u00ed k prodeji r\u016fzn\u00e9 pelety 5-MAPB 50 mg. Poskytuj\u00ed vysoce kvalitn\u00ed produkty a zaji\u0161\u0165uj\u00ed sv\u00fdm z\u00e1kazn\u00edk\u016fm bezpe\u010dn\u00fd z\u00e1\u017eitek z nakupov\u00e1n\u00ed.<\/p>\n<h3>V\u00fdhody n\u00e1kupu 5-MAPB pelet 50 mg od Rckopen.com<\/h3>\n<p>Vysoce kvalitn\u00ed produkty: Rckopen.com nab\u00edz\u00ed vysoce kvalitn\u00ed pelety 5-MAPB 50 mg vyroben\u00e9 podle nejvy\u0161\u0161\u00edch standard\u016f.<\/p>\n<p>Bezpe\u010dn\u00e9 mo\u017enosti platby: Pelety 5-MAPB 50 mg si m\u016f\u017eete koupit ve Spojen\u00e9m kr\u00e1lovstv\u00ed s d\u016fv\u011brou na Rckopen.com, proto\u017ee nab\u00edzej\u00ed bezpe\u010dn\u00e9 mo\u017enosti platby pro ochranu va\u0161ich osobn\u00edch \u00fadaj\u016f.<\/p>\n<p>Rychl\u00e1 doprava: Rckopen.com zaru\u010duje rychl\u00e9 doru\u010den\u00ed va\u0161\u00ed objedn\u00e1vky, abyste si mohli co nejd\u0159\u00edve u\u017e\u00edt v\u00fdhody objedn\u00e1vky 5-MAPB Pellets 50 mg.<\/p>\n<p>Z\u00e1ruka spokojenosti z\u00e1kazn\u00edka: Pokud nejste spokojeni se sv\u00fdm n\u00e1kupem, Rckopen.com nab\u00edz\u00ed z\u00e1ruku spokojenosti z\u00e1kazn\u00edka, abyste byli s objedn\u00e1vkou spokojeni.<\/p>\n<h3>Jak si mohu objednat pelety 5-MAPB 50 mg bez l\u00e9ka\u0159sk\u00e9ho p\u0159edpisu?<\/h3>\n<p>N\u00e1kup 5-MAPB Pellets 50 mg bez l\u00e9ka\u0159sk\u00e9ho p\u0159edpisu je snadn\u00fd a pohodln\u00fd, kdy\u017e nakupujete na Rckopen.com. M\u016f\u017eete proch\u00e1zet web, vybrat si produkty, kter\u00e9 chcete, a p\u0159ej\u00edt k pokladn\u011b. Pouh\u00fdmi n\u011bkolika kliknut\u00edmi si m\u016f\u017eete nechat sv\u00e9 5-MAPB pelety 50 mg doru\u010dit dom\u016f b\u011bhem okam\u017eiku.<br \/>\nPokud hled\u00e1te nejlep\u0161\u00ed online prodejce, kte\u0159\u00ed by leg\u00e1ln\u011b koupili 5-MAPB pelety 50 mg, Rckopen.com je tou nejlep\u0161\u00ed volbou. D\u00edky jejich vysoce kvalitn\u00edm produkt\u016fm, bezpe\u010dn\u00fdm platebn\u00edm mo\u017enostem, rychl\u00e9 p\u0159eprav\u011b a garanci spokojenosti z\u00e1kazn\u00edk\u016f m\u016f\u017eete d\u016fv\u011b\u0159ovat Rckopen.com, \u017ee v\u00e1m poskytne nejlep\u0161\u00ed n\u00e1kupn\u00ed z\u00e1\u017eitek pro va\u0161e pot\u0159eby 5-MAPB pelety 50 mg. Tak pro\u010d \u010dekat? Kupte si 5-MAPB pelety 50 mg online je\u0161t\u011b dnes na Rckopen.com!<\/p>","protected":false},"excerpt":{"rendered":"<p><strong>N\u00e1zev IUPAC: <\/strong>(1-(benzofuran-5-yl)-N-methylpropan-2-amin)<\/p>\n<p><strong>CAS # <\/strong>1354631-77-8<\/p>\n<p><strong>Vzhled: <\/strong>r\u016f\u017eov\u00e9 pelety<\/p>\n<p><strong>Forma: <\/strong>pelety<\/p>\n<p><strong>NMR anal\u00fdza: <\/strong>C12H15NO<\/p>","protected":false},"featured_media":6644,"comment_status":"open","ping_status":"closed","template":"","meta":{"_joinchat":[]},"product_brand":[],"product_cat":[144],"product_tag":[],"class_list":{"0":"post-6620","1":"product","2":"type-product","3":"status-publish","4":"has-post-thumbnail","6":"product_cat-pellets","8":"first","9":"instock","10":"shipping-taxable","11":"purchasable","12":"product-type-variable"},"yoast_head":"<!-- This site is optimized with the Yoast SEO plugin v26.3 - https:\/\/yoast.com\/wordpress\/plugins\/seo\/ -->\n<title>5-Mapb-pellets 50 mg online kopen - 5-Mapb-pellets 50 mg te koop<\/title>\n<meta name=\"description\" content=\"Als u 5-Mapb Pelltes 50 mg leuk vindt en op zoek bent naar een betrouwbare online winkel, koop dan hier. We hebben 5-Mapb Pelltes 50 mg van hoge kwaliteit te koop en u kunt 5-Mapb Pelltes 50 mg vandaag nog online kopen tegen een betaalbare prijs. Bestel nu!\" \/>\n<meta name=\"robots\" content=\"index, follow, max-snippet:-1, max-image-preview:large, max-video-preview:-1\" \/>\n<link rel=\"canonical\" href=\"https:\/\/rckopen.com\/cs\/produkt\/5-pelet-mapb-50mg\/\" \/>\n<meta property=\"og:locale\" content=\"cs_CZ\" \/>\n<meta property=\"og:type\" content=\"article\" \/>\n<meta property=\"og:title\" content=\"5-Mapb-pellets 50 mg online kopen - 5-Mapb-pellets 50 mg te koop\" \/>\n<meta property=\"og:description\" content=\"Als u 5-Mapb Pelltes 50 mg leuk vindt en op zoek bent naar een betrouwbare online winkel, koop dan hier. We hebben 5-Mapb Pelltes 50 mg van hoge kwaliteit te koop en u kunt 5-Mapb Pelltes 50 mg vandaag nog online kopen tegen een betaalbare prijs. Bestel nu!\" \/>\n<meta property=\"og:url\" content=\"https:\/\/rckopen.com\/cs\/produkt\/5-pelet-mapb-50mg\/\" \/>\n<meta property=\"og:site_name\" content=\"RC Kopen\" \/>\n<meta property=\"article:modified_time\" content=\"2025-09-16T09:05:18+00:00\" \/>\n<meta property=\"og:image\" content=\"https:\/\/rckopen.com\/wp-content\/uploads\/2023\/08\/5-MAPB-pellets-50mg.jpg\" \/>\n\t<meta property=\"og:image:width\" content=\"600\" \/>\n\t<meta property=\"og:image:height\" content=\"600\" \/>\n\t<meta property=\"og:image:type\" content=\"image\/jpeg\" \/>\n<meta name=\"twitter:card\" content=\"summary_large_image\" \/>\n<meta name=\"twitter:label1\" content=\"Odhadovan\u00e1 doba \u010dten\u00ed\" \/>\n\t<meta name=\"twitter:data1\" content=\"2 minuty\" \/>\n<script type=\"application\/ld+json\" class=\"yoast-schema-graph\">{\"@context\":\"https:\/\/schema.org\",\"@graph\":[{\"@type\":\"WebPage\",\"@id\":\"https:\/\/rckopen.com\/product\/5-mapb-pellets-50mg\/\",\"url\":\"https:\/\/rckopen.com\/product\/5-mapb-pellets-50mg\/\",\"name\":\"5-Mapb-pellets 50 mg online kopen - 5-Mapb-pellets 50 mg te koop\",\"isPartOf\":{\"@id\":\"https:\/\/rckopen.com\/#website\"},\"primaryImageOfPage\":{\"@id\":\"https:\/\/rckopen.com\/product\/5-mapb-pellets-50mg\/#primaryimage\"},\"image\":{\"@id\":\"https:\/\/rckopen.com\/product\/5-mapb-pellets-50mg\/#primaryimage\"},\"thumbnailUrl\":\"https:\/\/rckopen.com\/wp-content\/uploads\/2023\/08\/5-MAPB-pellets-50mg.jpg\",\"datePublished\":\"2023-08-17T05:45:44+00:00\",\"dateModified\":\"2025-09-16T09:05:18+00:00\",\"description\":\"Als u 5-Mapb Pelltes 50 mg leuk vindt en op zoek bent naar een betrouwbare online winkel, koop dan hier. We hebben 5-Mapb Pelltes 50 mg van hoge kwaliteit te koop en u kunt 5-Mapb Pelltes 50 mg vandaag nog online kopen tegen een betaalbare prijs. Bestel nu!\",\"breadcrumb\":{\"@id\":\"https:\/\/rckopen.com\/product\/5-mapb-pellets-50mg\/#breadcrumb\"},\"inLanguage\":\"cs\",\"potentialAction\":[{\"@type\":\"ReadAction\",\"target\":[\"https:\/\/rckopen.com\/product\/5-mapb-pellets-50mg\/\"]}]},{\"@type\":\"ImageObject\",\"inLanguage\":\"cs\",\"@id\":\"https:\/\/rckopen.com\/product\/5-mapb-pellets-50mg\/#primaryimage\",\"url\":\"https:\/\/rckopen.com\/wp-content\/uploads\/2023\/08\/5-MAPB-pellets-50mg.jpg\",\"contentUrl\":\"https:\/\/rckopen.com\/wp-content\/uploads\/2023\/08\/5-MAPB-pellets-50mg.jpg\",\"width\":600,\"height\":600,\"caption\":\"5-MAPB-pellets-50mg online kopen\"},{\"@type\":\"BreadcrumbList\",\"@id\":\"https:\/\/rckopen.com\/product\/5-mapb-pellets-50mg\/#breadcrumb\",\"itemListElement\":[{\"@type\":\"ListItem\",\"position\":1,\"name\":\"Home\",\"item\":\"https:\/\/rckopen.com\/\"},{\"@type\":\"ListItem\",\"position\":2,\"name\":\"Shop\",\"item\":\"https:\/\/rckopen.com\/shop\/\"},{\"@type\":\"ListItem\",\"position\":3,\"name\":\"5-MAPB pellets 50mg online kopen\"}]},{\"@type\":\"WebSite\",\"@id\":\"https:\/\/rckopen.com\/#website\",\"url\":\"https:\/\/rckopen.com\/\",\"name\":\"RC Kopen\",\"description\":\"Research Chemicals\",\"potentialAction\":[{\"@type\":\"SearchAction\",\"target\":{\"@type\":\"EntryPoint\",\"urlTemplate\":\"https:\/\/rckopen.com\/?s={search_term_string}\"},\"query-input\":{\"@type\":\"PropertyValueSpecification\",\"valueRequired\":true,\"valueName\":\"search_term_string\"}}],\"inLanguage\":\"cs\"}]}<\/script>\n<!-- \/ Yoast SEO plugin. -->","yoast_head_json":{"title":"5-Mapb-pellets 50 mg online kopen - 5-Mapb-pellets 50 mg te koop","description":"Als u 5-Mapb Pelltes 50 mg leuk vindt en op zoek bent naar een betrouwbare online winkel, koop dan hier. We hebben 5-Mapb Pelltes 50 mg van hoge kwaliteit te koop en u kunt 5-Mapb Pelltes 50 mg vandaag nog online kopen tegen een betaalbare prijs. Bestel nu!","robots":{"index":"index","follow":"follow","max-snippet":"max-snippet:-1","max-image-preview":"max-image-preview:large","max-video-preview":"max-video-preview:-1"},"canonical":"https:\/\/rckopen.com\/cs\/produkt\/5-pelet-mapb-50mg\/","og_locale":"cs_CZ","og_type":"article","og_title":"5-Mapb-pellets 50 mg online kopen - 5-Mapb-pellets 50 mg te koop","og_description":"Als u 5-Mapb Pelltes 50 mg leuk vindt en op zoek bent naar een betrouwbare online winkel, koop dan hier. We hebben 5-Mapb Pelltes 50 mg van hoge kwaliteit te koop en u kunt 5-Mapb Pelltes 50 mg vandaag nog online kopen tegen een betaalbare prijs. Bestel nu!","og_url":"https:\/\/rckopen.com\/cs\/produkt\/5-pelet-mapb-50mg\/","og_site_name":"RC Kopen","article_modified_time":"2025-09-16T09:05:18+00:00","og_image":[{"width":600,"height":600,"url":"https:\/\/rckopen.com\/wp-content\/uploads\/2023\/08\/5-MAPB-pellets-50mg.jpg","type":"image\/jpeg"}],"twitter_card":"summary_large_image","twitter_misc":{"Odhadovan\u00e1 doba \u010dten\u00ed":"2 minuty"},"schema":{"@context":"https:\/\/schema.org","@graph":[{"@type":"WebPage","@id":"https:\/\/rckopen.com\/product\/5-mapb-pellets-50mg\/","url":"https:\/\/rckopen.com\/product\/5-mapb-pellets-50mg\/","name":"5-Mapb-pellets 50 mg online kopen - 5-Mapb-pellets 50 mg te koop","isPartOf":{"@id":"https:\/\/rckopen.com\/#website"},"primaryImageOfPage":{"@id":"https:\/\/rckopen.com\/product\/5-mapb-pellets-50mg\/#primaryimage"},"image":{"@id":"https:\/\/rckopen.com\/product\/5-mapb-pellets-50mg\/#primaryimage"},"thumbnailUrl":"https:\/\/rckopen.com\/wp-content\/uploads\/2023\/08\/5-MAPB-pellets-50mg.jpg","datePublished":"2023-08-17T05:45:44+00:00","dateModified":"2025-09-16T09:05:18+00:00","description":"Als u 5-Mapb Pelltes 50 mg leuk vindt en op zoek bent naar een betrouwbare online winkel, koop dan hier. We hebben 5-Mapb Pelltes 50 mg van hoge kwaliteit te koop en u kunt 5-Mapb Pelltes 50 mg vandaag nog online kopen tegen een betaalbare prijs. Bestel nu!","breadcrumb":{"@id":"https:\/\/rckopen.com\/product\/5-mapb-pellets-50mg\/#breadcrumb"},"inLanguage":"cs","potentialAction":[{"@type":"ReadAction","target":["https:\/\/rckopen.com\/product\/5-mapb-pellets-50mg\/"]}]},{"@type":"ImageObject","inLanguage":"cs","@id":"https:\/\/rckopen.com\/product\/5-mapb-pellets-50mg\/#primaryimage","url":"https:\/\/rckopen.com\/wp-content\/uploads\/2023\/08\/5-MAPB-pellets-50mg.jpg","contentUrl":"https:\/\/rckopen.com\/wp-content\/uploads\/2023\/08\/5-MAPB-pellets-50mg.jpg","width":600,"height":600,"caption":"5-MAPB-pellets-50mg online kopen"},{"@type":"BreadcrumbList","@id":"https:\/\/rckopen.com\/product\/5-mapb-pellets-50mg\/#breadcrumb","itemListElement":[{"@type":"ListItem","position":1,"name":"Home","item":"https:\/\/rckopen.com\/"},{"@type":"ListItem","position":2,"name":"Shop","item":"https:\/\/rckopen.com\/shop\/"},{"@type":"ListItem","position":3,"name":"5-MAPB pellets 50mg online kopen"}]},{"@type":"WebSite","@id":"https:\/\/rckopen.com\/#website","url":"https:\/\/rckopen.com\/","name":"RC Kopen","description":"Research Chemicals","potentialAction":[{"@type":"SearchAction","target":{"@type":"EntryPoint","urlTemplate":"https:\/\/rckopen.com\/?s={search_term_string}"},"query-input":{"@type":"PropertyValueSpecification","valueRequired":true,"valueName":"search_term_string"}}],"inLanguage":"cs"}]}},"_links":{"self":[{"href":"https:\/\/rckopen.com\/cs\/wp-json\/wp\/v2\/product\/6620","targetHints":{"allow":["GET"]}}],"collection":[{"href":"https:\/\/rckopen.com\/cs\/wp-json\/wp\/v2\/product"}],"about":[{"href":"https:\/\/rckopen.com\/cs\/wp-json\/wp\/v2\/types\/product"}],"replies":[{"embeddable":true,"href":"https:\/\/rckopen.com\/cs\/wp-json\/wp\/v2\/comments?post=6620"}],"wp:featuredmedia":[{"embeddable":true,"href":"https:\/\/rckopen.com\/cs\/wp-json\/wp\/v2\/media\/6644"}],"wp:attachment":[{"href":"https:\/\/rckopen.com\/cs\/wp-json\/wp\/v2\/media?parent=6620"}],"wp:term":[{"taxonomy":"product_brand","embeddable":true,"href":"https:\/\/rckopen.com\/cs\/wp-json\/wp\/v2\/product_brand?post=6620"},{"taxonomy":"product_cat","embeddable":true,"href":"https:\/\/rckopen.com\/cs\/wp-json\/wp\/v2\/product_cat?post=6620"},{"taxonomy":"product_tag","embeddable":true,"href":"https:\/\/rckopen.com\/cs\/wp-json\/wp\/v2\/product_tag?post=6620"}],"curies":[{"name":"wp","href":"https:\/\/api.w.org\/{rel}","templated":true}]}}