{"id":6625,"date":"2023-08-17T06:00:16","date_gmt":"2023-08-17T06:00:16","guid":{"rendered":"https:\/\/diligentplug.com\/chems\/?post_type=product&#038;p=6625"},"modified":"2025-09-16T09:06:40","modified_gmt":"2025-09-16T09:06:40","slug":"5-meo-mipt-pellets-15mg","status":"publish","type":"product","link":"https:\/\/rckopen.com\/cs\/produkt\/5-pelet-meo-mipt-15mg\/","title":{"rendered":"Kupte si 5-MeO-MiPT pelety 15 mg online"},"content":{"rendered":"<h2>5-MeO-MiPT-pellets 15 mg online kopen<br \/>\nWaarom het online kopen van 5-MeO-MiPT-pellets 15 mg online kopen de slimme keuze voor u is<\/h2>\n<p>Hled\u00e1te spolehliv\u00fd zdroj pro n\u00e1kup pelet 5-MeO-MiPT 15 mg online? Nehledejte nic jin\u00e9ho ne\u017e rckopen.com! D\u00edky \u0161irok\u00e9mu v\u00fdb\u011bru vysoce kvalitn\u00edch produkt\u016f a nep\u0159ekonateln\u00e9mu z\u00e1kaznick\u00e9mu servisu je pro v\u00e1s n\u00e1kup 5-MeO-MiPT pelet 15mg z rckopen.com chytrou volbou. V tomto \u010dl\u00e1nku probereme v\u00fdhody leg\u00e1ln\u00edho n\u00e1kupu pelet 5-MeO-MiPT 15mg a pro\u010d je rckopen.com t\u00edm nejlep\u0161\u00edm m\u00edstem pro v\u00e1\u0161 n\u00e1kup.<\/p>\n<h3>Pohodl\u00ed a dostupnost<\/h3>\n<p>Kdy\u017e si koup\u00edte 5-MeO-MiPT pelety 15mg online, m\u016f\u017eete nakupovat kdykoli b\u011bhem dne nebo v noci z pohodl\u00ed va\u0161eho domova. Nen\u00ed t\u0159eba cestovat do kamenn\u00e9 prodejny nebo \u010dekat v dlouh\u00fdch front\u00e1ch \u2013 jednodu\u0161e si prohl\u00e9dn\u011bte webovou str\u00e1nku rckopen.com, p\u0159idejte produkty, kter\u00e9 chcete, do n\u00e1kupn\u00edho ko\u0161\u00edku a snadno prove\u010fte platbu. Pouh\u00fdmi n\u011bkolika kliknut\u00edmi bude va\u0161e objedn\u00e1vka na cest\u011b k va\u0161im dve\u0159\u00edm.<\/p>\n<h3>\u0160irok\u00fd v\u00fdb\u011br produkt\u016f<\/h3>\n<p>Rckopen.com nab\u00edz\u00ed \u0161irokou \u0161k\u00e1lu produkt\u016f, z nich\u017e si m\u016f\u017eete vybrat, v\u010detn\u011b 5-MeO-MiPT pelet 15 mg. A\u0165 u\u017e jste za\u010d\u00e1te\u010dn\u00edk nebo zku\u0161en\u00fd nad\u0161enec, na jejich webov\u00fdch str\u00e1nk\u00e1ch najdete v\u0161e, co pot\u0159ebujete. D\u00edky podrobn\u00fdm popis\u016fm produkt\u016f a recenz\u00edm z\u00e1kazn\u00edk\u016f m\u016f\u017eete p\u0159ed objedn\u00e1n\u00edm 5-MeO-MiPT pelety 15 mg u\u010dinit informovan\u00e9 rozhodnut\u00ed.<\/p>\n<h3>Kvalita a \u010distota<\/h3>\n<p>Kdy\u017e si objedn\u00e1te 5-MeO-MiPT pelety 15 mg bez l\u00e9ka\u0159sk\u00e9ho p\u0159edpisu od rckopen.com, m\u016f\u017eete si b\u00fdt jisti, \u017ee obdr\u017e\u00edte vysoce kvalitn\u00ed produkt. Rckopen.com z\u00edsk\u00e1v\u00e1 sv\u00e9 produkty od renomovan\u00fdch v\u00fdrobc\u016f a prov\u00e1d\u00ed d\u016fkladn\u00e9 kontroly kvality, aby zajistil \u010distotu a \u00fa\u010dinnost. P\u0159i n\u00e1kupu u rckopen.com si m\u016f\u017eete b\u00fdt jisti, \u017ee dost\u00e1v\u00e1te ten nejlep\u0161\u00ed mo\u017en\u00fd produkt.<\/p>\n<h3>Diskr\u00e9tn\u00ed balen\u00ed a p\u0159eprava<\/h3>\n<p>Na str\u00e1nk\u00e1ch rckopen.com je va\u0161e soukrom\u00ed nejvy\u0161\u0161\u00ed prioritou. V\u0161echny objedn\u00e1vky jsou zas\u00edl\u00e1ny v diskr\u00e9tn\u00edch obalech, aby byla chr\u00e1n\u011bna va\u0161e d\u016fv\u011brnost. A\u0165 u\u017e si objedn\u00e1v\u00e1te 5-MeO-MiPT pelety 15 mg pro osobn\u00ed pou\u017eit\u00ed nebo jako d\u00e1rek, m\u016f\u017eete si b\u00fdt jisti, \u017ee Va\u0161e objedn\u00e1vka 5-MeO-MiPT pelety 15 mg doraz\u00ed v po\u0159\u00e1dku a bezpe\u010dn\u011b. D\u00edky rychl\u00fdm a spolehliv\u00fdm mo\u017enostem p\u0159epravy se m\u016f\u017eete spolehnout, \u017ee va\u0161e objedn\u00e1vka bude doru\u010dena v\u010das.<\/p>\n<p>Chytrou volbou je nyn\u00ed n\u00e1kup 5-MeO-MiPT pelet 15 mg bez p\u0159edpisu online na rckopen.com. D\u00edky pohodl\u00ed online nakupov\u00e1n\u00ed, \u0161irok\u00e9mu v\u00fdb\u011bru produkt\u016f, zaji\u0161t\u011bn\u00ed kvality, diskr\u00e9tn\u00edmu balen\u00ed, dostupn\u00fdm cen\u00e1m a v\u00fdjime\u010dn\u00e9 z\u00e1kaznick\u00e9 podpo\u0159e m\u00e1 rckopen.com v\u0161e, co pot\u0159ebujete pro \u00fasp\u011b\u0161n\u00fd n\u00e1kup. Nev\u00e1hejte \u2013 nav\u0161tivte rckopen.com je\u0161t\u011b dnes a leg\u00e1ln\u011b si kupte pelety 5-MeO-MiPT 15 mg a objevte v\u00fdhody pro sebe!<\/p>","protected":false},"excerpt":{"rendered":"<p><strong>N\u00e1zev IUPAC:<\/strong><\/p>\n<p><strong>CAS # <\/strong>96096-55-8<\/p>\n<p><strong>Vzhled: <\/strong>Zelen\u00e1<\/p>\n<p><strong>Forma: <\/strong>pelety<\/p>\n<p><strong>NMR anal\u00fdza: <\/strong>C15H22N2O<\/p>","protected":false},"featured_media":6645,"comment_status":"open","ping_status":"closed","template":"","meta":{"_joinchat":[]},"product_brand":[],"product_cat":[144],"product_tag":[],"class_list":{"0":"post-6625","1":"product","2":"type-product","3":"status-publish","4":"has-post-thumbnail","6":"product_cat-pellets","8":"first","9":"instock","10":"shipping-taxable","11":"purchasable","12":"product-type-variable"},"yoast_head":"<!-- This site is optimized with the Yoast SEO plugin v26.3 - https:\/\/yoast.com\/wordpress\/plugins\/seo\/ -->\n<title>5 Meo Mipt-pellets 15 mg te koop - 5 Meo Mipt-pellets 15 mg kopen<\/title>\n<meta name=\"description\" content=\"5 Meo Mipt Pellets 15mg te koop bij een van de beste online winkels RC Kopen. Wij helpen u bij het online kopen van 5 Meo Mipt-pellets 15 mg van hoge kwaliteit. Wacht niet langer met bestellen en profiteer van de nieuwste kortingen!\" \/>\n<meta name=\"robots\" content=\"index, follow, max-snippet:-1, max-image-preview:large, max-video-preview:-1\" \/>\n<link rel=\"canonical\" href=\"https:\/\/rckopen.com\/cs\/produkt\/5-pelet-meo-mipt-15mg\/\" \/>\n<meta property=\"og:locale\" content=\"cs_CZ\" \/>\n<meta property=\"og:type\" content=\"article\" \/>\n<meta property=\"og:title\" content=\"5 Meo Mipt-pellets 15 mg te koop - 5 Meo Mipt-pellets 15 mg kopen\" \/>\n<meta property=\"og:description\" content=\"5 Meo Mipt Pellets 15mg te koop bij een van de beste online winkels RC Kopen. Wij helpen u bij het online kopen van 5 Meo Mipt-pellets 15 mg van hoge kwaliteit. Wacht niet langer met bestellen en profiteer van de nieuwste kortingen!\" \/>\n<meta property=\"og:url\" content=\"https:\/\/rckopen.com\/cs\/produkt\/5-pelet-meo-mipt-15mg\/\" \/>\n<meta property=\"og:site_name\" content=\"RC Kopen\" \/>\n<meta property=\"article:modified_time\" content=\"2025-09-16T09:06:40+00:00\" \/>\n<meta property=\"og:image\" content=\"https:\/\/rckopen.com\/wp-content\/uploads\/2023\/08\/5-MeO-MiPT-pellets.jpg\" \/>\n\t<meta property=\"og:image:width\" content=\"600\" \/>\n\t<meta property=\"og:image:height\" content=\"600\" \/>\n\t<meta property=\"og:image:type\" content=\"image\/jpeg\" \/>\n<meta name=\"twitter:card\" content=\"summary_large_image\" \/>\n<meta name=\"twitter:label1\" content=\"Odhadovan\u00e1 doba \u010dten\u00ed\" \/>\n\t<meta name=\"twitter:data1\" content=\"3 minuty\" \/>\n<script type=\"application\/ld+json\" class=\"yoast-schema-graph\">{\"@context\":\"https:\/\/schema.org\",\"@graph\":[{\"@type\":\"WebPage\",\"@id\":\"https:\/\/rckopen.com\/product\/5-meo-mipt-pellets-15mg\/\",\"url\":\"https:\/\/rckopen.com\/product\/5-meo-mipt-pellets-15mg\/\",\"name\":\"5 Meo Mipt-pellets 15 mg te koop - 5 Meo Mipt-pellets 15 mg kopen\",\"isPartOf\":{\"@id\":\"https:\/\/rckopen.com\/#website\"},\"primaryImageOfPage\":{\"@id\":\"https:\/\/rckopen.com\/product\/5-meo-mipt-pellets-15mg\/#primaryimage\"},\"image\":{\"@id\":\"https:\/\/rckopen.com\/product\/5-meo-mipt-pellets-15mg\/#primaryimage\"},\"thumbnailUrl\":\"https:\/\/rckopen.com\/wp-content\/uploads\/2023\/08\/5-MeO-MiPT-pellets.jpg\",\"datePublished\":\"2023-08-17T06:00:16+00:00\",\"dateModified\":\"2025-09-16T09:06:40+00:00\",\"description\":\"5 Meo Mipt Pellets 15mg te koop bij een van de beste online winkels RC Kopen. Wij helpen u bij het online kopen van 5 Meo Mipt-pellets 15 mg van hoge kwaliteit. Wacht niet langer met bestellen en profiteer van de nieuwste kortingen!\",\"breadcrumb\":{\"@id\":\"https:\/\/rckopen.com\/product\/5-meo-mipt-pellets-15mg\/#breadcrumb\"},\"inLanguage\":\"cs\",\"potentialAction\":[{\"@type\":\"ReadAction\",\"target\":[\"https:\/\/rckopen.com\/product\/5-meo-mipt-pellets-15mg\/\"]}]},{\"@type\":\"ImageObject\",\"inLanguage\":\"cs\",\"@id\":\"https:\/\/rckopen.com\/product\/5-meo-mipt-pellets-15mg\/#primaryimage\",\"url\":\"https:\/\/rckopen.com\/wp-content\/uploads\/2023\/08\/5-MeO-MiPT-pellets.jpg\",\"contentUrl\":\"https:\/\/rckopen.com\/wp-content\/uploads\/2023\/08\/5-MeO-MiPT-pellets.jpg\",\"width\":600,\"height\":600,\"caption\":\"5-MeO-MiPT-pellets online kopen\"},{\"@type\":\"BreadcrumbList\",\"@id\":\"https:\/\/rckopen.com\/product\/5-meo-mipt-pellets-15mg\/#breadcrumb\",\"itemListElement\":[{\"@type\":\"ListItem\",\"position\":1,\"name\":\"Home\",\"item\":\"https:\/\/rckopen.com\/\"},{\"@type\":\"ListItem\",\"position\":2,\"name\":\"Shop\",\"item\":\"https:\/\/rckopen.com\/shop\/\"},{\"@type\":\"ListItem\",\"position\":3,\"name\":\"5-MeO-MiPT pellets 15mg online kopen\"}]},{\"@type\":\"WebSite\",\"@id\":\"https:\/\/rckopen.com\/#website\",\"url\":\"https:\/\/rckopen.com\/\",\"name\":\"RC Kopen\",\"description\":\"Research Chemicals\",\"potentialAction\":[{\"@type\":\"SearchAction\",\"target\":{\"@type\":\"EntryPoint\",\"urlTemplate\":\"https:\/\/rckopen.com\/?s={search_term_string}\"},\"query-input\":{\"@type\":\"PropertyValueSpecification\",\"valueRequired\":true,\"valueName\":\"search_term_string\"}}],\"inLanguage\":\"cs\"}]}<\/script>\n<!-- \/ Yoast SEO plugin. -->","yoast_head_json":{"title":"5 Meo Mipt-pellets 15 mg te koop - 5 Meo Mipt-pellets 15 mg kopen","description":"5 Meo Mipt Pellets 15mg te koop bij een van de beste online winkels RC Kopen. Wij helpen u bij het online kopen van 5 Meo Mipt-pellets 15 mg van hoge kwaliteit. Wacht niet langer met bestellen en profiteer van de nieuwste kortingen!","robots":{"index":"index","follow":"follow","max-snippet":"max-snippet:-1","max-image-preview":"max-image-preview:large","max-video-preview":"max-video-preview:-1"},"canonical":"https:\/\/rckopen.com\/cs\/produkt\/5-pelet-meo-mipt-15mg\/","og_locale":"cs_CZ","og_type":"article","og_title":"5 Meo Mipt-pellets 15 mg te koop - 5 Meo Mipt-pellets 15 mg kopen","og_description":"5 Meo Mipt Pellets 15mg te koop bij een van de beste online winkels RC Kopen. Wij helpen u bij het online kopen van 5 Meo Mipt-pellets 15 mg van hoge kwaliteit. Wacht niet langer met bestellen en profiteer van de nieuwste kortingen!","og_url":"https:\/\/rckopen.com\/cs\/produkt\/5-pelet-meo-mipt-15mg\/","og_site_name":"RC Kopen","article_modified_time":"2025-09-16T09:06:40+00:00","og_image":[{"width":600,"height":600,"url":"https:\/\/rckopen.com\/wp-content\/uploads\/2023\/08\/5-MeO-MiPT-pellets.jpg","type":"image\/jpeg"}],"twitter_card":"summary_large_image","twitter_misc":{"Odhadovan\u00e1 doba \u010dten\u00ed":"3 minuty"},"schema":{"@context":"https:\/\/schema.org","@graph":[{"@type":"WebPage","@id":"https:\/\/rckopen.com\/product\/5-meo-mipt-pellets-15mg\/","url":"https:\/\/rckopen.com\/product\/5-meo-mipt-pellets-15mg\/","name":"5 Meo Mipt-pellets 15 mg te koop - 5 Meo Mipt-pellets 15 mg kopen","isPartOf":{"@id":"https:\/\/rckopen.com\/#website"},"primaryImageOfPage":{"@id":"https:\/\/rckopen.com\/product\/5-meo-mipt-pellets-15mg\/#primaryimage"},"image":{"@id":"https:\/\/rckopen.com\/product\/5-meo-mipt-pellets-15mg\/#primaryimage"},"thumbnailUrl":"https:\/\/rckopen.com\/wp-content\/uploads\/2023\/08\/5-MeO-MiPT-pellets.jpg","datePublished":"2023-08-17T06:00:16+00:00","dateModified":"2025-09-16T09:06:40+00:00","description":"5 Meo Mipt Pellets 15mg te koop bij een van de beste online winkels RC Kopen. Wij helpen u bij het online kopen van 5 Meo Mipt-pellets 15 mg van hoge kwaliteit. Wacht niet langer met bestellen en profiteer van de nieuwste kortingen!","breadcrumb":{"@id":"https:\/\/rckopen.com\/product\/5-meo-mipt-pellets-15mg\/#breadcrumb"},"inLanguage":"cs","potentialAction":[{"@type":"ReadAction","target":["https:\/\/rckopen.com\/product\/5-meo-mipt-pellets-15mg\/"]}]},{"@type":"ImageObject","inLanguage":"cs","@id":"https:\/\/rckopen.com\/product\/5-meo-mipt-pellets-15mg\/#primaryimage","url":"https:\/\/rckopen.com\/wp-content\/uploads\/2023\/08\/5-MeO-MiPT-pellets.jpg","contentUrl":"https:\/\/rckopen.com\/wp-content\/uploads\/2023\/08\/5-MeO-MiPT-pellets.jpg","width":600,"height":600,"caption":"5-MeO-MiPT-pellets online kopen"},{"@type":"BreadcrumbList","@id":"https:\/\/rckopen.com\/product\/5-meo-mipt-pellets-15mg\/#breadcrumb","itemListElement":[{"@type":"ListItem","position":1,"name":"Home","item":"https:\/\/rckopen.com\/"},{"@type":"ListItem","position":2,"name":"Shop","item":"https:\/\/rckopen.com\/shop\/"},{"@type":"ListItem","position":3,"name":"5-MeO-MiPT pellets 15mg online kopen"}]},{"@type":"WebSite","@id":"https:\/\/rckopen.com\/#website","url":"https:\/\/rckopen.com\/","name":"RC Kopen","description":"Research Chemicals","potentialAction":[{"@type":"SearchAction","target":{"@type":"EntryPoint","urlTemplate":"https:\/\/rckopen.com\/?s={search_term_string}"},"query-input":{"@type":"PropertyValueSpecification","valueRequired":true,"valueName":"search_term_string"}}],"inLanguage":"cs"}]}},"_links":{"self":[{"href":"https:\/\/rckopen.com\/cs\/wp-json\/wp\/v2\/product\/6625","targetHints":{"allow":["GET"]}}],"collection":[{"href":"https:\/\/rckopen.com\/cs\/wp-json\/wp\/v2\/product"}],"about":[{"href":"https:\/\/rckopen.com\/cs\/wp-json\/wp\/v2\/types\/product"}],"replies":[{"embeddable":true,"href":"https:\/\/rckopen.com\/cs\/wp-json\/wp\/v2\/comments?post=6625"}],"wp:featuredmedia":[{"embeddable":true,"href":"https:\/\/rckopen.com\/cs\/wp-json\/wp\/v2\/media\/6645"}],"wp:attachment":[{"href":"https:\/\/rckopen.com\/cs\/wp-json\/wp\/v2\/media?parent=6625"}],"wp:term":[{"taxonomy":"product_brand","embeddable":true,"href":"https:\/\/rckopen.com\/cs\/wp-json\/wp\/v2\/product_brand?post=6625"},{"taxonomy":"product_cat","embeddable":true,"href":"https:\/\/rckopen.com\/cs\/wp-json\/wp\/v2\/product_cat?post=6625"},{"taxonomy":"product_tag","embeddable":true,"href":"https:\/\/rckopen.com\/cs\/wp-json\/wp\/v2\/product_tag?post=6625"}],"curies":[{"name":"wp","href":"https:\/\/api.w.org\/{rel}","templated":true}]}}