{"id":6650,"date":"2023-08-17T06:31:13","date_gmt":"2023-08-17T06:31:13","guid":{"rendered":"https:\/\/diligentplug.com\/chems\/?post_type=product&#038;p=6650"},"modified":"2025-09-16T09:03:52","modified_gmt":"2025-09-16T09:03:52","slug":"4-ho-met-pellets-20mg","status":"publish","type":"product","link":"https:\/\/rckopen.com\/cs\/produkt\/4-ho-met-pellets-20mg\/","title":{"rendered":"Koupit 4-HO-MET pelety 20mg online"},"content":{"rendered":"<h2>4-HO-MET-pellets 20 mg online kopen<\/h2>\n<h3>Hled\u00e1n\u00ed cenov\u011b dostupn\u00fdch 4-HO-MET 20 mg tablet online: Kompletn\u00ed pr\u016fvodce<\/h3>\n<p>Pt\u00e1te se, kde jste <a href=\"https:\/\/rckopen.com\/cs\/produkt\/4-ho-met-pellets-20mg\/\">Koupit 4-HO-MET pelety 20 mg online<\/a> puoi acquistare, ma non sai da dove cominciare? Con l'aumento delle farmacie e dei venditori online, trovare una fonte affidabile che offra prezzi accessibili pu\u00f2 essere complicato. In questo articolo esploreremo le migliori opzioni per acquistare pellet 4-HO-MET da 20 mg senza prescrizione medica.<\/p>\n<h3>Pro\u010d nakupovat 4-HO-MET pelety 20 mg online?<\/h3>\n<p>Voordat we ons verdiepen in waar we <a href=\"https:\/\/en.wikipedia.org\/wiki\/4-HO-MET\">4-HO-MET<\/a>-pellets da 20 mg possono essere acquistati, dobbiamo prima capire perch\u00e9 acquistarli online pu\u00f2 essere un'opzione conveniente. I rivenditori online spesso offrono prezzi competitivi rispetto ai negozi fisici, consentendoti di risparmiare sui tuoi acquisti. Inoltre, acquistando online avrai accesso a una pi\u00f9 ampia selezione di prodotti e alla comodit\u00e0 di fare acquisti comodamente da casa tua.<\/p>\n<h3>Kde koupit cenov\u011b dostupn\u00e9 pelety 4-HO-MET 20 mg online<\/h3>\n<p>Quando si cercano pellet 4-HO-MET da 20 mg a prezzi accessibili in vendita online, \u00e8 fondamentale scegliere un fornitore affidabile per garantire la qualit\u00e0 e la sicurezza del prodotto. Una fonte online affidabile per acquistare legalmente pellet 4-HO-MET da 20 mg \u00e8 rckopen.com. Specializzato in una variet\u00e0 di prodotti chimici di ricerca, tra cui pellet 4-HO-MET da 20 mg, rckopen.com offre prezzi competitivi senza compromettere la qualit\u00e0.<\/p>\n<h3>Jak si m\u016f\u017eete objednat 4-HO-MET pelety 20 mg bez l\u00e9ka\u0159sk\u00e9ho p\u0159edpisu?<\/h3>\n<p>Na rozd\u00edl od tradi\u010dn\u00edch l\u00e9k\u00e1ren si 4-HO-MET pelety 20 mg m\u016f\u017eete koupit bez l\u00e9ka\u0159sk\u00e9ho p\u0159edpisu od online prodejc\u016f, jako je rckopen.com. Jednodu\u0161e nav\u0161tivte jejich webov\u00e9 str\u00e1nky, vyberte po\u017eadovan\u00e9 mno\u017estv\u00ed 4-HO-MET pelet 20 mg a pokra\u010dujte k pokladn\u011b. D\u00edky diskr\u00e9tn\u00edmu balen\u00ed a rychl\u00e9mu odesl\u00e1n\u00ed si m\u016f\u017eete nechat svou objedn\u00e1vku bez probl\u00e9m\u016f doru\u010dit a\u017e dom\u016f.<\/p>\n<h3>V\u00fdhody v\u00fdb\u011bru rckopen.com pro pelety 4-HO-MET 20 mg<\/h3>\n<p>Dve\u0159e <a href=\"https:\/\/rckopen.com\/cs\/\">Rckopen.com<\/a> Kdy\u017e si vyberete 4-HO-MET pelety 20mg jako sv\u016fj obl\u00edben\u00fd obchod, m\u016f\u017eete si u\u017e\u00edt nep\u0159ebern\u00e9 mno\u017estv\u00ed v\u00fdhod. Od dostupn\u00fdch cen po u\u017eivatelsky p\u0159\u00edv\u011btiv\u00fd proces objedn\u00e1v\u00e1n\u00ed se rckopen.com sna\u017e\u00ed poskytnout z\u00e1kazn\u00edk\u016fm bezprobl\u00e9mov\u00e9 nakupov\u00e1n\u00ed. Nav\u00edc jejich oddanost zaji\u0161\u0165ov\u00e1n\u00ed kvality zaji\u0161\u0165uje, \u017ee poka\u017ed\u00e9 obdr\u017e\u00edte origin\u00e1ln\u00ed pelety 4-HO-MET 20 mg na prodej.<\/p>\n<h3>4-FMA pelety 100 mg k prodeji na RCKopen<\/h3>\n<p>Chcete koupit pelety 4-HO-MET 20 mg na prodej? Nehledejte nic jin\u00e9ho ne\u017e RCKopen! N\u00e1\u0161 obchod nab\u00edz\u00ed konkuren\u010dn\u00ed ceny pro v\u0161echny na\u0161e v\u00fdzkumn\u00e9 chemik\u00e1lie, v\u010detn\u011b 4-HO-MET pelet 20 mg. D\u00edky na\u0161emu snadn\u00e9mu objedn\u00e1vkov\u00e9mu procesu a rychl\u00e9mu odesl\u00e1n\u00ed si m\u016f\u017eete 4-HO-MET pelety 20 mg objednat b\u011bhem okam\u017eiku. Nenechte si uj\u00edt tuto p\u0159\u00edle\u017eitost k n\u00e1kupu vysoce kvalitn\u00edch v\u00fdzkumn\u00fdch chemik\u00e1li\u00ed z d\u016fv\u011bryhodn\u00e9ho obchodu.<\/p>","protected":false},"excerpt":{"rendered":"<p><strong>N\u00e1zev IUPAC: <\/strong>3-(2-[izopropyl (methyl) amino]ethyl)-1H-indol-4-ol<\/p>\n<p><strong>Dal\u0161\u00ed n\u00e1zev: <\/strong>4-hydroxy-N-methyl-N-isopropyltryptamin<\/p>\n<p><strong>Forma: <\/strong>pelety<\/p>\n<p><strong>NMR anal\u00fdza: <\/strong>NEUPLAT\u0147UJE SE<\/p>","protected":false},"featured_media":6676,"comment_status":"open","ping_status":"closed","template":"","meta":{"_joinchat":[]},"product_brand":[],"product_cat":[144],"product_tag":[],"class_list":{"0":"post-6650","1":"product","2":"type-product","3":"status-publish","4":"has-post-thumbnail","6":"product_cat-pellets","8":"first","9":"instock","10":"shipping-taxable","11":"purchasable","12":"product-type-variable"},"yoast_head":"<!-- This site is optimized with the Yoast SEO plugin v26.3 - https:\/\/yoast.com\/wordpress\/plugins\/seo\/ -->\n<title>4-HO-MET-pellets 20MG kopen - 4-HO-MET-pellets 20MG te koop<\/title>\n<meta name=\"description\" content=\"Onze online Rc Kopen winkel heeft de beste kwaliteit 4-HO-MET-Pellets 20MG te koop. Wilt u 4-HO-MET-Pellets 20MG online kopen, dan kunnen wij u van alle kanten helpen. Bestel vandaag nog!\" \/>\n<meta name=\"robots\" content=\"index, follow, max-snippet:-1, max-image-preview:large, max-video-preview:-1\" \/>\n<link rel=\"canonical\" href=\"https:\/\/rckopen.com\/cs\/produkt\/4-ho-met-pellets-20mg\/\" \/>\n<meta property=\"og:locale\" content=\"cs_CZ\" \/>\n<meta property=\"og:type\" content=\"article\" \/>\n<meta property=\"og:title\" content=\"4-HO-MET-pellets 20MG kopen - 4-HO-MET-pellets 20MG te koop\" \/>\n<meta property=\"og:description\" content=\"Onze online Rc Kopen winkel heeft de beste kwaliteit 4-HO-MET-Pellets 20MG te koop. Wilt u 4-HO-MET-Pellets 20MG online kopen, dan kunnen wij u van alle kanten helpen. Bestel vandaag nog!\" \/>\n<meta property=\"og:url\" content=\"https:\/\/rckopen.com\/cs\/produkt\/4-ho-met-pellets-20mg\/\" \/>\n<meta property=\"og:site_name\" content=\"RC Kopen\" \/>\n<meta property=\"article:modified_time\" content=\"2025-09-16T09:03:52+00:00\" \/>\n<meta property=\"og:image\" content=\"https:\/\/rckopen.com\/wp-content\/uploads\/2023\/08\/4-HO-MET-pellets-20mg.jpg\" \/>\n\t<meta property=\"og:image:width\" content=\"600\" \/>\n\t<meta property=\"og:image:height\" content=\"600\" \/>\n\t<meta property=\"og:image:type\" content=\"image\/jpeg\" \/>\n<meta name=\"twitter:card\" content=\"summary_large_image\" \/>\n<meta name=\"twitter:label1\" content=\"Odhadovan\u00e1 doba \u010dten\u00ed\" \/>\n\t<meta name=\"twitter:data1\" content=\"3 minuty\" \/>\n<script type=\"application\/ld+json\" class=\"yoast-schema-graph\">{\"@context\":\"https:\/\/schema.org\",\"@graph\":[{\"@type\":\"WebPage\",\"@id\":\"https:\/\/rckopen.com\/product\/4-ho-met-pellets-20mg\/\",\"url\":\"https:\/\/rckopen.com\/product\/4-ho-met-pellets-20mg\/\",\"name\":\"4-HO-MET-pellets 20MG kopen - 4-HO-MET-pellets 20MG te koop\",\"isPartOf\":{\"@id\":\"https:\/\/rckopen.com\/#website\"},\"primaryImageOfPage\":{\"@id\":\"https:\/\/rckopen.com\/product\/4-ho-met-pellets-20mg\/#primaryimage\"},\"image\":{\"@id\":\"https:\/\/rckopen.com\/product\/4-ho-met-pellets-20mg\/#primaryimage\"},\"thumbnailUrl\":\"https:\/\/rckopen.com\/wp-content\/uploads\/2023\/08\/4-HO-MET-pellets-20mg.jpg\",\"datePublished\":\"2023-08-17T06:31:13+00:00\",\"dateModified\":\"2025-09-16T09:03:52+00:00\",\"description\":\"Onze online Rc Kopen winkel heeft de beste kwaliteit 4-HO-MET-Pellets 20MG te koop. Wilt u 4-HO-MET-Pellets 20MG online kopen, dan kunnen wij u van alle kanten helpen. Bestel vandaag nog!\",\"breadcrumb\":{\"@id\":\"https:\/\/rckopen.com\/product\/4-ho-met-pellets-20mg\/#breadcrumb\"},\"inLanguage\":\"cs\",\"potentialAction\":[{\"@type\":\"ReadAction\",\"target\":[\"https:\/\/rckopen.com\/product\/4-ho-met-pellets-20mg\/\"]}]},{\"@type\":\"ImageObject\",\"inLanguage\":\"cs\",\"@id\":\"https:\/\/rckopen.com\/product\/4-ho-met-pellets-20mg\/#primaryimage\",\"url\":\"https:\/\/rckopen.com\/wp-content\/uploads\/2023\/08\/4-HO-MET-pellets-20mg.jpg\",\"contentUrl\":\"https:\/\/rckopen.com\/wp-content\/uploads\/2023\/08\/4-HO-MET-pellets-20mg.jpg\",\"width\":600,\"height\":600,\"caption\":\"4-HO-MET-pellets-20mg online kopen\"},{\"@type\":\"BreadcrumbList\",\"@id\":\"https:\/\/rckopen.com\/product\/4-ho-met-pellets-20mg\/#breadcrumb\",\"itemListElement\":[{\"@type\":\"ListItem\",\"position\":1,\"name\":\"Home\",\"item\":\"https:\/\/rckopen.com\/\"},{\"@type\":\"ListItem\",\"position\":2,\"name\":\"Shop\",\"item\":\"https:\/\/rckopen.com\/shop\/\"},{\"@type\":\"ListItem\",\"position\":3,\"name\":\"4-HO-MET pellets 20mg online kopen\"}]},{\"@type\":\"WebSite\",\"@id\":\"https:\/\/rckopen.com\/#website\",\"url\":\"https:\/\/rckopen.com\/\",\"name\":\"RC Kopen\",\"description\":\"Research Chemicals\",\"potentialAction\":[{\"@type\":\"SearchAction\",\"target\":{\"@type\":\"EntryPoint\",\"urlTemplate\":\"https:\/\/rckopen.com\/?s={search_term_string}\"},\"query-input\":{\"@type\":\"PropertyValueSpecification\",\"valueRequired\":true,\"valueName\":\"search_term_string\"}}],\"inLanguage\":\"cs\"}]}<\/script>\n<!-- \/ Yoast SEO plugin. -->","yoast_head_json":{"title":"4-HO-MET-pellets 20MG kopen - 4-HO-MET-pellets 20MG te koop","description":"Onze online Rc Kopen winkel heeft de beste kwaliteit 4-HO-MET-Pellets 20MG te koop. Wilt u 4-HO-MET-Pellets 20MG online kopen, dan kunnen wij u van alle kanten helpen. Bestel vandaag nog!","robots":{"index":"index","follow":"follow","max-snippet":"max-snippet:-1","max-image-preview":"max-image-preview:large","max-video-preview":"max-video-preview:-1"},"canonical":"https:\/\/rckopen.com\/cs\/produkt\/4-ho-met-pellets-20mg\/","og_locale":"cs_CZ","og_type":"article","og_title":"4-HO-MET-pellets 20MG kopen - 4-HO-MET-pellets 20MG te koop","og_description":"Onze online Rc Kopen winkel heeft de beste kwaliteit 4-HO-MET-Pellets 20MG te koop. Wilt u 4-HO-MET-Pellets 20MG online kopen, dan kunnen wij u van alle kanten helpen. Bestel vandaag nog!","og_url":"https:\/\/rckopen.com\/cs\/produkt\/4-ho-met-pellets-20mg\/","og_site_name":"RC Kopen","article_modified_time":"2025-09-16T09:03:52+00:00","og_image":[{"width":600,"height":600,"url":"https:\/\/rckopen.com\/wp-content\/uploads\/2023\/08\/4-HO-MET-pellets-20mg.jpg","type":"image\/jpeg"}],"twitter_card":"summary_large_image","twitter_misc":{"Odhadovan\u00e1 doba \u010dten\u00ed":"3 minuty"},"schema":{"@context":"https:\/\/schema.org","@graph":[{"@type":"WebPage","@id":"https:\/\/rckopen.com\/product\/4-ho-met-pellets-20mg\/","url":"https:\/\/rckopen.com\/product\/4-ho-met-pellets-20mg\/","name":"4-HO-MET-pellets 20MG kopen - 4-HO-MET-pellets 20MG te koop","isPartOf":{"@id":"https:\/\/rckopen.com\/#website"},"primaryImageOfPage":{"@id":"https:\/\/rckopen.com\/product\/4-ho-met-pellets-20mg\/#primaryimage"},"image":{"@id":"https:\/\/rckopen.com\/product\/4-ho-met-pellets-20mg\/#primaryimage"},"thumbnailUrl":"https:\/\/rckopen.com\/wp-content\/uploads\/2023\/08\/4-HO-MET-pellets-20mg.jpg","datePublished":"2023-08-17T06:31:13+00:00","dateModified":"2025-09-16T09:03:52+00:00","description":"Onze online Rc Kopen winkel heeft de beste kwaliteit 4-HO-MET-Pellets 20MG te koop. Wilt u 4-HO-MET-Pellets 20MG online kopen, dan kunnen wij u van alle kanten helpen. Bestel vandaag nog!","breadcrumb":{"@id":"https:\/\/rckopen.com\/product\/4-ho-met-pellets-20mg\/#breadcrumb"},"inLanguage":"cs","potentialAction":[{"@type":"ReadAction","target":["https:\/\/rckopen.com\/product\/4-ho-met-pellets-20mg\/"]}]},{"@type":"ImageObject","inLanguage":"cs","@id":"https:\/\/rckopen.com\/product\/4-ho-met-pellets-20mg\/#primaryimage","url":"https:\/\/rckopen.com\/wp-content\/uploads\/2023\/08\/4-HO-MET-pellets-20mg.jpg","contentUrl":"https:\/\/rckopen.com\/wp-content\/uploads\/2023\/08\/4-HO-MET-pellets-20mg.jpg","width":600,"height":600,"caption":"4-HO-MET-pellets-20mg online kopen"},{"@type":"BreadcrumbList","@id":"https:\/\/rckopen.com\/product\/4-ho-met-pellets-20mg\/#breadcrumb","itemListElement":[{"@type":"ListItem","position":1,"name":"Home","item":"https:\/\/rckopen.com\/"},{"@type":"ListItem","position":2,"name":"Shop","item":"https:\/\/rckopen.com\/shop\/"},{"@type":"ListItem","position":3,"name":"4-HO-MET pellets 20mg online kopen"}]},{"@type":"WebSite","@id":"https:\/\/rckopen.com\/#website","url":"https:\/\/rckopen.com\/","name":"RC Kopen","description":"Research Chemicals","potentialAction":[{"@type":"SearchAction","target":{"@type":"EntryPoint","urlTemplate":"https:\/\/rckopen.com\/?s={search_term_string}"},"query-input":{"@type":"PropertyValueSpecification","valueRequired":true,"valueName":"search_term_string"}}],"inLanguage":"cs"}]}},"_links":{"self":[{"href":"https:\/\/rckopen.com\/cs\/wp-json\/wp\/v2\/product\/6650","targetHints":{"allow":["GET"]}}],"collection":[{"href":"https:\/\/rckopen.com\/cs\/wp-json\/wp\/v2\/product"}],"about":[{"href":"https:\/\/rckopen.com\/cs\/wp-json\/wp\/v2\/types\/product"}],"replies":[{"embeddable":true,"href":"https:\/\/rckopen.com\/cs\/wp-json\/wp\/v2\/comments?post=6650"}],"wp:featuredmedia":[{"embeddable":true,"href":"https:\/\/rckopen.com\/cs\/wp-json\/wp\/v2\/media\/6676"}],"wp:attachment":[{"href":"https:\/\/rckopen.com\/cs\/wp-json\/wp\/v2\/media?parent=6650"}],"wp:term":[{"taxonomy":"product_brand","embeddable":true,"href":"https:\/\/rckopen.com\/cs\/wp-json\/wp\/v2\/product_brand?post=6650"},{"taxonomy":"product_cat","embeddable":true,"href":"https:\/\/rckopen.com\/cs\/wp-json\/wp\/v2\/product_cat?post=6650"},{"taxonomy":"product_tag","embeddable":true,"href":"https:\/\/rckopen.com\/cs\/wp-json\/wp\/v2\/product_tag?post=6650"}],"curies":[{"name":"wp","href":"https:\/\/api.w.org\/{rel}","templated":true}]}}